{"id":45825,"date":"2023-01-26T21:16:34","date_gmt":"2023-01-26T20:16:34","guid":{"rendered":"https:\/\/micronordic.com\/product\/zebra-mc9300-mobile-handholdte-datamaskiner-renovert\/"},"modified":"2025-11-17T12:53:05","modified_gmt":"2025-11-17T11:53:05","slug":"zebra-mc9300-mobile-handheld-computer-refurbished","status":"publish","type":"product","link":"https:\/\/micronordic.com\/no\/product\/zebra-mc9300-mobile-handheld-computer-refurbished\/","title":{"rendered":"Zebra MC9300 Handheld Mobile Computer (EX-DEMO)"},"content":{"rendered":"<?xml encoding=\"utf-8\" ?><h2 data-start=\"195\" data-end=\"237\">Zebra MC9300 Handheld Mobile Computer<\/h2><p data-start=\"239\" data-end=\"661\">Zebra <strong data-start=\"243\" data-end=\"284\">MC9300 Handheld Mobile Computer <\/strong> er en av de kraftigste og mest rugged enhetene i Zebras h&aring;ndholdte portef&oslash;lje. Den er bygget for de t&oslash;ffeste industrielle milj&oslash;er, og leverer neste generasjons ytelse, ultrarobust holdbarhet og bransjeledende skanning. Som etterf&oslash;lgeren til den popul&aelig;re <a href=\"https:\/\/micronordic.com\/product\/zebra-mc9200-mobile-handheld-computer-refurbished\/\">MC9200<\/a> er MC9300 den <strong data-start=\"566\" data-end=\"595\">ultimate Android-h&aring;ndholdte<\/strong> enheten for lager, produksjonsanlegg og logistikkoperasjoner.  <\/p><p data-start=\"663\" data-end=\"924\">Hos Micro Nordic er Zebra MC9300 kun tilgjengelig <strong data-start=\"710\" data-end=\"735\">som EX-DEMO-enheter<\/strong>. Disse lett brukte enhetene gir bedrifter en mulighet til &aring; skaffe seg rugged mobilitet i bedriftsklasse til en mer kostnadseffektiv pris, uten &aring; g&aring; p&aring; kompromiss med p&aring;liteligheten. EX-DEMO-enheter leveres med <strong>12 m&aring;neders garanti.<\/strong>  <\/p><h2 data-start=\"926\" data-end=\"963\">Viktige funksjoner i Zebra MC9300<\/h2><ul data-start=\"965\" data-end=\"1939\">\n<li data-start=\"965\" data-end=\"1082\">\n<p data-start=\"967\" data-end=\"1082\"><strong data-start=\"967\" data-end=\"988\">Rugged holdbarhet<\/strong> &ndash; MIL-STD-810G-testet, IP65- og IP67-sertifisert, t&aring;ler fall, fall, st&oslash;v og vann.<\/p>\n<\/li>\n<li data-start=\"1083\" data-end=\"1185\">\n<p data-start=\"1085\" data-end=\"1185\"><strong data-start=\"1085\" data-end=\"1096\">Skjerm<\/strong> &ndash; 4,3&Prime; WVGA-ber&oslash;ringsskjerm med avansert utend&oslash;rs lesbarhet og st&oslash;tte for ber&oslash;ring med hansker\/v&aring;t ber&oslash;ring.<\/p>\n<\/li>\n<li data-start=\"1186\" data-end=\"1250\">\n<p data-start=\"1188\" data-end=\"1250\"><strong data-start=\"1188\" data-end=\"1201\">Prosessor<\/strong> &ndash; Qualcomm Snapdragon&trade; 660 octa-core, 2,2 GHz.<\/p>\n<\/li>\n<li data-start=\"1251\" data-end=\"1352\">\n<p data-start=\"1253\" data-end=\"1352\"><strong data-start=\"1253\" data-end=\"1273\">Operativsystem<\/strong> &ndash; Android 8.1 Oreo, kan oppgraderes med Zebras LifeGuard&trade; for Android-st&oslash;tte.<\/p>\n<\/li>\n<li data-start=\"1353\" data-end=\"1379\">\n<p data-start=\"1355\" data-end=\"1379\"><strong data-start=\"1355\" data-end=\"1365\">Minne<\/strong> &ndash; 4 GB RAM.<\/p>\n<\/li>\n<li data-start=\"1380\" data-end=\"1450\">\n<p data-start=\"1382\" data-end=\"1450\"><strong data-start=\"1382\" data-end=\"1393\">Lagring<\/strong> &ndash; 32 GB internt, kan utvides opp til 256 GB via microSD.<\/p>\n<\/li>\n<li data-start=\"1451\" data-end=\"1568\">\n<p data-start=\"1453\" data-end=\"1568\"><strong data-start=\"1453\" data-end=\"1465\">Skanning<\/strong> &ndash; SE965 1D-laser, SE4750 eller SE4850 avbildningsapparater med utvidet rekkevidde for 1D\/2D-strekkoder, selv p&aring; opptil 70 fots avstand.<\/p>\n<\/li>\n<li data-start=\"1569\" data-end=\"1653\">\n<p data-start=\"1571\" data-end=\"1653\"><strong data-start=\"1571\" data-end=\"1587\">Tilkoblingsmuligheter<\/strong> &ndash; Wi-Fi 802.11 a\/b\/g\/n\/ac, Bluetooth 5.0, NFC og GPS-st&oslash;tte.<\/p>\n<\/li>\n<li data-start=\"1654\" data-end=\"1755\">\n<p data-start=\"1656\" data-end=\"1755\"><strong data-start=\"1656\" data-end=\"1667\">Batteri<\/strong> &ndash; 7000 mAh PowerPrecision+-batteri med st&oslash;tte for hurtigutskifting for produktivitet i full skift.<\/p>\n<\/li>\n<li data-start=\"1756\" data-end=\"1856\">\n<p data-start=\"1758\" data-end=\"1856\"><strong data-start=\"1758\" data-end=\"1773\">Formfaktor<\/strong> &ndash; tastatur i pistolstil med flere tastaturkonfigurasjoner for fleksibilitet.<\/p>\n<\/li>\n<li data-start=\"1857\" data-end=\"1939\">\n<p data-start=\"1859\" data-end=\"1939\"><strong data-start=\"1859\" data-end=\"1875\">Tilgjengelighet<\/strong> &ndash; Kun tilgjengelig som <strong data-start=\"1903\" data-end=\"1920\">EX-DEMO-enheter<\/strong> hos Micro Nordic.<\/p>\n<\/li>\n<\/ul><h2 data-start=\"1941\" data-end=\"1978\">De viktigste fordelene med Zebra MC9300<\/h2><h3 data-start=\"1980\" data-end=\"2028\">Ultra rugged design for t&oslash;ffe milj&oslash;er<\/h3><p data-start=\"2029\" data-end=\"2233\">MC9300 er bygget for &aring; t&aring;le de t&oslash;ffeste industrielle brukstilfellene. Den t&aring;ler fall, ekstreme temperaturer, st&oslash;v og vann, noe som gj&oslash;r den til en av de mest p&aring;litelige h&aring;ndholdte enhetene som er tilgjengelige for krevende arbeidsflyter. <\/p><h3 data-start=\"2235\" data-end=\"2266\">Overlegen strekkodeskanning<\/h3><p data-start=\"2267\" data-end=\"2524\">Med valgfrie avbildningsapparater med utvidet rekkevidde kan MC9300 fange opp strekkoder b&aring;de p&aring; n&aelig;rt hold og p&aring; avstander p&aring; opptil 21 meter. Dette gj&oslash;r den ideell for lagre og distribusjonssentre der de ansatte m&aring; skanne fra gaffeltrucker, hyller eller paller. <\/p><h3 data-start=\"2526\" data-end=\"2559\">Android Enterprise-plattformen<\/h3><p data-start=\"2560\" data-end=\"2822\">MC9300 kj&oslash;rer Android med Zebras Mobility DNA-verkt&oslash;y, noe som sikrer problemfri drift, lang livssyklusst&oslash;tte og l&oslash;pende OS-sikkerhetsoppdateringer gjennom LifeGuard&trade; for Android. Den gir deg Android-komfort med tilpasning og sikkerhet p&aring; bedriftsniv&aring;. <\/p><h3 data-start=\"2824\" data-end=\"2856\">Optimalisert for produktivitet<\/h3><p data-start=\"2857\" data-end=\"3098\">Med en stor 4,3-tommers skjerm, tastaturer som kan tilpasses og et batteri med h&oslash;y kapasitet som kan skiftes ut under drift, er MC9300 designet for &aring; maksimere driftstiden og brukernes effektivitet. Medarbeiderne kan fullf&oslash;re lange skift uten driftsstans, selv i utfordrende milj&oslash;er. <\/p><h3 data-start=\"3100\" data-end=\"3141\">Kostnadseffektiv EX-DEMO-tilgjengelighet<\/h3><p data-start=\"3142\" data-end=\"3455\">Micro Nordic tilbyr MC9300 <strong data-start=\"3173\" data-end=\"3205\">utelukkende som EX-DEMO-enheter<\/strong>. Disse enhetene har v&aelig;rt lite brukt til demonstrasjoner, men har fortsatt full bedriftsfunksjonalitet. For bedrifter representerer dette en kostnadseffektiv m&aring;te &aring; ta i bruk en av Zebras mest avanserte, rugged h&aring;ndholdte enheter uten &aring; m&aring;tte betale merprisen for nye enheter.  <\/p><h2 data-start=\"3457\" data-end=\"3494\">Ideelle bruksomr&aring;der for Zebra MC9300<\/h2><ul data-start=\"3496\" data-end=\"3974\">\n<li data-start=\"3496\" data-end=\"3626\">\n<p data-start=\"3498\" data-end=\"3626\"><strong data-start=\"3498\" data-end=\"3530\">Lager og distribusjon<\/strong> &ndash; skanning med utvidet rekkevidde og rugged design for lagerstyring, plukking og mottak.<\/p>\n<\/li>\n<li data-start=\"3627\" data-end=\"3758\">\n<p data-start=\"3629\" data-end=\"3758\"><strong data-start=\"3629\" data-end=\"3646\">Produksjon<\/strong> &ndash; P&aring;litelig ytelse i krevende industrianlegg, inkludert kj&oslash;lelager og farlige milj&oslash;er.<\/p>\n<\/li>\n<li data-start=\"3759\" data-end=\"3872\">\n<p data-start=\"3761\" data-end=\"3872\"><strong data-start=\"3761\" data-end=\"3793\">Transport og logistikk<\/strong> &ndash; Datafangst i sanntid og rugged mobilitet for fl&aring;te- og fraktoperasjoner.<\/p>\n<\/li>\n<li data-start=\"3873\" data-end=\"3974\">\n<p data-start=\"3875\" data-end=\"3974\"><strong data-start=\"3875\" data-end=\"3905\">Butikkdrift<\/strong> &ndash; lagerh&aring;ndtering i stor skala og logistikk fra lager til butikk.<\/p>\n<\/li>\n<\/ul><h2 data-start=\"3976\" data-end=\"4027\">Produktsammenligninger: Alternativer til Zebra MC9300<\/h2><p data-start=\"4029\" data-end=\"4108\">For bedrifter som vurderer alternativer for rugged mobilitet, tilbyr Micro Nordic ogs&aring;<\/p><ul data-start=\"4110\" data-end=\"4537\">\n<li data-start=\"4110\" data-end=\"4237\">\n<p data-start=\"4112\" data-end=\"4237\"><a href=\"https:\/\/micronordic.com\/product\/zebra-mc9200-mobile-handheld-computer-refurbished\/\"><strong data-start=\"4112\" data-end=\"4142\">Zebra MC9200 Handheld Mobile Computer <\/strong><\/a> &ndash; Forgjengeren til MC9300, fortsatt popul&aelig;r i eldre Windows CE- og Android-overganger.<\/p>\n<\/li>\n<li data-start=\"4238\" data-end=\"4384\">\n<p data-start=\"4240\" data-end=\"4384\"><a href=\"https:\/\/micronordic.com\/product\/zebra-tc77-mobile-handheld-computer-refurbished\/\"><strong data-start=\"4240\" data-end=\"4296\">Zebra TC77 Handheld Mobile Computer <\/strong><\/a>&ndash; En mindre, rugged h&aring;ndholdt datamaskin med ber&oslash;ringssenter og b&aring;de Wi-Fi- og mobilfunksjoner.<\/p>\n<\/li>\n<li data-start=\"4385\" data-end=\"4537\">\n<p data-start=\"4387\" data-end=\"4537\"><a href=\"https:\/\/micronordic.com\/product\/honeywell-ct40xp-mobile-handheld-computer-refurbished\/\"><strong data-start=\"4387\" data-end=\"4430\">Honeywell CT40 Handheld Mobile Computer <\/strong> <\/a>&ndash; Et lettvektsalternativ med holdbarhet i bedriftsklassen for detaljhandel, helsevesen og logistikk.<\/p>\n<\/li>\n<\/ul>\n","protected":false},"excerpt":{"rendered":"<p>VELG EN VARIANT NEDENFOR! Ring oss hvis du trenger hjelp med \u00e5 finne riktig produktvariant. <\/p>\n<h3>Spesifikasjoner:<\/h3>\n<ul>\n<li><strong>Skjerm:<\/strong> 4,3\u2033 WVGA (800\u00d7480), lesbar utend\u00f8rs, fungerer med hansker og v\u00e5t ber\u00f8ring<\/li>\n<li><strong>Prosessor:<\/strong> Qualcomm Snapdragon\u2122 660 octa-core, 2,2 GHz<\/li>\n<li><strong>Grafikk:<\/strong> Integrert Adreno\u2122 512 GPU<\/li>\n<li><strong>Minne<\/strong> 4 GB RAM<\/li>\n<li><strong>Lagringsplass:<\/strong> 32 GB intern lagringsplass, kan utvides med microSD-kort p\u00e5 opptil 256 GB<\/li>\n<li><strong>Tilkoblingsmuligheter:<\/strong> Wi-Fi 802.11 a\/b\/g\/n\/ac, Bluetooth 5.0, NFC, GPS<\/li>\n<li><strong>Rugged sertifiseringer:<\/strong> MIL-STD-810G, IP65\/IP67, falltestet<\/li>\n<li><strong>Skanning:<\/strong> SE965 1D-laser, SE4750\/SE4850 1D\/2D-bilder med utvidet rekkevidde<\/li>\n<li><strong>Batteri:<\/strong> 7000 mAh Li-Ion, kan skiftes ut under drift<\/li>\n<li><strong>M\u00e5l og vekt:<\/strong> 231 \u00d7 88 \u00d7 189 mm, ca. 765 g <\/li>\n<li><strong>Garanti:<\/strong> Kun tilgjengelig som EX-DEMO-enheter med 12 m\u00e5neders garanti<\/li>\n<\/ul>\n<p><strong>Vennligst velg riktig modell nedenfor f\u00f8r du legger den i handlekurven<\/strong><\/p>\n","protected":false},"author":24,"featured_media":100492,"template":"","meta":{"_acf_changed":false,"inline_featured_image":false},"product-condition":[5278],"product_brand":[9006],"product_cat":[5187,5193,5194],"product_tag":[],"class_list":{"0":"post-45825","1":"product","2":"type-product","3":"status-publish","4":"has-post-thumbnail","6":"product-condition-ex-demo","7":"product_brand-zebra","8":"product_cat-all-barcode-scanners","9":"product_cat-refurbished-rugged-hardware","10":"product_cat-zebra","11":"pa_model-part-number-mc930p-gshcg4rw","12":"pa_model-part-number-mc930p-gsjbg4rw","13":"pa_model-part-number-mc930p-gsjcg4rw","14":"pa_model-part-number-mc930p-gsjdg4rw","15":"pa_model-part-number-mc930p-gsjeg4rw","16":"pa_model-part-number-mc930p-gsjgg4rw","17":"pa_model-part-number-mc930p-gsjhg4rw","19":"first","20":"instock","21":"taxable","22":"shipping-taxable","23":"purchasable","24":"product-type-variable","25":"has-default-attributes"},"acf":[],"_links":{"self":[{"href":"https:\/\/micronordic.com\/no\/wp-json\/wp\/v2\/product\/45825","targetHints":{"allow":["GET"]}}],"collection":[{"href":"https:\/\/micronordic.com\/no\/wp-json\/wp\/v2\/product"}],"about":[{"href":"https:\/\/micronordic.com\/no\/wp-json\/wp\/v2\/types\/product"}],"author":[{"embeddable":true,"href":"https:\/\/micronordic.com\/no\/wp-json\/wp\/v2\/users\/24"}],"version-history":[{"count":2,"href":"https:\/\/micronordic.com\/no\/wp-json\/wp\/v2\/product\/45825\/revisions"}],"predecessor-version":[{"id":98133,"href":"https:\/\/micronordic.com\/no\/wp-json\/wp\/v2\/product\/45825\/revisions\/98133"}],"wp:featuredmedia":[{"embeddable":true,"href":"https:\/\/micronordic.com\/no\/wp-json\/wp\/v2\/media\/100492"}],"wp:attachment":[{"href":"https:\/\/micronordic.com\/no\/wp-json\/wp\/v2\/media?parent=45825"}],"wp:term":[{"taxonomy":"product-condition","embeddable":true,"href":"https:\/\/micronordic.com\/no\/wp-json\/wp\/v2\/product-condition?post=45825"},{"taxonomy":"product_brand","embeddable":true,"href":"https:\/\/micronordic.com\/no\/wp-json\/wp\/v2\/product_brand?post=45825"},{"taxonomy":"product_cat","embeddable":true,"href":"https:\/\/micronordic.com\/no\/wp-json\/wp\/v2\/product_cat?post=45825"},{"taxonomy":"product_tag","embeddable":true,"href":"https:\/\/micronordic.com\/no\/wp-json\/wp\/v2\/product_tag?post=45825"}],"curies":[{"name":"wp","href":"https:\/\/api.w.org\/{rel}","templated":true}]}}