{"id":45809,"date":"2022-07-22T14:53:22","date_gmt":"2022-07-22T12:53:22","guid":{"rendered":"https:\/\/micronordic.com\/product\/honeywell-dolphin-ct40-mobil-handholdt-datamaskin-renovert\/"},"modified":"2025-11-17T17:44:34","modified_gmt":"2025-11-17T16:44:34","slug":"honeywell-dolphin-ct40-mobile-handheld-computer","status":"publish","type":"product","link":"https:\/\/micronordic.com\/no\/product\/honeywell-dolphin-ct40-mobile-handheld-computer\/","title":{"rendered":"Honeywell Dolphin CT40 Handheld Mobile Computer (EX-DEMO)"},"content":{"rendered":"<?xml encoding=\"utf-8\" ?><h2 data-start=\"299\" data-end=\"361\">Honeywell Dolphin CT40 Handheld Mobile Computer (EX-DEMO)<\/h2><p data-start=\"363\" data-end=\"680\"><strong data-start=\"367\" data-end=\"418\">Honeywell Dolphin CT40 Handheld Mobile Computer<\/strong> er utviklet for &aring; effektivisere arbeidsflyten i butikk, transport og feltarbeid med kraften til en Android-enhet i bedriftsklasse. Den er kompakt, lett og rugged nok til daglig bruk, og leverer den perfekte blandingen av forbrukervennlig ergonomi og profesjonell holdbarhet. <\/p><p data-start=\"682\" data-end=\"752\">Hos <strong data-start=\"685\" data-end=\"701\">Micro Nordic<\/strong> er Honeywell CT40 tilgjengelig i to alternativer:<\/p><ul data-start=\"753\" data-end=\"1078\">\n<li data-start=\"753\" data-end=\"839\">\n<p data-start=\"755\" data-end=\"839\"><strong data-start=\"755\" data-end=\"772\">NY I ESKE<\/strong> Fabrikkforseglede, uber&oslash;rte enheter med 2 &aring;rs full produsentgaranti.<\/p>\n<\/li>\n<li data-start=\"840\" data-end=\"1078\">\n<p data-start=\"842\" data-end=\"1078\"><strong data-start=\"842\" data-end=\"854\">EX-DEMO:<\/strong> Lett brukte demonstrasjonsenheter som er pusset opp med nye kabinetter og digitaliseringsenheter. Disse leveres til en rabattert pris, inkluderer alt standardtilbeh&oslash;r (med mindre annet er spesifisert) og har 12 m&aring;neders garanti. <\/p>\n<\/li>\n<\/ul><p data-start=\"1080\" data-end=\"1243\">Dette gir bedrifter friheten til &aring; velge mellom <strong data-start=\"1132\" data-end=\"1151\">splitter nye lagervarer<\/strong> eller et <strong data-start=\"1157\" data-end=\"1196\">budsjettvennlig EX-DEMO-alternativ<\/strong> som fortsatt oppfyller bedriftens standarder.<\/p><h2 data-start=\"1245\" data-end=\"1284\">De viktigste funksjonene til Honeywell CT40<\/h2><ul data-start=\"1286\" data-end=\"2127\">\n<li data-start=\"1286\" data-end=\"1401\">\n<p data-start=\"1288\" data-end=\"1401\"><strong data-start=\"1288\" data-end=\"1317\">Slank og ergonomisk design<\/strong> &ndash; lett &aring; ta med seg, utviklet for frontlinjepersonell i detaljhandel, logistikk og hotell- og restaurantbransjen.<\/p>\n<\/li>\n<li data-start=\"1402\" data-end=\"1481\">\n<p data-start=\"1404\" data-end=\"1481\"><strong data-start=\"1404\" data-end=\"1418\">Holdbarhet<\/strong> &ndash; IP64-forsegling med fallmotstand p&aring; 1,2 m (1,5 m med st&oslash;vel).<\/p>\n<\/li>\n<li data-start=\"1482\" data-end=\"1566\">\n<p data-start=\"1484\" data-end=\"1566\"><strong data-start=\"1484\" data-end=\"1495\">Skjerm<\/strong> &ndash; 5-tommers HD-ber&oslash;ringsskjerm, lesbar utend&oslash;rs og kan brukes med hansker.<\/p>\n<\/li>\n<li data-start=\"1567\" data-end=\"1662\">\n<p data-start=\"1569\" data-end=\"1662\"><strong data-start=\"1569\" data-end=\"1584\">Ytelse<\/strong> &ndash; Qualcomm Snapdragon&trade; 660 octa-core prosessor s&oslash;rger for smidig apph&aring;ndtering.<\/p>\n<\/li>\n<li data-start=\"1663\" data-end=\"1762\">\n<p data-start=\"1665\" data-end=\"1762\"><strong data-start=\"1665\" data-end=\"1685\">Operativsystem<\/strong> &ndash; Android&trade; med st&oslash;tte for Honeywell Mobility Edge&trade; livssyklusstyring.<\/p>\n<\/li>\n<li data-start=\"1763\" data-end=\"1852\">\n<p data-start=\"1765\" data-end=\"1852\"><strong data-start=\"1765\" data-end=\"1781\">Datafangst<\/strong> &ndash; 2D-bildebehandling med h&oslash;y ytelse for rask og n&oslash;yaktig strekkodeskanning.<\/p>\n<\/li>\n<li data-start=\"1853\" data-end=\"1936\">\n<p data-start=\"1855\" data-end=\"1936\"><strong data-start=\"1855\" data-end=\"1871\">Tilkoblingsmuligheter<\/strong> &ndash; Wi-Fi, Bluetooth 5.0, NFC og 4G LTE (tilleggsutstyr) for mobilitet.<\/p>\n<\/li>\n<li data-start=\"1937\" data-end=\"2016\">\n<p data-start=\"1939\" data-end=\"2016\"><strong data-start=\"1939\" data-end=\"1950\">Batteri<\/strong> &ndash; <strong data-start=\"1939\" data-end=\"1950\">Batteriet<\/strong> har lang levetid og kan byttes ved behov for &aring; minimere nedetid.<\/p>\n<\/li>\n<li data-start=\"2017\" data-end=\"2127\">\n<p data-start=\"2019\" data-end=\"2127\"><strong data-start=\"2019\" data-end=\"2047\">Sikkerhet og administrasjon<\/strong> &ndash; Innebygd bedriftssikkerhet med regelmessig st&oslash;tte for oppdateringer via Mobility Edge&trade;.<\/p>\n<\/li>\n<\/ul><h2 data-start=\"2129\" data-end=\"2168\">De viktigste fordelene med Honeywell CT40<\/h2><h3 data-start=\"2170\" data-end=\"2200\">Rugged mobilitet i hverdagen<\/h3><p data-start=\"2201\" data-end=\"2383\">CT40 er slank og lett, noe som gj&oslash;r den komfortabel for lange skift, samtidig som den er robust i bedriftsklassen og t&aring;ler fall, st&oslash;t og eksponering for st&oslash;v og vann.<\/p><h3 data-start=\"2385\" data-end=\"2421\">Bygget for detaljhandel og logistikk<\/h3><p data-start=\"2422\" data-end=\"2573\">CT40 er utviklet for lagerstyring, mobil POS og sanntidskommunikasjon, og bidrar til &aring; redusere feil og &oslash;ke produktiviteten i alle bransjer.<\/p><h3 data-start=\"2575\" data-end=\"2598\">Rask datafangst<\/h3><p data-start=\"2599\" data-end=\"2765\">Med sin integrerte 2D-bildebehandler skanner CT40 strekkoder raskt, selv n&aring;r de er skadet eller d&aring;rlig trykt &ndash; noe som er avgj&oslash;rende for arbeidsflyter med store volumer i detaljhandelen og p&aring; lageret.<\/p><h3 data-start=\"2767\" data-end=\"2799\">Langsiktig plattformst&oslash;tte<\/h3><p data-start=\"2800\" data-end=\"2981\">Honeywell Mobility Edge&trade; gir utvidet Android-livssyklusst&oslash;tte og regelmessige sikkerhetsoppdateringer, noe som holder enheten sikker og relevant lenger enn vanlige smarttelefoner.<\/p><h3 data-start=\"2983\" data-end=\"3009\">EX-DEMO Value Option<\/h3><p data-start=\"3010\" data-end=\"3220\">Virksomheter kan redusere kostnadene betydelig med EX-DEMO-versjoner av CT40. Disse enhetene er renovert til nesten ny stand og tilbyr samme kjerneytelse som nye modeller, men til en br&oslash;kdel av prisen. <\/p><h2 data-start=\"3222\" data-end=\"3242\">Ideelle bruksomr&aring;der<\/h2><ul data-start=\"3244\" data-end=\"3619\">\n<li data-start=\"3244\" data-end=\"3343\">\n<p data-start=\"3246\" data-end=\"3343\"><strong data-start=\"3246\" data-end=\"3270\">Detaljhandel og servering<\/strong> &ndash; lagerstyring, mobile utsalgssteder og butikkdrift.<\/p>\n<\/li>\n<li data-start=\"3344\" data-end=\"3438\">\n<p data-start=\"3346\" data-end=\"3438\"><strong data-start=\"3346\" data-end=\"3371\">Transport og logistikk<\/strong> &ndash; pakkesporing, fl&aring;temobilitet og datautveksling i sanntid.<\/p>\n<\/li>\n<li data-start=\"3439\" data-end=\"3519\">\n<p data-start=\"3441\" data-end=\"3519\"><strong data-start=\"3441\" data-end=\"3458\">Feltservice<\/strong> &ndash; Slitesterk og b&aelig;rbar enhet for teknikere p&aring; farten.<\/p>\n<\/li>\n<li data-start=\"3520\" data-end=\"3619\">\n<p data-start=\"3522\" data-end=\"3619\"><strong data-start=\"3522\" data-end=\"3536\">Helsesektoren<\/strong> &ndash; Kompatibel med tilbeh&oslash;r for bruk i pasientbehandling og sykehusmilj&oslash;er.<\/p>\n<\/li>\n<\/ul><h2 data-start=\"3621\" data-end=\"3674\">Produktsammenligninger: Honeywell CT40 Alternativer<\/h2><p data-start=\"3676\" data-end=\"3758\">For organisasjoner som vurderer andre h&aring;ndholdte l&oslash;sninger, tilbyr Micro Nordic ogs&aring;<\/p><ul data-start=\"3760\" data-end=\"4140\">\n<li data-start=\"3760\" data-end=\"3888\">\n<p data-start=\"3762\" data-end=\"3888\"><a href=\"https:\/\/micronordic.com\/product\/honeywell-ct40xp-mobile-handheld-computer-refurbished\/\"><strong data-start=\"3762\" data-end=\"3808\">Honeywell CT40 XP Handheld Mobile Computer<\/strong><\/a> &ndash; En mer avansert etterf&oslash;lger med forbedret robusthet og FlexRange&trade;-skanning.<\/p>\n<\/li>\n<li data-start=\"3889\" data-end=\"4026\">\n<p data-start=\"3891\" data-end=\"4026\"><a href=\"https:\/\/micronordic.com\/product\/zebra-tc52-mobile-handheld-computer-refurbished\/\"><strong data-start=\"3891\" data-end=\"3940\">Zebra TC52 Handheld Mobile Computer <\/strong> <\/a>&ndash; En velpr&oslash;vd Android-enhet som er tilgjengelig i renovert utgave for kostnadseffektiv, rugged mobilitet.<\/p>\n<\/li>\n<li data-start=\"4027\" data-end=\"4140\">\n<p data-start=\"4029\" data-end=\"4140\"><a href=\"https:\/\/micronordic.com\/product\/zebra-tc58-handheld-mobile-computer\/\"><strong data-start=\"4029\" data-end=\"4066\">Zebra TC58 Handheld Mobile Computer<\/strong> <\/a>&ndash; En moderne, 5G-klar, rugged h&aring;ndholdt datamaskin med avanserte bedriftsfunksjoner.<\/p>\n<\/li>\n<\/ul><div class=\"description-part-numbers\"><br>Model Part numbers<br>CT40-L0N-27C21AE | CT40-L0N-28C11AE | CT40-L1N-28C11BE | CT40-L0N-2SC210E | CT40-L1N-1NC210E | CT40-L1N-2SC210E | CT40-L1N-27C21BE | CT40-L0N-27C11AE | CT40-L0N-27C11DE | CT40-L1N-27C11BE<\/div>\n","protected":false},"excerpt":{"rendered":"<p>VELG EN VARIANT NEDENFOR! Ring oss hvis du trenger hjelp med \u00e5 finne riktig produktvariant. <\/p>\n<h3>Spesifikasjoner:<\/h3>\n<ul>\n<li><strong>Skjerm:<\/strong> 5\u2033 HD (1280\u00d7720), ber\u00f8ringsskjerm som kan leses utend\u00f8rs<\/li>\n<li><strong>Prosessor:<\/strong> Qualcomm Snapdragon\u2122 660 octa-core, 2,2 GHz<\/li>\n<li><strong>Grafikk:<\/strong> Integrert Adreno\u2122 GPU<\/li>\n<li><strong>Minne:<\/strong> 2 GB eller 4 GB RAM<\/li>\n<li><strong>Lagringsplass:<\/strong> 16 GB, 32 GB eller 64 GB flash, kan utvides via microSD<\/li>\n<li><strong>Tilkoblingsmuligheter:<\/strong> Wi-Fi, Bluetooth 5.0, NFC, 4G LTE (tilleggsutstyr)<\/li>\n<li><strong>Rugged sertifiseringer:<\/strong> IP64, fallmotstand p\u00e5 1,2 m (1,5 m med st\u00f8vel)<\/li>\n<li><strong>Sikkerhet:<\/strong> Honeywell Mobility Edge\u2122 med utvidet livssyklusst\u00f8tte<\/li>\n<li><strong>Batteri:<\/strong> Avtakbart litium-ion-batteri, kan skiftes ved behov<\/li>\n<li><strong>M\u00e5l og vekt:<\/strong> 162 \u00d7 77 \u00d7 18 mm, ca. 278 g <\/li>\n<li><strong>Garanti:<\/strong> Ny i eske med 2 \u00e5rs full garanti, EX-DEMO med 12 m\u00e5neders begrenset garanti.<\/li>\n<\/ul>\n<p><strong>Vennligst velg riktig modell nedenfor f\u00f8r du legger den i handlekurven<\/strong><\/p>\n","protected":false},"author":24,"featured_media":100507,"template":"","meta":{"_acf_changed":false,"inline_featured_image":false},"product-condition":[5278],"product_brand":[8975],"product_cat":[5190,5187,5193],"product_tag":[],"class_list":{"0":"post-45809","1":"product","2":"type-product","3":"status-publish","4":"has-post-thumbnail","6":"product-condition-ex-demo","7":"product_brand-honeywell-intermec","8":"product_cat-honeywell-intermec","9":"product_cat-all-barcode-scanners","10":"product_cat-refurbished-rugged-hardware","12":"first","13":"instock","14":"taxable","15":"shipping-taxable","16":"purchasable","17":"product-type-variable"},"acf":[],"_links":{"self":[{"href":"https:\/\/micronordic.com\/no\/wp-json\/wp\/v2\/product\/45809","targetHints":{"allow":["GET"]}}],"collection":[{"href":"https:\/\/micronordic.com\/no\/wp-json\/wp\/v2\/product"}],"about":[{"href":"https:\/\/micronordic.com\/no\/wp-json\/wp\/v2\/types\/product"}],"author":[{"embeddable":true,"href":"https:\/\/micronordic.com\/no\/wp-json\/wp\/v2\/users\/24"}],"version-history":[{"count":2,"href":"https:\/\/micronordic.com\/no\/wp-json\/wp\/v2\/product\/45809\/revisions"}],"predecessor-version":[{"id":98233,"href":"https:\/\/micronordic.com\/no\/wp-json\/wp\/v2\/product\/45809\/revisions\/98233"}],"wp:featuredmedia":[{"embeddable":true,"href":"https:\/\/micronordic.com\/no\/wp-json\/wp\/v2\/media\/100507"}],"wp:attachment":[{"href":"https:\/\/micronordic.com\/no\/wp-json\/wp\/v2\/media?parent=45809"}],"wp:term":[{"taxonomy":"product-condition","embeddable":true,"href":"https:\/\/micronordic.com\/no\/wp-json\/wp\/v2\/product-condition?post=45809"},{"taxonomy":"product_brand","embeddable":true,"href":"https:\/\/micronordic.com\/no\/wp-json\/wp\/v2\/product_brand?post=45809"},{"taxonomy":"product_cat","embeddable":true,"href":"https:\/\/micronordic.com\/no\/wp-json\/wp\/v2\/product_cat?post=45809"},{"taxonomy":"product_tag","embeddable":true,"href":"https:\/\/micronordic.com\/no\/wp-json\/wp\/v2\/product_tag?post=45809"}],"curies":[{"name":"wp","href":"https:\/\/api.w.org\/{rel}","templated":true}]}}