{"id":45759,"date":"2018-04-26T13:46:56","date_gmt":"2018-04-26T11:46:56","guid":{"rendered":"https:\/\/micronordic.com\/product\/zebra-mc9200-mobil-handholdt-datamaskin-renovert\/"},"modified":"2025-11-20T12:59:01","modified_gmt":"2025-11-20T11:59:01","slug":"zebra-mc9200-mobile-handheld-computer-refurbished","status":"publish","type":"product","link":"https:\/\/micronordic.com\/no\/product\/zebra-mc9200-mobile-handheld-computer-refurbished\/","title":{"rendered":"Zebra MC9200 Handheld Mobile Computer (EX-DEMO)"},"content":{"rendered":"<?xml encoding=\"utf-8\" ?><h2 data-start=\"293\" data-end=\"355\">Zebra MC9200 Handheld Mobile Computer (EX-DEMO)<\/h2><p data-start=\"357\" data-end=\"917\"><strong data-start=\"361\" data-end=\"402\">Zebra MC9200 Handheld Mobile Computer<\/strong> er en velpr&oslash;vd industristandard for rugged datafangst, og tilbyr en perfekt balanse mellom ytelse, holdbarhet og fleksibilitet. MC9200 bygger p&aring; Zebras anerkjente MC9000-serie og leverer rask prosessorkraft, omfattende tilkoblingsmuligheter og flere skannemotorkonfigurasjoner &ndash; noe som sikrer eksepsjonell ytelse i de mest krevende milj&oslash;er. <\/p><p data-start=\"357\" data-end=\"917\">Tilgjengelig fra <strong data-start=\"779\" data-end=\"795\">Micro Nordic<\/strong> som  <strong data-start=\"804\" data-end=\"815\">EX-DEMO. EX-DEMO-enheter har 12 m&aring;neders garanti. <\/strong><\/p><h2 data-start=\"919\" data-end=\"981\">Viktige funksjoner i Zebra MC9200 Handheld Mobile Computer<\/h2><ul data-start=\"982\" data-end=\"1867\">\n<li data-start=\"982\" data-end=\"1114\">\n<p data-start=\"984\" data-end=\"1114\"><strong data-start=\"984\" data-end=\"1014\">Ergonomisk design i pistolstil<\/strong> &ndash; integrert pistolgrep og avtrekker for komfortabel og rask skanning i milj&oslash;er med h&oslash;yt volum.<\/p>\n<\/li>\n<li data-start=\"1115\" data-end=\"1232\">\n<p data-start=\"1117\" data-end=\"1232\"><strong data-start=\"1117\" data-end=\"1149\">Ytelse i bedriftsklassen<\/strong> &ndash; utviklet for kontinuerlig drift i lager, produksjon og logistikk.<\/p>\n<\/li>\n<li data-start=\"1233\" data-end=\"1335\">\n<p data-start=\"1235\" data-end=\"1335\"><strong data-start=\"1235\" data-end=\"1272\">Flere operativsystemalternativer<\/strong> &ndash; Android&trade; og Windows Embedded Handheld-versjoner er tilgjengelige.<\/p>\n<\/li>\n<li data-start=\"1336\" data-end=\"1457\">\n<p data-start=\"1338\" data-end=\"1457\"><strong data-start=\"1338\" data-end=\"1367\">Avansert strekkodeskanning<\/strong> &ndash; Velg mellom skannemotorer med lang rekkevidde, standard rekkevidde eller DPM for optimal fleksibilitet.<\/p>\n<\/li>\n<li data-start=\"1458\" data-end=\"1564\">\n<p data-start=\"1460\" data-end=\"1564\"><strong data-start=\"1460\" data-end=\"1477\">Rugged design<\/strong> &ndash; T&aring;ler fall p&aring; 2,4 m (8 fot) og er forseglet i henhold til IP64 for beskyttelse mot st&oslash;v og fuktighet.<\/p>\n<\/li>\n<li data-start=\"1565\" data-end=\"1647\">\n<p data-start=\"1567\" data-end=\"1647\"><strong data-start=\"1567\" data-end=\"1591\">Batterilevetid hele dagen<\/strong> &ndash; Str&oslash;mforsyningssystem som kan byttes ved behov holder produktiviteten oppe.<\/p>\n<\/li>\n<li data-start=\"1778\" data-end=\"1867\">\n<p data-start=\"1780\" data-end=\"1867\"><strong data-start=\"1780\" data-end=\"1806\">Bakoverkompatibilitet<\/strong> &ndash; st&oslash;tter eksisterende tilbeh&oslash;r og holdere i MC9000-serien.<\/p>\n<\/li>\n<\/ul><h2 data-start=\"1869\" data-end=\"1886\">Viktige fordeler<\/h2><h3 data-start=\"1888\" data-end=\"1936\">Bevist p&aring;litelighet for krevende arbeidsflyter<\/h3><p data-start=\"1937\" data-end=\"2181\">MC9200 bygger videre p&aring; Zebras MC9000-arv med forbedret hastighet, robusthet og ergonomisk design. Den <strong data-start=\"2041\" data-end=\"2066\">pistollignende formfaktoren<\/strong> med en dedikert avtrekker muliggj&oslash;r rask og uanstrengt skanning &ndash; ideelt for arbeidere som h&aring;ndterer tusenvis av gjenstander hver dag. <\/p><h3 data-start=\"2183\" data-end=\"2228\">Fleksible OS- og skannekonfigurasjoner<\/h3><p data-start=\"2229\" data-end=\"2482\">MC9200 er tilgjengelig med Android&trade; eller Windows Embedded Handheld, og kan tilpasses b&aring;de eldre og moderne bedriftssystemer. Utskiftbare skannemotorer st&oslash;tter langdistanse- og DPM-lesing, slik at brukerne kan fange opp praktisk talt alle strekkodetyper fra n&aelig;r eller fjern. <\/p><h3 data-start=\"2484\" data-end=\"2547\">Forlenget produktlevetid med EX-DEMO:<\/h3><p data-start=\"2548\" data-end=\"2609\">Hos <strong data-start=\"2551\" data-end=\"2567\">Micro Nordic<\/strong> kan MC9200 kj&oslash;pes som:<\/p><ul data-start=\"2610\" data-end=\"2869\">\n<li data-start=\"2610\" data-end=\"2756\">\n<p data-start=\"2612\" data-end=\"2756\"><strong data-start=\"2612\" data-end=\"2623\">EX-DEMO<\/strong> &ndash; Fullstendig renovert, testet og rengjort av teknikere. Utskiftede hus og skjermer sikrer utmerket tilstand til en lavere pris. <\/p>\n<\/li>\n<\/ul><h3 data-start=\"2871\" data-end=\"2905\">Bygget for t&oslash;ffe milj&oslash;er<\/h3><p data-start=\"2906\" data-end=\"3085\">Med IP64-forsegling og dokumentert fallmotstand p&aring; 2,5 meter, fungerer MC9200 p&aring;litelig i kj&oslash;lelagre, st&oslash;vete lagerlokaler og utend&oslash;rs logistikkmilj&oslash;er der holdbarhet er avgj&oslash;rende.<\/p><h3 data-start=\"3087\" data-end=\"3129\">Optimalisert for bedriftsintegrasjon<\/h3><p data-start=\"3130\" data-end=\"3285\">Zebras Mobility DNA-verkt&oslash;y forenkler oppsett, distribusjon og sikkerhetsstyring, og sikrer s&oslash;ml&oslash;s integrering med ERP-, WMS- og lagerstyringssystemer.<\/p><h2 data-start=\"3287\" data-end=\"3307\">Ideelle bruksomr&aring;der<\/h2><ul data-start=\"3308\" data-end=\"3810\">\n<li data-start=\"3308\" data-end=\"3416\">\n<p data-start=\"3310\" data-end=\"3416\"><strong data-start=\"3310\" data-end=\"3340\">Lager og distribusjon<\/strong> &ndash; H&oslash;yhastighetsskanning og rugged p&aring;litelighet for sporing av paller og beholdere.<\/p>\n<\/li>\n<li data-start=\"3417\" data-end=\"3517\">\n<p data-start=\"3419\" data-end=\"3517\"><strong data-start=\"3419\" data-end=\"3436\">Produksjon<\/strong> &ndash; Perfekt for samleb&aring;nd og kvalitetssikring i industrielle milj&oslash;er.<\/p>\n<\/li>\n<li data-start=\"3518\" data-end=\"3624\">\n<p data-start=\"3520\" data-end=\"3624\"><strong data-start=\"3520\" data-end=\"3550\">Detaljhandel<\/strong> og lagerstyring &ndash; Str&oslash;mlinjeformet lagersjekk og ordreh&aring;ndtering i store butikklokaler.<\/p>\n<\/li>\n<li data-start=\"3625\" data-end=\"3716\">\n<p data-start=\"3627\" data-end=\"3716\"><strong data-start=\"3627\" data-end=\"3646\">Feltlogistikk<\/strong> &ndash; P&aring;litelig tilkobling og ytelse for mobil datainnsamling.<\/p>\n<\/li>\n<li data-start=\"3717\" data-end=\"3810\">\n<p data-start=\"3719\" data-end=\"3810\"><strong data-start=\"3719\" data-end=\"3743\">Myndigheter og forsvar<\/strong> &ndash; Bevist robusthet og sikkerhet for oppdragskritiske operasjoner.<\/p>\n<\/li>\n<\/ul><h2 data-start=\"3812\" data-end=\"3836\">Produktsammenligninger<\/h2><p data-start=\"3837\" data-end=\"3976\">Zebra <strong data-start=\"3841\" data-end=\"3857\">MC9200<\/strong> videref&oslash;rer Zebras arv av rugged h&aring;ndholdte produkter. Andre relevante modeller som er tilgjengelige hos <strong data-start=\"3949\" data-end=\"3965\">Micro Nordic<\/strong> inkluderer: <\/p><ul data-start=\"3977\" data-end=\"4375\">\n<li data-start=\"3977\" data-end=\"4122\">\n<p data-start=\"3979\" data-end=\"4122\"><a href=\"https:\/\/micronordic.com\/product\/zebra-mc9300-mobile-handheld-computer-refurbished\/\"><strong data-start=\"3979\" data-end=\"4020\">Zebra MC9300 Handheld Mobile Computer<\/strong> <\/a>&ndash; Neste generasjons etterf&oslash;lger med forbedret Android&trade;-ytelse og forbedret batterieffektivitet.<\/p>\n<\/li>\n<li data-start=\"4123\" data-end=\"4252\">\n<p data-start=\"4125\" data-end=\"4252\"><a href=\"https:\/\/micronordic.com\/product\/zebra-mc3300-mobile-handheld-computer-refurbished\/\"><strong data-start=\"4125\" data-end=\"4176\">Zebra MC3300 Handheld Mobile Computer <\/strong><\/a> &ndash; En lettere modell i mellomklassen som er ideell for lager- og butikkmilj&oslash;er.<\/p>\n<\/li>\n<li data-start=\"4253\" data-end=\"4375\">\n<p data-start=\"4255\" data-end=\"4375\"><a href=\"https:\/\/micronordic.com\/product\/zebra-tc75-mobile-handheld-computer-refurbished\/\"><strong data-start=\"4255\" data-end=\"4294\">Zebra TC75 Handheld Mobile Computer<\/strong> <\/a>&ndash; Et 4G-aktivert alternativ for mobile team innen logistikk og feltoperasjoner.<\/p>\n<\/li>\n<\/ul>\n","protected":false},"excerpt":{"rendered":"<p>VELG EN VARIANT NEDENFOR! Ring oss hvis du trenger hjelp med \u00e5 finne riktig produktvariant. <\/p>\n<h3>Spesifikasjoner:<\/h3>\n<ul>\n<li><strong>Skjerm:<\/strong> 10,1\u2033 FHD (1920\u00d71200) ber\u00f8ringsskjerm som kan leses i sollys, med st\u00f8tte for hanske og penn (tilleggsutstyr)<\/li>\n<li><strong>Prosessor:<\/strong> Intel\u00ae Core\u2122 i5\/i7-alternativer for multitasking med h\u00f8y ytelse<\/li>\n<li><strong>Grafikk:<\/strong> Integrert Intel\u00ae UHD-grafikk<\/li>\n<li><strong>Minne:<\/strong> 8 GB &#8211; 32 GB DDR4 RAM, kan oppgraderes<\/li>\n<li><strong>Lagring:<\/strong> 256 GB &#8211; 2 TB NVMe SSD, kan utvides via sekund\u00e6rbr\u00f8nn<\/li>\n<li><strong>Tilkoblingsmuligheter:<\/strong> Wi-Fi 6, Bluetooth\u00ae 5.2, 4G LTE og GPS (tilleggsutstyr)<\/li>\n<li><strong>Rugged sertifiseringer:<\/strong> MIL-STD-810H, IP65, fallmotstand p\u00e5 1,8 m<\/li>\n<li><strong>Sikkerhet:<\/strong> TPM 2.0, fingeravtrykksleser, Windows Hello ansiktsgjenkjenning<\/li>\n<li><strong>Batteri:<\/strong> To hurtigbyttbare litium-ion-batterier for fullskiftsdrift<\/li>\n<li><strong>M\u00e5l og vekt:<\/strong> 280 \u00d7 188 \u00d7 23 mm, ca. 1,2 kg med batteri <\/li>\n<li><strong>Garanti:<\/strong> 12 m\u00e5neders garanti fra Micro Nordic<\/li>\n<\/ul>\n<p><strong>Vennligst velg riktig modell nedenfor f\u00f8r du legger den i handlekurven<\/strong><\/p>\n","protected":false},"author":16,"featured_media":100477,"template":"","meta":{"_acf_changed":false,"inline_featured_image":false},"product-condition":[5278],"product_brand":[9006],"product_cat":[5194,5187,5193],"product_tag":[],"class_list":{"0":"post-45759","1":"product","2":"type-product","3":"status-publish","4":"has-post-thumbnail","6":"product-condition-ex-demo","7":"product_brand-zebra","8":"product_cat-zebra","9":"product_cat-all-barcode-scanners","10":"product_cat-refurbished-rugged-hardware","11":"pa_model-part-number-mc92n0-ga0sxfya5wr","12":"pa_model-part-number-mc92n0-gj0sxera5wr","13":"pa_model-part-number-mc92n0-gj0syeqa6wr","14":"pa_model-part-number-mc92n0-gl0syeya6wr","15":"pa_model-part-number-mc92n0-gp0sxera5wr","16":"pa_model-part-number-mc92n0-gp0sxeya5wr","17":"pa_model-part-number-mc92n0-gp0sxfya5wr","18":"pa_model-part-number-mc92n0-gp0syeqa6wr","19":"pa_model-part-number-mc92n0-gp0syeya6wr","20":"pa_model-part-number-mc92n0-gp0syfya6wr","21":"pa_model-part-number-mc92n0-gp0syjya6wr","23":"first","24":"instock","25":"taxable","26":"shipping-taxable","27":"purchasable","28":"product-type-variable"},"acf":[],"_links":{"self":[{"href":"https:\/\/micronordic.com\/no\/wp-json\/wp\/v2\/product\/45759","targetHints":{"allow":["GET"]}}],"collection":[{"href":"https:\/\/micronordic.com\/no\/wp-json\/wp\/v2\/product"}],"about":[{"href":"https:\/\/micronordic.com\/no\/wp-json\/wp\/v2\/types\/product"}],"author":[{"embeddable":true,"href":"https:\/\/micronordic.com\/no\/wp-json\/wp\/v2\/users\/16"}],"version-history":[{"count":3,"href":"https:\/\/micronordic.com\/no\/wp-json\/wp\/v2\/product\/45759\/revisions"}],"predecessor-version":[{"id":98571,"href":"https:\/\/micronordic.com\/no\/wp-json\/wp\/v2\/product\/45759\/revisions\/98571"}],"wp:featuredmedia":[{"embeddable":true,"href":"https:\/\/micronordic.com\/no\/wp-json\/wp\/v2\/media\/100477"}],"wp:attachment":[{"href":"https:\/\/micronordic.com\/no\/wp-json\/wp\/v2\/media?parent=45759"}],"wp:term":[{"taxonomy":"product-condition","embeddable":true,"href":"https:\/\/micronordic.com\/no\/wp-json\/wp\/v2\/product-condition?post=45759"},{"taxonomy":"product_brand","embeddable":true,"href":"https:\/\/micronordic.com\/no\/wp-json\/wp\/v2\/product_brand?post=45759"},{"taxonomy":"product_cat","embeddable":true,"href":"https:\/\/micronordic.com\/no\/wp-json\/wp\/v2\/product_cat?post=45759"},{"taxonomy":"product_tag","embeddable":true,"href":"https:\/\/micronordic.com\/no\/wp-json\/wp\/v2\/product_tag?post=45759"}],"curies":[{"name":"wp","href":"https:\/\/api.w.org\/{rel}","templated":true}]}}