{"id":45730,"date":"2024-08-02T13:58:55","date_gmt":"2024-08-02T11:58:55","guid":{"rendered":"https:\/\/micronordic.com\/product\/zebra-et45-rugged-enterprise-tablet-new\/"},"modified":"2025-11-20T17:57:18","modified_gmt":"2025-11-20T16:57:18","slug":"zebra-et45-rugged-enterprise-tablet","status":"publish","type":"product","link":"https:\/\/micronordic.com\/fr\/product\/zebra-et45-rugged-enterprise-tablet\/","title":{"rendered":"Zebra ET45 Rugged Tablet (NOUVEAU)"},"content":{"rendered":"<?xml encoding=\"utf-8\" ?><h2 data-start=\"217\" data-end=\"256\">Zebra ET45 Rugged Enterprise Tablet (Tablette d&rsquo;entreprise robuste)<\/h2><p data-start=\"258\" data-end=\"838\">La <strong data-start=\"262\" data-end=\"301\">Tablet Rugged Enterprise ET45 de Zebra<\/strong> est con&ccedil;ue pour les entreprises qui ont besoin d&rsquo;un appareil mobile suffisamment r&eacute;sistant pour les environnements difficiles, tout en offrant des performances, une connectivit&eacute; et des fonctionnalit&eacute;s de classe entreprise tout au long de la journ&eacute;e. S&rsquo;appuyant sur les bases de l&rsquo;ET40, l&rsquo;ET45 ajoute des options de haut d&eacute;bit mobile &eacute;tendues, ce qui en fait une solution id&eacute;ale pour les &eacute;quipes travaillant en dehors de la couverture Wi-Fi traditionnelle. Avec sa construction robuste, ses batteries rempla&ccedil;ables &agrave; chaud et ses capacit&eacute;s avanc&eacute;es de capture de donn&eacute;es, l&rsquo;ET45 garantit la productivit&eacute; et la fiabilit&eacute; dans les secteurs de la vente au d&eacute;tail, de la logistique, des services sur le terrain et au-del&agrave;. Les nouveaux produits b&eacute;n&eacute;ficient d&rsquo;une garantie fabricant de 2 ans.<\/p><h2 data-start=\"840\" data-end=\"889\">Principales caract&eacute;ristiques de la Tablet Rugged Tablet ET45 de Zebra<\/h2><ul data-start=\"891\" data-end=\"1892\">\n<li data-start=\"891\" data-end=\"1006\">\n<p data-start=\"893\" data-end=\"1006\"><strong data-start=\"893\" data-end=\"910\">Conception robuste<\/strong> &ndash; Test&eacute; pour une chute de 1,2 m sur du b&eacute;ton et certifi&eacute; IP65 pour la r&eacute;sistance &agrave; la poussi&egrave;re et &agrave; l&rsquo;eau.<\/p>\n<\/li>\n<li data-start=\"1007\" data-end=\"1114\">\n<p data-start=\"1009\" data-end=\"1114\"><strong data-start=\"1009\" data-end=\"1044\">&Eacute;cran 10,1&Prime; lisible en plein soleil<\/strong> &ndash; &Eacute;cran tactile FHD haute r&eacute;solution avec prise en charge des gants et du toucher humide.<\/p>\n<\/li>\n<li data-start=\"1115\" data-end=\"1218\">\n<p data-start=\"1117\" data-end=\"1218\"><strong data-start=\"1117\" data-end=\"1149\">Performances d&rsquo;entreprise<\/strong> &ndash; Processeur Qualcomm Snapdragon octa-core pour un fonctionnement multit&acirc;che fluide.<\/p>\n<\/li>\n<li data-start=\"1219\" data-end=\"1311\">\n<p data-start=\"1221\" data-end=\"1311\"><strong data-start=\"1221\" data-end=\"1247\">Pr&ecirc;t pour le haut d&eacute;bit mobile<\/strong> &ndash; Wi-Fi 6, Bluetooth 5.0 et, en option, 5G ou 4G LTE avec GPS.<\/p>\n<\/li>\n<li data-start=\"1312\" data-end=\"1406\">\n<p data-start=\"1314\" data-end=\"1406\"><strong data-start=\"1314\" data-end=\"1339\">Capture de donn&eacute;es avanc&eacute;e<\/strong> &ndash; Scanner de codes-barres 2D int&eacute;gr&eacute; et appareil photo arri&egrave;re haute r&eacute;solution.<\/p>\n<\/li>\n<li data-start=\"1407\" data-end=\"1499\">\n<p data-start=\"1409\" data-end=\"1499\"><strong data-start=\"1409\" data-end=\"1430\">Longue dur&eacute;e de vie de la<\/strong> batterie &ndash; Options de batterie standard et &eacute;tendue, rempla&ccedil;able &agrave; chaud.<\/p>\n<\/li>\n<li data-start=\"1500\" data-end=\"1598\">\n<p data-start=\"1502\" data-end=\"1598\"><strong data-start=\"1502\" data-end=\"1531\">L&eacute;ger et ergonomique<\/strong> &ndash; Format mince et portable con&ccedil;u pour une utilisation quotidienne prolong&eacute;e.<\/p>\n<\/li>\n<li data-start=\"1599\" data-end=\"1700\">\n<p data-start=\"1601\" data-end=\"1700\"><strong data-start=\"1601\" data-end=\"1629\">Outils Zebra Mobility DNA<\/strong> &ndash; &eacute;cosyst&egrave;me logiciel int&eacute;gr&eacute; pour la configuration, la s&eacute;curit&eacute; et la productivit&eacute;.<\/p>\n<\/li>\n<li data-start=\"1701\" data-end=\"1803\">\n<p data-start=\"1703\" data-end=\"1803\"><strong data-start=\"1703\" data-end=\"1727\">Accessoires professionnels<\/strong> &ndash; Compatible avec les stations d&rsquo;accueil, les supports et les solutions de charge d&rsquo;entreprise.<\/p>\n<\/li>\n<li data-start=\"1804\" data-end=\"1892\">\n<p data-start=\"1806\" data-end=\"1892\"><strong data-start=\"1806\" data-end=\"1827\">Couverture de la<\/strong> garantie &ndash; Garantie limit&eacute;e standard de 2 ans avec options d&rsquo;assistance Zebra.<\/p>\n<\/li>\n<\/ul><h2 data-start=\"1894\" data-end=\"1954\">Principaux avantages de la Zebra ET45 Rugged Enterprise Tablet<\/h2><h3 data-start=\"1956\" data-end=\"1993\">Fiabilit&eacute; rugueuse sur le terrain<\/h3><p data-start=\"1994\" data-end=\"2253\">La Zebra ET45 est con&ccedil;ue pour faire face &agrave; des conditions difficiles, avec une r&eacute;sistance aux chutes et une &eacute;tanch&eacute;it&eacute; IP65 qui la prot&egrave;ge de la poussi&egrave;re et de l&rsquo;eau. Que ce soit dans un entrep&ocirc;t, sur la route ou &agrave; l&rsquo;ext&eacute;rieur, elle garantit des performances fiables l&agrave; o&ugrave; les tablettes grand public &eacute;choueraient rapidement.<\/p><h3 data-start=\"2255\" data-end=\"2286\">Visibilit&eacute; claire en tout lieu<\/h3><p data-start=\"2287\" data-end=\"2512\">Dot&eacute; d&rsquo;un &eacute;cran FHD de 10,1&Prime;, l&rsquo;ET45 offre une excellente lisibilit&eacute; &agrave; l&rsquo;int&eacute;rieur comme &agrave; l&rsquo;ext&eacute;rieur. La prise en charge des gants et du toucher humide permet aux travailleurs d&rsquo;utiliser l&rsquo;appareil dans toutes les conditions m&eacute;t&eacute;orologiques, ce qui le rend id&eacute;al pour les d&eacute;ploiements sur le terrain.<\/p><h3 data-start=\"2514\" data-end=\"2551\">Optimis&eacute; pour les travailleurs mobiles<\/h3><p data-start=\"2552\" data-end=\"2806\">Contrairement &agrave; l&rsquo;ET40, l&rsquo;ET45 est &eacute;quip&eacute; d&rsquo;une connectivit&eacute; 5G ou 4G LTE en option. Cela permet aux &eacute;quipes de rester connect&eacute;es en temps r&eacute;el m&ecirc;me lorsque le Wi-Fi n&rsquo;est pas disponible, ce qui en fait un choix sup&eacute;rieur pour les applications de transport, de logistique et de service sur le terrain.<\/p><h3 data-start=\"2808\" data-end=\"2836\">Capture efficace des donn&eacute;es<\/h3><p data-start=\"2837\" data-end=\"3123\">Le lecteur de codes-barres 2D int&eacute;gr&eacute; et l&rsquo;appareil photo haute r&eacute;solution rationalisent les flux de travail tels que la gestion des stocks, la preuve de livraison et le suivi des actifs. La technologie de lecture de Zebra fonctionne de mani&egrave;re fiable, m&ecirc;me avec des codes-barres endommag&eacute;s ou mal imprim&eacute;s, ce qui r&eacute;duit les erreurs et am&eacute;liore l&rsquo;efficacit&eacute;.<\/p><h3 data-start=\"3125\" data-end=\"3149\">Puissance durable<\/h3><p data-start=\"3150\" data-end=\"3371\">Les options de batterie standard et &eacute;tendue rempla&ccedil;ables &agrave; chaud garantissent des quarts de travail ininterrompus. Les travailleurs peuvent remplacer les piles en cours de route sans &eacute;teindre l&rsquo;appareil, ce qui permet un fonctionnement continu pendant de longues journ&eacute;es sur le terrain.<\/p><h3 data-start=\"3373\" data-end=\"3414\">Ecosyst&egrave;me logiciel pr&ecirc;t pour l&rsquo;entreprise<\/h3><p data-start=\"3415\" data-end=\"3706\">Gr&acirc;ce &agrave; l&rsquo;ADN de mobilit&eacute; Zebra, l&rsquo;ET45 offre bien plus que du mat&eacute;riel. Les entreprises ont acc&egrave;s &agrave; des outils qui am&eacute;liorent la connectivit&eacute; (WorryFree WiFi), rationalisent la configuration des appareils (StageNow) et renforcent la s&eacute;curit&eacute; et le contr&ocirc;le des utilisateurs (Enterprise Home Screen). Cet &eacute;cosyst&egrave;me maximise le retour sur investissement.<\/p><h3 data-start=\"3708\" data-end=\"3745\">Conception confortable et l&eacute;g&egrave;re<\/h3><p data-start=\"3746\" data-end=\"3960\">Malgr&eacute; ses certifications robustes, l&rsquo;ET45 conserve un design fin et ergonomique, r&eacute;duisant la fatigue lors d&rsquo;une utilisation prolong&eacute;e. Il peut &ecirc;tre confortablement transport&eacute; ou mont&eacute;, ce qui lui permet de s&rsquo;adapter &agrave; un large &eacute;ventail de sc&eacute;narios op&eacute;rationnels.<\/p><h3 data-start=\"3962\" data-end=\"3997\">Une assistance et une garantie fiables<\/h3><p data-start=\"3998\" data-end=\"4207\">B&eacute;n&eacute;ficiant d&rsquo;une garantie limit&eacute;e de trois ans, l&rsquo;ET45 est con&ccedil;u pour une fiabilit&eacute; &agrave; long terme. Zebra propose &eacute;galement des services d&rsquo;assistance en option pour &eacute;tendre la gestion du cycle de vie et r&eacute;duire le co&ucirc;t total de possession.<\/p><h2 data-start=\"4209\" data-end=\"4262\">Cas d&rsquo;utilisation id&eacute;aux pour la Tablet Rugged Tablet ET45 de Zebra<\/h2><ul data-start=\"4264\" data-end=\"4800\">\n<li data-start=\"4264\" data-end=\"4359\">\n<p data-start=\"4266\" data-end=\"4359\"><strong data-start=\"4266\" data-end=\"4290\">Commerce de d&eacute;tail et h&ocirc;tellerie<\/strong> &ndash; Point de vente mobile, v&eacute;rification des stocks en temps r&eacute;el et engagement des clients.<\/p>\n<\/li>\n<li data-start=\"4360\" data-end=\"4469\">\n<p data-start=\"4362\" data-end=\"4469\"><strong data-start=\"4362\" data-end=\"4392\">Transport et logistique<\/strong> &ndash; Gestion de flotte, preuve de livraison et optimisation des itin&eacute;raires par GPS.<\/p>\n<\/li>\n<li data-start=\"4470\" data-end=\"4583\">\n<p data-start=\"4472\" data-end=\"4583\"><strong data-start=\"4472\" data-end=\"4501\">Services sur le terrain et services publics<\/strong> &ndash; Connectivit&eacute; fiable et performances robustes pour les inspections et la maintenance.<\/p>\n<\/li>\n<li data-start=\"4584\" data-end=\"4685\">\n<p data-start=\"4586\" data-end=\"4685\"><strong data-start=\"4586\" data-end=\"4616\">Entreposage et distribution<\/strong> &ndash; Lecture de codes-barres, pr&eacute;paration des commandes et gestion efficace des stocks.<\/p>\n<\/li>\n<li data-start=\"4686\" data-end=\"4800\">\n<p data-start=\"4688\" data-end=\"4800\"><strong data-start=\"4688\" data-end=\"4718\">S&eacute;curit&eacute; publique et gouvernement<\/strong> &ndash; Portable, s&eacute;curis&eacute; et robuste pour les travailleurs de premi&egrave;re ligne dans des environnements exigeants.<\/p>\n<\/li>\n<\/ul><h2 data-start=\"4802\" data-end=\"4837\">Zebra ET45 Comparaison des produits<\/h2><p data-start=\"4839\" data-end=\"5036\">La Zebra ET45 &eacute;tend les capacit&eacute;s de la ET40 en ajoutant le haut d&eacute;bit mobile pour les op&eacute;rations sur le terrain. Pour les entreprises qui &eacute;valuent des alternatives, d&rsquo;autres tablettes rugged Tablet sont disponibles chez MicroNordic :<\/p><ul data-start=\"5038\" data-end=\"5718\">\n<li data-start=\"5038\" data-end=\"5251\">\n<p data-start=\"5040\" data-end=\"5251\"><a href=\"https:\/\/micronordic.com\/product\/zebra-et40-rugged-enterprise-tablet\/\"><strong data-start=\"5040\" data-end=\"5151\">Zebra ET40 Rugged Tablet pour l&rsquo;entreprise<\/strong> <\/a>&ndash; Une tablette d&rsquo;entreprise &eacute;conomique dot&eacute;e d&rsquo;une connectivit&eacute; Wi-Fi, id&eacute;ale pour les flux de travail en int&eacute;rieur.<\/p>\n<\/li>\n<li data-start=\"5252\" data-end=\"5474\">\n<p data-start=\"5254\" data-end=\"5474\"><a href=\"https:\/\/micronordic.com\/product\/getac-f110-touch-fully-rugged-tablet\/\"><strong data-start=\"5254\" data-end=\"5361\">Getac F110 Fully Rugged Tablet (tablette enti&egrave;rement robuste)<\/strong><\/a> &ndash; Une tablette 11,6&Prime; Fully Rugged Tablet con&ccedil;ue pour les professionnels qui ont besoin d&rsquo;un &eacute;cran plus grand et d&rsquo;une durabilit&eacute; maximale.<\/p>\n<\/li>\n<li data-start=\"5475\" data-end=\"5718\">\n<p data-start=\"5477\" data-end=\"5718\"><a href=\"https:\/\/micronordic.com\/product\/panasonic-toughpad-fz-m1-refurbished\/\"><strong data-start=\"5477\" data-end=\"5606\">Tablette Rugged Tablet Panasonic Toughpad FZ-M1<\/strong><\/a> &ndash; Une tablette compacte 7&Prime; rugged Tablet en &eacute;tat remis &agrave; neuf, id&eacute;ale pour la mobilit&eacute; sur le terrain et les applications sp&eacute;cialis&eacute;es.<\/p>\n<\/li>\n<\/ul>\n","protected":false},"excerpt":{"rendered":"<h3>Sp\u00e9cifications :<\/h3>\n<ul>\n<li><strong>\u00c9cran :<\/strong> 10,1\u2033 FHD (1920\u00d71200), \u00e9cran tactile lisible en plein soleil avec prise en charge des gants et du toucher humide<\/li>\n<li><strong>Processeur :<\/strong> Processeur octa-core Qualcomm Snapdragon<\/li>\n<li><strong>Graphique :<\/strong> GPU Qualcomm Adreno int\u00e9gr\u00e9<\/li>\n<li><strong>M\u00e9moire :<\/strong> 4 Go &#8211; 8 Go de RAM en option<\/li>\n<li><strong>Stockage :<\/strong> 64 Go &#8211; 128 Go eMMC, extensible via microSD<\/li>\n<li><strong>Connectivit\u00e9 :<\/strong> Wi-Fi 6, Bluetooth 5.0, 4G\/5G LTE et GPS en option<\/li>\n<li><strong>Certifications rugueuses :<\/strong> Test\u00e9 selon la norme MIL-STD-810H, certifi\u00e9 IP65, r\u00e9sistance aux chutes de 4 pieds<\/li>\n<li><strong>S\u00e9curit\u00e9 :<\/strong> S\u00e9curit\u00e9 Android Enterprise, prise en charge optionnelle de la gestion de la mobilit\u00e9 d&rsquo;entreprise<\/li>\n<li><strong>Batterie :<\/strong> options de batterie standard et \u00e9tendue, rempla\u00e7able \u00e0 chaud<\/li>\n<li><strong>Dimensions et poids :<\/strong> Mod\u00e8le d&rsquo;environ 10,1\u2033, ~1,04 kg<\/li>\n<li><strong>Garantie :<\/strong> Garantie limit\u00e9e standard de 2 ans<\/li>\n<\/ul>\n","protected":false},"author":24,"featured_media":100134,"template":"","meta":{"_acf_changed":false,"inline_featured_image":false},"product-condition":[5245],"product_brand":[9011],"product_cat":[5144,5139,5136],"product_tag":[],"class_list":{"0":"post-45730","1":"product","2":"type-product","3":"status-publish","4":"has-post-thumbnail","6":"product-condition-new-in-box","7":"product_brand-zebra","8":"product_cat-all-rugged-tablets","9":"product_cat-new-in-box-rugged-hardware","10":"product_cat-zebra","12":"first","13":"instock","14":"taxable","15":"shipping-taxable","16":"purchasable","17":"product-type-simple"},"acf":[],"_links":{"self":[{"href":"https:\/\/micronordic.com\/fr\/wp-json\/wp\/v2\/product\/45730","targetHints":{"allow":["GET"]}}],"collection":[{"href":"https:\/\/micronordic.com\/fr\/wp-json\/wp\/v2\/product"}],"about":[{"href":"https:\/\/micronordic.com\/fr\/wp-json\/wp\/v2\/types\/product"}],"author":[{"embeddable":true,"href":"https:\/\/micronordic.com\/fr\/wp-json\/wp\/v2\/users\/24"}],"version-history":[{"count":4,"href":"https:\/\/micronordic.com\/fr\/wp-json\/wp\/v2\/product\/45730\/revisions"}],"predecessor-version":[{"id":98756,"href":"https:\/\/micronordic.com\/fr\/wp-json\/wp\/v2\/product\/45730\/revisions\/98756"}],"wp:featuredmedia":[{"embeddable":true,"href":"https:\/\/micronordic.com\/fr\/wp-json\/wp\/v2\/media\/100134"}],"wp:attachment":[{"href":"https:\/\/micronordic.com\/fr\/wp-json\/wp\/v2\/media?parent=45730"}],"wp:term":[{"taxonomy":"product-condition","embeddable":true,"href":"https:\/\/micronordic.com\/fr\/wp-json\/wp\/v2\/product-condition?post=45730"},{"taxonomy":"product_brand","embeddable":true,"href":"https:\/\/micronordic.com\/fr\/wp-json\/wp\/v2\/product_brand?post=45730"},{"taxonomy":"product_cat","embeddable":true,"href":"https:\/\/micronordic.com\/fr\/wp-json\/wp\/v2\/product_cat?post=45730"},{"taxonomy":"product_tag","embeddable":true,"href":"https:\/\/micronordic.com\/fr\/wp-json\/wp\/v2\/product_tag?post=45730"}],"curies":[{"name":"wp","href":"https:\/\/api.w.org\/{rel}","templated":true}]}}