{"id":45728,"date":"2024-08-02T13:58:55","date_gmt":"2024-08-02T11:58:55","guid":{"rendered":"https:\/\/micronordic.com\/product\/zebra-et40-rugged-enterprise-tablet-new\/"},"modified":"2025-11-24T12:14:52","modified_gmt":"2025-11-24T11:14:52","slug":"zebra-et40-rugged-enterprise-tablet","status":"publish","type":"product","link":"https:\/\/micronordic.com\/fr\/product\/zebra-et40-rugged-enterprise-tablet\/","title":{"rendered":"Zebra ET40 Rugged Tablet (NOUVEAU)"},"content":{"rendered":"<?xml encoding=\"utf-8\" ?><h2 data-start=\"283\" data-end=\"322\">Zebra ET40 Rugged Tablet pour entreprises<\/h2><p data-start=\"324\" data-end=\"841\">La <strong data-start=\"328\" data-end=\"367\">Zebra ET40 Rugged Enterprise Tablet<\/strong> est con&ccedil;ue pour les entreprises qui exigent plus que ce que les appareils grand public peuvent offrir. Associant un facteur de forme l&eacute;ger &agrave; une durabilit&eacute; de niveau professionnel, l&rsquo;ET40 constitue une solution rentable pour des secteurs tels que la vente au d&eacute;tail, l&rsquo;h&ocirc;tellerie, le transport, la logistique et les services sur le terrain. Avec des certifications robustes, une capture de donn&eacute;es avanc&eacute;e et des performances durables, l&rsquo;ET40 garantit des op&eacute;rations fiables, que ce soit dans l&rsquo;atelier, dans l&rsquo;entrep&ocirc;t ou sur le terrain. Les nouveaux produits b&eacute;n&eacute;ficient d&rsquo;une garantie fabricant de 2 ans.<\/p><h2 data-start=\"843\" data-end=\"892\">Principales caract&eacute;ristiques de la Zebra ET40 Rugged Tablet<\/h2><ul data-start=\"894\" data-end=\"1953\">\n<li data-start=\"894\" data-end=\"1009\">\n<p data-start=\"896\" data-end=\"1009\"><strong data-start=\"896\" data-end=\"913\">Conception robuste<\/strong> &ndash; Test&eacute; pour une chute de 1,2 m sur du b&eacute;ton et certifi&eacute; IP65 pour la protection contre la poussi&egrave;re et l&rsquo;eau.<\/p>\n<\/li>\n<li data-start=\"1010\" data-end=\"1120\">\n<p data-start=\"1012\" data-end=\"1120\"><strong data-start=\"1012\" data-end=\"1039\">&Eacute;cran haute visibilit&eacute;<\/strong> &ndash; &Eacute;cran tactile FHD de 10,1&Prime; avec lisibilit&eacute; en plein jour et prise en charge des gants et du toucher humide.<\/p>\n<\/li>\n<li data-start=\"1121\" data-end=\"1244\">\n<p data-start=\"1123\" data-end=\"1244\"><strong data-start=\"1123\" data-end=\"1155\">Performances de classe entreprise<\/strong> &ndash; Dot&eacute; d&rsquo;un processeur octa-core, il offre une gestion fluide du multit&acirc;che et des applications.<\/p>\n<\/li>\n<li data-start=\"1245\" data-end=\"1344\">\n<p data-start=\"1247\" data-end=\"1344\"><strong data-start=\"1247\" data-end=\"1273\">Connectivit&eacute; polyvalente<\/strong> &ndash; Wi-Fi 6, Bluetooth 5.0 et 4G LTE en option pour les op&eacute;rations mobiles.<\/p>\n<\/li>\n<li data-start=\"1345\" data-end=\"1436\">\n<p data-start=\"1347\" data-end=\"1436\"><strong data-start=\"1347\" data-end=\"1369\">Pr&ecirc;t pour la capture de donn&eacute;es<\/strong> &ndash; Lecteur de codes-barres 2D int&eacute;gr&eacute; et appareil photo arri&egrave;re haute r&eacute;solution.<\/p>\n<\/li>\n<li data-start=\"1437\" data-end=\"1535\">\n<p data-start=\"1439\" data-end=\"1535\"><strong data-start=\"1439\" data-end=\"1462\">Flexibilit&eacute; de la batterie<\/strong> &ndash; Batterie longue dur&eacute;e avec capacit&eacute; de remplacement &agrave; chaud pour une utilisation ininterrompue.<\/p>\n<\/li>\n<li data-start=\"1536\" data-end=\"1649\">\n<p data-start=\"1538\" data-end=\"1649\"><strong data-start=\"1538\" data-end=\"1560\">Suite Mobility DNA<\/strong> &ndash; Comprend les outils logiciels d&rsquo;entreprise Zebra pour la configuration, la gestion et la s&eacute;curit&eacute; des appareils.<\/p>\n<\/li>\n<li data-start=\"1650\" data-end=\"1740\">\n<p data-start=\"1652\" data-end=\"1740\"><strong data-start=\"1652\" data-end=\"1681\">L&eacute;ger et ergonomique<\/strong> &ndash; Un format mince con&ccedil;u pour une utilisation confortable tout au long de la journ&eacute;e.<\/p>\n<\/li>\n<li data-start=\"1741\" data-end=\"1852\">\n<p data-start=\"1743\" data-end=\"1852\"><strong data-start=\"1743\" data-end=\"1773\">Accessoires pr&ecirc;ts pour l&rsquo;entreprise<\/strong> &ndash; Prise en charge des stations d&rsquo;accueil, des supports pour v&eacute;hicules et des solutions de charge de niveau professionnel.<\/p>\n<\/li>\n<li data-start=\"1853\" data-end=\"1953\">\n<p data-start=\"1855\" data-end=\"1953\"><strong data-start=\"1855\" data-end=\"1876\">Garantie incluse<\/strong> &ndash; Garantie limit&eacute;e standard de 2 ans avec options de service et d&rsquo;assistance Zebra.<\/p>\n<\/li>\n<\/ul><h2 data-start=\"1955\" data-end=\"2015\">Principaux avantages de la Zebra ET40 Rugged Enterprise Tablet<\/h2><h3 data-start=\"2017\" data-end=\"2064\">Durabilit&eacute; rugueuse et conception l&eacute;g&egrave;re<\/h3><p data-start=\"2065\" data-end=\"2263\">L&rsquo;ET40 est con&ccedil;u pour r&eacute;sister aux chutes, &agrave; la poussi&egrave;re et &agrave; l&rsquo;exposition &agrave; l&rsquo;eau, tout en restant l&eacute;ger et facile &agrave; transporter. Avec un peu plus de 1 kg, il offre une portabilit&eacute; sans compromettre la fiabilit&eacute; rugged.<\/p><h3 data-start=\"2265\" data-end=\"2295\">Affichage lisible &agrave; l&rsquo;ext&eacute;rieur<\/h3><p data-start=\"2296\" data-end=\"2525\">L&rsquo;&eacute;cran FHD de 10,1&Prime; offre une visibilit&eacute; cristalline dans les environnements int&eacute;rieurs et ext&eacute;rieurs. Gr&acirc;ce &agrave; la prise en charge des gants et du toucher humide, les travailleurs peuvent interagir avec l&rsquo;appareil quelles que soient les conditions, ce qui garantit des flux de travail ininterrompus.<\/p><h3 data-start=\"2527\" data-end=\"2578\">Un traitement puissant pour les applications professionnelles<\/h3><p data-start=\"2579\" data-end=\"2829\">&Eacute;quip&eacute; d&rsquo;un processeur octa-core avanc&eacute;, l&rsquo;ET40 g&egrave;re les applications d&rsquo;entreprise avec facilit&eacute;. Qu&rsquo;il s&rsquo;agisse d&rsquo;un logiciel de point de vente dans le commerce de d&eacute;tail, d&rsquo;un syst&egrave;me de planification dans l&rsquo;h&ocirc;tellerie ou d&rsquo;un syst&egrave;me de suivi des actifs dans la logistique, les performances restent fluides et r&eacute;actives.<\/p><h3 data-start=\"2831\" data-end=\"2860\">Connectivit&eacute; continue<\/h3><p data-start=\"2861\" data-end=\"3123\">L&rsquo;ET40 prend en charge le Wi-Fi 6 et le Bluetooth 5.0 pour une communication &agrave; grande vitesse. Pour les &eacute;quipes sur le terrain, la 4G LTE en option garantit un acc&egrave;s ininterrompu aux donn&eacute;es critiques et aux applications bas&eacute;es sur le cloud. Cette connectivit&eacute; permet une collaboration et une prise de d&eacute;cision en temps r&eacute;el.<\/p><h3 data-start=\"3125\" data-end=\"3152\">Capture avanc&eacute;e des donn&eacute;es<\/h3><p data-start=\"3153\" data-end=\"3397\">Gr&acirc;ce &agrave; son lecteur de codes-barres 2D int&eacute;gr&eacute; et &agrave; son appareil photo haute r&eacute;solution, l&rsquo;ET40 rationalise les flux de travail tels que la gestion des stocks, le suivi des colis et la capture de documents. M&ecirc;me les codes-barres endommag&eacute;s ou mal imprim&eacute;s peuvent &ecirc;tre lus avec rapidit&eacute; et pr&eacute;cision.<\/p><h3 data-start=\"3399\" data-end=\"3426\">Dur&eacute;e de vie prolong&eacute;e de la batterie<\/h3><p data-start=\"3427\" data-end=\"3642\">Con&ccedil;ue pour les longues p&eacute;riodes de travail, la batterie haute capacit&eacute; de l&rsquo;ET40 permet de travailler toute une journ&eacute;e. La capacit&eacute; de remplacement &agrave; chaud garantit l&rsquo;absence de temps d&rsquo;arr&ecirc;t, ce qui permet de remplacer les batteries en cours de route sans mettre l&rsquo;appareil hors tension.<\/p><h3 data-start=\"3644\" data-end=\"3679\">&Eacute;cosyst&egrave;me des logiciels d&rsquo;entreprise<\/h3><p data-start=\"3680\" data-end=\"3939\">La suite Zebra Mobility DNA enrichit l&rsquo;ET40 d&rsquo;outils permettant de configurer les appareils en toute s&eacute;curit&eacute;, d&rsquo;optimiser la connectivit&eacute; Wi-Fi et d&rsquo;am&eacute;liorer la productivit&eacute; des utilisateurs. Des fonctionnalit&eacute;s telles que Enterprise Home Screen et StageNow simplifient le d&eacute;ploiement et la gestion de grands parcs d&rsquo;appareils.<\/p><h3 data-start=\"3941\" data-end=\"3976\">Une garantie et une assistance fiables<\/h3><p data-start=\"3977\" data-end=\"4189\">B&eacute;n&eacute;ficiant d&rsquo;une garantie limit&eacute;e standard de trois ans, l&rsquo;ET40 assure la tranquillit&eacute; d&rsquo;esprit des entreprises. Les offres de services Zebra &eacute;tendent encore la gestion du cycle de vie des appareils, garantissant un retour sur investissement maximal et des temps d&rsquo;arr&ecirc;t minimaux.<\/p><h2 data-start=\"4191\" data-end=\"4244\">Cas d&rsquo;utilisation id&eacute;aux pour la Zebra ET40 Rugged Tablet<\/h2><ul data-start=\"4246\" data-end=\"4780\">\n<li data-start=\"4246\" data-end=\"4350\">\n<p data-start=\"4248\" data-end=\"4350\"><strong data-start=\"4248\" data-end=\"4272\">Commerce de d&eacute;tail et h&ocirc;tellerie<\/strong> &ndash; Point de vente mobile, gestion des stocks et service &agrave; la client&egrave;le sur le lieu de vente.<\/p>\n<\/li>\n<li data-start=\"4351\" data-end=\"4452\">\n<p data-start=\"4353\" data-end=\"4452\"><strong data-start=\"4353\" data-end=\"4383\">Transport et logistique<\/strong> &ndash; Suivi en temps r&eacute;el, lecture de codes-barres et confirmation de livraison.<\/p>\n<\/li>\n<li data-start=\"4453\" data-end=\"4567\">\n<p data-start=\"4455\" data-end=\"4567\"><strong data-start=\"4455\" data-end=\"4484\">Services sur le terrain et services publics<\/strong> &ndash; Des performances fiables pour les inspections, la maintenance et les rapports sur le terrain.<\/p>\n<\/li>\n<li data-start=\"4568\" data-end=\"4667\">\n<p data-start=\"4570\" data-end=\"4667\"><strong data-start=\"4570\" data-end=\"4585\">Entreposage<\/strong> &ndash; Pr&eacute;paration des commandes, emballage et contr&ocirc;le des stocks efficaces gr&acirc;ce &agrave; la num&eacute;risation et &agrave; la connectivit&eacute;.<\/p>\n<\/li>\n<li data-start=\"4668\" data-end=\"4780\">\n<p data-start=\"4670\" data-end=\"4780\"><strong data-start=\"4670\" data-end=\"4687\">Secteur public<\/strong> &ndash; Un appareil portable et durable pour les travailleurs de premi&egrave;re ligne qui ont besoin de flux de travail s&eacute;curis&eacute;s et connect&eacute;s.<\/p>\n<\/li>\n<\/ul><h2 data-start=\"281\" data-end=\"317\">Comparaison des produits Zebra ET40<\/h2><p data-start=\"319\" data-end=\"549\">La Zebra ET40 Rugged Tablet est con&ccedil;ue comme une tablette d&rsquo;entreprise robuste et rentable qui allie durabilit&eacute;, portabilit&eacute; et performance. Pour les organisations qui &eacute;valuent d&rsquo;autres solutions, d&rsquo;autres solutions robustes sont disponibles chez <strong>Micro Nordic<\/strong>, notamment :<\/p><ul data-start=\"551\" data-end=\"927\">\n<li data-start=\"551\" data-end=\"672\">\n<p data-start=\"553\" data-end=\"672\"><a href=\"https:\/\/micronordic.com\/product\/zebra-et45-rugged-enterprise-tablet\/\"><strong data-start=\"553\" data-end=\"581\">Zebra ET45 Rugged Tablet (Tablette robuste)<\/strong> <\/a>&ndash; Conception similaire &agrave; celle de l&rsquo;ET40, mais avec une connectivit&eacute; &eacute;tendue et des fonctions ax&eacute;es sur le terrain.<\/p>\n<\/li>\n<li data-start=\"673\" data-end=\"802\">\n<p data-start=\"675\" data-end=\"802\"><a href=\"https:\/\/micronordic.com\/product\/panasonic-toughpad-fz-m1-refurbished\/\"><strong data-start=\"675\" data-end=\"718\">Panasonic TOUGHBOOK FZ-M1 Rugged Tablet (Tablette robuste)<\/strong><\/a> &ndash; Une Tablet 7&Prime; Fully Rugged Tablet con&ccedil;ue pour une portabilit&eacute; extr&ecirc;me et une utilisation exigeante sur le terrain.<\/p>\n<\/li>\n<li data-start=\"803\" data-end=\"927\">\n<p data-start=\"805\" data-end=\"927\"><strong data-start=\"805\" data-end=\"839\"><a href=\"https:\/\/micronordic.com\/product\/getac-f110-touch-fully-rugged-tablet\/\">Getac F110 Fully Rugged Tablet (tablette enti&egrave;rement robuste) <\/a><\/strong>&ndash; Une tablette rugged Tablet 11,6&Prime; plus grande, con&ccedil;ue pour les utilisateurs ayant besoin d&rsquo;un espace d&rsquo;affichage suppl&eacute;mentaire.<\/p>\n<\/li>\n<\/ul><p>&nbsp;<\/p>\n","protected":false},"excerpt":{"rendered":"<h3>Sp\u00e9cifications :<\/h3>\n<ul>\n<li><strong>\u00c9cran :<\/strong> 10,1\u2033 FHD (1920\u00d71200), \u00e9cran tactile lisible en plein soleil avec prise en charge des gants et du toucher humide<\/li>\n<li><strong>Processeur :<\/strong> Processeur octa-core Qualcomm Snapdragon<\/li>\n<li><strong>Graphique :<\/strong> GPU Qualcomm Adreno int\u00e9gr\u00e9<\/li>\n<li><strong>M\u00e9moire :<\/strong> 4 Go &#8211; 8 Go de RAM en option<\/li>\n<li><strong>Stockage :<\/strong> 64 Go &#8211; 128 Go eMMC, extensible via microSD<\/li>\n<li><strong>Connectivit\u00e9 :<\/strong> Wi-Fi 6, Bluetooth 5.0, 4G LTE en option<\/li>\n<li><strong>Certifications rugueuses :<\/strong> Test\u00e9 selon la norme MIL-STD-810H, certifi\u00e9 IP65, r\u00e9sistance aux chutes de 4 pieds<\/li>\n<li><strong>S\u00e9curit\u00e9 :<\/strong> S\u00e9curit\u00e9 Android Enterprise, prise en charge optionnelle de la gestion de la mobilit\u00e9 d&rsquo;entreprise<\/li>\n<li><strong>Batterie :<\/strong> standard ou \u00e9tendue, rempla\u00e7able \u00e0 chaud<\/li>\n<li><strong>Dimensions et poids :<\/strong> 10.1\u2033 mod\u00e8le approx. 1.04 kg<\/li>\n<li><strong>Garantie :<\/strong> Garantie limit\u00e9e standard de 2 ans<\/li>\n<\/ul>\n","protected":false},"author":24,"featured_media":100149,"template":"","meta":{"_acf_changed":false,"inline_featured_image":false},"product-condition":[5245],"product_brand":[9011],"product_cat":[5144,5139,5136],"product_tag":[],"class_list":{"0":"post-45728","1":"product","2":"type-product","3":"status-publish","4":"has-post-thumbnail","6":"product-condition-new-in-box","7":"product_brand-zebra","8":"product_cat-all-rugged-tablets","9":"product_cat-new-in-box-rugged-hardware","10":"product_cat-zebra","12":"first","13":"instock","14":"taxable","15":"shipping-taxable","16":"purchasable","17":"product-type-simple"},"acf":[],"_links":{"self":[{"href":"https:\/\/micronordic.com\/fr\/wp-json\/wp\/v2\/product\/45728","targetHints":{"allow":["GET"]}}],"collection":[{"href":"https:\/\/micronordic.com\/fr\/wp-json\/wp\/v2\/product"}],"about":[{"href":"https:\/\/micronordic.com\/fr\/wp-json\/wp\/v2\/types\/product"}],"author":[{"embeddable":true,"href":"https:\/\/micronordic.com\/fr\/wp-json\/wp\/v2\/users\/24"}],"version-history":[{"count":4,"href":"https:\/\/micronordic.com\/fr\/wp-json\/wp\/v2\/product\/45728\/revisions"}],"predecessor-version":[{"id":99086,"href":"https:\/\/micronordic.com\/fr\/wp-json\/wp\/v2\/product\/45728\/revisions\/99086"}],"wp:featuredmedia":[{"embeddable":true,"href":"https:\/\/micronordic.com\/fr\/wp-json\/wp\/v2\/media\/100149"}],"wp:attachment":[{"href":"https:\/\/micronordic.com\/fr\/wp-json\/wp\/v2\/media?parent=45728"}],"wp:term":[{"taxonomy":"product-condition","embeddable":true,"href":"https:\/\/micronordic.com\/fr\/wp-json\/wp\/v2\/product-condition?post=45728"},{"taxonomy":"product_brand","embeddable":true,"href":"https:\/\/micronordic.com\/fr\/wp-json\/wp\/v2\/product_brand?post=45728"},{"taxonomy":"product_cat","embeddable":true,"href":"https:\/\/micronordic.com\/fr\/wp-json\/wp\/v2\/product_cat?post=45728"},{"taxonomy":"product_tag","embeddable":true,"href":"https:\/\/micronordic.com\/fr\/wp-json\/wp\/v2\/product_tag?post=45728"}],"curies":[{"name":"wp","href":"https:\/\/api.w.org\/{rel}","templated":true}]}}