{"id":45726,"date":"2024-08-01T20:13:44","date_gmt":"2024-08-01T18:13:44","guid":{"rendered":"https:\/\/micronordic.com\/product\/zebra-tc58e-handheld-mobile-computer-new\/"},"modified":"2025-11-24T12:11:20","modified_gmt":"2025-11-24T11:11:20","slug":"zebra-tc58e-handheld-mobile-computer","status":"publish","type":"product","link":"https:\/\/micronordic.com\/fr\/product\/zebra-tc58e-handheld-mobile-computer\/","title":{"rendered":"Zebra TC58e Handheld Mobile Computer (NOUVEAU)"},"content":{"rendered":"<?xml encoding=\"utf-8\" ?><h2 data-start=\"289\" data-end=\"327\">Zebra TC58e Ordinateur mobile robuste<\/h2><p data-start=\"329\" data-end=\"787\">Le <strong data-start=\"333\" data-end=\"371\">Zebra TC58e Rugged Mobile Computer<\/strong> offre la derni&egrave;re g&eacute;n&eacute;ration de mobilit&eacute; d&rsquo;entreprise dans un design Handheld compact. Con&ccedil;u pour les secteurs exigeants tels que la logistique, la vente au d&eacute;tail, le transport et les services sur le terrain, le TC58e combine une durabilit&eacute; robuste, une connectivit&eacute; 5G-first, une capture de donn&eacute;es avanc&eacute;e et une longue dur&eacute;e de vie de la batterie. Qu&rsquo;il soit utilis&eacute; &agrave; l&rsquo;int&eacute;rieur ou &agrave; l&rsquo;ext&eacute;rieur, il offre aux travailleurs un outil fiable, puissant et s&eacute;curis&eacute; pour les flux de travail critiques. Les nouveaux produits b&eacute;n&eacute;ficient d&rsquo;une garantie fabricant de 2 ans.<\/p><h2 data-start=\"789\" data-end=\"825\">Principales caract&eacute;ristiques du Zebra TC58e<\/h2><ul data-start=\"827\" data-end=\"1768\">\n<li data-start=\"827\" data-end=\"949\">\n<p data-start=\"829\" data-end=\"949\"><strong data-start=\"829\" data-end=\"846\">Conception robuste<\/strong> &ndash; IP65\/IP68 pour la r&eacute;sistance &agrave; la poussi&egrave;re et &agrave; l&rsquo;eau, et test&eacute; en chute pour une durabilit&eacute; dans des conditions difficiles.<\/p>\n<\/li>\n<li data-start=\"950\" data-end=\"1055\">\n<p data-start=\"952\" data-end=\"1055\"><strong data-start=\"952\" data-end=\"975\">&Eacute;cran lumineux de 6,0&Prime;<\/strong> &ndash; &Eacute;cran tactile Full HD+ d&rsquo;une luminosit&eacute; de 600 nits, compatible avec les gants et le toucher humide.<\/p>\n<\/li>\n<li data-start=\"1056\" data-end=\"1149\">\n<p data-start=\"1058\" data-end=\"1149\"><strong data-start=\"1058\" data-end=\"1079\">Traitement moderne<\/strong> &ndash; La plateforme octa-core de Qualcomm&reg; garantit des performances rapides et efficaces.<\/p>\n<\/li>\n<li data-start=\"1150\" data-end=\"1231\">\n<p data-start=\"1152\" data-end=\"1231\"><strong data-start=\"1152\" data-end=\"1179\">Connectivit&eacute; d&rsquo;entreprise<\/strong> &ndash; 5G, Wi-Fi 6E, Bluetooth, GPS et options eSIM.<\/p>\n<\/li>\n<li data-start=\"1232\" data-end=\"1333\">\n<p data-start=\"1234\" data-end=\"1333\"><strong data-start=\"1234\" data-end=\"1250\">Capture de donn&eacute;es<\/strong> &ndash; Lecteur de codes-barres 2D int&eacute;gr&eacute; (SE4720), cam&eacute;ras arri&egrave;re de 16 MP et frontale de 8 MP.<\/p>\n<\/li>\n<li data-start=\"1334\" data-end=\"1428\">\n<p data-start=\"1336\" data-end=\"1428\"><strong data-start=\"1336\" data-end=\"1362\">Batterie rempla&ccedil;able &agrave; chaud<\/strong> &ndash; La batterie de 4680 mAh permet de travailler en continu sans temps d&rsquo;arr&ecirc;t.<\/p>\n<\/li>\n<li data-start=\"1429\" data-end=\"1500\">\n<p data-start=\"1431\" data-end=\"1500\"><strong data-start=\"1431\" data-end=\"1453\">Conception l&eacute;g&egrave;re<\/strong> &ndash; Poids d&rsquo;environ 282 g pour une utilisation quotidienne facile.<\/p>\n<\/li>\n<li data-start=\"1501\" data-end=\"1595\">\n<p data-start=\"1503\" data-end=\"1595\"><strong data-start=\"1503\" data-end=\"1524\">S&eacute;curit&eacute; int&eacute;gr&eacute;e<\/strong> &ndash; Android Enterprise ready, avec des fonctions de s&eacute;curit&eacute; de niveau entreprise.<\/p>\n<\/li>\n<li data-start=\"1596\" data-end=\"1697\">\n<p data-start=\"1598\" data-end=\"1697\"><strong data-start=\"1598\" data-end=\"1620\">Outils Mobility DNA<\/strong> &ndash; l&rsquo;&eacute;cosyst&egrave;me d&rsquo;applications de Zebra pour simplifier la configuration, le d&eacute;ploiement et la gestion.<\/p>\n<\/li>\n<li data-start=\"1698\" data-end=\"1768\">\n<p data-start=\"1700\" data-end=\"1768\"><strong data-start=\"1700\" data-end=\"1712\">Garantie<\/strong> &ndash; Garantie limit&eacute;e de 2 ans par le fabricant.<\/p>\n<\/li>\n<\/ul><h2 data-start=\"1770\" data-end=\"1829\">Principaux avantages de l&rsquo;ordinateur mobile robuste Zebra TC58e<\/h2><h3 data-start=\"1831\" data-end=\"1873\">Fiabilit&eacute; rugueuse dans un format compact<\/h3><p data-start=\"1874\" data-end=\"2063\">Malgr&eacute; sa l&eacute;g&egrave;ret&eacute; et sa minceur, le TC58e est Fully Rugged. Avec une &eacute;tanch&eacute;it&eacute; IP65\/IP68 et une r&eacute;sistance aux chutes, il prosp&egrave;re dans des environnements exigeants o&ugrave; les smartphones grand public &eacute;choueraient.<\/p><h3 data-start=\"2065\" data-end=\"2096\">Visibilit&eacute; claire en tout lieu<\/h3><p data-start=\"2097\" data-end=\"2301\">L&rsquo;&eacute;cran de 6,0&Prime; offre une excellente clart&eacute; &agrave; 600 nits, garantissant une utilisation &agrave; l&rsquo;int&eacute;rieur comme &agrave; l&rsquo;ext&eacute;rieur. Gr&acirc;ce &agrave; la prise en charge des gants et du toucher humide, les travailleurs peuvent rester productifs sous la pluie, dans la poussi&egrave;re ou par temps froid.<\/p><h3 data-start=\"2303\" data-end=\"2332\">Connectivit&eacute; &agrave; haut d&eacute;bit<\/h3><p data-start=\"2333\" data-end=\"2573\">Con&ccedil;u comme un ordinateur mobile 5G-first, le TC58e permet un transfert de donn&eacute;es ultra-rapide, la diffusion de vid&eacute;os et l&rsquo;utilisation d&rsquo;applications en temps r&eacute;el. Associ&eacute; au Wi-Fi 6E et au Bluetooth 5.0, il garantit des connexions stables et flexibles dans tous les flux de travail.<\/p><h3 data-start=\"2575\" data-end=\"2602\">Capture avanc&eacute;e des donn&eacute;es<\/h3><p data-start=\"2603\" data-end=\"2838\">Le scanner de codes-barres SE4720 int&eacute;gr&eacute; traite les codes-barres endommag&eacute;s ou mal imprim&eacute;s avec rapidit&eacute; et pr&eacute;cision. Associ&eacute; &agrave; des cam&eacute;ras haute r&eacute;solution, le TC58e est id&eacute;al pour les preuves de livraison, la documentation des biens et les flux de travail du commerce de d&eacute;tail.<\/p><h3 data-start=\"2840\" data-end=\"2878\">Batterie pour un fonctionnement continu<\/h3><p data-start=\"2879\" data-end=\"3058\">La batterie de 4680 mAh rempla&ccedil;able &agrave; chaud permet aux travailleurs de maintenir leurs appareils en &eacute;tat de marche pendant de longues p&eacute;riodes de travail. Les batteries peuvent &ecirc;tre remplac&eacute;es sans &ecirc;tre mises hors tension, ce qui garantit des flux de travail ininterrompus.<\/p><h3 data-start=\"3060\" data-end=\"3099\">S&eacute;curit&eacute; de l&rsquo;entreprise et &eacute;cosyst&egrave;me<\/h3><p data-start=\"3100\" data-end=\"3326\">Fonctionnant sous Android avec les outils Mobility DNA de Zebra, le TC58e combine mat&eacute;riel et logiciel en une v&eacute;ritable solution pr&ecirc;te pour l&rsquo;entreprise. Les &eacute;quipes informatiques peuvent rationaliser le d&eacute;ploiement, appliquer des politiques et optimiser la connectivit&eacute; entre les appareils.<\/p><h3 data-start=\"3328\" data-end=\"3361\">Polyvalent dans toutes les industries<\/h3><p data-start=\"3362\" data-end=\"3579\">Des magasins aux camions de livraison, le TC58e s&rsquo;adapte parfaitement. Sa combinaison de robustesse, de num&eacute;risation, de connectivit&eacute; et de portabilit&eacute; le rend adapt&eacute; &agrave; la logistique, aux services sur le terrain et aux op&eacute;rations de vente au d&eacute;tail.<\/p><h2 data-start=\"3581\" data-end=\"3621\">Cas d&rsquo;utilisation id&eacute;aux pour le Zebra TC58e<\/h2><ul data-start=\"3623\" data-end=\"4131\">\n<li data-start=\"3623\" data-end=\"3721\">\n<p data-start=\"3625\" data-end=\"3721\"><strong data-start=\"3625\" data-end=\"3649\">Commerce de d&eacute;tail et h&ocirc;tellerie<\/strong> &ndash; Point de vente mobile, v&eacute;rification des stocks et engagement des clients sur le terrain.<\/p>\n<\/li>\n<li data-start=\"3722\" data-end=\"3827\">\n<p data-start=\"3724\" data-end=\"3827\"><strong data-start=\"3724\" data-end=\"3754\">Transport et logistique<\/strong> &ndash; Preuve de livraison, gestion des itin&eacute;raires en temps r&eacute;el et suivi des colis.<\/p>\n<\/li>\n<li data-start=\"3828\" data-end=\"3927\">\n<p data-start=\"3830\" data-end=\"3927\"><strong data-start=\"3830\" data-end=\"3859\">Services sur le terrain et services publics<\/strong> &ndash; Inspections, r&eacute;parations et saisie de donn&eacute;es dans des environnements ext&eacute;rieurs.<\/p>\n<\/li>\n<li data-start=\"3928\" data-end=\"4022\">\n<p data-start=\"3930\" data-end=\"4022\"><strong data-start=\"3930\" data-end=\"3945\">Entreposage<\/strong> &ndash; Pr&eacute;paration de commandes, num&eacute;risation et gestion des stocks dans des conditions industrielles robustes.<\/p>\n<\/li>\n<li data-start=\"4023\" data-end=\"4131\">\n<p data-start=\"4025\" data-end=\"4131\"><strong data-start=\"4025\" data-end=\"4055\">S&eacute;curit&eacute; publique et gouvernement<\/strong> &ndash; Communication et documentation fiables et s&eacute;curis&eacute;es pour les travailleurs de premi&egrave;re ligne.<\/p>\n<\/li>\n<\/ul><h2 data-start=\"4133\" data-end=\"4169\">Zebra TC58e Comparaison des produits<\/h2><p data-start=\"224\" data-end=\"448\">Le Zebra TC58e repr&eacute;sente la derni&egrave;re g&eacute;n&eacute;ration d&rsquo;ordinateurs de poche durcis, optimis&eacute;s pour la connectivit&eacute; 5G et les flux de travail avanc&eacute;s. Pour les organisations qui envisagent des alternatives, d&rsquo;autres appareils robustes disponibles chez Micro Nordic incluent :<\/p><ul data-start=\"450\" data-end=\"871\">\n<li data-start=\"450\" data-end=\"588\">\n<p data-start=\"452\" data-end=\"588\"><a href=\"https:\/\/micronordic.com\/product\/zebra-tc53e-handheld-mobile-computer\/\"><strong data-start=\"452\" data-end=\"490\">Zebra TC53e Handheld Mobile Computer<\/strong> <\/a>&ndash; Une variante Wi-Fi uniquement de la m&ecirc;me plateforme, id&eacute;ale lorsque la connectivit&eacute; cellulaire n&rsquo;est pas n&eacute;cessaire.<\/p>\n<\/li>\n<li data-start=\"589\" data-end=\"733\">\n<p data-start=\"591\" data-end=\"733\"><a href=\"https:\/\/micronordic.com\/product\/zebra-tc77-mobile-handheld-computer-refurbished\/\"><strong data-start=\"591\" data-end=\"635\">Zebra TC77 Handheld Mobile Computer<\/strong><\/a>&ndash; Un appareil anciennement robuste disponible remis &agrave; neuf, offrant une durabilit&eacute; &agrave; toute &eacute;preuve &agrave; moindre co&ucirc;t.<\/p>\n<\/li>\n<li data-start=\"734\" data-end=\"871\">\n<p data-start=\"736\" data-end=\"871\"><a href=\"https:\/\/micronordic.com\/product\/zebra-et65-rugged-enterprise-tablet\/\"><strong data-start=\"736\" data-end=\"775\">Zebra ET65 Rugged Tablet<\/strong><\/a> &ndash; Une tablette rugged Tablet plus grande de 12&Prime; avec connectivit&eacute; 5G pour les flux de travail n&eacute;cessitant plus d&rsquo;espace d&rsquo;affichage.<\/p>\n<\/li>\n<\/ul>\n","protected":false},"excerpt":{"rendered":"<h3>Sp\u00e9cifications :<\/h3>\n<ul>\n<li><strong>\u00c9cran :<\/strong> 6,0\u2033 FHD+ (2160\u00d71080), luminosit\u00e9 de 600 nits, prise en charge des gants et du toucher humide<\/li>\n<li><strong>Processeur :<\/strong> Qualcomm octa-core jusqu&rsquo;\u00e0 2,4 GHz<\/li>\n<li><strong>M\u00e9moire et stockage :<\/strong> 6 Go de RAM, 64 Go de m\u00e9moire flash<\/li>\n<li><strong>Connectivit\u00e9 :<\/strong> 5G, Wi-Fi 6E, Bluetooth 5.0, GPS, eSIM<\/li>\n<li><strong>Capture de donn\u00e9es et cam\u00e9ras :<\/strong> imageur 2D (SE4720), cam\u00e9ra arri\u00e8re de 16 MP, cam\u00e9ra avant de 8 MP<\/li>\n<li><strong>Batterie :<\/strong> 4680 mAh rempla\u00e7able \u00e0 chaud<\/li>\n<li><strong>Certifications robustes :<\/strong> IP65\/IP68, r\u00e9sistant aux chutes<\/li>\n<li><strong>S\u00e9curit\u00e9 :<\/strong> Fonctionnalit\u00e9s Android Enterprise, NFC, cryptage de niveau entreprise<\/li>\n<li><strong>Dimensions et poids :<\/strong> Environ 282 g<\/li>\n<li><strong>Garantie :<\/strong> 2 ans de garantie limit\u00e9e du fabricant<\/li>\n<\/ul>\n","protected":false},"author":24,"featured_media":100285,"template":"","meta":{"_acf_changed":false,"inline_featured_image":false},"product-condition":[5245],"product_brand":[9011],"product_cat":[5136,5142,5139],"product_tag":[],"class_list":{"0":"post-45726","1":"product","2":"type-product","3":"status-publish","4":"has-post-thumbnail","6":"product-condition-new-in-box","7":"product_brand-zebra","8":"product_cat-zebra","9":"product_cat-all-barcode-scanners","10":"product_cat-new-in-box-rugged-hardware","12":"first","13":"instock","14":"taxable","15":"shipping-taxable","16":"purchasable","17":"product-type-simple"},"acf":[],"_links":{"self":[{"href":"https:\/\/micronordic.com\/fr\/wp-json\/wp\/v2\/product\/45726","targetHints":{"allow":["GET"]}}],"collection":[{"href":"https:\/\/micronordic.com\/fr\/wp-json\/wp\/v2\/product"}],"about":[{"href":"https:\/\/micronordic.com\/fr\/wp-json\/wp\/v2\/types\/product"}],"author":[{"embeddable":true,"href":"https:\/\/micronordic.com\/fr\/wp-json\/wp\/v2\/users\/24"}],"version-history":[{"count":4,"href":"https:\/\/micronordic.com\/fr\/wp-json\/wp\/v2\/product\/45726\/revisions"}],"predecessor-version":[{"id":99077,"href":"https:\/\/micronordic.com\/fr\/wp-json\/wp\/v2\/product\/45726\/revisions\/99077"}],"wp:featuredmedia":[{"embeddable":true,"href":"https:\/\/micronordic.com\/fr\/wp-json\/wp\/v2\/media\/100285"}],"wp:attachment":[{"href":"https:\/\/micronordic.com\/fr\/wp-json\/wp\/v2\/media?parent=45726"}],"wp:term":[{"taxonomy":"product-condition","embeddable":true,"href":"https:\/\/micronordic.com\/fr\/wp-json\/wp\/v2\/product-condition?post=45726"},{"taxonomy":"product_brand","embeddable":true,"href":"https:\/\/micronordic.com\/fr\/wp-json\/wp\/v2\/product_brand?post=45726"},{"taxonomy":"product_cat","embeddable":true,"href":"https:\/\/micronordic.com\/fr\/wp-json\/wp\/v2\/product_cat?post=45726"},{"taxonomy":"product_tag","embeddable":true,"href":"https:\/\/micronordic.com\/fr\/wp-json\/wp\/v2\/product_tag?post=45726"}],"curies":[{"name":"wp","href":"https:\/\/api.w.org\/{rel}","templated":true}]}}