{"id":45724,"date":"2024-08-01T20:13:37","date_gmt":"2024-08-01T18:13:37","guid":{"rendered":"https:\/\/micronordic.com\/product\/zebra-tc53e-handheld-mobile-computer-new\/"},"modified":"2025-11-17T10:58:59","modified_gmt":"2025-11-17T09:58:59","slug":"zebra-tc53e-handheld-mobile-computer","status":"publish","type":"product","link":"https:\/\/micronordic.com\/fr\/product\/zebra-tc53e-handheld-mobile-computer\/","title":{"rendered":"Zebra TC53e Handheld Mobile Computer (NOUVEAU)"},"content":{"rendered":"<?xml encoding=\"utf-8\" ?><h2 data-start=\"186\" data-end=\"224\">Zebra TC53e Rugged Handheld Mobile Computer (ordinateur de poche mobile robuste)<\/h2><p data-start=\"226\" data-end=\"769\">Le <strong data-start=\"230\" data-end=\"268\">Zebra TC53e Handheld Mobile Computer<\/strong> est un appareil d&rsquo;entreprise robuste de nouvelle g&eacute;n&eacute;ration con&ccedil;u pour offrir aux entreprises une durabilit&eacute; robuste, une connectivit&eacute; sup&eacute;rieure et des performances puissantes pour les op&eacute;rations quotidiennes. Construit sur la m&ecirc;me plateforme avanc&eacute;e que le TC58e, le TC53e offre une mobilit&eacute; d&rsquo;entreprise avec un design Wi-Fi, ce qui en fait un excellent choix pour la vente au d&eacute;tail, l&rsquo;entreposage, la fabrication et l&rsquo;h&ocirc;tellerie. Compact mais puissant, il offre aux organisations les performances d&rsquo;un ordinateur de poche moderne combin&eacute;es &agrave; la fiabilit&eacute; robuste &eacute;prouv&eacute;e de Zebra.<\/p><h2 data-start=\"771\" data-end=\"807\">Caract&eacute;ristiques principales du Zebra TC53e Handheld Mobile Computer<\/h2><ul data-start=\"809\" data-end=\"1736\">\n<li data-start=\"809\" data-end=\"915\">\n<p data-start=\"811\" data-end=\"915\"><strong data-start=\"811\" data-end=\"832\">Durabilit&eacute; rugueuse<\/strong> &ndash; Certifi&eacute; IP65\/IP68 et test&eacute; aux chutes, il garantit des performances dans des conditions difficiles.<\/p>\n<\/li>\n<li data-start=\"916\" data-end=\"1027\">\n<p data-start=\"918\" data-end=\"1027\"><strong data-start=\"918\" data-end=\"939\">&Eacute;cran FHD+ de 6,0&Prime;<\/strong> &ndash; luminosit&eacute; de 600 nits avec possibilit&eacute; de toucher des gants et des surfaces mouill&eacute;es pour une utilisation en int&eacute;rieur et en ext&eacute;rieur.<\/p>\n<\/li>\n<li data-start=\"1028\" data-end=\"1118\">\n<p data-start=\"1030\" data-end=\"1118\"><strong data-start=\"1030\" data-end=\"1057\">Puissance de traitement moderne<\/strong> &ndash; Processeur octa-core Qualcomm&reg; 6490 avec acc&eacute;l&eacute;ration de l&rsquo;IA.<\/p>\n<\/li>\n<li data-start=\"1119\" data-end=\"1224\">\n<p data-start=\"1121\" data-end=\"1224\"><strong data-start=\"1121\" data-end=\"1137\">Connectivit&eacute;<\/strong> &ndash; Wi-Fi 6E, Bluetooth 5.2, GPS et options eSIM pour un r&eacute;seau d&rsquo;entreprise fiable.<\/p>\n<\/li>\n<li data-start=\"1225\" data-end=\"1324\">\n<p data-start=\"1227\" data-end=\"1324\"><strong data-start=\"1227\" data-end=\"1243\">Capture de donn&eacute;es<\/strong> &ndash; Scanner de codes-barres 2D SE4720 int&eacute;gr&eacute;, cam&eacute;ras arri&egrave;re de 16 MP et frontale de 8 MP.<\/p>\n<\/li>\n<li data-start=\"1325\" data-end=\"1400\">\n<p data-start=\"1327\" data-end=\"1400\"><strong data-start=\"1327\" data-end=\"1353\">Batterie rempla&ccedil;able &agrave; chaud<\/strong> &ndash; batterie de 4680 mAh pour un fonctionnement continu.<\/p>\n<\/li>\n<li data-start=\"1401\" data-end=\"1481\">\n<p data-start=\"1403\" data-end=\"1481\"><strong data-start=\"1403\" data-end=\"1425\">Conception l&eacute;g&egrave;re<\/strong> &ndash; Format mince et ergonomique d&rsquo;un poids d&rsquo;environ 282 g.<\/p>\n<\/li>\n<li data-start=\"1482\" data-end=\"1568\">\n<p data-start=\"1484\" data-end=\"1568\"><strong data-start=\"1484\" data-end=\"1507\">S&eacute;curit&eacute; d&rsquo;entreprise<\/strong> &ndash; Android Enterprise ready avec s&eacute;curit&eacute; int&eacute;gr&eacute;e et NFC.<\/p>\n<\/li>\n<li data-start=\"1569\" data-end=\"1672\">\n<p data-start=\"1571\" data-end=\"1672\"><strong data-start=\"1571\" data-end=\"1599\">Zebra Mobility DNA tools<\/strong> &ndash; Suite de solutions logicielles pour l&rsquo;installation, la connectivit&eacute; et la gestion.<\/p>\n<\/li>\n<li data-start=\"1673\" data-end=\"1736\">\n<p data-start=\"1675\" data-end=\"1736\"><strong data-start=\"1675\" data-end=\"1687\">Garantie<\/strong> &ndash; Couvert par la garantie limit&eacute;e standard de Zebra.<\/p>\n<\/li>\n<\/ul><h2 data-start=\"1738\" data-end=\"1797\">Principaux avantages de l&rsquo;ordinateur mobile robuste Zebra TC53e<\/h2><h3 data-start=\"1799\" data-end=\"1825\">Durable et fiable<\/h3><p data-start=\"1826\" data-end=\"2036\">Le TC53e est suffisamment robuste pour prosp&eacute;rer dans les magasins, les entrep&ocirc;ts et les environnements d&rsquo;arri&egrave;re-plan tr&egrave;s fr&eacute;quent&eacute;s. Ses certifications IP65\/IP68 et sa r&eacute;sistance aux chutes en font un outil fiable pour les flux de travail intensifs.<\/p><h3 data-start=\"2038\" data-end=\"2078\">Excellent affichage pour la productivit&eacute;<\/h3><p data-start=\"2079\" data-end=\"2331\">Avec un &eacute;cran lumineux de 6,0&Prime; et une entr&eacute;e tactile avec ou sans gants, le TC53e garantit une lisibilit&eacute; claire et une interaction transparente dans toutes les conditions. Ceci est particuli&egrave;rement utile pour les travailleurs du commerce de d&eacute;tail, le personnel d&rsquo;entrep&ocirc;t et les utilisateurs sur le terrain qui effectuent des t&acirc;ches en d&eacute;placement.<\/p><h3 data-start=\"2333\" data-end=\"2357\">Wi-Fi First Design<\/h3><p data-start=\"2358\" data-end=\"2603\">Contrairement au TC58e, le TC53e est optimis&eacute; pour les environnements o&ugrave; le Wi-Fi est la connexion principale. Avec le Wi-Fi 6E, les travailleurs b&eacute;n&eacute;ficient d&rsquo;une communication rapide, stable et s&eacute;curis&eacute;e sur les r&eacute;seaux d&rsquo;entreprise, ce qui en fait la solution id&eacute;ale pour les flux de travail en int&eacute;rieur.<\/p><h3 data-start=\"2605\" data-end=\"2639\">Performance au niveau de l&rsquo;entreprise<\/h3><p data-start=\"2640\" data-end=\"2883\">Dot&eacute; du processeur octa-core Qualcomm&reg; 6490, le TC53e offre de solides performances multit&acirc;ches et pr&ecirc;tes pour l&rsquo;IA. Qu&rsquo;il s&rsquo;agisse de g&eacute;rer les stocks, de traiter les commandes ou d&rsquo;ex&eacute;cuter des applications professionnelles exigeantes, le TC53e garantit des performances fluides.<\/p><h3 data-start=\"2885\" data-end=\"2915\">Rationalisation de la saisie des donn&eacute;es<\/h3><p data-start=\"2916\" data-end=\"3143\">Le lecteur de codes-barres 2D SE4720 int&eacute;gr&eacute; permet une lecture rapide et pr&eacute;cise, m&ecirc;me avec des codes-barres endommag&eacute;s. Associ&eacute; &agrave; des cam&eacute;ras haute r&eacute;solution, le TC53e prend en charge la documentation, la v&eacute;rification des produits et les applications de vente au d&eacute;tail.<\/p><h3 data-start=\"3145\" data-end=\"3173\">Alimentation par batterie fiable<\/h3><p data-start=\"3174\" data-end=\"3340\">Gr&acirc;ce &agrave; sa batterie rempla&ccedil;able &agrave; chaud de 4680 mAh, le TC53e permet d&rsquo;effectuer de longues heures de travail sans interruption. Les travailleurs peuvent remplacer les batteries sans mettre l&rsquo;appareil hors tension, ce qui optimise le temps de fonctionnement.<\/p><h3 data-start=\"3342\" data-end=\"3374\">S&eacute;curit&eacute; et facilit&eacute; de gestion<\/h3><p data-start=\"3375\" data-end=\"3602\">Le TC53e s&rsquo;int&egrave;gre &agrave; la suite Mobility DNA de Zebra, qui simplifie le d&eacute;ploiement, stimule la connectivit&eacute; et renforce la s&eacute;curit&eacute;. Des fonctionnalit&eacute;s telles que StageNow et Enterprise Home Screen permettent aux &eacute;quipes informatiques de g&eacute;rer facilement les appareils.<\/p><h3 data-start=\"3604\" data-end=\"3637\">Ergonomique et facile &agrave; transporter<\/h3><p data-start=\"3638\" data-end=\"3806\">L&eacute;ger (282 g seulement), le TC53e est con&ccedil;u pour assurer le confort pendant les p&eacute;riodes de travail prolong&eacute;es. Son profil mince le rend portable et pratique sans sacrifier la durabilit&eacute;.<\/p><h2 data-start=\"3808\" data-end=\"3848\">Cas d&rsquo;utilisation id&eacute;aux pour le Zebra TC53e<\/h2><ul data-start=\"3850\" data-end=\"4381\">\n<li data-start=\"3850\" data-end=\"3955\">\n<p data-start=\"3852\" data-end=\"3955\"><strong data-start=\"3852\" data-end=\"3876\">Commerce de d&eacute;tail et h&ocirc;tellerie<\/strong> &ndash; Point de vente mobile, gestion des stocks, service &agrave; la client&egrave;le et transactions en magasin.<\/p>\n<\/li>\n<li data-start=\"3956\" data-end=\"4073\">\n<p data-start=\"3958\" data-end=\"4073\"><strong data-start=\"3958\" data-end=\"3988\">Entreposage et distribution<\/strong> &ndash; Contr&ocirc;les d&rsquo;inventaire, pr&eacute;paration de commandes et lecture de codes &agrave; barres dans des op&eacute;rations &agrave; fort volume.<\/p>\n<\/li>\n<li data-start=\"4074\" data-end=\"4170\">\n<p data-start=\"4076\" data-end=\"4170\"><strong data-start=\"4076\" data-end=\"4093\">Fabrication<\/strong> &ndash; Les flux de travail de l&rsquo;atelier n&eacute;cessitent des ordinateurs de poche durables avec une saisie rapide des donn&eacute;es.<\/p>\n<\/li>\n<li data-start=\"4171\" data-end=\"4269\">\n<p data-start=\"4173\" data-end=\"4269\"><strong data-start=\"4173\" data-end=\"4190\">Service sur le terrain<\/strong> &ndash; Performances Wi-Fi fiables et robustesse pour les techniciens travaillant sur site.<\/p>\n<\/li>\n<li data-start=\"4270\" data-end=\"4381\">\n<p data-start=\"4272\" data-end=\"4381\"><strong data-start=\"4272\" data-end=\"4294\">Soutien aux soins de sant&eacute;<\/strong> &ndash; Saisie des donn&eacute;es des patients, v&eacute;rification des &eacute;quipements et acc&egrave;s s&eacute;curis&eacute; aux applications m&eacute;dicales.<\/p>\n<\/li>\n<\/ul><h2 data-start=\"4383\" data-end=\"4419\">Comparaison des produits Zebra TC53e<\/h2><p data-start=\"179\" data-end=\"403\">Le Zebra TC58e repr&eacute;sente la derni&egrave;re g&eacute;n&eacute;ration d&rsquo;ordinateurs de poche durcis, optimis&eacute;s pour la connectivit&eacute; 5G et les flux de travail avanc&eacute;s. Pour les organisations qui envisagent des alternatives, d&rsquo;autres appareils robustes disponibles chez Micro Nordic incluent :<\/p><ul data-start=\"405\" data-end=\"826\">\n<li data-start=\"405\" data-end=\"543\">\n<p data-start=\"407\" data-end=\"543\"><a href=\"https:\/\/micronordic.com\/product\/zebra-tc53e-handheld-mobile-computer\/\"><strong data-start=\"407\" data-end=\"445\">Zebra TC53e Handheld Mobile Computer<\/strong><\/a>&ndash; Une variante Wi-Fi uniquement de la m&ecirc;me plateforme, id&eacute;ale lorsque la connectivit&eacute; cellulaire n&rsquo;est pas n&eacute;cessaire.<\/p>\n<\/li>\n<li data-start=\"544\" data-end=\"688\">\n<p data-start=\"546\" data-end=\"688\"><a href=\"https:\/\/micronordic.com\/product\/zebra-tc77-mobile-handheld-computer-refurbished\/\"><strong data-start=\"546\" data-end=\"590\">Zebra TC77 Handheld Mobile Computer<\/strong><\/a> &ndash; Un appareil robuste h&eacute;rit&eacute; du pass&eacute;, disponible remis &agrave; neuf, offrant une durabilit&eacute; &agrave; toute &eacute;preuve &agrave; moindre co&ucirc;t.<\/p>\n<\/li>\n<li data-start=\"689\" data-end=\"826\">\n<p data-start=\"691\" data-end=\"826\"><a href=\"https:\/\/micronordic.com\/product\/zebra-et65-rugged-enterprise-tablet\/\"><strong data-start=\"691\" data-end=\"730\">Zebra ET65 Tablet<\/strong><\/a> &ndash; Une tablette rugged Tablet plus grande de 12&Prime; avec connectivit&eacute; 5G pour les flux de travail n&eacute;cessitant plus d&rsquo;espace d&rsquo;affichage.<\/p>\n<\/li>\n<\/ul>\n","protected":false},"excerpt":{"rendered":"<h3>Sp\u00e9cifications :<\/h3>\n<ul>\n<li><strong>\u00c9cran :<\/strong> 6,0\u2033 FHD+ (2160\u00d71080), luminosit\u00e9 de 600 nits, prise en charge des gants et du toucher humide<\/li>\n<li><strong>Processeur :<\/strong> Processeur octa-core Qualcomm\u00ae 6490<\/li>\n<li><strong>M\u00e9moire et stockage :<\/strong> 6 Go de RAM, 64 Go de m\u00e9moire flash<\/li>\n<li><strong>Connectivit\u00e9 :<\/strong> Wi-Fi 6E, Bluetooth 5.2, GPS, eSIM<\/li>\n<li><strong>Capture de donn\u00e9es et cam\u00e9ras :<\/strong> imageur 2D (SE4720), cam\u00e9ras 16 MP \u00e0 l&rsquo;arri\u00e8re et 8 MP \u00e0 l&rsquo;avant<\/li>\n<li><strong>Batterie :<\/strong> 4680 mAh rempla\u00e7able \u00e0 chaud<\/li>\n<li><strong>Certifications robustes :<\/strong> IP65\/IP68, r\u00e9sistance aux chutes<\/li>\n<li><strong>S\u00e9curit\u00e9 :<\/strong> Android Enterprise, NFC, fonctions de s\u00e9curit\u00e9 de niveau entreprise<\/li>\n<li><strong>Dimensions et poids :<\/strong> Environ 282 g<\/li>\n<li><strong>Garantie :<\/strong> 2 an de garantie limit\u00e9e standard du fabricant<\/li>\n<\/ul>\n","protected":false},"author":24,"featured_media":100270,"template":"","meta":{"_acf_changed":false,"inline_featured_image":false},"product-condition":[5245],"product_brand":[9011],"product_cat":[5136,5142,5139],"product_tag":[],"class_list":{"0":"post-45724","1":"product","2":"type-product","3":"status-publish","4":"has-post-thumbnail","6":"product-condition-new-in-box","7":"product_brand-zebra","8":"product_cat-zebra","9":"product_cat-all-barcode-scanners","10":"product_cat-new-in-box-rugged-hardware","12":"first","13":"instock","14":"taxable","15":"shipping-taxable","16":"purchasable","17":"product-type-simple"},"acf":[],"_links":{"self":[{"href":"https:\/\/micronordic.com\/fr\/wp-json\/wp\/v2\/product\/45724","targetHints":{"allow":["GET"]}}],"collection":[{"href":"https:\/\/micronordic.com\/fr\/wp-json\/wp\/v2\/product"}],"about":[{"href":"https:\/\/micronordic.com\/fr\/wp-json\/wp\/v2\/types\/product"}],"author":[{"embeddable":true,"href":"https:\/\/micronordic.com\/fr\/wp-json\/wp\/v2\/users\/24"}],"version-history":[{"count":4,"href":"https:\/\/micronordic.com\/fr\/wp-json\/wp\/v2\/product\/45724\/revisions"}],"predecessor-version":[{"id":97861,"href":"https:\/\/micronordic.com\/fr\/wp-json\/wp\/v2\/product\/45724\/revisions\/97861"}],"wp:featuredmedia":[{"embeddable":true,"href":"https:\/\/micronordic.com\/fr\/wp-json\/wp\/v2\/media\/100270"}],"wp:attachment":[{"href":"https:\/\/micronordic.com\/fr\/wp-json\/wp\/v2\/media?parent=45724"}],"wp:term":[{"taxonomy":"product-condition","embeddable":true,"href":"https:\/\/micronordic.com\/fr\/wp-json\/wp\/v2\/product-condition?post=45724"},{"taxonomy":"product_brand","embeddable":true,"href":"https:\/\/micronordic.com\/fr\/wp-json\/wp\/v2\/product_brand?post=45724"},{"taxonomy":"product_cat","embeddable":true,"href":"https:\/\/micronordic.com\/fr\/wp-json\/wp\/v2\/product_cat?post=45724"},{"taxonomy":"product_tag","embeddable":true,"href":"https:\/\/micronordic.com\/fr\/wp-json\/wp\/v2\/product_tag?post=45724"}],"curies":[{"name":"wp","href":"https:\/\/api.w.org\/{rel}","templated":true}]}}