{"id":45720,"date":"2024-08-01T20:13:06","date_gmt":"2024-08-01T18:13:06","guid":{"rendered":"https:\/\/micronordic.com\/product\/zebra-tc53-handheld-mobile-computer-new\/"},"modified":"2025-11-24T12:07:31","modified_gmt":"2025-11-24T11:07:31","slug":"zebra-tc53-handheld-mobile-computer","status":"publish","type":"product","link":"https:\/\/micronordic.com\/fr\/product\/zebra-tc53-handheld-mobile-computer\/","title":{"rendered":"Zebra TC53 Handheld Mobile Computer (NOUVEAU)"},"content":{"rendered":"<?xml encoding=\"utf-8\" ?><h2 data-start=\"306\" data-end=\"343\">Zebra TC53 Handheld Mobile Computer robuste<\/h2><p data-start=\"345\" data-end=\"824\">Le <strong data-start=\"349\" data-end=\"386\">Zebra TC53 Handheld Mobile Computer<\/strong> est un ordinateur de poche d&rsquo;entreprise avanc&eacute; con&ccedil;u pour les organisations qui ont besoin de performances, de connectivit&eacute; et de durabilit&eacute; rugged dans un appareil fin et moderne. Faisant partie de la s&eacute;rie TC5X, le TC53 combine le design robuste de Zebra avec une approche Wi-Fi, ce qui en fait la solution parfaite pour les entreprises op&eacute;rant principalement &agrave; l&rsquo;int&eacute;rieur. Qu&rsquo;il s&rsquo;agisse de commerce de d&eacute;tail, d&rsquo;entreposage ou d&rsquo;h&ocirc;tellerie, le TC53 offre efficacit&eacute;, visibilit&eacute; et fiabilit&eacute; &agrave; long terme.<\/p><p class=\"p1\">Les produits neufs b&eacute;n&eacute;ficient d&rsquo;une garantie fabricant de 2 ans.<\/p><h2 data-start=\"826\" data-end=\"861\">Caract&eacute;ristiques principales du Zebra TC53 :<\/h2><ul data-start=\"863\" data-end=\"1798\">\n<li data-start=\"863\" data-end=\"982\">\n<p data-start=\"865\" data-end=\"982\"><strong data-start=\"865\" data-end=\"886\">Durabilit&eacute; rugueuse<\/strong> &ndash; Certifi&eacute; IP65\/IP68 et test&eacute; aux chutes, il garantit des performances constantes dans les environnements difficiles.<\/p>\n<\/li>\n<li data-start=\"983\" data-end=\"1090\">\n<p data-start=\"985\" data-end=\"1090\"><strong data-start=\"985\" data-end=\"1006\">&Eacute;cran FHD+ de 6,0&Prime;<\/strong> &ndash; luminosit&eacute; de 600 nits, prise en charge des gants et du toucher humide, et protection en verre Gorilla.<\/p>\n<\/li>\n<li data-start=\"1091\" data-end=\"1206\">\n<p data-start=\"1093\" data-end=\"1206\"><strong data-start=\"1093\" data-end=\"1118\">Traitement &agrave; grande vitesse<\/strong> &ndash; Processeur octa-core Qualcomm&reg; 6490 avec acc&eacute;l&eacute;ration de l&rsquo;IA pour les applications exigeantes.<\/p>\n<\/li>\n<li data-start=\"1207\" data-end=\"1288\">\n<p data-start=\"1209\" data-end=\"1288\"><strong data-start=\"1209\" data-end=\"1236\">Connectivit&eacute; d&rsquo;entreprise<\/strong> &ndash; Wi-Fi 6E, Bluetooth 5.2, GPS et options eSIM.<\/p>\n<\/li>\n<li data-start=\"1289\" data-end=\"1379\">\n<p data-start=\"1291\" data-end=\"1379\"><strong data-start=\"1291\" data-end=\"1307\">Capture de donn&eacute;es<\/strong> &ndash; Scanner 2D SE4720 int&eacute;gr&eacute;, appareil photo arri&egrave;re de 16 MP, appareil photo avant de 8 MP.<\/p>\n<\/li>\n<li data-start=\"1380\" data-end=\"1450\">\n<p data-start=\"1382\" data-end=\"1450\"><strong data-start=\"1382\" data-end=\"1393\">Batterie<\/strong> &ndash; Batterie rempla&ccedil;able &agrave; chaud de 4680 mAh pour une autonomie d&rsquo;une journ&eacute;e.<\/p>\n<\/li>\n<li data-start=\"1451\" data-end=\"1531\">\n<p data-start=\"1453\" data-end=\"1531\"><strong data-start=\"1453\" data-end=\"1475\">Conception l&eacute;g&egrave;re<\/strong> &ndash; Format mince et ergonomique d&rsquo;un poids d&rsquo;environ 282 g.<\/p>\n<\/li>\n<li data-start=\"1532\" data-end=\"1619\">\n<p data-start=\"1534\" data-end=\"1619\"><strong data-start=\"1534\" data-end=\"1562\">Android Enterprise ready<\/strong> &ndash; Prise en charge d&rsquo;un syst&egrave;me d&rsquo;exploitation de niveau entreprise avec un cycle de vie &eacute;tendu.<\/p>\n<\/li>\n<li data-start=\"1620\" data-end=\"1730\">\n<p data-start=\"1622\" data-end=\"1730\"><strong data-start=\"1622\" data-end=\"1644\">Outils Mobility DNA<\/strong> &ndash; Suite logicielle de Zebra pour le d&eacute;ploiement, la gestion et l&rsquo;optimisation de la connectivit&eacute;.<\/p>\n<\/li>\n<li data-start=\"1731\" data-end=\"1798\">\n<p data-start=\"1733\" data-end=\"1798\"><strong data-start=\"1733\" data-end=\"1745\">Garantie<\/strong> &ndash; Garantie limit&eacute;e de 2 ans du fabricant Zebra.<\/p>\n<\/li>\n<\/ul><h2 data-start=\"1800\" data-end=\"1858\">Principaux avantages de l&rsquo;ordinateur mobile robuste Zebra TC53<\/h2><h3 data-start=\"1860\" data-end=\"1906\">Une robustesse fiable pour les op&eacute;rations quotidiennes<\/h3><p data-start=\"1907\" data-end=\"2066\">Le TC53 offre une &eacute;tanch&eacute;it&eacute; IP65\/IP68 et une r&eacute;sistance aux chutes, ce qui lui permet de r&eacute;sister aux flux de travail intensifs dans les entrep&ocirc;ts, les environnements de vente au d&eacute;tail et la logistique int&eacute;rieure.<\/p><h3 data-start=\"2068\" data-end=\"2103\">&Eacute;cran lumineux et fonctionnel<\/h3><p data-start=\"2104\" data-end=\"2277\">Son &eacute;cran FHD+ de 6,0&Prime; avec prise en charge des gants et du toucher humide garantit la productivit&eacute; dans toutes les conditions. Le verre Gorilla Glass durable offre une protection contre les rayures et les chocs.<\/p><h3 data-start=\"2279\" data-end=\"2319\">Le Wi-Fi d&rsquo;abord pour les performances en int&eacute;rieur<\/h3><p data-start=\"2320\" data-end=\"2510\">Contrairement au TC58, le TC53 est optimis&eacute; pour les environnements Wi-Fi, ce qui en fait le bon choix pour les entreprises qui d&eacute;pendent de r&eacute;seaux sans fil de qualit&eacute; professionnelle &agrave; l&rsquo;int&eacute;rieur de b&acirc;timents ou d&rsquo;entrep&ocirc;ts.<\/p><h3 data-start=\"2512\" data-end=\"2549\">Un traitement fluide et efficace<\/h3><p data-start=\"2550\" data-end=\"2743\">Avec un processeur octa-core Qualcomm&reg; 6490, le TC53 offre la vitesse et l&rsquo;efficacit&eacute; n&eacute;cessaires au multit&acirc;che et aux applications pilot&eacute;es par l&rsquo;IA, telles que la gestion des stocks et l&rsquo;analyse pr&eacute;dictive.<\/p><h3 data-start=\"2745\" data-end=\"2772\">Saisie des donn&eacute;es en toute transparence<\/h3><p data-start=\"2773\" data-end=\"2937\">&Eacute;quip&eacute; du lecteur de codes-barres SE4720 de Zebra et de cam&eacute;ras haute r&eacute;solution, le TC53 permet aux utilisateurs de capturer des codes-barres, des documents et des images rapidement et avec pr&eacute;cision.<\/p><h3 data-start=\"2939\" data-end=\"2969\">Batterie con&ccedil;ue pour les quarts de travail<\/h3><p data-start=\"2970\" data-end=\"3150\">La batterie de 4680 mAh rempla&ccedil;able &agrave; chaud garantit un fonctionnement continu pendant de longues p&eacute;riodes de travail. Les travailleurs peuvent remplacer les batteries sans avoir &agrave; se mettre hors tension, ce qui permet de maintenir le temps de fonctionnement pendant les flux de travail.<\/p><h3 data-start=\"3152\" data-end=\"3191\">S&eacute;curit&eacute; de l&rsquo;entreprise et &eacute;cosyst&egrave;me<\/h3><p data-start=\"3192\" data-end=\"3354\">Fonctionnant sous Android Enterprise et dot&eacute; des outils Mobility DNA de Zebra, le TC53 allie s&eacute;curit&eacute;, facilit&eacute; de gestion et productivit&eacute; dans un ensemble rationalis&eacute;.<\/p><h3 data-start=\"3356\" data-end=\"3382\">Con&ccedil;u pour le confort<\/h3><p data-start=\"3383\" data-end=\"3498\">Pesant seulement 282 g, le TC53 est l&eacute;ger et portable, r&eacute;duisant la fatigue de l&rsquo;utilisateur tout en conservant des certifications robustes.<\/p><h2 data-start=\"3500\" data-end=\"3539\">Cas d&rsquo;utilisation id&eacute;aux pour le Zebra TC53<\/h2><ul data-start=\"3541\" data-end=\"3985\">\n<li data-start=\"3541\" data-end=\"3632\">\n<p data-start=\"3543\" data-end=\"3632\"><strong data-start=\"3543\" data-end=\"3567\">Commerce de d&eacute;tail et h&ocirc;tellerie<\/strong> &ndash; points de vente, gestion des stocks et engagement des clients sur le terrain.<\/p>\n<\/li>\n<li data-start=\"3633\" data-end=\"3718\">\n<p data-start=\"3635\" data-end=\"3718\"><strong data-start=\"3635\" data-end=\"3662\">Entreposage et logistique<\/strong> &ndash; Contr&ocirc;le des stocks, num&eacute;risation et ex&eacute;cution des commandes.<\/p>\n<\/li>\n<li data-start=\"3719\" data-end=\"3810\">\n<p data-start=\"3721\" data-end=\"3810\"><strong data-start=\"3721\" data-end=\"3738\">Fabrication<\/strong> &ndash; Applications en atelier n&eacute;cessitant une durabilit&eacute; et une saisie rapide des donn&eacute;es.<\/p>\n<\/li>\n<li data-start=\"3811\" data-end=\"3906\">\n<p data-start=\"3813\" data-end=\"3906\"><strong data-start=\"3813\" data-end=\"3835\">Soutien aux soins de sant&eacute;<\/strong> &ndash; Suivi des patients, gestion des &eacute;quipements et acc&egrave;s s&eacute;curis&eacute; aux donn&eacute;es.<\/p>\n<\/li>\n<li data-start=\"3907\" data-end=\"3985\">\n<p data-start=\"3909\" data-end=\"3985\"><strong data-start=\"3909\" data-end=\"3926\">Service sur le terrain<\/strong> &ndash; Fonctionnement d&rsquo;ordinateurs de poche robustes dans des environnements riches en Wi-Fi.<\/p>\n<\/li>\n<\/ul><h2 data-start=\"3987\" data-end=\"4022\">Comparaison des produits Zebra TC53<\/h2><p data-start=\"177\" data-end=\"365\">Le Zebra TC53 est optimis&eacute; pour les environnements Wi-Fi tout en conservant une fiabilit&eacute; robuste. Pour les organisations qui envisagent d&rsquo;autres solutions, Micro Nordic propose d&rsquo;autres produits pertinents :<\/p><ul data-start=\"367\" data-end=\"789\">\n<li data-start=\"367\" data-end=\"497\">\n<p data-start=\"369\" data-end=\"497\"><a href=\"https:\/\/micronordic.com\/product\/zebra-tc58-handheld-mobile-computer\/\"><strong data-start=\"369\" data-end=\"406\">Zebra TC58 Handheld Mobile Computer<\/strong> <\/a>&ndash; La variante cellulaire avec 5G pour les entreprises qui ont besoin d&rsquo;une mobilit&eacute; ext&eacute;rieure avanc&eacute;e.<\/p>\n<\/li>\n<li data-start=\"498\" data-end=\"653\">\n<p data-start=\"500\" data-end=\"653\"><a href=\"https:\/\/micronordic.com\/product\/zebra-tc52-mobile-handheld-computer-refurbished\/\"><strong data-start=\"500\" data-end=\"540\">Zebra TC52 Handheld Mobile Computer<\/strong><\/a>&ndash; Un mod&egrave;le ancien disponible remis &agrave; neuf, id&eacute;al pour les op&eacute;rations sensibles aux co&ucirc;ts qui n&eacute;cessitent encore une durabilit&eacute; rugueuse.<\/p>\n<\/li>\n<li data-start=\"654\" data-end=\"789\">\n<p data-start=\"656\" data-end=\"789\"><a href=\"https:\/\/micronordic.com\/product\/zebra-tc22-handheld-mobile-computer\/\"><strong data-start=\"656\" data-end=\"693\">Zebra TC22 Handheld Mobile Computer<\/strong><\/a>&ndash; Une alternative compacte et &eacute;conomique pour les organisations qui ont besoin d&rsquo;un ordinateur de poche robuste plus petit.<\/p>\n<\/li>\n<\/ul>\n","protected":false},"excerpt":{"rendered":"<h3>Sp\u00e9cifications :<\/h3>\n<ul>\n<li><strong>\u00c9cran :<\/strong> 6,0\u2033 FHD+ (2160\u00d71080), luminosit\u00e9 de 600 nits, verre Gorilla, prise en charge des gants et du toucher humide<\/li>\n<li><strong>Processeur :<\/strong> Processeur octa-core Qualcomm\u00ae 6490 avec acc\u00e9l\u00e9ration de l&rsquo;IA<\/li>\n<li><strong>M\u00e9moire et stockage :<\/strong> 6 Go de RAM, 64 Go de m\u00e9moire flash<\/li>\n<li><strong>Connectivit\u00e9 :<\/strong> Wi-Fi 6E, Bluetooth 5.2, GPS, eSIM<\/li>\n<li><strong>Capture de donn\u00e9es et cam\u00e9ras :<\/strong> Scanner 2D SE4720, cam\u00e9ras 16 MP \u00e0 l&rsquo;arri\u00e8re et 8 MP \u00e0 l&rsquo;avant<\/li>\n<li><strong>Batterie :<\/strong> 4680 mAh rempla\u00e7able \u00e0 chaud<\/li>\n<li><strong>Certifications robustes :<\/strong> IP65\/IP68, r\u00e9sistant aux chutes<\/li>\n<li><strong>S\u00e9curit\u00e9 :<\/strong> Fonctionnalit\u00e9s Android Enterprise, cryptage de niveau entreprise, NFC<\/li>\n<li><strong>Dimensions et poids :<\/strong> Environ 282 g<\/li>\n<li><strong><strong>Garantie : <\/strong><\/strong>Garantie limit\u00e9e standard de 2 ans du fabricant<\/li>\n<\/ul>\n","protected":false},"author":24,"featured_media":100255,"template":"","meta":{"_acf_changed":false,"inline_featured_image":false},"product-condition":[5245],"product_brand":[9011],"product_cat":[5136,5142,5139],"product_tag":[],"class_list":{"0":"post-45720","1":"product","2":"type-product","3":"status-publish","4":"has-post-thumbnail","6":"product-condition-new-in-box","7":"product_brand-zebra","8":"product_cat-zebra","9":"product_cat-all-barcode-scanners","10":"product_cat-new-in-box-rugged-hardware","12":"first","13":"instock","14":"taxable","15":"shipping-taxable","16":"purchasable","17":"product-type-simple"},"acf":[],"_links":{"self":[{"href":"https:\/\/micronordic.com\/fr\/wp-json\/wp\/v2\/product\/45720","targetHints":{"allow":["GET"]}}],"collection":[{"href":"https:\/\/micronordic.com\/fr\/wp-json\/wp\/v2\/product"}],"about":[{"href":"https:\/\/micronordic.com\/fr\/wp-json\/wp\/v2\/types\/product"}],"author":[{"embeddable":true,"href":"https:\/\/micronordic.com\/fr\/wp-json\/wp\/v2\/users\/24"}],"version-history":[{"count":4,"href":"https:\/\/micronordic.com\/fr\/wp-json\/wp\/v2\/product\/45720\/revisions"}],"predecessor-version":[{"id":99071,"href":"https:\/\/micronordic.com\/fr\/wp-json\/wp\/v2\/product\/45720\/revisions\/99071"}],"wp:featuredmedia":[{"embeddable":true,"href":"https:\/\/micronordic.com\/fr\/wp-json\/wp\/v2\/media\/100255"}],"wp:attachment":[{"href":"https:\/\/micronordic.com\/fr\/wp-json\/wp\/v2\/media?parent=45720"}],"wp:term":[{"taxonomy":"product-condition","embeddable":true,"href":"https:\/\/micronordic.com\/fr\/wp-json\/wp\/v2\/product-condition?post=45720"},{"taxonomy":"product_brand","embeddable":true,"href":"https:\/\/micronordic.com\/fr\/wp-json\/wp\/v2\/product_brand?post=45720"},{"taxonomy":"product_cat","embeddable":true,"href":"https:\/\/micronordic.com\/fr\/wp-json\/wp\/v2\/product_cat?post=45720"},{"taxonomy":"product_tag","embeddable":true,"href":"https:\/\/micronordic.com\/fr\/wp-json\/wp\/v2\/product_tag?post=45720"}],"curies":[{"name":"wp","href":"https:\/\/api.w.org\/{rel}","templated":true}]}}