{"id":45718,"date":"2024-08-01T16:13:29","date_gmt":"2024-08-01T14:13:29","guid":{"rendered":"https:\/\/micronordic.com\/product\/zebra-tc27-handheld-mobile-computer-new\/"},"modified":"2025-11-24T12:03:42","modified_gmt":"2025-11-24T11:03:42","slug":"zebra-tc27-handheld-mobile-computer","status":"publish","type":"product","link":"https:\/\/micronordic.com\/fr\/product\/zebra-tc27-handheld-mobile-computer\/","title":{"rendered":"Zebra TC27 Handheld Mobile Computer (NOUVEAU)"},"content":{"rendered":"<?xml encoding=\"utf-8\" ?><h2 data-start=\"242\" data-end=\"279\">Zebra TC27 Handheld Mobile Computer robuste<\/h2><p data-start=\"281\" data-end=\"816\">L&rsquo;<strong data-start=\"285\" data-end=\"322\">ordinateur de poche mobile durci Zebra TC27est<\/strong>un ordinateur de poche d&rsquo;entreprise compact et abordable con&ccedil;u pour les entreprises qui ont besoin d&rsquo;une fiabilit&eacute; robuste avec une connectivit&eacute; cellulaire compl&egrave;te. Bas&eacute; sur la m&ecirc;me plateforme que le TC22, le TC27 ajoute des capacit&eacute;s 4G\/5G, ce qui le rend adapt&eacute; aux flux de travail en int&eacute;rieur et en ext&eacute;rieur. Avec un design l&eacute;ger, une capture de donn&eacute;es de classe entreprise et des options de batterie flexibles, le TC27 offre la durabilit&eacute; et la performance dont les entreprises ont besoin, &agrave; un prix qui rend les d&eacute;ploiements &agrave; grande &eacute;chelle accessibles.<\/p><p class=\"p1\">Les produits neufs b&eacute;n&eacute;ficient d&rsquo;une garantie fabricant de 2 ans.<\/p><h2 data-start=\"818\" data-end=\"853\">Principales caract&eacute;ristiques du Zebra TC27<\/h2><ul data-start=\"855\" data-end=\"1708\">\n<li data-start=\"855\" data-end=\"953\">\n<p data-start=\"857\" data-end=\"953\"><strong data-start=\"857\" data-end=\"878\">Durabilit&eacute; rugueuse<\/strong> &ndash; Certifi&eacute; IP65\/IP68 et r&eacute;sistant aux chutes, avec protection en verre Gorilla.<\/p>\n<\/li>\n<li data-start=\"954\" data-end=\"1041\">\n<p data-start=\"956\" data-end=\"1041\"><strong data-start=\"956\" data-end=\"977\">&Eacute;cran FHD+ de 6,0&Prime;<\/strong> &ndash; &Eacute;cran haute r&eacute;solution compatible avec les gants et le toucher humide.<\/p>\n<\/li>\n<li data-start=\"1042\" data-end=\"1134\">\n<p data-start=\"1044\" data-end=\"1134\"><strong data-start=\"1044\" data-end=\"1066\">Processeur puissant<\/strong> &ndash; Plate-forme hexagonale Qualcomm Snapdragon pour des performances fiables.<\/p>\n<\/li>\n<li data-start=\"1135\" data-end=\"1202\">\n<p data-start=\"1137\" data-end=\"1202\"><strong data-start=\"1137\" data-end=\"1153\">Connectivit&eacute;<\/strong> &ndash; LTE 5G\/4G, Wi-Fi 6E, Bluetooth 5.2 et GPS.<\/p>\n<\/li>\n<li data-start=\"1203\" data-end=\"1296\">\n<p data-start=\"1205\" data-end=\"1296\"><strong data-start=\"1205\" data-end=\"1221\">Saisie des donn&eacute;es<\/strong> &ndash; Choix de lecteurs de codes &agrave; barres SE4710 (standard) ou SE55 (gamme avanc&eacute;e).<\/p>\n<\/li>\n<li data-start=\"1297\" data-end=\"1386\">\n<p data-start=\"1299\" data-end=\"1386\"><strong data-start=\"1299\" data-end=\"1322\">Flexibilit&eacute; de la batterie<\/strong> &ndash; Batterie standard amovible de 3 800 mAh ou batterie &eacute;tendue de 5 200 mAh.<\/p>\n<\/li>\n<li data-start=\"1387\" data-end=\"1460\">\n<p data-start=\"1389\" data-end=\"1460\"><strong data-start=\"1389\" data-end=\"1416\">Facteur de forme l&eacute;ger<\/strong> &ndash; Environ 236 g avec un design fin de 12,5 mm.<\/p>\n<\/li>\n<li data-start=\"1461\" data-end=\"1534\">\n<p data-start=\"1463\" data-end=\"1534\"><strong data-start=\"1463\" data-end=\"1491\">Android Enterprise ready<\/strong> &ndash; Syst&egrave;me d&rsquo;exploitation s&eacute;curis&eacute; avec prise en charge des mises &agrave; jour futures.<\/p>\n<\/li>\n<li data-start=\"1535\" data-end=\"1640\">\n<p data-start=\"1537\" data-end=\"1640\"><strong data-start=\"1537\" data-end=\"1565\">Zebra Mobility DNA tools<\/strong> &ndash; Suite d&rsquo;applications pour le d&eacute;ploiement, la s&eacute;curit&eacute; et l&rsquo;optimisation de la connectivit&eacute;.<\/p>\n<\/li>\n<li data-start=\"1641\" data-end=\"1708\">\n<p data-start=\"1643\" data-end=\"1708\"><strong data-start=\"1643\" data-end=\"1655\">Garantie<\/strong> &ndash; Garantie limit&eacute;e de 2 ans du fabricant Zebra.<\/p>\n<\/li>\n<\/ul><h2 data-start=\"1710\" data-end=\"1768\">Principaux avantages de l&rsquo;ordinateur mobile robuste Zebra TC27<\/h2><h3 data-start=\"1770\" data-end=\"1801\">Robuste et rentable<\/h3><p data-start=\"1802\" data-end=\"1988\">Le TC27 offre une combinaison de robustesse et de prix abordable, ce qui en fait un choix pratique pour les organisations qui ont besoin de durabilit&eacute; &agrave; grande &eacute;chelle sans investir dans des appareils co&ucirc;teux.<\/p><h3 data-start=\"1990\" data-end=\"2017\">Connectivit&eacute; en tout lieu<\/h3><p data-start=\"2018\" data-end=\"2222\">Contrairement au TC22, le TC27 est dot&eacute; d&rsquo;une connectivit&eacute; cellulaire 4G\/5G et d&rsquo;un GPS. Il convient donc aux travailleurs mobiles, aux techniciens de terrain et aux &eacute;quipes logistiques qui travaillent en dehors de la couverture Wi-Fi.<\/p><h3 data-start=\"2224\" data-end=\"2263\">Affichage lumineux dans toutes les conditions<\/h3><p data-start=\"2264\" data-end=\"2448\">L&rsquo;&eacute;cran FHD+ de 6,0&Prime; garantit une excellente clart&eacute; &agrave; l&rsquo;int&eacute;rieur comme &agrave; l&rsquo;ext&eacute;rieur. Gr&acirc;ce &agrave; la prise en charge des gants et du toucher humide, l&rsquo;appareil peut &ecirc;tre utilis&eacute; en toute confiance dans tous les environnements de travail.<\/p><h3 data-start=\"2450\" data-end=\"2477\">Saisie fiable des donn&eacute;es<\/h3><p data-start=\"2478\" data-end=\"2688\">Avec les moteurs de lecture SE4710 ou SE55, le TC27 permet une capture rapide et pr&eacute;cise des codes-barres, m&ecirc;me dans des conditions difficiles. Associ&eacute; &agrave; ses cam&eacute;ras int&eacute;gr&eacute;es, il r&eacute;pond &agrave; des besoins de collecte de donn&eacute;es flexibles.<\/p><h3 data-start=\"2690\" data-end=\"2714\">Puissance durable<\/h3><p data-start=\"2715\" data-end=\"2881\">Le syst&egrave;me de batterie amovible permet aux entreprises de choisir entre une batterie standard et une batterie longue dur&eacute;e. Les travailleurs peuvent changer de batterie en cours d&rsquo;&eacute;quipe sans temps d&rsquo;arr&ecirc;t.<\/p><h3 data-start=\"2883\" data-end=\"2914\">L&eacute;ger et ergonomique<\/h3><p data-start=\"2915\" data-end=\"3054\">Pesant &agrave; peine plus de 230 g, le TC27 est mince, ergonomique et confortable &agrave; porter pendant les longues p&eacute;riodes de travail, ce qui r&eacute;duit la fatigue du personnel de premi&egrave;re ligne.<\/p><h3 data-start=\"3056\" data-end=\"3096\">S&eacute;curit&eacute; et gestion des entreprises<\/h3><p data-start=\"3097\" data-end=\"3240\">Android Enterprise associ&eacute; aux outils Mobility DNA de Zebra garantit la s&eacute;curit&eacute;, la facilit&eacute; d&rsquo;installation et la gestion simplifi&eacute;e des appareils dans l&rsquo;ensemble des op&eacute;rations.<\/p><h2 data-start=\"3242\" data-end=\"3281\">Cas d&rsquo;utilisation id&eacute;aux pour le Zebra TC27<\/h2><ul data-start=\"3283\" data-end=\"3825\">\n<li data-start=\"3283\" data-end=\"3392\">\n<p data-start=\"3285\" data-end=\"3392\"><strong data-start=\"3285\" data-end=\"3314\">Services sur le terrain et services publics<\/strong> &ndash; Connectivit&eacute; 5G fiable pour les inspections, les r&eacute;parations et les rapports sur site.<\/p>\n<\/li>\n<li data-start=\"3393\" data-end=\"3498\">\n<p data-start=\"3395\" data-end=\"3498\"><strong data-start=\"3395\" data-end=\"3425\">Transport et logistique<\/strong> &ndash; Gestion des itin&eacute;raires en temps r&eacute;el, preuves de livraison et op&eacute;rations de flotte.<\/p>\n<\/li>\n<li data-start=\"3499\" data-end=\"3627\">\n<p data-start=\"3501\" data-end=\"3627\"><strong data-start=\"3501\" data-end=\"3525\">Commerce de d&eacute;tail et h&ocirc;tellerie<\/strong> &ndash; Point de vente mobile, v&eacute;rification des stocks et service &agrave; la client&egrave;le dans des environnements aux besoins de connectivit&eacute; vari&eacute;s.<\/p>\n<\/li>\n<li data-start=\"3628\" data-end=\"3722\">\n<p data-start=\"3630\" data-end=\"3722\"><strong data-start=\"3630\" data-end=\"3645\">Entreposage<\/strong> &ndash; Pr&eacute;paration de commandes, num&eacute;risation et comptage de cycles o&ugrave; la sauvegarde cellulaire est pr&eacute;cieuse.<\/p>\n<\/li>\n<li data-start=\"3723\" data-end=\"3825\">\n<p data-start=\"3725\" data-end=\"3825\"><strong data-start=\"3725\" data-end=\"3755\">S&eacute;curit&eacute; publique et gouvernement<\/strong> &ndash; Communication s&eacute;curis&eacute;e et saisie de donn&eacute;es dans le cadre d&rsquo;op&eacute;rations mobiles sur le terrain.<\/p>\n<\/li>\n<\/ul><h2 data-start=\"3827\" data-end=\"3862\">Comparaison des produits Zebra TC27<\/h2><p data-start=\"152\" data-end=\"360\">Le Zebra TC27 est le compagnon cellulaire du TC22, offrant une mobilit&eacute; totale sur les r&eacute;seaux Wi-Fi et 5G. Pour les entreprises qui envisagent d&rsquo;autres solutions, les appareils pertinents disponibles chez Micro Nordic comprennent :<\/p><ul data-start=\"362\" data-end=\"758\">\n<li data-start=\"362\" data-end=\"474\">\n<p data-start=\"364\" data-end=\"474\"><a href=\"https:\/\/micronordic.com\/product\/zebra-tc22-handheld-mobile-computer\/\"><strong data-start=\"364\" data-end=\"401\">Zebra TC22 Handheld Mobile Computer<\/strong><\/a>&ndash; La variante Wi-Fi de la plateforme, adapt&eacute;e aux flux de travail en int&eacute;rieur.<\/p>\n<\/li>\n<li data-start=\"475\" data-end=\"606\">\n<p data-start=\"477\" data-end=\"606\"><a href=\"https:\/\/micronordic.com\/product\/zebra-tc58-handheld-mobile-computer\/\"><strong data-start=\"477\" data-end=\"514\">Zebra TC58 Handheld Mobile Computer<\/strong><\/a>&ndash; Un ordinateur de poche robuste haut de gamme avec un traitement plus puissant et des fonctions d&rsquo;entreprise avanc&eacute;es.<\/p>\n<\/li>\n<li data-start=\"607\" data-end=\"758\">\n<p data-start=\"609\" data-end=\"758\"><a href=\"https:\/\/micronordic.com\/product\/zebra-tc52-mobile-handheld-computer-refurbished\/\"><strong data-start=\"609\" data-end=\"649\">Zebra TC52 Handheld Mobile Computer<\/strong> <\/a>&ndash; Un mod&egrave;le ancien disponible remis &agrave; neuf, offrant une option &eacute;conomique pour les d&eacute;ploiements d&rsquo;ordinateurs de poche robustes.<\/p>\n<\/li>\n<\/ul>\n","protected":false},"excerpt":{"rendered":"<h3>Sp\u00e9cifications :<\/h3>\n<ul>\n<li><strong>\u00c9cran :<\/strong> 6.0\u2033 FHD+ (1080\u00d72160), prise en charge des gants et du toucher humide<\/li>\n<li><strong>Processeur :<\/strong> Plate-forme hexagonale Qualcomm Snapdragon<\/li>\n<li><strong>M\u00e9moire et stockage :<\/strong> 6 Go de RAM, 64 Go de m\u00e9moire flash<\/li>\n<li><strong>Connectivit\u00e9 :<\/strong> LTE 5G\/4G, Wi-Fi 6E, Bluetooth 5.2, GPS<\/li>\n<li><strong>Capture de donn\u00e9es et cam\u00e9ras :<\/strong> Scanner SE4710 ou SE55, cam\u00e9ras 16 MP \u00e0 l&rsquo;arri\u00e8re et 5 MP \u00e0 l&rsquo;avant<\/li>\n<li><strong>Batterie :<\/strong> 3 800 mAh standard ou 5 200 mAh \u00e9tendue, amovible<\/li>\n<li><strong>Certifications robustes :<\/strong> IP65 \/ IP68, test\u00e9 aux chutes<\/li>\n<li><strong>S\u00e9curit\u00e9 :<\/strong> Android Enterprise, NFC, cryptage de niveau entreprise<\/li>\n<li><strong>Dimensions et poids :<\/strong> ~165 \u00d7 76 \u00d7 12,5 mm, environ 236 g<\/li>\n<li><strong><strong>Garantie : <\/strong><\/strong>Garantie limit\u00e9e standard de 2 ans du fabricant<\/li>\n<\/ul>\n","protected":false},"author":24,"featured_media":100240,"template":"","meta":{"_acf_changed":false,"inline_featured_image":false},"product-condition":[5245],"product_brand":[9011],"product_cat":[5136,5142,5139],"product_tag":[],"class_list":{"0":"post-45718","1":"product","2":"type-product","3":"status-publish","4":"has-post-thumbnail","6":"product-condition-new-in-box","7":"product_brand-zebra","8":"product_cat-zebra","9":"product_cat-all-barcode-scanners","10":"product_cat-new-in-box-rugged-hardware","12":"first","13":"instock","14":"taxable","15":"shipping-taxable","16":"purchasable","17":"product-type-simple"},"acf":[],"_links":{"self":[{"href":"https:\/\/micronordic.com\/fr\/wp-json\/wp\/v2\/product\/45718","targetHints":{"allow":["GET"]}}],"collection":[{"href":"https:\/\/micronordic.com\/fr\/wp-json\/wp\/v2\/product"}],"about":[{"href":"https:\/\/micronordic.com\/fr\/wp-json\/wp\/v2\/types\/product"}],"author":[{"embeddable":true,"href":"https:\/\/micronordic.com\/fr\/wp-json\/wp\/v2\/users\/24"}],"version-history":[{"count":5,"href":"https:\/\/micronordic.com\/fr\/wp-json\/wp\/v2\/product\/45718\/revisions"}],"predecessor-version":[{"id":99066,"href":"https:\/\/micronordic.com\/fr\/wp-json\/wp\/v2\/product\/45718\/revisions\/99066"}],"wp:featuredmedia":[{"embeddable":true,"href":"https:\/\/micronordic.com\/fr\/wp-json\/wp\/v2\/media\/100240"}],"wp:attachment":[{"href":"https:\/\/micronordic.com\/fr\/wp-json\/wp\/v2\/media?parent=45718"}],"wp:term":[{"taxonomy":"product-condition","embeddable":true,"href":"https:\/\/micronordic.com\/fr\/wp-json\/wp\/v2\/product-condition?post=45718"},{"taxonomy":"product_brand","embeddable":true,"href":"https:\/\/micronordic.com\/fr\/wp-json\/wp\/v2\/product_brand?post=45718"},{"taxonomy":"product_cat","embeddable":true,"href":"https:\/\/micronordic.com\/fr\/wp-json\/wp\/v2\/product_cat?post=45718"},{"taxonomy":"product_tag","embeddable":true,"href":"https:\/\/micronordic.com\/fr\/wp-json\/wp\/v2\/product_tag?post=45718"}],"curies":[{"name":"wp","href":"https:\/\/api.w.org\/{rel}","templated":true}]}}