{"id":45716,"date":"2024-08-01T20:12:43","date_gmt":"2024-08-01T18:12:43","guid":{"rendered":"https:\/\/micronordic.com\/product\/zebra-tc22-handheld-mobile-computer-new\/"},"modified":"2025-11-24T12:05:31","modified_gmt":"2025-11-24T11:05:31","slug":"zebra-tc22-handheld-mobile-computer","status":"publish","type":"product","link":"https:\/\/micronordic.com\/fr\/product\/zebra-tc22-handheld-mobile-computer\/","title":{"rendered":"Zebra TC22 Handheld Mobile Computer (NOUVEAU)"},"content":{"rendered":"<?xml encoding=\"utf-8\" ?><h2 data-start=\"315\" data-end=\"352\">Zebra TC22 Handheld Mobile Computer robuste<\/h2><p data-start=\"354\" data-end=\"781\">Le <strong data-start=\"358\" data-end=\"395\">Zebra TC22 Handheld Mobile Computer<\/strong> est con&ccedil;u pour offrir aux entreprises un appareil portable d&rsquo;entreprise robuste, &agrave; la fois abordable et puissant. Compact, l&eacute;ger et facile &agrave; utiliser, il allie une durabilit&eacute; rugueuse &agrave; des caract&eacute;ristiques de performance modernes. Optimis&eacute; pour les environnements Wi-Fi, le TC22 est un choix judicieux pour la vente au d&eacute;tail, l&rsquo;entreposage, l&rsquo;h&ocirc;tellerie et les applications l&eacute;g&egrave;res de service sur le terrain o&ugrave; la mobilit&eacute; et la rentabilit&eacute; sont essentielles.<\/p><p class=\"p1\">Les produits neufs b&eacute;n&eacute;ficient d&rsquo;une garantie fabricant de 2 ans.<\/p><h2 data-start=\"783\" data-end=\"818\">Principales caract&eacute;ristiques du Zebra TC22<\/h2><ul data-start=\"820\" data-end=\"1708\">\n<li data-start=\"820\" data-end=\"912\">\n<p data-start=\"822\" data-end=\"912\"><strong data-start=\"822\" data-end=\"838\">Construction robuste<\/strong> &ndash; Certifi&eacute; IP65\/IP68 et r&eacute;sistant aux chutes avec une protection en verre Gorilla.<\/p>\n<\/li>\n<li data-start=\"913\" data-end=\"997\">\n<p data-start=\"915\" data-end=\"997\"><strong data-start=\"915\" data-end=\"936\">&Eacute;cran FHD+ de 6,0&Prime;<\/strong> &ndash; &Eacute;cran haute r&eacute;solution avec prise en charge des gants et du toucher humide.<\/p>\n<\/li>\n<li data-start=\"998\" data-end=\"1087\">\n<p data-start=\"1000\" data-end=\"1087\"><strong data-start=\"1000\" data-end=\"1023\">Processeur efficace<\/strong> &ndash; Plate-forme hexagonale Qualcomm Snapdragon pour un fonctionnement fluide.<\/p>\n<\/li>\n<li data-start=\"1088\" data-end=\"1173\">\n<p data-start=\"1090\" data-end=\"1173\"><strong data-start=\"1090\" data-end=\"1106\">Connectivit&eacute;<\/strong> &ndash; Wi-Fi 6E et Bluetooth 5.2 pour un r&eacute;seau d&rsquo;entreprise fiable.<\/p>\n<\/li>\n<li data-start=\"1174\" data-end=\"1277\">\n<p data-start=\"1176\" data-end=\"1277\"><strong data-start=\"1176\" data-end=\"1192\">Saisie des donn&eacute;es<\/strong> &ndash; Options de scanner int&eacute;gr&eacute; comprenant le SE4710 (standard) ou le SE55 (gamme avanc&eacute;e).<\/p>\n<\/li>\n<li data-start=\"1278\" data-end=\"1363\">\n<p data-start=\"1280\" data-end=\"1363\"><strong data-start=\"1280\" data-end=\"1299\">Options de batterie<\/strong> &ndash; Batterie standard amovible de 3 800 mAh ou batterie &eacute;tendue de 5 200 mAh.<\/p>\n<\/li>\n<li data-start=\"1364\" data-end=\"1447\">\n<p data-start=\"1366\" data-end=\"1447\"><strong data-start=\"1366\" data-end=\"1388\">Conception l&eacute;g&egrave;re<\/strong> &ndash; Profil mince pesant &agrave; peine plus de 230 g pour les longues p&eacute;riodes de travail.<\/p>\n<\/li>\n<li data-start=\"1448\" data-end=\"1526\">\n<p data-start=\"1450\" data-end=\"1526\"><strong data-start=\"1450\" data-end=\"1478\">Android Enterprise ready<\/strong> &ndash; Syst&egrave;me d&rsquo;exploitation s&eacute;curis&eacute; avec prise en charge des mises &agrave; jour futures.<\/p>\n<\/li>\n<li data-start=\"1527\" data-end=\"1639\">\n<p data-start=\"1529\" data-end=\"1639\"><strong data-start=\"1529\" data-end=\"1551\">Outils Mobility DNA<\/strong> &ndash; &eacute;cosyst&egrave;me logiciel Zebra pour le d&eacute;ploiement, la gestion et l&rsquo;optimisation de la connectivit&eacute;.<\/p>\n<\/li>\n<li data-start=\"1640\" data-end=\"1708\">\n<p data-start=\"1642\" data-end=\"1708\"><strong data-start=\"1642\" data-end=\"1654\">Garantie<\/strong> &ndash; Garantie limit&eacute;e de 2 ans du fabricant Zebra.<\/p>\n<\/li>\n<\/ul><h2 data-start=\"1710\" data-end=\"1768\">Principaux avantages de l&rsquo;ordinateur mobile robuste Zebra TC22<\/h2><h3 data-start=\"1770\" data-end=\"1797\">Robuste et abordable<\/h3><p data-start=\"1798\" data-end=\"2022\">Le TC22 offre la durabilit&eacute; rugueuse qui fait la r&eacute;putation de Zebra, mais &agrave; un prix inf&eacute;rieur. Il convient donc aux d&eacute;ploiements &agrave; grande &eacute;chelle o&ugrave; la sensibilit&eacute; au prix est un facteur, sans compromettre les caract&eacute;ristiques robustes essentielles.<\/p><h3 data-start=\"2024\" data-end=\"2058\">Un affichage clair pour le travail quotidien<\/h3><p data-start=\"2059\" data-end=\"2236\">Son &eacute;cran de 6,0&Prime;, compatible avec les gants et le toucher humide, garantit une utilisation dans toutes les conditions. Des ateliers aux entrep&ocirc;ts, le personnel peut visualiser les applications et interagir avec elles en toute simplicit&eacute;.<\/p><h3 data-start=\"2238\" data-end=\"2274\">Performance pour les t&acirc;ches quotidiennes<\/h3><p data-start=\"2275\" data-end=\"2450\">Le processeur Qualcomm prend en charge les contr&ocirc;les d&rsquo;inventaire, les applications POS et la gestion des t&acirc;ches avec des performances fluides. Il est con&ccedil;u pour les flux de travail o&ugrave; l&rsquo;efficacit&eacute; est essentielle.<\/p><h3 data-start=\"2452\" data-end=\"2479\">Saisie fiable des donn&eacute;es<\/h3><p data-start=\"2480\" data-end=\"2658\">Avec le choix entre les moteurs de num&eacute;risation SE4710 et SE55, le TC22 prend en charge toutes les t&acirc;ches, des scans de codes-barres de pr&egrave;s aux t&acirc;ches de longue port&eacute;e, ce qui le rend flexible pour divers cas d&rsquo;utilisation.<\/p><h3 data-start=\"2660\" data-end=\"2690\">Options de batterie flexibles<\/h3><p data-start=\"2691\" data-end=\"2884\">Les entreprises peuvent choisir entre des batteries standard et des batteries &eacute;tendues, en fonction de la dur&eacute;e du travail et de l&rsquo;intensit&eacute; de l&rsquo;utilisation. Gr&acirc;ce &agrave; leur conception amovible, les batteries peuvent &ecirc;tre remplac&eacute;es en quelques secondes, sans temps d&rsquo;arr&ecirc;t.<\/p><h3 data-start=\"2886\" data-end=\"2919\">L&eacute;ger et confortable<\/h3><p data-start=\"2920\" data-end=\"3073\">Avec un peu plus de 230 g, le TC22 est con&ccedil;u pour assurer le confort pendant les longues p&eacute;riodes de travail. Son design fin et ergonomique r&eacute;duit la fatigue et permet de le transporter facilement toute la journ&eacute;e.<\/p><h3 data-start=\"3075\" data-end=\"3106\">S&eacute;curit&eacute; pr&ecirc;te pour l&rsquo;entreprise<\/h3><p data-start=\"3107\" data-end=\"3274\">Gr&acirc;ce &agrave; la prise en charge d&rsquo;Android Enterprise et aux outils Mobility DNA de Zebra, le TC22 garantit la protection des donn&eacute;es, un d&eacute;ploiement simplifi&eacute; et une gestion ais&eacute;e des appareils au sein de la flotte.<\/p><h2 data-start=\"3276\" data-end=\"3315\">Cas d&rsquo;utilisation id&eacute;aux pour le Zebra TC22<\/h2><ul data-start=\"3317\" data-end=\"3720\">\n<li data-start=\"3317\" data-end=\"3413\">\n<p data-start=\"3319\" data-end=\"3413\"><strong data-start=\"3319\" data-end=\"3343\">Commerce de d&eacute;tail et h&ocirc;tellerie<\/strong> &ndash; Point de vente mobile, v&eacute;rification des prix, service &agrave; la client&egrave;le et gestion des commandes.<\/p>\n<\/li>\n<li data-start=\"3414\" data-end=\"3531\">\n<p data-start=\"3416\" data-end=\"3531\"><strong data-start=\"3416\" data-end=\"3443\">Entreposage et logistique<\/strong> &ndash; Pr&eacute;paration des commandes, gestion des stocks et comptage des cycles dans des environnements d&rsquo;entrep&ocirc;ts l&eacute;gers.<\/p>\n<\/li>\n<li data-start=\"3532\" data-end=\"3616\">\n<p data-start=\"3534\" data-end=\"3616\"><strong data-start=\"3534\" data-end=\"3558\">Accueil et &eacute;v&eacute;nements<\/strong> &ndash; Enregistrement des invit&eacute;s, num&eacute;risation des billets et commandes mobiles.<\/p>\n<\/li>\n<li data-start=\"3617\" data-end=\"3720\">\n<p data-start=\"3619\" data-end=\"3720\"><strong data-start=\"3619\" data-end=\"3649\">Service sur le terrain (travaux l&eacute;gers)<\/strong> &ndash; T&acirc;ches sur site dans des environnements riches en Wi-Fi o&ugrave; la portabilit&eacute; est essentielle.<\/p>\n<\/li>\n<\/ul><h2 data-start=\"3722\" data-end=\"3757\">Comparaison des produits Zebra TC22<\/h2><p data-start=\"138\" data-end=\"297\">Le Zebra TC22 constitue une solution robuste et rentable pour les entreprises ax&eacute;es sur les environnements Wi-Fi. D&rsquo;autres options pertinentes sont disponibles chez Micro Nordic :<\/p><ul data-start=\"299\" data-end=\"692\">\n<li data-start=\"299\" data-end=\"420\">\n<p data-start=\"301\" data-end=\"420\"><a href=\"https:\/\/micronordic.com\/product\/zebra-tc58-handheld-mobile-computer\/\"><strong data-start=\"301\" data-end=\"338\">Zebra TC58 Handheld Mobile Computer<\/strong><\/a>&ndash; Une variante haut de gamme pr&ecirc;te pour la 5G avec des fonctions avanc&eacute;es pour les flux de travail exigeants.<\/p>\n<\/li>\n<li data-start=\"421\" data-end=\"538\">\n<p data-start=\"423\" data-end=\"538\"><a href=\"https:\/\/micronordic.com\/product\/zebra-tc53-handheld-mobile-computer\/\"><strong data-start=\"423\" data-end=\"460\">Zebra TC53 Handheld Mobile Computer<\/strong><\/a> &ndash; Un appareil Wi-Fi avec des performances accrues et des fonctionnalit&eacute;s avanc&eacute;es.<\/p>\n<\/li>\n<li data-start=\"539\" data-end=\"692\">\n<p data-start=\"541\" data-end=\"692\"><a href=\"https:\/\/micronordic.com\/product\/zebra-tc52-mobile-handheld-computer-refurbished\/\"><strong data-start=\"541\" data-end=\"581\">Zebra TC52 Handheld Mobile Computer<\/strong><\/a>&ndash; Un mod&egrave;le ancien disponible remis &agrave; neuf, id&eacute;al pour les entreprises soucieuses de leurs co&ucirc;ts qui ont besoin d&rsquo;une mobilit&eacute; rugged &eacute;prouv&eacute;e.<\/p>\n<\/li>\n<\/ul>\n","protected":false},"excerpt":{"rendered":"<h3>Sp\u00e9cifications :<\/h3>\n<ul>\n<li><strong>\u00c9cran :<\/strong> 6.0\u2033 FHD+ (1080\u00d72160), prise en charge des gants et du toucher humide<\/li>\n<li><strong>Processeur :<\/strong> Plate-forme hexagonale Qualcomm Snapdragon<\/li>\n<li><strong>M\u00e9moire et stockage :<\/strong> 6 Go de RAM, 64 Go de m\u00e9moire flash<\/li>\n<li><strong>Connectivit\u00e9 :<\/strong> Wi-Fi 6E, Bluetooth 5.2<\/li>\n<li><strong>Capture de donn\u00e9es et cam\u00e9ras :<\/strong> Scanner SE4710 ou SE55, cam\u00e9ras 16 MP \u00e0 l&rsquo;arri\u00e8re et 5 MP \u00e0 l&rsquo;avant<\/li>\n<li><strong>Batterie :<\/strong> 3 800 mAh standard ou 5 200 mAh \u00e9tendue, amovible<\/li>\n<li><strong>Certifications robustes :<\/strong> IP65 \/ IP68, test\u00e9 aux chutes<\/li>\n<li><strong>S\u00e9curit\u00e9 :<\/strong> Fonctionnalit\u00e9s Android Enterprise, NFC, cryptage de niveau entreprise<\/li>\n<li><strong>Dimensions et poids :<\/strong> ~165 \u00d7 76 \u00d7 12,5 mm, environ 236 g<\/li>\n<li><strong><strong>Garantie : <\/strong><\/strong>Garantie limit\u00e9e standard de 2 ans du fabricant<\/li>\n<\/ul>\n","protected":false},"author":24,"featured_media":100240,"template":"","meta":{"_acf_changed":false,"inline_featured_image":false},"product-condition":[5245],"product_brand":[9011],"product_cat":[5136,5142,5139],"product_tag":[],"class_list":{"0":"post-45716","1":"product","2":"type-product","3":"status-publish","4":"has-post-thumbnail","6":"product-condition-new-in-box","7":"product_brand-zebra","8":"product_cat-zebra","9":"product_cat-all-barcode-scanners","10":"product_cat-new-in-box-rugged-hardware","12":"first","13":"instock","14":"taxable","15":"shipping-taxable","16":"purchasable","17":"product-type-variable"},"acf":[],"_links":{"self":[{"href":"https:\/\/micronordic.com\/fr\/wp-json\/wp\/v2\/product\/45716","targetHints":{"allow":["GET"]}}],"collection":[{"href":"https:\/\/micronordic.com\/fr\/wp-json\/wp\/v2\/product"}],"about":[{"href":"https:\/\/micronordic.com\/fr\/wp-json\/wp\/v2\/types\/product"}],"author":[{"embeddable":true,"href":"https:\/\/micronordic.com\/fr\/wp-json\/wp\/v2\/users\/24"}],"version-history":[{"count":5,"href":"https:\/\/micronordic.com\/fr\/wp-json\/wp\/v2\/product\/45716\/revisions"}],"predecessor-version":[{"id":99069,"href":"https:\/\/micronordic.com\/fr\/wp-json\/wp\/v2\/product\/45716\/revisions\/99069"}],"wp:featuredmedia":[{"embeddable":true,"href":"https:\/\/micronordic.com\/fr\/wp-json\/wp\/v2\/media\/100240"}],"wp:attachment":[{"href":"https:\/\/micronordic.com\/fr\/wp-json\/wp\/v2\/media?parent=45716"}],"wp:term":[{"taxonomy":"product-condition","embeddable":true,"href":"https:\/\/micronordic.com\/fr\/wp-json\/wp\/v2\/product-condition?post=45716"},{"taxonomy":"product_brand","embeddable":true,"href":"https:\/\/micronordic.com\/fr\/wp-json\/wp\/v2\/product_brand?post=45716"},{"taxonomy":"product_cat","embeddable":true,"href":"https:\/\/micronordic.com\/fr\/wp-json\/wp\/v2\/product_cat?post=45716"},{"taxonomy":"product_tag","embeddable":true,"href":"https:\/\/micronordic.com\/fr\/wp-json\/wp\/v2\/product_tag?post=45716"}],"curies":[{"name":"wp","href":"https:\/\/api.w.org\/{rel}","templated":true}]}}