{"id":45712,"date":"2024-06-24T18:12:21","date_gmt":"2024-06-24T16:12:21","guid":{"rendered":"https:\/\/micronordic.com\/product\/getac-ux10-g3-fully-rugged-tablet-new\/"},"modified":"2025-11-13T15:09:21","modified_gmt":"2025-11-13T14:09:21","slug":"getac-ux10-g3-fully-rugged-tablet","status":"publish","type":"product","link":"https:\/\/micronordic.com\/fr\/product\/getac-ux10-g3-fully-rugged-tablet\/","title":{"rendered":"Getac UX10 G3 Fully Rugged Tablet (NOUVEAU)"},"content":{"rendered":"<?xml encoding=\"utf-8\" ?><h2 data-start=\"256\" data-end=\"293\">Getac UX10 G3 Fully Rugged Tablet<\/h2><p data-start=\"295\" data-end=\"827\">La Getac UX10 G3 est une tablette de 10,1&Prime; enti&egrave;rement Rugged Tablet con&ccedil;ue pour offrir des performances, une durabilit&eacute; et une mobilit&eacute; sans compromis. Construite pour les industries qui exigent la fiabilit&eacute; dans des conditions difficiles &ndash; telles que les services sur le terrain, les services publics, la d&eacute;fense et la s&eacute;curit&eacute; publique &ndash; l&rsquo;UX10 G3 garantit que les professionnels peuvent rester productifs o&ugrave; que le travail les emm&egrave;ne. Sa combinaison de certifications robustes, de puissants processeurs Intel&reg; Core&trade; et de connectivit&eacute; flexible en fait l&rsquo;une des tablettes robustes les plus fiables disponibles sur le march&eacute; aujourd&rsquo;hui.<\/p><h2 data-start=\"829\" data-end=\"867\">Principales caract&eacute;ristiques du Getac UX10 G3<\/h2><ul data-start=\"869\" data-end=\"1959\">\n<li data-start=\"869\" data-end=\"1005\">\n<p data-start=\"871\" data-end=\"1005\"><strong data-start=\"871\" data-end=\"898\">Durabilit&eacute; enti&egrave;rement rugged<\/strong> &ndash; certifi&eacute; MIL-STD-810H et IP66, test&eacute; en chute de 1,8 m (6 ft), avec une plage de fonctionnement de -29 &deg;C &agrave; +63 &deg;C.<\/p>\n<\/li>\n<li data-start=\"1006\" data-end=\"1147\">\n<p data-start=\"1008\" data-end=\"1147\"><strong data-start=\"1008\" data-end=\"1043\">&Eacute;cran 10,1&Prime; lisible en plein soleil<\/strong> &ndash; FHD (1920&times;1200) &Eacute;cran tactile LumiBond&reg;, luminosit&eacute; de 1 000 nits, utilisable avec des gants, un stylo ou le doigt.<\/p>\n<\/li>\n<li data-start=\"1148\" data-end=\"1300\">\n<p data-start=\"1150\" data-end=\"1300\"><strong data-start=\"1150\" data-end=\"1173\">Traitement puissant<\/strong> &ndash; Processeurs Intel&reg; Core&trade; i5\/i7 de 12e g&eacute;n&eacute;ration, vPro&reg; en option, prenant en charge les applications d&rsquo;entreprise et critiques exigeantes.<\/p>\n<\/li>\n<li data-start=\"1301\" data-end=\"1388\">\n<p data-start=\"1303\" data-end=\"1388\"><strong data-start=\"1303\" data-end=\"1320\">Alimentation permanente<\/strong> &ndash; Les batteries rempla&ccedil;ables &agrave; chaud permettent une utilisation continue sans temps d&rsquo;arr&ecirc;t.<\/p>\n<\/li>\n<li data-start=\"1389\" data-end=\"1487\">\n<p data-start=\"1391\" data-end=\"1487\"><strong data-start=\"1391\" data-end=\"1413\">Extension flexible<\/strong> &ndash; Ports d&eacute;di&eacute;s en option pour la prise en charge de la s&eacute;rie, du r&eacute;seau local et du lecteur de codes-barres.<\/p>\n<\/li>\n<li data-start=\"1488\" data-end=\"1600\">\n<p data-start=\"1490\" data-end=\"1600\"><strong data-start=\"1490\" data-end=\"1513\">Connectivit&eacute; moderne<\/strong> &ndash; Wi-Fi 6E, Bluetooth 5.3, 4G LTE ou 5G en option, et GPS pour une couverture mondiale du terrain.<\/p>\n<\/li>\n<li data-start=\"1601\" data-end=\"1733\">\n<p data-start=\"1603\" data-end=\"1733\"><strong data-start=\"1603\" data-end=\"1624\">S&eacute;curit&eacute; avanc&eacute;e<\/strong> &ndash; TPM 2.0, lecteur d&rsquo;empreintes digitales, options de lecture de cartes &agrave; puce et de RFID, ainsi que la reconnaissance faciale Windows Hello.<\/p>\n<\/li>\n<li data-start=\"1734\" data-end=\"1855\">\n<p data-start=\"1736\" data-end=\"1855\"><strong data-start=\"1736\" data-end=\"1760\">Mobilit&eacute; l&eacute;g&egrave;re<\/strong> &ndash; Conception mince et ergonomique pesant &agrave; peine plus de 1,3 kg pour une portabilit&eacute; confortable sur le terrain.<\/p>\n<\/li>\n<li data-start=\"1856\" data-end=\"1959\">\n<p data-start=\"1858\" data-end=\"1959\"><strong data-start=\"1858\" data-end=\"1879\">Garantie incluse<\/strong> &ndash; Garantie limit&eacute;e standard de 3 ans avec l&rsquo;assistance compl&egrave;te et robuste de Getac.<\/p>\n<\/li>\n<\/ul><h2 data-start=\"1961\" data-end=\"2006\">Principaux avantages de la tablette Getac UX10 G3<\/h2><h3 data-start=\"2008\" data-end=\"2045\">Fiabilit&eacute; rugueuse sur le terrain<\/h3><p data-start=\"2046\" data-end=\"2400\">Le Getac UX10 G3 est con&ccedil;u pour fonctionner dans des conditions o&ugrave; les tablettes grand public standard ne peuvent pas survivre. Avec sa construction Fully Rugged, son &eacute;tanch&eacute;it&eacute; IP66 et sa r&eacute;sistance aux chutes jusqu&rsquo;&agrave; 6 pieds, elle r&eacute;siste &agrave; la poussi&egrave;re, &agrave; l&rsquo;eau, aux vibrations et aux chocs. Qu&rsquo;elle soit utilis&eacute;e sous une pluie battante, par une chaleur extr&ecirc;me ou par un froid glacial, l&rsquo;UX10 G3 garantit un fonctionnement continu sans compromis.<\/p><h3 data-start=\"2402\" data-end=\"2438\">Visibilit&eacute; ext&eacute;rieure exceptionnelle<\/h3><p data-start=\"2439\" data-end=\"2732\">&Eacute;quip&eacute; d&rsquo;un &eacute;cran LumiBond&reg; FHD de 10,1&Prime;, l&rsquo;UX10 G3 offre des images claires et nettes, m&ecirc;me en plein soleil. Avec une luminosit&eacute; de 1 000 nits et un &eacute;cran tactile r&eacute;actif qui fonctionne avec des gants, un stylet ou &agrave; mains nues, les travailleurs sur le terrain peuvent compter sur une visibilit&eacute; constante dans tous les environnements.<\/p><h3 data-start=\"2734\" data-end=\"2768\">Performance de niveau entreprise<\/h3><p data-start=\"2769\" data-end=\"3062\">Aliment&eacute; par les derniers processeurs Intel&reg; Core&trade; de 12e g&eacute;n&eacute;ration, l&rsquo;UX10 G3 offre de solides performances pour les logiciels d&rsquo;entreprise exigeants, l&rsquo;analyse de donn&eacute;es et les flux de travail critiques. Associ&eacute; &agrave; la m&eacute;moire DDR5 et au stockage SSD, il garantit des temps de r&eacute;ponse rapides et un multit&acirc;che transparent sur le terrain.<\/p><h3 data-start=\"3064\" data-end=\"3097\">Mobilit&eacute; sans compromis<\/h3><p data-start=\"3098\" data-end=\"3382\">Malgr&eacute; sa conception rugged, l&rsquo;UX10 G3 reste l&eacute;ger et portable avec un peu plus de 1,3 kg. Son format fin le rend facile &agrave; transporter tout au long d&rsquo;une journ&eacute;e de travail, tandis que les sangles, les bandouli&egrave;res et les stations d&rsquo;accueil pour v&eacute;hicules en option am&eacute;liorent l&rsquo;utilisation dans un large &eacute;ventail d&rsquo;environnements de travail.<\/p><h3 data-start=\"3384\" data-end=\"3423\">Connectivit&eacute; pour les flux de travail modernes<\/h3><p data-start=\"3424\" data-end=\"3707\">Avec le Wi-Fi 6E, le Bluetooth 5.3 et, en option, la 4G LTE ou la 5G, l&rsquo;UX10 G3 permet l&rsquo;acc&egrave;s aux donn&eacute;es en temps r&eacute;el, la communication et les services de localisation, quel que soit l&rsquo;endroit o&ugrave; l&rsquo;on travaille. Cela garantit une collaboration transparente entre les &eacute;quipes sur le terrain et le si&egrave;ge, r&eacute;duisant ainsi les temps d&rsquo;arr&ecirc;t et am&eacute;liorant l&rsquo;efficacit&eacute;.<\/p><h3 data-start=\"3709\" data-end=\"3737\">Personnalisation flexible<\/h3><p data-start=\"3738\" data-end=\"4019\">La conception modulaire de l&rsquo;UX10 G3 permet aux entreprises d&rsquo;adapter l&rsquo;appareil &agrave; leurs besoins sp&eacute;cifiques. Les options d&rsquo;extension comprennent des ports pour les connexions s&eacute;rie traditionnelles, un r&eacute;seau local d&eacute;di&eacute; ou un lecteur de codes-barres int&eacute;gr&eacute;, ce qui permet &agrave; l&rsquo;UX10 G3 de s&rsquo;adapter &agrave; diff&eacute;rents flux de travail et secteurs d&rsquo;activit&eacute;.<\/p><h3 data-start=\"4021\" data-end=\"4049\">Protection s&eacute;curis&eacute;e des donn&eacute;es<\/h3><p data-start=\"4050\" data-end=\"4343\">La s&eacute;curit&eacute; est une priorit&eacute; absolue pour l&rsquo;UX10 G3, qui comprend TPM 2.0, un stockage auto-chiffrant, la prise en charge des cartes &agrave; puce et RFID, la num&eacute;risation des empreintes digitales et la reconnaissance faciale Windows Hello. Ces fonctionnalit&eacute;s aident les organisations &agrave; r&eacute;pondre &agrave; des exigences de conformit&eacute; strictes tout en prot&eacute;geant les donn&eacute;es sensibles.<\/p><h2 data-start=\"4345\" data-end=\"4387\">Cas d&rsquo;utilisation id&eacute;aux pour le Getac UX10 G3<\/h2><ul data-start=\"4389\" data-end=\"5195\">\n<li data-start=\"4389\" data-end=\"4562\">\n<p data-start=\"4391\" data-end=\"4562\"><strong data-start=\"4391\" data-end=\"4422\">Services sur le terrain et services publics<\/strong> &ndash; Une lisibilit&eacute; fiable &agrave; l&rsquo;ext&eacute;rieur, des batteries rempla&ccedil;ables &agrave; chaud et une durabilit&eacute; rugueuse garantissent des flux de travail transparents dans des environnements &eacute;loign&eacute;s ou difficiles.<\/p>\n<\/li>\n<li data-start=\"4563\" data-end=\"4741\">\n<p data-start=\"4565\" data-end=\"4741\"><strong data-start=\"4565\" data-end=\"4594\">S&eacute;curit&eacute; publique et d&eacute;fense<\/strong> &ndash; Les fonctions de s&eacute;curit&eacute; critiques et la fiabilit&eacute; rugueuse font de l&rsquo;UX10 G3 un outil de confiance pour la police, les pompiers, l&rsquo;arm&eacute;e et les op&eacute;rations de sauvetage.<\/p>\n<\/li>\n<li data-start=\"4742\" data-end=\"4887\">\n<p data-start=\"4744\" data-end=\"4887\"><strong data-start=\"4744\" data-end=\"4758\">Sant&eacute;<\/strong> &ndash; Conception enti&egrave;rement Rugged mais l&eacute;g&egrave;re, adapt&eacute;e aux tourn&eacute;es dans les h&ocirc;pitaux, aux visites &agrave; domicile ou aux interventions d&rsquo;urgence, avec une d&eacute;sinfection facile.<\/p>\n<\/li>\n<li data-start=\"4888\" data-end=\"5049\">\n<p data-start=\"4890\" data-end=\"5049\"><strong data-start=\"4890\" data-end=\"4922\">Industrie et fabrication<\/strong> &ndash; G&egrave;re la poussi&egrave;re, les vibrations et les temp&eacute;ratures fluctuantes, offrant une plate-forme fiable pour les activit&eacute;s des usines et des entrep&ocirc;ts.<\/p>\n<\/li>\n<li data-start=\"5050\" data-end=\"5195\">\n<p data-start=\"5052\" data-end=\"5195\"><strong data-start=\"5052\" data-end=\"5079\">Transport et logistique<\/strong> &ndash; Le GPS, la connectivit&eacute; mobile et les capacit&eacute;s de donn&eacute;es en temps r&eacute;el assurent le bon d&eacute;roulement des op&eacute;rations de flotte et de logistique.<\/p>\n<\/li>\n<\/ul><h2 data-start=\"5197\" data-end=\"5235\">Getac UX10 G3 Comparaisons de produits<\/h2><p data-start=\"5237\" data-end=\"5413\">Le Getac UX10 G3 offre l&rsquo;&eacute;quilibre parfait entre portabilit&eacute;, durabilit&eacute; rugueuse et performances d&rsquo;entreprise. Pour les organisations qui explorent des alternatives, Micro Nordic propose &eacute;galement :<\/p><ul data-start=\"5415\" data-end=\"5856\">\n<li data-start=\"5415\" data-end=\"5553\">\n<p data-start=\"5417\" data-end=\"5553\"><a href=\"https:\/\/micronordic.com\/product\/getac-f110-touch-fully-rugged-tablet\/\"><strong data-start=\"5417\" data-end=\"5451\">Getac F110 Fully Rugged Tablet (en anglais)<\/strong> <\/a>&ndash; Une tablette Rugged Tablet 11,6&Prime; plus grande pour les utilisateurs qui ont besoin de plus d&rsquo;espace d&rsquo;&eacute;cran et de capacit&eacute;s multit&acirc;ches.<\/p>\n<\/li>\n<li data-start=\"5554\" data-end=\"5695\">\n<p data-start=\"5556\" data-end=\"5695\"><a href=\"https:\/\/micronordic.com\/product\/dell-latitude-rugged-extreme-7230-tablet\/\"><strong data-start=\"988\" data-end=\"1032\">Tablet Dell Latitude 7230 Rugged Extreme Tablet<\/strong><\/a> &ndash; Tablette Windows 12&Prime; Fully Rugged qui constitue une plate-forme alternative offrant de solides performances et une bonne lisibilit&eacute; &agrave; l&rsquo;ext&eacute;rieur.<\/p>\n<\/li>\n<li data-start=\"5696\" data-end=\"5856\">\n<p data-start=\"5698\" data-end=\"5856\"><a href=\"https:\/\/micronordic.com\/product\/panasonic-toughpad-fz-m1-refurbished\/\"><strong data-start=\"5698\" data-end=\"5741\">Panasonic TOUGHBOOK FZ-M1<\/strong><\/a>&ndash; Une tablette rugged Tablet 7&Prime; compacte con&ccedil;ue pour une portabilit&eacute; maximale, disponible reconditionn&eacute;e en tant qu&rsquo;option rentable.<\/p>\n<\/li>\n<\/ul>\n","protected":false},"excerpt":{"rendered":"<h3>Sp\u00e9cifications :<\/h3>\n<ul>\n<li><strong>\u00c9cran :<\/strong> 10,1\u2033 FHD (1920\u00d71200), 1000 nits, \u00e9cran tactile LumiBond\u00ae lisible en plein soleil<\/li>\n<li><strong>Processeur :<\/strong> Intel\u00ae Core\u2122 i5\/i7 de 12e g\u00e9n\u00e9ration avec carte graphique Iris\u00ae Xe.<\/li>\n<li><strong>Graphique :<\/strong> Intel\u00ae Iris\u00ae Xe int\u00e9gr\u00e9<\/li>\n<li><strong>M\u00e9moire :<\/strong> 8 Go de RAM (mod\u00e8le de base), extensible \u00e0 32 Go de DDR4<\/li>\n<li><strong>Stockage :<\/strong> 256 Go de SSD (mod\u00e8le de base), extensible \u00e0 1 To PCIe<\/li>\n<li><strong>Connectivit\u00e9 :<\/strong> Wi-Fi 6E, Bluetooth 5.3, 4G LTE\/5G et GPS en option<\/li>\n<li><strong>Certifications robustes :<\/strong> MIL-STD-810H, IP66, r\u00e9sistance aux chutes de 6 pieds<\/li>\n<li><strong>S\u00e9curit\u00e9 :<\/strong> TPM 2.0, lecteur d&#8217;empreintes digitales, lecteur de cartes \u00e0 puce, RFID\/NFC, Windows Hello<\/li>\n<li><strong>Batterie :<\/strong> Deux batteries rempla\u00e7ables \u00e0 chaud, pack haute capacit\u00e9 en option<\/li>\n<li><strong>Dimensions et poids :<\/strong> Environ 280 \u00d7 192 \u00d7 23,5 mm, 1,4 kg<\/li>\n<li><strong>Garantie :<\/strong> 3 ans pare-chocs \u00e0 pare-chocs<\/li>\n<\/ul>\n","protected":false},"author":24,"featured_media":100179,"template":"","meta":{"_acf_changed":false,"inline_featured_image":false},"product-condition":[5245],"product_brand":[8953],"product_cat":[5141,5144,5139],"product_tag":[],"class_list":{"0":"post-45712","1":"product","2":"type-product","3":"status-publish","4":"has-post-thumbnail","6":"product-condition-new-in-box","7":"product_brand-getac","8":"product_cat-getac-rugged","9":"product_cat-all-rugged-tablets","10":"product_cat-new-in-box-rugged-hardware","12":"first","13":"instock","14":"taxable","15":"shipping-taxable","16":"purchasable","17":"product-type-simple"},"acf":[],"_links":{"self":[{"href":"https:\/\/micronordic.com\/fr\/wp-json\/wp\/v2\/product\/45712","targetHints":{"allow":["GET"]}}],"collection":[{"href":"https:\/\/micronordic.com\/fr\/wp-json\/wp\/v2\/product"}],"about":[{"href":"https:\/\/micronordic.com\/fr\/wp-json\/wp\/v2\/types\/product"}],"author":[{"embeddable":true,"href":"https:\/\/micronordic.com\/fr\/wp-json\/wp\/v2\/users\/24"}],"version-history":[{"count":2,"href":"https:\/\/micronordic.com\/fr\/wp-json\/wp\/v2\/product\/45712\/revisions"}],"predecessor-version":[{"id":97548,"href":"https:\/\/micronordic.com\/fr\/wp-json\/wp\/v2\/product\/45712\/revisions\/97548"}],"wp:featuredmedia":[{"embeddable":true,"href":"https:\/\/micronordic.com\/fr\/wp-json\/wp\/v2\/media\/100179"}],"wp:attachment":[{"href":"https:\/\/micronordic.com\/fr\/wp-json\/wp\/v2\/media?parent=45712"}],"wp:term":[{"taxonomy":"product-condition","embeddable":true,"href":"https:\/\/micronordic.com\/fr\/wp-json\/wp\/v2\/product-condition?post=45712"},{"taxonomy":"product_brand","embeddable":true,"href":"https:\/\/micronordic.com\/fr\/wp-json\/wp\/v2\/product_brand?post=45712"},{"taxonomy":"product_cat","embeddable":true,"href":"https:\/\/micronordic.com\/fr\/wp-json\/wp\/v2\/product_cat?post=45712"},{"taxonomy":"product_tag","embeddable":true,"href":"https:\/\/micronordic.com\/fr\/wp-json\/wp\/v2\/product_tag?post=45712"}],"curies":[{"name":"wp","href":"https:\/\/api.w.org\/{rel}","templated":true}]}}