{"id":45710,"date":"2024-06-21T17:13:53","date_gmt":"2024-06-21T15:13:53","guid":{"rendered":"https:\/\/micronordic.com\/product\/getac-b360-g2-fully-rugged-laptop-13-3-fhd-new\/"},"modified":"2025-11-13T15:09:36","modified_gmt":"2025-11-13T14:09:36","slug":"getac-b360-g2-fully-rugged-laptop","status":"publish","type":"product","link":"https:\/\/micronordic.com\/fr\/product\/getac-b360-g2-fully-rugged-laptop\/","title":{"rendered":"Getac B360 G2 Fully Rugged Laptop (NOUVEAU)"},"content":{"rendered":"<?xml encoding=\"utf-8\" ?><h2 data-start=\"252\" data-end=\"289\">Getac B360 G2 Fully Rugged Laptop<\/h2><p data-start=\"291\" data-end=\"636\">Le <strong>Getac B360 G2<\/strong> est un laptop 13,3&Prime; enti&egrave;rement Rugged con&ccedil;u pour les professionnels qui travaillent dans des environnements extr&ecirc;mes et exigent une fiabilit&eacute; sans compromis. Compact et puissant, il allie une durabilit&eacute; de niveau militaire &agrave; des performances de niveau professionnel, ce qui en fait une solution de confiance pour la d&eacute;fense, la s&eacute;curit&eacute; publique, les services publics et les industries de services sur le terrain.<\/p><h2 data-start=\"638\" data-end=\"655\">Caract&eacute;ristiques principales<\/h2><ul data-start=\"657\" data-end=\"1536\">\n<li data-start=\"657\" data-end=\"758\">\n<p data-start=\"659\" data-end=\"758\"><strong>Conception enti&egrave;rement Rugged<\/strong> &ndash; Certifi&eacute; MIL-STD-810H, MIL-STD-461G, et IP66 avec une r&eacute;sistance aux chutes de 6 pieds.<\/p>\n<\/li>\n<li data-start=\"759\" data-end=\"860\">\n<p data-start=\"761\" data-end=\"860\"><strong>&Eacute;cran 13,3&Prime; FHD lisible en plein soleil<\/strong> &ndash; 1400 nits de luminosit&eacute; avec la technologie d&rsquo;&eacute;cran tactile LumiBond&reg;.<\/p>\n<\/li>\n<li data-start=\"861\" data-end=\"950\">\n<p data-start=\"863\" data-end=\"950\"><strong>Haute performance<\/strong> &ndash; processeurs Intel&reg; Core&trade; i5\/i7 de 12e g&eacute;n&eacute;ration avec Intel&reg; vPro&reg; en option.<\/p>\n<\/li>\n<li data-start=\"951\" data-end=\"1051\">\n<p data-start=\"953\" data-end=\"1051\"><strong>Options graphiques<\/strong> &ndash; Graphique int&eacute;gr&eacute; Intel&reg; Iris&reg; Xe ou graphique discret NVIDIA&reg; GeForce GTX en option.<\/p>\n<\/li>\n<li data-start=\"1052\" data-end=\"1149\">\n<p data-start=\"1054\" data-end=\"1149\"><strong>Deux batteries rempla&ccedil;ables &agrave; chaud<\/strong> &ndash; Utilisation continue sur le terrain gr&acirc;ce aux batteries haute capacit&eacute; en option.<\/p>\n<\/li>\n<li data-start=\"1150\" data-end=\"1233\">\n<p data-start=\"1152\" data-end=\"1233\"><strong>Connectivit&eacute; d&rsquo;entreprise<\/strong> &ndash; Wi-Fi 6E, Bluetooth 5.3, 4G LTE\/5G en option et GPS.<\/p>\n<\/li>\n<li data-start=\"1234\" data-end=\"1338\">\n<p data-start=\"1236\" data-end=\"1338\"><strong>Fonctions de s&eacute;curit&eacute;<\/strong> &ndash; TPM 2.0, Windows Hello, lecteur d&rsquo;empreintes digitales, carte &agrave; puce et lecteur RFID.<\/p>\n<\/li>\n<li data-start=\"1339\" data-end=\"1446\">\n<p data-start=\"1341\" data-end=\"1446\"><strong>Polyvalence d&rsquo;extension<\/strong> &ndash; Baie m&eacute;dia en option pour un stockage suppl&eacute;mentaire, un lecteur optique ou la personnalisation des E\/S.<\/p>\n<\/li>\n<li data-start=\"1447\" data-end=\"1536\">\n<p data-start=\"1449\" data-end=\"1536\"><strong>Cycle de vie long<\/strong> &ndash; Construit pour la fiabilit&eacute; avec la garantie de 3 ans de Getac, pare-chocs &agrave; pare-chocs.<\/p>\n<\/li>\n<\/ul><h2 data-start=\"1538\" data-end=\"1555\">Principaux avantages<\/h2><h3 data-start=\"1557\" data-end=\"1580\">Durabilit&eacute; rugueuse<\/h3><p data-start=\"1581\" data-end=\"1884\">Le B360 G2 est con&ccedil;u pour r&eacute;sister aux conditions les plus difficiles. Il est certifi&eacute; MIL-STD-810H et MIL-STD-461G, a une &eacute;tanch&eacute;it&eacute; IP66 contre la poussi&egrave;re et l&rsquo;eau, et r&eacute;siste &agrave; des chutes d&rsquo;une hauteur maximale de 2,5 m. Il fonctionne &agrave; des temp&eacute;ratures extr&ecirc;mes, ce qui en fait un partenaire fiable sur le terrain, quel que soit l&rsquo;environnement. Il fonctionne &agrave; des temp&eacute;ratures extr&ecirc;mes, ce qui en fait un partenaire de terrain fiable dans n&rsquo;importe quel environnement.<\/p><h3 data-start=\"1886\" data-end=\"1920\">Affichage lumineux pr&ecirc;t pour l&rsquo;ext&eacute;rieur<\/h3><p data-start=\"1921\" data-end=\"2149\">L&rsquo;&eacute;cran FHD de 13,3&Prime; offre une luminosit&eacute; de 1 400 nits, garantissant une excellente lisibilit&eacute; m&ecirc;me en plein soleil. La technologie LumiBond&reg; am&eacute;liore le contraste et la performance des couleurs tout en prenant en charge la saisie tactile avec des gants, des stylos ou sous la pluie.<\/p><h3 data-start=\"2151\" data-end=\"2185\">Performance de niveau entreprise<\/h3><p data-start=\"2186\" data-end=\"2423\">&Eacute;quip&eacute; de processeurs Intel&reg; 12th Gen Core&trade; et d&rsquo;une m&eacute;moire vive DDR5 pouvant atteindre 64 Go, le B360 G2 g&egrave;re ais&eacute;ment les charges de travail exigeantes. Les cartes graphiques NVIDIA&reg; discr&egrave;tes en option &eacute;tendent encore les performances pour les applications telles que la CAO, le SIG et le rendu 3D.<\/p><h3 data-start=\"2425\" data-end=\"2444\">La puissance tout au long de la journ&eacute;e<\/h3><p data-start=\"2445\" data-end=\"2634\">Deux batteries rempla&ccedil;ables &agrave; chaud permettent un fonctionnement ininterrompu. Les professionnels sur le terrain peuvent remplacer les batteries &eacute;puis&eacute;es sans mettre l&rsquo;appareil hors tension, ce qui permet aux t&acirc;ches critiques de se poursuivre sans interruption.<\/p><h3 data-start=\"2636\" data-end=\"2673\">Connectivit&eacute; sans compromis<\/h3><p data-start=\"2674\" data-end=\"2928\">Le Wi-Fi 6E et le Bluetooth 5.3 assurent des communications sans fil rapides et stables, tandis que les modules 4G LTE ou 5G en option avec GPS d&eacute;di&eacute; permettent aux &eacute;quipes de rester connect&eacute;es dans le monde entier. Cette polyvalence garantit une communication fiable &agrave; l&rsquo;int&eacute;rieur, &agrave; l&rsquo;ext&eacute;rieur et dans les endroits &eacute;loign&eacute;s.<\/p><h3 data-start=\"2930\" data-end=\"2962\">S&eacute;curit&eacute; des donn&eacute;es critiques<\/h3><p data-start=\"2963\" data-end=\"3167\">La s&eacute;curit&eacute; d&rsquo;entreprise est au c&oelig;ur du B360 G2. TPM 2.0, scanners d&rsquo;empreintes digitales, lecteurs de cartes &agrave; puce et authentification RFID en option garantissent la conformit&eacute; aux normes de s&eacute;curit&eacute; du gouvernement et de l&rsquo;entreprise.<\/p><h3 data-start=\"3169\" data-end=\"3195\">Modulaire et flexible<\/h3><p data-start=\"3196\" data-end=\"3412\">Gr&acirc;ce &agrave; l&rsquo;extension optionnelle de la baie m&eacute;dia, les utilisateurs peuvent configurer le B360 G2 pour inclure un second SSD, un lecteur optique ou des E\/S suppl&eacute;mentaires. Cette adaptabilit&eacute; permet de r&eacute;pondre aux besoins des industries ayant des exigences uniques en mati&egrave;re de flux de travail.<\/p><h2 data-start=\"3414\" data-end=\"3434\">Cas d&rsquo;utilisation id&eacute;aux<\/h2><ul data-start=\"3436\" data-end=\"3951\">\n<li data-start=\"3436\" data-end=\"3562\">\n<p data-start=\"3438\" data-end=\"3562\"><strong data-start=\"3438\" data-end=\"3460\">D&eacute;fense et arm&eacute;e<\/strong> &ndash; Une informatique fiable avec une s&eacute;curit&eacute; avanc&eacute;e et une durabilit&eacute; rugged pour les d&eacute;ploiements critiques.<\/p>\n<\/li>\n<li data-start=\"3563\" data-end=\"3657\">\n<p data-start=\"3565\" data-end=\"3657\"><strong data-start=\"3565\" data-end=\"3582\">S&eacute;curit&eacute; publique<\/strong> &ndash; Op&eacute;rations s&eacute;curis&eacute;es et connect&eacute;es pour la police, les pompiers et les services d&rsquo;urgence.<\/p>\n<\/li>\n<li data-start=\"3658\" data-end=\"3757\">\n<p data-start=\"3660\" data-end=\"3757\"><strong data-start=\"3660\" data-end=\"3689\">Services sur le terrain et services publics<\/strong> &ndash; Alimentation et connectivit&eacute; fiables tout au long de la journ&eacute;e pour les techniciens &agrave; distance.<\/p>\n<\/li>\n<li data-start=\"3758\" data-end=\"3853\">\n<p data-start=\"3760\" data-end=\"3853\"><strong data-start=\"3760\" data-end=\"3787\">Environnements industriels<\/strong> &ndash; Con&ccedil;us pour r&eacute;sister aux vibrations, &agrave; la poussi&egrave;re et aux temp&eacute;ratures extr&ecirc;mes.<\/p>\n<\/li>\n<li data-start=\"3854\" data-end=\"3951\">\n<p data-start=\"3856\" data-end=\"3951\"><strong data-start=\"3856\" data-end=\"3886\">Construction et ing&eacute;nierie<\/strong> &ndash; Affichage haute luminosit&eacute; et durabilit&eacute; pour les projets ext&eacute;rieurs.<\/p>\n<\/li>\n<\/ul><h2 data-start=\"3953\" data-end=\"3977\">Comparaison des produits<\/h2><p data-start=\"3979\" data-end=\"4137\">Le Getac B360 G2 offre un &eacute;quilibre unique entre portabilit&eacute;, robustesse et performance. Pour les organisations qui &eacute;valuent des alternatives, MicroNordic propose &eacute;galement :<\/p><ul data-start=\"4139\" data-end=\"4576\">\n<li data-start=\"4139\" data-end=\"4276\">\n<p data-start=\"4141\" data-end=\"4276\"><a href=\"https:\/\/micronordic.com\/product\/getac-x600-fully-rugged-mobile-workstation\/\"><strong data-start=\"4141\" data-end=\"4187\">Getac X600 Fully Rugged Mobile Workstation (station de travail mobile enti&egrave;rement robuste)<\/strong><\/a> &ndash; Une option plus grande et plus puissante avec des performances et une &eacute;volutivit&eacute; dignes d&rsquo;une station de travail.<\/p>\n<\/li>\n<li data-start=\"4277\" data-end=\"4425\">\n<p data-start=\"4279\" data-end=\"4425\"><a href=\"https:\/\/micronordic.com\/product\/product-getac-s510-g1-semi-rugged-laptop\/\"><strong data-start=\"4279\" data-end=\"4312\">Getac S510 Semi Rugged Laptop<\/strong><\/a> &ndash; Un mod&egrave;le plus fin et plus l&eacute;ger pour des conditions moins extr&ecirc;mes, offrant une fiabilit&eacute; rugged avec une mobilit&eacute; accrue.<\/p>\n<\/li>\n<li data-start=\"4426\" data-end=\"4576\">\n<p data-start=\"4428\" data-end=\"4576\"><a href=\"https:\/\/micronordic.com\/product\/panasonic-toughbook-fz-55\/\"><strong data-start=\"4428\" data-end=\"4473\">Panasonic TOUGHBOOK 55 MK1-3 Semi Rugged Laptop<\/strong><\/a> &ndash; Un laptop Semi Rugged modulaire avec une extension polyvalente, id&eacute;al pour les flux de travail mixtes sur le terrain et au bureau.<\/p>\n<\/li>\n<\/ul>\n","protected":false},"excerpt":{"rendered":"<h3>Sp\u00e9cifications :<\/h3>\n<ul>\n<li><strong>\u00c9cran :<\/strong> 13,3\u2033 FHD (1920\u00d71080), 1400 nits, \u00e9cran tactile LumiBond\u00ae lisible en plein soleil<\/li>\n<li><strong>Processeur :<\/strong> Intel\u00ae Core\u2122 i5\/i7 de 12e g\u00e9n\u00e9ration avec vPro\u00ae en option.<\/li>\n<li><strong>Graphique :<\/strong> Intel\u00ae Iris\u00ae Xe int\u00e9gr\u00e9, NVIDIA\u00ae GeForce GTX en option.<\/li>\n<li><strong>M\u00e9moire :<\/strong> 8 Go DDR4 (mod\u00e8le de base), extensible \u00e0 64 Go DDR5 RAM<\/li>\n<li><strong>Stockage :<\/strong> 256 Go (mod\u00e8le de base), extensible \u00e0 un disque SSD PCIe de 2 To<\/li>\n<li><strong>Connectivit\u00e9 :<\/strong> Wi-Fi 6E, Bluetooth 5.3, 4G LTE\/5G et GPS en option<\/li>\n<li><strong>Certifications robustes :<\/strong> MIL-STD-810H, MIL-STD-461G, IP66, r\u00e9sistance aux chutes de 6 pieds<\/li>\n<li><strong>S\u00e9curit\u00e9 :<\/strong> TPM 2.0, lecteur d&#8217;empreintes digitales, lecteur de cartes \u00e0 puce, RFID, Windows Hello<\/li>\n<li><strong>Batterie :<\/strong> Deux batteries rempla\u00e7ables \u00e0 chaud, packs haute capacit\u00e9 en option<\/li>\n<li><strong>Dimensions et poids :<\/strong> Environ 342 \u00d7 281 \u00d7 34,9 mm, 2,32 kg<\/li>\n<li><strong>Garantie :<\/strong> 3 ans pare-chocs \u00e0 pare-chocs<\/li>\n<\/ul>\n","protected":false},"author":24,"featured_media":58462,"template":"","meta":{"_acf_changed":false,"inline_featured_image":false},"product-condition":[5245],"product_brand":[8953],"product_cat":[5141,5143,5139],"product_tag":[5799,4903,5451],"class_list":{"0":"post-45710","1":"product","2":"type-product","3":"status-publish","4":"has-post-thumbnail","6":"product-condition-new-in-box","7":"product_brand-getac","8":"product_cat-getac-rugged","9":"product_cat-all-rugged-laptops","10":"product_cat-new-in-box-rugged-hardware","11":"product_tag-categorisation-par-categorie","12":"product_tag-windows-11-pro-fr","13":"product_tag-5451","15":"first","16":"instock","17":"taxable","18":"shipping-taxable","19":"purchasable","20":"product-type-simple"},"acf":[],"_links":{"self":[{"href":"https:\/\/micronordic.com\/fr\/wp-json\/wp\/v2\/product\/45710","targetHints":{"allow":["GET"]}}],"collection":[{"href":"https:\/\/micronordic.com\/fr\/wp-json\/wp\/v2\/product"}],"about":[{"href":"https:\/\/micronordic.com\/fr\/wp-json\/wp\/v2\/types\/product"}],"author":[{"embeddable":true,"href":"https:\/\/micronordic.com\/fr\/wp-json\/wp\/v2\/users\/24"}],"version-history":[{"count":2,"href":"https:\/\/micronordic.com\/fr\/wp-json\/wp\/v2\/product\/45710\/revisions"}],"predecessor-version":[{"id":97549,"href":"https:\/\/micronordic.com\/fr\/wp-json\/wp\/v2\/product\/45710\/revisions\/97549"}],"wp:featuredmedia":[{"embeddable":true,"href":"https:\/\/micronordic.com\/fr\/wp-json\/wp\/v2\/media\/58462"}],"wp:attachment":[{"href":"https:\/\/micronordic.com\/fr\/wp-json\/wp\/v2\/media?parent=45710"}],"wp:term":[{"taxonomy":"product-condition","embeddable":true,"href":"https:\/\/micronordic.com\/fr\/wp-json\/wp\/v2\/product-condition?post=45710"},{"taxonomy":"product_brand","embeddable":true,"href":"https:\/\/micronordic.com\/fr\/wp-json\/wp\/v2\/product_brand?post=45710"},{"taxonomy":"product_cat","embeddable":true,"href":"https:\/\/micronordic.com\/fr\/wp-json\/wp\/v2\/product_cat?post=45710"},{"taxonomy":"product_tag","embeddable":true,"href":"https:\/\/micronordic.com\/fr\/wp-json\/wp\/v2\/product_tag?post=45710"}],"curies":[{"name":"wp","href":"https:\/\/api.w.org\/{rel}","templated":true}]}}