{"id":45704,"date":"2023-01-26T16:40:28","date_gmt":"2023-01-26T15:40:28","guid":{"rendered":"https:\/\/micronordic.com\/product\/panasonic-toughpad-fz-g1-fzg1-mk3-mk5-remis-a-neuf\/"},"modified":"2025-11-17T14:50:19","modified_gmt":"2025-11-17T13:50:19","slug":"refurbished-panasonic-toughpad-fz-g1","status":"publish","type":"product","link":"https:\/\/micronordic.com\/fr\/product\/refurbished-panasonic-toughpad-fz-g1\/","title":{"rendered":"Panasonic Toughpad FZ-G1 MK5 (D&rsquo;OCCASION)"},"content":{"rendered":"<?xml encoding=\"utf-8\" ?><h2 data-start=\"209\" data-end=\"264\">Panasonic Toughpad FZ-G1 MK5 (Certifi&eacute; d&rsquo;occasion)<\/h2><p data-start=\"266\" data-end=\"588\">Le <strong data-start=\"270\" data-end=\"302\">Panasonic Toughpad FZ-G1 MK5<\/strong> est une tablette Windows enti&egrave;rement Rugged con&ccedil;ue pour la mobilit&eacute; sur le terrain, les flux de travail industriels et les applications critiques. Mod&egrave;le de cinqui&egrave;me g&eacute;n&eacute;ration (MK5) de la s&eacute;rie embl&eacute;matique FZ-G1 de Panasonic, cet appareil allie une fiabilit&eacute; rugueuse &eacute;prouv&eacute;e &agrave; des performances am&eacute;lior&eacute;es et &agrave; une assistance &agrave; long terme.<\/p><p data-start=\"590\" data-end=\"965\">Chez Micro Nordic, le FZ-G1 MK5 est disponible en tant que <strong data-start=\"637\" data-end=\"660\">produit d&rsquo;occasion certifi&eacute; avec une garantie d&rsquo;un an.<\/strong> Chaque unit&eacute; a fait l&rsquo;objet d&rsquo;une remise &agrave; neuf compl&egrave;te, comprenant des r&eacute;parations mat&eacute;rielles, le remplacement de composants, la r&eacute;installation de logiciels et des tests rigoureux. La tablette est ainsi remise dans un &eacute;tat proche du neuf, offrant aux entreprises un moyen rentable de d&eacute;ployer la mobilit&eacute; rugged en toute confiance.<\/p><h2 data-start=\"967\" data-end=\"1020\">Principales caract&eacute;ristiques du Panasonic Toughpad FZ-G1 MK5<\/h2><ul data-start=\"1022\" data-end=\"1991\">\n<li data-start=\"1022\" data-end=\"1147\">\n<p data-start=\"1024\" data-end=\"1147\"><strong data-start=\"1024\" data-end=\"1045\">Durabilit&eacute; robuste<\/strong> &ndash; Enti&egrave;rement robuste, certifi&eacute; MIL-STD-810G, conforme &agrave; la norme IP65, con&ccedil;u pour r&eacute;sister aux chutes, aux vibrations, &agrave; la poussi&egrave;re et &agrave; l&rsquo;eau.<\/p>\n<\/li>\n<li data-start=\"1148\" data-end=\"1271\">\n<p data-start=\"1150\" data-end=\"1271\"><strong data-start=\"1150\" data-end=\"1161\">&Eacute;cran<\/strong> &ndash; 10,1&Prime; WUXGA (1920&times;1200) lisible en plein soleil avec une luminosit&eacute; allant jusqu&rsquo;&agrave; 800 nits et la prise en charge du toucher des gants.<\/p>\n<\/li>\n<li data-start=\"1272\" data-end=\"1360\">\n<p data-start=\"1274\" data-end=\"1360\"><strong data-start=\"1274\" data-end=\"1287\">Processeur<\/strong> &ndash; Intel&reg; Core&trade; i5-7300U vPro&trade; (7th Gen, 2,6 GHz, turbo jusqu&rsquo;&agrave; 3,5 GHz).<\/p>\n<\/li>\n<li data-start=\"1361\" data-end=\"1459\">\n<p data-start=\"1363\" data-end=\"1459\"><strong data-start=\"1363\" data-end=\"1383\">Syst&egrave;me d&rsquo;exploitation<\/strong> &ndash; Windows 10 Pro (&eacute;volutif vers Windows 11, selon la configuration).<\/p>\n<\/li>\n<li data-start=\"1460\" data-end=\"1509\">\n<p data-start=\"1462\" data-end=\"1509\"><strong data-start=\"1462\" data-end=\"1472\">M&eacute;moire<\/strong> &ndash; 8 Go de RAM (extensible &agrave; 16 Go).<\/p>\n<\/li>\n<li data-start=\"1510\" data-end=\"1564\">\n<p data-start=\"1512\" data-end=\"1564\"><strong data-start=\"1512\" data-end=\"1523\">Stockage<\/strong> &ndash; SSD de 256 Go (extensible jusqu&rsquo;&agrave; 1 To).<\/p>\n<\/li>\n<li data-start=\"1565\" data-end=\"1653\">\n<p data-start=\"1567\" data-end=\"1653\"><strong data-start=\"1567\" data-end=\"1583\">Connectivit&eacute;<\/strong> &ndash; Wi-Fi 802.11 a\/b\/g\/n\/ac, Bluetooth 4.1, 4G LTE en option avec GPS.<\/p>\n<\/li>\n<li data-start=\"1654\" data-end=\"1751\">\n<p data-start=\"1656\" data-end=\"1751\"><strong data-start=\"1656\" data-end=\"1667\">Batterie<\/strong> &ndash; Batterie Li-Ion rempla&ccedil;able &agrave; chaud avec option d&rsquo;autonomie prolong&eacute;e, jusqu&rsquo;&agrave; 14 heures d&rsquo;autonomie.<\/p>\n<\/li>\n<li data-start=\"1752\" data-end=\"1838\">\n<p data-start=\"1754\" data-end=\"1838\"><strong data-start=\"1754\" data-end=\"1766\">S&eacute;curit&eacute;<\/strong> &ndash; TPM 2.0, lecteur de carte &agrave; puce en option et authentification par empreinte digitale.<\/p>\n<\/li>\n<li data-start=\"1839\" data-end=\"1905\">\n<p data-start=\"1841\" data-end=\"1905\"><strong data-start=\"1841\" data-end=\"1856\">Facteur de forme<\/strong> &ndash; Tablette l&eacute;g&egrave;re et rugged Tablet d&rsquo;environ 1,1 kg. <\/p>\n<\/li>\n<li data-start=\"1906\" data-end=\"1991\">\n<p data-start=\"1908\" data-end=\"1991\"><strong data-start=\"1908\" data-end=\"1924\">Disponibilit&eacute;<\/strong> &ndash; Vendu en tant que <strong data-start=\"1935\" data-end=\"1958\">produit d&rsquo;occasion certifi&eacute;<\/strong>, enti&egrave;rement remis &agrave; neuf et test&eacute;.<\/p>\n<\/li>\n<\/ul><h2 data-start=\"1993\" data-end=\"2046\">Principaux avantages du Panasonic Toughpad FZ-G1 MK5<\/h2><h3 data-start=\"2048\" data-end=\"2078\">Fiabilit&eacute; Fully Rugged<\/h3><p data-start=\"2079\" data-end=\"2372\">Le FZ-G1 MK5 est con&ccedil;u pour les environnements o&ugrave; les tablettes grand public ne peuvent tout simplement pas survivre. Sa conception enti&egrave;rement Rugged garantit un fonctionnement sous la pluie, la neige, la poussi&egrave;re et les vibrations. Il r&eacute;pond aux normes MIL-STD-810G et IP65, ce qui en fait un outil de confiance pour les op&eacute;rations militaires, les services publics et les op&eacute;rations sur le terrain.  <\/p><h3 data-start=\"2374\" data-end=\"2411\">&Eacute;cran lumineux lisible &agrave; l&rsquo;ext&eacute;rieur<\/h3><p data-start=\"2412\" data-end=\"2647\">L&rsquo;&eacute;cran WUXGA de 10,1&Prime; avec une luminosit&eacute; de 800 nits garantit une lisibilit&eacute; totale en plein soleil. Associ&eacute; &agrave; la technologie tactile de Panasonic pour les gants et la pluie, l&rsquo;&eacute;cran reste r&eacute;actif quelles que soient les conditions de travail, &agrave; l&rsquo;int&eacute;rieur comme &agrave; l&rsquo;ext&eacute;rieur. <\/p><h3 data-start=\"2649\" data-end=\"2683\">Am&eacute;lioration des performances avec la MK5<\/h3><p data-start=\"2684\" data-end=\"2921\">La g&eacute;n&eacute;ration MK5 du FZ-G1 est &eacute;quip&eacute;e d&rsquo;un processeur Intel Core i5 de 7&egrave;me g&eacute;n&eacute;ration, offrant plus de puissance et d&rsquo;efficacit&eacute; que les mod&egrave;les pr&eacute;c&eacute;dents. Cela garantit des performances fluides pour les applications modernes, les logiciels de cartographie et de collecte de donn&eacute;es. <\/p><h3 data-start=\"2923\" data-end=\"2954\">Valeur certifi&eacute;e d&rsquo;occasion<\/h3><p data-start=\"2955\" data-end=\"3323\">Chaque FZ-G1 MK5 d&rsquo;occasion certifi&eacute; propos&eacute; par Micro Nordic a fait l&rsquo;objet d&rsquo;une remise &agrave; neuf compl&egrave;te. Nos techniciens r&eacute;parent ou remplacent les composants us&eacute;s, restaurent les logiciels et testent enti&egrave;rement l&rsquo;appareil pour s&rsquo;assurer qu&rsquo;il fonctionne comme s&rsquo;il &eacute;tait neuf. Les organisations disposent ainsi d&rsquo;une Tablet Panasonic rugged pour une fraction du co&ucirc;t d&rsquo;un nouveau mod&egrave;le, sans compromettre la fiabilit&eacute;.  <\/p><h3 data-start=\"3325\" data-end=\"3350\">S&eacute;curit&eacute; des entreprises<\/h3><p data-start=\"3351\" data-end=\"3576\">Le FZ-G1 MK5 comprend des fonctions de s&eacute;curit&eacute; d&rsquo;entreprise avanc&eacute;es telles que TPM 2.0 et l&rsquo;authentification biom&eacute;trique en option. Cela garantit la conformit&eacute; avec les normes informatiques des entreprises et des gouvernements tout en prot&eacute;geant les donn&eacute;es sensibles sur le terrain. <\/p><h3 data-start=\"3578\" data-end=\"3602\">Puissance durable<\/h3><p data-start=\"3603\" data-end=\"3819\">Gr&acirc;ce &agrave; ses batteries rempla&ccedil;ables &agrave; chaud et &agrave; ses options de batterie &eacute;tendue, le FZ-G1 MK5 permet une utilisation ininterrompue sur de longues p&eacute;riodes de travail. Les travailleurs sur le terrain peuvent remplacer les batteries sans avoir &agrave; se mettre hors tension, ce qui garantit l&rsquo;efficacit&eacute; des flux de travail. <\/p><h2 data-start=\"3821\" data-end=\"3874\">Cas d&rsquo;utilisation id&eacute;aux pour le Panasonic Toughpad FZ-G1 MK5<\/h2><ul data-start=\"3876\" data-end=\"4390\">\n<li data-start=\"3876\" data-end=\"3982\">\n<p data-start=\"3878\" data-end=\"3982\"><strong data-start=\"3878\" data-end=\"3907\">Services sur le terrain et services publics<\/strong> &ndash; Connectivit&eacute; fiable et robustesse pour les techniciens travaillant &agrave; l&rsquo;ext&eacute;rieur.<\/p>\n<\/li>\n<li data-start=\"3983\" data-end=\"4076\">\n<p data-start=\"3985\" data-end=\"4076\"><strong data-start=\"3985\" data-end=\"4007\">Militaire et d&eacute;fense<\/strong> &ndash; Enti&egrave;rement Rugged, test&eacute; dans des conditions extr&ecirc;mes, pr&ecirc;t pour la mission.<\/p>\n<\/li>\n<li data-start=\"4077\" data-end=\"4201\">\n<p data-start=\"4079\" data-end=\"4201\"><strong data-start=\"4079\" data-end=\"4108\">Fabrication et logistique<\/strong> &ndash; Prise en charge des syst&egrave;mes d&rsquo;inventaire, des flux de travail en usine et de la lecture de codes-barres via des accessoires.<\/p>\n<\/li>\n<li data-start=\"4202\" data-end=\"4306\">\n<p data-start=\"4204\" data-end=\"4306\"><strong data-start=\"4204\" data-end=\"4239\">Soins de sant&eacute; et services d&rsquo;urgence<\/strong> &ndash; Appareil s&eacute;curis&eacute; et fiable pour les soins aux patients et les premiers intervenants.<\/p>\n<\/li>\n<li data-start=\"4307\" data-end=\"4390\">\n<p data-start=\"4309\" data-end=\"4390\"><strong data-start=\"4309\" data-end=\"4326\">S&eacute;curit&eacute; publique<\/strong> &ndash; Performances reconnues dans les op&eacute;rations de pompiers, de police et de sauvetage.<\/p>\n<\/li>\n<\/ul><h2 data-start=\"4392\" data-end=\"4459\">Comparaisons de produits : Alternatives au Panasonic Toughpad FZ-G1 MK5<\/h2><p data-start=\"4461\" data-end=\"4558\">Pour les entreprises &agrave; la recherche d&rsquo;alternatives, d&rsquo;autres tablettes rugged Tablet sont disponibles chez Micro Nordic :<\/p><ul data-start=\"4560\" data-end=\"4982\">\n<li data-start=\"4560\" data-end=\"4712\">\n<p data-start=\"4562\" data-end=\"4712\"><a href=\"https:\/\/micronordic.com\/product\/getac-f110-touch-fully-rugged-tablet\/\"><strong data-start=\"4562\" data-end=\"4596\">Getac F110 Fully Rugged Tablet (en anglais)<\/strong> <\/a>&ndash; Une tablette Windows plus grande de 11,6&Prime; avec des certifications Rugged Tablet compl&egrave;tes, id&eacute;ale pour les utilisateurs ayant besoin de plus de surface d&rsquo;&eacute;cran.<\/p>\n<\/li>\n<li data-start=\"4713\" data-end=\"4854\">\n<p data-start=\"4715\" data-end=\"4854\"><a href=\"https:\/\/micronordic.com\/product\/panasonic-toughpad-fz-m1-refurbished\/\"><strong data-start=\"4715\" data-end=\"4765\">Panasonic Toughpad FZ-M1 <\/strong><\/a>&ndash; Une tablette compacte 7&Prime; rugged Tablet con&ccedil;ue pour la portabilit&eacute; dans les applications de terrain exigeantes.<\/p>\n<\/li>\n<li data-start=\"4855\" data-end=\"4982\">\n<p data-start=\"4857\" data-end=\"4982\"><a href=\"https:\/\/micronordic.com\/product\/zebra-et65-rugged-enterprise-tablet\/\"><strong data-start=\"4857\" data-end=\"4896\">Zebra ET65 Rugged Tablet pour les entreprises<\/strong> <\/a>&ndash; Une tablette Rugged Tablet Android 12&Prime; robuste avec une conception 5G-first pour une connectivit&eacute; avanc&eacute;e sur le terrain.<\/p>\n<\/li>\n<\/ul>\n","protected":false},"excerpt":{"rendered":"<h3>Sp\u00e9cifications :<\/h3>\n<ul>\n<li><strong>\u00c9cran :<\/strong> 10,1\u2033 WUXGA (1920\u00d71200), 800 nits, lisible en plein soleil, compatible avec les gants et la pluie<\/li>\n<li><strong>Processeur :<\/strong> Intel\u00ae Core\u2122 i5-7300U vPro\u2122, 2,6 GHz (jusqu&rsquo;\u00e0 3,5 GHz).<\/li>\n<li><strong>Graphique :<\/strong> Intel\u00ae HD Graphics 620 int\u00e9gr\u00e9<\/li>\n<li><strong>M\u00e9moire :<\/strong> 8 Go de RAM, extensible \u00e0 16 Go<\/li>\n<li><strong>Stockage :<\/strong> SSD de 256 Go, extensible \u00e0 1 To<\/li>\n<li><strong>Connectivit\u00e9 :<\/strong> Wi-Fi 802.11 a\/b\/g\/n\/ac, Bluetooth 4.1, 4G LTE avec GPS en option<\/li>\n<li><strong>Certifications robustes :<\/strong> MIL-STD-810G, IP65<\/li>\n<li><strong>Batterie :<\/strong> Li-Ion rempla\u00e7able \u00e0 chaud, jusqu&rsquo;\u00e0 14 heures d&rsquo;autonomie<\/li>\n<li><strong>Dimensions et poids :<\/strong> 270 \u00d7 188 \u00d7 19 mm, environ 1,1 kg <\/li>\n<li><strong>Garantie :<\/strong> Garantie d&rsquo;un an pour les v\u00e9hicules d&rsquo;occasion certifi\u00e9s<\/li>\n<\/ul>\n","protected":false},"author":24,"featured_media":61192,"template":"","meta":{"_acf_changed":false,"inline_featured_image":false},"product-condition":[5269],"product_brand":[8984],"product_cat":[5137,5144,5138],"product_tag":[4862,5451],"class_list":{"0":"post-45704","1":"product","2":"type-product","3":"status-publish","4":"has-post-thumbnail","6":"product-condition-pre-owned","7":"product_brand-panasonic","8":"product_cat-panasonic-toughbook","9":"product_cat-all-rugged-tablets","10":"product_cat-refurbished-rugged-hardware","11":"product_tag-lte-4g-fr","12":"product_tag-5451","14":"first","15":"instock","16":"taxable","17":"shipping-taxable","18":"purchasable","19":"product-type-simple"},"acf":[],"_links":{"self":[{"href":"https:\/\/micronordic.com\/fr\/wp-json\/wp\/v2\/product\/45704","targetHints":{"allow":["GET"]}}],"collection":[{"href":"https:\/\/micronordic.com\/fr\/wp-json\/wp\/v2\/product"}],"about":[{"href":"https:\/\/micronordic.com\/fr\/wp-json\/wp\/v2\/types\/product"}],"author":[{"embeddable":true,"href":"https:\/\/micronordic.com\/fr\/wp-json\/wp\/v2\/users\/24"}],"version-history":[{"count":4,"href":"https:\/\/micronordic.com\/fr\/wp-json\/wp\/v2\/product\/45704\/revisions"}],"predecessor-version":[{"id":98155,"href":"https:\/\/micronordic.com\/fr\/wp-json\/wp\/v2\/product\/45704\/revisions\/98155"}],"wp:featuredmedia":[{"embeddable":true,"href":"https:\/\/micronordic.com\/fr\/wp-json\/wp\/v2\/media\/61192"}],"wp:attachment":[{"href":"https:\/\/micronordic.com\/fr\/wp-json\/wp\/v2\/media?parent=45704"}],"wp:term":[{"taxonomy":"product-condition","embeddable":true,"href":"https:\/\/micronordic.com\/fr\/wp-json\/wp\/v2\/product-condition?post=45704"},{"taxonomy":"product_brand","embeddable":true,"href":"https:\/\/micronordic.com\/fr\/wp-json\/wp\/v2\/product_brand?post=45704"},{"taxonomy":"product_cat","embeddable":true,"href":"https:\/\/micronordic.com\/fr\/wp-json\/wp\/v2\/product_cat?post=45704"},{"taxonomy":"product_tag","embeddable":true,"href":"https:\/\/micronordic.com\/fr\/wp-json\/wp\/v2\/product_tag?post=45704"}],"curies":[{"name":"wp","href":"https:\/\/api.w.org\/{rel}","templated":true}]}}