{"id":45698,"date":"2023-01-26T21:16:34","date_gmt":"2023-01-26T20:16:34","guid":{"rendered":"https:\/\/micronordic.com\/product\/zebra-mc9300-ordinateur-de-poche-mobile-reconditionne\/"},"modified":"2025-11-17T12:51:59","modified_gmt":"2025-11-17T11:51:59","slug":"zebra-mc9300-mobile-handheld-computer-refurbished","status":"publish","type":"product","link":"https:\/\/micronordic.com\/fr\/product\/zebra-mc9300-mobile-handheld-computer-refurbished\/","title":{"rendered":"Zebra MC9300 Handheld Mobile Computer (EX-DEMO)"},"content":{"rendered":"<?xml encoding=\"utf-8\" ?><h2 data-start=\"195\" data-end=\"237\">Zebra MC9300 Handheld Mobile Computer<\/h2><p data-start=\"239\" data-end=\"661\">Le Zebra <strong data-start=\"243\" data-end=\"284\">MC9300 Handheld Mobile Computer <\/strong> est l&rsquo;un des appareils les plus puissants et les plus robustes de la gamme de terminaux portables de Zebra. Con&ccedil;u pour les environnements industriels les plus difficiles, il offre des performances de nouvelle g&eacute;n&eacute;ration, une durabilit&eacute; ultra-robuste et une num&eacute;risation &agrave; la pointe de l&rsquo;industrie. Succ&eacute;dant au populaire <a href=\"https:\/\/micronordic.com\/product\/zebra-mc9200-mobile-handheld-computer-refurbished\/\">MC9200<\/a>, le MC9300 est l&rsquo;<strong data-start=\"566\" data-end=\"595\">ordinateur de poche Android id&eacute;al<\/strong> pour les entrep&ocirc;ts, les usines de fabrication et les op&eacute;rations logistiques.  <\/p><p data-start=\"663\" data-end=\"924\">Chez Micro Nordic, le Zebra MC9300 <strong data-start=\"710\" data-end=\"735\">n&rsquo;<\/strong>est disponible <strong data-start=\"710\" data-end=\"735\">que sous forme d&rsquo;unit&eacute;s EX-DEMO<\/strong>. Ces appareils peu utilis&eacute;s offrent aux entreprises la possibilit&eacute; d&rsquo;acqu&eacute;rir une mobilit&eacute; rugueuse de niveau professionnel &agrave; un prix plus avantageux, sans compromis sur la fiabilit&eacute;. Les unit&eacute;s EX-DEMO b&eacute;n&eacute;ficient d&rsquo;une <strong>garantie de 12 mois.<\/strong>  <\/p><h2 data-start=\"926\" data-end=\"963\">Principales caract&eacute;ristiques du Zebra MC9300<\/h2><ul data-start=\"965\" data-end=\"1939\">\n<li data-start=\"965\" data-end=\"1082\">\n<p data-start=\"967\" data-end=\"1082\"><strong data-start=\"967\" data-end=\"988\">Durabilit&eacute; rugueuse<\/strong> &ndash; Test&eacute; selon la norme MIL-STD-810G, certifi&eacute; IP65 et IP67, il r&eacute;siste aux chutes, &agrave; la poussi&egrave;re et &agrave; l&rsquo;eau.<\/p>\n<\/li>\n<li data-start=\"1083\" data-end=\"1185\">\n<p data-start=\"1085\" data-end=\"1185\"><strong data-start=\"1085\" data-end=\"1096\">&Eacute;cran<\/strong> &ndash; &Eacute;cran tactile WVGA de 4,3&Prime; avec lisibilit&eacute; ext&eacute;rieure avanc&eacute;e et prise en charge des gants et du toucher humide.<\/p>\n<\/li>\n<li data-start=\"1186\" data-end=\"1250\">\n<p data-start=\"1188\" data-end=\"1250\"><strong data-start=\"1188\" data-end=\"1201\">Processeur<\/strong> &ndash; Qualcomm Snapdragon&trade; 660 octa-core, 2,2 GHz.<\/p>\n<\/li>\n<li data-start=\"1251\" data-end=\"1352\">\n<p data-start=\"1253\" data-end=\"1352\"><strong data-start=\"1253\" data-end=\"1273\">Syst&egrave;me d&rsquo;exploitation<\/strong> &ndash; Android 8.1 Oreo, pouvant &ecirc;tre mis &agrave; niveau avec LifeGuard&trade; de Zebra pour la prise en charge d&rsquo;Android.<\/p>\n<\/li>\n<li data-start=\"1353\" data-end=\"1379\">\n<p data-start=\"1355\" data-end=\"1379\"><strong data-start=\"1355\" data-end=\"1365\">M&eacute;moire<\/strong> &ndash; 4 Go de RAM.<\/p>\n<\/li>\n<li data-start=\"1380\" data-end=\"1450\">\n<p data-start=\"1382\" data-end=\"1450\"><strong data-start=\"1382\" data-end=\"1393\">Stockage<\/strong> &ndash; 32 Go en interne, extensible jusqu&rsquo;&agrave; 256 Go via microSD.<\/p>\n<\/li>\n<li data-start=\"1451\" data-end=\"1568\">\n<p data-start=\"1453\" data-end=\"1568\"><strong data-start=\"1453\" data-end=\"1465\">Num&eacute;risation<\/strong> &ndash; laser 1D SE965, imageurs &agrave; port&eacute;e &eacute;tendue SE4750 ou SE4850 pour les codes &agrave; barres 1D\/2D, m&ecirc;me jusqu&rsquo;&agrave; une distance de 70 pieds.<\/p>\n<\/li>\n<li data-start=\"1569\" data-end=\"1653\">\n<p data-start=\"1571\" data-end=\"1653\"><strong data-start=\"1571\" data-end=\"1587\">Connectivit&eacute;<\/strong> &ndash; Wi-Fi 802.11 a\/b\/g\/n\/ac, Bluetooth 5.0, NFC et GPS.<\/p>\n<\/li>\n<li data-start=\"1654\" data-end=\"1755\">\n<p data-start=\"1656\" data-end=\"1755\"><strong data-start=\"1656\" data-end=\"1667\">Batterie<\/strong> &ndash; Batterie PowerPrecision+ de 7 000 mAh avec prise en charge de l&rsquo;&eacute;change &agrave; chaud pour une productivit&eacute; sans faille.<\/p>\n<\/li>\n<li data-start=\"1756\" data-end=\"1856\">\n<p data-start=\"1758\" data-end=\"1856\"><strong data-start=\"1758\" data-end=\"1773\">Facteur de forme<\/strong> &ndash; Dispositif &agrave; clavier de type pistolet avec plusieurs configurations de clavier pour plus de flexibilit&eacute;.<\/p>\n<\/li>\n<li data-start=\"1857\" data-end=\"1939\">\n<p data-start=\"1859\" data-end=\"1939\"><strong data-start=\"1859\" data-end=\"1875\">Disponibilit&eacute;<\/strong> &ndash; Disponible exclusivement en <strong data-start=\"1903\" data-end=\"1920\">unit&eacute;s EX-DEMO<\/strong> chez Micro Nordic.<\/p>\n<\/li>\n<\/ul><h2 data-start=\"1941\" data-end=\"1978\">Principaux avantages du Zebra MC9300<\/h2><h3 data-start=\"1980\" data-end=\"2028\">Conception ultra-rugueuse pour les environnements difficiles<\/h3><p data-start=\"2029\" data-end=\"2233\">Le MC9300 est con&ccedil;u pour r&eacute;sister aux cas d&rsquo;utilisation industrielle les plus difficiles. Il r&eacute;siste aux chutes, aux temp&eacute;ratures extr&ecirc;mes, &agrave; la poussi&egrave;re et &agrave; l&rsquo;eau, ce qui en fait l&rsquo;un des ordinateurs de poche les plus fiables pour les flux de travail intensifs. <\/p><h3 data-start=\"2235\" data-end=\"2266\">Lecture de codes-barres de qualit&eacute; sup&eacute;rieure<\/h3><p data-start=\"2267\" data-end=\"2524\">Avec les imageurs &agrave; port&eacute;e &eacute;tendue en option, le MC9300 peut capturer des codes-barres &agrave; la fois &agrave; proximit&eacute; et &agrave; des distances allant jusqu&rsquo;&agrave; 21 m&egrave;tres (70 pieds). Il est donc id&eacute;al pour les entrep&ocirc;ts et les centres de distribution o&ugrave; les employ&eacute;s doivent scanner &agrave; partir de chariots &eacute;l&eacute;vateurs, d&rsquo;&eacute;tag&egrave;res ou de palettes. <\/p><h3 data-start=\"2526\" data-end=\"2559\">Plate-forme d&rsquo;entreprise Android<\/h3><p data-start=\"2560\" data-end=\"2822\">Le MC9300 fonctionne sous Android avec les outils Mobility DNA de Zebra, ce qui garantit un fonctionnement fluide, une assistance &agrave; long cycle de vie et des mises &agrave; jour permanentes de la s&eacute;curit&eacute; du syst&egrave;me d&rsquo;exploitation gr&acirc;ce &agrave; LifeGuard&trade; for Android. Il offre la familiarit&eacute; d&rsquo;Android avec une personnalisation et une s&eacute;curit&eacute; de niveau entreprise. <\/p><h3 data-start=\"2824\" data-end=\"2856\">Optimis&eacute; pour la productivit&eacute;<\/h3><p data-start=\"2857\" data-end=\"3098\">Avec un grand &eacute;cran de 4,3&Prime;, des claviers personnalisables et une batterie haute capacit&eacute; rempla&ccedil;able &agrave; chaud, le MC9300 est con&ccedil;u pour maximiser le temps de fonctionnement et l&rsquo;efficacit&eacute; de l&rsquo;utilisateur. Les travailleurs peuvent effectuer de longues p&eacute;riodes de travail sans temps d&rsquo;arr&ecirc;t, m&ecirc;me dans des environnements difficiles. <\/p><h3 data-start=\"3100\" data-end=\"3141\">Disponibilit&eacute; EX-DEMO rentable<\/h3><p data-start=\"3142\" data-end=\"3455\">Micro Nordic propose le MC9300 <strong data-start=\"3173\" data-end=\"3205\">exclusivement sous forme d&rsquo;unit&eacute;s EX-DEMO<\/strong>. Ces appareils ont &eacute;t&eacute; l&eacute;g&egrave;rement utilis&eacute;s pour des d&eacute;monstrations mais conservent toutes les fonctionnalit&eacute;s de l&rsquo;entreprise. Pour les entreprises, il s&rsquo;agit d&rsquo;un moyen rentable de d&eacute;ployer l&rsquo;un des ordinateurs de poche robustes les plus avanc&eacute;s de Zebra sans avoir &agrave; payer le prix fort de nouvelles unit&eacute;s.  <\/p><h2 data-start=\"3457\" data-end=\"3494\">Cas d&rsquo;utilisation id&eacute;aux pour Zebra MC9300<\/h2><ul data-start=\"3496\" data-end=\"3974\">\n<li data-start=\"3496\" data-end=\"3626\">\n<p data-start=\"3498\" data-end=\"3626\"><strong data-start=\"3498\" data-end=\"3530\">Entreposage et distribution<\/strong> &ndash; Num&eacute;risation &agrave; port&eacute;e &eacute;tendue et conception robuste pour la gestion des stocks, la pr&eacute;paration des commandes et la r&eacute;ception.<\/p>\n<\/li>\n<li data-start=\"3627\" data-end=\"3758\">\n<p data-start=\"3629\" data-end=\"3758\"><strong data-start=\"3629\" data-end=\"3646\">Fabrication<\/strong> &ndash; Performances fiables dans les installations industrielles exigeantes, y compris les entrep&ocirc;ts frigorifiques et les environnements dangereux.<\/p>\n<\/li>\n<li data-start=\"3759\" data-end=\"3872\">\n<p data-start=\"3761\" data-end=\"3872\"><strong data-start=\"3761\" data-end=\"3793\">Transport et logistique<\/strong> &ndash; Saisie de donn&eacute;es en temps r&eacute;el et mobilit&eacute; rugueuse pour les op&eacute;rations de flotte et de fret.<\/p>\n<\/li>\n<li data-start=\"3873\" data-end=\"3974\">\n<p data-start=\"3875\" data-end=\"3974\"><strong data-start=\"3875\" data-end=\"3905\">Op&eacute;rations d&rsquo;arri&egrave;re-boutique dans le commerce de d&eacute;tail<\/strong> &ndash; Manipulation des stocks &agrave; grande &eacute;chelle et logistique entre l&rsquo;entrep&ocirc;t et le magasin.<\/p>\n<\/li>\n<\/ul><h2 data-start=\"3976\" data-end=\"4027\">Comparaisons de produits : Zebra MC9300 Alternatives<\/h2><p data-start=\"4029\" data-end=\"4108\">Pour les entreprises qui &eacute;valuent les options de mobilit&eacute; rugged, Micro Nordic propose &eacute;galement :<\/p><ul data-start=\"4110\" data-end=\"4537\">\n<li data-start=\"4110\" data-end=\"4237\">\n<p data-start=\"4112\" data-end=\"4237\"><a href=\"https:\/\/micronordic.com\/product\/zebra-mc9200-mobile-handheld-computer-refurbished\/\"><strong data-start=\"4112\" data-end=\"4142\">Zebra MC9200 Handheld Mobile Computer <\/strong><\/a> &ndash; Le pr&eacute;d&eacute;cesseur du MC9300, toujours populaire dans les transitions Windows CE et Android.<\/p>\n<\/li>\n<li data-start=\"4238\" data-end=\"4384\">\n<p data-start=\"4240\" data-end=\"4384\"><a href=\"https:\/\/micronordic.com\/product\/zebra-tc77-mobile-handheld-computer-refurbished\/\"><strong data-start=\"4240\" data-end=\"4296\">Zebra TC77 Handheld Mobile Computer <\/strong><\/a>&ndash; Ordinateur de poche robuste, plus petit, centr&eacute; sur le toucher et dot&eacute; de capacit&eacute;s Wi-Fi et cellulaires.<\/p>\n<\/li>\n<li data-start=\"4385\" data-end=\"4537\">\n<p data-start=\"4387\" data-end=\"4537\"><a href=\"https:\/\/micronordic.com\/product\/honeywell-ct40xp-mobile-handheld-computer-refurbished\/\"><strong data-start=\"4387\" data-end=\"4430\">Honeywell CT40 Handheld Mobile Computer <\/strong> <\/a>&ndash; Une alternative l&eacute;g&egrave;re, offrant une durabilit&eacute; de niveau entreprise pour le commerce de d&eacute;tail, les soins de sant&eacute; et la logistique.<\/p>\n<\/li>\n<\/ul>\n","protected":false},"excerpt":{"rendered":"<p>S\u00c9LECTIONNEZ UNE VARIANTE CI-DESSOUS ! Appelez-nous si vous avez besoin d&rsquo;aide pour trouver la bonne variante de produit. <\/p>\n<h3>Sp\u00e9cifications :<\/h3>\n<ul>\n<li><strong>\u00c9cran :<\/strong> 4,3\u2033 WVGA (800\u00d7480), lisible en ext\u00e9rieur, fonctionne avec des gants et au toucher humide<\/li>\n<li><strong>Processeur :<\/strong> Qualcomm Snapdragon\u2122 660 octa-core, 2,2 GHz.<\/li>\n<li><strong>Graphique :<\/strong> GPU Adreno\u2122 512 int\u00e9gr\u00e9<\/li>\n<li><strong>M\u00e9moire :<\/strong> 4 GB RAM<\/li>\n<li><strong>Stockage :<\/strong> 32 Go internes, extensibles via microSD jusqu&rsquo;\u00e0 256 Go<\/li>\n<li><strong>Connectivit\u00e9 :<\/strong> Wi-Fi 802.11 a\/b\/g\/n\/ac, Bluetooth 5.0, NFC, GPS<\/li>\n<li><strong>Certifications robustes :<\/strong> MIL-STD-810G, IP65\/IP67, test\u00e9 aux chutes<\/li>\n<li><strong>Num\u00e9risation :<\/strong> Laser 1D SE965, imageurs 1D\/2D SE4750\/SE4850 \u00e0 port\u00e9e \u00e9tendue<\/li>\n<li><strong>Batterie :<\/strong> 7000 mAh Li-Ion, rempla\u00e7able \u00e0 chaud<\/li>\n<li><strong>Dimensions et poids :<\/strong> 231 \u00d7 88 \u00d7 189 mm, environ 765 g <\/li>\n<li><strong>Garantie :<\/strong> Disponible uniquement en tant qu&rsquo;unit\u00e9 EX-DEMO avec une garantie de 12 mois<\/li>\n<\/ul>\n<p><strong>Veuillez choisir le bon mod\u00e8le ci-dessous, avant de l&rsquo;ajouter au panier.<\/strong><\/p>\n","protected":false},"author":24,"featured_media":100488,"template":"","meta":{"_acf_changed":false,"inline_featured_image":false},"product-condition":[5270],"product_brand":[9011],"product_cat":[5142,5138,5136],"product_tag":[],"class_list":{"0":"post-45698","1":"product","2":"type-product","3":"status-publish","4":"has-post-thumbnail","6":"product-condition-ex-demo","7":"product_brand-zebra","8":"product_cat-all-barcode-scanners","9":"product_cat-refurbished-rugged-hardware","10":"product_cat-zebra","11":"pa_model-part-number-mc930p-gshcg4rw","12":"pa_model-part-number-mc930p-gsjbg4rw","13":"pa_model-part-number-mc930p-gsjcg4rw","14":"pa_model-part-number-mc930p-gsjdg4rw","15":"pa_model-part-number-mc930p-gsjeg4rw","16":"pa_model-part-number-mc930p-gsjgg4rw","17":"pa_model-part-number-mc930p-gsjhg4rw","19":"first","20":"instock","21":"taxable","22":"shipping-taxable","23":"purchasable","24":"product-type-variable","25":"has-default-attributes"},"acf":[],"_links":{"self":[{"href":"https:\/\/micronordic.com\/fr\/wp-json\/wp\/v2\/product\/45698","targetHints":{"allow":["GET"]}}],"collection":[{"href":"https:\/\/micronordic.com\/fr\/wp-json\/wp\/v2\/product"}],"about":[{"href":"https:\/\/micronordic.com\/fr\/wp-json\/wp\/v2\/types\/product"}],"author":[{"embeddable":true,"href":"https:\/\/micronordic.com\/fr\/wp-json\/wp\/v2\/users\/24"}],"version-history":[{"count":2,"href":"https:\/\/micronordic.com\/fr\/wp-json\/wp\/v2\/product\/45698\/revisions"}],"predecessor-version":[{"id":98128,"href":"https:\/\/micronordic.com\/fr\/wp-json\/wp\/v2\/product\/45698\/revisions\/98128"}],"wp:featuredmedia":[{"embeddable":true,"href":"https:\/\/micronordic.com\/fr\/wp-json\/wp\/v2\/media\/100488"}],"wp:attachment":[{"href":"https:\/\/micronordic.com\/fr\/wp-json\/wp\/v2\/media?parent=45698"}],"wp:term":[{"taxonomy":"product-condition","embeddable":true,"href":"https:\/\/micronordic.com\/fr\/wp-json\/wp\/v2\/product-condition?post=45698"},{"taxonomy":"product_brand","embeddable":true,"href":"https:\/\/micronordic.com\/fr\/wp-json\/wp\/v2\/product_brand?post=45698"},{"taxonomy":"product_cat","embeddable":true,"href":"https:\/\/micronordic.com\/fr\/wp-json\/wp\/v2\/product_cat?post=45698"},{"taxonomy":"product_tag","embeddable":true,"href":"https:\/\/micronordic.com\/fr\/wp-json\/wp\/v2\/product_tag?post=45698"}],"curies":[{"name":"wp","href":"https:\/\/api.w.org\/{rel}","templated":true}]}}