{"id":45696,"date":"2023-01-26T21:09:46","date_gmt":"2023-01-26T20:09:46","guid":{"rendered":"https:\/\/micronordic.com\/product\/zebra-mc3300-ordinateur-de-poche-mobile-remis-a-neuf\/"},"modified":"2025-11-17T14:34:02","modified_gmt":"2025-11-17T13:34:02","slug":"zebra-mc3300-mobile-handheld-computer-refurbished","status":"publish","type":"product","link":"https:\/\/micronordic.com\/fr\/product\/zebra-mc3300-mobile-handheld-computer-refurbished\/","title":{"rendered":"Zebra MC3300 Handheld Mobile Computer (EX-DEMO)"},"content":{"rendered":"<?xml encoding=\"utf-8\" ?><h2 data-start=\"231\" data-end=\"283\">Zebra MC3300 Handheld Mobile Computer (EX-DEMO)<\/h2><p data-start=\"285\" data-end=\"603\">Le <strong data-start=\"289\" data-end=\"330\">Zebra MC3300 Handheld Mobile Computer <\/strong>est un appareil d&rsquo;entreprise polyvalent de milieu de gamme qui combine une conception robuste, des performances fiables et de multiples options de facteur de forme.<br>\nSucc&eacute;dant au populaire <a href=\"https:\/\/micronordic.com\/product\/zebra-mc3200-mobile-handheld-computer-refurbished\/\">MC3200<\/a>, le MC3300 offre un traitement plus rapide, une prise en charge avanc&eacute;e d&rsquo;Android et des capacit&eacute;s de num&eacute;risation am&eacute;lior&eacute;es. <\/p><p data-start=\"605\" data-end=\"884\">Chez Micro Nordic, le MC3300 <strong data-start=\"644\" data-end=\"669\">n&rsquo;<\/strong>est propos&eacute; <strong data-start=\"644\" data-end=\"669\">que sous forme d&rsquo;unit&eacute;s EX-DEMO.<\/strong> Ces appareils peu utilis&eacute;s offrent aux organisations la possibilit&eacute; de d&eacute;ployer une mobilit&eacute; robuste de niveau professionnel &agrave; un co&ucirc;t consid&eacute;rablement r&eacute;duit, tout en b&eacute;n&eacute;ficiant de la durabilit&eacute; et des performances &eacute;prouv&eacute;es de Zebra. Les unit&eacute;s ex-d&eacute;mo b&eacute;n&eacute;ficient d&rsquo;une <strong data-start=\"24\" data-end=\"44\">garantie de 6 mois<\/strong>. <\/p><h2 data-start=\"886\" data-end=\"923\">Principales caract&eacute;ristiques du Zebra MC3300<\/h2><ul data-start=\"925\" data-end=\"1795\">\n<li data-start=\"925\" data-end=\"1029\">\n<p data-start=\"927\" data-end=\"1029\"><strong data-start=\"927\" data-end=\"948\">Durabilit&eacute; rugueuse<\/strong> &ndash; certifi&eacute; MIL-STD-810G, conforme &agrave; la norme IP54 et con&ccedil;u pour r&eacute;sister &agrave; des chutes de 1,5 m.<\/p>\n<\/li>\n<li data-start=\"1030\" data-end=\"1107\">\n<p data-start=\"1032\" data-end=\"1107\"><strong data-start=\"1032\" data-end=\"1043\">&Eacute;cran<\/strong> &ndash; &Eacute;cran tactile WVGA de 4,0&Prime; avec clavier en option pour les entr&eacute;es mixtes.<\/p>\n<\/li>\n<li data-start=\"1108\" data-end=\"1172\">\n<p data-start=\"1110\" data-end=\"1172\"><strong data-start=\"1110\" data-end=\"1123\">Processeur<\/strong> &ndash; Qualcomm Snapdragon&trade; 660 octa-core, 2,2 GHz.<\/p>\n<\/li>\n<li data-start=\"1173\" data-end=\"1278\">\n<p data-start=\"1175\" data-end=\"1278\"><strong data-start=\"1175\" data-end=\"1195\">Syst&egrave;me d&rsquo;exploitation<\/strong> &ndash; Android 7.0 Nougat, pouvant &ecirc;tre mis &agrave; niveau vers Android 11 avec la prise en charge LifeGuard&trade; de Zebra.<\/p>\n<\/li>\n<li data-start=\"1279\" data-end=\"1305\">\n<p data-start=\"1281\" data-end=\"1305\"><strong data-start=\"1281\" data-end=\"1291\">M&eacute;moire<\/strong> &ndash; 4 Go de RAM.<\/p>\n<\/li>\n<li data-start=\"1306\" data-end=\"1384\">\n<p data-start=\"1308\" data-end=\"1384\"><strong data-start=\"1308\" data-end=\"1319\">Stockage<\/strong> &ndash; 16 Go \/ 32 Go interne, extensible via microSD jusqu&rsquo;&agrave; 256 Go.<\/p>\n<\/li>\n<li data-start=\"1385\" data-end=\"1486\">\n<p data-start=\"1387\" data-end=\"1486\"><strong data-start=\"1387\" data-end=\"1399\">Num&eacute;risation<\/strong> &ndash; Plusieurs options de num&eacute;risation, y compris l&rsquo;imageur 1D\/2D SE4750 et des mod&egrave;les &agrave; port&eacute;e &eacute;tendue.<\/p>\n<\/li>\n<li data-start=\"1487\" data-end=\"1554\">\n<p data-start=\"1489\" data-end=\"1554\"><strong data-start=\"1489\" data-end=\"1505\">Connectivit&eacute;<\/strong> &ndash; Wi-Fi 802.11 a\/b\/g\/n\/ac, Bluetooth 5.0, NFC.<\/p>\n<\/li>\n<li data-start=\"1555\" data-end=\"1624\">\n<p data-start=\"1557\" data-end=\"1624\"><strong data-start=\"1557\" data-end=\"1568\">Batterie<\/strong> &ndash; Batterie Li-Ion de 2700 mAh ou 5200 mAh, rempla&ccedil;able &agrave; chaud.<\/p>\n<\/li>\n<li data-start=\"1625\" data-end=\"1733\">\n<p data-start=\"1627\" data-end=\"1733\"><strong data-start=\"1627\" data-end=\"1643\">Facteurs de forme<\/strong> &ndash; Disponibles sous forme de briques, de pistolets, de tourelles et de t&ecirc;tes rotatives pour une plus grande flexibilit&eacute; ergonomique.<\/p>\n<\/li>\n<li data-start=\"1734\" data-end=\"1795\">\n<p data-start=\"1736\" data-end=\"1795\"><strong data-start=\"1736\" data-end=\"1752\">Disponibilit&eacute;<\/strong> &ndash; Vendu exclusivement sous forme d&rsquo;<strong data-start=\"1775\" data-end=\"1792\">unit&eacute;s EX-DEMO<\/strong>.<\/p>\n<\/li>\n<\/ul><h2 data-start=\"1797\" data-end=\"1834\">Principaux avantages du Zebra MC3300<\/h2><h3 data-start=\"1836\" data-end=\"1870\">Options de facteurs de forme flexibles<\/h3><p data-start=\"1871\" data-end=\"2154\">Le MC3300 est l&rsquo;un des terminaux portables les plus polyvalents de Zebra, offrant diff&eacute;rentes configurations (poign&eacute;e pistolet, tourelle ou t&ecirc;te rotative) pour s&rsquo;adapter &agrave; des flux de travail sp&eacute;cifiques. Il s&rsquo;adapte ainsi aux environnements de vente au d&eacute;tail, d&rsquo;entreposage et de fabrication o&ugrave; les angles de lecture et l&rsquo;ergonomie sont importants. <\/p><h3 data-start=\"2156\" data-end=\"2194\">Une num&eacute;risation fiable pour chaque t&acirc;che<\/h3><p data-start=\"2195\" data-end=\"2449\">Gr&acirc;ce &agrave; ses moteurs de lecture avanc&eacute;s, le MC3300 lit les codes-barres 1D et 2D avec rapidit&eacute; et pr&eacute;cision. Les options de port&eacute;e &eacute;tendue permettent aux travailleurs de capturer des codes-barres sur de courtes distances ou dans de longues all&eacute;es d&rsquo;entrep&ocirc;t, r&eacute;duisant ainsi les erreurs et augmentant la productivit&eacute;. <\/p><h3 data-start=\"2451\" data-end=\"2481\">Android Enterprise Ready<\/h3><p data-start=\"2482\" data-end=\"2718\">Fonctionnant sous Android et pris en charge par LifeGuard&trade; for Android de Zebra, le MC3300 offre des mises &agrave; jour de s&eacute;curit&eacute; &agrave; long terme et une stabilit&eacute; d&rsquo;entreprise. Les entreprises b&eacute;n&eacute;ficient de la familiarit&eacute; d&rsquo;Android associ&eacute;e &agrave; la personnalisation de Zebra au niveau de l&rsquo;entreprise. <\/p><h3 data-start=\"2720\" data-end=\"2748\">Robuste mais l&eacute;ger<\/h3><p data-start=\"2749\" data-end=\"2989\">Le MC3300 est suffisamment robuste pour une utilisation industrielle quotidienne, tout en restant l&eacute;ger pour un confort tout au long de la journ&eacute;e. Avec une &eacute;tanch&eacute;it&eacute; IP54 et une conception durable, il r&eacute;siste &agrave; la poussi&egrave;re, aux d&eacute;versements et aux chutes, ce qui le rend fiable dans les environnements de travail difficiles. <\/p><h3 data-start=\"2991\" data-end=\"3026\">L&rsquo;&eacute;nergie de la batterie pour s&rsquo;adapter aux changements de poste<\/h3><p data-start=\"3027\" data-end=\"3244\">Avec deux options de batterie &ndash; standard 2700 mAh et &eacute;tendue 5200 mAh &ndash; le MC3300 peut &ecirc;tre adapt&eacute; &agrave; la dur&eacute;e des quarts de travail. La capacit&eacute; de remplacement &agrave; chaud garantit que les travailleurs peuvent remplacer les batteries sans interrompre les op&eacute;rations. <\/p><h3 data-start=\"3246\" data-end=\"3290\">R&eacute;duction des co&ucirc;ts gr&acirc;ce &agrave; la disponibilit&eacute; d&rsquo;EX-DEMO<\/h3><p data-start=\"3291\" data-end=\"3575\">Chez Micro Nordic, le MC3300 n&rsquo;est disponible que sous forme d&rsquo;<strong data-start=\"3340\" data-end=\"3357\">unit&eacute;s EX-DEMO<\/strong>, ce qui en fait un excellent choix pour les entreprises qui cherchent &agrave; &eacute;tendre leur mobilit&eacute; rugged sans avoir &agrave; supporter le co&ucirc;t de nouveaux appareils. Chaque unit&eacute; a &eacute;t&eacute; l&eacute;g&egrave;rement manipul&eacute;e pour les d&eacute;monstrations mais conserve toutes les fonctionnalit&eacute;s de l&rsquo;entreprise.<\/p><h2 data-start=\"3577\" data-end=\"3614\">Cas d&rsquo;utilisation id&eacute;aux pour Zebra MC3300<\/h2><ul data-start=\"3616\" data-end=\"3950\">\n<li data-start=\"3616\" data-end=\"3697\">\n<p data-start=\"3618\" data-end=\"3697\"><strong data-start=\"3618\" data-end=\"3628\">Commerce de d&eacute;tail<\/strong> &ndash; Contr&ocirc;les d&rsquo;inventaire, points de vente mobiles et gestion de l&rsquo;arri&egrave;re-boutique.<\/p>\n<\/li>\n<li data-start=\"3698\" data-end=\"3789\">\n<p data-start=\"3700\" data-end=\"3789\"><strong data-start=\"3700\" data-end=\"3715\">Entreposage<\/strong> &ndash; Pr&eacute;l&egrave;vement, emballage, r&eacute;ception et comptage des cycles gr&acirc;ce &agrave; une num&eacute;risation fiable.<\/p>\n<\/li>\n<li data-start=\"3790\" data-end=\"3871\">\n<p data-start=\"3792\" data-end=\"3871\"><strong data-start=\"3792\" data-end=\"3809\">Fabrication<\/strong> &ndash; Conception durable pour les lignes d&rsquo;assemblage et la logistique en usine.<\/p>\n<\/li>\n<li data-start=\"3872\" data-end=\"3950\">\n<p data-start=\"3874\" data-end=\"3950\"><strong data-start=\"3874\" data-end=\"3891\">Service sur le terrain<\/strong> &ndash; Suffisamment robuste et mobile pour assurer l&rsquo;assistance &agrave; la client&egrave;le sur site.<\/p>\n<\/li>\n<\/ul><h2 data-start=\"3952\" data-end=\"4003\">Comparaisons de produits : Zebra MC3300 Alternatives<\/h2><p data-start=\"4005\" data-end=\"4107\">Pour les organisations qui &eacute;valuent d&rsquo;autres solutions, Micro Nordic propose d&rsquo;autres ordinateurs de poche robustes :<\/p><ul data-start=\"4109\" data-end=\"4516\">\n<li data-start=\"4109\" data-end=\"4235\">\n<p data-start=\"4111\" data-end=\"4235\"><a href=\"https:\/\/micronordic.com\/product\/zebra-mc9300-mobile-handheld-computer-refurbished\/\"><strong data-start=\"4111\" data-end=\"4162\">Ordinateur de poche Zebra MC9300 <\/strong><\/a><strong data-start=\"4111\" data-end=\"4162\"><a href=\"https:\/\/micronordic.com\/product\/zebra-mc9300-mobile-handheld-computer-refurbished\/\">Ordinateur mobile<\/a><\/strong> &ndash; Un appareil Android plus grand et ultra-robuste pour une utilisation industrielle intensive.<\/p>\n<\/li>\n<li data-start=\"4236\" data-end=\"4377\">\n<p data-start=\"4238\" data-end=\"4377\"><a href=\"https:\/\/micronordic.com\/product\/zebra-tc720l-rugged-touch-computer-refurbished\/\"><strong data-start=\"4238\" data-end=\"4284\">Zebra TC72 Handheld Mobile Computer<\/strong> <\/a>&ndash; Un appareil robuste centr&eacute; sur le toucher et dot&eacute; d&rsquo;une conception Wi-Fi, id&eacute;al pour le commerce de d&eacute;tail et l&rsquo;h&ocirc;tellerie.<\/p>\n<\/li>\n<li data-start=\"4378\" data-end=\"4516\">\n<p data-start=\"4380\" data-end=\"4516\"><a href=\"https:\/\/micronordic.com\/product\/honeywell-ct40xp-mobile-handheld-computer-refurbished\/\"><strong data-start=\"4380\" data-end=\"4423\">Ordinateur de poche Honeywell CT40 <\/strong><\/a><strong data-start=\"4380\" data-end=\"4423\"><a href=\"https:\/\/micronordic.com\/product\/zebra-mc9300-mobile-handheld-computer-refurbished\/\">Ordinateur mobile<\/a><\/strong> &ndash; Une alternative compacte et l&eacute;g&egrave;re, alliant prix abordable et fonctionnalit&eacute;s d&rsquo;entreprise.<\/p>\n<\/li>\n<\/ul>\n","protected":false},"excerpt":{"rendered":"<p>S\u00c9LECTIONNEZ UNE VARIANTE CI-DESSOUS ! Appelez-nous si vous avez besoin d&rsquo;aide pour trouver la bonne variante de produit. <\/p>\n<h3>Sp\u00e9cifications :<\/h3>\n<ul>\n<li><strong>\u00c9cran :<\/strong> \u00c9cran tactile WVGA de 4,0\u2033 avec options de clavier<\/li>\n<li><strong>Processeur :<\/strong> Qualcomm Snapdragon\u2122 660 octa-core, 2,2 GHz.<\/li>\n<li><strong>Graphique :<\/strong> GPU Adreno\u2122 512 int\u00e9gr\u00e9<\/li>\n<li><strong>M\u00e9moire :<\/strong> 4 GB RAM<\/li>\n<li><strong>Stockage :<\/strong> 16\/32 Go internes, extensibles via microSD jusqu&rsquo;\u00e0 256 Go<\/li>\n<li><strong>Connectivit\u00e9 :<\/strong> Wi-Fi 802.11 a\/b\/g\/n\/ac, Bluetooth 5.0, NFC<\/li>\n<li><strong>Certifications robustes :<\/strong> MIL-STD-810G, IP54, r\u00e9sistance aux chutes de 1,5 m<\/li>\n<li><strong>Num\u00e9risation :<\/strong> Imageur 1D\/2D SE4750, options de port\u00e9e \u00e9tendue<\/li>\n<li><strong>Batterie :<\/strong> 2700 mAh ou 5200 mAh Li-Ion, rempla\u00e7able \u00e0 chaud<\/li>\n<li><strong>Dimensions et poids :<\/strong> 202 \u00d7 74 \u00d7 34 mm, environ 365 g <\/li>\n<li><strong>Garantie :<\/strong> Les unit\u00e9s ex-d\u00e9mo b\u00e9n\u00e9ficient d&rsquo;une garantie de 12 mois.<\/li>\n<\/ul>\n<p><strong>Veuillez choisir le bon mod\u00e8le ci-dessous, avant de l&rsquo;ajouter au panier.<\/strong><\/p>\n","protected":false},"author":24,"featured_media":100458,"template":"","meta":{"_acf_changed":false,"inline_featured_image":false},"product-condition":[5270],"product_brand":[9011],"product_cat":[5138,5142,5136],"product_tag":[],"class_list":{"0":"post-45696","1":"product","2":"type-product","3":"status-publish","4":"has-post-thumbnail","6":"product-condition-ex-demo","7":"product_brand-zebra","8":"product_cat-refurbished-rugged-hardware","9":"product_cat-all-barcode-scanners","10":"product_cat-zebra","11":"pa_model-part-number-mc330m-gj2ha2rw","12":"pa_model-part-number-mc330m-gj3hg2rw","13":"pa_model-part-number-mc330m-gj4ha2rw","14":"pa_model-part-number-mc330m-gj4hg2rw","15":"pa_model-part-number-mc330m-sj2hg2rw","16":"pa_model-part-number-mc330m-sj3hg2rw","17":"pa_model-part-number-mc330m-sk3hg2rw","19":"first","20":"instock","21":"taxable","22":"shipping-taxable","23":"purchasable","24":"product-type-variable"},"acf":[],"_links":{"self":[{"href":"https:\/\/micronordic.com\/fr\/wp-json\/wp\/v2\/product\/45696","targetHints":{"allow":["GET"]}}],"collection":[{"href":"https:\/\/micronordic.com\/fr\/wp-json\/wp\/v2\/product"}],"about":[{"href":"https:\/\/micronordic.com\/fr\/wp-json\/wp\/v2\/types\/product"}],"author":[{"embeddable":true,"href":"https:\/\/micronordic.com\/fr\/wp-json\/wp\/v2\/users\/24"}],"version-history":[{"count":4,"href":"https:\/\/micronordic.com\/fr\/wp-json\/wp\/v2\/product\/45696\/revisions"}],"predecessor-version":[{"id":98143,"href":"https:\/\/micronordic.com\/fr\/wp-json\/wp\/v2\/product\/45696\/revisions\/98143"}],"wp:featuredmedia":[{"embeddable":true,"href":"https:\/\/micronordic.com\/fr\/wp-json\/wp\/v2\/media\/100458"}],"wp:attachment":[{"href":"https:\/\/micronordic.com\/fr\/wp-json\/wp\/v2\/media?parent=45696"}],"wp:term":[{"taxonomy":"product-condition","embeddable":true,"href":"https:\/\/micronordic.com\/fr\/wp-json\/wp\/v2\/product-condition?post=45696"},{"taxonomy":"product_brand","embeddable":true,"href":"https:\/\/micronordic.com\/fr\/wp-json\/wp\/v2\/product_brand?post=45696"},{"taxonomy":"product_cat","embeddable":true,"href":"https:\/\/micronordic.com\/fr\/wp-json\/wp\/v2\/product_cat?post=45696"},{"taxonomy":"product_tag","embeddable":true,"href":"https:\/\/micronordic.com\/fr\/wp-json\/wp\/v2\/product_tag?post=45696"}],"curies":[{"name":"wp","href":"https:\/\/api.w.org\/{rel}","templated":true}]}}