{"id":45692,"date":"2022-12-07T16:49:34","date_gmt":"2022-12-07T15:49:34","guid":{"rendered":"https:\/\/micronordic.com\/product\/zebra-tc8300-ordinateur-portable-remis-a-neuf\/"},"modified":"2025-11-17T15:11:00","modified_gmt":"2025-11-17T14:11:00","slug":"zebra-tc8300-handheld-mobile-touch","status":"publish","type":"product","link":"https:\/\/micronordic.com\/fr\/product\/zebra-tc8300-handheld-mobile-touch\/","title":{"rendered":"Zebra TC8300 Handheld Mobile Computer (EX-DEMO)"},"content":{"rendered":"<?xml encoding=\"utf-8\" ?><h2 data-start=\"234\" data-end=\"286\">Zebra TC8300 Handheld Mobile Computer (EX-DEMO)<\/h2><p data-start=\"288\" data-end=\"630\">Le <strong data-start=\"292\" data-end=\"333\">Handheld Mobile Computer Zebra TC8300<\/strong> est l&rsquo;un des appareils d&rsquo;entreprise les plus innovants et les plus ergonomiques jamais con&ccedil;us par Zebra. Con&ccedil;u pour une productivit&eacute; maximale, il offre des performances de num&eacute;risation sup&eacute;rieures, un puissant syst&egrave;me informatique Android et un facteur de forme in&eacute;gal&eacute; qui r&eacute;duit la fatigue du travailleur jusqu&rsquo;&agrave; 14 % par rapport aux ordinateurs de poche traditionnels. <\/p><p data-start=\"632\" data-end=\"1025\">Chez Micro Nordic, le TC8300 <strong data-start=\"673\" data-end=\"698\">n&rsquo;<\/strong>est disponible <strong data-start=\"673\" data-end=\"698\">que sous forme d&rsquo;unit&eacute;s EX-DEMO<\/strong>. Ces appareils ont &eacute;t&eacute; l&eacute;g&egrave;rement utilis&eacute;s &agrave; des fins de d&eacute;monstration, enti&egrave;rement remis &agrave; neuf avec des plastiques avant et arri&egrave;re et des num&eacute;riseurs neufs, et test&eacute;s pour garantir des performances fiables. Ils comprennent tous les accessoires standard, sauf indication contraire, et sont assortis d&rsquo;une <strong>garantie de 12 mois.<\/strong>  <\/p><h2 data-start=\"1027\" data-end=\"1064\">Principales caract&eacute;ristiques du Zebra TC8300<\/h2><ul data-start=\"1066\" data-end=\"2031\">\n<li data-start=\"1066\" data-end=\"1171\">\n<p data-start=\"1068\" data-end=\"1171\"><strong data-start=\"1068\" data-end=\"1099\">Conception ergonomique innovante<\/strong> &ndash; R&eacute;duit les mouvements du poignet, augmentant le confort et la productivit&eacute; du travailleur.<\/p>\n<\/li>\n<li data-start=\"1172\" data-end=\"1284\">\n<p data-start=\"1174\" data-end=\"1284\"><strong data-start=\"1174\" data-end=\"1195\">Durabilit&eacute; rugueuse<\/strong> &ndash; test&eacute; selon la norme MIL-STD-810G, certifi&eacute; IP65\/IP67, test&eacute; en chute jusqu&rsquo;&agrave; 2,4 m avec un sabot de protection.<\/p>\n<\/li>\n<li data-start=\"1285\" data-end=\"1373\">\n<p data-start=\"1287\" data-end=\"1373\"><strong data-start=\"1287\" data-end=\"1298\">&Eacute;cran<\/strong> &ndash; 4.0&Prime; WVGA tactile, lisible en plein soleil, compatible avec les gants et le toucher humide.<\/p>\n<\/li>\n<li data-start=\"1374\" data-end=\"1438\">\n<p data-start=\"1376\" data-end=\"1438\"><strong data-start=\"1376\" data-end=\"1389\">Processeur<\/strong> &ndash; Qualcomm Snapdragon&trade; 660 octa-core, 2,2 GHz.<\/p>\n<\/li>\n<li data-start=\"1439\" data-end=\"1547\">\n<p data-start=\"1441\" data-end=\"1547\"><strong data-start=\"1441\" data-end=\"1461\">Syst&egrave;me d&rsquo;exploitation<\/strong> &ndash; Android 8.1 Oreo, pouvant &ecirc;tre mis &agrave; niveau jusqu&rsquo;&agrave; Android 11 avec le programme LifeGuard&trade; de Zebra.<\/p>\n<\/li>\n<li data-start=\"1548\" data-end=\"1574\">\n<p data-start=\"1550\" data-end=\"1574\"><strong data-start=\"1550\" data-end=\"1560\">M&eacute;moire<\/strong> &ndash; 4 Go de RAM.<\/p>\n<\/li>\n<li data-start=\"1575\" data-end=\"1645\">\n<p data-start=\"1577\" data-end=\"1645\"><strong data-start=\"1577\" data-end=\"1588\">Stockage<\/strong> &ndash; 32 Go en interne, extensible jusqu&rsquo;&agrave; 256 Go via microSD.<\/p>\n<\/li>\n<li data-start=\"1646\" data-end=\"1737\">\n<p data-start=\"1648\" data-end=\"1737\"><strong data-start=\"1648\" data-end=\"1660\">Num&eacute;risation<\/strong> &ndash; Imageur 1D\/2D SE4850 &agrave; port&eacute;e &eacute;tendue (lecture &agrave; proximit&eacute; du contact jusqu&rsquo;&agrave; 21 m).<\/p>\n<\/li>\n<li data-start=\"1738\" data-end=\"1805\">\n<p data-start=\"1740\" data-end=\"1805\"><strong data-start=\"1740\" data-end=\"1756\">Connectivit&eacute;<\/strong> &ndash; Wi-Fi 802.11 a\/b\/g\/n\/ac, Bluetooth 5.0, NFC.<\/p>\n<\/li>\n<li data-start=\"1806\" data-end=\"1889\">\n<p data-start=\"1808\" data-end=\"1889\"><strong data-start=\"1808\" data-end=\"1819\">Batterie<\/strong> &ndash; Batterie PowerPrecision+ de 7000 mAh rempla&ccedil;able &agrave; chaud pour une autonomie de toute la journ&eacute;e.<\/p>\n<\/li>\n<li data-start=\"1890\" data-end=\"1966\">\n<p data-start=\"1892\" data-end=\"1966\"><strong data-start=\"1892\" data-end=\"1907\">Facteur de forme<\/strong> &ndash; Ordinateur de poche tactile avec clavier int&eacute;gr&eacute;.<\/p>\n<\/li>\n<li data-start=\"1967\" data-end=\"2031\">\n<p data-start=\"1969\" data-end=\"2031\"><strong data-start=\"1969\" data-end=\"1985\">Disponibilit&eacute;<\/strong> &ndash; Propos&eacute; exclusivement sous forme d&rsquo;<strong data-start=\"2011\" data-end=\"2028\">unit&eacute;s EX-DEMO<\/strong>.<\/p>\n<\/li>\n<\/ul><h2 data-start=\"2033\" data-end=\"2070\">Principaux avantages du Zebra TC8300<\/h2><h3 data-start=\"2072\" data-end=\"2104\">Conception ergonomique in&eacute;gal&eacute;e<\/h3><p data-start=\"2105\" data-end=\"2381\">Gr&acirc;ce &agrave; la conception unique du TC8300, les employ&eacute;s n&rsquo;ont plus besoin de s&rsquo;incliner et de v&eacute;rifier apr&egrave;s chaque num&eacute;risation, ce qui r&eacute;duit consid&eacute;rablement la fatigue du poignet et am&eacute;liore l&rsquo;efficacit&eacute;. Il en r&eacute;sulte des gains de productivit&eacute; mesurables dans les entrep&ocirc;ts, les centres de distribution et les usines de fabrication. <\/p><h3 data-start=\"2383\" data-end=\"2412\">Balayage &agrave; port&eacute;e &eacute;tendue<\/h3><p data-start=\"2413\" data-end=\"2657\">&Eacute;quip&eacute; de l&rsquo;imageur SE4850 de Zebra, le TC8300 capture les codes-barres &agrave; une distance allant de quelques centim&egrave;tres &agrave; 21 m&egrave;tres. Les employ&eacute;s peuvent scanner des articles sur des rayonnages &eacute;lev&eacute;s ou &agrave; partir de chariots &eacute;l&eacute;vateurs sans quitter leur poste, ce qui acc&eacute;l&egrave;re les flux de travail et r&eacute;duit les temps d&rsquo;arr&ecirc;t. <\/p><h3 data-start=\"2659\" data-end=\"2702\">Fiabilit&eacute; rugueuse pour une utilisation industrielle<\/h3><p data-start=\"2703\" data-end=\"2915\">Con&ccedil;u pour les environnements les plus difficiles, le TC8300 est conforme aux normes MIL-STD-810G et IP65\/IP67. Il r&eacute;siste aux chutes, &agrave; la poussi&egrave;re, aux vibrations et &agrave; l&rsquo;exposition &agrave; l&rsquo;eau, ce qui en fait un choix fiable pour les op&eacute;rations exigeantes. <\/p><h3 data-start=\"2917\" data-end=\"2947\">Android Enterprise Ready<\/h3><p data-start=\"2948\" data-end=\"3170\">Le TC8300 fonctionne sous Android avec l&rsquo;ADN de mobilit&eacute; de Zebra, offrant une convivialit&eacute; famili&egrave;re avec des outils de s&eacute;curit&eacute; et de gestion de niveau entreprise. Avec une prise en charge garantie du syst&egrave;me d&rsquo;exploitation jusqu&rsquo;&agrave; Android 11, il est con&ccedil;u pour une utilisation professionnelle &agrave; long terme. <\/p><h3 data-start=\"3172\" data-end=\"3198\">Autonomie de la batterie toute la journ&eacute;e<\/h3><p data-start=\"3199\" data-end=\"3403\">Une batterie haute capacit&eacute; de 7000 mAh avec fonction de remplacement &agrave; chaud garantit des performances ininterrompues pendant les longues p&eacute;riodes de travail. Les travailleurs peuvent remplacer les batteries sans avoir &agrave; red&eacute;marrer, ce qui permet aux op&eacute;rations de continuer &agrave; se d&eacute;rouler efficacement. <\/p><h3 data-start=\"3405\" data-end=\"3446\">Disponibilit&eacute; EX-DEMO rentable<\/h3><p data-start=\"3447\" data-end=\"3780\">Chez Micro Nordic, le TC8300 n&rsquo;est disponible que sous forme d&rsquo;<strong data-start=\"3496\" data-end=\"3513\">unit&eacute;s EX-DEMO<\/strong>. Ces appareils sont enti&egrave;rement fonctionnels, avec de nouveaux bo&icirc;tiers et num&eacute;riseurs install&eacute;s, ce qui les rend presque impossibles &agrave; distinguer des unit&eacute;s neuves. Avec une garantie de 12 mois, les entreprises b&eacute;n&eacute;ficient d&rsquo;une mobilit&eacute; rugged de premi&egrave;re qualit&eacute; &agrave; une fraction du co&ucirc;t d&rsquo;un mat&eacute;riel neuf.  <\/p><h2 data-start=\"3782\" data-end=\"3819\">Cas d&rsquo;utilisation id&eacute;aux pour Zebra TC8300<\/h2><ul data-start=\"3821\" data-end=\"4249\">\n<li data-start=\"3821\" data-end=\"3937\">\n<p data-start=\"3823\" data-end=\"3937\"><strong data-start=\"3823\" data-end=\"3850\">Entreposage et logistique<\/strong> &ndash; Scanner &agrave; port&eacute;e &eacute;tendue pour la gestion des stocks, la pr&eacute;paration des commandes et le comptage des cycles.<\/p>\n<\/li>\n<li data-start=\"3938\" data-end=\"4031\">\n<p data-start=\"3940\" data-end=\"4031\"><strong data-start=\"3940\" data-end=\"3957\">Fabrication<\/strong> &ndash; Mobilit&eacute; robuste pour les ateliers, les cha&icirc;nes de montage et le contr&ocirc;le de la qualit&eacute;.<\/p>\n<\/li>\n<li data-start=\"4032\" data-end=\"4140\">\n<p data-start=\"4034\" data-end=\"4140\"><strong data-start=\"4034\" data-end=\"4052\">Transport<\/strong> &ndash; Num&eacute;risation durable et connectivit&eacute; en temps r&eacute;el pour la manutention du fret et la logistique des flottes.<\/p>\n<\/li>\n<li data-start=\"4141\" data-end=\"4249\">\n<p data-start=\"4143\" data-end=\"4249\"><strong data-start=\"4143\" data-end=\"4162\">Arri&egrave;re-boutique<\/strong> &ndash; Performances fiables pour les flux de travail d&rsquo;inventaire, la gestion des stocks et le r&eacute;approvisionnement.<\/p>\n<\/li>\n<\/ul><h2 data-start=\"4251\" data-end=\"4302\">Comparaisons de produits : Zebra TC8300 Alternatives<\/h2><p data-start=\"4304\" data-end=\"4403\">Pour les entreprises qui envisagent d&rsquo;autres solutions, Micro Nordic propose d&rsquo;autres ordinateurs de poche robustes :<\/p><ul data-start=\"4405\" data-end=\"4824\">\n<li data-start=\"4405\" data-end=\"4547\">\n<p data-start=\"4407\" data-end=\"4547\"><a href=\"https:\/\/micronordic.com\/product\/zebra-mc9300-mobile-handheld-computer-refurbished\/\"><strong data-start=\"4407\" data-end=\"4458\">Zebra MC9300 ordinateur de poche <\/strong><\/a><strong data-start=\"4407\" data-end=\"4458\"><a href=\"https:\/\/micronordic.com\/product\/zebra-mc9300-mobile-handheld-computer-refurbished\/\">Mobile Mobile<\/a><\/strong>&ndash; Un ordinateur de poche ultra-robuste de type pistolet avec des options de num&eacute;risation &agrave; port&eacute;e &eacute;tendue et de clavier.<\/p>\n<\/li>\n<li data-start=\"4548\" data-end=\"4688\">\n<p data-start=\"4550\" data-end=\"4688\"><a href=\"https:\/\/micronordic.com\/product\/zebra-tc720l-rugged-touch-computer-refurbished\/\"><strong data-start=\"4550\" data-end=\"4596\">Zebra TC72 Handheld Mobile Computer<\/strong><\/a> &ndash; Un appareil robuste centr&eacute; sur le toucher pour les environnements Wi-Fi, id&eacute;al pour le commerce de d&eacute;tail et l&rsquo;h&ocirc;tellerie.<\/p>\n<\/li>\n<li data-start=\"4689\" data-end=\"4824\">\n<p data-start=\"4691\" data-end=\"4824\"><a href=\"https:\/\/micronordic.com\/product\/honeywell-ct40xp-mobile-handheld-computer-refurbished\/\"><strong data-start=\"4691\" data-end=\"4734\">Ordinateur de poche Honeywell CT40 <\/strong><\/a><strong data-start=\"4691\" data-end=\"4734\"><a href=\"https:\/\/micronordic.com\/product\/zebra-mc9300-mobile-handheld-computer-refurbished\/\">Ordinateur mobile<\/a><\/strong> &ndash; Ordinateur de poche l&eacute;ger, bas&eacute; sur Android, con&ccedil;u pour des applications d&rsquo;entreprise polyvalentes.<\/p>\n<\/li>\n<\/ul>\n","protected":false},"excerpt":{"rendered":"<p>S\u00c9LECTIONNEZ UNE VARIANTE CI-DESSOUS ! Appelez-nous si vous avez besoin d&rsquo;aide pour trouver la bonne variante de produit. <\/p>\n<h3>Sp\u00e9cifications :<\/h3>\n<ul>\n<li><strong>\u00c9cran :<\/strong> 4.0\u2033 WVGA (800\u00d7480), lisible en plein soleil, compatible avec les gants et le toucher humide<\/li>\n<li><strong>Processeur :<\/strong> Qualcomm Snapdragon\u2122 660 octa-core, 2,2 GHz.<\/li>\n<li><strong>Graphique :<\/strong> GPU Adreno\u2122 512 int\u00e9gr\u00e9<\/li>\n<li><strong>M\u00e9moire :<\/strong> 4 GB RAM<\/li>\n<li><strong>Stockage :<\/strong> 32 Go internes, extensibles via microSD jusqu&rsquo;\u00e0 256 Go<\/li>\n<li><strong>Connectivit\u00e9 :<\/strong> Wi-Fi 802.11 a\/b\/g\/n\/ac, Bluetooth 5.0, NFC<\/li>\n<li><strong>Certifications robustes :<\/strong> MIL-STD-810G, IP65\/IP67, r\u00e9sistance aux chutes de 2,4 m avec botte<\/li>\n<li><strong>Num\u00e9risation :<\/strong> Imageur 1D\/2D SE4850 \u00e0 port\u00e9e \u00e9tendue (jusqu&rsquo;\u00e0 21 m)<\/li>\n<li><strong>Batterie :<\/strong> 7000 mAh Li-Ion, rempla\u00e7able \u00e0 chaud<\/li>\n<li><strong>Dimensions et poids :<\/strong> 236 \u00d7 87 \u00d7 70 mm, environ 765 g <\/li>\n<li><strong>Garantie :<\/strong> Disponible uniquement en tant qu&rsquo;EX-DEMO avec une garantie de 12 mois<\/li>\n<\/ul>\n<p><strong>Veuillez choisir le bon mod\u00e8le ci-dessous, avant de l&rsquo;ajouter au panier.<\/strong><\/p>\n","protected":false},"author":24,"featured_media":100413,"template":"","meta":{"_acf_changed":false,"inline_featured_image":false},"product-condition":[5270],"product_brand":[9011],"product_cat":[5142,5138,5136],"product_tag":[],"class_list":{"0":"post-45692","1":"product","2":"type-product","3":"status-publish","4":"has-post-thumbnail","6":"product-condition-ex-demo","7":"product_brand-zebra","8":"product_cat-all-barcode-scanners","9":"product_cat-refurbished-rugged-hardware","10":"product_cat-zebra","11":"pa_model-part-number-tc83b0-3005a61crw","12":"pa_model-part-number-tc83b0-4005a610rw","13":"pa_model-part-number-tc83b0-5005a610rw","14":"pa_model-part-number-tc83b0-6005a510rw","15":"pa_model-part-number-tc83bh-3205a710rw","16":"pa_model-part-number-tc83bh-3206a710rw","17":"pa_model-part-number-tc83bh-6205a710rw","18":"pa_model-part-number-tc83bh-6206a710rw","20":"first","21":"instock","22":"taxable","23":"shipping-taxable","24":"purchasable","25":"product-type-variable"},"acf":[],"_links":{"self":[{"href":"https:\/\/micronordic.com\/fr\/wp-json\/wp\/v2\/product\/45692","targetHints":{"allow":["GET"]}}],"collection":[{"href":"https:\/\/micronordic.com\/fr\/wp-json\/wp\/v2\/product"}],"about":[{"href":"https:\/\/micronordic.com\/fr\/wp-json\/wp\/v2\/types\/product"}],"author":[{"embeddable":true,"href":"https:\/\/micronordic.com\/fr\/wp-json\/wp\/v2\/users\/24"}],"version-history":[{"count":4,"href":"https:\/\/micronordic.com\/fr\/wp-json\/wp\/v2\/product\/45692\/revisions"}],"predecessor-version":[{"id":98169,"href":"https:\/\/micronordic.com\/fr\/wp-json\/wp\/v2\/product\/45692\/revisions\/98169"}],"wp:featuredmedia":[{"embeddable":true,"href":"https:\/\/micronordic.com\/fr\/wp-json\/wp\/v2\/media\/100413"}],"wp:attachment":[{"href":"https:\/\/micronordic.com\/fr\/wp-json\/wp\/v2\/media?parent=45692"}],"wp:term":[{"taxonomy":"product-condition","embeddable":true,"href":"https:\/\/micronordic.com\/fr\/wp-json\/wp\/v2\/product-condition?post=45692"},{"taxonomy":"product_brand","embeddable":true,"href":"https:\/\/micronordic.com\/fr\/wp-json\/wp\/v2\/product_brand?post=45692"},{"taxonomy":"product_cat","embeddable":true,"href":"https:\/\/micronordic.com\/fr\/wp-json\/wp\/v2\/product_cat?post=45692"},{"taxonomy":"product_tag","embeddable":true,"href":"https:\/\/micronordic.com\/fr\/wp-json\/wp\/v2\/product_tag?post=45692"}],"curies":[{"name":"wp","href":"https:\/\/api.w.org\/{rel}","templated":true}]}}