{"id":45686,"date":"2022-11-01T11:30:36","date_gmt":"2022-11-01T10:30:36","guid":{"rendered":"https:\/\/micronordic.com\/product\/panasonic-toughbook-fz-40-fz40-mk1-i5-nouveau\/"},"modified":"2025-11-13T15:13:43","modified_gmt":"2025-11-13T14:13:43","slug":"panasonic-toughbook-fz-40-mk1-i7new","status":"publish","type":"product","link":"https:\/\/micronordic.com\/fr\/product\/panasonic-toughbook-fz-40-mk1-i7new\/","title":{"rendered":"Panasonic Toughbook 40 MK1-MK2 (NOUVEAU)"},"content":{"rendered":"<?xml encoding=\"utf-8\" ?><h2 data-start=\"254\" data-end=\"295\">Panasonic Toughbook 40 MK1-MK2 (NOUVEAU)<\/h2><p data-start=\"297\" data-end=\"688\">Le <strong data-start=\"301\" data-end=\"327\">Panasonic Toughbook 40<\/strong> repr&eacute;sente le summum de la technologie des laptops robustes, con&ccedil;u pour la d&eacute;fense, les forces de l&rsquo;ordre, les services sur le terrain et les industries o&ugrave; les performances et la durabilit&eacute; sans compromis sont essentielles. Avec un &eacute;cran de 14 pouces lisible en plein jour, une conception modulaire et une puissance de traitement Intel&reg; de pointe, le Toughbook 40 allie performances avanc&eacute;es et fiabilit&eacute; rugueuse.<\/p><p data-start=\"690\" data-end=\"1015\">Chez <strong data-start=\"693\" data-end=\"709\">Micro Nordic<\/strong>, le Toughbook 40 est disponible en tant que mod&egrave;le <strong data-start=\"744\" data-end=\"763\">neuf (NEW)<\/strong> (avec une garantie de 3 ans) ou en tant que <strong data-start=\"777\" data-end=\"806\">Certified Pre-Owned (CPO) <\/strong>(avec une garantie d&rsquo;un an), ce qui permet aux entreprises de choisir entre un investissement enti&egrave;rement neuf ou une solution remise &agrave; neuf, rentable, qui a subi des tests approfondis et un remplacement des composants afin d&rsquo;offrir des performances proches du neuf.<\/p><h2 data-start=\"1017\" data-end=\"1064\">Principales caract&eacute;ristiques du Panasonic Toughbook 40<\/h2><ul data-start=\"1066\" data-end=\"2092\">\n<li data-start=\"1066\" data-end=\"1198\">\n<p data-start=\"1068\" data-end=\"1198\"><strong data-start=\"1068\" data-end=\"1091\">Conception ultra-robuste<\/strong> &ndash; Certifi&eacute; MIL-STD-810H et IP66, r&eacute;sistant aux chutes, &agrave; l&rsquo;eau, &agrave; la poussi&egrave;re, aux vibrations et aux temp&eacute;ratures extr&ecirc;mes.<\/p>\n<\/li>\n<li data-start=\"1199\" data-end=\"1321\">\n<p data-start=\"1201\" data-end=\"1321\"><strong data-start=\"1201\" data-end=\"1212\">&Eacute;cran<\/strong> &ndash; &Eacute;cran tactile 14&Prime; FHD (1920&times;1080) lisible en plein jour avec une luminosit&eacute; de 1200 nits et une utilisation avec des gants.<\/p>\n<\/li>\n<li data-start=\"1322\" data-end=\"1445\">\n<p data-start=\"1324\" data-end=\"1445\"><strong data-start=\"1324\" data-end=\"1337\">Processeur<\/strong> &ndash; Options Intel&reg; Core&trade; i5 et i7 vPro&trade; de 11e g&eacute;n&eacute;ration, con&ccedil;ues pour le multit&acirc;che et les applications de terrain exigeantes.<\/p>\n<\/li>\n<li data-start=\"1446\" data-end=\"1503\">\n<p data-start=\"1448\" data-end=\"1503\"><strong data-start=\"1448\" data-end=\"1458\">M&eacute;moire<\/strong> &ndash; Configurable de 16 GB &agrave; 64 GB de RAM.<\/p>\n<\/li>\n<li data-start=\"1504\" data-end=\"1570\">\n<p data-start=\"1506\" data-end=\"1570\"><strong data-start=\"1506\" data-end=\"1517\">Stockage<\/strong> &ndash; SSD NVMe standard de 512 Go, extensible jusqu&rsquo;&agrave; 2 To.<\/p>\n<\/li>\n<li data-start=\"1571\" data-end=\"1716\">\n<p data-start=\"1573\" data-end=\"1716\"><strong data-start=\"1573\" data-end=\"1594\">Extension modulaire<\/strong> &ndash; Quatre zones d&rsquo;extension permettent de personnaliser le syst&egrave;me avec des lecteurs optiques, des lecteurs d&rsquo;authentification, des ports d&rsquo;E\/S ou une deuxi&egrave;me batterie.<\/p>\n<\/li>\n<li data-start=\"1717\" data-end=\"1792\">\n<p data-start=\"1719\" data-end=\"1792\"><strong data-start=\"1719\" data-end=\"1735\">Connectivit&eacute;<\/strong> &ndash; Wi-Fi 6, Bluetooth 5.1, 4G LTE\/5G en option et GPS.<\/p>\n<\/li>\n<li data-start=\"1793\" data-end=\"1899\">\n<p data-start=\"1795\" data-end=\"1899\"><strong data-start=\"1795\" data-end=\"1807\">S&eacute;curit&eacute;<\/strong> &ndash; Prise en charge de l&rsquo;authentification multiple, notamment par carte &agrave; puce, empreinte digitale et reconnaissance faciale.<\/p>\n<\/li>\n<li data-start=\"1900\" data-end=\"1997\">\n<p data-start=\"1902\" data-end=\"1997\"><strong data-start=\"1902\" data-end=\"1913\">Batterie<\/strong> &ndash; Deux batteries rempla&ccedil;ables &agrave; chaud offrant jusqu&rsquo;&agrave; 36 heures d&rsquo;autonomie (avec la deuxi&egrave;me batterie).<\/p>\n<\/li>\n<li data-start=\"1998\" data-end=\"2092\">\n<p data-start=\"2000\" data-end=\"2092\"><strong data-start=\"2000\" data-end=\"2018\">Configurations<\/strong> &ndash; Disponible en version <strong data-start=\"2039\" data-end=\"2046\">NEUVE<\/strong> et en version d&rsquo;<strong data-start=\"2051\" data-end=\"2080\">occasion certifi&eacute;e (CPO)<\/strong>. La version neuve est assortie d&rsquo;une garantie standard de 3 ans. La version d&rsquo;occasion certifi&eacute;e est assortie d&rsquo;une garantie d&rsquo;un an.<\/p>\n<\/li>\n<\/ul><h2 data-start=\"2094\" data-end=\"2141\">Principaux avantages du Panasonic Toughbook 40<\/h2><h3 data-start=\"2143\" data-end=\"2194\">Des performances rugueuses pour les t&acirc;ches critiques<\/h3><p data-start=\"2195\" data-end=\"2470\">Con&ccedil;u pour les environnements les plus exigeants, le Toughbook 40 est certifi&eacute; MIL-STD-810H et IP66, ce qui signifie qu&rsquo;il est non seulement r&eacute;sistant aux chocs, &agrave; la poussi&egrave;re et &agrave; l&rsquo;eau, mais qu&rsquo;il peut &eacute;galement supporter des conditions environnementales extr&ecirc;mes. Son ch&acirc;ssis en alliage de magn&eacute;sium garantit une durabilit&eacute; &agrave; long terme.<\/p><h3 data-start=\"2472\" data-end=\"2509\">Grand &eacute;cran lisible &agrave; la lumi&egrave;re du jour<\/h3><p data-start=\"2510\" data-end=\"2713\">L&rsquo;&eacute;cran tactile FHD de 14 pouces, d&rsquo;une luminosit&eacute; de 1 200 nits, garantit la visibilit&eacute; en plein soleil ou dans des conditions de terrain difficiles. L&rsquo;&eacute;cran tactile multipoint compatible avec les gants am&eacute;liore la convivialit&eacute; pour les &eacute;quipes tactiques et d&rsquo;ext&eacute;rieur.<\/p><h3 data-start=\"2715\" data-end=\"2740\">Flexibilit&eacute; modulaire<\/h3><p data-start=\"2741\" data-end=\"2993\">Avec quatre emplacements d&rsquo;extension configurables par l&rsquo;utilisateur, le Toughbook 40 s&rsquo;adapte &agrave; divers flux de travail. Les options comprennent des lecteurs de codes-barres, un espace de stockage suppl&eacute;mentaire, des ports sp&eacute;cialis&eacute;s ou des blocs d&rsquo;alimentation suppl&eacute;mentaires, ce qui en fait l&rsquo;un des laptops rugged les plus polyvalents du march&eacute;.<\/p><h3 data-start=\"2995\" data-end=\"3040\">Longue dur&eacute;e de vie de la batterie gr&acirc;ce au remplacement &agrave; chaud<\/h3><p data-start=\"3041\" data-end=\"3250\">&Eacute;quip&eacute; de deux batteries rempla&ccedil;ables &agrave; chaud, le Toughbook 40 offre jusqu&rsquo;&agrave; 36 heures d&rsquo;autonomie lorsqu&rsquo;il est configur&eacute; avec une deuxi&egrave;me batterie. Cela garantit un fonctionnement continu lors des d&eacute;ploiements sur le terrain, sans temps d&rsquo;arr&ecirc;t.<\/p><h3 data-start=\"3252\" data-end=\"3310\">Des options pour tous les budgets : Neuf ou Certifi&eacute; d&rsquo;occasion<\/h3><p data-start=\"3311\" data-end=\"3770\">Chez <strong data-start=\"3314\" data-end=\"3330\">Micro Nordic<\/strong>, les clients peuvent choisir entre des <strong data-start=\"3361\" data-end=\"3393\">Toughbook 40 neufs<\/strong> ou des <strong data-start=\"3397\" data-end=\"3427\">mod&egrave;les d&rsquo;occasion certifi&eacute;s<\/strong>. Les nouveaux mod&egrave;les offrent le mat&eacute;riel le plus r&eacute;cent et une garantie compl&egrave;te, tandis que les unit&eacute;s Certified Pre-Owned ont fait l&rsquo;objet d&rsquo;une remise &agrave; neuf, de tests et d&rsquo;un remplacement de composants approfondis, offrant pratiquement les m&ecirc;mes performances &agrave; un co&ucirc;t r&eacute;duit. Cette double offre permet aux organisations d&rsquo;aligner leurs achats sur leurs besoins op&eacute;rationnels et leurs contraintes budg&eacute;taires.<\/p><h2 data-start=\"3772\" data-end=\"3823\">Cas d&rsquo;utilisation id&eacute;aux pour le Panasonic Toughbook 40<\/h2><ul data-start=\"3825\" data-end=\"4367\">\n<li data-start=\"3825\" data-end=\"3927\">\n<p data-start=\"3827\" data-end=\"3927\"><strong data-start=\"3827\" data-end=\"3858\">D&eacute;fense et application de la loi<\/strong> &ndash; Fiabilit&eacute; critique avec s&eacute;curit&eacute; multi-authentification.<\/p>\n<\/li>\n<li data-start=\"3928\" data-end=\"4040\">\n<p data-start=\"3930\" data-end=\"4040\"><strong data-start=\"3930\" data-end=\"3961\">Services publics et services sur le terrain<\/strong> &ndash; Batteries rempla&ccedil;ables &agrave; chaud et modules compl&eacute;mentaires pour des op&eacute;rations flexibles sur le terrain.<\/p>\n<\/li>\n<li data-start=\"4041\" data-end=\"4145\">\n<p data-start=\"4043\" data-end=\"4145\"><strong data-start=\"4043\" data-end=\"4079\">Fabrication et industrie lourde<\/strong> &ndash; R&eacute;sistance robuste aux vibrations, &agrave; la poussi&egrave;re et aux conditions extr&ecirc;mes.<\/p>\n<\/li>\n<li data-start=\"4146\" data-end=\"4247\">\n<p data-start=\"4148\" data-end=\"4247\"><strong data-start=\"4148\" data-end=\"4180\">Transport et logistique<\/strong> &ndash; Longue dur&eacute;e d&rsquo;utilisation et connectivit&eacute; GPS pour la gestion des flottes mobiles.<\/p>\n<\/li>\n<li data-start=\"4248\" data-end=\"4367\">\n<p data-start=\"4250\" data-end=\"4367\"><strong data-start=\"4250\" data-end=\"4290\">S&eacute;curit&eacute; publique et services d&rsquo;urgence<\/strong> &ndash; Grand &eacute;cran et forte connectivit&eacute; sans fil pour des op&eacute;rations en temps r&eacute;el.<\/p>\n<\/li>\n<\/ul><h2 data-start=\"4369\" data-end=\"4430\">Comparaisons de produits : Alternatives au Toughbook 40 de Panasonic<\/h2><p data-start=\"4432\" data-end=\"4532\">Pour les organisations qui &eacute;valuent des alternatives, d&rsquo;autres laptops rugged Laptop sont disponibles chez Micro Nordic :<\/p><ul data-start=\"4534\" data-end=\"4923\">\n<li data-start=\"4534\" data-end=\"4659\">\n<p data-start=\"4536\" data-end=\"4659\"><a href=\"https:\/\/micronordic.com\/product\/panasonic-toughbook-fz-55\/\"><strong data-start=\"4536\" data-end=\"4562\">Panasonic Toughbook 55<\/strong> <\/a>&ndash; Un laptop modulaire Semi Rugged offrant un poids plus l&eacute;ger et des possibilit&eacute;s d&rsquo;extension flexibles &agrave; moindre co&ucirc;t.<\/p>\n<\/li>\n<li data-start=\"4660\" data-end=\"4787\">\n<p data-start=\"4662\" data-end=\"4787\"><a href=\"https:\/\/micronordic.com\/product\/getac-b360-g2-fully-rugged-laptop\/\"><strong data-start=\"4662\" data-end=\"4699\">Getac B360 G2 Fully Rugged Laptop<\/strong><\/a> &ndash; Un laptop Fully Rugged Laptop de 13,3&Prime; con&ccedil;u pour la mobilit&eacute; sur le terrain dans des environnements difficiles.<\/p>\n<\/li>\n<li data-start=\"4788\" data-end=\"4923\">\n<p data-start=\"4790\" data-end=\"4923\"><a href=\"https:\/\/micronordic.com\/product\/dell-latitude-7330-rugged-extreme\/\"><strong data-start=\"4790\" data-end=\"4834\">Dell Latitude 7330 Rugged Extreme Laptop<\/strong><\/a> &ndash; Un laptop 13,3&Prime; Fully Rugged Laptop alliant durabilit&eacute; et forte int&eacute;gration &agrave; l&rsquo;entreprise.<\/p>\n<\/li>\n<\/ul>\n","protected":false},"excerpt":{"rendered":"<h3>Sp\u00e9cifications :<\/h3>\n<ul>\n<li><strong>\u00c9cran :<\/strong> 14\u2033 FHD (1920\u00d71080), 1200 nits, \u00e9cran tactile lisible en plein jour<\/li>\n<li><strong>Processeur :<\/strong> Intel\u00ae Core\u2122 i5\/i7 vPro\u2122, 11th Gen<\/li>\n<li><strong>Graphique :<\/strong> Graphique int\u00e9gr\u00e9 Intel\u00ae Iris\u00ae Xe<\/li>\n<li><strong>M\u00e9moire :<\/strong> 16 Go (mod\u00e8le de base), extensible \u00e0 64 Go de RAM<\/li>\n<li><strong>Stockage :<\/strong> 512 Go (mod\u00e8le de base), extensible \u00e0 2 To de SSD NVMe<\/li>\n<li><strong>Connectivit\u00e9 :<\/strong> Wi-Fi 6, Bluetooth 5.1, 4G LTE\/5G en option, GPS<\/li>\n<li><strong>Certifications robustes :<\/strong> MIL-STD-810H, IP66<\/li>\n<li><strong>Extension :<\/strong> Quatre emplacements modulaires pour le stockage, les ports ou les lecteurs d&rsquo;authentification<\/li>\n<li><strong>Batterie :<\/strong> Deux batteries rempla\u00e7ables \u00e0 chaud, jusqu&rsquo;\u00e0 36 heures d&rsquo;autonomie (avec la deuxi\u00e8me batterie)<\/li>\n<li><strong>Dimensions et poids :<\/strong> 354 \u00d7 301 \u00d7 54,4 mm, environ 3,35 kg<\/li>\n<li><strong>Garantie :<\/strong> 3 ans de garantie (Neuf) ou 1 an de garantie (Certifi\u00e9 d&rsquo;occasion)<\/li>\n<\/ul>\n","protected":false},"author":24,"featured_media":99841,"template":"","meta":{"_acf_changed":false,"inline_featured_image":false},"product-condition":[5245],"product_brand":[8984],"product_cat":[5137,5143,5139],"product_tag":[],"class_list":{"0":"post-45686","1":"product","2":"type-product","3":"status-publish","4":"has-post-thumbnail","6":"product-condition-new-in-box","7":"product_brand-panasonic","8":"product_cat-panasonic-toughbook","9":"product_cat-all-rugged-laptops","10":"product_cat-new-in-box-rugged-hardware","12":"first","13":"instock","14":"taxable","15":"shipping-taxable","16":"purchasable","17":"product-type-simple"},"acf":[],"_links":{"self":[{"href":"https:\/\/micronordic.com\/fr\/wp-json\/wp\/v2\/product\/45686","targetHints":{"allow":["GET"]}}],"collection":[{"href":"https:\/\/micronordic.com\/fr\/wp-json\/wp\/v2\/product"}],"about":[{"href":"https:\/\/micronordic.com\/fr\/wp-json\/wp\/v2\/types\/product"}],"author":[{"embeddable":true,"href":"https:\/\/micronordic.com\/fr\/wp-json\/wp\/v2\/users\/24"}],"version-history":[{"count":2,"href":"https:\/\/micronordic.com\/fr\/wp-json\/wp\/v2\/product\/45686\/revisions"}],"predecessor-version":[{"id":97558,"href":"https:\/\/micronordic.com\/fr\/wp-json\/wp\/v2\/product\/45686\/revisions\/97558"}],"wp:featuredmedia":[{"embeddable":true,"href":"https:\/\/micronordic.com\/fr\/wp-json\/wp\/v2\/media\/99841"}],"wp:attachment":[{"href":"https:\/\/micronordic.com\/fr\/wp-json\/wp\/v2\/media?parent=45686"}],"wp:term":[{"taxonomy":"product-condition","embeddable":true,"href":"https:\/\/micronordic.com\/fr\/wp-json\/wp\/v2\/product-condition?post=45686"},{"taxonomy":"product_brand","embeddable":true,"href":"https:\/\/micronordic.com\/fr\/wp-json\/wp\/v2\/product_brand?post=45686"},{"taxonomy":"product_cat","embeddable":true,"href":"https:\/\/micronordic.com\/fr\/wp-json\/wp\/v2\/product_cat?post=45686"},{"taxonomy":"product_tag","embeddable":true,"href":"https:\/\/micronordic.com\/fr\/wp-json\/wp\/v2\/product_tag?post=45686"}],"curies":[{"name":"wp","href":"https:\/\/api.w.org\/{rel}","templated":true}]}}