{"id":45680,"date":"2022-01-01T13:30:07","date_gmt":"2022-01-01T12:30:07","guid":{"rendered":"https:\/\/micronordic.com\/product\/panasonic-toughbook-fz-g2-fzg2-mk1-nouveau\/"},"modified":"2025-11-18T17:39:06","modified_gmt":"2025-11-18T16:39:06","slug":"panasonic-toughbook-fz-g2","status":"publish","type":"product","link":"https:\/\/micronordic.com\/fr\/product\/panasonic-toughbook-fz-g2\/","title":{"rendered":"Panasonic Toughbook FZ-G2 MK1-MK3 (NOUVEAU)"},"content":{"rendered":"<?xml encoding=\"utf-8\" ?><h2 data-start=\"485\" data-end=\"523\">Panasonic Toughbook FZ-G2 (MK1-MK3)<\/h2><p data-start=\"525\" data-end=\"909\">Le Panasonic <strong data-start=\"529\" data-end=\"558\">Toughbook FZ-G2<\/strong> perp&eacute;tue l&rsquo;h&eacute;ritage d&rsquo;excellence de Panasonic en mati&egrave;re d&rsquo;informatique robuste, con&ccedil;u pour les professionnels qui exigent puissance, flexibilit&eacute; et durabilit&eacute; dans tous les environnements. <strong data-start=\"723\" data-end=\"760\">Tablette Windows 10.1&Prime; Fully Rugged<\/strong>, elle associe des performances avanc&eacute;es &agrave; une extension modulaire, garantissant un fonctionnement sans faille dans les applications industrielles, militaires et de service sur le terrain. <\/p><p data-start=\"911\" data-end=\"1220\">Chez <strong data-start=\"914\" data-end=\"930\">Micro Nordic<\/strong>, le <strong data-start=\"936\" data-end=\"945\">FZ-G2<\/strong> est disponible dans plusieurs configurations &ndash; la derni&egrave;re <strong data-start=\"999\" data-end=\"1020\">version MK3 (NOUVEAU)<\/strong> et les <strong data-start=\"1034\" data-end=\"1083\">g&eacute;n&eacute;rations<\/strong> pr&eacute;c&eacute;dentes <strong data-start=\"1034\" data-end=\"1083\">MK1 et MK2 (Certifi&eacute; d&rsquo;occasion)<\/strong>. Les clients peuvent ainsi choisir entre des performances de pointe et un rapport qualit&eacute;-prix exceptionnel, tout en b&eacute;n&eacute;ficiant de la fiabilit&eacute; &eacute;prouv&eacute;e de Panasonic. Neufs ou d&rsquo;occasion certifi&eacute;s, ils offrent une grande flexibilit&eacute; aux acheteurs soucieux de leurs performances et de leur budget. Les mod&egrave;les NEUFS incluent une <strong>garantie fabricant<\/strong> standard <strong>de 3 ans<\/strong>, assurant une fiabilit&eacute; et une assistance &agrave; long terme, tandis que les unit&eacute;s d&rsquo;occasion CERTIFI&Eacute;E sont assorties d&rsquo;une <strong>garantie de 12 mois<\/strong>, offrant un excellent rapport qualit&eacute;\/prix soutenu par une remise &agrave; neuf compl&egrave;te et des tests de qualit&eacute;.   <\/p><h2 data-start=\"1222\" data-end=\"1270\">Caract&eacute;ristiques principales du Panasonic Toughbook FZ-G2<\/h2><ul data-start=\"1272\" data-end=\"2702\">\n<li data-start=\"1272\" data-end=\"1386\">\n<p data-start=\"1274\" data-end=\"1386\"><strong data-start=\"1274\" data-end=\"1297\">Conception enti&egrave;rement Rugged<\/strong> &ndash; Certifi&eacute; MIL-STD-810H et IP65 ; con&ccedil;u pour r&eacute;sister aux chutes, &agrave; l&rsquo;eau, &agrave; la poussi&egrave;re et aux vibrations.<\/p>\n<\/li>\n<li data-start=\"1387\" data-end=\"1506\">\n<p data-start=\"1389\" data-end=\"1506\"><strong data-start=\"1389\" data-end=\"1414\">&Eacute;cran tactile QHD de 10,1&Prime;<\/strong> &ndash; &Eacute;cran de 1 000 nits lisible en plein soleil avec saisie au gant et au stylet pour une utilisation en ext&eacute;rieur.<\/p>\n<\/li>\n<li data-start=\"1507\" data-end=\"1692\">\n<p data-start=\"1509\" data-end=\"1692\"><strong data-start=\"1509\" data-end=\"1539\">Processeurs Intel&reg; puissants<\/strong> &ndash; MK1-MK2 &eacute;quip&eacute;s de CPU Intel&reg; Core&trade; i5\/i7 de 10e g&eacute;n&eacute;ration ; MK3 mis &agrave; niveau vers Intel&reg; Core&trade; i5\/i7 de 12e g&eacute;n&eacute;ration avec des performances et une efficacit&eacute; &eacute;nerg&eacute;tique am&eacute;lior&eacute;es.<\/p>\n<\/li>\n<li data-start=\"1693\" data-end=\"1868\">\n<p data-start=\"1695\" data-end=\"1868\"><strong data-start=\"1695\" data-end=\"1720\">Baie d&rsquo;extension modulaire<\/strong> &ndash; Configurable pour un lecteur de codes-barres, un lecteur de cartes &agrave; puce ou des ports suppl&eacute;mentaires &ndash; ce qui en fait l&rsquo;une des tablettes rugged Tablet les plus personnalisables du march&eacute;.<\/p>\n<\/li>\n<li data-start=\"1869\" data-end=\"2002\">\n<p data-start=\"1871\" data-end=\"2002\"><strong data-start=\"1871\" data-end=\"1902\">Support de clavier d&eacute;tachable<\/strong> &ndash; Se transforme facilement en une station de travail 2 en 1 robuste lorsqu&rsquo;il est associ&eacute; &agrave; la base de clavier en option.<\/p>\n<\/li>\n<li data-start=\"2003\" data-end=\"2129\">\n<p data-start=\"2005\" data-end=\"2129\"><strong data-start=\"2005\" data-end=\"2030\">Connectivit&eacute; avanc&eacute;e<\/strong> &ndash; Wi-Fi 6, Bluetooth 5.1, 4G\/5G LTE en option, GPS et ports classiques pour une compatibilit&eacute; universelle.<\/p>\n<\/li>\n<li data-start=\"2130\" data-end=\"2239\">\n<p data-start=\"2132\" data-end=\"2239\"><strong data-start=\"2132\" data-end=\"2164\">Syst&egrave;me de batterie rempla&ccedil;able &agrave; chaud<\/strong> &ndash; Permet un fonctionnement ininterrompu pendant les longues p&eacute;riodes de travail, m&ecirc;me sur le terrain.<\/p>\n<\/li>\n<li data-start=\"2240\" data-end=\"2362\">\n<p data-start=\"2242\" data-end=\"2362\"><strong data-start=\"2242\" data-end=\"2265\">S&eacute;curit&eacute; de l&rsquo;entreprise<\/strong> &ndash; TPM 2.0, Windows Hello, scanner d&rsquo;empreintes digitales et lecteur de cartes &agrave; puce ou RFID en option.<\/p>\n<\/li>\n<li data-start=\"2363\" data-end=\"2556\">\n<p data-start=\"2365\" data-end=\"2556\"><strong data-start=\"2365\" data-end=\"2401\">Disponibilit&eacute; des produits certifi&eacute;s d&rsquo;occasion<\/strong> &ndash; Les unit&eacute;s MK1 et MK2 remises &agrave; neuf par des professionnels subissent des tests complets et le remplacement des composants, ce qui permet d&rsquo;obtenir des performances proches du neuf &agrave; un co&ucirc;t r&eacute;duit.<\/p>\n<\/li>\n<li data-start=\"2557\" data-end=\"2702\">\n<p data-start=\"2559\" data-end=\"2702\"><strong data-start=\"2559\" data-end=\"2595\">Compatibilit&eacute; r&eacute;troactive<\/strong> des accessoires &ndash; Prise en charge de nombreux accessoires des mod&egrave;les pr&eacute;c&eacute;dents des s&eacute;ries FZ-G1 et CF, ce qui minimise les co&ucirc;ts de transition de la flotte.<\/p>\n<\/li>\n<\/ul><h2 data-start=\"2704\" data-end=\"2752\">Principaux avantages du Toughbook FZ-G2 de Panasonic<\/h2><h3 data-start=\"2754\" data-end=\"2795\">Con&ccedil;u pour les environnements les plus difficiles<\/h3><p data-start=\"2796\" data-end=\"3088\">Le <strong data-start=\"2800\" data-end=\"2819\">Toughbook FZ-G2<\/strong> est con&ccedil;u pour s&rsquo;imposer l&agrave; o&ugrave; les tablettes grand public &eacute;chouent. De l&rsquo;intervention d&rsquo;urgence &agrave; l&rsquo;inspection industrielle, il offre des performances critiques sous la pluie, la poussi&egrave;re et les temp&eacute;ratures extr&ecirc;mes, tandis que son &eacute;tanch&eacute;it&eacute; IP65 et son ch&acirc;ssis en magn&eacute;sium robuste garantissent une durabilit&eacute; &agrave; long terme. <\/p><h3 data-start=\"3090\" data-end=\"3115\">Flexibilit&eacute; modulaire<\/h3><p data-start=\"3116\" data-end=\"3356\">Peu de tablettes &eacute;galent la modularit&eacute; <strong data-start=\"3138\" data-end=\"3149\">du FZ-G2<\/strong>. Ses baies d&rsquo;extension permettent une personnalisation sur le terrain, de sorte que les entreprises peuvent ajouter des lecteurs de codes-barres, des ports s&eacute;rie ou des lecteurs de cartes &agrave; puce en fonction du flux de travail, sans avoir &agrave; remplacer l&rsquo;ensemble de l&rsquo;appareil. <\/p><h3 data-start=\"3358\" data-end=\"3403\">Des performances accrues &agrave; travers les g&eacute;n&eacute;rations<\/h3><p data-start=\"3404\" data-end=\"3676\">Le mod&egrave;le <strong data-start=\"3408\" data-end=\"3421\">MK3 (NOUVEAU)<\/strong> introduit les CPU 12e g&eacute;n&eacute;ration d&rsquo;Intel, am&eacute;liorant consid&eacute;rablement l&rsquo;efficacit&eacute; &eacute;nerg&eacute;tique et le multit&acirc;che. Parall&egrave;lement, les versions <strong data-start=\"3532\" data-end=\"3567\">MK1 et MK2 certifi&eacute;es d&rsquo;occasion<\/strong> offrent toujours des capacit&eacute;s informatiques robustes &agrave; un co&ucirc;t inf&eacute;rieur, ce qui les rend id&eacute;ales pour les d&eacute;ploiements soucieux de leur budget. <\/p><h3 data-start=\"3678\" data-end=\"3720\">Longue dur&eacute;e de vie de la batterie et facilit&eacute; d&rsquo;entretien<\/h3><p data-start=\"3721\" data-end=\"3956\">Gr&acirc;ce aux batteries rempla&ccedil;ables &agrave; chaud et aux blocs d&rsquo;alimentation haute capacit&eacute; en option, le <strong data-start=\"3794\" data-end=\"3803\">FZ-G2<\/strong> peut fonctionner pendant toute une journ&eacute;e de travail, et m&ecirc;me au-del&agrave;. Les composants tels que les disques SSD et les batteries sont rempla&ccedil;ables par l&rsquo;utilisateur, ce qui prolonge la dur&eacute;e de vie du produit et r&eacute;duit les temps d&rsquo;arr&ecirc;t. <\/p><h3 data-start=\"3958\" data-end=\"3984\">S&eacute;curis&eacute; et connect&eacute;<\/h3><p data-start=\"3985\" data-end=\"4175\">La s&eacute;curit&eacute; int&eacute;gr&eacute;e de niveau entreprise prot&egrave;ge les donn&eacute;es sensibles, tandis que la connectivit&eacute; sans fil moderne assure une communication transparente, la capture de donn&eacute;es et l&rsquo;acc&egrave;s &agrave; distance, m&ecirc;me sur le terrain.<\/p><h3 data-start=\"4177\" data-end=\"4206\">Options de propri&eacute;t&eacute; intelligentes<\/h3><p data-start=\"4207\" data-end=\"4530\"><strong data-start=\"4207\" data-end=\"4223\">Micro Nordic<\/strong> propose le <strong data-start=\"4237\" data-end=\"4266\">Panasonic Toughbook FZ-G2<\/strong> en version <em data-start=\"4275\" data-end=\"4280\">NEUVE<\/em> (MK3) et en <em data-start=\"4291\" data-end=\"4312\">version PREVOYANCE CERTIFIEE<\/em> (MK1 &amp; MK2). Chaque unit&eacute; certifi&eacute;e d&rsquo;occasion est enti&egrave;rement test&eacute;e, remise &agrave; neuf et v&eacute;rifi&eacute;e pour offrir des performances &eacute;lev&eacute;es &agrave; une fraction du prix d&rsquo;origine &ndash; un choix durable et rentable pour les utilisateurs professionnels. <\/p><h2 data-start=\"4532\" data-end=\"4550\">Cas d&rsquo;utilisation id&eacute;aux<\/h2><ul data-start=\"4552\" data-end=\"5079\">\n<li data-start=\"4552\" data-end=\"4647\">\n<p data-start=\"4554\" data-end=\"4647\"><strong data-start=\"4554\" data-end=\"4583\">Field Service &amp; Utilities<\/strong> &ndash; Fiable pour l&rsquo;inspection, la maintenance et la gestion des actifs.<\/p>\n<\/li>\n<li data-start=\"4648\" data-end=\"4754\">\n<p data-start=\"4650\" data-end=\"4754\"><strong data-start=\"4650\" data-end=\"4688\">S&eacute;curit&eacute; publique et intervention d&rsquo;urgence<\/strong> &ndash; Des performances pr&ecirc;tes &agrave; l&rsquo;emploi pour la police, les pompiers et les &eacute;quipes de secours.<\/p>\n<\/li>\n<li data-start=\"4755\" data-end=\"4871\">\n<p data-start=\"4757\" data-end=\"4871\"><strong data-start=\"4757\" data-end=\"4798\">Fabrication et op&eacute;rations industrielles<\/strong> &ndash; Fiabilit&eacute; robuste et personnalisation modulaire pour les processus sur site.<\/p>\n<\/li>\n<li data-start=\"4872\" data-end=\"4973\">\n<p data-start=\"4874\" data-end=\"4973\"><strong data-start=\"4874\" data-end=\"4896\">Militaire et d&eacute;fense<\/strong> &ndash; Performances &eacute;prouv&eacute;es dans des environnements tactiques et op&eacute;rationnels &agrave; haut niveau de stress.<\/p>\n<\/li>\n<li data-start=\"4974\" data-end=\"5079\">\n<p data-start=\"4976\" data-end=\"5079\"><strong data-start=\"4976\" data-end=\"5001\">Transport et logistique<\/strong> &ndash; Rationalisation de l&rsquo;acc&egrave;s aux donn&eacute;es et de la navigation dans les op&eacute;rations de flotte et d&rsquo;entrep&ocirc;t.<\/p>\n<\/li>\n<\/ul><h2 data-start=\"5081\" data-end=\"5103\">Comparaison des produits<\/h2><p data-start=\"5105\" data-end=\"5296\">Le <strong data-start=\"5109\" data-end=\"5138\">Panasonic Toughbook FZ-G2<\/strong> offre une puissance informatique rugueuse dans un design compact et modulaire. Pour les organisations qui comparent les options, les alternatives pertinentes disponibles chez Micro Nordic sont les suivantes : <\/p><ul data-start=\"5298\" data-end=\"5670\">\n<li data-start=\"5298\" data-end=\"5421\">\n<p data-start=\"5300\" data-end=\"5421\"><a href=\"https:\/\/micronordic.com\/product\/panasonic-toughbook-cf-33\/\"><strong data-start=\"5300\" data-end=\"5339\">Panasonic Toughbook CF-33 <\/strong><\/a> &ndash; Un appareil 2-en-1 Fully Rugged avec clavier d&eacute;tachable et &eacute;cran 12&Prime; plus grand.<\/p>\n<\/li>\n<li data-start=\"5422\" data-end=\"5550\">\n<p data-start=\"5424\" data-end=\"5550\"><strong data-start=\"5424\" data-end=\"5458\"><a href=\"https:\/\/micronordic.com\/product\/getac-f110-touch-fully-rugged-tablet\/\">Getac F110 Tablet Fully Rugged Tablet<\/a><\/strong> &ndash; Une tablette Rugged Tablet de 11,6&Prime; offrant un plus grand espace &agrave; l&rsquo;&eacute;cran et des performances am&eacute;lior&eacute;es du processeur.<\/p>\n<\/li>\n<li data-start=\"5551\" data-end=\"5670\">\n<p data-start=\"5553\" data-end=\"5670\"><a href=\"https:\/\/micronordic.com\/product\/zebra-et65-rugged-enterprise-tablet\/\"><strong data-start=\"5553\" data-end=\"5592\">Zebra ET65 Rugged Tablet<\/strong> <\/a>&ndash; Une tablette Android 12&Prime; rugged Tablet con&ccedil;ue pour la connectivit&eacute; et les flux de travail en ext&eacute;rieur.<\/p>\n<\/li>\n<\/ul>\n","protected":false},"excerpt":{"rendered":"<h3>Sp\u00e9cifications :<\/h3>\n<ul>\n<li><strong>\u00c9cran :<\/strong> \u00c9cran tactile QHD (1920\u00d71200) de 10,1\u2033, 1 000 nits, compatible avec les gants et le stylet<\/li>\n<li><strong>Processeur :<\/strong> Intel\u00ae Core\u2122 i5 \/ i7 (10th-12th Gen, selon la version MK)<\/li>\n<li><strong>Graphique :<\/strong> Graphique Intel\u00ae UHD \/ Iris\u00ae Xe int\u00e9gr\u00e9<\/li>\n<li><strong>M\u00e9moire :<\/strong> 16 Go de RAM (mod\u00e8le de base, extensible \u00e0 32 Go)<\/li>\n<li><strong>Stockage :<\/strong> 512 Go SSD (mod\u00e8le de base), extensible \u00e0 2 To NVMe<\/li>\n<li><strong>Connectivit\u00e9 :<\/strong> Wi-Fi 6, Bluetooth 5.1, 4G\/5G LTE en option, GPS, USB-C, HDMI, LAN<\/li>\n<li><strong>Certifications robustes :<\/strong> MIL-STD-810H, IP65, test\u00e9 en chute de 1,2 m<\/li>\n<li><strong>S\u00e9curit\u00e9 :<\/strong> TPM 2.0, lecteur d&#8217;empreintes digitales, Windows Hello, cartes \u00e0 puce et options RFID<\/li>\n<li><strong>Batterie :<\/strong> double batterie rempla\u00e7able \u00e0 chaud, jusqu&rsquo;\u00e0 18 heures d&rsquo;autonomie<\/li>\n<li><strong>Dimensions et poids :<\/strong> 272 \u00d7 196 \u00d7 23,5 mm, environ 1,19 kg <\/li>\n<li><strong>Garantie :<\/strong> 3 ans de garantie (Neuf) ou 12 mois de garantie (Certifi\u00e9 d&rsquo;occasion)<\/li>\n<\/ul>\n","protected":false},"author":16,"featured_media":100089,"template":"","meta":{"_acf_changed":false,"inline_featured_image":false},"product-condition":[5245],"product_brand":[8984],"product_cat":[5137,5144,5139],"product_tag":[],"class_list":{"0":"post-45680","1":"product","2":"type-product","3":"status-publish","4":"has-post-thumbnail","6":"product-condition-new-in-box","7":"product_brand-panasonic","8":"product_cat-panasonic-toughbook","9":"product_cat-all-rugged-tablets","10":"product_cat-new-in-box-rugged-hardware","12":"first","13":"instock","14":"taxable","15":"shipping-taxable","16":"purchasable","17":"product-type-simple"},"acf":[],"_links":{"self":[{"href":"https:\/\/micronordic.com\/fr\/wp-json\/wp\/v2\/product\/45680","targetHints":{"allow":["GET"]}}],"collection":[{"href":"https:\/\/micronordic.com\/fr\/wp-json\/wp\/v2\/product"}],"about":[{"href":"https:\/\/micronordic.com\/fr\/wp-json\/wp\/v2\/types\/product"}],"author":[{"embeddable":true,"href":"https:\/\/micronordic.com\/fr\/wp-json\/wp\/v2\/users\/16"}],"version-history":[{"count":2,"href":"https:\/\/micronordic.com\/fr\/wp-json\/wp\/v2\/product\/45680\/revisions"}],"predecessor-version":[{"id":98353,"href":"https:\/\/micronordic.com\/fr\/wp-json\/wp\/v2\/product\/45680\/revisions\/98353"}],"wp:featuredmedia":[{"embeddable":true,"href":"https:\/\/micronordic.com\/fr\/wp-json\/wp\/v2\/media\/100089"}],"wp:attachment":[{"href":"https:\/\/micronordic.com\/fr\/wp-json\/wp\/v2\/media?parent=45680"}],"wp:term":[{"taxonomy":"product-condition","embeddable":true,"href":"https:\/\/micronordic.com\/fr\/wp-json\/wp\/v2\/product-condition?post=45680"},{"taxonomy":"product_brand","embeddable":true,"href":"https:\/\/micronordic.com\/fr\/wp-json\/wp\/v2\/product_brand?post=45680"},{"taxonomy":"product_cat","embeddable":true,"href":"https:\/\/micronordic.com\/fr\/wp-json\/wp\/v2\/product_cat?post=45680"},{"taxonomy":"product_tag","embeddable":true,"href":"https:\/\/micronordic.com\/fr\/wp-json\/wp\/v2\/product_tag?post=45680"}],"curies":[{"name":"wp","href":"https:\/\/api.w.org\/{rel}","templated":true}]}}