{"id":45676,"date":"2012-01-21T17:12:01","date_gmt":"2012-01-21T16:12:01","guid":{"rendered":"https:\/\/micronordic.com\/product\/zebra-tc77hl-ordinateur-de-poche-mobile-reconditionne\/"},"modified":"2025-11-20T16:13:31","modified_gmt":"2025-11-20T15:13:31","slug":"zebra-tc77-mobile-handheld-computer-refurbished","status":"publish","type":"product","link":"https:\/\/micronordic.com\/fr\/product\/zebra-tc77-mobile-handheld-computer-refurbished\/","title":{"rendered":"Zebra TC77 Handheld Mobile Computer (EX-DEMO)"},"content":{"rendered":"<?xml encoding=\"utf-8\" ?><h2 data-start=\"0\" data-end=\"70\">Zebra TC77 &ndash; Ordinateur tactile d&rsquo;entreprise ultra-rugueux (NOUVEAU &amp; EX-DEMO)<\/h2><p data-start=\"72\" data-end=\"650\">Le <strong data-start=\"76\" data-end=\"90\">Zebra TC77<\/strong> est un ordinateur tactile Android ultra-robuste con&ccedil;u pour les &eacute;quipes qui vivent &agrave; l&rsquo;ext&eacute;rieur des quatre murs &ndash; conducteurs, techniciens de terrain, &eacute;quipes de services publics et op&eacute;rations de bord de route qui ont besoin d&rsquo;une num&eacute;risation fiable, d&rsquo;une alimentation &eacute;lectrique permanente et d&rsquo;une connectivit&eacute; de qualit&eacute; professionnelle. Un &eacute;cran HD lumineux de 4,7 pouces, un imageur 1D\/2D int&eacute;gr&eacute; et une plateforme Snapdragon 660 assurent la r&eacute;activit&eacute; des flux de travail, que ce soit sous la pluie, dans la poussi&egrave;re, dans la chaleur ou dans le froid. Par rapport aux g&eacute;n&eacute;rations pr&eacute;c&eacute;dentes de TC7x, le TC77 offre un traitement plus rapide, 4 Go de RAM\/32 Go de m&eacute;moire flash, Bluetooth 5.0 et un Wi-Fi d&rsquo;entreprise avec 2&times;2 MU-MIMO pour maintenir le temps de fonctionnement de l&rsquo;application et la stabilit&eacute; de l&rsquo;itin&eacute;rance.  <\/p><p data-start=\"652\" data-end=\"1183\">Disponible en version NEW-IN-BOX et EX-DEMO. Les unit&eacute;s NEW-IN-BOX sont neuves d&rsquo;usine et b&eacute;n&eacute;ficient d&rsquo;une <strong>garantie standard de 2 ans du fabricant.<\/strong> Les appareils EX-DEMO n&rsquo;ont fait l&rsquo;objet que de br&egrave;ves d&eacute;monstrations ; la plupart sont livr&eacute;s dans des bo&icirc;tes g&eacute;n&eacute;riques propres (certains dans l&rsquo;emballage d&rsquo;origine), comprennent g&eacute;n&eacute;ralement des accessoires et des c&acirc;bles standard et sont dot&eacute;s de plastiques avant\/arri&egrave;re et de num&eacute;riseurs rafra&icirc;chis. <\/p><p data-start=\"652\" data-end=\"1183\">Les <strong>appareils EX-DEMO b&eacute;n&eacute;ficient d&rsquo;une garantie par d&eacute;faut de 12 mois de Micro Nordic<\/strong> et offrent un <strong data-start=\"1084\" data-end=\"1098\">Zebra TC77<\/strong> en parfait &eacute;tat de fonctionnement &agrave; un co&ucirc;t consid&eacute;rablement r&eacute;duit, ce qui est id&eacute;al pour les pilotes ou les expansions de flotte sensibles aux co&ucirc;ts.<\/p><h2 data-start=\"1185\" data-end=\"1218\">Principales caract&eacute;ristiques du Zebra TC77<\/h2><ul data-start=\"1219\" data-end=\"2604\">\n<li data-start=\"1219\" data-end=\"1363\">\n<p data-start=\"1221\" data-end=\"1363\"><strong data-start=\"1221\" data-end=\"1239\">Ch&acirc;ssis robuste<\/strong> &ndash; &eacute;tanch&eacute;it&eacute; IP65\/IP68, tol&eacute;rance aux chutes r&eacute;p&eacute;t&eacute;es de 1,8 m\/6 ft et verre r&eacute;sistant sur l&rsquo;&eacute;cran\/l&rsquo;imageur pour une v&eacute;ritable r&eacute;sistance &agrave; l&rsquo;ext&eacute;rieur.<\/p>\n<\/li>\n<li data-start=\"1364\" data-end=\"1494\">\n<p data-start=\"1366\" data-end=\"1494\"><strong data-start=\"1366\" data-end=\"1395\">&Eacute;cran lisible en plein soleil<\/strong> &ndash; L&rsquo;&eacute;cran tactile capacitif HD de 4,7 pouces prend en charge la saisie &agrave; doigts nus, gant&eacute;s ou mouill&eacute;s pour une utilisation tout au long de l&rsquo;ann&eacute;e.<\/p>\n<\/li>\n<li data-start=\"1495\" data-end=\"1635\">\n<p data-start=\"1497\" data-end=\"1635\"><strong data-start=\"1497\" data-end=\"1523\">Performances r&eacute;actives<\/strong> &ndash; Le Qualcomm Snapdragon 660 octa-core (jusqu&rsquo;&agrave; 2,2 GHz) avec 4 Go de RAM\/32 Go de m&eacute;moire flash assure la rapidit&eacute; des applications et de la num&eacute;risation.<\/p>\n<\/li>\n<li data-start=\"1636\" data-end=\"1780\">\n<p data-start=\"1638\" data-end=\"1780\"><strong data-start=\"1638\" data-end=\"1661\">Num&eacute;risation d&rsquo;entreprise<\/strong> &ndash; L&rsquo;imageur 1D\/2D int&eacute;gr&eacute; capture rapidement les codes-barres endommag&eacute;s et mobiles ; la fiabilit&eacute; de la fonction &laquo;&nbsp;point-and-shoot&nbsp;&raquo; r&eacute;duit le nombre de renum&eacute;risations.<\/p>\n<\/li>\n<li data-start=\"1781\" data-end=\"1929\">\n<p data-start=\"1783\" data-end=\"1929\"><strong data-start=\"1783\" data-end=\"1806\">Connectivit&eacute; moderne<\/strong> &ndash; 4G LTE avec GPS pour la route, Wi-Fi bibande (802.11 a\/b\/g\/n\/ac, 2&times;2 MU-MIMO), Bluetooth 5.0 et NFC pour les p&eacute;riph&eacute;riques.<\/p>\n<\/li>\n<li data-start=\"1930\" data-end=\"2067\">\n<p data-start=\"1932\" data-end=\"2067\"><strong data-start=\"1932\" data-end=\"1955\">Puissance de haute capacit&eacute;<\/strong> &ndash; La batterie PowerPrecision+ rempla&ccedil;able sur le terrain de ~4620 mAh offre une autonomie compl&egrave;te avec la possibilit&eacute; d&rsquo;un remplacement &agrave; chaud.<\/p>\n<\/li>\n<li data-start=\"2068\" data-end=\"2204\">\n<p data-start=\"2070\" data-end=\"2204\"><strong data-start=\"2070\" data-end=\"2098\">E\/S et connexion &agrave; haut d&eacute;bit<\/strong> &ndash; Les interfaces USB et pogo-pin permettent une charge\/synchronisation rapide et des berceaux robustes &agrave; un ou plusieurs emplacements pour les flottes.<\/p>\n<\/li>\n<li data-start=\"2205\" data-end=\"2335\">\n<p data-start=\"2207\" data-end=\"2335\"><strong data-start=\"2207\" data-end=\"2240\">S&eacute;curit&eacute; et mises &agrave; jour pour l&rsquo;entreprise<\/strong> &ndash; Android Enterprise avec prise en charge du syst&egrave;me d&rsquo;exploitation LifeGuard, chiffrement et large compatibilit&eacute; EMM\/MDM.<\/p>\n<\/li>\n<li data-start=\"2336\" data-end=\"2477\">\n<p data-start=\"2338\" data-end=\"2477\"><strong data-start=\"2338\" data-end=\"2360\">Conception &eacute;volutive<\/strong> &ndash; Les pi&egrave;ces d&rsquo;usure courantes sont faciles &agrave; remplacer ; les accessoires communs &agrave; toute la famille TC7x prolongent le cycle de vie et r&eacute;duisent le co&ucirc;t total de possession.<\/p>\n<\/li>\n<li data-start=\"2478\" data-end=\"2604\">\n<p data-start=\"2480\" data-end=\"2604\"><strong data-start=\"2480\" data-end=\"2503\">&Eacute;cosyst&egrave;me d&rsquo;accessoires<\/strong> &ndash; Les berceaux pour v&eacute;hicules, les chargeurs multibacs, les &eacute;tuis et les supports de pr&eacute;sentation s&rsquo;adaptent &agrave; tous les mod&egrave;les de travail.<\/p>\n<\/li>\n<\/ul><h2 data-start=\"2606\" data-end=\"2639\">Principaux avantages du Zebra TC77<\/h2><h3 data-start=\"2641\" data-end=\"2680\">Con&ccedil;u pour les environnements les plus difficiles<\/h3><p data-start=\"2681\" data-end=\"2905\">Avec une &eacute;tanch&eacute;it&eacute; IP65\/IP68, des chutes r&eacute;p&eacute;t&eacute;es de 1,8 m et des tests de chute, l&rsquo;appareil r&eacute;siste &agrave; la pluie, &agrave; la poussi&egrave;re et aux variations de temp&eacute;rature. Les &eacute;quipes peuvent continuer &agrave; travailler sur les quais, les chantiers ou le long des routes sans avoir &agrave; s&rsquo;occuper de leur &eacute;quipement. <\/p><h3 data-start=\"2907\" data-end=\"2939\">Grand &eacute;cran, meilleurs flux de travail<\/h3><p data-start=\"2940\" data-end=\"3179\">L&rsquo;&eacute;cran HD lumineux de 4,7 pouces offre un espace d&eacute;gag&eacute; pour les bons de travail, le routage, l&rsquo;inventaire et les &eacute;crans de preuve de service. La prise en charge des gants et du toucher humide permet au personnel de rester productif sous la pluie et dans les chambres froides, tandis que la vitre de couverture robuste r&eacute;siste aux rayures et aux chocs. <\/p><h3 data-start=\"3181\" data-end=\"3215\">Une puissance qui dure toute la journ&eacute;e<\/h3><p data-start=\"3216\" data-end=\"3460\">Une batterie de grande capacit&eacute;, rempla&ccedil;able sur le terrain, et un mode de remplacement &agrave; chaud permettent au <strong data-start=\"3287\" data-end=\"3301\">Zebra TC77 de<\/strong> parcourir de longs trajets et de faire des heures suppl&eacute;mentaires sans red&eacute;marrage ni perte d&rsquo;&eacute;tat de l&rsquo;application. Les mesures de sant&eacute; PowerPrecision+ simplifient la planification du parc de batteries et r&eacute;duisent les temps d&rsquo;arr&ecirc;t impr&eacute;vus. <\/p><h3 data-start=\"3462\" data-end=\"3501\">Connectivit&eacute; et flux de donn&eacute;es sans faille<\/h3><p data-start=\"3502\" data-end=\"3741\">LTE, Wi-Fi d&rsquo;entreprise avec 2&times;2 MU-MIMO, Bluetooth 5.0 et NFC permettent aux applications d&rsquo;&ecirc;tre r&eacute;actives et aux p&eacute;riph&eacute;riques d&rsquo;&ecirc;tre appari&eacute;s, du camion &agrave; l&rsquo;all&eacute;e de l&rsquo;entrep&ocirc;t jusqu&rsquo;au seuil de la porte du client. Les berceaux &agrave; broches standardisent la recharge rapide et la synchronisation des donn&eacute;es. <\/p><h3 data-start=\"3743\" data-end=\"3763\">Pr&ecirc;t pour les flottes<\/h3><p data-start=\"3764\" data-end=\"4043\">La gestion Android Enterprise, les outils Zebra Mobility DNA et une gamme d&rsquo;accessoires stable rationalisent la mise en place, le verrouillage des configurations, les mises &agrave; jour et la prise en charge des appareils sur l&rsquo;ensemble des sites. Les &eacute;quipes embarquent plus rapidement car l&rsquo;ergonomie et les accessoires sont coh&eacute;rents sur tous les mod&egrave;les TC7x. <\/p><h2 data-start=\"4045\" data-end=\"4063\">Cas d&rsquo;utilisation id&eacute;aux<\/h2><ul data-start=\"4064\" data-end=\"4739\">\n<li data-start=\"4064\" data-end=\"4197\">\n<p data-start=\"4066\" data-end=\"4197\"><strong data-start=\"4066\" data-end=\"4083\">Service sur le terrain<\/strong> &ndash; Bons de travail, recherche d&rsquo;actifs, photos et signatures avec une connectivit&eacute; robuste sur la route et sur les sites des clients.<\/p>\n<\/li>\n<li data-start=\"4198\" data-end=\"4323\">\n<p data-start=\"4200\" data-end=\"4323\"><strong data-start=\"4200\" data-end=\"4225\">Transport et logistique<\/strong> &ndash; Ex&eacute;cution des itin&eacute;raires, validation P&amp;D et op&eacute;rations portuaires gr&acirc;ce &agrave; une num&eacute;risation rapide et &agrave; une itin&eacute;rance fiable.<\/p>\n<\/li>\n<li data-start=\"4324\" data-end=\"4469\">\n<p data-start=\"4326\" data-end=\"4469\"><strong data-start=\"4326\" data-end=\"4355\">S&eacute;curit&eacute; publique et services publics<\/strong> &ndash; Inspections, formulaires d&rsquo;incidents et applications SIG sur un appareil tol&eacute;rant aux chutes, adapt&eacute; aux gants et lisible &agrave; l&rsquo;ext&eacute;rieur.<\/p>\n<\/li>\n<li data-start=\"4470\" data-end=\"4602\">\n<p data-start=\"4472\" data-end=\"4602\"><strong data-start=\"4472\" data-end=\"4502\">Construction et ing&eacute;nierie<\/strong> &ndash; Rapports quotidiens, listes de probl&egrave;mes et visualisation des plans sur le site, qu&rsquo;il pleuve ou qu&rsquo;il vente, sans sacrifier le temps de fonctionnement.<\/p>\n<\/li>\n<li data-start=\"4603\" data-end=\"4739\">\n<p data-start=\"4605\" data-end=\"4739\"><strong data-start=\"4605\" data-end=\"4629\">Vente au d&eacute;tail et entreposage<\/strong> &ndash; Inventaire en arri&egrave;re-boutique, comptage des cycles et traitement des commandes sur le trottoir &agrave; l&rsquo;aide du Wi-Fi d&rsquo;entreprise et de la continuit&eacute; des accessoires.<\/p>\n<\/li>\n<\/ul><h2 data-start=\"4741\" data-end=\"4782\">Comparaison des produits pour le Zebra TC77<\/h2><ul data-start=\"4783\" data-end=\"5684\">\n<li data-start=\"4783\" data-end=\"4927\">\n<p data-start=\"4785\" data-end=\"4927\"><strong><a href=\"https:\/\/micronordic.com\/product\/zebra-tc58-handheld-mobile-computer\/\">Zebra TC58<\/a><\/strong>&ndash; Choisissez quand vous avez besoin de la derni&egrave;re g&eacute;n&eacute;ration, d&rsquo;options 5G, d&rsquo;un traitement plus rapide et d&rsquo;avanc&eacute;es en mati&egrave;re d&rsquo;appareils photo et de scanners pour les flux de travail sur le terrain.<\/p>\n<\/li>\n<li data-start=\"4928\" data-end=\"5062\">\n<p data-start=\"4930\" data-end=\"5062\"><a href=\"https:\/\/micronordic.com\/product\/zebra-tc53-handheld-mobile-computer\/\"><strong data-start=\"4930\" data-end=\"4944\">Zebra TC53<\/strong><\/a> &ndash; Pr&eacute;f&eacute;rez la derni&egrave;re plateforme ax&eacute;e sur l&rsquo;int&eacute;rieur avec des am&eacute;liorations de performance et d&rsquo;amarrage pour les op&eacute;rations d&rsquo;entrep&ocirc;t et de vente au d&eacute;tail.<\/p>\n<\/li>\n<li data-start=\"5063\" data-end=\"5197\">\n<p data-start=\"5065\" data-end=\"5197\"><a href=\"https:\/\/micronordic.com\/product\/zebra-tc22-handheld-mobile-computer\/\"><strong data-start=\"5200\" data-end=\"5214\">Zebra TC22<\/strong><\/a> &ndash; &Agrave; consid&eacute;rer lorsque les priorit&eacute;s sont un prix abordable et un syst&egrave;me Android moderne dans un appareil mince et centr&eacute; sur le Wi-Fi.<\/p>\n<\/li>\n<\/ul>\n","protected":false},"excerpt":{"rendered":"<p>S\u00c9LECTIONNEZ UNE VARIANTE CI-DESSOUS ! Appelez-nous si vous avez besoin d&rsquo;aide pour trouver la bonne variante de produit. <\/p>\n<h3>Sp\u00e9cifications :<\/h3>\n<ul>\n<li><strong>\u00c9cran :<\/strong> 4,7&Prime; HD (1280\u00d7720) capacitif, visible en ext\u00e9rieur<\/li>\n<li><strong>Processeur :<\/strong> Qualcomm Snapdragon 660 octa-core jusqu&rsquo;\u00e0 2,2 GHz<\/li>\n<li><strong>Graphique :<\/strong> GPU mobile int\u00e9gr\u00e9<\/li>\n<li><strong>M\u00e9moire :<\/strong> 4 GB RAM<\/li>\n<li><strong>Stockage :<\/strong> 32 GB flash, extension microSD<\/li>\n<li><strong>Connectivit\u00e9 :<\/strong> 4G LTE, Wi-Fi 802.11 a\/b\/g\/n\/ac (2\u00d72 MU-MIMO), Bluetooth 5.0, NFC<\/li>\n<li><strong>Certifications robustes :<\/strong> IP65\/IP68 ; chutes multiples de 1,8 m\/6 ft (plus \u00e9lev\u00e9es \u00e0 temp\u00e9rature ambiante)<\/li>\n<li><strong>S\u00e9curit\u00e9 :<\/strong> Android Enterprise, cryptage, prise en charge des mises \u00e0 jour du syst\u00e8me d&rsquo;exploitation LifeGuard, EMM\/MDM<\/li>\n<li><strong>Batterie :<\/strong> Li-ion PowerPrecision+ amovible de ~4620 mAh, rempla\u00e7able \u00e0 chaud<\/li>\n<li><strong>Dimensions et poids :<\/strong> ~161 \u00d7 84 \u00d7 28 mm ; ~376 g<\/li>\n<li><strong>Garantie :<\/strong> Garantie NEW-IN-BOX de 2 ans ; EX-DEMO de 12 mois de Micro Nordic<\/li>\n<\/ul>\n<p><strong>Veuillez choisir le bon mod\u00e8le ci-dessous, avant de l&rsquo;ajouter au panier.<\/strong><\/p>\n","protected":false},"author":16,"featured_media":61569,"template":"","meta":{"_acf_changed":false,"inline_featured_image":false},"product-condition":[5270],"product_brand":[9011],"product_cat":[5136,5142,5138],"product_tag":[4199,4186,4329,4277,4173,4147,4160,4264,4303,4368,4355,4212,4251,4290,4225,4238,4316,4342,4134,4030,3978,4121,4069,3991,4108,4056,4043,4004,4017,4095,4082],"class_list":{"0":"post-45676","1":"product","2":"type-product","3":"status-publish","4":"has-post-thumbnail","6":"product-condition-ex-demo","7":"product_brand-zebra","8":"product_cat-zebra","9":"product_cat-all-barcode-scanners","10":"product_cat-refurbished-rugged-hardware","11":"product_tag-1-micro-sd-fr","12":"product_tag-2-sim-fr","13":"product_tag-2-sim-1-micro-sd-fr","14":"product_tag-2-sim-2-sam-fr","15":"product_tag-4gb-ram-32gb-flash-fr","16":"product_tag-5mp-f-13mp-r-camera-fr","17":"product_tag-android-fr","18":"product_tag-does-not-support-arcore-tc77-se4750-fr","19":"product_tag-does-not-support-arcore-tc77-se4770-fr","20":"product_tag-eea-european-economic-area-fr","21":"product_tag-eea-european-economic-area-tc77-se4750-fr","22":"product_tag-gms-fr","23":"product_tag-row-fr","24":"product_tag-row-tc77-se4750-fr","25":"product_tag-row-tc77-se4750mr-fr","26":"product_tag-row-tc77-se4770-fr","27":"product_tag-russia-only-tc77-se4770-fr","28":"product_tag-sim-lock-fr","29":"product_tag-tc77-se4750-fr","30":"product_tag-tc77hl-5me24bd-tn-fr","31":"product_tag-tc77hl-5me24bg-a6-fr","32":"product_tag-tc77hl-5me24bg-ea-fr","33":"product_tag-tc77hl-5me24bg-ru-fr","34":"product_tag-tc77hl-5mg24bg-a6-fr","35":"product_tag-tc77hl-5mg24bg-ea-fr","36":"product_tag-tc77hl-5mj24bg-a6-fr","37":"product_tag-tc77hl-5mk24bg-a6-fr","38":"product_tag-tc77hl-5ml24bg-a6-fr","39":"product_tag-tc77hl-6me34bg-a6-fr","40":"product_tag-tc77hl-7me24bg-a6-fr","41":"product_tag-tc77hl-7mj24bg-a6-fr","42":"pa_model-part-number-tc77hl-5me24bg-ea","43":"pa_model-part-number-tc77hl-5mg24bg-ea","44":"pa_model-part-number-tc77hl-5mj24bg-a6","45":"pa_model-part-number-tc77hl-5mk24bg-a6","46":"pa_model-part-number-tc77hl-5ml24bg-a6","47":"pa_model-part-number-tc77hl-6me34bg-a6","48":"pa_model-part-number-tc77hl-7me24bg-a6","49":"pa_model-part-number-tc77hl-7mj24bg-a6","51":"first","52":"instock","53":"taxable","54":"shipping-taxable","55":"purchasable","56":"product-type-variable","57":"has-default-attributes"},"acf":[],"_links":{"self":[{"href":"https:\/\/micronordic.com\/fr\/wp-json\/wp\/v2\/product\/45676","targetHints":{"allow":["GET"]}}],"collection":[{"href":"https:\/\/micronordic.com\/fr\/wp-json\/wp\/v2\/product"}],"about":[{"href":"https:\/\/micronordic.com\/fr\/wp-json\/wp\/v2\/types\/product"}],"author":[{"embeddable":true,"href":"https:\/\/micronordic.com\/fr\/wp-json\/wp\/v2\/users\/16"}],"version-history":[{"count":2,"href":"https:\/\/micronordic.com\/fr\/wp-json\/wp\/v2\/product\/45676\/revisions"}],"predecessor-version":[{"id":98692,"href":"https:\/\/micronordic.com\/fr\/wp-json\/wp\/v2\/product\/45676\/revisions\/98692"}],"wp:featuredmedia":[{"embeddable":true,"href":"https:\/\/micronordic.com\/fr\/wp-json\/wp\/v2\/media\/61569"}],"wp:attachment":[{"href":"https:\/\/micronordic.com\/fr\/wp-json\/wp\/v2\/media?parent=45676"}],"wp:term":[{"taxonomy":"product-condition","embeddable":true,"href":"https:\/\/micronordic.com\/fr\/wp-json\/wp\/v2\/product-condition?post=45676"},{"taxonomy":"product_brand","embeddable":true,"href":"https:\/\/micronordic.com\/fr\/wp-json\/wp\/v2\/product_brand?post=45676"},{"taxonomy":"product_cat","embeddable":true,"href":"https:\/\/micronordic.com\/fr\/wp-json\/wp\/v2\/product_cat?post=45676"},{"taxonomy":"product_tag","embeddable":true,"href":"https:\/\/micronordic.com\/fr\/wp-json\/wp\/v2\/product_tag?post=45676"}],"curies":[{"name":"wp","href":"https:\/\/api.w.org\/{rel}","templated":true}]}}