{"id":45670,"date":"2012-01-21T16:31:38","date_gmt":"2012-01-21T15:31:38","guid":{"rendered":"https:\/\/micronordic.com\/product\/zebra-tc520k-ordinateur-de-poche-mobile-reconditionne\/"},"modified":"2025-11-20T16:46:28","modified_gmt":"2025-11-20T15:46:28","slug":"zebra-tc52-mobile-handheld-computer-refurbished","status":"publish","type":"product","link":"https:\/\/micronordic.com\/fr\/product\/zebra-tc52-mobile-handheld-computer-refurbished\/","title":{"rendered":"Zebra TC52 Handheld Mobile Computer (EX-DEMO)"},"content":{"rendered":"<?xml encoding=\"utf-8\" ?><h2 data-start=\"0\" data-end=\"57\">Zebra TC52 &ndash; Ordinateur tactile d&rsquo;entreprise (NOUVEAU &amp; EX-DEMO)<\/h2><p data-start=\"59\" data-end=\"524\">Le <strong data-start=\"63\" data-end=\"77\">Zebra TC52<\/strong> est un ordinateur tactile d&rsquo;entreprise Wi-Fi qui allie l&rsquo;ergonomie d&rsquo;un smartphone &agrave; une v&eacute;ritable r&eacute;silience industrielle. Il offre un &eacute;cran lumineux de 5 pouces, des performances Android rapides et une num&eacute;risation 1D\/2D int&eacute;gr&eacute;e aux flux de travail de premi&egrave;re ligne o&ugrave; la fiabilit&eacute;, la s&eacute;curit&eacute; et la facilit&eacute; de gestion de la flotte sont importantes. Pour les d&eacute;taillants, les plateformes de transport, les techniciens de terrain et les &eacute;quipes de fabrication l&eacute;g&egrave;re, le <strong data-start=\"444\" data-end=\"458\">Zebra TC52<\/strong> offre un temps de fonctionnement constant dans un format compact et facile &agrave; utiliser.  <\/p><p data-start=\"526\" data-end=\"1073\">Disponible en version NEW-IN-BOX et EX-DEMO. Les appareils NEW-IN-BOX sont neufs et b&eacute;n&eacute;ficient de la <g id=\"gid_0\">garantie standard de 2 ans du fabricant<\/g>. Les appareils EX-DEMO n&rsquo;ont &eacute;t&eacute; utilis&eacute;s que pour de courtes d&eacute;monstrations ; la plupart sont livr&eacute;s dans des bo&icirc;tes g&eacute;n&eacute;riques propres (certaines dans l&rsquo;emballage d&rsquo;origine), comprennent g&eacute;n&eacute;ralement des accessoires et des c&acirc;bles standard, et ont des plastiques avant\/arri&egrave;re et des num&eacute;riseurs rafra&icirc;chis.  <\/p><p data-start=\"526\" data-end=\"1073\">Les <strong>appareils EX-DEMO b&eacute;n&eacute;ficient d&rsquo;une<\/strong> <strong>garantie de<\/strong><strong>12 mois de<\/strong> <strong>Micro Nordic<\/strong>, ce qui permet de disposer d&rsquo;un <strong data-start=\"997\" data-end=\"1011\">Zebra TC52<\/strong> en parfait &eacute;tat de fonctionnement &agrave; un prix attractif pour les pilotes ou les d&eacute;ploiements sensibles aux co&ucirc;ts.<\/p><h2 data-start=\"1075\" data-end=\"1108\">Principales caract&eacute;ristiques du Zebra TC52<\/h2><ul data-start=\"1109\" data-end=\"2529\">\n<li data-start=\"1109\" data-end=\"1262\">\n<p data-start=\"1111\" data-end=\"1262\"><strong data-start=\"1111\" data-end=\"1121\">Robuste<\/strong> &ndash; L&rsquo;&eacute;tanch&eacute;it&eacute; IP65\/IP68 et la r&eacute;sistance aux chutes test&eacute;e permettent &agrave; l&rsquo;appareil de r&eacute;sister aux coups, aux &eacute;claboussures et &agrave; la poussi&egrave;re quotidiens dans les ateliers et les arri&egrave;re-boutiques.<\/p>\n<\/li>\n<li data-start=\"1263\" data-end=\"1421\">\n<p data-start=\"1265\" data-end=\"1421\"><strong data-start=\"1265\" data-end=\"1286\">Lisible &agrave; la lumi&egrave;re du soleil<\/strong> &ndash; 5.0&Prime; capacitif multi-touch avec verre de protection r&eacute;sistant pour une visibilit&eacute; en ext&eacute;rieur et une saisie r&eacute;active avec des doigts nus, gant&eacute;s ou humides.<\/p>\n<\/li>\n<li data-start=\"1422\" data-end=\"1567\">\n<p data-start=\"1424\" data-end=\"1567\"><strong data-start=\"1424\" data-end=\"1438\">R&eacute;activit&eacute;<\/strong> &ndash; Le processeur octa-core Qualcomm Snapdragon 660 (2,2 GHz) assure la fluidit&eacute; de la num&eacute;risation, des applications professionnelles et des services d&rsquo;arri&egrave;re-plan tout au long de la journ&eacute;e.<\/p>\n<\/li>\n<li data-start=\"1568\" data-end=\"1713\">\n<p data-start=\"1570\" data-end=\"1713\"><strong data-start=\"1570\" data-end=\"1590\">Qualit&eacute; entreprise<\/strong> &ndash; L&rsquo;imageur 1D\/2D int&eacute;gr&eacute; capture rapidement les codes-barres m&ecirc;me us&eacute;s ou courb&eacute;s, y compris les codes-barres affich&eacute;s sur les &eacute;crans des t&eacute;l&eacute;phones portables.<\/p>\n<\/li>\n<li data-start=\"1714\" data-end=\"1846\">\n<p data-start=\"1716\" data-end=\"1846\"><strong data-start=\"1716\" data-end=\"1729\">Connect&eacute;<\/strong> &ndash; La technologie bibande 802.11 a\/b\/g\/n\/ac (2&times;2 MU-MIMO), Bluetooth 5.0 et NFC assurent la stabilit&eacute; de l&rsquo;itin&eacute;rance et de l&rsquo;appairage des p&eacute;riph&eacute;riques.<\/p>\n<\/li>\n<li data-start=\"1847\" data-end=\"1977\">\n<p data-start=\"1849\" data-end=\"1977\"><strong data-start=\"1849\" data-end=\"1868\">&Eacute;conomique en &eacute;nergie<\/strong> &ndash; La batterie haute capacit&eacute;, rempla&ccedil;able sur le terrain, avec prise en charge du remplacement &agrave; chaud, r&eacute;duit les temps d&rsquo;arr&ecirc;t et permet aux &eacute;quipes de continuer &agrave; travailler.<\/p>\n<\/li>\n<li data-start=\"1978\" data-end=\"2123\">\n<p data-start=\"1980\" data-end=\"2123\"><strong data-start=\"1980\" data-end=\"1992\">Possibilit&eacute; d&rsquo;ancrage<\/strong> &ndash; Les interfaces &agrave; broches et les berceaux robustes permettent une charge\/synchronisation rapide et une charge propre de la flotte &agrave; plusieurs emplacements sur les bancs ou dans les arri&egrave;re-boutiques.<\/p>\n<\/li>\n<li data-start=\"2124\" data-end=\"2259\">\n<p data-start=\"2126\" data-end=\"2259\"><strong data-start=\"2126\" data-end=\"2140\">G&eacute;rable<\/strong> &ndash; Android Enterprise et les outils Zebra Mobility DNA simplifient la mise en place, les mises &agrave; jour, les politiques de s&eacute;curit&eacute; et l&rsquo;assistance &agrave; distance.<\/p>\n<\/li>\n<li data-start=\"2260\" data-end=\"2387\">\n<p data-start=\"2262\" data-end=\"2387\"><strong data-start=\"2262\" data-end=\"2277\">Facilit&eacute; d&rsquo;entretien<\/strong> &ndash; Les pi&egrave;ces d&rsquo;usure courantes et les accessoires sont faciles &agrave; remplacer, ce qui prolonge le cycle de vie et r&eacute;duit les co&ucirc;ts d&rsquo;exploitation.<\/p>\n<\/li>\n<li data-start=\"2388\" data-end=\"2529\">\n<p data-start=\"2390\" data-end=\"2529\"><strong data-start=\"2390\" data-end=\"2409\">Pr&ecirc;t pour l&rsquo;&eacute;cosyst&egrave;me<\/strong> &ndash; Des &eacute;tuis, des supports pour v&eacute;hicules, des chargeurs &agrave; un ou plusieurs emplacements et des berceaux de pr&eacute;sentation permettent d&rsquo;adapter l&rsquo;appareil &agrave; n&rsquo;importe quel type de travail.<\/p>\n<\/li>\n<\/ul><h2 data-start=\"2531\" data-end=\"2564\">Principaux avantages du Zebra TC52<\/h2><h3 data-start=\"2566\" data-end=\"2605\">Con&ccedil;u pour les environnements les plus difficiles<\/h3><p data-start=\"2606\" data-end=\"2851\">L&rsquo;appareil est con&ccedil;u pour r&eacute;sister &agrave; la poussi&egrave;re, &agrave; l&rsquo;humidit&eacute;, aux vibrations et aux chutes accidentelles typiques des arri&egrave;re-boutiques, des camionnettes et des zones de chargement. Les &eacute;quipes b&eacute;n&eacute;ficient d&rsquo;un outil quotidien fiable qui r&eacute;duit les interruptions li&eacute;es &agrave; l&rsquo;utilisation de l&rsquo;appareil. <\/p><h3 data-start=\"2853\" data-end=\"2885\">Grand &eacute;cran, meilleurs flux de travail<\/h3><p data-start=\"2886\" data-end=\"3150\">L&rsquo;&eacute;cran lumineux de 5 pouces offre suffisamment d&rsquo;espace pour les listes de t&acirc;ches, les planogrammes et les &eacute;crans d&rsquo;inventaire ou de WMS. La couche tactile r&eacute;active prend en charge les gants et les doigts humides, de sorte que le personnel reste productif sous la pluie, dans les chambres froides et dans d&rsquo;autres conditions difficiles sans avoir &agrave; changer d&rsquo;outil. <\/p><h3 data-start=\"3152\" data-end=\"3186\">Une puissance qui dure toute la journ&eacute;e<\/h3><p data-start=\"3187\" data-end=\"3416\">Un traitement efficace, une batterie haute capacit&eacute; et une capacit&eacute; de remplacement &agrave; chaud permettent au <strong data-start=\"3268\" data-end=\"3282\">Zebra TC52 de<\/strong> couvrir de longues p&eacute;riodes de travail. Le remplacement d&rsquo;un pack se fait en quelques secondes &ndash; pas de red&eacute;marrage, pas de perte d&rsquo;&eacute;tat de l&rsquo;application &ndash; ce qui permet aux travailleurs de se concentrer sur leurs t&acirc;ches plut&ocirc;t que sur les chargeurs. <\/p><h3 data-start=\"3418\" data-end=\"3457\">Connectivit&eacute; et flux de donn&eacute;es sans faille<\/h3><p data-start=\"3458\" data-end=\"3725\">Le Wi-Fi d&rsquo;entreprise bibande avec 2&times;2 MU-MIMO, Bluetooth 5.0 et NFC assurent la r&eacute;activit&eacute; des applications et la synchronisation des p&eacute;riph&eacute;riques, qu&rsquo;il s&rsquo;agisse de scanner en rayon, de r&eacute;concilier les livraisons ou d&rsquo;effectuer des comptages de cycles. Les stations d&rsquo;accueil &agrave; broches standardisent la charge\/synchronisation rapide au sein des flottes. <\/p><h3 data-start=\"3727\" data-end=\"3747\">Pr&ecirc;t pour les flottes<\/h3><p data-start=\"3748\" data-end=\"4021\">La gestion Android Enterprise, la mise en sc&egrave;ne Zebra Mobility DNA et les berceaux communs &agrave; toute la famille simplifient les d&eacute;ploiements et l&rsquo;assistance. Le service informatique peut verrouiller les configurations, pousser les mises &agrave; jour et surveiller l&rsquo;&eacute;tat de sant&eacute; &agrave; grande &eacute;chelle, tandis que les utilisateurs b&eacute;n&eacute;ficient d&rsquo;une ergonomie et d&rsquo;accessoires familiers sur tous les mod&egrave;les. <\/p><h2 data-start=\"4023\" data-end=\"4041\">Cas d&rsquo;utilisation id&eacute;aux<\/h2><ul data-start=\"4042\" data-end=\"4719\">\n<li data-start=\"4042\" data-end=\"4177\">\n<p data-start=\"4044\" data-end=\"4177\"><strong data-start=\"4044\" data-end=\"4065\">Op&eacute;rations de vente au d&eacute;tail<\/strong> &ndash; Point de vente mobile, contr&ocirc;le des prix, v&eacute;rification des rayons et inventaire en arri&egrave;re-boutique gr&acirc;ce &agrave; une num&eacute;risation fiable et au Wi-Fi d&rsquo;entreprise.<\/p>\n<\/li>\n<li data-start=\"4178\" data-end=\"4313\">\n<p data-start=\"4180\" data-end=\"4313\"><strong data-start=\"4180\" data-end=\"4197\">Service sur le terrain<\/strong> &ndash; Ordres de travail, recherche d&rsquo;actifs et preuve de service o&ugrave; une manipulation robuste et une connectivit&eacute; fiable sont requises.<\/p>\n<\/li>\n<li data-start=\"4314\" data-end=\"4448\">\n<p data-start=\"4316\" data-end=\"4448\"><strong data-start=\"4316\" data-end=\"4341\">Transport &amp; Logistique<\/strong> &ndash; Ex&eacute;cution d&rsquo;itin&eacute;raires, validation des ramassages\/d&eacute;positions et capture de codes-barres dans les camionnettes, les d&eacute;p&ocirc;ts et les quais de chargement.<\/p>\n<\/li>\n<li data-start=\"4449\" data-end=\"4588\">\n<p data-start=\"4451\" data-end=\"4588\"><strong data-start=\"4451\" data-end=\"4475\">Hospitalit&eacute; et &eacute;v&eacute;nements<\/strong> &ndash; Validation des billets, enregistrement des invit&eacute;s et paiements mobiles avec &eacute;change rapide d&rsquo;accessoires et contr&ocirc;le s&eacute;curis&eacute; des appareils.<\/p>\n<\/li>\n<li data-start=\"4589\" data-end=\"4719\">\n<p data-start=\"4591\" data-end=\"4719\"><strong data-start=\"4591\" data-end=\"4614\">Fabrication l&eacute;g&egrave;re<\/strong> &ndash; Suivi des mat&eacute;riaux et contr&ocirc;les de qualit&eacute; en ligne, les appareils compacts r&eacute;duisant l&rsquo;encombrement et la fatigue de l&rsquo;op&eacute;rateur.<\/p>\n<\/li>\n<\/ul><h2 data-start=\"4721\" data-end=\"4762\">Comparaison des produits pour le Zebra TC52<\/h2><ul data-start=\"4763\" data-end=\"5162\">\n<li data-start=\"4763\" data-end=\"4895\">\n<p data-start=\"4765\" data-end=\"4895\"><a href=\"https:\/\/micronordic.com\/product\/zebra-tc57ho-mobile-handheld-computer-refurbished\/\"><strong data-start=\"4765\" data-end=\"4779\">Zebra TC57<\/strong> <\/a>&ndash; Choisissez quand vous avez besoin d&rsquo;une ergonomie similaire avec un t&eacute;l&eacute;phone cellulaire int&eacute;gr&eacute; pour les &eacute;quipes sur le terrain et des options d&rsquo;itin&eacute;rance plus &eacute;tendues.<\/p>\n<\/li>\n<li data-start=\"4896\" data-end=\"5024\">\n<p data-start=\"4898\" data-end=\"5024\"><a href=\"https:\/\/micronordic.com\/product\/zebra-tc56-mobile-handheld-computer-refurbished\/\"><strong data-start=\"4898\" data-end=\"4912\">Zebra TC56<\/strong><\/a> &ndash; &Agrave; consid&eacute;rer pour la continuit&eacute; des accessoires existants et la familiarit&eacute; avec les ordinateurs tactiles Android dans le cadre de mises &agrave; niveau sensibles aux co&ucirc;ts.<\/p>\n<\/li>\n<li data-start=\"5025\" data-end=\"5162\">\n<p data-start=\"5027\" data-end=\"5162\"><a href=\"https:\/\/micronordic.com\/product\/honeywell-ct40xp-mobile-handheld-computer-refurbished\/\"><strong data-start=\"5027\" data-end=\"5054\">Honeywell Intermec CT40<\/strong><\/a> &ndash; &Eacute;valuer un facteur de forme Android comparable avec d&rsquo;autres moteurs de num&eacute;risation et &eacute;cosyst&egrave;mes d&rsquo;accessoires.<\/p>\n<\/li>\n<\/ul>\n","protected":false},"excerpt":{"rendered":"<p>S\u00c9LECTIONNEZ UNE VARIANTE CI-DESSOUS ! Appelez-nous si vous avez besoin d&rsquo;aide pour trouver la bonne variante de produit. <\/p>\n<h3>Sp\u00e9cifications :<\/h3>\n<ul>\n<li><strong>\u00c9cran :<\/strong> \u00c9cran tactile capacitif de 5,0 pouces, visible en ext\u00e9rieur<\/li>\n<li><strong>Processeur :<\/strong> Qualcomm Snapdragon 660, octa-core 2,2 GHz<\/li>\n<li><strong>Graphique :<\/strong> Moteur graphique int\u00e9gr\u00e9<\/li>\n<li><strong>M\u00e9moire :<\/strong> 4 GB RAM<\/li>\n<li><strong>Stockage :<\/strong> 32 GB flash, extension microSD<\/li>\n<li><strong>Connectivit\u00e9 :<\/strong> Wi-Fi 802.11 a\/b\/g\/n\/ac (2\u00d72), Bluetooth 5.0, NFC<\/li>\n<li><strong>Certifications robustes :<\/strong> Etanch\u00e9it\u00e9 IP65\/IP68, chutes test\u00e9es<\/li>\n<li><strong>S\u00e9curit\u00e9 :<\/strong> Fonctionnalit\u00e9s Android Enterprise, gestion au niveau de l&rsquo;appareil<\/li>\n<li><strong>Batterie :<\/strong> Li-ion rempla\u00e7able, \u00e9changeable \u00e0 chaud<\/li>\n<li><strong>Dimensions et poids :<\/strong> 155 \u00d7 75,5 \u00d7 18,6 mm, environ 250 g <\/li>\n<li><strong>Garantie :<\/strong> NOUVELLE garantie standard de 2 ans du fabricant ; EX-DEMO 12 mois de Micro Nordic<\/li>\n<\/ul>\n<p><strong>Veuillez choisir le bon mod\u00e8le ci-dessous, avant de l&rsquo;ajouter au panier.<\/strong><\/p>\n","protected":false},"author":16,"featured_media":44211,"template":"","meta":{"_acf_changed":false,"inline_featured_image":false},"product-condition":[5270],"product_brand":[9011],"product_cat":[5136,5142,5138],"product_tag":[3362,3349,3401,3375,3388,3414,5451],"class_list":{"0":"post-45670","1":"product","2":"type-product","3":"status-publish","4":"has-post-thumbnail","6":"product-condition-ex-demo","7":"product_brand-zebra","8":"product_cat-zebra","9":"product_cat-all-barcode-scanners","10":"product_cat-refurbished-rugged-hardware","11":"product_tag-tc520k-1hezu4p-a6-fr","12":"product_tag-tc520k-1pezu4p-a6-fr","13":"product_tag-tc520k-1pezu4p-ea-fr","14":"product_tag-tc520k-1pezu4p-na-fr","15":"product_tag-tc520k-1pfzu4p-a6-fr","16":"product_tag-tc520k-1xfmu6p-a6-fr","17":"product_tag-5451","19":"first","20":"instock","21":"taxable","22":"shipping-taxable","23":"purchasable","24":"product-type-variable"},"acf":[],"_links":{"self":[{"href":"https:\/\/micronordic.com\/fr\/wp-json\/wp\/v2\/product\/45670","targetHints":{"allow":["GET"]}}],"collection":[{"href":"https:\/\/micronordic.com\/fr\/wp-json\/wp\/v2\/product"}],"about":[{"href":"https:\/\/micronordic.com\/fr\/wp-json\/wp\/v2\/types\/product"}],"author":[{"embeddable":true,"href":"https:\/\/micronordic.com\/fr\/wp-json\/wp\/v2\/users\/16"}],"version-history":[{"count":3,"href":"https:\/\/micronordic.com\/fr\/wp-json\/wp\/v2\/product\/45670\/revisions"}],"predecessor-version":[{"id":98723,"href":"https:\/\/micronordic.com\/fr\/wp-json\/wp\/v2\/product\/45670\/revisions\/98723"}],"wp:featuredmedia":[{"embeddable":true,"href":"https:\/\/micronordic.com\/fr\/wp-json\/wp\/v2\/media\/44211"}],"wp:attachment":[{"href":"https:\/\/micronordic.com\/fr\/wp-json\/wp\/v2\/media?parent=45670"}],"wp:term":[{"taxonomy":"product-condition","embeddable":true,"href":"https:\/\/micronordic.com\/fr\/wp-json\/wp\/v2\/product-condition?post=45670"},{"taxonomy":"product_brand","embeddable":true,"href":"https:\/\/micronordic.com\/fr\/wp-json\/wp\/v2\/product_brand?post=45670"},{"taxonomy":"product_cat","embeddable":true,"href":"https:\/\/micronordic.com\/fr\/wp-json\/wp\/v2\/product_cat?post=45670"},{"taxonomy":"product_tag","embeddable":true,"href":"https:\/\/micronordic.com\/fr\/wp-json\/wp\/v2\/product_tag?post=45670"}],"curies":[{"name":"wp","href":"https:\/\/api.w.org\/{rel}","templated":true}]}}