{"id":45668,"date":"2012-01-21T16:17:03","date_gmt":"2012-01-21T15:17:03","guid":{"rendered":"https:\/\/micronordic.com\/product\/zebra-tc56c-ordinateur-de-poche-mobile-remis-a-neuf\/"},"modified":"2025-11-17T09:53:16","modified_gmt":"2025-11-17T08:53:16","slug":"zebra-tc56-mobile-handheld-computer-refurbished","status":"publish","type":"product","link":"https:\/\/micronordic.com\/fr\/product\/zebra-tc56-mobile-handheld-computer-refurbished\/","title":{"rendered":"Zebra TC56 Handheld Mobile Computer (EX-DEMO)"},"content":{"rendered":"<?xml encoding=\"utf-8\" ?><h2 data-start=\"0\" data-end=\"57\">Zebra TC56 &ndash; Ordinateur tactile d&rsquo;entreprise (NOUVEAU &amp; EX-DEMO)<\/h2><p data-start=\"59\" data-end=\"458\">Le <strong data-start=\"63\" data-end=\"77\">Zebra TC56<\/strong> est un ordinateur tactile compact de qualit&eacute; professionnelle qui apporte l&rsquo;ergonomie d&rsquo;un smartphone aux flux de travail exigeants en premi&egrave;re ligne. Avec un &eacute;cran capacitif lumineux de 5 pouces, une num&eacute;risation 1D\/2D int&eacute;gr&eacute;e et une prise en charge fiable de la plateforme Android, il offre un bon &eacute;quilibre entre portabilit&eacute;, performance et protection rugged pour les &eacute;quipes qui travaillent dans les magasins, sur la route ou dans des environnements industriels l&eacute;gers. <\/p><p data-start=\"460\" data-end=\"1027\">Disponible dans les deux conditions NEW-IN-BOX et EX-DEMO. <strong>Les appareils NEW-IN-BOX sont neufs et b&eacute;n&eacute;ficient d&rsquo;une garantie de 2 ans<\/strong>. Les appareils EX-DEMO n&rsquo;ont fait l&rsquo;objet que de br&egrave;ves d&eacute;monstrations ; la plupart sont livr&eacute;s dans des cartons g&eacute;n&eacute;riques propres (certains dans l&rsquo;emballage d&rsquo;origine) et comprennent g&eacute;n&eacute;ralement les accessoires et les c&acirc;bles standard. Les plastiques avant\/arri&egrave;re et les num&eacute;riseurs ont &eacute;t&eacute; remplac&eacute;s par des pi&egrave;ces neuves. Les <strong>appareils EX-DEMO b&eacute;n&eacute;ficient d&rsquo;une garantie de 12 mois de Micro Nordic<\/strong>, offrant ainsi un <strong data-start=\"922\" data-end=\"936\">Zebra TC56<\/strong> en parfait &eacute;tat de marche &agrave; un prix consid&eacute;rablement r&eacute;duit, id&eacute;al pour les d&eacute;ploiements pilotes ou les d&eacute;ploiements &agrave; budget serr&eacute;.  <\/p><h2 data-start=\"1029\" data-end=\"1062\">Principales caract&eacute;ristiques du Zebra TC56<\/h2><ul data-start=\"1063\" data-end=\"2418\">\n<li data-start=\"1063\" data-end=\"1216\">\n<p data-start=\"1065\" data-end=\"1216\"><strong data-start=\"1065\" data-end=\"1082\">Conception robuste<\/strong> &ndash; &Eacute;tanche &agrave; la poussi&egrave;re et &agrave; l&rsquo;eau avec une tol&eacute;rance aux chocs pour les coups et les chutes quotidiens dans les flux de travail du commerce de d&eacute;tail, des services sur le terrain et du transport.<\/p>\n<\/li>\n<li data-start=\"1217\" data-end=\"1365\">\n<p data-start=\"1219\" data-end=\"1365\"><strong data-start=\"1219\" data-end=\"1248\">&Eacute;cran lisible &agrave; la lumi&egrave;re du soleil<\/strong> &ndash; &eacute;cran tactile capacitif de 5 pouces avec vitre de protection r&eacute;sistante pour une bonne visibilit&eacute; en ext&eacute;rieur et une saisie fiable avec des doigts gant&eacute;s ou mouill&eacute;s.<\/p>\n<\/li>\n<li data-start=\"1366\" data-end=\"1521\">\n<p data-start=\"1368\" data-end=\"1521\"><strong data-start=\"1368\" data-end=\"1394\">Performances r&eacute;actives<\/strong> &ndash; Le traitement hexa-core efficace de la classe Snapdragon permet aux applications, &agrave; la num&eacute;risation et aux services d&rsquo;arri&egrave;re-plan d&rsquo;&ecirc;tre rapides pendant toute la dur&eacute;e du changement.<\/p>\n<\/li>\n<li data-start=\"1522\" data-end=\"1643\">\n<p data-start=\"1524\" data-end=\"1643\"><strong data-start=\"1524\" data-end=\"1547\">Num&eacute;risation d&rsquo;entreprise<\/strong> &ndash; L&rsquo;imageur 1D\/2D int&eacute;gr&eacute; capture rapidement les codes-barres, m&ecirc;me &agrave; partir d&rsquo;&eacute;tiquettes endommag&eacute;es ou d&rsquo;&eacute;crans mobiles.<\/p>\n<\/li>\n<li data-start=\"1644\" data-end=\"1775\">\n<p data-start=\"1646\" data-end=\"1775\"><strong data-start=\"1646\" data-end=\"1669\">Connectivit&eacute; moderne<\/strong> &ndash; Wi-Fi bibande, donn&eacute;es LTE, Bluetooth et NFC pour une itin&eacute;rance transparente et des interactions d&rsquo;appareil &agrave; appareil.<\/p>\n<\/li>\n<li data-start=\"1776\" data-end=\"1895\">\n<p data-start=\"1778\" data-end=\"1895\"><strong data-start=\"1778\" data-end=\"1801\">Alimentation rempla&ccedil;able &agrave; chaud<\/strong> &ndash; Les options de batterie rempla&ccedil;able sur le terrain permettent des journ&eacute;es prolong&eacute;es et des remplacements rapides pour minimiser les temps d&rsquo;arr&ecirc;t.<\/p>\n<\/li>\n<li data-start=\"1896\" data-end=\"2021\">\n<p data-start=\"1898\" data-end=\"2021\"><strong data-start=\"1898\" data-end=\"1926\">E\/S et connexion &agrave; grande vitesse<\/strong> &ndash; Les interfaces USB et pogo-pin permettent une transmission rapide des donn&eacute;es et des charges, ainsi qu&rsquo;une connexion robuste au berceau pour les flottes.<\/p>\n<\/li>\n<li data-start=\"2022\" data-end=\"2170\">\n<p data-start=\"2024\" data-end=\"2170\"><strong data-start=\"2024\" data-end=\"2060\">S&eacute;curit&eacute; et gestion d&rsquo;entreprise<\/strong> &ndash; Fonctionnalit&eacute;s Android Enterprise avec les outils &agrave; valeur ajout&eacute;e Zebra pour la mise en place, les mises &agrave; jour et le contr&ocirc;le des politiques &agrave; l&rsquo;&eacute;chelle.<\/p>\n<\/li>\n<li data-start=\"2171\" data-end=\"2292\">\n<p data-start=\"2173\" data-end=\"2292\"><strong data-start=\"2173\" data-end=\"2195\">Conception facile &agrave; entretenir<\/strong> &ndash; Les pi&egrave;ces d&rsquo;usure courantes et les accessoires sont faciles &agrave; entretenir, ce qui prolonge le cycle de vie et r&eacute;duit le co&ucirc;t total de possession.<\/p>\n<\/li>\n<li data-start=\"2293\" data-end=\"2418\">\n<p data-start=\"2295\" data-end=\"2418\"><strong data-start=\"2295\" data-end=\"2318\">&Eacute;cosyst&egrave;me d&rsquo;accessoires<\/strong> &ndash; Des &eacute;tuis, des berceaux, des chargeurs &agrave; fentes multiples et des supports pour v&eacute;hicules permettent d&rsquo;adapter l&rsquo;appareil &agrave; n&rsquo;importe quel rythme de travail.<\/p>\n<\/li>\n<\/ul><h2 data-start=\"2420\" data-end=\"2453\">Principaux avantages du Zebra TC56<\/h2><h3 data-start=\"2455\" data-end=\"2494\">Con&ccedil;u pour les environnements les plus difficiles<\/h3><p data-start=\"2495\" data-end=\"2750\">L&rsquo;appareil est con&ccedil;u pour une utilisation intensive dans le monde r&eacute;el : il r&eacute;siste &agrave; la poussi&egrave;re, &agrave; l&rsquo;humidit&eacute;, aux chocs et aux variations de temp&eacute;rature courantes dans les arri&egrave;re-boutiques, les camionnettes et les zones de chargement. Les &eacute;quipes b&eacute;n&eacute;ficient d&rsquo;un ordinateur tactile fiable qui survit aux abus quotidiens sans compromettre la convivialit&eacute;. <\/p><h3 data-start=\"2752\" data-end=\"2784\">Grand &eacute;cran, meilleurs flux de travail<\/h3><p data-start=\"2785\" data-end=\"3036\">L&rsquo;&eacute;cran lumineux de 5 pouces offre suffisamment d&rsquo;espace pour les listes de t&acirc;ches, les plans d&rsquo;itin&eacute;raire et les &eacute;crans de point de vente ou d&rsquo;inventaire. La couche tactile r&eacute;active prend en charge les gants et les doigts humides, de sorte que le personnel peut continuer &agrave; travailler sous la pluie, dans les chambres froides ou en manipulant des mat&eacute;riaux d&rsquo;emballage. <\/p><h3 data-start=\"3038\" data-end=\"3072\">Une puissance qui dure toute la journ&eacute;e<\/h3><p data-start=\"3073\" data-end=\"3304\">Un traitement efficace et une batterie haute capacit&eacute; rempla&ccedil;able sur le terrain permettent au <strong data-start=\"3150\" data-end=\"3164\">Zebra TC56<\/strong> de fonctionner pendant de longues p&eacute;riodes de travail. La capacit&eacute; de remplacement &agrave; chaud permet de poursuivre les op&eacute;rations : remplacez les batteries en quelques secondes et reprenez le travail sans red&eacute;marrage ni perte de donn&eacute;es. <\/p><h3 data-start=\"3306\" data-end=\"3345\">Connectivit&eacute; et flux de donn&eacute;es sans faille<\/h3><p data-start=\"3346\" data-end=\"3618\">Le Wi-Fi bi-bande, le LTE, le Bluetooth et le NFC assurent la disponibilit&eacute; des applications et l&rsquo;int&eacute;grit&eacute; des donn&eacute;es, qu&rsquo;il s&rsquo;agisse de num&eacute;riser dans l&rsquo;atelier, de r&eacute;concilier les livraisons sur le trottoir ou de capturer des preuves de service sur le terrain. Les options de socle et de c&acirc;ble simplifient le chargement rapide et la synchronisation des donn&eacute;es. <\/p><h3 data-start=\"3620\" data-end=\"3640\">Pr&ecirc;t pour les flottes<\/h3><p data-start=\"3641\" data-end=\"3882\">Les berceaux et accessoires standardis&eacute;s, ainsi que la gestion Android Enterprise, rationalisent la mise en place, le verrouillage des configurations et le d&eacute;ploiement des mises &agrave; jour. Il en r&eacute;sulte une r&eacute;duction de l&rsquo;effort d&rsquo;assistance pour le service informatique et une int&eacute;gration plus rapide des nouveaux utilisateurs sur l&rsquo;ensemble des sites. <\/p><h2 data-start=\"3884\" data-end=\"3902\">Cas d&rsquo;utilisation id&eacute;aux<\/h2><ul data-start=\"3903\" data-end=\"4544\">\n<li data-start=\"3903\" data-end=\"4040\">\n<p data-start=\"3905\" data-end=\"4040\"><strong data-start=\"3905\" data-end=\"3926\">Op&eacute;rations de vente au d&eacute;tail<\/strong> &ndash; Point de vente mobile, v&eacute;rification des prix, v&eacute;rification des rayons et inventaire de l&rsquo;arri&egrave;re-boutique avec num&eacute;risation int&eacute;gr&eacute;e et Wi-Fi d&rsquo;entreprise.<\/p>\n<\/li>\n<li data-start=\"4041\" data-end=\"4165\">\n<p data-start=\"4043\" data-end=\"4165\"><strong data-start=\"4043\" data-end=\"4060\">Service sur le terrain<\/strong> &ndash; Gestion des ordres de travail, recherche d&rsquo;actifs et preuve de service avec une connectivit&eacute; LTE et une manipulation robuste.<\/p>\n<\/li>\n<li data-start=\"4166\" data-end=\"4295\">\n<p data-start=\"4168\" data-end=\"4295\"><strong data-start=\"4168\" data-end=\"4193\">Transport et logistique<\/strong> &ndash; Ex&eacute;cution d&rsquo;itin&eacute;raires, validation d&rsquo;enl&egrave;vement et de d&eacute;p&ocirc;t, et capture de codes-barres en d&eacute;placement, &agrave; l&rsquo;int&eacute;rieur comme &agrave; l&rsquo;ext&eacute;rieur.<\/p>\n<\/li>\n<li data-start=\"4296\" data-end=\"4422\">\n<p data-start=\"4298\" data-end=\"4422\"><strong data-start=\"4298\" data-end=\"4322\">Hospitalit&eacute; et &eacute;v&eacute;nements<\/strong> &ndash; Validation des billets, enregistrement des invit&eacute;s et paiements mobiles avec une gestion rapide et mains libres des appareils.<\/p>\n<\/li>\n<li data-start=\"4423\" data-end=\"4544\">\n<p data-start=\"4425\" data-end=\"4544\"><strong data-start=\"4425\" data-end=\"4448\">Fabrication l&eacute;g&egrave;re<\/strong> &ndash; Suivi des mat&eacute;riaux et contr&ocirc;les de qualit&eacute; en ligne, o&ugrave; les dispositifs compacts r&eacute;duisent l&rsquo;encombrement et la fatigue.<\/p>\n<\/li>\n<\/ul><h2 data-start=\"4546\" data-end=\"4587\">Comparaison des produits pour le Zebra TC56<\/h2><ul data-start=\"4588\" data-end=\"4994\">\n<li data-start=\"4588\" data-end=\"4721\">\n<p data-start=\"4590\" data-end=\"4721\"><a href=\"https:\/\/micronordic.com\/product\/zebra-tc57ho-mobile-handheld-computer-refurbished\/\"><strong data-start=\"4590\" data-end=\"4604\">Zebra TC57<\/strong> <\/a>&ndash; Choisissez une plateforme plus r&eacute;cente avec un cycle de vie plus long et une ergonomie similaire pour les flottes Android.<\/p>\n<\/li>\n<li data-start=\"4722\" data-end=\"4855\">\n<p data-start=\"4724\" data-end=\"4855\"><a href=\"https:\/\/micronordic.com\/product\/zebra-tc52-mobile-handheld-computer-refurbished\/\"><strong data-start=\"4724\" data-end=\"4738\">Zebra TC52<\/strong> <\/a>&ndash; Pr&eacute;f&eacute;rez cette solution si les op&eacute;rations Wi-Fi uniquement et la continuit&eacute; des accessoires entre les ordinateurs tactiles Zebra sont vos principales pr&eacute;occupations.<\/p>\n<\/li>\n<li data-start=\"4856\" data-end=\"4994\">\n<p data-start=\"4858\" data-end=\"4994\"><a href=\"https:\/\/micronordic.com\/product\/honeywell-ct40xp-mobile-handheld-computer-refurbished\/\"><strong data-start=\"4858\" data-end=\"4885\">Honeywell Intermec CT40<\/strong><\/a> &ndash; &Agrave; consid&eacute;rer pour un format align&eacute; sur Android avec une bonne num&eacute;risation et d&rsquo;autres &eacute;cosyst&egrave;mes d&rsquo;accessoires\/MDM.<\/p>\n<\/li>\n<\/ul>\n","protected":false},"excerpt":{"rendered":"<p>S\u00c9LECTIONNEZ UNE VARIANTE CI-DESSOUS ! Appelez-nous si vous avez besoin d&rsquo;aide pour trouver la bonne variante de produit. <\/p>\n<h3>Sp\u00e9cifications :<\/h3>\n<ul>\n<li><strong>\u00c9cran :<\/strong> 5,0&Prime; capacitif multi-touch, visible \u00e0 l&rsquo;ext\u00e9rieur avec un rev\u00eatement en verre r\u00e9sistant<\/li>\n<li><strong>Processeur :<\/strong> Qualcomm Snapdragon-class hexa-core (enterprise Android)<\/li>\n<li><strong>Graphique :<\/strong> GPU mobile int\u00e9gr\u00e9 adapt\u00e9 aux charges de travail d&rsquo;interface utilisateur et de num\u00e9risation des entreprises<\/li>\n<li><strong>M\u00e9moire :<\/strong> 3-4 Go de RAM en option<\/li>\n<li><strong>Stockage :<\/strong> 32-64 Go internes ; extension microSD (selon le mod\u00e8le)<\/li>\n<li><strong>Connectivit\u00e9 :<\/strong> Wi-Fi \u00e0 double bande, donn\u00e9es LTE, Bluetooth, NFC ; USB<\/li>\n<li><strong>Certifications robustes :<\/strong> \u00c9tanch\u00e9it\u00e9 \u00e0 la poussi\u00e8re et \u00e0 l&rsquo;eau et r\u00e9sistance aux chutes r\u00e9p\u00e9t\u00e9es<\/li>\n<li><strong>S\u00e9curit\u00e9 :<\/strong> Fonctionnalit\u00e9s Android Enterprise, cryptage des appareils, prise en charge EMM\/MDM<\/li>\n<li><strong>Batterie :<\/strong> Batterie haute capacit\u00e9, rempla\u00e7able sur le terrain, avec possibilit\u00e9 de remplacement \u00e0 chaud.<\/li>\n<li><strong>Dimensions et poids :<\/strong> Environ 155 \u00d7 75,5 \u00d7 18,6 mm ; ~250 g <\/li>\n<li><strong>Garantie :<\/strong> Garantie NEW-IN-BOX de 2 ans ; EX-DEMO de 12 mois de Micro Nordic<\/li>\n<\/ul>\n<p><strong>Veuillez choisir le bon mod\u00e8le ci-dessous, avant de l&rsquo;ajouter au panier.<\/strong><\/p>\n","protected":false},"author":16,"featured_media":44233,"template":"","meta":{"_acf_changed":false,"inline_featured_image":false},"product-condition":[5270],"product_brand":[9011],"product_cat":[5136,5142,5138],"product_tag":[5451],"class_list":{"0":"post-45668","1":"product","2":"type-product","3":"status-publish","4":"has-post-thumbnail","6":"product-condition-ex-demo","7":"product_brand-zebra","8":"product_cat-zebra","9":"product_cat-all-barcode-scanners","10":"product_cat-refurbished-rugged-hardware","11":"product_tag-5451","12":"pa_model-part-number-tc56cj-12p-a6","13":"pa_model-part-number-tc56cj-14p-a6","14":"pa_model-part-number-tc56cj-2pazu2p-a6","15":"pa_model-part-number-tc56dj-1pazu2p-a6","16":"pa_model-part-number-tc56dj-1pazu4p-a6","17":"pa_model-part-number-tc56dj-2pazu2p-a6","19":"first","20":"instock","21":"taxable","22":"shipping-taxable","23":"purchasable","24":"product-type-variable"},"acf":[],"_links":{"self":[{"href":"https:\/\/micronordic.com\/fr\/wp-json\/wp\/v2\/product\/45668","targetHints":{"allow":["GET"]}}],"collection":[{"href":"https:\/\/micronordic.com\/fr\/wp-json\/wp\/v2\/product"}],"about":[{"href":"https:\/\/micronordic.com\/fr\/wp-json\/wp\/v2\/types\/product"}],"author":[{"embeddable":true,"href":"https:\/\/micronordic.com\/fr\/wp-json\/wp\/v2\/users\/16"}],"version-history":[{"count":2,"href":"https:\/\/micronordic.com\/fr\/wp-json\/wp\/v2\/product\/45668\/revisions"}],"predecessor-version":[{"id":97734,"href":"https:\/\/micronordic.com\/fr\/wp-json\/wp\/v2\/product\/45668\/revisions\/97734"}],"wp:featuredmedia":[{"embeddable":true,"href":"https:\/\/micronordic.com\/fr\/wp-json\/wp\/v2\/media\/44233"}],"wp:attachment":[{"href":"https:\/\/micronordic.com\/fr\/wp-json\/wp\/v2\/media?parent=45668"}],"wp:term":[{"taxonomy":"product-condition","embeddable":true,"href":"https:\/\/micronordic.com\/fr\/wp-json\/wp\/v2\/product-condition?post=45668"},{"taxonomy":"product_brand","embeddable":true,"href":"https:\/\/micronordic.com\/fr\/wp-json\/wp\/v2\/product_brand?post=45668"},{"taxonomy":"product_cat","embeddable":true,"href":"https:\/\/micronordic.com\/fr\/wp-json\/wp\/v2\/product_cat?post=45668"},{"taxonomy":"product_tag","embeddable":true,"href":"https:\/\/micronordic.com\/fr\/wp-json\/wp\/v2\/product_tag?post=45668"}],"curies":[{"name":"wp","href":"https:\/\/api.w.org\/{rel}","templated":true}]}}