{"id":45664,"date":"2020-12-16T10:41:49","date_gmt":"2020-12-16T09:41:49","guid":{"rendered":"https:\/\/micronordic.com\/product\/honeywell-xenon-xp-1952g-cable-avec-support-nouveau\/"},"modified":"2025-11-18T17:12:00","modified_gmt":"2025-11-18T16:12:00","slug":"honeywell-xenon-xp-1952g-cable-w-stand","status":"publish","type":"product","link":"https:\/\/micronordic.com\/fr\/product\/honeywell-xenon-xp-1952g-cable-w-stand\/","title":{"rendered":"Honeywell Xenon XP 1952g Scanner de codes \u00e0 barres portable (NOUVEAU)"},"content":{"rendered":"<?xml encoding=\"utf-8\" ?><h2 data-start=\"483\" data-end=\"536\">Honeywell Xenon XP 1952g Scanner portable de codes &agrave; barres<\/h2><p>Le <strong data-start=\"542\" data-end=\"570\">Honeywell Xenon XP 1952g<\/strong> est un lecteur de codes-barres portable haute performance con&ccedil;u pour une lecture rapide, fiable et sans fil dans les applications du commerce de d&eacute;tail, de la logistique, de la sant&eacute; et de l&rsquo;industrie. Associant une technologie d&rsquo;imagerie avanc&eacute;e &agrave; un confort ergonomique, il garantit pr&eacute;cision et productivit&eacute; dans tous les environnements. Disponible d&egrave;s maintenant chez <strong data-start=\"873\" data-end=\"889\">Micro Nordic<\/strong> en tant qu&rsquo;unit&eacute; neuve, le Xenon XP 1952g comprend un <strong data-start=\"941\" data-end=\"956\">support de c&acirc;ble<\/strong> pour un fonctionnement mains libres flexible &ndash; un m&eacute;lange parfait de mobilit&eacute; et de stabilit&eacute;.  <\/p><p>Les produits neufs b&eacute;n&eacute;ficient d&rsquo;une garantie fabricant de 2 ans.<\/p><h2 data-start=\"1039\" data-end=\"1088\">Caract&eacute;ristiques principales du Honeywell Xenon XP 1952g<\/h2><ul data-start=\"1089\" data-end=\"2083\">\n<li data-start=\"1089\" data-end=\"1221\">\n<p data-start=\"1091\" data-end=\"1221\"><strong data-start=\"1091\" data-end=\"1133\">Performances de lecture 1D\/2D exceptionnelles<\/strong> &ndash; Capture les codes-barres endommag&eacute;s, d&eacute;color&eacute;s ou mal imprim&eacute;s avec une pr&eacute;cision in&eacute;gal&eacute;e dans l&rsquo;industrie.<\/p>\n<\/li>\n<li data-start=\"1222\" data-end=\"1315\">\n<p data-start=\"1224\" data-end=\"1315\"><strong data-start=\"1224\" data-end=\"1244\">Libert&eacute; sans fil<\/strong> &ndash; Connectivit&eacute; sans fil Bluetooth 5.0 avec une port&eacute;e allant jusqu&rsquo;&agrave; 30 m&egrave;tres.<\/p>\n<\/li>\n<li data-start=\"1316\" data-end=\"1439\">\n<p data-start=\"1318\" data-end=\"1439\"><strong data-start=\"1318\" data-end=\"1342\">Support de c&acirc;ble inclus<\/strong> &ndash; Permet de scanner les mains libres, id&eacute;al pour les caisses et les postes de travail.<\/p>\n<\/li>\n<li data-start=\"1440\" data-end=\"1539\">\n<p data-start=\"1442\" data-end=\"1539\"><strong data-start=\"1442\" data-end=\"1468\">Conception &eacute;conome en &eacute;nergie<\/strong> &ndash; Batterie longue dur&eacute;e supportant plus de 50 000 balayages par charge compl&egrave;te.<\/p>\n<\/li>\n<li data-start=\"1540\" data-end=\"1626\">\n<p data-start=\"1542\" data-end=\"1626\"><strong data-start=\"1542\" data-end=\"1561\">Conception ergonomique<\/strong> &ndash; Poign&eacute;e l&eacute;g&egrave;re et &eacute;quilibr&eacute;e pour une utilisation confortable et prolong&eacute;e.<\/p>\n<\/li>\n<li data-start=\"1627\" data-end=\"1749\">\n<p data-start=\"1629\" data-end=\"1749\"><strong data-start=\"1629\" data-end=\"1653\">Construction durable<\/strong> &ndash; Class&eacute; IP41 et test&eacute; en chute libre jusqu&rsquo;&agrave; 1,8 m&egrave;tre pour une fiabilit&eacute; accrue dans les magasins et les environnements industriels.<\/p>\n<\/li>\n<li data-start=\"1750\" data-end=\"1850\">\n<p data-start=\"1752\" data-end=\"1850\"><strong data-start=\"1752\" data-end=\"1782\">Compatibilit&eacute; &agrave; l&rsquo;&eacute;preuve du temps<\/strong> &ndash; Int&eacute;gration transparente avec les syst&egrave;mes Windows&reg;, Android&trade; et iOS&trade;.<\/p>\n<\/li>\n<li data-start=\"1851\" data-end=\"1967\">\n<p data-start=\"1853\" data-end=\"1967\"><strong data-start=\"1853\" data-end=\"1875\">Options de base intelligente<\/strong> &ndash; Compatible avec la base de charge et de communication de Honeywell pour une meilleure gestion des appareils.<\/p>\n<\/li>\n<li data-start=\"1968\" data-end=\"2083\">\n<p data-start=\"1970\" data-end=\"2083\"><strong data-start=\"1970\" data-end=\"1990\">Mod&egrave;les disponibles<\/strong> &ndash; Des configurations &agrave; haute densit&eacute; et &agrave; gamme standard sont disponibles pour r&eacute;pondre &agrave; divers besoins de num&eacute;risation.<\/p>\n<\/li>\n<\/ul><h2 data-start=\"2085\" data-end=\"2102\">Principaux avantages<\/h2><h3 data-start=\"2104\" data-end=\"2135\">Pr&eacute;cision et performance<\/h3><p data-start=\"2136\" data-end=\"2408\">La technologie d&rsquo;imagerie avanc&eacute;e de Honeywell garantit que le Xenon XP 1952g effectue des scans rapides et pr&eacute;cis, m&ecirc;me lorsque les codes-barres sont us&eacute;s, macul&eacute;s ou sur des surfaces incurv&eacute;es. Cette pr&eacute;cision r&eacute;duit les temps d&rsquo;arr&ecirc;t et am&eacute;liore la productivit&eacute; dans les secteurs de la vente au d&eacute;tail, de la sant&eacute; et de l&rsquo;industrie. <\/p><h3 data-start=\"2410\" data-end=\"2460\">La libert&eacute; sans fil avec la flexibilit&eacute; des mains libres<\/h3><p data-start=\"2461\" data-end=\"2770\">Gr&acirc;ce &agrave; la connectivit&eacute; Bluetooth 5.0, les utilisateurs peuvent se d&eacute;placer librement dans un rayon de 30 m&egrave;tres autour de la station de base tout en maintenant une communication stable. Le <strong data-start=\"2611\" data-end=\"2626\">support de c&acirc;ble<\/strong> inclus permet de passer rapidement de la lecture manuelle &agrave; la lecture mains libres, ce qui en fait un outil id&eacute;al pour les environnements hybrides tels que les caisses ou les cha&icirc;nes de montage. <\/p><h3 data-start=\"2772\" data-end=\"2807\">Un design &agrave; la fois robuste et confortable<\/h3><p data-start=\"2808\" data-end=\"3096\">Malgr&eacute; sa taille compacte, le 1952g offre une durabilit&eacute; impressionnante, survivant &agrave; des chutes allant jusqu&rsquo;&agrave; 1,8 m&egrave;tre et r&eacute;sistant &agrave; la poussi&egrave;re et &agrave; l&rsquo;humidit&eacute;. Sa conception ergonomique minimise les contraintes, ce qui permet de l&rsquo;utiliser confortablement pendant de longues p&eacute;riodes de travail &ndash; une caract&eacute;ristique essentielle dans les environnements de vente au d&eacute;tail ou de logistique tr&egrave;s fr&eacute;quent&eacute;s. <\/p><h3 data-start=\"3098\" data-end=\"3146\">Longue dur&eacute;e de vie de la batterie pour un fonctionnement continu<\/h3><p data-start=\"3147\" data-end=\"3369\">Con&ccedil;u pour la num&eacute;risation de gros volumes, le syst&egrave;me de batterie efficace du 1952g permet d&rsquo;effectuer plus de 50 000 num&eacute;risations par charge. Les batteries de rechange optionnelles peuvent &ecirc;tre remplac&eacute;es facilement, ce qui garantit des performances ininterrompues dans les environnements &agrave; forte demande. <\/p><h3 data-start=\"3371\" data-end=\"3404\">Int&eacute;gration transparente des syst&egrave;mes<\/h3><p data-start=\"3405\" data-end=\"3666\">Le scanner prend en charge tous les principaux syst&egrave;mes d&rsquo;exploitation et s&rsquo;int&egrave;gre sans effort aux plates-formes de gestion des points de vente et des entrep&ocirc;ts. Le logiciel EZConfig d&rsquo;Honeywell simplifie la configuration, tandis que les bases intelligentes am&eacute;liorent l&rsquo;efficacit&eacute; de la charge et de la communication dans les grands d&eacute;ploiements. <\/p><h2 data-start=\"3668\" data-end=\"3688\">Cas d&rsquo;utilisation id&eacute;aux<\/h2><ul data-start=\"3689\" data-end=\"4210\">\n<li data-start=\"3689\" data-end=\"3798\">\n<p data-start=\"3691\" data-end=\"3798\"><strong data-start=\"3691\" data-end=\"3717\">Vente au d&eacute;tail et points de vente<\/strong> &ndash; Num&eacute;risation efficace et mains libres avec le support de c&acirc;ble inclus pour des passages en caisse rapides.<\/p>\n<\/li>\n<li data-start=\"3799\" data-end=\"3906\">\n<p data-start=\"3801\" data-end=\"3906\"><strong data-start=\"3801\" data-end=\"3826\">Entrep&ocirc;t et logistique<\/strong> &ndash; Num&eacute;risation fiable des colis et des &eacute;tiquettes d&rsquo;inventaire dans de grandes installations.<\/p>\n<\/li>\n<li data-start=\"3907\" data-end=\"3999\">\n<p data-start=\"3909\" data-end=\"3999\"><strong data-start=\"3909\" data-end=\"3926\">Fabrication<\/strong> &ndash; Des performances robustes pour la num&eacute;risation des cha&icirc;nes de production et du contr&ocirc;le de la qualit&eacute;.<\/p>\n<\/li>\n<li data-start=\"4000\" data-end=\"4104\">\n<p data-start=\"4002\" data-end=\"4104\"><strong data-start=\"4002\" data-end=\"4016\">Sant&eacute;<\/strong> &ndash; Num&eacute;risation pr&eacute;cise et sans fil de bracelets et d&rsquo;&eacute;tiquettes de m&eacute;dicaments pour la s&eacute;curit&eacute; des patients.<\/p>\n<\/li>\n<li data-start=\"4105\" data-end=\"4210\">\n<p data-start=\"4107\" data-end=\"4210\"><strong data-start=\"4107\" data-end=\"4136\">Field Service &amp; Utilities<\/strong> &ndash; Flexibilit&eacute; sans fil pour la num&eacute;risation des actifs et de la documentation en d&eacute;placement.<\/p>\n<\/li>\n<\/ul><h2 data-start=\"824\" data-end=\"848\">Comparaison des produits<\/h2><p data-start=\"849\" data-end=\"1042\">Le Honeywell Xenon XP 1952g offre des performances de num&eacute;risation et une flexibilit&eacute; &agrave; la pointe de l&rsquo;industrie. Pour les entreprises qui comparent d&rsquo;autres options de num&eacute;risation robustes et sans fil chez <strong data-start=\"1013\" data-end=\"1029\">Micro Nordic<\/strong>, pensez &agrave; : <\/p><ul data-start=\"1043\" data-end=\"1443\">\n<li data-start=\"1043\" data-end=\"1173\">\n<p data-start=\"1045\" data-end=\"1173\"><a href=\"https:\/\/micronordic.com\/product\/honeywell-granit-1981i-bt-w-cradle\/\"><strong data-start=\"1045\" data-end=\"1071\">Honeywell Granit 1981i<\/strong> <\/a>&ndash; Un scanner sans fil longue port&eacute;e ultra-robuste con&ccedil;u pour les entrep&ocirc;ts et les conditions industrielles difficiles.<\/p>\n<\/li>\n<li data-start=\"1174\" data-end=\"1293\">\n<p data-start=\"1176\" data-end=\"1293\"><a href=\"https:\/\/micronordic.com\/product\/honeywell-granit-1980i-cable-ex-stand\/\"><strong data-start=\"1176\" data-end=\"1202\">Honeywell Granit 1980i<\/strong> <\/a>&ndash; Une variante filaire offrant une durabilit&eacute; extr&ecirc;me et une port&eacute;e de balayage pour les postes de travail fixes.<\/p>\n<\/li>\n<li data-start=\"1294\" data-end=\"1443\">\n<p data-start=\"1296\" data-end=\"1443\"><strong data-start=\"1296\" data-end=\"1332\"><a href=\"https:\/\/micronordic.com\/product\/honeywell-granit-1911i-ig-cordless-w-base\/\">Honeywell Granit 1911i<\/a> <\/strong> &ndash; Un ancien scanner industriel sans fil remis &agrave; neuf, offrant de bonnes performances &agrave; un co&ucirc;t r&eacute;duit.<\/p>\n<\/li>\n<\/ul>\n","protected":false},"excerpt":{"rendered":"<h3>Sp\u00e9cifications :<\/h3>\n<ul>\n<li><strong>Affichage :<\/strong> N\/A (scanner de codes-barres portatif)<\/li>\n<li><strong>Connectivit\u00e9 :<\/strong> Bluetooth 5.0 (jusqu&rsquo;\u00e0 30 m de port\u00e9e) ; support de c\u00e2ble inclus ; compatible avec la base de charge et de communication Honeywell ; fonctionne avec Windows, Android, iOS<\/li>\n<li><strong>Certifications robustes :<\/strong> IP41 ; chute test\u00e9e \u00e0 1,8 m<\/li>\n<li><strong>S\u00e9curit\u00e9 :<\/strong> Modes d&rsquo;appairage et d&rsquo;authentification Bluetooth standard<\/li>\n<li><strong>Batterie :<\/strong> Plus de 50 000 num\u00e9risations par charge compl\u00e8te ; rempla\u00e7able par l&rsquo;utilisateur<\/li>\n<li><strong>Dimensions et poids :<\/strong> portatif, compact et l\u00e9ger<\/li>\n<li><strong>Garantie : <\/strong>Les nouveaux produits b\u00e9n\u00e9ficient d&rsquo;une garantie fabricant de 2 ans.<\/li>\n<\/ul>\n","protected":false},"author":16,"featured_media":61097,"template":"","meta":{"_acf_changed":false,"inline_featured_image":false},"product-condition":[5245],"product_brand":[8974],"product_cat":[5135,5142,5139],"product_tag":[4875],"class_list":{"0":"post-45664","1":"product","2":"type-product","3":"status-publish","4":"has-post-thumbnail","6":"product-condition-new-in-box","7":"product_brand-honeywell-intermec","8":"product_cat-honeywell-intermec","9":"product_cat-all-barcode-scanners","10":"product_cat-new-in-box-rugged-hardware","11":"product_tag-wrd-fr","13":"first","14":"instock","15":"taxable","16":"shipping-taxable","17":"purchasable","18":"product-type-simple"},"acf":[],"_links":{"self":[{"href":"https:\/\/micronordic.com\/fr\/wp-json\/wp\/v2\/product\/45664","targetHints":{"allow":["GET"]}}],"collection":[{"href":"https:\/\/micronordic.com\/fr\/wp-json\/wp\/v2\/product"}],"about":[{"href":"https:\/\/micronordic.com\/fr\/wp-json\/wp\/v2\/types\/product"}],"author":[{"embeddable":true,"href":"https:\/\/micronordic.com\/fr\/wp-json\/wp\/v2\/users\/16"}],"version-history":[{"count":3,"href":"https:\/\/micronordic.com\/fr\/wp-json\/wp\/v2\/product\/45664\/revisions"}],"predecessor-version":[{"id":98291,"href":"https:\/\/micronordic.com\/fr\/wp-json\/wp\/v2\/product\/45664\/revisions\/98291"}],"wp:featuredmedia":[{"embeddable":true,"href":"https:\/\/micronordic.com\/fr\/wp-json\/wp\/v2\/media\/61097"}],"wp:attachment":[{"href":"https:\/\/micronordic.com\/fr\/wp-json\/wp\/v2\/media?parent=45664"}],"wp:term":[{"taxonomy":"product-condition","embeddable":true,"href":"https:\/\/micronordic.com\/fr\/wp-json\/wp\/v2\/product-condition?post=45664"},{"taxonomy":"product_brand","embeddable":true,"href":"https:\/\/micronordic.com\/fr\/wp-json\/wp\/v2\/product_brand?post=45664"},{"taxonomy":"product_cat","embeddable":true,"href":"https:\/\/micronordic.com\/fr\/wp-json\/wp\/v2\/product_cat?post=45664"},{"taxonomy":"product_tag","embeddable":true,"href":"https:\/\/micronordic.com\/fr\/wp-json\/wp\/v2\/product_tag?post=45664"}],"curies":[{"name":"wp","href":"https:\/\/api.w.org\/{rel}","templated":true}]}}