{"id":45658,"date":"2020-10-06T15:09:00","date_gmt":"2020-10-06T13:09:00","guid":{"rendered":"https:\/\/micronordic.com\/product\/getac-v110-g3-entierement-durci-11-6-ip65-mil-std-810g-rs232-nouveau\/"},"modified":"2025-11-18T17:51:18","modified_gmt":"2025-11-18T16:51:18","slug":"getac-v110-g7-touch-fully-rugged-notebook","status":"publish","type":"product","link":"https:\/\/micronordic.com\/fr\/product\/getac-v110-g7-touch-fully-rugged-notebook\/","title":{"rendered":"Getac V110 G7 Fully Rugged Laptop (NOUVEAU)"},"content":{"rendered":"<?xml encoding=\"utf-8\" ?><h2 data-start=\"0\" data-end=\"42\">Getac V110 G7 Fully Rugged Laptop (NOUVEAU)<\/h2><p data-start=\"44\" data-end=\"707\">Le <strong data-start=\"48\" data-end=\"65\">Getac V110 G7<\/strong> est un 2-en-1 <strong data-start=\"93\" data-end=\"104\">Windows<\/strong> compact et enti&egrave;rement robuste con&ccedil;u pour les &eacute;quipes qui se d&eacute;placent entre les quais de v&eacute;hicules, les ateliers et les sites ext&eacute;rieurs, sans compromettre le temps de fonctionnement ou la s&eacute;curit&eacute;. En tant qu&rsquo;ordinateur portable convertible, il passe en toute transparence du mode laptop au mode tablette, offrant aux utilisateurs sur le terrain un clavier stable lorsqu&rsquo;ils ont besoin de taper et un &eacute;cran tactile qu&rsquo;ils peuvent utiliser avec des gants ou un stylet lorsqu&rsquo;ils sont en d&eacute;placement. Avec des performances multi-applications r&eacute;actives, des options d&rsquo;alimentation rempla&ccedil;ables &agrave; chaud et un &eacute;cosyst&egrave;me d&rsquo;accessoires con&ccedil;u pour les flottes, le <strong data-start=\"579\" data-end=\"596\">Getac V110 G7<\/strong> aide les organisations &agrave; standardiser sur un seul appareil pour les rapports, les diagnostics, les SIG et les flux de travail critiques.  <\/p><p data-start=\"709\" data-end=\"1021\">Qu&rsquo;il s&rsquo;agisse de nouveaux v&eacute;hicules, de la mise &agrave; niveau d&rsquo;une flotte vieillissante ou de l&rsquo;&eacute;quipement de r&ocirc;les mixtes dans les domaines de la s&eacute;curit&eacute; publique, des services publics et des op&eacute;rations industrielles, le <strong data-start=\"861\" data-end=\"878\">Getac V110 G7<\/strong> offre la portabilit&eacute; d&rsquo;une tablette avec la familiarit&eacute; et la rapidit&eacute; d&rsquo;un laptop &ndash; pr&ecirc;t pour les longues p&eacute;riodes de travail, les manipulations difficiles et les conditions m&eacute;t&eacute;orologiques du monde r&eacute;el.<\/p><p data-start=\"709\" data-end=\"1021\"><strong>Les nouveaux produits b&eacute;n&eacute;ficient d&rsquo;une garantie fabricant de 3 ans.<\/strong><\/p><h2 data-start=\"1023\" data-end=\"1059\">Caract&eacute;ristiques principales du Getac V110 G7<\/h2><ul data-start=\"1060\" data-end=\"3074\">\n<li data-start=\"1060\" data-end=\"1326\">\n<p data-start=\"1062\" data-end=\"1326\"><strong data-start=\"1062\" data-end=\"1092\">Conception 2-en-1 enti&egrave;rement rugged<\/strong> &ndash; Le facteur de forme convertible permet de passer du laptop &agrave; la tablette en fonction de la t&acirc;che &agrave; accomplir ; le ch&acirc;ssis durci, les ports scell&eacute;s et les coins renforc&eacute;s sont con&ccedil;us pour r&eacute;sister aux vibrations quotidiennes, &agrave; la poussi&egrave;re, &agrave; l&rsquo;humidit&eacute; et aux chocs lors du transport et de l&rsquo;utilisation en v&eacute;hicule.<\/p>\n<\/li>\n<li data-start=\"1327\" data-end=\"1577\">\n<p data-start=\"1329\" data-end=\"1577\"><strong data-start=\"1329\" data-end=\"1364\">&Eacute;cran tactile lisible &agrave; la lumi&egrave;re du soleil<\/strong> &ndash; L&rsquo;&eacute;cran lisible &agrave; l&rsquo;ext&eacute;rieur prend en charge la saisie au doigt, au gant et au stylet pour un travail pr&eacute;cis sur les cartes, les formulaires, les sch&eacute;mas et les photos ; les angles de vision larges permettent aux &eacute;quipes de collaborer &eacute;paule contre &eacute;paule dans les v&eacute;hicules ou sur les bancs.<\/p>\n<\/li>\n<li data-start=\"1578\" data-end=\"1813\">\n<p data-start=\"1580\" data-end=\"1813\"><strong data-start=\"1580\" data-end=\"1606\">Performances r&eacute;actives<\/strong> &ndash; La plateforme multic&oelig;ur moderne assure le bon fonctionnement des visionneuses de CAO, des diagnostics, de l&rsquo;assistance &agrave; distance et des applications de bureau ; le stockage NVMe rapide et la m&eacute;moire g&eacute;n&eacute;reuse maintiennent la r&eacute;activit&eacute; lors de l&rsquo;ex&eacute;cution de t&acirc;ches multit&acirc;ches sur le terrain.<\/p>\n<\/li>\n<li data-start=\"1814\" data-end=\"2040\">\n<p data-start=\"1816\" data-end=\"2040\"><strong data-start=\"1816\" data-end=\"1839\">Alimentation rempla&ccedil;able &agrave; chaud<\/strong> &ndash; L&rsquo;architecture &agrave; double batterie (sur les configurations prises en charge) permet de changer de batterie en cours de travail sans arr&ecirc;ter les applications, ce qui prot&egrave;ge la continuit&eacute; de la session pour les rapports d&rsquo;incident, les inspections ou la capture d&rsquo;&eacute;l&eacute;ments de preuve.<\/p>\n<\/li>\n<li data-start=\"2041\" data-end=\"2247\">\n<p data-start=\"2043\" data-end=\"2247\"><strong data-start=\"2043\" data-end=\"2066\">Connectivit&eacute; moderne<\/strong> &ndash; Wi-Fi et Bluetooth fiables pour le travail sur site, avec en option le haut d&eacute;bit mobile et le GNSS pour assurer la pr&eacute;cision des t&acirc;ches de g&eacute;olocalisation et la circulation des donn&eacute;es lorsque vous n&rsquo;&ecirc;tes pas sur le r&eacute;seau.<\/p>\n<\/li>\n<li data-start=\"2248\" data-end=\"2457\">\n<p data-start=\"2250\" data-end=\"2457\"><strong data-start=\"2250\" data-end=\"2278\">E\/S et station d&rsquo;accueil &agrave; grande vitesse<\/strong> &ndash; Une riche s&eacute;lection de ports et des stations d&rsquo;accueil robustes pour le bureau et le v&eacute;hicule rationalisent le chargement, l&rsquo;utilisation des p&eacute;riph&eacute;riques (imprimantes, scanners, instruments) et les transferts rapides entre le terrain et le bureau.<\/p>\n<\/li>\n<li data-start=\"2458\" data-end=\"2673\">\n<p data-start=\"2460\" data-end=\"2673\"><strong data-start=\"2460\" data-end=\"2496\">S&eacute;curit&eacute; et gestion de l&rsquo;entreprise<\/strong> &ndash; Les protections mat&eacute;rielles et les options d&rsquo;authentification s&rsquo;alignent sur les politiques de l&rsquo;entreprise ; la gestion coh&eacute;rente des images et des profils aide le service informatique &agrave; d&eacute;ployer et &agrave; maintenir des flottes &agrave; l&rsquo;&eacute;chelle.<\/p>\n<\/li>\n<li data-start=\"2674\" data-end=\"2868\">\n<p data-start=\"2676\" data-end=\"2868\"><strong data-start=\"2676\" data-end=\"2698\">Conception facilitant l&rsquo;entretien<\/strong> &ndash; Les composants accessibles aux outils et les batteries et r&eacute;serves rempla&ccedil;ables sur le terrain simplifient l&rsquo;entretien, r&eacute;duisent les temps d&rsquo;arr&ecirc;t et augmentent la valeur du cycle de vie par rapport aux appareils grand public scell&eacute;s.<\/p>\n<\/li>\n<li data-start=\"2869\" data-end=\"3074\">\n<p data-start=\"2871\" data-end=\"3074\"><strong data-start=\"2871\" data-end=\"2894\">&Eacute;cosyst&egrave;me d&rsquo;accessoires<\/strong> &ndash; Claviers, solutions de transport, batteries de rechange, chargeurs et accessoires de capture de donn&eacute;es vous permettent d&rsquo;adapter l&rsquo;appareil &agrave; votre r&ocirc;le, qu&rsquo;il s&rsquo;agisse de patrouilles, d&rsquo;inspections ou d&rsquo;op&eacute;rations dans les entrep&ocirc;ts et les usines.<\/p>\n<\/li>\n<\/ul><h2 data-start=\"3076\" data-end=\"3112\">Principaux avantages du Getac V110 G7<\/h2><h3 data-start=\"3114\" data-end=\"3153\">Con&ccedil;u pour les environnements les plus difficiles<\/h3><p data-start=\"3154\" data-end=\"3341\">La conception Fully Rugged r&eacute;siste aux vibrations, aux chutes, &agrave; la poussi&egrave;re et &agrave; l&rsquo;humidit&eacute; afin que les &eacute;quipes puissent travailler en toute confiance &agrave; l&rsquo;ext&eacute;rieur, dans les v&eacute;hicules et sur les sites industriels avec moins d&rsquo;interruptions li&eacute;es &agrave; l&rsquo;appareil.<\/p><h3 data-start=\"3343\" data-end=\"3379\">Vitesse du laptop, flexibilit&eacute; de la tablette<\/h3><p data-start=\"3380\" data-end=\"3588\">La conception convertible offre aux utilisateurs un clavier stable pour les t&acirc;ches n&eacute;cessitant beaucoup de donn&eacute;es et un &eacute;cran tactile facile &agrave; utiliser pour les photos, les signatures et les annotations sur place, r&eacute;duisant ainsi les frictions lorsqu&rsquo;ils changent de contexte sur le terrain.<\/p><h3 data-start=\"3590\" data-end=\"3624\">Une puissance qui dure toute la journ&eacute;e<\/h3><p data-start=\"3625\" data-end=\"3785\">Les options de batterie rempla&ccedil;able &agrave; chaud permettent une disponibilit&eacute; continue pendant les longues p&eacute;riodes de travail et les transferts, &eacute;vitant ainsi les pertes de travail et les red&eacute;marrages lorsque les horaires et les volumes d&rsquo;appels augmentent.<\/p><h3 data-start=\"3787\" data-end=\"3826\">Connectivit&eacute; et flux de donn&eacute;es sans faille<\/h3><p data-start=\"3827\" data-end=\"4031\">Des options sans fil puissantes et une station d&rsquo;accueil de niveau flotte permettent de synchroniser les tickets, les journaux et les m&eacute;dias en arri&egrave;re-plan. Les superviseurs re&ccedil;oivent des mises &agrave; jour opportunes pendant que les &eacute;quipes se d&eacute;placent entre le bureau, les v&eacute;hicules et les sites distants. <\/p><h3 data-start=\"4033\" data-end=\"4053\">Pr&ecirc;t pour les flottes<\/h3><p data-start=\"4054\" data-end=\"4248\">Un acc&egrave;s facile aux services, une imagerie coh&eacute;rente et un large &eacute;cosyst&egrave;me de stations d&rsquo;accueil et de chargeurs r&eacute;duisent le co&ucirc;t total de possession. Les services informatiques peuvent normaliser les d&eacute;ploiements, remplacer rapidement les pi&egrave;ces et faire en sorte que les unit&eacute;s critiques soient pr&ecirc;tes pour la mission. <\/p><h2 data-start=\"4250\" data-end=\"4268\">Cas d&rsquo;utilisation id&eacute;aux<\/h2><ul data-start=\"4269\" data-end=\"4966\">\n<li data-start=\"4269\" data-end=\"4418\">\n<p data-start=\"4271\" data-end=\"4418\"><strong data-start=\"4271\" data-end=\"4301\">S&eacute;curit&eacute; publique et gouvernement<\/strong> &ndash; R&eacute;daction de rapports, acc&egrave;s CAD\/AVL, d&eacute;chargement de cam&eacute;ras corporelles et d&rsquo;&eacute;l&eacute;ments de preuve, et communication s&eacute;curis&eacute;e dans les v&eacute;hicules et les stations.<\/p>\n<\/li>\n<li data-start=\"4419\" data-end=\"4579\">\n<p data-start=\"4421\" data-end=\"4579\"><strong data-start=\"4421\" data-end=\"4450\">Field Service &amp; Utilities<\/strong> &ndash; Diagnostic des actifs, examen des plans, flux de travail de commutation\/inspection et mise &agrave; jour des ordres de travail sur les armoires, les poteaux et les sites distants.<\/p>\n<\/li>\n<li data-start=\"4580\" data-end=\"4706\">\n<p data-start=\"4582\" data-end=\"4706\"><strong data-start=\"4582\" data-end=\"4612\">Fabrication et industrie<\/strong> &ndash; Acc&egrave;s &agrave; l&rsquo;IHM, suivi des encours, proc&eacute;dures de maintenance et contr&ocirc;les de qualit&eacute; sur la ligne ou &agrave; proximit&eacute;.<\/p>\n<\/li>\n<li data-start=\"4707\" data-end=\"4838\">\n<p data-start=\"4709\" data-end=\"4838\"><strong data-start=\"4709\" data-end=\"4739\">Transport et logistique<\/strong> &ndash; Coordination des chantiers, acheminement, rapprochement des stocks et traitement des &eacute;tiquettes\/documents en cours de route.<\/p>\n<\/li>\n<li data-start=\"4839\" data-end=\"4966\">\n<p data-start=\"4841\" data-end=\"4966\"><strong data-start=\"4841\" data-end=\"4866\">&Eacute;nergie et construction<\/strong> &ndash; Examen des plans, donn&eacute;es d&rsquo;enqu&ecirc;te, listes de contr&ocirc;le et documentation sur les sites o&ugrave; les intemp&eacute;ries et la poussi&egrave;re sont monnaie courante.<\/p>\n<\/li>\n<\/ul><h2 data-start=\"4968\" data-end=\"5012\">Comparaisons de produits pour le Getac V110 G7<\/h2><ul data-start=\"5013\" data-end=\"5583\">\n<li data-start=\"5013\" data-end=\"5210\">\n<p data-start=\"5015\" data-end=\"5210\"><a href=\"https:\/\/micronordic.com\/product\/getac-s410-g5-semi-rugged-notebook\/\"><strong data-start=\"5015\" data-end=\"5032\">Getac S410 G5<\/strong><\/a> &ndash; Choisissez le <strong data-start=\"5042\" data-end=\"5053\">S410 G5<\/strong> si vous souhaitez une portabilit&eacute; Semi-Rugged &agrave; un poids r&eacute;duit ; choisissez le <strong data-start=\"5114\" data-end=\"5131\">Getac V110 G7<\/strong> si la durabilit&eacute; Fully Rugged et la flexibilit&eacute; convertible ne sont pas n&eacute;gociables.<\/p>\n<\/li>\n<li data-start=\"5211\" data-end=\"5389\">\n<p data-start=\"5213\" data-end=\"5389\"><a href=\"https:\/\/micronordic.com\/product\/getac-b360-g2-fully-rugged-laptop\/\"><strong data-start=\"5213\" data-end=\"5227\">Getac B360<\/strong> <\/a>&ndash; Choisissez le <strong data-start=\"5235\" data-end=\"5243\">B360<\/strong> pour une coque traditionnelle avec une robustesse maximale et un ch&acirc;ssis plus grand ; choisissez le <strong data-start=\"5323\" data-end=\"5340\">Getac V110 G7<\/strong> pour un transport plus l&eacute;ger et une polyvalence en mode tablette.<\/p>\n<\/li>\n<li data-start=\"5390\" data-end=\"5583\">\n<p data-start=\"5392\" data-end=\"5583\"><a href=\"https:\/\/micronordic.com\/product\/panasonic-toughbook-cf-33\/\"><strong data-start=\"5392\" data-end=\"5421\">Panasonic Toughbook CF-33<\/strong><\/a> &ndash; Choisissez le <strong data-start=\"5431\" data-end=\"5440\">CF-33<\/strong> pour une approche 2-en-1 d&eacute;tachable ; choisissez le <strong data-start=\"5482\" data-end=\"5499\">Getac V110 G7<\/strong> pour un convertible int&eacute;gr&eacute; avec des stations d&rsquo;accueil adapt&eacute;es aux flottes et des options d&rsquo;alimentation &agrave; chaud.<\/p>\n<\/li>\n<\/ul>\n","protected":false},"excerpt":{"rendered":"<h3>Sp\u00e9cifications :<\/h3>\n<ul>\n<li><strong>\u00c9cran :<\/strong> \u00c9cran tactile compact lisible en plein soleil ; compatible avec les gants\/stylos ; grands angles de vision<\/li>\n<li><strong>Processeur :<\/strong> Plateforme Intel\u00ae Core\u2122 (configurable, multic\u0153ur)<\/li>\n<li><strong>Graphiques :<\/strong> Int\u00e9gr\u00e9<\/li>\n<li><strong>M\u00e9moire : <\/strong>8 Go DDR4 (mod\u00e8le de base), extensible \u00e0 64 Go<\/li>\n<li><strong>Stockage :<\/strong> SSD PCIe NVMe de 256 Go (mod\u00e8le de base), extensible \u00e0 2 To<\/li>\n<li><strong>Connectivit\u00e9 :<\/strong> Wi-Fi 6\/6E, Bluetooth 5.x ; 4G\/5G WWAN et GNSS en option ; station d&rsquo;accueil pour bureau\/v\u00e9hicule ; nombreuses E\/S (USB, HDMI, Ethernet)<\/li>\n<li><strong>Certifications robustes :<\/strong> Ch\u00e2ssis enti\u00e8rement Rugged avec \u00e9tanch\u00e9it\u00e9, r\u00e9sistance aux chutes et aux vibrations.<\/li>\n<li>S\u00e9curit\u00e9 <strong>:<\/strong> S\u00e9curit\u00e9 mat\u00e9rielle avec options d&rsquo;authentification d&rsquo;entreprise<\/li>\n<li><strong>Batterie :<\/strong> Deux batteries rempla\u00e7ables \u00e0 chaud sur les configurations prises en charge pour un fonctionnement continu.<\/li>\n<li><strong>Dimensions et poids :<\/strong> Compact Fully Rugged convertible (varie selon la configuration)<\/li>\n<li><strong>Garantie :<\/strong> 3 ans de garantie standard du fabricant<\/li>\n<\/ul>\n","protected":false},"author":16,"featured_media":99810,"template":"","meta":{"_acf_changed":false,"inline_featured_image":false},"product-condition":[5245],"product_brand":[8953],"product_cat":[5141,5143,5139],"product_tag":[],"class_list":{"0":"post-45658","1":"product","2":"type-product","3":"status-publish","4":"has-post-thumbnail","6":"product-condition-new-in-box","7":"product_brand-getac","8":"product_cat-getac-rugged","9":"product_cat-all-rugged-laptops","10":"product_cat-new-in-box-rugged-hardware","12":"first","13":"instock","14":"taxable","15":"shipping-taxable","16":"purchasable","17":"product-type-simple"},"acf":[],"_links":{"self":[{"href":"https:\/\/micronordic.com\/fr\/wp-json\/wp\/v2\/product\/45658","targetHints":{"allow":["GET"]}}],"collection":[{"href":"https:\/\/micronordic.com\/fr\/wp-json\/wp\/v2\/product"}],"about":[{"href":"https:\/\/micronordic.com\/fr\/wp-json\/wp\/v2\/types\/product"}],"author":[{"embeddable":true,"href":"https:\/\/micronordic.com\/fr\/wp-json\/wp\/v2\/users\/16"}],"version-history":[{"count":3,"href":"https:\/\/micronordic.com\/fr\/wp-json\/wp\/v2\/product\/45658\/revisions"}],"predecessor-version":[{"id":98393,"href":"https:\/\/micronordic.com\/fr\/wp-json\/wp\/v2\/product\/45658\/revisions\/98393"}],"wp:featuredmedia":[{"embeddable":true,"href":"https:\/\/micronordic.com\/fr\/wp-json\/wp\/v2\/media\/99810"}],"wp:attachment":[{"href":"https:\/\/micronordic.com\/fr\/wp-json\/wp\/v2\/media?parent=45658"}],"wp:term":[{"taxonomy":"product-condition","embeddable":true,"href":"https:\/\/micronordic.com\/fr\/wp-json\/wp\/v2\/product-condition?post=45658"},{"taxonomy":"product_brand","embeddable":true,"href":"https:\/\/micronordic.com\/fr\/wp-json\/wp\/v2\/product_brand?post=45658"},{"taxonomy":"product_cat","embeddable":true,"href":"https:\/\/micronordic.com\/fr\/wp-json\/wp\/v2\/product_cat?post=45658"},{"taxonomy":"product_tag","embeddable":true,"href":"https:\/\/micronordic.com\/fr\/wp-json\/wp\/v2\/product_tag?post=45658"}],"curies":[{"name":"wp","href":"https:\/\/api.w.org\/{rel}","templated":true}]}}