{"id":45656,"date":"2020-10-06T15:09:00","date_gmt":"2020-10-06T13:09:00","guid":{"rendered":"https:\/\/micronordic.com\/product\/getac-s410-g3-basic-i3-1115g4-nouveau\/"},"modified":"2025-11-18T17:47:55","modified_gmt":"2025-11-18T16:47:55","slug":"getac-s410-g5-semi-rugged-notebook","status":"publish","type":"product","link":"https:\/\/micronordic.com\/fr\/product\/getac-s410-g5-semi-rugged-notebook\/","title":{"rendered":"Getac S410 G5 Semi-Rugged Laptop (NOUVEAU)"},"content":{"rendered":"<?xml encoding=\"utf-8\" ?><h2 data-start=\"0\" data-end=\"41\">Getac S410 G5 Semi-Rugged Laptop (NOUVEAU)<\/h2><p data-start=\"43\" data-end=\"669\">Le <strong data-start=\"47\" data-end=\"64\">Getac S410 G5<\/strong> est un laptop <strong data-start=\"93\" data-end=\"104\">Windows<\/strong> polyvalent et Semi-Rugged con&ccedil;u pour les professionnels qui ont besoin d&rsquo;une performance fiable en dehors du confort du bureau, dans les usines, sur les bancs des d&eacute;p&ocirc;ts, dans les v&eacute;hicules de service et sur les chantiers. &Eacute;quilibrant durabilit&eacute; et portabilit&eacute;, le <g id=\"gid_2\">Getac S410 G5<\/g> associe un &eacute;cran lumineux utilisable en ext&eacute;rieur et un traitement r&eacute;actif &agrave; un ch&acirc;ssis con&ccedil;u pour r&eacute;sister aux chocs quotidiens, aux vibrations et aux &eacute;claboussures occasionnelles. Pour les informaticiens, il offre une plateforme stable avec un acc&egrave;s facile aux services, des options de s&eacute;curit&eacute; solides et un large &eacute;cosyst&egrave;me de stations d&rsquo;accueil et d&rsquo;accessoires pour standardiser les d&eacute;ploiements en fonction des r&ocirc;les.  <\/p><p data-start=\"43\" data-end=\"669\"><strong>Les nouveaux produits b&eacute;n&eacute;ficient d&rsquo;une garantie fabricant de 3 ans.<\/strong><\/p><p data-start=\"671\" data-end=\"897\">Que vous &eacute;quipiez des &eacute;quipes de service sur le terrain, du personnel de s&eacute;curit&eacute; publique ou des op&eacute;rateurs industriels, le <strong data-start=\"763\" data-end=\"780\">Getac S410 G5<\/strong> offre le bon m&eacute;lange d&rsquo;autonomie, de flexibilit&eacute; de la batterie et d&rsquo;E\/S, sans le poids et l&rsquo;encombrement d&rsquo;une plateforme Fully Rugged.<\/p><h2 data-start=\"899\" data-end=\"935\">Principales caract&eacute;ristiques du Getac S410 G5<\/h2><ul data-start=\"936\" data-end=\"2747\">\n<li data-start=\"936\" data-end=\"1162\">\n<p data-start=\"938\" data-end=\"1162\">Construction <strong data-start=\"938\" data-end=\"953\">Semi-Rugged<\/strong> &ndash; Con&ccedil;ue pour faire face aux risques quotidiens tels que les vibrations, les chutes mineures et l&rsquo;exposition &agrave; la poussi&egrave;re et &agrave; l&rsquo;humidit&eacute;, elle prot&egrave;ge les composants pendant le transport et le travail mobile tout en conservant un poids raisonnable pour le transport quotidien.<\/p>\n<\/li>\n<li data-start=\"1163\" data-end=\"1370\">\n<p data-start=\"1165\" data-end=\"1370\">&Eacute;cran <strong data-start=\"1165\" data-end=\"1186\">lisible &agrave; la lumi&egrave;re du soleil<\/strong> &ndash; L&rsquo;&eacute;cran adapt&eacute; &agrave; l&rsquo;ext&eacute;rieur am&eacute;liore la clart&eacute; dans des conditions lumineuses et prend en charge la saisie avec des gants, r&eacute;duisant ainsi les erreurs lors de la r&eacute;vision de formulaires, de sch&eacute;mas ou de guides d&rsquo;entretien sur site.<\/p>\n<\/li>\n<li data-start=\"1371\" data-end=\"1578\">\n<p data-start=\"1373\" data-end=\"1578\">Performances <strong data-start=\"1373\" data-end=\"1387\">r&eacute;actives<\/strong> &ndash; Les processeurs multic&oelig;urs modernes et le stockage rapide assurent le bon fonctionnement des visionneuses de CAO, des outils d&rsquo;assistance &agrave; distance, des diagnostics et des applications bureautiques, de sorte que le multit&acirc;che ne bloque pas votre flux de travail.<\/p>\n<\/li>\n<li data-start=\"1579\" data-end=\"1759\">\n<p data-start=\"1581\" data-end=\"1759\">Conception <strong data-start=\"1581\" data-end=\"1596\">&eacute;volutive<\/strong> &ndash; Les baies accessibles pour la m&eacute;moire et le stockage contribuent &agrave; prolonger la valeur du cycle de vie, permettant aux &eacute;quipes d&rsquo;adapter les configurations au fil du temps sans avoir &agrave; remplacer l&rsquo;ensemble de l&rsquo;appareil.<\/p>\n<\/li>\n<li data-start=\"1760\" data-end=\"1964\">\n<p data-start=\"1762\" data-end=\"1964\">Connectivit&eacute; <strong data-start=\"1762\" data-end=\"1772\">moderne<\/strong> &ndash; Wi-Fi et Bluetooth fiables pour le travail sur site, avec en option le haut d&eacute;bit mobile et le GNSS pour assurer la circulation des donn&eacute;es et la pr&eacute;cision des t&acirc;ches de g&eacute;olocalisation lorsque vous n&rsquo;&ecirc;tes pas sur le r&eacute;seau.<\/p>\n<\/li>\n<li data-start=\"1965\" data-end=\"2178\">\n<p data-start=\"1967\" data-end=\"2178\">E\/S et station d&rsquo;accueil &agrave; <strong data-start=\"1967\" data-end=\"1981\">grande vitesse<\/strong> &ndash; Une riche s&eacute;lection de ports et des stations d&rsquo;accueil robustes pour v&eacute;hicules et bureaux rationalisent le chargement, l&rsquo;utilisation des p&eacute;riph&eacute;riques (scanners, imprimantes d&rsquo;&eacute;tiquettes, instruments) et les transferts rapides entre le terrain et le bureau.<\/p>\n<\/li>\n<li data-start=\"2179\" data-end=\"2391\">\n<p data-start=\"2181\" data-end=\"2391\">S&eacute;curit&eacute; et facilit&eacute; de gestion de <strong data-start=\"2181\" data-end=\"2195\">l&rsquo;entreprise<\/strong> &ndash; Les protections mat&eacute;rielles et les options d&rsquo;authentification sont conformes aux politiques de l&rsquo;entreprise, tandis que l&rsquo;imagerie et la configuration centralis&eacute;es assurent la coh&eacute;rence des d&eacute;ploiements au sein des &eacute;quipes.<\/p>\n<\/li>\n<li data-start=\"2392\" data-end=\"2557\">\n<p data-start=\"2394\" data-end=\"2557\">Disposition <strong data-start=\"2394\" data-end=\"2409\">facilitant l&rsquo;entretien<\/strong> &ndash; Les composants accessibles aux outils et les batteries modulaires r&eacute;duisent les temps d&rsquo;arr&ecirc;t, simplifient les r&eacute;parations et facilitent la rotation des unit&eacute;s critiques.<\/p>\n<\/li>\n<li data-start=\"2558\" data-end=\"2747\">\n<p data-start=\"2560\" data-end=\"2747\">&Eacute;cosyst&egrave;me d&rsquo;<strong data-start=\"2560\" data-end=\"2573\">accessoires<\/strong> &ndash; solutions de transport, batteries de rechange, chargeurs et accessoires de capture de donn&eacute;es adaptent le syst&egrave;me &agrave; chaque r&ocirc;le, des inspecteurs aux techniciens en passant par les superviseurs et les r&eacute;partiteurs.<\/p>\n<\/li>\n<\/ul><h2 data-start=\"2749\" data-end=\"2785\">Principaux avantages du Getac S410 G5<\/h2><h3 data-start=\"2787\" data-end=\"2833\">Con&ccedil;u pour les conditions quotidiennes les plus difficiles<\/h3><p data-start=\"2834\" data-end=\"3049\">La protection Semi-Rugged prot&egrave;ge contre les chocs, les vibrations, la poussi&egrave;re et l&rsquo;humidit&eacute; que l&rsquo;on rencontre dans le monde r&eacute;el lors du travail post&eacute;, du montage de v&eacute;hicules et des d&eacute;placements fr&eacute;quents entre les sites, sans les inconv&eacute;nients d&rsquo;un ch&acirc;ssis ultra-lourd.<\/p><h3 data-start=\"3051\" data-end=\"3083\">Grand &eacute;cran, meilleurs flux de travail<\/h3><p data-start=\"3084\" data-end=\"3296\">Un espace de travail <strong data-start=\"3093\" data-end=\"3104\">Windows<\/strong> lumineux facilite la lecture des tableaux de bord, des plans et de la documentation dans des conditions de luminosit&eacute; variables. Avec une grande surface d&rsquo;&eacute;cran et une saisie pr&eacute;cise, les utilisateurs passent moins de temps &agrave; d&eacute;filer et plus de temps &agrave; ex&eacute;cuter la t&acirc;che. <\/p><h3 data-start=\"3298\" data-end=\"3332\">Une puissance qui dure toute la journ&eacute;e<\/h3><p data-start=\"3333\" data-end=\"3517\">Des options de batterie flexibles permettent une utilisation soutenue sur le terrain, avec des capacit&eacute;s de remplacement &agrave; chaud sur certaines configurations pour maintenir les sessions d&rsquo;application pendant les changements d&rsquo;&eacute;quipe et les longs appels de service.<\/p><h3 data-start=\"3519\" data-end=\"3558\">Connectivit&eacute; et flux de donn&eacute;es sans faille<\/h3><p data-start=\"3559\" data-end=\"3763\">Des options sans fil puissantes et une station d&rsquo;accueil pour bureau et v&eacute;hicule permettent de synchroniser les tickets, les journaux et les preuves en arri&egrave;re-plan. Les superviseurs voient les mises &agrave; jour en temps voulu et les &eacute;quipes se d&eacute;placent d&rsquo;un endroit &agrave; l&rsquo;autre sans avoir &agrave; reconfigurer les c&acirc;bles. <\/p><h3 data-start=\"3765\" data-end=\"3785\">Pr&ecirc;t pour les flottes<\/h3><p data-start=\"3786\" data-end=\"3989\">La coh&eacute;rence de l&rsquo;imagerie, l&rsquo;authentification s&eacute;curis&eacute;e et la rapidit&eacute; d&rsquo;acc&egrave;s aux services r&eacute;duisent le co&ucirc;t total de possession. Le service informatique dispose d&rsquo;une plate-forme pr&eacute;visible &agrave; g&eacute;rer &agrave; l&rsquo;&eacute;chelle ; les utilisateurs disposent d&rsquo;un outil fiable qui reste pr&ecirc;t &agrave; l&rsquo;emploi. <\/p><h2 data-start=\"3991\" data-end=\"4009\">Cas d&rsquo;utilisation id&eacute;aux<\/h2><ul data-start=\"4010\" data-end=\"4663\">\n<li data-start=\"4010\" data-end=\"4136\">\n<p data-start=\"4012\" data-end=\"4136\"><strong data-start=\"4012\" data-end=\"4042\">S&eacute;curit&eacute; publique et gouvernement<\/strong> &ndash; R&eacute;daction de rapports, traitement des preuves et connectivit&eacute; de dispatching dans les v&eacute;hicules et les stations.<\/p>\n<\/li>\n<li data-start=\"4137\" data-end=\"4273\">\n<p data-start=\"4139\" data-end=\"4273\"><strong data-start=\"4139\" data-end=\"4168\">Field Service &amp; Utilities<\/strong> &ndash; Diagnostic des actifs, examen des plans et mise &agrave; jour des ordres de travail dans les armoires, les poteaux, les usines et les sites distants.<\/p>\n<\/li>\n<li data-start=\"4274\" data-end=\"4400\">\n<p data-start=\"4276\" data-end=\"4400\"><strong data-start=\"4276\" data-end=\"4306\">Fabrication et industrie<\/strong> &ndash; Acc&egrave;s &agrave; l&rsquo;IHM, proc&eacute;dures de maintenance, suivi des stocks et contr&ocirc;les de qualit&eacute; sur la ligne ou &agrave; proximit&eacute;.<\/p>\n<\/li>\n<li data-start=\"4401\" data-end=\"4532\">\n<p data-start=\"4403\" data-end=\"4532\"><strong data-start=\"4403\" data-end=\"4433\">Transport et logistique<\/strong> &ndash; Coordination des chantiers, acheminement, rapprochement des stocks et traitement des &eacute;tiquettes\/documents en cours de route.<\/p>\n<\/li>\n<li data-start=\"4533\" data-end=\"4663\">\n<p data-start=\"4535\" data-end=\"4663\"><strong data-start=\"4535\" data-end=\"4560\">&Eacute;nergie et construction<\/strong> &ndash; Documentation de chantier, visualisation de plans et de CAO, listes de contr&ocirc;le et dossiers de conformit&eacute; dans des environnements exigeants.<\/p>\n<\/li>\n<\/ul><h2 data-start=\"4665\" data-end=\"4709\">Comparaison des produits pour le Getac S410 G5<\/h2><ul data-start=\"4710\" data-end=\"5315\">\n<li data-start=\"4710\" data-end=\"4894\">\n<p data-start=\"4712\" data-end=\"4894\"><a href=\"https:\/\/micronordic.com\/product\/getac-b360-g2-fully-rugged-laptop\/\"><strong data-start=\"4712\" data-end=\"4726\">Getac B360 G2<\/strong><\/a>&ndash; Choisissez le <strong data-start=\"4736\" data-end=\"4744\">B360<\/strong> pour une plateforme Fully Rugged lorsque la mission exige une survivabilit&eacute; maximale ; choisissez le <strong data-start=\"4828\" data-end=\"4845\">Getac S410 G5<\/strong> pour un transport plus l&eacute;ger et une flexibilit&eacute; Semi-Rugged.<\/p>\n<\/li>\n<li data-start=\"4895\" data-end=\"5105\">\n<p data-start=\"4897\" data-end=\"5105\"><a href=\"https:\/\/micronordic.com\/product\/panasonic-toughbook-fz-55\/\"><strong data-start=\"4897\" data-end=\"4923\">Panasonic Toughbook 55<\/strong><\/a> &ndash; Choisissez le <strong data-start=\"4931\" data-end=\"4947\">Toughbook 55<\/strong> si vous privil&eacute;giez l&rsquo;extension modulaire des baies ; choisissez le <strong data-start=\"4994\" data-end=\"5011\">Getac S410 G5<\/strong> pour une construction semi Rugged &eacute;quilibr&eacute;e avec une grande facilit&eacute; d&rsquo;entretien et des accessoires adapt&eacute;s aux flottes.<\/p>\n<\/li>\n<li data-start=\"5106\" data-end=\"5315\">\n<p data-start=\"5108\" data-end=\"5315\"><a href=\"https:\/\/micronordic.com\/product\/dell-rugged-extreme-5430-new\/\"><strong data-start=\"5108\" data-end=\"5137\">Dell Latitude Rugged 5430<\/strong><\/a> &ndash; S&eacute;lectionnez <strong data-start=\"5147\" data-end=\"5171\">Latitude Rugged 5430<\/strong> pour une int&eacute;gration &eacute;troite avec les flottes Dell existantes ; s&eacute;lectionnez <strong data-start=\"5228\" data-end=\"5245\">Getac S410 G5<\/strong> pour une durabilit&eacute; semi-durcie &eacute;prouv&eacute;e et une connexion polyvalente &agrave; tous les r&ocirc;les.<\/p>\n<\/li>\n<\/ul>\n","protected":false},"excerpt":{"rendered":"<h3>Sp\u00e9cifications :<\/h3>\n<ul>\n<li><strong>\u00c9cran :<\/strong> Classe 14\u2033, utilisable \u00e0 l&rsquo;ext\u00e9rieur, lisible en plein soleil, options tactiles compatibles avec les gants<\/li>\n<li><strong>Processeur :<\/strong> Plate-forme Intel\u00ae Core\u2122 de derni\u00e8re g\u00e9n\u00e9ration (configurable).<\/li>\n<li><strong>Graphique :<\/strong> Int\u00e9gr\u00e9 ; graphisme discret en option sur certaines configurations<\/li>\n<li><strong>M\u00e9moire :<\/strong> 8 Go (inclus dans le mod\u00e8le de base), extensible \u00e0 64 Go DDR5<\/li>\n<li><strong>Stockage :<\/strong> SSD PCIe NVMe de 256 Go (inclus dans le mod\u00e8le de base), extensible \u00e0 2 To<\/li>\n<li><strong>Connectivit\u00e9 :<\/strong> Wi-Fi 6\/6E, Bluetooth 5.x ; 4G\/5G WWAN et GNSS en option ; station d&rsquo;accueil pour bureau\/v\u00e9hicule<\/li>\n<li><strong>Certifications rugged :<\/strong> Conception Semi-Rugged ; test MIL-STD-810H ; protection contre les intrusions (en fonction du mod\u00e8le)<\/li>\n<li><strong>S\u00e9curit\u00e9 :<\/strong> S\u00e9curit\u00e9 mat\u00e9rielle et options d&rsquo;authentification d&rsquo;entreprise<\/li>\n<li><strong>Batterie :<\/strong> Batteries longue dur\u00e9e avec possibilit\u00e9 de remplacement \u00e0 chaud sur certains mod\u00e8les<\/li>\n<li><strong>Dimensions et poids :<\/strong> Classe de laptop 14\u2033 Semi Rugged (varie selon la configuration)<\/li>\n<li><strong>Garantie :<\/strong> 3 ans de couverture standard du fabricant<\/li>\n<\/ul>\n","protected":false},"author":16,"featured_media":96162,"template":"","meta":{"_acf_changed":false,"inline_featured_image":false},"product-condition":[5245],"product_brand":[8953],"product_cat":[5141,5143,5139],"product_tag":[],"class_list":{"0":"post-45656","1":"product","2":"type-product","3":"status-publish","4":"has-post-thumbnail","6":"product-condition-new-in-box","7":"product_brand-getac","8":"product_cat-getac-rugged","9":"product_cat-all-rugged-laptops","10":"product_cat-new-in-box-rugged-hardware","12":"first","13":"instock","14":"taxable","15":"shipping-taxable","16":"purchasable","17":"product-type-simple"},"acf":[],"_links":{"self":[{"href":"https:\/\/micronordic.com\/fr\/wp-json\/wp\/v2\/product\/45656","targetHints":{"allow":["GET"]}}],"collection":[{"href":"https:\/\/micronordic.com\/fr\/wp-json\/wp\/v2\/product"}],"about":[{"href":"https:\/\/micronordic.com\/fr\/wp-json\/wp\/v2\/types\/product"}],"author":[{"embeddable":true,"href":"https:\/\/micronordic.com\/fr\/wp-json\/wp\/v2\/users\/16"}],"version-history":[{"count":2,"href":"https:\/\/micronordic.com\/fr\/wp-json\/wp\/v2\/product\/45656\/revisions"}],"predecessor-version":[{"id":98371,"href":"https:\/\/micronordic.com\/fr\/wp-json\/wp\/v2\/product\/45656\/revisions\/98371"}],"wp:featuredmedia":[{"embeddable":true,"href":"https:\/\/micronordic.com\/fr\/wp-json\/wp\/v2\/media\/96162"}],"wp:attachment":[{"href":"https:\/\/micronordic.com\/fr\/wp-json\/wp\/v2\/media?parent=45656"}],"wp:term":[{"taxonomy":"product-condition","embeddable":true,"href":"https:\/\/micronordic.com\/fr\/wp-json\/wp\/v2\/product-condition?post=45656"},{"taxonomy":"product_brand","embeddable":true,"href":"https:\/\/micronordic.com\/fr\/wp-json\/wp\/v2\/product_brand?post=45656"},{"taxonomy":"product_cat","embeddable":true,"href":"https:\/\/micronordic.com\/fr\/wp-json\/wp\/v2\/product_cat?post=45656"},{"taxonomy":"product_tag","embeddable":true,"href":"https:\/\/micronordic.com\/fr\/wp-json\/wp\/v2\/product_tag?post=45656"}],"curies":[{"name":"wp","href":"https:\/\/api.w.org\/{rel}","templated":true}]}}