{"id":45654,"date":"2020-10-06T15:08:54","date_gmt":"2020-10-06T13:08:54","guid":{"rendered":"https:\/\/micronordic.com\/product\/dell-latitude-14-rugged-extreme-7424-nouveau\/"},"modified":"2025-11-18T17:57:40","modified_gmt":"2025-11-18T16:57:40","slug":"dell-latitude-14-rugged-extreme-7424-i7","status":"publish","type":"product","link":"https:\/\/micronordic.com\/fr\/product\/dell-latitude-14-rugged-extreme-7424-i7\/","title":{"rendered":"Dell Latitude 7424 Rugged Extreme (D&rsquo;OCCASION)"},"content":{"rendered":"<?xml encoding=\"utf-8\" ?><h2 data-start=\"0\" data-end=\"36\">Dell Latitude 7424 Rugged Extreme (Certifi&eacute; d&rsquo;occasion)<\/h2><p data-start=\"38\" data-end=\"628\">Le <strong data-start=\"42\" data-end=\"79\">Dell Latitude 7424 Rugged Extreme<\/strong> est un laptop <strong data-start=\"98\" data-end=\"109\">Windows<\/strong> enti&egrave;rement robuste con&ccedil;u pour les &eacute;quipes qui travaillent l&agrave; o&ugrave; les ordinateurs portables grand public &eacute;chouent : dans les usines, les v&eacute;hicules, les d&eacute;p&ocirc;ts et les sites ext&eacute;rieurs. Con&ccedil;u pour r&eacute;sister aux vibrations, &agrave; la poussi&egrave;re, &agrave; l&rsquo;humidit&eacute; et aux transports fr&eacute;quents, il associe une construction durable &agrave; des performances r&eacute;actives, &agrave; des E\/S solides et &agrave; une facilit&eacute; d&rsquo;entretien pr&ecirc;te &agrave; l&rsquo;emploi. Pour les entreprises qui souhaitent standardiser un appareil de terrain fiable, le <strong data-start=\"482\" data-end=\"519\">Dell Latitude 7424 Rugged Extreme<\/strong> offre la combinaison de disponibilit&eacute;, d&rsquo;ergonomie et de facilit&eacute; de gestion n&eacute;cessaire pour les longues p&eacute;riodes de travail et les t&acirc;ches critiques.  <\/p><p data-start=\"38\" data-end=\"628\">Qu&rsquo;il s&rsquo;agisse de mettre &agrave; niveau un parc vieillissant ou d&rsquo;augmenter la capacit&eacute; pour des op&eacute;rations saisonni&egrave;res, le <strong data-start=\"722\" data-end=\"759\">Dell Latitude 7424 Rugged Extreme<\/strong> offre la convivialit&eacute; famili&egrave;re d&rsquo;un laptop avec la capacit&eacute; de survie d&rsquo;un outil de terrain sp&eacute;cialement con&ccedil;u, pr&ecirc;t pour des d&eacute;ploiements rapides, une maintenance facile et une formation coh&eacute;rente des utilisateurs dans tous les r&ocirc;les. Nos <strong>unit&eacute;s certifi&eacute;es d&rsquo;occasion sont assorties d&rsquo;une garantie de 12 mois.<\/strong> <\/p><h2 data-start=\"945\" data-end=\"1001\">Principales caract&eacute;ristiques de la Dell Latitude 7424 Rugged Extreme<\/h2><ul data-start=\"1002\" data-end=\"2767\">\n<li data-start=\"1002\" data-end=\"1213\">\n<p data-start=\"1004\" data-end=\"1213\"><strong data-start=\"1004\" data-end=\"1014\">Ch&acirc;ssis<\/strong> robuste &ndash; La conception enti&egrave;rement robuste r&eacute;siste aux chocs quotidiens, aux vibrations, &agrave; la poussi&egrave;re et &agrave; l&rsquo;humidit&eacute; pendant le transport, le montage sur v&eacute;hicule et le travail sur site, prot&eacute;geant ainsi les composants internes lors des cycles d&rsquo;utilisation exigeants.<\/p>\n<\/li>\n<li data-start=\"1214\" data-end=\"1426\">\n<p data-start=\"1216\" data-end=\"1426\"><strong>Options d&rsquo;affichage<\/strong> <strong data-start=\"1216\" data-end=\"1237\">lisibles &agrave; la lumi&egrave;re du soleil<\/strong> &ndash; Les panneaux utilisables &agrave; l&rsquo;ext&eacute;rieur assurent la lisibilit&eacute; des tableaux de bord, des formulaires et des sch&eacute;mas dans des conditions de luminosit&eacute; variables ; les configurations tactiles permettent l&rsquo;utilisation de gants sur certains mod&egrave;les pour une saisie pr&eacute;cise sur le terrain.<\/p>\n<\/li>\n<li data-start=\"1427\" data-end=\"1613\">\n<p data-start=\"1429\" data-end=\"1613\"><strong data-start=\"1429\" data-end=\"1443\">Performances r&eacute;actives<\/strong> &ndash; Les processeurs multic&oelig;urs de classe professionnelle et le stockage NVMe rapide permettent aux diagnostics, &agrave; l&rsquo;assistance &agrave; distance, aux visionneuses de CAO et aux applications de bureautique de fonctionner sans probl&egrave;me pendant les quarts de travail.<\/p>\n<\/li>\n<li data-start=\"1614\" data-end=\"1789\">\n<p data-start=\"1616\" data-end=\"1789\"><strong data-start=\"1616\" data-end=\"1631\">Conception &eacute;volutive<\/strong> &ndash; Les baies accessibles pour la m&eacute;moire et le stockage augmentent la valeur du cycle de vie et permettent aux informaticiens d&rsquo;adapter les configurations ou de remplacer rapidement des pi&egrave;ces pour maintenir les unit&eacute;s en service.<\/p>\n<\/li>\n<li data-start=\"1790\" data-end=\"1977\">\n<p data-start=\"1792\" data-end=\"1977\"><strong>Connectivit&eacute;<\/strong> <strong data-start=\"1792\" data-end=\"1802\">moderne<\/strong> &ndash; Wi-Fi et Bluetooth fiables pour les t&acirc;ches sur site, avec en option le haut d&eacute;bit mobile et le GNSS pour maintenir le flux de donn&eacute;es et la pr&eacute;cision de la localisation loin des r&eacute;seaux fixes.<\/p>\n<\/li>\n<li data-start=\"1978\" data-end=\"2178\">\n<p data-start=\"1980\" data-end=\"2178\"><strong>E\/S et station d&rsquo;accueil &agrave;<\/strong> <strong data-start=\"1980\" data-end=\"1994\">grande vitesse<\/strong> &ndash; La s&eacute;lection de ports et les stations d&rsquo;accueil robustes pour bureau et v&eacute;hicule rationalisent la charge, l&rsquo;utilisation des p&eacute;riph&eacute;riques (imprimantes, scanners, instruments) et les transferts rapides entre le terrain et le bureau.<\/p>\n<\/li>\n<li data-start=\"2179\" data-end=\"2378\">\n<p data-start=\"2181\" data-end=\"2378\"><strong>S&eacute;curit&eacute; et facilit&eacute; de gestion de<\/strong> <strong data-start=\"2181\" data-end=\"2195\">l&rsquo;entreprise<\/strong> &ndash; Les protections mat&eacute;rielles et les multiples options d&rsquo;authentification s&rsquo;alignent sur les politiques de l&rsquo;entreprise ; l&rsquo;imagerie coh&eacute;rente assure l&rsquo;uniformit&eacute; des d&eacute;ploiements au sein des &eacute;quipes.<\/p>\n<\/li>\n<li data-start=\"2379\" data-end=\"2578\">\n<p data-start=\"2381\" data-end=\"2578\"><strong>Disposition<\/strong> <strong data-start=\"2381\" data-end=\"2396\">facilitant l&rsquo;entretien<\/strong> &ndash; Les composants accessibles aux outils et les batteries modulaires contribuent &agrave; r&eacute;duire les temps d&rsquo;arr&ecirc;t ; les pi&egrave;ces rempla&ccedil;ables sur le terrain permettent de pr&eacute;voir le co&ucirc;t total de possession par rapport aux appareils grand public scell&eacute;s.<\/p>\n<\/li>\n<li data-start=\"2579\" data-end=\"2767\">\n<p data-start=\"2581\" data-end=\"2767\"><strong>&Eacute;cosyst&egrave;me d&rsquo;<\/strong> <strong data-start=\"2581\" data-end=\"2594\">accessoires<\/strong> &ndash; Les solutions de transport, les batteries de rechange, les chargeurs et les accessoires de capture de donn&eacute;es permettent d&rsquo;adapter le laptop &agrave; chaque r&ocirc;le &ndash; des techniciens et inspecteurs aux superviseurs et r&eacute;partiteurs.<\/p>\n<\/li>\n<\/ul><h2 data-start=\"2769\" data-end=\"2825\">Principaux avantages de la Dell Latitude 7424 Rugged Extreme<\/h2><h3 data-start=\"2827\" data-end=\"2866\">Con&ccedil;u pour les environnements les plus difficiles<\/h3><p data-start=\"2867\" data-end=\"3064\">La conception Fully Rugged r&eacute;siste aux vibrations, &agrave; la poussi&egrave;re, &agrave; l&rsquo;humidit&eacute; et aux chutes courantes lors du montage sur un v&eacute;hicule et des d&eacute;placements fr&eacute;quents entre les sites, ce qui permet aux &eacute;quipes de rester productives avec moins d&rsquo;interruptions li&eacute;es &agrave; l&rsquo;utilisation de l&rsquo;appareil.<\/p><h3 data-start=\"3066\" data-end=\"3106\">Ergonomie du laptop, flexibilit&eacute; sur le terrain<\/h3><p data-start=\"3107\" data-end=\"3307\">Un espace de travail <strong data-start=\"3116\" data-end=\"3127\">Windows<\/strong> lumineux, un clavier tactile et une saisie pr&eacute;cise r&eacute;duisent les erreurs lors de la r&eacute;vision de plans et de la saisie de donn&eacute;es dans des espaces restreints ou sous un &eacute;clairage variable &ndash; sur l&rsquo;&eacute;tabli, dans la cabine ou sur le chantier.<\/p><h3 data-start=\"3309\" data-end=\"3343\">Une puissance qui dure toute la journ&eacute;e<\/h3><p data-start=\"3344\" data-end=\"3532\">Les options de batterie flexibles &ndash; y compris les packs interchangeables sur certaines configurations &ndash; permettent de maintenir les sessions d&rsquo;application lors des changements d&rsquo;&eacute;quipe et des appels prolong&eacute;s, minimisant ainsi les red&eacute;marrages et les pertes de travail.<\/p><h3 data-start=\"3534\" data-end=\"3573\">Connectivit&eacute; et flux de donn&eacute;es sans faille<\/h3><p data-start=\"3574\" data-end=\"3790\">Des options sans fil puissantes et une connexion v&eacute;hicule\/bureau permettent de synchroniser les tickets, les journaux, les photos et les preuves en arri&egrave;re-plan. Les superviseurs voient les mises &agrave; jour en temps voulu pendant que les &eacute;quipes se d&eacute;placent entre le bureau, les v&eacute;hicules et les sites distants. <\/p><h3 data-start=\"3792\" data-end=\"3812\">Pr&ecirc;t pour les flottes<\/h3><p data-start=\"3813\" data-end=\"4026\">L&rsquo;imagerie coh&eacute;rente, l&rsquo;authentification s&eacute;curis&eacute;e et l&rsquo;acc&egrave;s rapide aux services r&eacute;duisent le co&ucirc;t total de possession. Le service informatique peut normaliser les d&eacute;ploiements, remplacer rapidement les pi&egrave;ces et assurer la rotation des unit&eacute;s critiques avec un minimum d&rsquo;interruption. <\/p><h2 data-start=\"4028\" data-end=\"4046\">Cas d&rsquo;utilisation id&eacute;aux<\/h2><ul data-start=\"4047\" data-end=\"4726\">\n<li data-start=\"4047\" data-end=\"4189\">\n<p data-start=\"4049\" data-end=\"4189\"><strong data-start=\"4049\" data-end=\"4079\">S&eacute;curit&eacute; publique et gouvernement<\/strong> &ndash; R&eacute;daction de rapports, acc&egrave;s au CAD\/AVL, traitement des preuves et communications s&eacute;curis&eacute;es dans les v&eacute;hicules et les gares.<\/p>\n<\/li>\n<li data-start=\"4190\" data-end=\"4333\">\n<p data-start=\"4192\" data-end=\"4333\"><strong data-start=\"4192\" data-end=\"4221\">Field Service &amp; Utilities<\/strong> &ndash; Diagnostic des actifs, configuration et mise &agrave; jour des ordres de travail dans les armoires, les poteaux, les sous-stations et les sites distants.<\/p>\n<\/li>\n<li data-start=\"4334\" data-end=\"4454\">\n<p data-start=\"4336\" data-end=\"4454\"><strong data-start=\"4336\" data-end=\"4366\">Fabrication et industrie<\/strong> &ndash; Acc&egrave;s &agrave; l&rsquo;IHM, suivi des encours, proc&eacute;dures de maintenance et contr&ocirc;les de qualit&eacute; &agrave; proximit&eacute; de la ligne.<\/p>\n<\/li>\n<li data-start=\"4455\" data-end=\"4586\">\n<p data-start=\"4457\" data-end=\"4586\"><strong data-start=\"4457\" data-end=\"4487\">Transport et logistique<\/strong> &ndash; Coordination des chantiers, acheminement, rapprochement des stocks et traitement des &eacute;tiquettes\/documents en cours de route.<\/p>\n<\/li>\n<li data-start=\"4587\" data-end=\"4726\">\n<p data-start=\"4589\" data-end=\"4726\"><strong data-start=\"4589\" data-end=\"4614\">&Eacute;nergie et construction<\/strong> &ndash; Examen des plans, donn&eacute;es d&rsquo;enqu&ecirc;te, listes de contr&ocirc;le et documentation sur les sites o&ugrave; la poussi&egrave;re, les vibrations et les conditions m&eacute;t&eacute;orologiques sont monnaie courante.<\/p>\n<\/li>\n<\/ul><h2 data-start=\"4728\" data-end=\"4792\">Comparaisons de produits pour le Dell Latitude 7424 Rugged Extreme<\/h2><ul data-start=\"4793\" data-end=\"5386\">\n<li data-start=\"4793\" data-end=\"5006\">\n<p data-start=\"4795\" data-end=\"5006\"><a href=\"https:\/\/micronordic.com\/product\/getac-b360-g2-fully-rugged-laptop\/\"><strong data-start=\"4795\" data-end=\"4809\">Getac B360<\/strong><\/a> &ndash; Choisissez le <strong data-start=\"4819\" data-end=\"4827\">B360<\/strong> lorsque vous avez besoin d&rsquo;une robustesse maximale et d&rsquo;une coque traditionnelle ; choisissez le <strong data-start=\"4911\" data-end=\"4948\">Dell Latitude 7424 Rugged Extreme<\/strong> pour l&rsquo;alignement sur l&rsquo;&eacute;cosyst&egrave;me Dell et une grande facilit&eacute; d&rsquo;entretien.<\/p>\n<\/li>\n<li data-start=\"5007\" data-end=\"5211\">\n<p data-start=\"5009\" data-end=\"5211\"><a href=\"https:\/\/micronordic.com\/product\/panasonic-toughbook-fz-55\/\"><strong data-start=\"5009\" data-end=\"5035\">Panasonic Toughbook 55<\/strong><\/a> &ndash; Choisissez le <strong data-start=\"5043\" data-end=\"5059\">Toughbook 55<\/strong> si l&rsquo;extension des baies modulaires est une priorit&eacute; ; choisissez le <strong data-start=\"5105\" data-end=\"5142\">Dell Latitude 7424 Rugged Extreme<\/strong> pour une pile de gestion Dell famili&egrave;re et des mises &agrave; niveau simples.<\/p>\n<\/li>\n<li data-start=\"5212\" data-end=\"5386\">\n<p data-start=\"5214\" data-end=\"5386\"><a href=\"https:\/\/micronordic.com\/product\/getac-s410-g5-semi-rugged-notebook\/\"><strong data-start=\"5214\" data-end=\"5231\">Getac S410 G5<\/strong><\/a> &ndash; Choisissez le <strong data-start=\"5241\" data-end=\"5252\">S410 G5<\/strong> pour une option semi-durcie et plus l&eacute;g&egrave;re ; choisissez le <strong data-start=\"5301\" data-end=\"5338\">Dell Latitude 7424 Rugged Extreme<\/strong> lorsqu&rsquo;une durabilit&eacute; enti&egrave;rement durcie n&rsquo;est pas n&eacute;gociable.<\/p>\n<\/li>\n<\/ul>\n","protected":false},"excerpt":{"rendered":"<h3>Sp\u00e9cifications :<\/h3>\n<ul>\n<li><strong>\u00c9cran :<\/strong> Classe 14\u2033, utilisable \u00e0 l&rsquo;ext\u00e9rieur ; options tactiles (compatible avec les gants dans certaines configurations)<\/li>\n<li><strong>Processeur :<\/strong> Plateforme Intel\u00ae Core\u2122 de classe professionnelle (en fonction du mod\u00e8le).<\/li>\n<li><strong>Graphique :<\/strong> Int\u00e9gr\u00e9e ; options discr\u00e8tes sur certaines configurations<\/li>\n<li><strong>M\u00e9moire :<\/strong> 8 Go DDR4 ; extensible \u00e0 64 Go<\/li>\n<li><strong>Stockage :<\/strong> 256 disques SSD NVMe ; extensible \u00e0 2 To<\/li>\n<li><strong>Connectivit\u00e9 :<\/strong> Wi-Fi, Bluetooth ; WWAN et GNSS en option ; station d&rsquo;accueil pour bureau\/v\u00e9hicule ; nombreuses E\/S (USB, HDMI\/port d&rsquo;affichage, Ethernet)<\/li>\n<li><strong>Certifications robustes :<\/strong> Conception enti\u00e8rement Rugged avec test MIL-STD et protection contre les infiltrations (en fonction du mod\u00e8le).<\/li>\n<li><strong>S\u00e9curit\u00e9 :<\/strong> Protection mat\u00e9rielle avec options d&rsquo;authentification d&rsquo;entreprise<\/li>\n<li><strong>Batterie :<\/strong> Batteries longue dur\u00e9e ; interchangeables sur certaines configurations<\/li>\n<li><strong>Dimensions et poids :<\/strong> Rugged Laptop 14\u2033 (varie selon la configuration)<\/li>\n<li><strong>Garantie :<\/strong> 12 mois de garantie Micro Nordic<\/li>\n<\/ul>\n","protected":false},"author":16,"featured_media":99720,"template":"","meta":{"_acf_changed":false,"inline_featured_image":false},"product-condition":[5269],"product_brand":[8939],"product_cat":[5140,5143],"product_tag":[],"class_list":{"0":"post-45654","1":"product","2":"type-product","3":"status-publish","4":"has-post-thumbnail","6":"product-condition-pre-owned","7":"product_brand-dell","8":"product_cat-dell-rugged","9":"product_cat-all-rugged-laptops","11":"first","12":"instock","13":"taxable","14":"shipping-taxable","15":"purchasable","16":"product-type-simple"},"acf":[],"_links":{"self":[{"href":"https:\/\/micronordic.com\/fr\/wp-json\/wp\/v2\/product\/45654","targetHints":{"allow":["GET"]}}],"collection":[{"href":"https:\/\/micronordic.com\/fr\/wp-json\/wp\/v2\/product"}],"about":[{"href":"https:\/\/micronordic.com\/fr\/wp-json\/wp\/v2\/types\/product"}],"author":[{"embeddable":true,"href":"https:\/\/micronordic.com\/fr\/wp-json\/wp\/v2\/users\/16"}],"version-history":[{"count":3,"href":"https:\/\/micronordic.com\/fr\/wp-json\/wp\/v2\/product\/45654\/revisions"}],"predecessor-version":[{"id":98421,"href":"https:\/\/micronordic.com\/fr\/wp-json\/wp\/v2\/product\/45654\/revisions\/98421"}],"wp:featuredmedia":[{"embeddable":true,"href":"https:\/\/micronordic.com\/fr\/wp-json\/wp\/v2\/media\/99720"}],"wp:attachment":[{"href":"https:\/\/micronordic.com\/fr\/wp-json\/wp\/v2\/media?parent=45654"}],"wp:term":[{"taxonomy":"product-condition","embeddable":true,"href":"https:\/\/micronordic.com\/fr\/wp-json\/wp\/v2\/product-condition?post=45654"},{"taxonomy":"product_brand","embeddable":true,"href":"https:\/\/micronordic.com\/fr\/wp-json\/wp\/v2\/product_brand?post=45654"},{"taxonomy":"product_cat","embeddable":true,"href":"https:\/\/micronordic.com\/fr\/wp-json\/wp\/v2\/product_cat?post=45654"},{"taxonomy":"product_tag","embeddable":true,"href":"https:\/\/micronordic.com\/fr\/wp-json\/wp\/v2\/product_tag?post=45654"}],"curies":[{"name":"wp","href":"https:\/\/api.w.org\/{rel}","templated":true}]}}