{"id":45650,"date":"2020-10-06T15:08:54","date_gmt":"2020-10-06T13:08:54","guid":{"rendered":"https:\/\/micronordic.com\/product\/dell-latitude-14-rugged-extreme-5424-nouveau\/"},"modified":"2025-11-18T17:54:55","modified_gmt":"2025-11-18T16:54:55","slug":"dell-latitude-rugged-14-5424-i5","status":"publish","type":"product","link":"https:\/\/micronordic.com\/fr\/product\/dell-latitude-rugged-14-5424-i5\/","title":{"rendered":"Dell Latitude 5424 Rugged Extreme (D&rsquo;OCCASION)"},"content":{"rendered":"<?xml encoding=\"utf-8\" ?><div class=\"relative my-1 min-h-6\">\n<div class=\"relative flex origin-top-left flex-col gap-2 overflow-x-clip\">\n<div class=\"relative w-full text-start\">\n<h2 class=\"flex w-full flex-col items-start justify-between text-start\">Dell Latitude 5424 Rugged Extreme (Certifi&eacute; d&rsquo;occasion)<\/h2>\n<\/div>\n<\/div>\n<\/div><div class=\"min-h-8 text-message relative flex w-full flex-col items-end gap-2 text-start break-words whitespace-normal [.text-message+&amp;]:mt-5\" dir=\"auto\" data-message-author-role=\"assistant\" data-message-id=\"54dcb5e5-0dd1-4649-9306-7a490208c893\" data-message-model-slug=\"gpt-5-thinking\">\n<div class=\"flex w-full flex-col gap-1 empty:hidden first:pt-[1px]\">\n<div class=\"streaming-animation markdown prose dark:prose-invert w-full break-words light markdown-new-styling\">\n<p data-start=\"60\" data-end=\"656\">Le <strong data-start=\"64\" data-end=\"101\">Dell Latitude 5424 Rugged Extreme<\/strong> (certifi&eacute; d&rsquo;occasion) offre une informatique <strong data-start=\"144\" data-end=\"155\">Windows<\/strong> fiable aux &eacute;quipes qui travaillent en dehors du bureau, dans les usines, les v&eacute;hicules et les sites ext&eacute;rieurs. En tant qu&rsquo;appareil d&rsquo;occasion certifi&eacute;, il a fait l&rsquo;objet d&rsquo;une inspection professionnelle, d&rsquo;un remplacement de composants si n&eacute;cessaire et d&rsquo;un diagnostic complet afin d&rsquo;offrir des performances quotidiennes stables &agrave; un co&ucirc;t d&rsquo;entr&eacute;e inf&eacute;rieur &agrave; celui des appareils neufs. Nos Rugged Laptop et Tablet d&rsquo;occasion sont assortis d&rsquo;une garantie d&rsquo;un an. &Eacute;quilibrant durabilit&eacute;, portabilit&eacute; et facilit&eacute; d&rsquo;entretien, le <strong data-start=\"531\" data-end=\"568\">Dell Latitude 5424 Rugged Extreme<\/strong> offre aux entreprises une plateforme &eacute;prouv&eacute;e qu&rsquo;elles peuvent d&eacute;ployer &agrave; grande &eacute;chelle avec un temps de fonctionnement pr&eacute;visible.   <\/p>\n<p data-start=\"60\" data-end=\"656\">Que vous agrandissiez votre flotte ou que vous remplaciez un &eacute;quipement vieillissant, le <strong data-start=\"720\" data-end=\"757\">Dell Latitude 5424 Rugged Extreme<\/strong> associe une protection robuste &agrave; des performances r&eacute;actives, des options de batterie flexibles et une large prise en charge des accessoires, sans le poids ou l&rsquo;encombrement des syst&egrave;mes enti&egrave;rement rugged. <strong>Les produits EX-DEMO sont garantis 12 mois par Micro Nordic.<\/strong><\/p>\n<h2 data-start=\"918\" data-end=\"974\">Principales caract&eacute;ristiques de la Dell Latitude 5424 Rugged Extreme<\/h2>\n<ul data-start=\"975\" data-end=\"2692\">\n<li data-start=\"975\" data-end=\"1158\">\n<p data-start=\"977\" data-end=\"1158\">Ch&acirc;ssis <strong data-start=\"977\" data-end=\"987\">robuste<\/strong> &ndash; Con&ccedil;u pour r&eacute;sister aux chocs quotidiens, aux vibrations, &agrave; la poussi&egrave;re et &agrave; l&rsquo;humidit&eacute; occasionnelle, il prot&egrave;ge les composants internes pendant le transport, le montage sur v&eacute;hicule et le travail sur site.<\/p>\n<\/li>\n<li data-start=\"1159\" data-end=\"1361\">\n<p data-start=\"1161\" data-end=\"1361\">Options d&rsquo;affichage <strong data-start=\"1161\" data-end=\"1182\">lisibles &agrave; la lumi&egrave;re du soleil<\/strong> &ndash; Les panneaux utilisables &agrave; l&rsquo;ext&eacute;rieur am&eacute;liorent la clart&eacute; sous un &eacute;clairage mixte ; les configurations tactiles permettent l&rsquo;utilisation de gants sur certains mod&egrave;les pour une saisie pr&eacute;cise des formulaires et des sch&eacute;mas.<\/p>\n<\/li>\n<li data-start=\"1362\" data-end=\"1548\">\n<p data-start=\"1364\" data-end=\"1548\">Performances <strong data-start=\"1364\" data-end=\"1378\">r&eacute;actives<\/strong> &ndash; Les processeurs multic&oelig;urs de classe professionnelle et le stockage NVMe rapide permettent aux diagnostics, &agrave; l&rsquo;assistance &agrave; distance, aux visionneuses de CAO et aux applications de bureautique de fonctionner sans probl&egrave;me pendant les quarts de travail.<\/p>\n<\/li>\n<li data-start=\"1549\" data-end=\"1729\">\n<p data-start=\"1551\" data-end=\"1729\">Conception <strong data-start=\"1551\" data-end=\"1566\">&eacute;volutive<\/strong> &ndash; Les baies accessibles pour la m&eacute;moire et le stockage augmentent la valeur du cycle de vie, permettant aux informaticiens d&rsquo;adapter les configurations ou de remplacer rapidement des pi&egrave;ces pour maintenir les unit&eacute;s en service.<\/p>\n<\/li>\n<li data-start=\"1730\" data-end=\"1904\">\n<p data-start=\"1732\" data-end=\"1904\">Connectivit&eacute; <strong data-start=\"1732\" data-end=\"1742\">moderne<\/strong> &ndash; Wi-Fi et Bluetooth fiables pour les t&acirc;ches sur site, avec en option le haut d&eacute;bit mobile et le GNSS pour maintenir le flux de donn&eacute;es et la pr&eacute;cision de la localisation hors r&eacute;seau.<\/p>\n<\/li>\n<li data-start=\"1905\" data-end=\"2108\">\n<p data-start=\"1907\" data-end=\"2108\">E\/S et station d&rsquo;accueil &agrave; <strong data-start=\"1907\" data-end=\"1921\">grande vitesse<\/strong> &ndash; Une riche s&eacute;lection de ports et des stations d&rsquo;accueil robustes pour le bureau et le v&eacute;hicule rationalisent le chargement, l&rsquo;utilisation des p&eacute;riph&eacute;riques (imprimantes, scanners, instruments) et les transferts entre le terrain et le bureau.<\/p>\n<\/li>\n<li data-start=\"2109\" data-end=\"2308\">\n<p data-start=\"2111\" data-end=\"2308\">S&eacute;curit&eacute; et facilit&eacute; de gestion de <strong data-start=\"2111\" data-end=\"2125\">l&rsquo;entreprise<\/strong> &ndash; Les protections mat&eacute;rielles et les multiples options d&rsquo;authentification s&rsquo;alignent sur les politiques de l&rsquo;entreprise ; l&rsquo;imagerie coh&eacute;rente assure l&rsquo;uniformit&eacute; des d&eacute;ploiements au sein des &eacute;quipes.<\/p>\n<\/li>\n<li data-start=\"2309\" data-end=\"2503\">\n<p data-start=\"2311\" data-end=\"2503\">Disposition <strong data-start=\"2311\" data-end=\"2326\">facilitant l&rsquo;entretien<\/strong> &ndash; Les composants accessibles aux outils et les batteries modulaires r&eacute;duisent les temps d&rsquo;arr&ecirc;t ; les pi&egrave;ces rempla&ccedil;ables sur le terrain permettent de contr&ocirc;ler le co&ucirc;t total de possession par rapport aux appareils grand public scell&eacute;s.<\/p>\n<\/li>\n<li data-start=\"2504\" data-end=\"2692\">\n<p data-start=\"2506\" data-end=\"2692\">&Eacute;cosyst&egrave;me d&rsquo;<strong data-start=\"2506\" data-end=\"2519\">accessoires<\/strong> &ndash; Les solutions de transport, les batteries de rechange, les chargeurs et les accessoires de capture de donn&eacute;es permettent d&rsquo;adapter le laptop &agrave; chaque r&ocirc;le &ndash; des techniciens et inspecteurs aux superviseurs et r&eacute;partiteurs.<\/p>\n<\/li>\n<\/ul>\n<h2 data-start=\"2694\" data-end=\"2750\">Principaux avantages de la Dell Latitude 5424 Rugged Extreme<\/h2>\n<h3 data-start=\"2752\" data-end=\"2798\">Con&ccedil;u pour les conditions quotidiennes les plus difficiles<\/h3>\n<p data-start=\"2799\" data-end=\"2995\">Sa conception robuste r&eacute;siste aux chocs, aux vibrations, &agrave; la poussi&egrave;re et &agrave; l&rsquo;humidit&eacute; qui caract&eacute;risent le montage sur v&eacute;hicule et les d&eacute;placements fr&eacute;quents entre les sites, ce qui permet aux &eacute;quipes de rester productives sans interruption li&eacute;e &agrave; l&rsquo;appareil.<\/p>\n<h3 data-start=\"2997\" data-end=\"3037\">Ergonomie du laptop, flexibilit&eacute; sur le terrain<\/h3>\n<p data-start=\"3038\" data-end=\"3238\">Un espace de travail <strong data-start=\"3047\" data-end=\"3058\">Windows<\/strong> lumineux, un clavier tactile et une saisie pr&eacute;cise r&eacute;duisent les erreurs lors de la r&eacute;vision de plans et de la saisie de donn&eacute;es dans des espaces restreints ou sous un &eacute;clairage variable &ndash; sur l&rsquo;&eacute;tabli, dans la cabine ou sur le chantier.<\/p>\n<h3 data-start=\"3240\" data-end=\"3274\">Une puissance qui dure toute la journ&eacute;e<\/h3>\n<p data-start=\"3275\" data-end=\"3467\">Les options de batterie flexibles &ndash; y compris les packs interchangeables sur certaines configurations &ndash; permettent de maintenir les sessions d&rsquo;application pendant les changements d&rsquo;&eacute;quipe et les longs appels de service, minimisant ainsi les red&eacute;marrages et les pertes de travail.<\/p>\n<h3 data-start=\"3469\" data-end=\"3508\">Connectivit&eacute; et flux de donn&eacute;es sans faille<\/h3>\n<p data-start=\"3509\" data-end=\"3725\">Des options sans fil puissantes et la connexion au v&eacute;hicule ou au bureau permettent de synchroniser les tickets, les journaux, les photos et les preuves en arri&egrave;re-plan. Les superviseurs voient les mises &agrave; jour en temps voulu pendant que les &eacute;quipes se d&eacute;placent entre le bureau, les v&eacute;hicules et les sites distants. <\/p>\n<h3 data-start=\"3727\" data-end=\"3747\">Pr&ecirc;t pour les flottes<\/h3>\n<p data-start=\"3748\" data-end=\"3970\">La coh&eacute;rence de l&rsquo;imagerie, l&rsquo;authentification s&eacute;curis&eacute;e et l&rsquo;acc&egrave;s rapide au service r&eacute;duisent le co&ucirc;t total de possession. Le statut d&rsquo;&eacute;quipement d&rsquo;occasion certifi&eacute; vous permet d&rsquo;augmenter rapidement votre capacit&eacute; tout en conservant une plateforme pr&eacute;visible pour les services informatiques et les utilisateurs finaux. <\/p>\n<h2 data-start=\"3972\" data-end=\"3990\">Cas d&rsquo;utilisation id&eacute;aux<\/h2>\n<ul data-start=\"3991\" data-end=\"4670\">\n<li data-start=\"3991\" data-end=\"4133\">\n<p data-start=\"3993\" data-end=\"4133\"><strong data-start=\"3993\" data-end=\"4023\">S&eacute;curit&eacute; publique et gouvernement<\/strong> &ndash; R&eacute;daction de rapports, acc&egrave;s au CAD\/AVL, traitement des preuves et communications s&eacute;curis&eacute;es dans les v&eacute;hicules et les gares.<\/p>\n<\/li>\n<li data-start=\"4134\" data-end=\"4277\">\n<p data-start=\"4136\" data-end=\"4277\"><strong data-start=\"4136\" data-end=\"4165\">Field Service &amp; Utilities<\/strong> &ndash; Diagnostic des actifs, configuration et mise &agrave; jour des ordres de travail dans les armoires, les poteaux, les sous-stations et les sites distants.<\/p>\n<\/li>\n<li data-start=\"4278\" data-end=\"4398\">\n<p data-start=\"4280\" data-end=\"4398\"><strong data-start=\"4280\" data-end=\"4310\">Fabrication et industrie<\/strong> &ndash; Acc&egrave;s &agrave; l&rsquo;IHM, suivi des encours, proc&eacute;dures de maintenance et contr&ocirc;les de qualit&eacute; &agrave; proximit&eacute; de la ligne.<\/p>\n<\/li>\n<li data-start=\"4399\" data-end=\"4530\">\n<p data-start=\"4401\" data-end=\"4530\"><strong data-start=\"4401\" data-end=\"4431\">Transport et logistique<\/strong> &ndash; Coordination des chantiers, acheminement, rapprochement des stocks et traitement des &eacute;tiquettes\/documents en cours de route.<\/p>\n<\/li>\n<li data-start=\"4531\" data-end=\"4670\">\n<p data-start=\"4533\" data-end=\"4670\"><strong data-start=\"4533\" data-end=\"4558\">&Eacute;nergie et construction<\/strong> &ndash; Examen des plans, donn&eacute;es d&rsquo;enqu&ecirc;te, listes de contr&ocirc;le et documentation sur les sites o&ugrave; la poussi&egrave;re, les vibrations et les conditions m&eacute;t&eacute;orologiques sont monnaie courante.<\/p>\n<\/li>\n<\/ul>\n<h2 data-start=\"4672\" data-end=\"4736\">Comparaisons de produits pour le Dell Latitude 5424 Rugged Extreme<\/h2>\n<ul data-start=\"4737\" data-end=\"5328\">\n<li data-start=\"4737\" data-end=\"4938\">\n<p data-start=\"4739\" data-end=\"4938\"><a href=\"https:\/\/micronordic.com\/product\/getac-s410-g5-semi-rugged-notebook\/\"><strong data-start=\"4739\" data-end=\"4756\">Getac S410 G5<\/strong> &ndash;<\/a> Choisissez le <strong data-start=\"4766\" data-end=\"4777\">S410 G5<\/strong> pour une plateforme semi-durcie avec une grande facilit&eacute; d&rsquo;entretien ; choisissez le <strong data-start=\"4840\" data-end=\"4877\">Dell Latitude 5424 Rugged Extreme<\/strong> lorsque vous souhaitez l&rsquo;alignement sur l&rsquo;&eacute;cosyst&egrave;me Dell et une station d&rsquo;accueil &eacute;prouv&eacute;e.<\/p>\n<\/li>\n<li data-start=\"4939\" data-end=\"5136\">\n<p data-start=\"4941\" data-end=\"5136\"><a href=\"https:\/\/micronordic.com\/product\/panasonic-toughbook-fz-55\/\"><strong data-start=\"4941\" data-end=\"4967\">Panasonic Toughbook 55<\/strong><\/a> &ndash; Choisissez le <strong data-start=\"4975\" data-end=\"4991\">Toughbook 55<\/strong> si vous privil&eacute;giez l&rsquo;extension modulaire des baies ; choisissez le <strong data-start=\"5038\" data-end=\"5075\">Dell Latitude 5424 Rugged Extreme<\/strong> pour une gestion Dell famili&egrave;re et des mises &agrave; niveau simples.<\/p>\n<\/li>\n<li data-start=\"5137\" data-end=\"5328\">\n<p data-start=\"5139\" data-end=\"5328\"><a href=\"https:\/\/micronordic.com\/product\/getac-b360-g2-fully-rugged-laptop\/\"><strong data-start=\"5139\" data-end=\"5153\">Getac B360<\/strong><\/a> &ndash; Choisissez le <strong data-start=\"5163\" data-end=\"5171\">B360<\/strong> lorsqu&rsquo;une r&eacute;sistance maximale est requise ; choisissez le <strong data-start=\"5226\" data-end=\"5263\">Dell Latitude 5424 Rugged Extreme<\/strong> pour un transport plus l&eacute;ger et une durabilit&eacute; &eacute;quilibr&eacute;e &agrave; un co&ucirc;t d&rsquo;entr&eacute;e inf&eacute;rieur.<\/p>\n<\/li>\n<\/ul>\n<\/div>\n<\/div>\n<\/div>\n","protected":false},"excerpt":{"rendered":"<h3>Sp\u00e9cifications :<\/h3>\n<ul>\n<li><strong>\u00c9cran :<\/strong> Classe 14\u2033, utilisable \u00e0 l&rsquo;ext\u00e9rieur ; options tactiles (compatible avec les gants dans certaines configurations)<\/li>\n<li><strong>Processeur :<\/strong> Plateformes Intel\u00ae Core\u2122 ou AMD de classe professionnelle (en fonction du mod\u00e8le).<\/li>\n<li><strong>Graphique :<\/strong> Int\u00e9gr\u00e9e ; options discr\u00e8tes sur certaines configurations<\/li>\n<li><strong>M\u00e9moire :<\/strong> 8 Go DDR4 (mod\u00e8le de base), extensible \u00e0 64 Go<\/li>\n<li><strong>Stockage :<\/strong> 256 SSD NVMe (mod\u00e8le de base), extensible \u00e0 2 To<\/li>\n<li><strong>Connectivit\u00e9 :<\/strong> Wi-Fi, Bluetooth ; WWAN et GNSS en option ; station d&rsquo;accueil pour bureau\/v\u00e9hicule ; nombreuses E\/S (USB, HDMI\/port d&rsquo;affichage, Ethernet)<\/li>\n<li><strong>Certifications robustes :<\/strong> Conception robuste avec test MIL-STD et protection contre les infiltrations (en fonction du mod\u00e8le).<\/li>\n<li><strong>S\u00e9curit\u00e9 :<\/strong> Protection mat\u00e9rielle avec options d&rsquo;authentification d&rsquo;entreprise<\/li>\n<li><strong>Batterie :<\/strong> Batteries longue dur\u00e9e ; interchangeables sur certaines configurations<\/li>\n<li><strong>Dimensions et poids :<\/strong> Rugged Laptop 14\u2033 (varie selon la configuration)<\/li>\n<li><strong>Garantie :<\/strong> 12 mois de couverture pour les v\u00e9hicules d&rsquo;occasion certifi\u00e9s<\/li>\n<\/ul>\n","protected":false},"author":16,"featured_media":99735,"template":"","meta":{"_acf_changed":false,"inline_featured_image":false},"product-condition":[5269],"product_brand":[8939],"product_cat":[5140,5143,5138],"product_tag":[],"class_list":{"0":"post-45650","1":"product","2":"type-product","3":"status-publish","4":"has-post-thumbnail","6":"product-condition-pre-owned","7":"product_brand-dell","8":"product_cat-dell-rugged","9":"product_cat-all-rugged-laptops","10":"product_cat-refurbished-rugged-hardware","12":"first","13":"instock","14":"taxable","15":"shipping-taxable","16":"purchasable","17":"product-type-simple"},"acf":[],"_links":{"self":[{"href":"https:\/\/micronordic.com\/fr\/wp-json\/wp\/v2\/product\/45650","targetHints":{"allow":["GET"]}}],"collection":[{"href":"https:\/\/micronordic.com\/fr\/wp-json\/wp\/v2\/product"}],"about":[{"href":"https:\/\/micronordic.com\/fr\/wp-json\/wp\/v2\/types\/product"}],"author":[{"embeddable":true,"href":"https:\/\/micronordic.com\/fr\/wp-json\/wp\/v2\/users\/16"}],"version-history":[{"count":3,"href":"https:\/\/micronordic.com\/fr\/wp-json\/wp\/v2\/product\/45650\/revisions"}],"predecessor-version":[{"id":98409,"href":"https:\/\/micronordic.com\/fr\/wp-json\/wp\/v2\/product\/45650\/revisions\/98409"}],"wp:featuredmedia":[{"embeddable":true,"href":"https:\/\/micronordic.com\/fr\/wp-json\/wp\/v2\/media\/99735"}],"wp:attachment":[{"href":"https:\/\/micronordic.com\/fr\/wp-json\/wp\/v2\/media?parent=45650"}],"wp:term":[{"taxonomy":"product-condition","embeddable":true,"href":"https:\/\/micronordic.com\/fr\/wp-json\/wp\/v2\/product-condition?post=45650"},{"taxonomy":"product_brand","embeddable":true,"href":"https:\/\/micronordic.com\/fr\/wp-json\/wp\/v2\/product_brand?post=45650"},{"taxonomy":"product_cat","embeddable":true,"href":"https:\/\/micronordic.com\/fr\/wp-json\/wp\/v2\/product_cat?post=45650"},{"taxonomy":"product_tag","embeddable":true,"href":"https:\/\/micronordic.com\/fr\/wp-json\/wp\/v2\/product_tag?post=45650"}],"curies":[{"name":"wp","href":"https:\/\/api.w.org\/{rel}","templated":true}]}}