{"id":45644,"date":"2020-10-06T15:08:51","date_gmt":"2020-10-06T13:08:51","guid":{"rendered":"https:\/\/micronordic.com\/product\/honeywell-granit-1910i-cable-ex-stand-nouveau\/"},"modified":"2025-11-18T18:22:08","modified_gmt":"2025-11-18T17:22:08","slug":"honeywell-granit-1910i-cable-ex-stand","status":"publish","type":"product","link":"https:\/\/micronordic.com\/fr\/product\/honeywell-granit-1910i-cable-ex-stand\/","title":{"rendered":"Honeywell Granit &#8211; 1910i &#8211; C\u00e2ble &#8211; Ex. Stand (NOUVEAU)"},"content":{"rendered":"<?xml encoding=\"utf-8\" ?><h2 data-start=\"0\" data-end=\"54\">Honeywell Granit 1910i &ndash; C&acirc;ble &ndash; Ex. Stand <\/h2><p data-start=\"56\" data-end=\"693\">Le <strong data-start=\"60\" data-end=\"95\">Honeywell Granit 1910i<\/strong> (c&acirc;ble &ndash; sans support) est un lecteur de codes-barres filaire de qualit&eacute; industrielle con&ccedil;u pour une capture rapide et fiable dans les environnements exigeants : entrep&ocirc;ts, ateliers de fabrication, cours et aires de service. Faisant partie de la famille Granit d&rsquo;Honeywell, il associe un bo&icirc;tier robuste &agrave; un moteur d&rsquo;imagerie de surface qui lit les codes-barres de mauvaise qualit&eacute;, &agrave; faible contraste et emball&eacute;s sous film r&eacute;tractable que l&rsquo;on trouve couramment dans le monde r&eacute;el de la logistique. Cette configuration est &eacute;quip&eacute;e <strong data-start=\"502\" data-end=\"512\">d<\/strong> &lsquo;un c&acirc;ble d&rsquo;alimentation et de donn&eacute;es et <strong data-start=\"557\" data-end=\"577\">ne comporte pas de support<\/strong>, ce qui en fait un choix simple, pr&ecirc;t &agrave; l&rsquo;emploi, pour les postes de travail fixes, les bancs d&rsquo;emballage et les postes en bord de ligne.  <\/p><p data-start=\"695\" data-end=\"913\">Pour les &eacute;quipes qui uniformisent les horaires et les postes, le <strong data-start=\"751\" data-end=\"786\">Honeywell Granit 1910i<\/strong> offre une construction durable, un d&eacute;codage coh&eacute;rent et une configuration simple du parc, r&eacute;duisant ainsi les rescans, les goulots d&rsquo;&eacute;tranglement et les temps d&rsquo;arr&ecirc;t des appareils.<\/p><p data-start=\"695\" data-end=\"913\"><strong>Les produits neufs b&eacute;n&eacute;ficient d&rsquo;une garantie fabricant de 2 ans.<\/strong><\/p><h2 data-start=\"915\" data-end=\"989\">Caract&eacute;ristiques principales du produit Honeywell Intermec Granit 1910i &ndash; Cable &ndash; Ex. Stand <\/h2><ul data-start=\"990\" data-end=\"2268\">\n<li data-start=\"990\" data-end=\"1141\">\n<p data-start=\"992\" data-end=\"1141\"><strong>Fonctionnement<\/strong> <strong data-start=\"992\" data-end=\"1002\">filaire<\/strong> &ndash; La connexion directe par c&acirc;ble fournit une alimentation continue et des donn&eacute;es stables, ce qui est id&eacute;al pour les stations fixes o&ugrave; le temps de fonctionnement et la simplicit&eacute; sont importants.<\/p>\n<\/li>\n<li data-start=\"1142\" data-end=\"1296\">\n<p data-start=\"1144\" data-end=\"1296\"><strong>Construction<\/strong> <strong data-start=\"1144\" data-end=\"1154\">robuste<\/strong> &ndash; Le bo&icirc;tier industriel r&eacute;siste &agrave; la poussi&egrave;re, &agrave; l&rsquo;humidit&eacute;, aux vibrations et aux chocs quotidiens pour que les scanners continuent &agrave; fonctionner pendant les cycles de travail les plus difficiles.<\/p>\n<\/li>\n<li data-start=\"1297\" data-end=\"1442\">\n<p data-start=\"1299\" data-end=\"1442\"><strong>Imagerie<\/strong> <strong data-start=\"1299\" data-end=\"1319\">haute performance<\/strong> &ndash; L&rsquo;imageur de surface d&eacute;code rapidement les codes &agrave; barres 1D\/2D, m&ecirc;me lorsque les &eacute;tiquettes sont us&eacute;es, peu contrast&eacute;es, courb&eacute;es ou sous film.<\/p>\n<\/li>\n<li data-start=\"1443\" data-end=\"1586\">\n<p data-start=\"1445\" data-end=\"1586\"><strong>Ergonomie<\/strong> <strong data-start=\"1445\" data-end=\"1466\">conviviale pour l&rsquo;op&eacute;rateur<\/strong> &ndash; La poign&eacute;e &eacute;quilibr&eacute;e, la g&acirc;chette pr&eacute;cise et la vis&eacute;e\/r&eacute;troaction claire r&eacute;duisent la fatigue et acc&eacute;l&egrave;rent la num&eacute;risation r&eacute;p&eacute;titive.<\/p>\n<\/li>\n<li data-start=\"1587\" data-end=\"1720\">\n<p data-start=\"1589\" data-end=\"1720\"><strong>Efficacit&eacute; des<\/strong> <strong data-start=\"1589\" data-end=\"1601\">flux de travail<\/strong> &ndash; La disponibilit&eacute; instantan&eacute;e et l&rsquo;absence de piles &agrave; g&eacute;rer en font un outil id&eacute;al pour les bancs, les convoyeurs et les couloirs de r&eacute;ception.<\/p>\n<\/li>\n<li data-start=\"1721\" data-end=\"1868\">\n<p data-start=\"1723\" data-end=\"1868\"><strong>Connectivit&eacute;<\/strong> <strong data-start=\"1723\" data-end=\"1735\">flexible<\/strong> &ndash; Fonctionne avec les syst&egrave;mes POS, WMS et ERP les plus courants ; les profils simples permettent au service informatique de d&eacute;ployer des param&egrave;tres coh&eacute;rents sur l&rsquo;ensemble des sites.<\/p>\n<\/li>\n<li data-start=\"1869\" data-end=\"2003\">\n<p data-start=\"1871\" data-end=\"2003\"><strong>Conception<\/strong> <strong data-start=\"1871\" data-end=\"1886\">facile &agrave; entretenir<\/strong> &ndash; Des pi&egrave;ces d&rsquo;usure accessibles et des c&acirc;bles robustes contribuent &agrave; prolonger le cycle de vie et &agrave; maintenir un co&ucirc;t total de possession pr&eacute;visible.<\/p>\n<\/li>\n<li data-start=\"2004\" data-end=\"2139\">\n<p data-start=\"2006\" data-end=\"2139\"><strong>Confirmation<\/strong> <strong data-start=\"2006\" data-end=\"2024\">sonore\/visuelle<\/strong> &ndash; Un signal sonore et des LED d&rsquo;&eacute;tat confirment les bonnes lectures dans les environnements bruyants ou lumineux, r&eacute;duisant ainsi le nombre de rescans.<\/p>\n<\/li>\n<li data-start=\"2140\" data-end=\"2268\">\n<p data-start=\"2142\" data-end=\"2268\"><strong>Options de<\/strong> <strong data-start=\"2142\" data-end=\"2154\">montage<\/strong> &ndash; Compatible avec les accessoires pour la num&eacute;risation de type pr&eacute;sentation (le support n&rsquo;est pas inclus dans cette configuration).<\/p>\n<\/li>\n<\/ul><h2 data-start=\"2270\" data-end=\"2324\">Principaux avantages de Honeywell Intermec Granit 1910i<\/h2><h3 data-start=\"2326\" data-end=\"2369\">Con&ccedil;u pour les environnements industriels difficiles<\/h3><p data-start=\"2370\" data-end=\"2533\">Le bo&icirc;tier renforc&eacute; r&eacute;siste &agrave; la poussi&egrave;re, &agrave; l&rsquo;humidit&eacute;, aux vibrations et aux chocs pour que les &eacute;quipes restent productives dans les entrep&ocirc;ts, les usines et les chantiers sans retard li&eacute; &agrave; l&rsquo;appareil.<\/p><h3 data-start=\"2535\" data-end=\"2565\">Des scans coh&eacute;rents et pr&eacute;cis<\/h3><p data-start=\"2566\" data-end=\"2701\">Un imageur de zone avanc&eacute; capture rapidement les codes endommag&eacute;s et &agrave; faible contraste, am&eacute;liorant ainsi le rendement des t&acirc;ches de r&eacute;ception, de pr&eacute;l&egrave;vement et d&rsquo;emballage.<\/p><h3 data-start=\"2703\" data-end=\"2734\">Installation simple, pr&ecirc;te &agrave; l&rsquo;emploi<\/h3><p data-start=\"2735\" data-end=\"2887\">L&rsquo;alimentation et les donn&eacute;es par cordon &eacute;liminent la gestion de la batterie et les &eacute;tapes d&rsquo;appairage. Les configurations standardis&eacute;es rendent les d&eacute;ploiements pr&eacute;visibles d&rsquo;un banc &agrave; l&rsquo;autre et d&rsquo;une ligne &agrave; l&rsquo;autre. <\/p><h3 data-start=\"2889\" data-end=\"2917\">R&eacute;duction des frais g&eacute;n&eacute;raux de propri&eacute;t&eacute;<\/h3><p data-start=\"2918\" data-end=\"3056\">Un c&acirc;blage robuste, des pi&egrave;ces d&rsquo;usure rempla&ccedil;ables et un &eacute;cosyst&egrave;me d&rsquo;accessoires stable permettent de prolonger la valeur du cycle de vie et de r&eacute;duire les interruptions de maintenance.<\/p><h3 data-start=\"3058\" data-end=\"3078\">Confort de l&rsquo;op&eacute;rateur<\/h3><p data-start=\"3079\" data-end=\"3203\">L&rsquo;ergonomie, la vis&eacute;e et le retour d&rsquo;information clair r&eacute;duisent la fatigue et le temps de formation, ce qui est utile pour les &eacute;quipes &agrave; fort volume et les mont&eacute;es en charge saisonni&egrave;res.<\/p><h2 data-start=\"3205\" data-end=\"3223\">Cas d&rsquo;utilisation id&eacute;aux<\/h2><ul data-start=\"3224\" data-end=\"3785\">\n<li data-start=\"3224\" data-end=\"3341\">\n<p data-start=\"3226\" data-end=\"3341\"><strong data-start=\"3226\" data-end=\"3254\">Entrep&ocirc;t et distribution<\/strong> &ndash; Entr&eacute;e\/sortie, mise en stock, comptage des cycles et v&eacute;rification des pr&eacute;l&egrave;vements &agrave; des postes fixes.<\/p>\n<\/li>\n<li data-start=\"3342\" data-end=\"3460\">\n<p data-start=\"3344\" data-end=\"3460\"><strong data-start=\"3344\" data-end=\"3374\">Fabrication et industrie<\/strong> &ndash; Balayages de l&rsquo;encours de production en ligne, v&eacute;rification des pi&egrave;ces et contr&ocirc;les de qualit&eacute; sur les bancs et les cellules.<\/p>\n<\/li>\n<li data-start=\"3461\" data-end=\"3577\">\n<p data-start=\"3463\" data-end=\"3577\"><strong data-start=\"3463\" data-end=\"3488\">Transport et logistique<\/strong> &ndash; Couloirs de transbordement, tri des colis et traitement des retours par balayage continu.<\/p>\n<\/li>\n<li data-start=\"3578\" data-end=\"3684\">\n<p data-start=\"3580\" data-end=\"3684\"><strong data-start=\"3580\" data-end=\"3604\">Back-of-House<\/strong> &ndash; R&eacute;ception, v&eacute;rification des stocks et r&eacute;approvisionnement dans les magasins et les zones de stockage.<\/p>\n<\/li>\n<li data-start=\"3685\" data-end=\"3785\">\n<p data-start=\"3687\" data-end=\"3785\"><strong data-start=\"3687\" data-end=\"3711\">D&eacute;p&ocirc;ts de services sur le terrain<\/strong> &ndash; R&eacute;ception des appareils, suivi des r&eacute;parations et &eacute;tiquetage des biens aux guichets de service.<\/p>\n<\/li>\n<\/ul><h2 data-start=\"3787\" data-end=\"3849\">Comparaisons de produits pour Honeywell Intermec Granit 1910i<\/h2><ul data-start=\"3850\" data-end=\"4349\">\n<li data-start=\"3850\" data-end=\"4007\">\n<p data-start=\"3852\" data-end=\"4007\"><a href=\"https:\/\/micronordic.com\/product\/honeywell-granit-1980i-cable-ex-stand\/\"><strong data-start=\"3852\" data-end=\"3887\">Honeywell Intermec Granit 1980i<\/strong> <\/a>&ndash; Choisissez le <strong data-start=\"3897\" data-end=\"3906\">1980i<\/strong> pour un balayage filaire &agrave; longue port&eacute;e ; choisissez le <strong data-start=\"3946\" data-end=\"3962\">Granit 1910i<\/strong> pour une port&eacute;e &eacute;quilibr&eacute;e et une ergonomie compacte.<\/p>\n<\/li>\n<li data-start=\"4008\" data-end=\"4186\">\n<p data-start=\"4010\" data-end=\"4186\"><a href=\"https:\/\/micronordic.com\/product\/honeywell-granit-1911i-ig-cordless-w-base\/\"><strong data-start=\"4010\" data-end=\"4048\">Honeywell Granit 1911i IG<\/strong><\/a> &ndash; Choisissez le <strong data-start=\"4056\" data-end=\"4068\">1911i IG<\/strong> pour la mobilit&eacute; sans fil avec une base ; choisissez le <strong data-start=\"4109\" data-end=\"4125\">Granit 1910i<\/strong> pour la simplicit&eacute; du cordon et la puissance continue.<\/p>\n<\/li>\n<\/ul>\n","protected":false},"excerpt":{"rendered":"<h3>Sp\u00e9cifications :<\/h3>\n<ul>\n<li><strong>Connectivit\u00e9 :<\/strong> Cordon (c\u00e2ble de donn\u00e9es\/alimentation) ; compatible avec les syst\u00e8mes POS\/WMS\/ERP courants<\/li>\n<li><strong>Certifications robustes :<\/strong> Bo\u00eetier industriel con\u00e7u pour r\u00e9sister \u00e0 la poussi\u00e8re, \u00e0 l&rsquo;humidit\u00e9, aux vibrations et aux chocs<\/li>\n<li><strong>S\u00e9curit\u00e9 :<\/strong> S\u00e9curit\u00e9 standard bas\u00e9e sur l&rsquo;h\u00f4te\/appairage non requis (c\u00e2bl\u00e9)<\/li>\n<li><strong>Batterie :<\/strong> Non applicable (alimentation filaire)<\/li>\n<li><strong>Dimensions et poids :<\/strong> format industriel portable (varie selon la configuration)<\/li>\n<li><strong>Garantie :<\/strong> Les nouveaux produits b\u00e9n\u00e9ficient d&rsquo;une garantie fabricant de 2 ans<\/li>\n<\/ul>\n","protected":false},"author":16,"featured_media":96552,"template":"","meta":{"_acf_changed":false,"inline_featured_image":false},"product-condition":[5245],"product_brand":[8974],"product_cat":[5135,5142,5139],"product_tag":[4875],"class_list":{"0":"post-45644","1":"product","2":"type-product","3":"status-publish","4":"has-post-thumbnail","6":"product-condition-new-in-box","7":"product_brand-honeywell-intermec","8":"product_cat-honeywell-intermec","9":"product_cat-all-barcode-scanners","10":"product_cat-new-in-box-rugged-hardware","11":"product_tag-wrd-fr","13":"first","14":"instock","15":"taxable","16":"shipping-taxable","17":"purchasable","18":"product-type-simple"},"acf":[],"_links":{"self":[{"href":"https:\/\/micronordic.com\/fr\/wp-json\/wp\/v2\/product\/45644","targetHints":{"allow":["GET"]}}],"collection":[{"href":"https:\/\/micronordic.com\/fr\/wp-json\/wp\/v2\/product"}],"about":[{"href":"https:\/\/micronordic.com\/fr\/wp-json\/wp\/v2\/types\/product"}],"author":[{"embeddable":true,"href":"https:\/\/micronordic.com\/fr\/wp-json\/wp\/v2\/users\/16"}],"version-history":[{"count":3,"href":"https:\/\/micronordic.com\/fr\/wp-json\/wp\/v2\/product\/45644\/revisions"}],"predecessor-version":[{"id":98466,"href":"https:\/\/micronordic.com\/fr\/wp-json\/wp\/v2\/product\/45644\/revisions\/98466"}],"wp:featuredmedia":[{"embeddable":true,"href":"https:\/\/micronordic.com\/fr\/wp-json\/wp\/v2\/media\/96552"}],"wp:attachment":[{"href":"https:\/\/micronordic.com\/fr\/wp-json\/wp\/v2\/media?parent=45644"}],"wp:term":[{"taxonomy":"product-condition","embeddable":true,"href":"https:\/\/micronordic.com\/fr\/wp-json\/wp\/v2\/product-condition?post=45644"},{"taxonomy":"product_brand","embeddable":true,"href":"https:\/\/micronordic.com\/fr\/wp-json\/wp\/v2\/product_brand?post=45644"},{"taxonomy":"product_cat","embeddable":true,"href":"https:\/\/micronordic.com\/fr\/wp-json\/wp\/v2\/product_cat?post=45644"},{"taxonomy":"product_tag","embeddable":true,"href":"https:\/\/micronordic.com\/fr\/wp-json\/wp\/v2\/product_tag?post=45644"}],"curies":[{"name":"wp","href":"https:\/\/api.w.org\/{rel}","templated":true}]}}