{"id":45642,"date":"2020-10-06T15:08:51","date_gmt":"2020-10-06T13:08:51","guid":{"rendered":"https:\/\/micronordic.com\/product\/honeywell-granit-1911i-ig-sans-fil-avec-base-nouveau\/"},"modified":"2025-11-18T18:00:29","modified_gmt":"2025-11-18T17:00:29","slug":"honeywell-granit-1911i-ig-cordless-w-base","status":"publish","type":"product","link":"https:\/\/micronordic.com\/fr\/product\/honeywell-granit-1911i-ig-cordless-w-base\/","title":{"rendered":"Honeywell Granit &#8211; 1911i IG &#8211; Sans fil &#8211; Avec base (NOUVEAU)"},"content":{"rendered":"<?xml encoding=\"utf-8\" ?><div class=\"relative my-1 min-h-6\">\n<div class=\"relative flex origin-top-left flex-col gap-2 overflow-x-clip\">\n<div class=\"relative w-full text-start\">\n<h2 class=\"flex w-full flex-col items-start justify-between text-start\">Honeywell Intermec Granit 1911i IG &ndash; Sans fil &ndash; Avec base<\/h2>\n<\/div>\n<\/div>\n<\/div><div class=\"min-h-8 text-message relative flex w-full flex-col items-end gap-2 text-start break-words whitespace-normal [.text-message+&amp;]:mt-5\" dir=\"auto\" data-message-author-role=\"assistant\" data-message-id=\"1d00f139-3bfc-4ce7-9417-c64271cde5cc\" data-message-model-slug=\"gpt-5-thinking\">\n<div class=\"flex w-full flex-col gap-1 empty:hidden first:pt-[1px]\">\n<div class=\"streaming-animation markdown prose dark:prose-invert w-full break-words light markdown-new-styling\">\n<p data-start=\"62\" data-end=\"671\">Le <strong data-start=\"66\" data-end=\"104\">Honeywell Granit 1911i IG<\/strong> est un lecteur de codes-barres industriel ultra-durable et sans fil, con&ccedil;u pour une capture rapide et fiable dans les entrep&ocirc;ts, les cours, les usines et les op&eacute;rations sur le terrain. Con&ccedil;u sur la plateforme Granit d&rsquo;Honeywell, il associe un bo&icirc;tier robuste &agrave; un moteur d&rsquo;imagerie qui g&egrave;re les codes-barres us&eacute;s, &agrave; faible contraste et emball&eacute;s sous film plastique que l&rsquo;on trouve couramment dans le monde r&eacute;el de la logistique. Cette configuration &laquo;&nbsp;<strong data-start=\"450\" data-end=\"463\">avec base<\/strong>&nbsp;&raquo; comprend une base de chargement et de communication pour un chargement int&eacute;gr&eacute; et une communication sans fil stable, de sorte que les &eacute;quipes peuvent d&eacute;ployer un seul kit pr&ecirc;t &agrave; l&rsquo;emploi sur les bancs, les stations d&rsquo;emballage et les supports de v&eacute;hicule.  <\/p>\n<p data-start=\"673\" data-end=\"933\">Pour les responsables de la standardisation des environnements exigeants, le <strong data-start=\"735\" data-end=\"773\">Honeywell Granit 1911i IG<\/strong> associe la mobilit&eacute; sans fil &agrave; une robustesse &eacute;prouv&eacute;e et &agrave; une gestion de parc simple. Il permet de poursuivre les t&acirc;ches tout en minimisant les temps d&rsquo;arr&ecirc;t et les frais d&rsquo;entretien. <strong>Les nouveaux produits b&eacute;n&eacute;ficient d&rsquo;une garantie fabricant de 2 ans.<\/strong><\/p>\n<h2 data-start=\"935\" data-end=\"1015\">Caract&eacute;ristiques principales du Honeywell Intermec Granit 1911i IG &ndash; sans fil &ndash; avec base<\/h2>\n<ul data-start=\"1016\" data-end=\"2627\">\n<li data-start=\"1016\" data-end=\"1204\">\n<p data-start=\"1018\" data-end=\"1204\"><strong>Flux de travail<\/strong> <strong data-start=\"1018\" data-end=\"1030\">sans fil<\/strong> &ndash; Le fonctionnement sans fil Bluetooth avec une base appari&eacute;e permet aux utilisateurs de se d&eacute;placer librement autour des palettes, des rayonnages et des convoyeurs tout en maintenant une liaison stable pour les donn&eacute;es et la charge.<\/p>\n<\/li>\n<li data-start=\"1205\" data-end=\"1401\">\n<p data-start=\"1207\" data-end=\"1401\"><strong>Construction<\/strong> <strong data-start=\"1207\" data-end=\"1217\">robuste<\/strong> &ndash; Le bo&icirc;tier industriel r&eacute;siste &agrave; la poussi&egrave;re, &agrave; l&rsquo;humidit&eacute;, aux vibrations et aux chocs r&eacute;p&eacute;t&eacute;s, ce qui permet &agrave; l&rsquo;appareil de survivre aux chutes, aux culbutes et aux manipulations quotidiennes sur les quais et les lignes.<\/p>\n<\/li>\n<li data-start=\"1402\" data-end=\"1587\">\n<p data-start=\"1404\" data-end=\"1587\"><strong>Imagerie<\/strong> <strong data-start=\"1404\" data-end=\"1424\">haute performance<\/strong> &ndash; L&rsquo;imageur de surface d&eacute;code rapidement les symbologies 1D et 2D, m&ecirc;me lorsque les &eacute;tiquettes sont ray&eacute;es, d&eacute;color&eacute;es, peu contrast&eacute;es ou recouvertes d&rsquo;un film, ce qui r&eacute;duit les rescans et les retards.<\/p>\n<\/li>\n<li data-start=\"1588\" data-end=\"1765\">\n<p data-start=\"1590\" data-end=\"1765\"><strong>Ergonomie<\/strong> <strong data-start=\"1590\" data-end=\"1609\">adapt&eacute;e au travailleur<\/strong> &ndash; La poign&eacute;e &eacute;quilibr&eacute;e, la g&acirc;chette pr&eacute;cise et la vis&eacute;e\/r&eacute;troaction lumineuse contribuent &agrave; r&eacute;duire la fatigue et &agrave; acc&eacute;l&eacute;rer le ciblage pendant les p&eacute;riodes de travail &agrave; haut volume et les pics de charge de travail.<\/p>\n<\/li>\n<li data-start=\"1766\" data-end=\"1931\">\n<p data-start=\"1768\" data-end=\"1931\"><strong>Alimentation<\/strong> <strong data-start=\"1768\" data-end=\"1782\">longue dur&eacute;e<\/strong> &ndash; La batterie haute capacit&eacute; prend en charge les num&eacute;risations prolong&eacute;es ; d&eacute;posez l&rsquo;appareil dans le socle fourni entre les t&acirc;ches pour le recharger sans modifier les flux de travail.<\/p>\n<\/li>\n<li data-start=\"1932\" data-end=\"2123\">\n<p data-start=\"1934\" data-end=\"2123\"><strong>Simplicit&eacute; de<\/strong> <strong data-start=\"1934\" data-end=\"1948\">la base<\/strong> &ndash; La base de charge et de communication permet un appairage facile, un montage sur bureau ou au mur, et des passages de c&acirc;bles propres ; une seule base peut permettre une rotation efficace des appareils sur les stations partag&eacute;es.<\/p>\n<\/li>\n<li data-start=\"2124\" data-end=\"2300\">\n<p data-start=\"2126\" data-end=\"2300\"><strong>Int&eacute;gration<\/strong> <strong data-start=\"2126\" data-end=\"2138\">flexible<\/strong> &ndash; Fonctionne avec les configurations POS, WMS et ERP les plus courantes ; les profils et les pr&eacute;f&eacute;rences peuvent &ecirc;tre standardis&eacute;s pour que les nouveaux scanners rejoignent le parc avec une configuration minimale.<\/p>\n<\/li>\n<li data-start=\"2301\" data-end=\"2471\">\n<p data-start=\"2303\" data-end=\"2471\"><strong>Conception<\/strong> <strong data-start=\"2303\" data-end=\"2318\">&eacute;volutive<\/strong> &ndash; Les composants d&rsquo;usure rempla&ccedil;ables sur le terrain et la batterie accessible contribuent &agrave; prolonger le cycle de vie et &agrave; maintenir un co&ucirc;t total de possession pr&eacute;visible pour tous les d&eacute;ploiements.<\/p>\n<\/li>\n<li data-start=\"2472\" data-end=\"2627\">\n<p data-start=\"2474\" data-end=\"2627\"><strong>R&eacute;troaction<\/strong> <strong data-start=\"2474\" data-end=\"2492\">audible\/visuelle<\/strong> &ndash; Un signal sonore clair et des LED d&rsquo;&eacute;tat confirment les bonnes lectures dans des environnements bruyants ou lumineux, r&eacute;duisant ainsi les rescans et assurant la fluidit&eacute; des files d&rsquo;attente.<\/p>\n<\/li>\n<\/ul>\n<h2 data-start=\"2629\" data-end=\"2686\">Principaux avantages de Honeywell Intermec Granit 1911i IG<\/h2>\n<h3 data-start=\"2688\" data-end=\"2731\">Con&ccedil;u pour les environnements industriels difficiles<\/h3>\n<p data-start=\"2732\" data-end=\"2898\">Un bo&icirc;tier robuste sp&eacute;cialement con&ccedil;u pour r&eacute;sister &agrave; la poussi&egrave;re, &agrave; l&rsquo;humidit&eacute;, aux vibrations et aux chocs que l&rsquo;on trouve dans les entrep&ocirc;ts et les cours, permet aux &eacute;quipes d&rsquo;&eacute;viter les temps d&rsquo;arr&ecirc;t dus aux d&eacute;faillances des appareils.<\/p>\n<h3 data-start=\"2900\" data-end=\"2932\">La mobilit&eacute; sans compromis<\/h3>\n<p data-start=\"2933\" data-end=\"3101\">Le fonctionnement sans fil avec une base d&eacute;di&eacute;e offre une plus grande libert&eacute; de mouvement autour des palettes et des v&eacute;hicules tout en maintenant une connexion coh&eacute;rente pour une capture de donn&eacute;es rapide et pr&eacute;cise.<\/p>\n<h3 data-start=\"3103\" data-end=\"3128\">Des analyses plus rapides et plus propres<\/h3>\n<p data-start=\"3129\" data-end=\"3298\">Un moteur d&rsquo;imagerie de surface lit les codes-barres difficiles &agrave; lire sur le carton ondul&eacute;, le film r&eacute;tractable et les surfaces incurv&eacute;es, ce qui am&eacute;liore le rendement, r&eacute;duit les files d&rsquo;attente et diminue la frustration de l&rsquo;op&eacute;rateur.<\/p>\n<h3 data-start=\"3300\" data-end=\"3330\">R&eacute;duction des frictions op&eacute;rationnelles<\/h3>\n<p data-start=\"3331\" data-end=\"3494\">Le chargement direct, l&rsquo;appariement simple et les profils de configuration standardis&eacute;s facilitent le d&eacute;ploiement, la rotation et la maintenance des appareils au sein des &eacute;quipes et des stations.<\/p>\n<h3 data-start=\"3496\" data-end=\"3524\">Une propri&eacute;t&eacute; respectueuse de la flotte<\/h3>\n<p data-start=\"3525\" data-end=\"3677\">Les pi&egrave;ces d&rsquo;usure rempla&ccedil;ables et les accessoires robustes augmentent la valeur du cycle de vie, tandis que l&rsquo;ergonomie coh&eacute;rente et les signaux de retour d&rsquo;information r&eacute;duisent le temps de formation pour le nouveau personnel.<\/p>\n<h2 data-start=\"3679\" data-end=\"3697\">Cas d&rsquo;utilisation id&eacute;aux<\/h2>\n<ul data-start=\"3698\" data-end=\"4280\">\n<li data-start=\"3698\" data-end=\"3820\">\n<p data-start=\"3700\" data-end=\"3820\"><strong data-start=\"3700\" data-end=\"3728\">Entrep&ocirc;t et distribution<\/strong> &ndash; Entr&eacute;e\/sortie, mise en stock, comptage des cycles et v&eacute;rification des pr&eacute;l&egrave;vements dans les rayonnages et sur les quais.<\/p>\n<\/li>\n<li data-start=\"3821\" data-end=\"3940\">\n<p data-start=\"3823\" data-end=\"3940\"><strong data-start=\"3823\" data-end=\"3853\">Fabrication et industrie<\/strong> &ndash; Balayages de l&rsquo;encours de production en ligne, v&eacute;rification des pi&egrave;ces et contr&ocirc;les de qualit&eacute; dans des zones bruyantes et poussi&eacute;reuses.<\/p>\n<\/li>\n<li data-start=\"3941\" data-end=\"4051\">\n<p data-start=\"3943\" data-end=\"4051\"><strong data-start=\"3943\" data-end=\"3968\">Transport et logistique<\/strong> &ndash; Op&eacute;rations de transbordement et de triage, triage des colis et chargement\/d&eacute;chargement des itin&eacute;raires.<\/p>\n<\/li>\n<li data-start=\"4052\" data-end=\"4170\">\n<p data-start=\"4054\" data-end=\"4170\"><strong data-start=\"4054\" data-end=\"4078\">Back-of-House de la vente au d&eacute;tail<\/strong> &ndash; R&eacute;ception, inventaire d&rsquo;arri&egrave;re-boutique et r&eacute;approvisionnement o&ugrave; la durabilit&eacute; et la mobilit&eacute; sont importantes.<\/p>\n<\/li>\n<li data-start=\"4171\" data-end=\"4280\">\n<p data-start=\"4173\" data-end=\"4280\"><strong data-start=\"4173\" data-end=\"4202\">Field Service &amp; Utilities<\/strong> &ndash; Num&eacute;risation des biens et des compteurs dans des espaces de travail mobiles et dans des conditions m&eacute;t&eacute;orologiques difficiles.<\/p>\n<\/li>\n<\/ul>\n<h2 data-start=\"4282\" data-end=\"4347\">Comparaisons de produits pour Honeywell Intermec Granit 1911i IG<\/h2>\n<ul data-start=\"4348\" data-end=\"4947\">\n<li data-start=\"4348\" data-end=\"4563\">\n<p data-start=\"4350\" data-end=\"4563\"><a href=\"https:\/\/micronordic.com\/product\/honeywell-granit-1981i-bt-w-cradle\/\"><strong>Honeywell Intermec Granit 1981i<\/strong><\/a> &ndash; Choisissez le <strong data-start=\"4395\" data-end=\"4411\">Granit 1981i<\/strong> lorsque vous avez besoin d&rsquo;un scanner sans fil &agrave; longue port&eacute;e (par exemple, des &eacute;tiquettes de rack &agrave; distance) ; choisissez le <strong data-start=\"4499\" data-end=\"4518\">Granit 1911i IG<\/strong> pour une port&eacute;e &eacute;quilibr&eacute;e et une ergonomie de tous les instants.<\/p>\n<\/li>\n<li data-start=\"4564\" data-end=\"4743\">\n<p data-start=\"4566\" data-end=\"4743\"><a href=\"https:\/\/micronordic.com\/product\/honeywell-granit-1980i-cable-ex-stand\/\"><strong data-start=\"4566\" data-end=\"4601\">Honeywell Intermec Granit 1980i<\/strong> <\/a>&ndash; Choisissez le <strong data-start=\"4609\" data-end=\"4625\">Granit 1980i<\/strong> pour une installation filaire de longue port&eacute;e &agrave; des postes fixes ; choisissez le <strong data-start=\"4680\" data-end=\"4699\">Granit 1911i IG<\/strong> pour une libert&eacute; sans fil avec une base compacte.<\/p>\n<\/li>\n<li data-start=\"4744\" data-end=\"4947\">\n<p data-start=\"4746\" data-end=\"4947\"><a href=\"https:\/\/micronordic.com\/product\/honeywell-xenon-xp-1952g-cable-w-stand\/\"><strong data-start=\"4746\" data-end=\"4774\">Honeywell Xenon XP 1952g<\/strong><\/a> &ndash; Choisissez <strong data-start=\"4784\" data-end=\"4802\">Xenon XP 1952g<\/strong> pour les flux de travail sans fil dans le commerce de d&eacute;tail et l&rsquo;industrie l&eacute;g&egrave;re ; choisissez <strong data-start=\"4858\" data-end=\"4877\">Granit 1911i IG<\/strong> lorsque vous avez besoin d&rsquo;une construction plus robuste et d&rsquo;une capacit&eacute; de survie dans l&rsquo;industrie.<\/p>\n<\/li>\n<\/ul>\n<\/div>\n<\/div>\n<\/div>\n","protected":false},"excerpt":{"rendered":"<h3>Sp\u00e9cifications<\/h3>\n<ul>\n<li><strong>Connectivit\u00e9 :<\/strong> Sans fil Bluetooth ; comprend une base de charge et de communication pour l&rsquo;appairage, les donn\u00e9es et la charge<\/li>\n<li><strong>Certifications robustes :<\/strong> Bo\u00eetier industriel rugged ; r\u00e9sistance aux chocs, \u00e0 la poussi\u00e8re et \u00e0 l&rsquo;humidit\u00e9.<\/li>\n<li><strong>S\u00e9curit\u00e9 :<\/strong> Modes d&rsquo;appairage et d&rsquo;authentification Bluetooth standard<\/li>\n<li><strong>Batterie :<\/strong> Bloc rechargeable con\u00e7u pour les p\u00e9riodes de travail prolong\u00e9es ; chargement direct via la base incluse.<\/li>\n<li><strong>Dimensions et poids :<\/strong> format industriel portable (varie selon la configuration)<\/li>\n<li><strong>Garantie : <\/strong>Les nouveaux produits b\u00e9n\u00e9ficient d&rsquo;une garantie fabricant de 2 ans<\/li>\n<\/ul>\n","protected":false},"author":16,"featured_media":96597,"template":"","meta":{"_acf_changed":false,"inline_featured_image":false},"product-condition":[5245],"product_brand":[8974],"product_cat":[5135,5142,5139],"product_tag":[4875],"class_list":{"0":"post-45642","1":"product","2":"type-product","3":"status-publish","4":"has-post-thumbnail","6":"product-condition-new-in-box","7":"product_brand-honeywell-intermec","8":"product_cat-honeywell-intermec","9":"product_cat-all-barcode-scanners","10":"product_cat-new-in-box-rugged-hardware","11":"product_tag-wrd-fr","13":"first","14":"instock","15":"taxable","16":"shipping-taxable","17":"purchasable","18":"product-type-simple"},"acf":[],"_links":{"self":[{"href":"https:\/\/micronordic.com\/fr\/wp-json\/wp\/v2\/product\/45642","targetHints":{"allow":["GET"]}}],"collection":[{"href":"https:\/\/micronordic.com\/fr\/wp-json\/wp\/v2\/product"}],"about":[{"href":"https:\/\/micronordic.com\/fr\/wp-json\/wp\/v2\/types\/product"}],"author":[{"embeddable":true,"href":"https:\/\/micronordic.com\/fr\/wp-json\/wp\/v2\/users\/16"}],"version-history":[{"count":2,"href":"https:\/\/micronordic.com\/fr\/wp-json\/wp\/v2\/product\/45642\/revisions"}],"predecessor-version":[{"id":98437,"href":"https:\/\/micronordic.com\/fr\/wp-json\/wp\/v2\/product\/45642\/revisions\/98437"}],"wp:featuredmedia":[{"embeddable":true,"href":"https:\/\/micronordic.com\/fr\/wp-json\/wp\/v2\/media\/96597"}],"wp:attachment":[{"href":"https:\/\/micronordic.com\/fr\/wp-json\/wp\/v2\/media?parent=45642"}],"wp:term":[{"taxonomy":"product-condition","embeddable":true,"href":"https:\/\/micronordic.com\/fr\/wp-json\/wp\/v2\/product-condition?post=45642"},{"taxonomy":"product_brand","embeddable":true,"href":"https:\/\/micronordic.com\/fr\/wp-json\/wp\/v2\/product_brand?post=45642"},{"taxonomy":"product_cat","embeddable":true,"href":"https:\/\/micronordic.com\/fr\/wp-json\/wp\/v2\/product_cat?post=45642"},{"taxonomy":"product_tag","embeddable":true,"href":"https:\/\/micronordic.com\/fr\/wp-json\/wp\/v2\/product_tag?post=45642"}],"curies":[{"name":"wp","href":"https:\/\/api.w.org\/{rel}","templated":true}]}}