{"id":45626,"date":"2018-04-26T13:46:55","date_gmt":"2018-04-26T11:46:55","guid":{"rendered":"https:\/\/micronordic.com\/product\/honeywell-intermec-ck3x-ordinateur-de-poche-mobile-remis-a-neuf\/"},"modified":"2025-11-20T13:06:05","modified_gmt":"2025-11-20T12:06:05","slug":"honeywell-intermec-ck3x-mobile-handheld-computer-refurbished","status":"publish","type":"product","link":"https:\/\/micronordic.com\/fr\/product\/honeywell-intermec-ck3x-mobile-handheld-computer-refurbished\/","title":{"rendered":"Honeywell Intermec CK3X Handheld Mobile Computer (EX-DEMO)"},"content":{"rendered":"<?xml encoding=\"utf-8\" ?><div class=\"relative my-1 min-h-6\">\n<div class=\"relative flex origin-top-left flex-col gap-2 overflow-x-clip\">\n<div class=\"relative w-full text-start\">\n<h2 class=\"flex w-full flex-col items-start justify-between text-start\">Honeywell Intermec CK3X &ndash; Handheld Mobile Computer robuste (EX-DEMO)<\/h2>\n<\/div>\n<\/div>\n<\/div><div class=\"min-h-8 text-message relative flex w-full flex-col items-end gap-2 text-start break-words whitespace-normal [.text-message+&amp;]:mt-1\" dir=\"auto\" data-message-author-role=\"assistant\" data-message-id=\"3ef302c4-0024-4d0f-a08d-d5445ba03cee\" data-message-model-slug=\"gpt-5-thinking\">\n<div class=\"flex w-full flex-col gap-1 empty:hidden first:pt-[1px]\">\n<div class=\"streaming-animation markdown prose dark:prose-invert w-full break-words light markdown-new-styling\">\n<p data-start=\"72\" data-end=\"501\">Le <strong data-start=\"76\" data-end=\"103\">CK3X d&rsquo;Honeywell Intermec<\/strong> est un terminal de poche &agrave; cl&eacute; &eacute;prouv&eacute;, con&ccedil;u pour la capture fiable de codes-barres et les flux de travail sans fil dans les entrep&ocirc;ts, les centres de distribution, les arri&egrave;re-boutiques et l&rsquo;industrie l&eacute;g&egrave;re. Avec son format &eacute;quilibr&eacute; &agrave; poign&eacute;e pistolet, son &eacute;cran tactile transflectif de 3,5 pouces et ses options de lecture &agrave; longue port&eacute;e, il permet aux flux de travail WMS\/TMS et telnet classiques d&rsquo;&ecirc;tre rapides et pr&eacute;visibles, sans la fragilit&eacute; des appareils grand public. <\/p>\n<p data-start=\"503\" data-end=\"976\">Ce produit est fourni <strong data-start=\"528\" data-end=\"539\">EX-DEMO<\/strong> uniquement.<br>\nLes unit&eacute;s EX-DEMO ont &eacute;t&eacute; utilis&eacute;es bri&egrave;vement pour des d&eacute;monstrations ; la plupart sont livr&eacute;es dans des bo&icirc;tes g&eacute;n&eacute;riques propres (certaines dans l&rsquo;emballage d&rsquo;origine) et comprennent g&eacute;n&eacute;ralement des accessoires et des c&acirc;bles standard. Les plastiques avant\/arri&egrave;re et les num&eacute;riseurs sont rafra&icirc;chis avec des pi&egrave;ces neuves.   <strong>Les appareils EX-DEMO b&eacute;n&eacute;ficient d&rsquo;une garantie de 12 mois de Micro Nordic.<\/strong><\/p>\n<h2 data-start=\"978\" data-end=\"1024\">Principales caract&eacute;ristiques de l&rsquo;appareil Honeywell Intermec CK3X<\/h2>\n<ul data-start=\"1025\" data-end=\"2324\">\n<li data-start=\"1025\" data-end=\"1157\">\n<p data-start=\"1027\" data-end=\"1157\"><strong data-start=\"1027\" data-end=\"1045\">Bo&icirc;tier rugged<\/strong> &ndash; &eacute;tanch&eacute;it&eacute; IP54 avec des chutes r&eacute;p&eacute;t&eacute;es de 1,5 m\/5 ft et des tests de culbutage ; fiable sur les quais, les all&eacute;es et les cross-docks.<\/p>\n<\/li>\n<li data-start=\"1158\" data-end=\"1285\">\n<p data-start=\"1160\" data-end=\"1285\"><strong data-start=\"1160\" data-end=\"1189\">&Eacute;cran lisible en plein soleil<\/strong> &ndash; &eacute;cran tactile transflectif QVGA de 3,5 pouces pour une vision claire sous l&rsquo;&eacute;clairage de l&rsquo;entrep&ocirc;t et pr&egrave;s des portes de quai.<\/p>\n<\/li>\n<li data-start=\"1286\" data-end=\"1410\">\n<p data-start=\"1288\" data-end=\"1410\"><strong data-start=\"1288\" data-end=\"1315\">Architecture r&eacute;active<\/strong> &ndash; Le processeur TI OMAP de 1 GHz permet aux applications telnet, navigateur et LOB d&rsquo;&ecirc;tre rapides avec une faible latence.<\/p>\n<\/li>\n<li data-start=\"1411\" data-end=\"1548\">\n<p data-start=\"1413\" data-end=\"1548\"><strong data-start=\"1413\" data-end=\"1436\">Scanner d&rsquo;entreprise<\/strong> &ndash; Imageur 2D standard ou imageur 2D proche\/lointain EX25 pour une port&eacute;e d&rsquo;&eacute;tag&egrave;re &agrave; &eacute;tag&egrave;re et une capture rapide des &eacute;tiquettes us&eacute;es.<\/p>\n<\/li>\n<li data-start=\"1549\" data-end=\"1688\">\n<p data-start=\"1551\" data-end=\"1688\"><strong data-start=\"1551\" data-end=\"1576\">Connectivit&eacute; fiable<\/strong> &ndash; Double bande 802.11 a\/b\/g\/n avec s&eacute;curit&eacute; d&rsquo;entreprise et Bluetooth pour les casques, les imprimantes et les scanners.<\/p>\n<\/li>\n<li data-start=\"1689\" data-end=\"1815\">\n<p data-start=\"1691\" data-end=\"1815\"><strong data-start=\"1691\" data-end=\"1708\">Options d&rsquo;alimentation<\/strong> &ndash; Batteries standard et &eacute;tendues (~2000-5000+ mAh) pour une autonomie totale ; les supercaps permettent des &eacute;changes &agrave; chaud.<\/p>\n<\/li>\n<li data-start=\"1816\" data-end=\"1953\">\n<p data-start=\"1818\" data-end=\"1953\"><strong data-start=\"1818\" data-end=\"1846\">E\/S et connexion &agrave; haut d&eacute;bit<\/strong> &ndash; Le client USB et l&rsquo;&eacute;cosyst&egrave;me FlexDock (baie unique\/multiple, Ethernet, v&eacute;hicule) simplifient la charge\/synchronisation &agrave; grande &eacute;chelle.<\/p>\n<\/li>\n<li data-start=\"1954\" data-end=\"2079\">\n<p data-start=\"1956\" data-end=\"2079\"><strong data-start=\"1956\" data-end=\"1984\">S&eacute;curit&eacute; et g&eacute;rabilit&eacute;<\/strong> &ndash; WPA2-Enterprise, prise en charge du cryptage des appareils et large compatibilit&eacute; MDM\/&eacute;mulation terminale.<\/p>\n<\/li>\n<li data-start=\"2080\" data-end=\"2197\">\n<p data-start=\"2082\" data-end=\"2197\"><strong data-start=\"2082\" data-end=\"2104\">Conception facile &agrave; entretenir<\/strong> &ndash; Claviers, batteries et pi&egrave;ces d&rsquo;usure rempla&ccedil;ables ; les accessoires partag&eacute;s de la famille CK3 r&eacute;duisent le co&ucirc;t total de possession (TCO).<\/p>\n<\/li>\n<li data-start=\"2198\" data-end=\"2324\">\n<p data-start=\"2200\" data-end=\"2324\"><strong data-start=\"2200\" data-end=\"2223\">&Eacute;cosyst&egrave;me d&rsquo;accessoires<\/strong> &ndash; Poign&eacute;es de pistolet, &eacute;tuis, chargeurs &agrave; fentes multiples, snap-ons RFID et solutions vocales s&rsquo;adaptent &agrave; diverses &eacute;quipes.<\/p>\n<\/li>\n<\/ul>\n<h2 data-start=\"2326\" data-end=\"2372\">Principaux avantages du CK3X de Honeywell Intermec<\/h2>\n<h3 data-start=\"2374\" data-end=\"2413\">Con&ccedil;u pour les environnements les plus difficiles<\/h3>\n<p data-start=\"2414\" data-end=\"2619\">Un ch&acirc;ssis scell&eacute;, tol&eacute;rant aux chutes, et une construction test&eacute;e au culbuto assurent un fonctionnement fiable face &agrave; la poussi&egrave;re, &agrave; l&rsquo;humidit&eacute;, aux vibrations et aux variations de temp&eacute;rature. Le personnel continue de num&eacute;riser sans interruption li&eacute;e &agrave; l&rsquo;appareil. <\/p>\n<h3 data-start=\"2621\" data-end=\"2653\">Grand &eacute;cran, meilleurs flux de travail<\/h3>\n<p data-start=\"2654\" data-end=\"2853\">L&rsquo;&eacute;cran transflectif de 3,5 pouces est facile &agrave; lire sous des lumi&egrave;res vives et pr&egrave;s des portes de quai. Les touches physiques et le toucher simplifient les &eacute;crans telnet\/WMS, les listes de pr&eacute;l&egrave;vement et les invites de t&acirc;ches, en particulier avec des gants. <\/p>\n<h3 data-start=\"2855\" data-end=\"2889\">Une puissance qui dure toute la journ&eacute;e<\/h3>\n<p data-start=\"2890\" data-end=\"3095\">Les packs standard et haute capacit&eacute; permettent de travailler sur de longues p&eacute;riodes, tandis qu&rsquo;un supercondensateur int&eacute;gr&eacute; permet des &eacute;changes rapides afin que les utilisateurs ne perdent pas l&rsquo;&eacute;tat de l&rsquo;application. Les chargeurs partag&eacute;s et l&rsquo;analyse des batteries simplifient la planification de l&rsquo;alimentation de la flotte. <\/p>\n<h3 data-start=\"3097\" data-end=\"3136\">Connectivit&eacute; et flux de donn&eacute;es sans faille<\/h3>\n<p data-start=\"3137\" data-end=\"3352\">Le Wi-Fi d&rsquo;entreprise avec itin&eacute;rance permet de maintenir des sessions dans les cours et les all&eacute;es. Les accessoires Bluetooth s&rsquo;associent rapidement, qu&rsquo;il s&rsquo;agisse de casques pour la pr&eacute;paration de commandes vocales, d&rsquo;imprimantes ou de scanners de bagues, afin de maintenir les donn&eacute;es en mouvement et d&rsquo;avoir les mains libres. <\/p>\n<h3 data-start=\"3354\" data-end=\"3374\">Pr&ecirc;t pour les flottes<\/h3>\n<p data-start=\"3375\" data-end=\"3626\">Gr&acirc;ce &agrave; une plateforme Windows Embedded Handheld 6.5 stable, aux berceaux FlexDock et aux pi&egrave;ces de rechange &agrave; longue dur&eacute;e de vie, le <strong data-start=\"3473\" data-end=\"3500\">Honeywell Intermec CK3X<\/strong> est id&eacute;al pour l&rsquo;extension des applications existantes. Le service informatique peut mettre en place, verrouiller et prendre en charge de vastes d&eacute;ploiements avec des clients TE et des MDM &eacute;tablis. <\/p>\n<h2 data-start=\"3628\" data-end=\"3646\">Cas d&rsquo;utilisation id&eacute;aux<\/h2>\n<ul data-start=\"3647\" data-end=\"4293\">\n<li data-start=\"3647\" data-end=\"3776\">\n<p data-start=\"3649\" data-end=\"3776\"><strong data-start=\"3649\" data-end=\"3679\">Entreposage et distribution<\/strong> &ndash; Pr&eacute;l&egrave;vement de caisses\/palettes, comptage de cycles et mise en stock o&ugrave; la capture &agrave; longue distance r&eacute;duit les retours &agrave; l&rsquo;usine.<\/p>\n<\/li>\n<li data-start=\"3777\" data-end=\"3906\">\n<p data-start=\"3779\" data-end=\"3906\"><strong data-start=\"3779\" data-end=\"3807\">Arri&egrave;re-boutique et magasins<\/strong> &ndash; V&eacute;rification des prix, inventaire de l&rsquo;arri&egrave;re-boutique et r&eacute;ception gr&acirc;ce au Wi-Fi fiable et &agrave; la num&eacute;risation rapide 1D\/2D.<\/p>\n<\/li>\n<li data-start=\"3907\" data-end=\"4043\">\n<p data-start=\"3909\" data-end=\"4043\"><strong data-start=\"3909\" data-end=\"3935\">Transport et transbordement<\/strong> &ndash; Validation entrante\/sortante et construction de chargements o&ugrave; la robustesse et l&rsquo;ergonomie de la poign&eacute;e pistolet r&eacute;duisent la fatigue.<\/p>\n<\/li>\n<li data-start=\"4044\" data-end=\"4164\">\n<p data-start=\"4046\" data-end=\"4164\"><strong data-start=\"4046\" data-end=\"4069\">Fabrication l&eacute;g&egrave;re<\/strong> &ndash; Suivi des mat&eacute;riaux et des encours en ligne avec des applications telnet\/terminal stables et une itin&eacute;rance fiable.<\/p>\n<\/li>\n<li data-start=\"4165\" data-end=\"4293\">\n<p data-start=\"4167\" data-end=\"4293\"><strong data-start=\"4167\" data-end=\"4192\">Service sur site<\/strong> &ndash; Contr&ocirc;les des actifs et journaux de service &agrave; l&rsquo;int&eacute;rieur des installations gr&acirc;ce au r&eacute;seau local sans fil de l&rsquo;entreprise et aux flux de travail centr&eacute;s sur le clavier.<\/p>\n<\/li>\n<\/ul>\n<h2 data-start=\"148\" data-end=\"202\">Comparaison des produits pour Honeywell Intermec CK3X<\/h2>\n<ul data-start=\"203\" data-end=\"672\">\n<li data-start=\"203\" data-end=\"356\">\n<p data-start=\"205\" data-end=\"356\"><a href=\"https:\/\/micronordic.com\/product\/honeywell-intermec-ck71-mobile-handheld-computer-refurbished\/\"><strong data-start=\"205\" data-end=\"232\">Honeywell Intermec CK71<\/strong> <\/a>&ndash; Optez pour un fonctionnement ultra-robuste avec une plus grande tol&eacute;rance aux chutes et une meilleure r&eacute;sistance au froid et &agrave; l&rsquo;humidit&eacute; dans les environnements difficiles.<\/p>\n<\/li>\n<li data-start=\"357\" data-end=\"522\">\n<p data-start=\"359\" data-end=\"522\"><a href=\"https:\/\/micronordic.com\/product\/honeywell-intermec-ck3r-mobile-handheld-computer-refurbished\/\"><strong data-start=\"359\" data-end=\"386\">Honeywell Intermec CK3R<\/strong><\/a> &ndash; Une option plus l&eacute;g&egrave;re et plus &eacute;conomique pour les t&acirc;ches de base en entrep&ocirc;t et la num&eacute;risation quotidienne o&ugrave; la simplicit&eacute; et le faible poids comptent le plus.<\/p>\n<\/li>\n<li data-start=\"523\" data-end=\"672\">\n<p data-start=\"525\" data-end=\"672\"><a href=\"https:\/\/micronordic.com\/product\/intermec-cn51-mobile-handheld-computer-refurbished\/\"><strong data-start=\"525\" data-end=\"552\">Honeywell Intermec CN51<\/strong> <\/a>&ndash; Un appareil plus compact et plus mobile pour le travail sur le terrain ; un bon &eacute;quilibre entre la portabilit&eacute;, l&rsquo;autonomie de la batterie et la flexibilit&eacute; des accessoires.<\/p>\n<\/li>\n<\/ul>\n<\/div>\n<\/div>\n<\/div>\n","protected":false},"excerpt":{"rendered":"<p>S\u00c9LECTIONNEZ UNE VARIANTE CI-DESSOUS ! Appelez-nous si vous avez besoin d&rsquo;aide pour trouver la bonne variante de produit. <\/p>\n<h3>Sp\u00e9cifications :<\/h3>\n<ul>\n<li><strong>\u00c9cran :<\/strong> \u00c9cran tactile transflectif QVGA (240\u00d7320) de 3,5 pouces<\/li>\n<li><strong>Processeur :<\/strong> TI OMAP-class 1 GHz<\/li>\n<li><strong>Graphiques :<\/strong> Graphique mobile int\u00e9gr\u00e9<\/li>\n<li><strong>M\u00e9moire :<\/strong> 256-512 Mo de RAM (selon le mod\u00e8le)<\/li>\n<li><strong>Stockage :<\/strong> 1-2 Go de m\u00e9moire flash, extension microSD<\/li>\n<li><strong>Connectivit\u00e9 :<\/strong> Wi-Fi 802.11 a\/b\/g\/n, Bluetooth ; client USB ; RFID en option par encliquetage<\/li>\n<li><strong>Certifications robustes :<\/strong> IP54 ; chutes multiples de 1,5 m\/5 ft ; 1000\u00d7 chutes (1,0 m)<\/li>\n<li><strong>S\u00e9curit\u00e9 :<\/strong> WPA2-Enterprise, prise en charge du cryptage des appareils, compatible MDM\/TE<\/li>\n<li><strong>Batterie :<\/strong> standard \u22482000 mAh ; \u00e9tendue \u22485000-6000+ mAh ; supercap pour \u00e9change \u00e0 chaud<\/li>\n<li><strong>Dimensions et poids :<\/strong> ~216 \u00d7 83 \u00d7 36 mm ; ~499 g (avec batterie \u00e9tendue)<\/li>\n<li><strong>Garantie :<\/strong> EX-DEMO 12 mois par d\u00e9faut de Micro Nordic<\/li>\n<\/ul>\n<p><strong>Veuillez choisir le bon mod\u00e8le ci-dessous, avant de l&rsquo;ajouter au panier.<\/strong><\/p>\n","protected":false},"author":16,"featured_media":100578,"template":"","meta":{"_acf_changed":false,"inline_featured_image":false},"product-condition":[5270],"product_brand":[8974],"product_cat":[5135,5142,5138],"product_tag":[4875,5451],"class_list":{"0":"post-45626","1":"product","2":"type-product","3":"status-publish","4":"has-post-thumbnail","6":"product-condition-ex-demo","7":"product_brand-honeywell-intermec","8":"product_cat-honeywell-intermec","9":"product_cat-all-barcode-scanners","10":"product_cat-refurbished-rugged-hardware","11":"product_tag-wrd-fr","12":"product_tag-5451","13":"pa_model-part-number-ck3xaa4k000w4100","14":"pa_model-part-number-ck3xaa4k000w4400","15":"pa_model-part-number-ck3xaa4m000w4100","16":"pa_model-part-number-ck3xaa4m000w4110","17":"pa_model-part-number-ck3xaa4m000w4400","18":"pa_model-part-number-ck3xab4k000w4400","19":"pa_model-part-number-ck3xab4k000w4410","20":"pa_model-part-number-ck3xab4m000w4400","22":"first","23":"instock","24":"taxable","25":"shipping-taxable","26":"purchasable","27":"product-type-variable"},"acf":[],"_links":{"self":[{"href":"https:\/\/micronordic.com\/fr\/wp-json\/wp\/v2\/product\/45626","targetHints":{"allow":["GET"]}}],"collection":[{"href":"https:\/\/micronordic.com\/fr\/wp-json\/wp\/v2\/product"}],"about":[{"href":"https:\/\/micronordic.com\/fr\/wp-json\/wp\/v2\/types\/product"}],"author":[{"embeddable":true,"href":"https:\/\/micronordic.com\/fr\/wp-json\/wp\/v2\/users\/16"}],"version-history":[{"count":2,"href":"https:\/\/micronordic.com\/fr\/wp-json\/wp\/v2\/product\/45626\/revisions"}],"predecessor-version":[{"id":98594,"href":"https:\/\/micronordic.com\/fr\/wp-json\/wp\/v2\/product\/45626\/revisions\/98594"}],"wp:featuredmedia":[{"embeddable":true,"href":"https:\/\/micronordic.com\/fr\/wp-json\/wp\/v2\/media\/100578"}],"wp:attachment":[{"href":"https:\/\/micronordic.com\/fr\/wp-json\/wp\/v2\/media?parent=45626"}],"wp:term":[{"taxonomy":"product-condition","embeddable":true,"href":"https:\/\/micronordic.com\/fr\/wp-json\/wp\/v2\/product-condition?post=45626"},{"taxonomy":"product_brand","embeddable":true,"href":"https:\/\/micronordic.com\/fr\/wp-json\/wp\/v2\/product_brand?post=45626"},{"taxonomy":"product_cat","embeddable":true,"href":"https:\/\/micronordic.com\/fr\/wp-json\/wp\/v2\/product_cat?post=45626"},{"taxonomy":"product_tag","embeddable":true,"href":"https:\/\/micronordic.com\/fr\/wp-json\/wp\/v2\/product_tag?post=45626"}],"curies":[{"name":"wp","href":"https:\/\/api.w.org\/{rel}","templated":true}]}}