{"id":45622,"date":"2018-04-26T13:46:54","date_gmt":"2018-04-26T11:46:54","guid":{"rendered":"https:\/\/micronordic.com\/product\/honeywell-intermec-ck3a-ordinateur-de-poche-mobile-remis-a-neuf\/"},"modified":"2025-11-20T13:31:14","modified_gmt":"2025-11-20T12:31:14","slug":"honeywell-intermec-ck3a-mobile-handheld-computer","status":"publish","type":"product","link":"https:\/\/micronordic.com\/fr\/product\/honeywell-intermec-ck3a-mobile-handheld-computer\/","title":{"rendered":"Honeywell Intermec CK3A Handheld Mobile Computer (EX-DEMO)"},"content":{"rendered":"<?xml encoding=\"utf-8\" ?><h2 data-start=\"0\" data-end=\"70\">Honeywell Intermec CK3A &ndash; Handheld Mobile Computer robuste (EX-DEMO)<\/h2><p data-start=\"72\" data-end=\"509\">Le <strong data-start=\"76\" data-end=\"103\">CK3A d&rsquo;Honeywell Intermec<\/strong> est un terminal portable &agrave; clavier &eacute;prouv&eacute;, con&ccedil;u pour une capture fiable des codes-barres et des flux de travail telnet\/WMS fluides dans les entrep&ocirc;ts, les centres de distribution, les arri&egrave;re-boutiques et l&rsquo;industrie l&eacute;g&egrave;re. Il est dot&eacute; d&rsquo;un &eacute;cran tactile transflectif de 3,5 pouces et d&rsquo;options d&rsquo;imagerie proche\/lointain, ce qui permet aux &eacute;quipes de scanner rapidement d&rsquo;un rayon &agrave; l&rsquo;autre sans d&eacute;pendre d&rsquo;appareils grand public fragiles. <\/p><p data-start=\"511\" data-end=\"982\">Ce produit est fourni <strong data-start=\"536\" data-end=\"547\">EX-DEMO<\/strong> uniquement. Les unit&eacute;s EX-DEMO ont &eacute;t&eacute; utilis&eacute;es bri&egrave;vement pour des d&eacute;monstrations ; la plupart sont livr&eacute;es dans des bo&icirc;tes g&eacute;n&eacute;riques propres (certaines dans l&rsquo;emballage d&rsquo;origine) et comprennent g&eacute;n&eacute;ralement des accessoires et des c&acirc;bles standard. Les plastiques avant\/arri&egrave;re et les num&eacute;riseurs ont &eacute;t&eacute; remplac&eacute;s par des pi&egrave;ces neuves.  <\/p><p data-start=\"511\" data-end=\"982\"><strong>Les appareils EX-DEMO b&eacute;n&eacute;ficient d&rsquo;une garantie par d&eacute;faut de 12 mois de Micro Nordic, ce qui constitue un<\/strong>moyen efficace d&rsquo;&eacute;tendre ou de maintenir les flottes existantes tout en r&eacute;duisant les d&eacute;penses et les d&eacute;chets &eacute;lectroniques.<\/p><h2 data-start=\"984\" data-end=\"1030\">Principales caract&eacute;ristiques de l&rsquo;appareil Honeywell Intermec CK3A<\/h2><ul data-start=\"1031\" data-end=\"2298\">\n<li data-start=\"1031\" data-end=\"1146\">\n<p data-start=\"1033\" data-end=\"1146\"><strong data-start=\"1033\" data-end=\"1051\">Bo&icirc;tier robuste<\/strong> &ndash; Con&ccedil;u pour r&eacute;sister &agrave; la poussi&egrave;re, aux &eacute;claboussures et aux chutes r&eacute;p&eacute;t&eacute;es de 1,5 m sur les quais et les sols des entrep&ocirc;ts.<\/p>\n<\/li>\n<li data-start=\"1147\" data-end=\"1275\">\n<p data-start=\"1149\" data-end=\"1275\"><strong data-start=\"1149\" data-end=\"1178\">&Eacute;cran<\/strong> tactile transflectif QVGA de 3,5 pouces lisible en plein soleil et &agrave; proximit&eacute; des portes de quai.<\/p>\n<\/li>\n<li data-start=\"1276\" data-end=\"1405\">\n<p data-start=\"1278\" data-end=\"1405\"><strong data-start=\"1278\" data-end=\"1305\">Architecture r&eacute;active<\/strong> &ndash; Le traitement Intel XScale permet aux applications telnet, navigateur et LOB d&rsquo;&ecirc;tre rapides avec une faible latence d&rsquo;entr&eacute;e.<\/p>\n<\/li>\n<li data-start=\"1406\" data-end=\"1537\">\n<p data-start=\"1408\" data-end=\"1537\"><strong data-start=\"1408\" data-end=\"1431\">Num&eacute;risation d&rsquo;entreprise<\/strong> &ndash; Options d&rsquo;imageurs 1D\/2D standard &agrave; proximit&eacute;\/&agrave; distance pour une capture fiable &agrave; courte distance ou &agrave; hauteur d&rsquo;&eacute;tag&egrave;re.<\/p>\n<\/li>\n<li data-start=\"1538\" data-end=\"1675\">\n<p data-start=\"1540\" data-end=\"1675\"><strong data-start=\"1540\" data-end=\"1565\">Connectivit&eacute; fiable<\/strong> &ndash; Double bande 802.11 a\/b\/g avec s&eacute;curit&eacute; d&rsquo;entreprise et Bluetooth pour les casques, les scanners et les imprimantes.<\/p>\n<\/li>\n<li data-start=\"1676\" data-end=\"1800\">\n<p data-start=\"1678\" data-end=\"1800\"><strong data-start=\"1678\" data-end=\"1695\">Options d&rsquo;alimentation<\/strong> &ndash; Les batteries Li-ion standard et &eacute;tendues permettent une autonomie compl&egrave;te ; la supercap permet d&rsquo;effectuer des &eacute;changes &agrave; chaud.<\/p>\n<\/li>\n<li data-start=\"1801\" data-end=\"1935\">\n<p data-start=\"1803\" data-end=\"1935\"><strong data-start=\"1803\" data-end=\"1831\">E\/S et connexion &agrave; haut d&eacute;bit<\/strong> &ndash; Le client USB et les berceaux modulaires FlexDock (simple\/multi-baie, Ethernet, v&eacute;hicule) simplifient la charge\/synchronisation.<\/p>\n<\/li>\n<li data-start=\"1936\" data-end=\"2059\">\n<p data-start=\"1938\" data-end=\"2059\"><strong data-start=\"1938\" data-end=\"1963\">S&eacute;curit&eacute; et gestion<\/strong> &ndash; WPA2-Enterprise, prise en charge du cryptage des appareils et large compatibilit&eacute; avec les clients MDM et TE.<\/p>\n<\/li>\n<li data-start=\"2060\" data-end=\"2171\">\n<p data-start=\"2062\" data-end=\"2171\"><strong data-start=\"2062\" data-end=\"2084\">Conception &eacute;volutive<\/strong> &ndash; Les claviers, les batteries et les pi&egrave;ces d&rsquo;usure rempla&ccedil;ables prolongent la dur&eacute;e de vie et r&eacute;duisent le co&ucirc;t total de possession.<\/p>\n<\/li>\n<li data-start=\"2172\" data-end=\"2298\">\n<p data-start=\"2174\" data-end=\"2298\"><strong data-start=\"2174\" data-end=\"2197\">&Eacute;cosyst&egrave;me d&rsquo;accessoires<\/strong> &ndash; Les poign&eacute;es de pistolet, les &eacute;tuis, les chargeurs &agrave; fentes multiples, les snap-ons RFID et les solutions vocales remplissent des r&ocirc;les divers.<\/p>\n<\/li>\n<\/ul><h2 data-start=\"2300\" data-end=\"2346\">Principaux avantages de l&rsquo;appareil Honeywell Intermec CK3A<\/h2><h3 data-start=\"2348\" data-end=\"2387\">Con&ccedil;u pour les environnements les plus difficiles<\/h3><p data-start=\"2388\" data-end=\"2611\">Un ch&acirc;ssis scell&eacute;, tol&eacute;rant aux chutes, et une construction test&eacute;e au culbuto assurent un fonctionnement fiable face &agrave; la poussi&egrave;re, &agrave; l&rsquo;humidit&eacute;, aux vibrations et aux variations de temp&eacute;rature. Le personnel continue de scanner pendant toute la dur&eacute;e du travail sans interruption li&eacute;e &agrave; l&rsquo;appareil. <\/p><h3 data-start=\"2613\" data-end=\"2645\">Grand &eacute;cran, meilleurs flux de travail<\/h3><p data-start=\"2646\" data-end=\"2885\">L&rsquo;&eacute;cran transflectif de 3,5 pouces reste lisible sous des lumi&egrave;res vives et &agrave; proximit&eacute; de portes ouvertes. Les touches physiques et tactiles rationalisent les &eacute;crans telnet\/WMS, les listes de s&eacute;lection et les raccourcis, ce qui est id&eacute;al avec des gants et lorsque la vitesse est plus importante que la saisie &agrave; l&rsquo;&eacute;cran. <\/p><h3 data-start=\"2887\" data-end=\"2921\">Une puissance qui dure toute la journ&eacute;e<\/h3><p data-start=\"2922\" data-end=\"3129\">Les choix de batteries standard et haute capacit&eacute; couvrent les longs trajets et les heures suppl&eacute;mentaires. Les &eacute;changes &agrave; chaud assist&eacute;s par supercap permettent de pr&eacute;server l&rsquo;&eacute;tat de la session, tandis que les chargeurs partag&eacute;s et l&rsquo;analyse de la batterie simplifient la planification de l&rsquo;alimentation de la flotte. <\/p><h3 data-start=\"3131\" data-end=\"3170\">Connectivit&eacute; et flux de donn&eacute;es sans faille<\/h3><p data-start=\"3171\" data-end=\"3368\">Le Wi-Fi d&rsquo;entreprise avec itin&eacute;rance maintient les sessions TE ou de navigation dans les all&eacute;es et les cours, tandis que le Bluetooth s&rsquo;associe rapidement avec les casques, les imprimantes et les scanners &agrave; anneau, ce qui permet de garder les mains libres et d&rsquo;assurer la circulation des donn&eacute;es.<\/p><h3 data-start=\"3370\" data-end=\"3390\">Pr&ecirc;t pour les flottes<\/h3><p data-start=\"3391\" data-end=\"3648\">Gr&acirc;ce &agrave; une plateforme Windows Embedded Handheld stable, des pi&egrave;ces de rechange de longue dur&eacute;e et des accessoires FlexDock, le <strong data-start=\"3489\" data-end=\"3516\">CK3A de Honeywell Intermec<\/strong> est id&eacute;al pour &eacute;tendre les applications existantes. Le service informatique peut mettre en place, verrouiller et prendre en charge les appareils &agrave; grande &eacute;chelle en utilisant les piles MDM et TE &eacute;tablies. <\/p><h2 data-start=\"3650\" data-end=\"3668\">Cas d&rsquo;utilisation id&eacute;aux<\/h2><ul data-start=\"3669\" data-end=\"4320\">\n<li data-start=\"3669\" data-end=\"3803\">\n<p data-start=\"3671\" data-end=\"3803\"><strong data-start=\"3671\" data-end=\"3701\">Entreposage et distribution<\/strong> &ndash; Pr&eacute;l&egrave;vement de caisses\/palettes, comptage de cycles et r&eacute;approvisionnement o&ugrave; la capture &agrave; longue distance r&eacute;duit les retours &agrave; la maison.<\/p>\n<\/li>\n<li data-start=\"3804\" data-end=\"3924\">\n<p data-start=\"3806\" data-end=\"3924\"><strong data-start=\"3806\" data-end=\"3834\">Arri&egrave;re-boutique et magasins<\/strong> &ndash; V&eacute;rification des prix, r&eacute;ception et inventaire gr&acirc;ce au Wi-Fi fiable et &agrave; la num&eacute;risation rapide 1D\/2D.<\/p>\n<\/li>\n<li data-start=\"3925\" data-end=\"4061\">\n<p data-start=\"3927\" data-end=\"4061\"><strong data-start=\"3927\" data-end=\"3953\">Transport et transbordement<\/strong> &ndash; Validation entrante\/sortante et construction de chargements o&ugrave; la robustesse et l&rsquo;ergonomie de la poign&eacute;e pistolet r&eacute;duisent la fatigue.<\/p>\n<\/li>\n<li data-start=\"4062\" data-end=\"4182\">\n<p data-start=\"4064\" data-end=\"4182\"><strong data-start=\"4064\" data-end=\"4087\">Fabrication l&eacute;g&egrave;re<\/strong> &ndash; Suivi des mat&eacute;riaux et des encours en ligne avec des applications telnet\/terminal stables et une itin&eacute;rance fiable.<\/p>\n<\/li>\n<li data-start=\"4183\" data-end=\"4320\">\n<p data-start=\"4185\" data-end=\"4320\"><strong data-start=\"4185\" data-end=\"4210\">Service sur site<\/strong> &ndash; Contr&ocirc;les des actifs et journaux de service &agrave; l&rsquo;int&eacute;rieur des installations gr&acirc;ce &agrave; des flux de travail centr&eacute;s sur le clavier et &agrave; un support accessoire solide.<\/p>\n<\/li>\n<\/ul><h2 data-start=\"4322\" data-end=\"4376\">Comparaison des produits pour Honeywell Intermec CK3A<\/h2><ul data-start=\"4377\" data-end=\"4773\">\n<li data-start=\"4377\" data-end=\"4512\">\n<p data-start=\"4379\" data-end=\"4512\"><a href=\"https:\/\/micronordic.com\/product\/honeywell-intermec-ck71-mobile-handheld-computer-refurbished\/\"><strong data-start=\"4379\" data-end=\"4406\">Honeywell Intermec CK71<\/strong> <\/a>&ndash; Choix ultra-robuste avec une plus grande tol&eacute;rance aux chutes et une &eacute;tanch&eacute;it&eacute; IP67 pour les environnements difficiles, froids ou humides.<\/p>\n<\/li>\n<li data-start=\"4513\" data-end=\"4646\">\n<p data-start=\"4515\" data-end=\"4646\"><a href=\"https:\/\/micronordic.com\/product\/honeywell-intermec-ck3r-mobile-handheld-computer-refurbished\/\"><strong data-start=\"4515\" data-end=\"4542\">Honeywell Intermec CK3R<\/strong><\/a> &ndash; Ordinateur de poche plus l&eacute;ger et plus &eacute;conomique pour les t&acirc;ches quotidiennes en entrep&ocirc;t o&ugrave; le faible poids est une priorit&eacute;.<\/p>\n<\/li>\n<li data-start=\"4647\" data-end=\"4773\">\n<p data-start=\"4649\" data-end=\"4773\"><a href=\"https:\/\/micronordic.com\/product\/intermec-cn51-mobile-handheld-computer-refurbished\/\"><strong data-start=\"4649\" data-end=\"4676\">Honeywell Intermec CN51<\/strong><\/a> &ndash; Facteur de forme plus compact pour les affectations mobiles sur le terrain, &eacute;quilibrant la portabilit&eacute; et l&rsquo;autonomie de la batterie.<\/p>\n<\/li>\n<\/ul>\n","protected":false},"excerpt":{"rendered":"<p>S\u00c9LECTIONNEZ UNE VARIANTE CI-DESSOUS ! Appelez-nous si vous avez besoin d&rsquo;aide pour trouver la bonne variante de produit. <\/p>\n<h3>Sp\u00e9cifications :<\/h3>\n<ul>\n<li><strong>\u00c9cran :<\/strong> \u00c9cran tactile transflectif QVGA (240\u00d7320) de 3,5 pouces<\/li>\n<li><strong>Processeur :<\/strong> Intel XScale PXA270 520 MHz<\/li>\n<li><strong>Graphiques :<\/strong> Graphique mobile int\u00e9gr\u00e9<\/li>\n<li><strong>M\u00e9moire :<\/strong> 128 MB RAM<\/li>\n<li><strong>Stockage :<\/strong> 256-512 Mo de m\u00e9moire flash (selon le mod\u00e8le), extension microSD<\/li>\n<li><strong>Connectivit\u00e9 :<\/strong> Wi-Fi 802.11 a\/b\/g, Bluetooth ; client USB ; interfaces de berceau FlexDock<\/li>\n<li><strong>Certifications robustes :<\/strong> IP54 ; chutes multiples de 1,5 m\/5 ft ; test\u00e9 en cascade<\/li>\n<li><strong>S\u00e9curit\u00e9 :<\/strong> WPA2-Enterprise, prise en charge du cryptage des appareils, compatible MDM\/TE<\/li>\n<li><strong>Batterie :<\/strong> 3,7 V 2000 mAh standard ; options de haute capacit\u00e9 ; la supercap permet un \u00e9change \u00e0 chaud.<\/li>\n<li><strong>Dimensions et poids :<\/strong> ~216,6 \u00d7 83,6 \u00d7 36,2 mm ; ~453-566 g (en fonction de la batterie)<\/li>\n<li><strong>Garantie :<\/strong> Garantie EX-DEMO de 12 mois de Micro Nordic par<\/li>\n<\/ul>\n<p><strong>Veuillez choisir le bon mod\u00e8le ci-dessous, avant de l&rsquo;ajouter au panier.<\/strong><\/p>\n","protected":false},"author":16,"featured_media":100593,"template":"","meta":{"_acf_changed":false,"inline_featured_image":false},"product-condition":[5270],"product_brand":[8974],"product_cat":[5135,5142,5138],"product_tag":[4875,5451],"class_list":{"0":"post-45622","1":"product","2":"type-product","3":"status-publish","4":"has-post-thumbnail","6":"product-condition-ex-demo","7":"product_brand-honeywell-intermec","8":"product_cat-honeywell-intermec","9":"product_cat-all-barcode-scanners","10":"product_cat-refurbished-rugged-hardware","11":"product_tag-wrd-fr","12":"product_tag-5451","13":"pa_model-part-number-ck3a10d00e100","14":"pa_model-part-number-ck3a10m00e100","15":"pa_model-part-number-ck3a10n00e100","16":"pa_model-part-number-ck3a20d00e100","17":"pa_model-part-number-ck3a20m00e100","18":"pa_model-part-number-ck3a20n00e100","19":"pa_model-part-number-ck3ac0d00e110","20":"pa_model-part-number-ck3ac0n00e110","22":"first","23":"instock","24":"taxable","25":"shipping-taxable","26":"purchasable","27":"product-type-variable"},"acf":[],"_links":{"self":[{"href":"https:\/\/micronordic.com\/fr\/wp-json\/wp\/v2\/product\/45622","targetHints":{"allow":["GET"]}}],"collection":[{"href":"https:\/\/micronordic.com\/fr\/wp-json\/wp\/v2\/product"}],"about":[{"href":"https:\/\/micronordic.com\/fr\/wp-json\/wp\/v2\/types\/product"}],"author":[{"embeddable":true,"href":"https:\/\/micronordic.com\/fr\/wp-json\/wp\/v2\/users\/16"}],"version-history":[{"count":2,"href":"https:\/\/micronordic.com\/fr\/wp-json\/wp\/v2\/product\/45622\/revisions"}],"predecessor-version":[{"id":98635,"href":"https:\/\/micronordic.com\/fr\/wp-json\/wp\/v2\/product\/45622\/revisions\/98635"}],"wp:featuredmedia":[{"embeddable":true,"href":"https:\/\/micronordic.com\/fr\/wp-json\/wp\/v2\/media\/100593"}],"wp:attachment":[{"href":"https:\/\/micronordic.com\/fr\/wp-json\/wp\/v2\/media?parent=45622"}],"wp:term":[{"taxonomy":"product-condition","embeddable":true,"href":"https:\/\/micronordic.com\/fr\/wp-json\/wp\/v2\/product-condition?post=45622"},{"taxonomy":"product_brand","embeddable":true,"href":"https:\/\/micronordic.com\/fr\/wp-json\/wp\/v2\/product_brand?post=45622"},{"taxonomy":"product_cat","embeddable":true,"href":"https:\/\/micronordic.com\/fr\/wp-json\/wp\/v2\/product_cat?post=45622"},{"taxonomy":"product_tag","embeddable":true,"href":"https:\/\/micronordic.com\/fr\/wp-json\/wp\/v2\/product_tag?post=45622"}],"curies":[{"name":"wp","href":"https:\/\/api.w.org\/{rel}","templated":true}]}}