{"id":45616,"date":"2018-04-26T13:46:53","date_gmt":"2018-04-26T11:46:53","guid":{"rendered":"https:\/\/micronordic.com\/product\/honeywell-intermec-cn70-ordinateur-de-poche-mobile-remis-a-neuf\/"},"modified":"2025-11-20T16:06:41","modified_gmt":"2025-11-20T15:06:41","slug":"honeywell-intermec-cn70-mobile-handheld-computer-refurbished","status":"publish","type":"product","link":"https:\/\/micronordic.com\/fr\/product\/honeywell-intermec-cn70-mobile-handheld-computer-refurbished\/","title":{"rendered":"Honeywell Intermec CN70 Handheld Mobile Computer (EX-DEMO)"},"content":{"rendered":"<?xml encoding=\"utf-8\" ?><h2 data-start=\"0\" data-end=\"61\">Honeywell Intermec CN70 Mobile Handheld Computer (EX-DEMO)<\/h2><p data-start=\"63\" data-end=\"751\">Le <strong data-start=\"67\" data-end=\"94\">CN70 d&rsquo;Honeywell Intermec<\/strong> est un terminal mobile compact et ultra-robuste con&ccedil;u pour les t&acirc;ches critiques effectu&eacute;es en dehors des quatre murs &ndash; cours, quais transversaux, chambres froides, quais de chargement et sites de terrain &ndash; o&ugrave; les appareils sont soumis &agrave; de v&eacute;ritables abus. Un &eacute;cran tactile VGA transflectif de 3,5 pouces, une imagerie 1D\/2D rapide (y compris des options proche\/lointain) et un r&eacute;seau WLAN d&rsquo;entreprise (avec WWAN sur certaines configurations) assurent la r&eacute;activit&eacute; des flux de travail WMS\/TE et des navigateurs, tandis que le ch&acirc;ssis petit et &eacute;quilibr&eacute; r&eacute;duit la fatigue des mains sur les longues p&eacute;riodes de travail. Pour les &eacute;quipes qui standardisent les flux de travail centr&eacute;s sur le clavier et Windows Embedded Handheld, le <strong data-start=\"637\" data-end=\"664\">CN70 d&rsquo;Honeywell Intermec<\/strong> offre une fiabilit&eacute; de tous les instants avec un encombrement qui s&rsquo;adapte &agrave; toutes les poches et &agrave; tous les &eacute;tuis.  <\/p><p data-start=\"753\" data-end=\"1227\">Ce produit est fourni <strong data-start=\"778\" data-end=\"789\">EX-DEMO<\/strong> uniquement. Les unit&eacute;s EX-DEMO ont &eacute;t&eacute; utilis&eacute;es bri&egrave;vement pour des d&eacute;monstrations ; la plupart sont livr&eacute;es dans des bo&icirc;tes g&eacute;n&eacute;riques propres (certaines dans l&rsquo;emballage d&rsquo;origine) et comprennent g&eacute;n&eacute;ralement des accessoires et des c&acirc;bles standard. Les plastiques avant\/arri&egrave;re et les num&eacute;riseurs ont &eacute;t&eacute; remplac&eacute;s par des pi&egrave;ces neuves.  <\/p><p data-start=\"753\" data-end=\"1227\"><strong>Les appareils EX-DEMO sont assortis d&rsquo;une garantie par d&eacute;faut de 12 mois de<\/strong> Micro Nordic, ce qui constitue un moyen efficace d&rsquo;&eacute;tendre ou de maintenir les flottes existantes tout en contr&ocirc;lant les d&eacute;penses et en r&eacute;duisant les d&eacute;chets &eacute;lectroniques.<\/p><h2 data-start=\"1229\" data-end=\"1275\">Caract&eacute;ristiques principales du Honeywell Intermec CN70<\/h2><ul data-start=\"1276\" data-end=\"2639\">\n<li data-start=\"1276\" data-end=\"1407\">\n<p data-start=\"1278\" data-end=\"1407\"><strong data-start=\"1278\" data-end=\"1302\">Ch&acirc;ssis ultra-robuste<\/strong> &ndash; &eacute;tanch&eacute;it&eacute; IP67 en cas de chutes et d&rsquo;&eacute;boulements r&eacute;p&eacute;t&eacute;s pour un temps de fonctionnement fiable dans des conditions int&eacute;rieures\/ext&eacute;rieures difficiles.<\/p>\n<\/li>\n<li data-start=\"1408\" data-end=\"1548\">\n<p data-start=\"1410\" data-end=\"1548\"><strong data-start=\"1410\" data-end=\"1439\">&Eacute;cran<\/strong> tactile transflectif VGA de 3,5 pouces lisible &agrave; <strong data-start=\"1410\" data-end=\"1439\">la lumi&egrave;re du soleil<\/strong> &ndash; reste clair pr&egrave;s des portes de quai et &agrave; l&rsquo;ext&eacute;rieur ; fonctionne avec des gants\/stylos.<\/p>\n<\/li>\n<li data-start=\"1549\" data-end=\"1676\">\n<p data-start=\"1551\" data-end=\"1676\"><strong data-start=\"1551\" data-end=\"1578\">Architecture r&eacute;active<\/strong> &ndash; Le processeur OMAP de ~1 GHz assure la rapidit&eacute; et la coh&eacute;rence des applications telnet\/TE, de num&eacute;risation et de navigation.<\/p>\n<\/li>\n<li data-start=\"1677\" data-end=\"1814\">\n<p data-start=\"1679\" data-end=\"1814\"><strong data-start=\"1679\" data-end=\"1702\">Scanner d&rsquo;entreprise<\/strong> &ndash; Imageur 1D\/2D int&eacute;gr&eacute; avec tol&eacute;rance de mouvement rapide ; options de lecture proche\/&eacute;loign&eacute;e, de la longueur du bras &agrave; la hauteur du rack.<\/p>\n<\/li>\n<li data-start=\"1815\" data-end=\"1949\">\n<p data-start=\"1817\" data-end=\"1949\"><strong data-start=\"1817\" data-end=\"1839\">WLAN et WWAN modernes<\/strong> &ndash; Double bande 802.11 a\/b\/g\/n et Bluetooth ; certains mod&egrave;les ajoutent WWAN + GPS pour les &eacute;quipes de terrain (en fonction du mod&egrave;le).<\/p>\n<\/li>\n<li data-start=\"1950\" data-end=\"2086\">\n<p data-start=\"1952\" data-end=\"2086\">De l<strong data-start=\"1952\" data-end=\"1969\">&lsquo;&eacute;nergie toute la journ&eacute;e<\/strong> &ndash; Une batterie de grande capacit&eacute;, rempla&ccedil;able sur le terrain, permet d&rsquo;effectuer de longues p&eacute;riodes de travail ; la supercap permet de faire des &eacute;changes &agrave; chaud pour pr&eacute;server les sessions.<\/p>\n<\/li>\n<li data-start=\"2087\" data-end=\"2228\">\n<p data-start=\"2089\" data-end=\"2228\"><strong data-start=\"2089\" data-end=\"2117\">E\/S et connexion &agrave; haut d&eacute;bit<\/strong> &ndash; Le client USB et l&rsquo;&eacute;cosyst&egrave;me FlexDock robuste (baie unique\/multiple, Ethernet, v&eacute;hicule) simplifient la charge\/synchronisation de la flotte.<\/p>\n<\/li>\n<li data-start=\"2229\" data-end=\"2372\">\n<p data-start=\"2231\" data-end=\"2372\"><strong data-start=\"2231\" data-end=\"2267\">S&eacute;curit&eacute; et gestion d&rsquo;entreprise<\/strong> &ndash; WPA2-Enterprise, prise en charge du cryptage et large compatibilit&eacute; avec les clients MDM et d&rsquo;&eacute;mulation de terminal.<\/p>\n<\/li>\n<li data-start=\"2373\" data-end=\"2500\">\n<p data-start=\"2375\" data-end=\"2500\"><strong data-start=\"2375\" data-end=\"2397\">Conception &eacute;volutive<\/strong> &ndash; Les claviers, les batteries et les pi&egrave;ces d&rsquo;usure rempla&ccedil;ables prolongent le cycle de vie et r&eacute;duisent le co&ucirc;t total de possession.<\/p>\n<\/li>\n<li data-start=\"2501\" data-end=\"2639\">\n<p data-start=\"2503\" data-end=\"2639\"><strong data-start=\"2503\" data-end=\"2526\">&Eacute;cosyst&egrave;me d&rsquo;accessoires<\/strong> &ndash; Les poign&eacute;es de pistolet, les &eacute;tuis, les chargeurs &agrave; fentes multiples, les encliquetages RFID et les p&eacute;riph&eacute;riques vocaux s&rsquo;adaptent &agrave; des r&ocirc;les et &agrave; des changements divers.<\/p>\n<\/li>\n<\/ul><h2 data-start=\"2641\" data-end=\"2687\">Principaux avantages du CN70 de Honeywell Intermec<\/h2><h3 data-start=\"2689\" data-end=\"2728\">Con&ccedil;u pour les environnements les plus difficiles<\/h3><p data-start=\"2729\" data-end=\"2954\">L&rsquo;appareil est &eacute;tanche &agrave; la poussi&egrave;re et &agrave; l&rsquo;eau et con&ccedil;u pour r&eacute;sister aux chutes r&eacute;p&eacute;t&eacute;es, aux chocs et aux variations de temp&eacute;rature. Les &eacute;quipes peuvent scanner, confirmer et passer &agrave; autre chose sans avoir &agrave; s&rsquo;occuper de l&rsquo;&eacute;quipement &ndash; pluie, chambres froides et manipulation brutale incluses. <\/p><h3 data-start=\"2956\" data-end=\"2988\">Grand &eacute;cran, meilleurs flux de travail<\/h3><p data-start=\"2989\" data-end=\"3218\">L&rsquo;&eacute;cran VGA transflectif de 3,5 pouces reste lisible sous l&rsquo;&eacute;clairage de l&rsquo;entrep&ocirc;t et pr&egrave;s des portes de quai ouvertes. Le clavier physique acc&eacute;l&egrave;re la navigation TE, la saisie num&eacute;rique et les raccourcis, ce qui est id&eacute;al pour le travail avec des gants et la pr&eacute;paration de commandes &agrave; haut d&eacute;bit. <\/p><h3 data-start=\"3220\" data-end=\"3254\">Une puissance qui dure toute la journ&eacute;e<\/h3><p data-start=\"3255\" data-end=\"3455\">Une batterie de grande capacit&eacute;, rempla&ccedil;able sur le terrain, permet d&rsquo;effectuer des quarts de travail complets. Les &eacute;changes &agrave; chaud assist&eacute;s par le Supercap pr&eacute;servent les sessions et l&rsquo;&eacute;tat de l&rsquo;application, minimisant ainsi les interruptions et permettant aux op&eacute;rateurs de se concentrer sur leurs t&acirc;ches, et non sur les chargeurs. <\/p><h3 data-start=\"3457\" data-end=\"3496\">Connectivit&eacute; et flux de donn&eacute;es sans faille<\/h3><p data-start=\"3497\" data-end=\"3727\">Le Wi-Fi d&rsquo;entreprise &agrave; double bande avec itin&eacute;rance maintient les sessions TE ou de navigation dans les all&eacute;es et les cours. La technologie Bluetooth s&rsquo;associe rapidement aux casques, aux imprimantes et aux lecteurs de bagues. Sur les variantes WWAN, le GPS et le cellulaire assurent la circulation des donn&eacute;es sur la route.  <\/p><h3 data-start=\"3729\" data-end=\"3749\">Pr&ecirc;t pour les flottes<\/h3><p data-start=\"3750\" data-end=\"3967\">Windows Embedded Handheld 6.5, les berceaux FlexDock et les pi&egrave;ces de rechange &agrave; longue dur&eacute;e de vie simplifient la mise en place, les mises &agrave; jour et l&rsquo;assistance &agrave; grande &eacute;chelle. Les accessoires partag&eacute;s entre les familles CN\/CK permettent de consolider les stocks et de rationaliser la maintenance. <\/p><h2 data-start=\"3969\" data-end=\"3987\">Cas d&rsquo;utilisation id&eacute;aux<\/h2><ul data-start=\"3988\" data-end=\"4631\">\n<li data-start=\"3988\" data-end=\"4118\">\n<p data-start=\"3990\" data-end=\"4118\"><strong data-start=\"3990\" data-end=\"4016\">Transport et transbordement<\/strong> &ndash; Validation entrante\/sortante, constitution de chargements et travaux de chantier pour lesquels un temps de fonctionnement robuste et des dimensions r&eacute;duites sont importants.<\/p>\n<\/li>\n<li data-start=\"4119\" data-end=\"4252\">\n<p data-start=\"4121\" data-end=\"4252\"><strong data-start=\"4121\" data-end=\"4151\">Entreposage et distribution<\/strong> &ndash; Pr&eacute;l&egrave;vement de caisses\/palettes, comptage de cycles et r&eacute;approvisionnement avec des performances TE fiables et des scans rapides.<\/p>\n<\/li>\n<li data-start=\"4253\" data-end=\"4373\">\n<p data-start=\"4255\" data-end=\"4373\"><strong data-start=\"4255\" data-end=\"4286\">Cha&icirc;ne du froid et logistique alimentaire<\/strong> &ndash; Scanner dans les r&eacute;frig&eacute;rateurs\/cong&eacute;lateurs avec bo&icirc;tier &eacute;tanche et clavier\/touche adapt&eacute; aux gants.<\/p>\n<\/li>\n<li data-start=\"4374\" data-end=\"4499\">\n<p data-start=\"4376\" data-end=\"4499\"><strong data-start=\"4376\" data-end=\"4404\">Fabrication et assemblage<\/strong> &ndash; Suivi du mat&eacute;riel en ligne et mises &agrave; jour des encours avec options d&rsquo;accostage pour les bancs et les v&eacute;hicules.<\/p>\n<\/li>\n<li data-start=\"4500\" data-end=\"4631\">\n<p data-start=\"4502\" data-end=\"4631\"><strong data-start=\"4502\" data-end=\"4529\">Service sur le terrain (sur site<\/strong> ) &ndash; Contr&ocirc;les des actifs et journaux de service dans les installations dot&eacute;es d&rsquo;un r&eacute;seau local sans fil (WLAN) d&rsquo;entreprise ; les variantes WWAN s&rsquo;&eacute;tendent &agrave; la route.<\/p>\n<\/li>\n<\/ul><h2 data-start=\"4633\" data-end=\"4687\">Comparaison des produits pour Honeywell Intermec CN70<\/h2><ul data-start=\"4688\" data-end=\"5148\">\n<li data-start=\"4688\" data-end=\"4856\">\n<p data-start=\"4690\" data-end=\"4856\"><a href=\"https:\/\/micronordic.com\/product\/honeywell-intermec-ck71-mobile-handheld-computer-refurbished\/\"><strong data-start=\"4690\" data-end=\"4717\">Honeywell Intermec CK71<\/strong><\/a> &ndash; Optez pour une durabilit&eacute; ultra-robuste similaire avec un facteur de forme l&eacute;g&egrave;rement plus grand et une forte tol&eacute;rance aux chutes pour les environnements les plus difficiles.<\/p>\n<\/li>\n<li data-start=\"4857\" data-end=\"4998\">\n<p data-start=\"4859\" data-end=\"4998\"><a href=\"https:\/\/micronordic.com\/product\/honeywell-intermec-ck3x-mobile-handheld-computer-refurbished\/\"><strong data-start=\"4859\" data-end=\"4886\">Honeywell Intermec CK3X<\/strong> <\/a>&ndash; Pr&eacute;f&eacute;rez un ordinateur de poche plus l&eacute;ger, ax&eacute; sur l&rsquo;entrep&ocirc;t, avec une continuit&eacute; des accessoires et des options de balayage &agrave; port&eacute;e &eacute;tendue.<\/p>\n<\/li>\n<li data-start=\"4999\" data-end=\"5148\">\n<p data-start=\"5001\" data-end=\"5148\"><a href=\"https:\/\/micronordic.com\/product\/intermec-cn51-mobile-handheld-computer-refurbished\/\"><strong data-start=\"5001\" data-end=\"5028\">Honeywell Intermec CN51<\/strong><\/a> &ndash; Envisagez un appareil mobile plus compact, optimis&eacute; pour une utilisation mixte sur le terrain et &agrave; l&rsquo;int&eacute;rieur, avec une portabilit&eacute; et un temps de fonctionnement &eacute;quilibr&eacute;s.<\/p>\n<\/li>\n<\/ul>\n","protected":false},"excerpt":{"rendered":"<p>S\u00c9LECTIONNEZ UNE VARIANTE CI-DESSOUS ! Appelez-nous si vous avez besoin d&rsquo;aide pour trouver la bonne variante de produit. <\/p>\n<h3>Sp\u00e9cifications :<\/h3>\n<ul>\n<li><strong>\u00c9cran :<\/strong> \u00c9cran tactile transflectif VGA (480\u00d7640) de 3,5 pouces<\/li>\n<li><strong>Processeur :<\/strong> Classe OMAP ~1 GHz<\/li>\n<li><strong>Graphiques :<\/strong> Graphique mobile int\u00e9gr\u00e9<\/li>\n<li><strong>M\u00e9moire :<\/strong> 512 MB RAM (typique)<\/li>\n<li><strong>Stockage :<\/strong> 1 Go de m\u00e9moire flash ; extension microSD<\/li>\n<li><strong>Connectivit\u00e9 :<\/strong> Wi-Fi 802.11 a\/b\/g\/n, Bluetooth ; WWAN\/GPS sur certains mod\u00e8les ; USB et FlexDock<\/li>\n<li><strong>Certifications robustes :<\/strong> IP67 ; chutes multiples de 1,8 m\/6 ft (plus \u00e9lev\u00e9es \u00e0 temp\u00e9rature ambiante) ; test\u00e9 en culbutage<\/li>\n<li><strong>S\u00e9curit\u00e9 :<\/strong> WPA2-Enterprise, prise en charge du cryptage de l&rsquo;appareil ; compatible MDM\/TE<\/li>\n<li><strong>Batterie :<\/strong> Li-ion amovible de grande capacit\u00e9 avec supercap pour un \u00e9change \u00e0 chaud<\/li>\n<li><strong>Dimensions et poids :<\/strong> ~237 \u00d7 80 \u00d7 43 mm ; ~560 g (selon la configuration)<\/li>\n<li><strong>Garantie :<\/strong> Garantie EX-DEMO de 12 mois de Micro Nordic<\/li>\n<\/ul>\n<p><strong>Veuillez choisir le bon mod\u00e8le ci-dessous, avant de l&rsquo;ajouter au panier.<\/strong><\/p>\n","protected":false},"author":16,"featured_media":100623,"template":"","meta":{"_acf_changed":false,"inline_featured_image":false},"product-condition":[5270],"product_brand":[8974],"product_cat":[5135,5142,5138],"product_tag":[4875,5451],"class_list":{"0":"post-45616","1":"product","2":"type-product","3":"status-publish","4":"has-post-thumbnail","6":"product-condition-ex-demo","7":"product_brand-honeywell-intermec","8":"product_cat-honeywell-intermec","9":"product_cat-all-barcode-scanners","10":"product_cat-refurbished-rugged-hardware","11":"product_tag-wrd-fr","12":"product_tag-5451","13":"pa_model-part-number-cn70an5kdd5w3100","14":"pa_model-part-number-cn70an5kdd6w3100","15":"pa_model-part-number-cn70an5kdu2w2100","16":"pa_model-part-number-cn70an5kdu3w2100","17":"pa_model-part-number-cn70an5kn00w1100","18":"pa_model-part-number-cn70an5knu6w2100","19":"pa_model-part-number-cn70aq5kd00w1100","20":"pa_model-part-number-cn70aq5knu6w2100","22":"first","23":"instock","24":"taxable","25":"shipping-taxable","26":"purchasable","27":"product-type-variable"},"acf":[],"_links":{"self":[{"href":"https:\/\/micronordic.com\/fr\/wp-json\/wp\/v2\/product\/45616","targetHints":{"allow":["GET"]}}],"collection":[{"href":"https:\/\/micronordic.com\/fr\/wp-json\/wp\/v2\/product"}],"about":[{"href":"https:\/\/micronordic.com\/fr\/wp-json\/wp\/v2\/types\/product"}],"author":[{"embeddable":true,"href":"https:\/\/micronordic.com\/fr\/wp-json\/wp\/v2\/users\/16"}],"version-history":[{"count":2,"href":"https:\/\/micronordic.com\/fr\/wp-json\/wp\/v2\/product\/45616\/revisions"}],"predecessor-version":[{"id":98678,"href":"https:\/\/micronordic.com\/fr\/wp-json\/wp\/v2\/product\/45616\/revisions\/98678"}],"wp:featuredmedia":[{"embeddable":true,"href":"https:\/\/micronordic.com\/fr\/wp-json\/wp\/v2\/media\/100623"}],"wp:attachment":[{"href":"https:\/\/micronordic.com\/fr\/wp-json\/wp\/v2\/media?parent=45616"}],"wp:term":[{"taxonomy":"product-condition","embeddable":true,"href":"https:\/\/micronordic.com\/fr\/wp-json\/wp\/v2\/product-condition?post=45616"},{"taxonomy":"product_brand","embeddable":true,"href":"https:\/\/micronordic.com\/fr\/wp-json\/wp\/v2\/product_brand?post=45616"},{"taxonomy":"product_cat","embeddable":true,"href":"https:\/\/micronordic.com\/fr\/wp-json\/wp\/v2\/product_cat?post=45616"},{"taxonomy":"product_tag","embeddable":true,"href":"https:\/\/micronordic.com\/fr\/wp-json\/wp\/v2\/product_tag?post=45616"}],"curies":[{"name":"wp","href":"https:\/\/api.w.org\/{rel}","templated":true}]}}