{"id":45614,"date":"2022-01-01T13:14:29","date_gmt":"2022-01-01T12:14:29","guid":{"rendered":"https:\/\/micronordic.com\/product\/panasonic-toughpad-fz-m1-fzm1-remis-a-neuf\/"},"modified":"2025-11-18T17:42:00","modified_gmt":"2025-11-18T16:42:00","slug":"panasonic-toughpad-fz-m1-refurbished","status":"publish","type":"product","link":"https:\/\/micronordic.com\/fr\/product\/panasonic-toughpad-fz-m1-refurbished\/","title":{"rendered":"Panasonic Toughpad FZ-M1 MK3 (D&rsquo;OCCASION)"},"content":{"rendered":"<?xml encoding=\"utf-8\" ?><h2 data-start=\"258\" data-end=\"303\">Panasonic Toughpad FZ-M1 MK3 (D&rsquo;OCCASION)<\/h2><p data-start=\"305\" data-end=\"674\">Le <strong data-start=\"309\" data-end=\"341\">Panasonic Toughpad FZ-M1 MK3<\/strong> est une tablette Windows de 7 pouces enti&egrave;rement rugged con&ccedil;ue pour les professionnels qui ont besoin d&rsquo;une portabilit&eacute; maximale sans compromettre la durabilit&eacute;. Faisant partie de la c&eacute;l&egrave;bre gamme Toughbook\/Toughpad de Panasonic, le FZ-M1 offre un &eacute;quilibre fiable entre une qualit&eacute; de construction robuste, des performances de niveau professionnel et une connectivit&eacute; flexible dans un format compact. <\/p><p data-start=\"676\" data-end=\"1069\">Chez <strong data-start=\"679\" data-end=\"695\">Micro Nordic<\/strong>, ce mod&egrave;le est propos&eacute; en tant que <strong data-start=\"722\" data-end=\"757\">produit d&rsquo;occasion certifi&eacute; (PRE-OWNED) avec une garantie de 12 mois<\/strong>. Chaque unit&eacute; a fait l&rsquo;objet d&rsquo;une remise &agrave; neuf compl&egrave;te, comprenant des r&eacute;parations mat&eacute;rielles, le remplacement de composants, des mises &agrave; jour logicielles et des tests de qualit&eacute;, afin de garantir des performances proches de celles d&rsquo;un produit neuf. Cela en fait un choix intelligent et rentable pour les entreprises qui recherchent une puissance informatique rugueuse &agrave; un prix consid&eacute;rablement r&eacute;duit.  <\/p><h2 data-start=\"1071\" data-end=\"1124\">Principales caract&eacute;ristiques du Panasonic Toughpad FZ-M1 MK3<\/h2><ul data-start=\"1126\" data-end=\"1955\">\n<li data-start=\"1126\" data-end=\"1218\">\n<p data-start=\"1128\" data-end=\"1218\"><strong data-start=\"1128\" data-end=\"1144\">Fully Rugged<\/strong> &ndash; certifi&eacute; MIL-STD-810G, conforme &agrave; la norme IP65 et test&eacute; pour des chutes allant jusqu&rsquo;&agrave; 1,5 m.<\/p>\n<\/li>\n<li data-start=\"1219\" data-end=\"1324\">\n<p data-start=\"1221\" data-end=\"1324\"><strong data-start=\"1221\" data-end=\"1232\">&Eacute;cran<\/strong> &ndash; 7&Prime; WXGA (1280&times;800) lisible &agrave; la lumi&egrave;re du jour avec &eacute;cran tactile capacitif &agrave; 10 points.<\/p>\n<\/li>\n<li data-start=\"1325\" data-end=\"1414\">\n<p data-start=\"1327\" data-end=\"1414\"><strong data-start=\"1327\" data-end=\"1340\">Processeur<\/strong> &ndash; Intel&reg; Core&trade; i5-7Y57 processeur vPro&trade;, conception sans ventilateur pour plus de fiabilit&eacute;.<\/p>\n<\/li>\n<li data-start=\"1415\" data-end=\"1464\">\n<p data-start=\"1417\" data-end=\"1464\"><strong data-start=\"1417\" data-end=\"1427\">M&eacute;moire<\/strong> &ndash; 8 Go de RAM (extensible &agrave; 16 Go).<\/p>\n<\/li>\n<li data-start=\"1465\" data-end=\"1520\">\n<p data-start=\"1467\" data-end=\"1520\"><strong data-start=\"1467\" data-end=\"1478\">Stockage<\/strong> &ndash; 256 Go SSD, extensible via microSDXC.<\/p>\n<\/li>\n<li data-start=\"1521\" data-end=\"1601\">\n<p data-start=\"1523\" data-end=\"1601\"><strong data-start=\"1523\" data-end=\"1539\">Connectivit&eacute;<\/strong> &ndash; Wi-Fi, Bluetooth, USB 3.0, HDMI, 4G LTE et GPS en option.<\/p>\n<\/li>\n<li data-start=\"1602\" data-end=\"1706\">\n<p data-start=\"1604\" data-end=\"1706\"><strong data-start=\"1604\" data-end=\"1615\">Batterie<\/strong> &ndash; Batterie rempla&ccedil;able &agrave; chaud avec jusqu&rsquo;&agrave; 8 heures d&rsquo;autonomie ; batterie longue dur&eacute;e disponible en option.<\/p>\n<\/li>\n<li data-start=\"1707\" data-end=\"1763\">\n<p data-start=\"1709\" data-end=\"1763\"><strong data-start=\"1709\" data-end=\"1729\">Syst&egrave;me d&rsquo;exploitation<\/strong> &ndash; Windows 10 Pro (&eacute;volutif).<\/p>\n<\/li>\n<li data-start=\"1764\" data-end=\"1852\">\n<p data-start=\"1766\" data-end=\"1852\"><strong data-start=\"1766\" data-end=\"1781\">Facteur de forme<\/strong> &ndash; L&eacute;ger (environ 540 g), sans ventilateur et mince pour la mobilit&eacute; sur le terrain.<\/p>\n<\/li>\n<li data-start=\"1853\" data-end=\"1955\">\n<p data-start=\"1855\" data-end=\"1955\"><strong data-start=\"1855\" data-end=\"1878\">Certifi&eacute; d&rsquo;occasion<\/strong> &ndash; Remis &agrave; neuf, test&eacute; et restaur&eacute; &agrave; l&rsquo;&eacute;tat proche du neuf par des techniciens.<\/p>\n<\/li>\n<\/ul><h2 data-start=\"1957\" data-end=\"2010\">Principaux avantages du Panasonic Toughpad FZ-M1 MK3<\/h2><h3 data-start=\"2012\" data-end=\"2051\">Ultra-portable Performances rugueuses<\/h3><p data-start=\"2052\" data-end=\"2302\">La FZ-M1 MK3 est l&rsquo;une des tablettes Windows Fully Rugged les plus petites et les plus l&eacute;g&egrave;res du march&eacute;. Malgr&eacute; sa taille compacte, elle r&eacute;siste aux chutes, &agrave; la poussi&egrave;re, aux vibrations et aux temp&eacute;ratures extr&ecirc;mes, ce qui la rend fiable pour les &eacute;quipes mobiles travaillant dans des conditions difficiles. <\/p><h3 data-start=\"2304\" data-end=\"2335\">&Eacute;cran lisible &agrave; la lumi&egrave;re du jour<\/h3><p data-start=\"2336\" data-end=\"2555\">Son &eacute;cran WXGA de 7 pouces, lisible en plein jour, assure une visibilit&eacute; m&ecirc;me en plein soleil. L&rsquo;&eacute;cran tactile est compatible avec les gants, ce qui permet aux techniciens de terrain, aux ouvriers du b&acirc;timent et au personnel de l&rsquo;entrep&ocirc;t de l&rsquo;utiliser en toute transparence. <\/p><h3 data-start=\"2557\" data-end=\"2588\">Une puissance de traitement fiable<\/h3><p data-start=\"2589\" data-end=\"2852\">Aliment&eacute; par le processeur Intel&reg; Core&trade; i5 vPro&trade;, le FZ-M1 MK3 offre des performances fluides pour les applications d&rsquo;entreprise, la saisie de donn&eacute;es et les logiciels de terrain sp&eacute;cialis&eacute;s. Sa conception sans ventilateur r&eacute;duit les points de d&eacute;faillance, garantissant une fiabilit&eacute; maximale dans les environnements exigeants. <\/p><h3 data-start=\"2854\" data-end=\"2887\">Extensible et configurable<\/h3><p data-start=\"2888\" data-end=\"3116\">La tablette peut &ecirc;tre personnalis&eacute;e avec des options d&rsquo;extension, notamment des lecteurs de codes-barres, des lecteurs de cartes &agrave; puce ou des ports suppl&eacute;mentaires. La FZ-M1 MK3 est ainsi adaptable &agrave; tous les secteurs d&rsquo;activit&eacute;, de la logistique aux services publics, en passant par la sant&eacute; et la d&eacute;fense. <\/p><h3 data-start=\"3118\" data-end=\"3165\">Valeur d&rsquo;occasion certifi&eacute;e chez Micro Nordic<\/h3><p data-start=\"3166\" data-end=\"3498\">En tant qu&rsquo;appareil certifi&eacute; d&rsquo;occasion, chaque FZ-M1 MK3 vendu par Micro Nordic a &eacute;t&eacute; enti&egrave;rement remis &agrave; neuf et test&eacute;. Les pi&egrave;ces us&eacute;es ont &eacute;t&eacute; remplac&eacute;es, le logiciel a &eacute;t&eacute; mis &agrave; jour et les appareils ont pass&eacute; des contr&ocirc;les de qualit&eacute; stricts. Les clients b&eacute;n&eacute;ficient de la fiabilit&eacute; robuste de Panasonic &agrave; un prix bien inf&eacute;rieur &agrave; celui des appareils neufs.  <\/p><h2 data-start=\"3500\" data-end=\"3557\">Cas d&rsquo;utilisation id&eacute;aux pour le Panasonic Toughpad FZ-M1 MK3<\/h2><ul data-start=\"3559\" data-end=\"4071\">\n<li data-start=\"3559\" data-end=\"3675\">\n<p data-start=\"3561\" data-end=\"3675\"><strong data-start=\"3561\" data-end=\"3590\">Field service &amp; utilities<\/strong> &ndash; Format compact avec batterie rempla&ccedil;able &agrave; chaud pour les techniciens travaillant &agrave; l&rsquo;ext&eacute;rieur.<\/p>\n<\/li>\n<li data-start=\"3676\" data-end=\"3775\">\n<p data-start=\"3678\" data-end=\"3775\"><strong data-start=\"3678\" data-end=\"3705\">Entreposage et logistique<\/strong> &ndash; Fiabilit&eacute; robuste pour la lecture des codes-barres et la gestion des stocks.<\/p>\n<\/li>\n<li data-start=\"3776\" data-end=\"3873\">\n<p data-start=\"3778\" data-end=\"3873\"><strong data-start=\"3778\" data-end=\"3792\">Sant&eacute;<\/strong> &ndash; Petit, hygi&eacute;nique et sans ventilateur, il convient &agrave; la gestion mobile des donn&eacute;es des patients.<\/p>\n<\/li>\n<li data-start=\"3874\" data-end=\"3981\">\n<p data-start=\"3876\" data-end=\"3981\"><strong data-start=\"3876\" data-end=\"3903\">S&eacute;curit&eacute; publique et d&eacute;fense<\/strong> &ndash; Performance pr&ecirc;te &agrave; l&rsquo;emploi avec LTE\/GPS en option et batterie longue dur&eacute;e.<\/p>\n<\/li>\n<li data-start=\"3982\" data-end=\"4071\">\n<p data-start=\"3984\" data-end=\"4071\"><strong data-start=\"3984\" data-end=\"4001\">Fabrication<\/strong> &ndash; Portabilit&eacute; robuste pour les op&eacute;rations en atelier et le contr&ocirc;le de la qualit&eacute;.<\/p>\n<\/li>\n<\/ul><h2 data-start=\"4073\" data-end=\"4131\">Comparaisons de produits : Panasonic FZ-M1 MK3 Alternatives<\/h2><p data-start=\"246\" data-end=\"425\">Le Panasonic Toughpad FZ-M1 MK3 est une tablette Windows compacte et Fully Rugged con&ccedil;ue pour la mobilit&eacute; sur le terrain. Pour les organisations qui &eacute;valuent d&rsquo;autres options robustes, Micro Nordic propose &eacute;galement : <\/p><ul data-start=\"427\" data-end=\"896\">\n<li data-start=\"427\" data-end=\"579\">\n<p data-start=\"429\" data-end=\"579\"><a href=\"https:\/\/micronordic.com\/product\/getac-f110-touch-fully-rugged-tablet\/\"><strong data-start=\"429\" data-end=\"463\">Getac F110 Tablet Fully Rugged Tablet<\/strong><\/a> &ndash; Une tablette Windows plus grande de 11,6&Prime; con&ccedil;ue pour les utilisateurs qui ont besoin de plus de surface d&rsquo;&eacute;cran et de performances sur le terrain.<\/p>\n<\/li>\n<li data-start=\"580\" data-end=\"729\">\n<p data-start=\"582\" data-end=\"729\"><a href=\"https:\/\/micronordic.com\/product\/zebra-et45-rugged-enterprise-tablet\/\"><strong data-start=\"582\" data-end=\"610\">Zebra ET45 Rugged Tablet (Tablette robuste)<\/strong><\/a> &ndash; Une tablette d&rsquo;entreprise sous Android offrant une connectivit&eacute; moderne, une num&eacute;risation int&eacute;gr&eacute;e et une portabilit&eacute; l&eacute;g&egrave;re.<\/p>\n<\/li>\n<li data-start=\"730\" data-end=\"896\">\n<p data-start=\"732\" data-end=\"896\"><a href=\"https:\/\/micronordic.com\/product\/refurbished-panasonic-toughpad-fz-g1\/\"><strong data-start=\"732\" data-end=\"786\">Panasonic Toughpad FZ-G1 MK5 <\/strong><\/a> &ndash; Une tablette Windows de 10,1&Prime; enti&egrave;rement Rugged Tablet de Panasonic, combinant un &eacute;cran plus grand avec une durabilit&eacute; &agrave; long terme.<\/p>\n<\/li>\n<\/ul>\n","protected":false},"excerpt":{"rendered":"<h3>Sp\u00e9cifications :<\/h3>\n<ul>\n<li><strong>\u00c9cran :<\/strong> 7\u2033 WXGA (1280\u00d7800) multi-touch lisible en plein jour<\/li>\n<li><strong>Processeur :<\/strong> Intel\u00ae Core\u2122 i5-7Y57 vPro\u2122, sans ventilateur<\/li>\n<li><strong>Graphique :<\/strong> Intel\u00ae HD Graphics 615 int\u00e9gr\u00e9<\/li>\n<li><strong>M\u00e9moire :<\/strong> 8 Go de RAM, extensible \u00e0 16 Go<\/li>\n<li><strong>Stockage :<\/strong> SSD de 256 Go, extensible \u00e0 2 To<\/li>\n<li><strong>Connectivit\u00e9 :<\/strong> Wi-Fi, Bluetooth, USB 3.0, HDMI, 4G LTE et GPS en option<\/li>\n<li><strong>Certifications robustes :<\/strong> MIL-STD-810G, IP65, r\u00e9sistance aux chutes de 1,5 m<\/li>\n<li><strong>Batterie :<\/strong> batterie rempla\u00e7able \u00e0 chaud, jusqu&rsquo;\u00e0 8 heures d&rsquo;autonomie<\/li>\n<li><strong>Dimensions et poids :<\/strong> 203 \u00d7 132 \u00d7 18 mm, environ 540 g <\/li>\n<li><strong>Garantie :<\/strong> 12 mois de garantie \u00ab\u00a0Certified Pre-Owned\u00a0\u00bb de Micro Nordic<\/li>\n<\/ul>\n","protected":false},"author":16,"featured_media":100059,"template":"","meta":{"_acf_changed":false,"inline_featured_image":false},"product-condition":[5269],"product_brand":[8984],"product_cat":[5137,5144,5138],"product_tag":[8837,5451],"class_list":{"0":"post-45614","1":"product","2":"type-product","3":"status-publish","4":"has-post-thumbnail","6":"product-condition-pre-owned","7":"product_brand-panasonic","8":"product_cat-panasonic-toughbook","9":"product_cat-all-rugged-tablets","10":"product_cat-refurbished-rugged-hardware","11":"product_tag-categorise-par-letat","12":"product_tag-5451","14":"first","15":"instock","16":"taxable","17":"shipping-taxable","18":"purchasable","19":"product-type-simple"},"acf":[],"_links":{"self":[{"href":"https:\/\/micronordic.com\/fr\/wp-json\/wp\/v2\/product\/45614","targetHints":{"allow":["GET"]}}],"collection":[{"href":"https:\/\/micronordic.com\/fr\/wp-json\/wp\/v2\/product"}],"about":[{"href":"https:\/\/micronordic.com\/fr\/wp-json\/wp\/v2\/types\/product"}],"author":[{"embeddable":true,"href":"https:\/\/micronordic.com\/fr\/wp-json\/wp\/v2\/users\/16"}],"version-history":[{"count":4,"href":"https:\/\/micronordic.com\/fr\/wp-json\/wp\/v2\/product\/45614\/revisions"}],"predecessor-version":[{"id":98363,"href":"https:\/\/micronordic.com\/fr\/wp-json\/wp\/v2\/product\/45614\/revisions\/98363"}],"wp:featuredmedia":[{"embeddable":true,"href":"https:\/\/micronordic.com\/fr\/wp-json\/wp\/v2\/media\/100059"}],"wp:attachment":[{"href":"https:\/\/micronordic.com\/fr\/wp-json\/wp\/v2\/media?parent=45614"}],"wp:term":[{"taxonomy":"product-condition","embeddable":true,"href":"https:\/\/micronordic.com\/fr\/wp-json\/wp\/v2\/product-condition?post=45614"},{"taxonomy":"product_brand","embeddable":true,"href":"https:\/\/micronordic.com\/fr\/wp-json\/wp\/v2\/product_brand?post=45614"},{"taxonomy":"product_cat","embeddable":true,"href":"https:\/\/micronordic.com\/fr\/wp-json\/wp\/v2\/product_cat?post=45614"},{"taxonomy":"product_tag","embeddable":true,"href":"https:\/\/micronordic.com\/fr\/wp-json\/wp\/v2\/product_tag?post=45614"}],"curies":[{"name":"wp","href":"https:\/\/api.w.org\/{rel}","templated":true}]}}