{"id":45612,"date":"2022-01-01T13:52:35","date_gmt":"2022-01-01T12:52:35","guid":{"rendered":"https:\/\/micronordic.com\/product\/panasonic-toughbook-cf-33-cf33-mk2-nouveau\/"},"modified":"2025-11-18T17:32:37","modified_gmt":"2025-11-18T16:32:37","slug":"panasonic-toughbook-cf-33","status":"publish","type":"product","link":"https:\/\/micronordic.com\/fr\/product\/panasonic-toughbook-cf-33\/","title":{"rendered":"Panasonic Toughbook 33 MK1-MK4 (NOUVEAU)"},"content":{"rendered":"<?xml encoding=\"utf-8\" ?><h2 data-start=\"389\" data-end=\"430\">Panasonic Toughbook 33 (MK1, MK2, MK3, MK4)<\/h2><p data-start=\"432\" data-end=\"801\">Le <strong data-start=\"436\" data-end=\"470\">Panasonic Toughbook 33 (CF-33)<\/strong> est l&rsquo;un des laptops Fully Rugged Laptop les plus embl&eacute;matiques du march&eacute;, combinant durabilit&eacute;, performance et flexibilit&eacute; en une seule plateforme. Con&ccedil;u pour les professionnels qui travaillent dans les environnements les plus exigeants, cet appareil hybride passe en toute transparence du mode laptop au mode tablette pour s&rsquo;adapter &agrave; tous les sc&eacute;narios sur le terrain. <\/p><p data-start=\"803\" data-end=\"1221\">Disponible dans les <strong data-start=\"816\" data-end=\"849\">g&eacute;n&eacute;rations MK1, MK2, MK3 et MK4<\/strong>, le Toughbook 33 continue d&rsquo;&eacute;voluer avec une puissance de traitement am&eacute;lior&eacute;e, une connectivit&eacute; renforc&eacute;e et une compatibilit&eacute; &eacute;tendue avec les accessoires. Les clients de <strong data-start=\"1001\" data-end=\"1017\">Micro Nordic<\/strong> peuvent configurer le <strong data-start=\"1036\" data-end=\"1052\">Toughbook 33<\/strong> en tant que <em data-start=\"1056\" data-end=\"1061\">mod&egrave;le NEUF<\/em> ou d&rsquo;<em data-start=\"1065\" data-end=\"1086\">OCCASION CERTIFI&Eacute;E<\/em>, ce qui leur permet d&rsquo;&eacute;quilibrer les performances, la long&eacute;vit&eacute; et la rentabilit&eacute; tout en conservant les normes de robustesse de Panasonic, leaders du secteur. Les <strong data-start=\"139\" data-end=\"201\">mod&egrave;les NEUFS incluent une garantie fabricant standard de 3 ans<\/strong>, assurant une fiabilit&eacute; et une assistance &agrave; long terme, tandis que <strong data-start=\"253\" data-end=\"310\">les unit&eacute;s CERTIFI&Eacute;ES D&rsquo;OCCASION sont assorties d&rsquo;une garantie de 12 mois<\/strong>, offrant un excellent rapport qualit&eacute;-prix soutenu par une remise &agrave; neuf compl&egrave;te et des tests de qualit&eacute;. <\/p><h2 data-start=\"1223\" data-end=\"1271\">Caract&eacute;ristiques principales du Panasonic Toughbook FZ-33<\/h2><ul data-start=\"1273\" data-end=\"3018\">\n<li data-start=\"1273\" data-end=\"1465\">\n<p data-start=\"1275\" data-end=\"1465\"><strong data-start=\"1275\" data-end=\"1298\">Conception enti&egrave;rement Rugged<\/strong> &ndash; Certifi&eacute; MIL-STD-810H et IP65, test&eacute; en chute libre d&rsquo;une hauteur de 2 m&egrave;tres et r&eacute;sistant aux vibrations, &agrave; la poussi&egrave;re et aux infiltrations d&rsquo;eau. Con&ccedil;u pour r&eacute;sister &agrave; des conditions extr&ecirc;mes sur le terrain. <\/p>\n<\/li>\n<li data-start=\"1466\" data-end=\"1648\">\n<p data-start=\"1468\" data-end=\"1648\"><strong data-start=\"1468\" data-end=\"1502\">Facteur de forme convertible 2-en-1<\/strong> &ndash; Le clavier d&eacute;tachable transforme l&rsquo;appareil d&rsquo;un puissant laptop en une tablette enti&egrave;rement fonctionnelle en quelques secondes, ce qui permet une polyvalence in&eacute;gal&eacute;e.<\/p>\n<\/li>\n<li data-start=\"1649\" data-end=\"1858\">\n<p data-start=\"1651\" data-end=\"1858\"><strong data-start=\"1651\" data-end=\"1689\">Processeurs Intel&reg; haute performance<\/strong> &ndash; Les mod&egrave;les MK1 sont &eacute;quip&eacute;s de processeurs Intel&reg; Core&trade; de 7e g&eacute;n&eacute;ration, MK2 passe &agrave; la 10e g&eacute;n&eacute;ration et MK3 int&egrave;gre des processeurs Intel&reg; Core&trade; i5\/i7 de 12e g&eacute;n&eacute;ration pour une vitesse et une efficacit&eacute; de premier plan. MK4 va encore plus loin avec les processeurs Intel&reg; de la 13e g&eacute;n&eacute;ration. <\/p>\n<\/li>\n<li data-start=\"1859\" data-end=\"2060\">\n<p data-start=\"1861\" data-end=\"2060\"><strong data-start=\"1861\" data-end=\"1892\">Technologie d&rsquo;affichage avanc&eacute;e<\/strong> &ndash; &Eacute;cran tactile 12,0&Prime; QHD (2160&times;1440) avec une luminosit&eacute; allant jusqu&rsquo;&agrave; 1 200 nits pour une lisibilit&eacute; exceptionnelle en ext&eacute;rieur. Prend en charge la saisie au gant, &agrave; la pluie et au stylet pour les op&eacute;rations sur le terrain. <\/p>\n<\/li>\n<li data-start=\"2061\" data-end=\"2212\">\n<p data-start=\"2063\" data-end=\"2212\"><strong data-start=\"2063\" data-end=\"2095\">Batteries doubles rempla&ccedil;ables &agrave; chaud<\/strong> &ndash; Autonomie continue gr&acirc;ce aux batteries doubles facilement rempla&ccedil;ables, parfaites pour les missions prolong&eacute;es et les &eacute;quipes sur le terrain.<\/p>\n<\/li>\n<li data-start=\"2213\" data-end=\"2400\">\n<p data-start=\"2215\" data-end=\"2400\"><strong data-start=\"2215\" data-end=\"2248\">Options de connectivit&eacute; flexibles<\/strong> &ndash; Wi-Fi 6, Bluetooth 5.1, 4G\/5G LTE en option et GPS. Les ports d&rsquo;E\/S h&eacute;rit&eacute;s comprennent USB-A, USB-C, HDMI, Ethernet et microSD pour une compatibilit&eacute; compl&egrave;te. <\/p>\n<\/li>\n<li data-start=\"2401\" data-end=\"2541\">\n<p data-start=\"2403\" data-end=\"2541\"><strong data-start=\"2403\" data-end=\"2430\">Enhanced Security Suite<\/strong> &ndash; TPM 2.0, lecteur d&rsquo;empreintes digitales en option, lecteurs de cartes &agrave; puce et RFID, et reconnaissance faciale Windows Hello.<\/p>\n<\/li>\n<li data-start=\"2542\" data-end=\"2707\">\n<p data-start=\"2544\" data-end=\"2707\"><strong data-start=\"2544\" data-end=\"2577\">Extensibilit&eacute; de nouvelle g&eacute;n&eacute;ration<\/strong> &ndash; La conception modulaire avec des stations d&rsquo;accueil, des supports pour v&eacute;hicules et des bases pour clavier en option permet au Toughbook 33 de s&rsquo;int&eacute;grer dans n&rsquo;importe quel flux de travail.<\/p>\n<\/li>\n<li data-start=\"2708\" data-end=\"2873\">\n<p data-start=\"2710\" data-end=\"2873\"><strong data-start=\"2710\" data-end=\"2746\">Disponibilit&eacute; des produits d&rsquo;occasion certifi&eacute;s<\/strong> &ndash; Les mod&egrave;les d&rsquo;occasion de Micro Nordic font l&rsquo;objet d&rsquo;une remise &agrave; neuf et de tests complets afin de retrouver un &eacute;tat et des fonctionnalit&eacute;s proches du neuf.<\/p>\n<\/li>\n<li data-start=\"2874\" data-end=\"3018\">\n<p data-start=\"2876\" data-end=\"3018\"><strong data-start=\"2876\" data-end=\"2902\">Support &agrave; long cycle de vie<\/strong> &ndash; La plateforme Toughbook 33 maintient la compatibilit&eacute; des accessoires &agrave; travers les g&eacute;n&eacute;rations pour une gestion de flotte simplifi&eacute;e.<\/p>\n<\/li>\n<\/ul><h2 data-start=\"3020\" data-end=\"3065\">Principaux avantages du Panasonic Toughbook 33<\/h2><h3 data-start=\"3067\" data-end=\"3113\">Conception convertible pour une polyvalence maximale<\/h3><p data-start=\"3114\" data-end=\"3406\">Le <strong data-start=\"3118\" data-end=\"3144\">Panasonic Toughbook 33<\/strong> offre une v&eacute;ritable exp&eacute;rience 2-en-1. Les utilisateurs peuvent d&eacute;tacher le clavier pour utiliser la tablette dans les espaces restreints ou le rattacher pour b&eacute;n&eacute;ficier de toutes les fonctionnalit&eacute;s d&rsquo;un laptop. Ce format hybride offre le meilleur des deux mondes aux professionnels des services publics, de la d&eacute;fense et des interventions d&rsquo;urgence.  <\/p><h3 data-start=\"3408\" data-end=\"3436\">Une robustesse &agrave; laquelle vous pouvez faire confiance<\/h3><p data-start=\"3437\" data-end=\"3670\">Le CF-33 est con&ccedil;u pour r&eacute;sister aux chutes, &agrave; la poussi&egrave;re et aux conditions m&eacute;t&eacute;orologiques difficiles tout en restant pleinement op&eacute;rationnel. Avec une protection IP65 et la certification MIL-STD-810H, il fonctionne de mani&egrave;re fiable dans des environnements industriels, ext&eacute;rieurs et mont&eacute;s sur des v&eacute;hicules. <\/p><h3 data-start=\"3672\" data-end=\"3719\">Des performances de pointe pour toutes les g&eacute;n&eacute;rations<\/h3><p data-start=\"3720\" data-end=\"4008\">Chaque g&eacute;n&eacute;ration am&eacute;liore les performances et l&rsquo;efficacit&eacute;. Les processeurs Intel&reg; 13e g&eacute;n&eacute;ration de la MK4 offrent des gains substantiels en termes de vitesse et de gestion de l&rsquo;&eacute;nergie, rendant le multit&acirc;che et les applications complexes plus fluides que jamais, tout en restant r&eacute;trocompatibles avec les stations d&rsquo;accueil et les accessoires ant&eacute;rieurs. <\/p><h3 data-start=\"4010\" data-end=\"4044\">Affichage et facilit&eacute; d&rsquo;utilisation sup&eacute;rieurs<\/h3><p data-start=\"4045\" data-end=\"4302\">Son &eacute;cran QHD 12&Prime; lisible en plein soleil avec une luminosit&eacute; de 1 200 nits garantit une visibilit&eacute; parfaite, m&ecirc;me en plein soleil. La prise en charge des entr&eacute;es multiples de l&rsquo;&eacute;cran tactile permet aux utilisateurs de travailler efficacement avec des gants ou un stylet, ce qui am&eacute;liore la productivit&eacute; sur le terrain. <\/p><h3 data-start=\"4304\" data-end=\"4334\">Configurable selon vos besoins<\/h3><p data-start=\"4335\" data-end=\"4616\">Avec <strong data-start=\"4340\" data-end=\"4356\">Micro Nordic<\/strong>, les clients peuvent choisir entre des configurations <em data-start=\"4387\" data-end=\"4392\">NEUVES<\/em> ou d&rsquo;<em data-start=\"4396\" data-end=\"4417\">OCCASION CERTIFI&Eacute;E<\/em> du Toughbook 33. Les mod&egrave;les d&rsquo;occasion sont remis &agrave; neuf et test&eacute;s pour r&eacute;pondre aux normes de qualit&eacute; d&rsquo;origine de Panasonic, ce qui est id&eacute;al pour les organisations qui recherchent la durabilit&eacute; &agrave; moindre co&ucirc;t. <\/p><h2 data-start=\"4618\" data-end=\"4636\">Cas d&rsquo;utilisation id&eacute;aux<\/h2><ul data-start=\"4638\" data-end=\"5165\">\n<li data-start=\"4638\" data-end=\"4733\">\n<p data-start=\"4640\" data-end=\"4733\"><strong data-start=\"4640\" data-end=\"4661\">Ing&eacute;nierie de terrain<\/strong> &ndash; Facteur de forme adaptable parfait pour les &eacute;quipes techniques qui travaillent sur site.<\/p>\n<\/li>\n<li data-start=\"4734\" data-end=\"4840\">\n<p data-start=\"4736\" data-end=\"4840\"><strong data-start=\"4736\" data-end=\"4765\">S&eacute;curit&eacute; publique et d&eacute;fense<\/strong> &ndash; Informatique fiable pour la police, l&rsquo;arm&eacute;e et les unit&eacute;s d&rsquo;intervention d&rsquo;urgence.<\/p>\n<\/li>\n<li data-start=\"4841\" data-end=\"4942\">\n<p data-start=\"4843\" data-end=\"4942\"><strong data-start=\"4843\" data-end=\"4867\">Services publics et &eacute;nergie<\/strong> &ndash; Con&ccedil;us pour r&eacute;sister &agrave; la poussi&egrave;re, aux vibrations et &agrave; l&rsquo;exposition dans des environnements ext&eacute;rieurs.<\/p>\n<\/li>\n<li data-start=\"4943\" data-end=\"5052\">\n<p data-start=\"4945\" data-end=\"5052\"><strong data-start=\"4945\" data-end=\"4977\">Transport et logistique<\/strong> &ndash; Syst&egrave;me compact, montable et durable pour les op&eacute;rations en temps r&eacute;el sur le terrain.<\/p>\n<\/li>\n<li data-start=\"5053\" data-end=\"5165\">\n<p data-start=\"5055\" data-end=\"5165\"><strong data-start=\"5055\" data-end=\"5088\">Fabrication et maintenance<\/strong> &ndash; Excellentes performances en mati&egrave;re de diagnostic, d&rsquo;inventaire et de gestion des syst&egrave;mes.<\/p>\n<\/li>\n<\/ul><h2 data-start=\"5167\" data-end=\"5189\">Comparaison des produits<\/h2><p data-start=\"5191\" data-end=\"5384\">Le <strong data-start=\"5195\" data-end=\"5229\">Panasonic Toughbook 33 (CF-33)<\/strong> offre une flexibilit&eacute; in&eacute;gal&eacute;e en tant qu&rsquo;appareil 2-en-1 Fully Rugged. Pour les entreprises comparant les alternatives, les mod&egrave;les similaires disponibles chez Micro Nordic sont les suivants : <\/p><ul data-start=\"5386\" data-end=\"5757\">\n<li data-start=\"5386\" data-end=\"5508\">\n<p data-start=\"5388\" data-end=\"5508\"><a href=\"https:\/\/micronordic.com\/product\/panasonic-toughbook-fz-40-mk1-i7new\/\"><strong data-start=\"5388\" data-end=\"5414\">Panasonic Toughbook 40<\/strong><\/a> &ndash; Une station de travail plus grande de 14&Prime; enti&egrave;rement Rugged avec une durabilit&eacute; extr&ecirc;me et des performances de CPU plus &eacute;lev&eacute;es.<\/p>\n<\/li>\n<li data-start=\"5509\" data-end=\"5623\">\n<p data-start=\"5511\" data-end=\"5623\"><a href=\"https:\/\/micronordic.com\/product\/getac-f110-touch-fully-rugged-tablet\/\"><strong data-start=\"5511\" data-end=\"5545\">Getac F110 Fully Rugged Tablet (tablette enti&egrave;rement robuste)<\/strong><\/a> &ndash; Une tablette Windows l&eacute;g&egrave;re de 11,6&Prime; con&ccedil;ue pour une utilisation industrielle et sur le terrain.<\/p>\n<\/li>\n<li data-start=\"5624\" data-end=\"5757\">\n<p data-start=\"5626\" data-end=\"5757\"><a href=\"https:\/\/micronordic.com\/product\/dell-latitude-rugged-extreme-7230-tablet\/\"><strong data-start=\"5626\" data-end=\"5670\">Dell Latitude 7230 Rugged Extreme Tablet<\/strong> <\/a>&ndash; Une tablette Windows enti&egrave;rement rugged offrant une portabilit&eacute; similaire avec une connectivit&eacute; moderne.<\/p>\n<\/li>\n<\/ul><div class=\"description-part-numbers\"><br>Part numbers<br>CF-33AEHAZTE | CF-33AEHKZTE | CF-33AEHUZTE | CF-33AEHABTE | CF-33AEPFBTE | CF-33AEHGZTE | CF-33AEHBZTE | CF-33AEQKZTE | CF-33AEQTZTE | CF-33AEQLZTE | CF-33AEQGBTE | CF-33AEQCZTE<\/div>\n","protected":false},"excerpt":{"rendered":"<h3>Sp\u00e9cifications :<\/h3>\n<ul>\n<li><strong>\u00c9cran :<\/strong> \u00c9cran tactile QHD (2160\u00d71440) de 12,0 pouces, luminosit\u00e9 de 1 200 nits, compatible avec les gants et le stylet<\/li>\n<li><strong>Processeur :<\/strong> Intel\u00ae Core\u2122 i5 \/ i7 (MK1-MK3), jusqu&rsquo;\u00e0 la 12e g\u00e9n\u00e9ration, vPro\u00ae en option<\/li>\n<li><strong>Graphique :<\/strong> Graphique Intel\u00ae UHD \/ Iris\u00ae Xe int\u00e9gr\u00e9<\/li>\n<li><strong>M\u00e9moire :<\/strong> 16 Go (mod\u00e8le de base), extensible \u00e0 32 Go de RAM<\/li>\n<li><strong>Stockage :<\/strong> 512 Go (mod\u00e8le de base), extensible \u00e0 2 TB SSD<\/li>\n<li><strong>Connectivit\u00e9 :<\/strong> Wi-Fi 6, Bluetooth 5.1, 4G\/5G LTE en option, GPS, USB-C, HDMI, Ethernet<\/li>\n<li><strong>Certifications rugueuses :<\/strong> MIL-STD-810H, IP65, r\u00e9sistance aux chutes<\/li>\n<li><strong>S\u00e9curit\u00e9 :<\/strong> TPM 2.0, Windows Hello, lecteurs d&#8217;empreintes digitales, de cartes \u00e0 puce et RFID en option<\/li>\n<li><strong>Batterie :<\/strong> Deux batteries rempla\u00e7ables \u00e0 chaud, jusqu&rsquo;\u00e0 20 heures d&rsquo;autonomie<\/li>\n<li><strong>Dimensions et poids :<\/strong> 313 \u00d7 288 \u00d7 32,5 mm, environ 2,8 kg (avec le clavier) <\/li>\n<li><strong>Garantie :<\/strong> 3 ans de garantie (Neuf) ou 12 mois de garantie (Certifi\u00e9 d&rsquo;occasion)<\/li>\n<\/ul>\n","protected":false},"author":16,"featured_media":61153,"template":"","meta":{"_acf_changed":false,"inline_featured_image":false},"product-condition":[5245],"product_brand":[8984],"product_cat":[5137,5143,5139],"product_tag":[5799,5451],"class_list":{"0":"post-45612","1":"product","2":"type-product","3":"status-publish","4":"has-post-thumbnail","6":"product-condition-new-in-box","7":"product_brand-panasonic","8":"product_cat-panasonic-toughbook","9":"product_cat-all-rugged-laptops","10":"product_cat-new-in-box-rugged-hardware","11":"product_tag-categorisation-par-categorie","12":"product_tag-5451","14":"first","15":"instock","16":"taxable","17":"shipping-taxable","18":"purchasable","19":"product-type-simple"},"acf":[],"_links":{"self":[{"href":"https:\/\/micronordic.com\/fr\/wp-json\/wp\/v2\/product\/45612","targetHints":{"allow":["GET"]}}],"collection":[{"href":"https:\/\/micronordic.com\/fr\/wp-json\/wp\/v2\/product"}],"about":[{"href":"https:\/\/micronordic.com\/fr\/wp-json\/wp\/v2\/types\/product"}],"author":[{"embeddable":true,"href":"https:\/\/micronordic.com\/fr\/wp-json\/wp\/v2\/users\/16"}],"version-history":[{"count":3,"href":"https:\/\/micronordic.com\/fr\/wp-json\/wp\/v2\/product\/45612\/revisions"}],"predecessor-version":[{"id":98341,"href":"https:\/\/micronordic.com\/fr\/wp-json\/wp\/v2\/product\/45612\/revisions\/98341"}],"wp:featuredmedia":[{"embeddable":true,"href":"https:\/\/micronordic.com\/fr\/wp-json\/wp\/v2\/media\/61153"}],"wp:attachment":[{"href":"https:\/\/micronordic.com\/fr\/wp-json\/wp\/v2\/media?parent=45612"}],"wp:term":[{"taxonomy":"product-condition","embeddable":true,"href":"https:\/\/micronordic.com\/fr\/wp-json\/wp\/v2\/product-condition?post=45612"},{"taxonomy":"product_brand","embeddable":true,"href":"https:\/\/micronordic.com\/fr\/wp-json\/wp\/v2\/product_brand?post=45612"},{"taxonomy":"product_cat","embeddable":true,"href":"https:\/\/micronordic.com\/fr\/wp-json\/wp\/v2\/product_cat?post=45612"},{"taxonomy":"product_tag","embeddable":true,"href":"https:\/\/micronordic.com\/fr\/wp-json\/wp\/v2\/product_tag?post=45612"}],"curies":[{"name":"wp","href":"https:\/\/api.w.org\/{rel}","templated":true}]}}