{"id":101932,"date":"2025-11-24T17:39:06","date_gmt":"2025-11-24T16:39:06","guid":{"rendered":"https:\/\/micronordic.com\/product\/dell-pro-rugged-laptop-13-nouveau\/"},"modified":"2026-01-20T12:15:20","modified_gmt":"2026-01-20T11:15:20","slug":"dell-pro-rugged-13-laptop","status":"publish","type":"product","link":"https:\/\/micronordic.com\/fr\/product\/dell-pro-rugged-13-laptop\/","title":{"rendered":"Dell Pro Rugged Laptop 13 (NOUVEAU)"},"content":{"rendered":"<?xml encoding=\"utf-8\" ?><h2 data-start=\"47\" data-end=\"81\">Dell Pro Rugged Laptop 13 (NOUVEAU)<\/h2><p data-start=\"83\" data-end=\"608\">Le <strong data-start=\"87\" data-end=\"116\">portable Dell Pro Rugged Laptop 13<\/strong> est un ordinateur portable Windows compact et <strong>enti&egrave;rement robuste<\/strong>, con&ccedil;u pour offrir des performances fiables dans des environnements de terrain exigeants. Con&ccedil;u pour fonctionner l&agrave; o&ugrave; les laptops grand public &eacute;chouent, il associe une construction renforc&eacute;e &agrave; des composants de qualit&eacute; professionnelle, des E\/S scell&eacute;es et de solides options de connectivit&eacute;. Pour les &eacute;quipes travaillant dans des v&eacute;hicules, des d&eacute;p&ocirc;ts, des usines, des sites ext&eacute;rieurs ou des lieux &eacute;loign&eacute;s, il offre un &eacute;quilibre entre la portabilit&eacute;, la durabilit&eacute; et la productivit&eacute; professionnelle qui prend en charge les longues p&eacute;riodes de travail et les t&acirc;ches critiques.  <\/p><p data-start=\"610\" data-end=\"1004\">En tant que <strong data-start=\"615\" data-end=\"622\">NOUVEAU<\/strong> p&eacute;riph&eacute;rique, le <strong data-start=\"635\" data-end=\"664\">Rugged Laptop 13 de Dell Pro<\/strong> inclut une <strong data-start=\"676\" data-end=\"695\">garantie fabricant standard de 3 ans<\/strong>, offrant une protection &agrave; long terme aux organisations qui adoptent l&rsquo;informatique mobile durable. Avec une entr&eacute;e tactile, un encombrement portable et un &eacute;cosyst&egrave;me d&rsquo;accessoires &eacute;prouv&eacute;, il aide les travailleurs &agrave; rester productifs dans les flux de travail difficiles, des inspections et de la gestion des actifs &agrave; la documentation, au diagnostic et &agrave; la cr&eacute;ation de rapports. <\/p><h2 data-start=\"1006\" data-end=\"1054\">Principales caract&eacute;ristiques du laptop Dell Pro Fully Rugged Laptop 13<\/h2><ul data-start=\"1055\" data-end=\"2490\">\n<li data-start=\"1055\" data-end=\"1208\">\n<p data-start=\"1057\" data-end=\"1208\"><strong data-start=\"1057\" data-end=\"1075\">Ch&acirc;ssis<\/strong> robuste &ndash; La conception enti&egrave;rement robuste prot&egrave;ge contre les chutes, les vibrations, la poussi&egrave;re et l&rsquo;humidit&eacute; pour une fiabilit&eacute; &agrave; long terme sur le terrain et dans les v&eacute;hicules.<\/p>\n<\/li>\n<li data-start=\"1209\" data-end=\"1350\">\n<p data-start=\"1211\" data-end=\"1350\"><strong data-start=\"1211\" data-end=\"1240\">&Eacute;cran lisible &agrave; la lumi&egrave;re du soleil<\/strong> &ndash; L&rsquo;&eacute;cran de 1400 nm utilisable &agrave; l&rsquo;ext&eacute;rieur et dot&eacute; d&rsquo;options tactiles gant\/stylet permet de conserver la lisibilit&eacute; des &eacute;crans dans des conditions de forte luminosit&eacute;.<\/p>\n<\/li>\n<li data-start=\"1351\" data-end=\"1515\">\n<p data-start=\"1353\" data-end=\"1515\"><strong data-start=\"1353\" data-end=\"1379\">Performances r&eacute;actives<\/strong> &ndash; Les processeurs modernes Intel Core Ultra et s&eacute;rie H avec graphiques int&eacute;gr&eacute;s prennent en charge les t&acirc;ches d&rsquo;intelligence artificielle, les charges de travail lourdes et les flux de travail multi-applications.<\/p>\n<\/li>\n<li data-start=\"1516\" data-end=\"1670\">\n<p data-start=\"1518\" data-end=\"1670\"><strong data-start=\"1518\" data-end=\"1542\">Facteur de forme portable<\/strong> &ndash; Un design compact de 13&Prime; offre des performances Windows compl&egrave;tes avec un poids r&eacute;duit, id&eacute;al pour les travailleurs mobiles et les espaces de travail restreints.<\/p>\n<\/li>\n<li data-start=\"1671\" data-end=\"1811\">\n<p data-start=\"1673\" data-end=\"1811\"><strong data-start=\"1673\" data-end=\"1704\">Configurations personnalisables<\/strong> &ndash; Des options flexibles pour la m&eacute;moire, le stockage et la connectivit&eacute; permettent aux services informatiques d&rsquo;&eacute;quilibrer les performances, les co&ucirc;ts et le cycle de vie.<\/p>\n<\/li>\n<li data-start=\"1812\" data-end=\"1959\">\n<p data-start=\"1814\" data-end=\"1959\"><strong data-start=\"1814\" data-end=\"1839\">Connectivit&eacute; fiable<\/strong> &ndash; Wi-Fi 6\/6E\/7, LTE 5G\/4G en option et prise en charge GPS discr&egrave;te garantissent un acc&egrave;s s&eacute;curis&eacute; dans les environnements distants et mobiles.<\/p>\n<\/li>\n<li data-start=\"1960\" data-end=\"2103\">\n<p data-start=\"1962\" data-end=\"2103\"><strong data-start=\"1962\" data-end=\"1992\">Ports et station d&rsquo;accueil &agrave; grande vitesse<\/strong> &ndash; Thunderbolt 4\/USB-C, baie d&rsquo;E\/S en option, stations d&rsquo;accueil pour v&eacute;hicules et bureaux rationalisent les transitions et l&rsquo;utilisation des p&eacute;riph&eacute;riques.<\/p>\n<\/li>\n<li data-start=\"2104\" data-end=\"2241\">\n<p data-start=\"2106\" data-end=\"2241\"><strong data-start=\"2106\" data-end=\"2142\">S&eacute;curit&eacute; et gestion de l&rsquo;entreprise<\/strong> &ndash; Les protections mat&eacute;rielles, les contr&ocirc;les du BIOS et la t&eacute;l&eacute;m&eacute;trie des appareils soutiennent les politiques informatiques de l&rsquo;entreprise.<\/p>\n<\/li>\n<li data-start=\"2242\" data-end=\"2364\">\n<p data-start=\"2244\" data-end=\"2364\"><strong data-start=\"2244\" data-end=\"2266\">Conception facilitant l&rsquo;entretien<\/strong> &ndash; Les batteries rempla&ccedil;ables &agrave; chaud et les composants accessibles &agrave; l&rsquo;utilisateur prolongent le cycle de vie et simplifient les r&eacute;parations.<\/p>\n<\/li>\n<li data-start=\"2365\" data-end=\"2490\">\n<p data-start=\"2367\" data-end=\"2490\"><strong data-start=\"2367\" data-end=\"2390\">&Eacute;cosyst&egrave;me d&rsquo;accessoires<\/strong> &ndash; Les stations d&rsquo;accueil pour v&eacute;hicules, les chargeurs, les poign&eacute;es et les supports prennent en charge les flux de travail des camionnettes de service aux salles de contr&ocirc;le.<\/p>\n<\/li>\n<\/ul><h2 data-start=\"2492\" data-end=\"2540\">Principaux avantages du laptop Dell Pro Rugged Laptop 13<\/h2><h3 data-start=\"2542\" data-end=\"2577\">Con&ccedil;u pour les journ&eacute;es de travail les plus dures<\/h3><p data-start=\"2578\" data-end=\"2722\">Un bo&icirc;tier robuste r&eacute;siste aux chutes, &agrave; l&rsquo;humidit&eacute;, &agrave; la poussi&egrave;re et aux vibrations, garantissant un temps de fonctionnement constant &agrave; l&rsquo;ext&eacute;rieur, dans les v&eacute;hicules et sur les sites industriels.<\/p><h3 data-start=\"2724\" data-end=\"2763\">Mobilit&eacute; compacte sans compromis<\/h3><p data-start=\"2764\" data-end=\"2896\">Un laptop rugged Laptop de 13&Prime; offre un syst&egrave;me informatique Windows complet dans un format portable &ndash; id&eacute;al pour les visites de sites, les patrouilles et les travailleurs mobiles.<\/p><h3 data-start=\"2898\" data-end=\"2944\">Une forte connectivit&eacute;, partout o&ugrave; l&rsquo;on travaille<\/h3><p data-start=\"2945\" data-end=\"3066\">Un r&eacute;seau sans fil fiable et un r&eacute;seau mobile &agrave; large bande en option assurent la circulation des informations entre les &eacute;quipes, les v&eacute;hicules et les syst&egrave;mes de back-office.<\/p><h3 data-start=\"3068\" data-end=\"3107\">Co&ucirc;t total de possession pr&eacute;visible<\/h3><p data-start=\"3108\" data-end=\"3249\">Des composants pouvant &ecirc;tre entretenus sur le terrain, des configurations standardis&eacute;es et une garantie de 3 ans assurent la stabilit&eacute; &agrave; long terme de la flotte et r&eacute;duisent les risques op&eacute;rationnels.<\/p><h3 data-start=\"3251\" data-end=\"3277\">D&eacute;ploiement pr&ecirc;t pour la flotte<\/h3><p data-start=\"3278\" data-end=\"3409\">Les options d&rsquo;imagerie d&rsquo;entreprise, de gestion des appareils et de s&eacute;curit&eacute; facilitent le d&eacute;ploiement au sein des &eacute;quipes, des &eacute;quipes et des sites multiples.<\/p><h2 data-start=\"3411\" data-end=\"3429\">Cas d&rsquo;utilisation id&eacute;aux<\/h2><ul data-start=\"3430\" data-end=\"4049\">\n<li data-start=\"3430\" data-end=\"3558\">\n<p data-start=\"3432\" data-end=\"3558\"><strong data-start=\"3432\" data-end=\"3462\">S&eacute;curit&eacute; publique et gouvernement<\/strong> &ndash; Informatique embarqu&eacute;e, acc&egrave;s s&eacute;curis&eacute; aux donn&eacute;es, rapports d&rsquo;incidents et documentation en d&eacute;placement.<\/p>\n<\/li>\n<li data-start=\"3559\" data-end=\"3677\">\n<p data-start=\"3561\" data-end=\"3677\"><strong data-start=\"3561\" data-end=\"3590\">Field Service &amp; Utilities<\/strong> &ndash; Inspection des actifs, diagnostics, rapports de maintenance et flux de travail de t&eacute;l&eacute;maintenance.<\/p>\n<\/li>\n<li data-start=\"3678\" data-end=\"3795\">\n<p data-start=\"3680\" data-end=\"3795\"><strong data-start=\"3680\" data-end=\"3708\">Entrep&ocirc;t et distribution<\/strong> &ndash; Bons de travail, syst&egrave;mes d&rsquo;inventaire, t&acirc;ches &agrave; quai et saisie de donn&eacute;es &agrave; partir de chariots &eacute;l&eacute;vateurs ou de bureaux.<\/p>\n<\/li>\n<li data-start=\"3796\" data-end=\"3920\">\n<p data-start=\"3798\" data-end=\"3920\"><strong data-start=\"3798\" data-end=\"3828\">Fabrication et industrie<\/strong> &ndash; Contr&ocirc;les de qualit&eacute;, acc&egrave;s aux stocks, t&acirc;ches IHM et proc&eacute;dures de maintenance dans des environnements difficiles.<\/p>\n<\/li>\n<li data-start=\"3921\" data-end=\"4049\">\n<p data-start=\"3923\" data-end=\"4049\"><strong data-start=\"3923\" data-end=\"3948\">Transport et logistique<\/strong> &ndash; Routage, int&eacute;gration t&eacute;l&eacute;matique, traitement des &eacute;tiquettes et gestion des chantiers avec un acc&egrave;s mobile fiable.<\/p>\n<\/li>\n<\/ul><h2 data-start=\"4051\" data-end=\"4107\">Comparaisons de produits pour le laptop Dell Pro Rugged Laptop 13<\/h2><ul data-start=\"4108\" data-end=\"4600\">\n<li data-start=\"4108\" data-end=\"4256\">\n<p data-start=\"4110\" data-end=\"4256\"><a href=\"https:\/\/micronordic.com\/product\/getac-v110-g7-touch-fully-rugged-notebook\/\"><strong data-start=\"4110\" data-end=\"4127\">Getac V110 G7<\/strong><\/a> &ndash; Choisissez le V110 G7 pour une conception 2-en-1 convertible et robuste ; choisissez le Dell Pro Rugged Laptop 13 pour un mod&egrave;le traditionnel plus l&eacute;ger.<\/p>\n<\/li>\n<li data-start=\"4257\" data-end=\"4432\">\n<p data-start=\"4259\" data-end=\"4432\"><a href=\"https:\/\/micronordic.com\/product\/panasonic-toughbook-fz-55\/\"><strong data-start=\"4259\" data-end=\"4285\">Panasonic Toughbook 55<\/strong><\/a> &ndash; Choisissez le Toughbook 55 si les baies d&rsquo;extension modulaires sont essentielles ; choisissez le laptop Dell Pro Rugged Laptop 13 pour une portabilit&eacute; plus simple et des sp&eacute;cifications de flotte standardis&eacute;es.<\/p>\n<\/li>\n<li data-start=\"4433\" data-end=\"4600\">\n<p data-start=\"4435\" data-end=\"4600\"><a href=\"https:\/\/micronordic.com\/product\/dell-rugged-extreme-5430-new\/\"><strong data-start=\"79\" data-end=\"108\">Dell Latitude Rugged 5430<\/strong><\/a> &ndash; Choisissez Latitude 5430 Rugged si vous pr&eacute;f&eacute;rez un laptop professionnel robuste plus traditionnel avec une plus grande disponibilit&eacute; de flotte et des d&eacute;ploiements sur le terrain &eacute;prouv&eacute;s ; choisissez Dell Pro Rugged 13 Laptop pour un syst&egrave;me enti&egrave;rement robuste plus l&eacute;ger et plus compact, optimis&eacute; pour la mobilit&eacute;.<\/p>\n<\/li>\n<\/ul>\n","protected":false},"excerpt":{"rendered":"<h3>Sp\u00e9cifications<\/h3>\n<ul>\n<li><strong>\u00c9cran :<\/strong> 13\u2033 lisible en ext\u00e9rieur ; gant\/stylus touch en option<\/li>\n<li><strong>Processeur :<\/strong> Intel\u00ae Core\u2122 Ultra \/ s\u00e9rie H (configurable)<\/li>\n<li><strong>Graphique :<\/strong> GPU int\u00e9gr\u00e9 (Intel Iris Xe \/ Intel Arc, en fonction du mod\u00e8le)<\/li>\n<li><strong>M\u00e9moire :<\/strong> 16 Go LPDDR5x (mod\u00e8le de base), extensible \u00e0 64 Go<\/li>\n<li><strong>Stockage :<\/strong> SSD PCIe NVMe de 256 Go (mod\u00e8le de base), extensible \u00e0 2 To<\/li>\n<li><strong>Connectivit\u00e9 :<\/strong> Wi-Fi 6\/6E\/7, Bluetooth ; LTE 5G\/4G et GNSS en option ; prise en charge d&rsquo;une station d&rsquo;accueil robuste<\/li>\n<li><strong>Certifications robustes :<\/strong> MIL-STD-810H, IP65, plage de fonctionnement -29 \u00b0C \u00e0 63 \u00b0C<\/li>\n<li><strong>S\u00e9curit\u00e9 :<\/strong> Protections BIOS, TPM, options empreinte digitale\/carte \u00e0 puce<\/li>\n<li><strong>Batterie :<\/strong> double batterie rempla\u00e7able \u00e0 chaud pour les longues p\u00e9riodes de travail<\/li>\n<li><strong>Dimensions et poids :<\/strong> Hauteur 1.43\u2033 (36.5 mm), \u00e0 partir de 2.4 kg (5.29 lb)<\/li>\n<li><strong>Garantie :<\/strong> 3 ans de garantie (appareil neuf)<\/li>\n<\/ul>\n","protected":false},"author":24,"featured_media":99916,"template":"","meta":{"_acf_changed":false,"inline_featured_image":false},"product-condition":[5245],"product_brand":[8939],"product_cat":[5143,5139,5140],"product_tag":[],"class_list":{"0":"post-101932","1":"product","2":"type-product","3":"status-publish","4":"has-post-thumbnail","6":"product-condition-new-in-box","7":"product_brand-dell","8":"product_cat-all-rugged-laptops","9":"product_cat-new-in-box-rugged-hardware","10":"product_cat-dell-rugged","12":"first","13":"instock","14":"taxable","15":"shipping-taxable","16":"purchasable","17":"product-type-simple"},"acf":[],"_links":{"self":[{"href":"https:\/\/micronordic.com\/fr\/wp-json\/wp\/v2\/product\/101932","targetHints":{"allow":["GET"]}}],"collection":[{"href":"https:\/\/micronordic.com\/fr\/wp-json\/wp\/v2\/product"}],"about":[{"href":"https:\/\/micronordic.com\/fr\/wp-json\/wp\/v2\/types\/product"}],"author":[{"embeddable":true,"href":"https:\/\/micronordic.com\/fr\/wp-json\/wp\/v2\/users\/24"}],"version-history":[{"count":1,"href":"https:\/\/micronordic.com\/fr\/wp-json\/wp\/v2\/product\/101932\/revisions"}],"predecessor-version":[{"id":101980,"href":"https:\/\/micronordic.com\/fr\/wp-json\/wp\/v2\/product\/101932\/revisions\/101980"}],"wp:featuredmedia":[{"embeddable":true,"href":"https:\/\/micronordic.com\/fr\/wp-json\/wp\/v2\/media\/99916"}],"wp:attachment":[{"href":"https:\/\/micronordic.com\/fr\/wp-json\/wp\/v2\/media?parent=101932"}],"wp:term":[{"taxonomy":"product-condition","embeddable":true,"href":"https:\/\/micronordic.com\/fr\/wp-json\/wp\/v2\/product-condition?post=101932"},{"taxonomy":"product_brand","embeddable":true,"href":"https:\/\/micronordic.com\/fr\/wp-json\/wp\/v2\/product_brand?post=101932"},{"taxonomy":"product_cat","embeddable":true,"href":"https:\/\/micronordic.com\/fr\/wp-json\/wp\/v2\/product_cat?post=101932"},{"taxonomy":"product_tag","embeddable":true,"href":"https:\/\/micronordic.com\/fr\/wp-json\/wp\/v2\/product_tag?post=101932"}],"curies":[{"name":"wp","href":"https:\/\/api.w.org\/{rel}","templated":true}]}}