{"id":101914,"date":"2025-11-25T17:23:15","date_gmt":"2025-11-25T16:23:15","guid":{"rendered":"https:\/\/micronordic.com\/product\/dell-pro-rugged-laptop-14-nouveau\/"},"modified":"2026-01-20T12:39:49","modified_gmt":"2026-01-20T11:39:49","slug":"dell-pro-rugged-14-laptop","status":"publish","type":"product","link":"https:\/\/micronordic.com\/fr\/product\/dell-pro-rugged-14-laptop\/","title":{"rendered":"Dell Pro Rugged Laptop 14 (NOUVEAU)"},"content":{"rendered":"<?xml encoding=\"utf-8\" ?><h2 data-start=\"101\" data-end=\"135\">Dell Pro Rugged Laptop 14 (NOUVEAU)<\/h2><p data-start=\"137\" data-end=\"536\">Le <strong data-start=\"141\" data-end=\"170\">Dell Pro Rugged Laptop 14<\/strong> est un <strong data-start=\"176\" data-end=\"206\">ordinateur portable Windows semi-durci<\/strong> con&ccedil;u pour les environnements de travail exigeants qui requi&egrave;rent une durabilit&eacute; sans le poids et le co&ucirc;t des appareils enti&egrave;rement rugged. Id&eacute;al pour les bureaux ext&eacute;rieurs, les v&eacute;hicules, les sites logistiques, les entrep&ocirc;ts et les installations industrielles, il offre une protection plus solide que les laptops professionnels standard tout en restant plus l&eacute;ger que les syst&egrave;mes traditionnels enti&egrave;rement rugged. <\/p><p data-start=\"538\" data-end=\"957\">Dot&eacute; d&rsquo;une &eacute;tanch&eacute;it&eacute; environnementale renforc&eacute;e, d&rsquo;une protection contre les chocs et de composants de qualit&eacute; professionnelle, il offre une mobilit&eacute; pratique aux techniciens, au personnel de la s&eacute;curit&eacute; publique et aux travailleurs sur le terrain qui travaillent dans des environnements int&eacute;rieurs\/ext&eacute;rieurs difficiles.<\/p><p data-start=\"538\" data-end=\"957\">En tant que <strong data-start=\"779\" data-end=\"786\">NOUVEAU<\/strong> dispositif, le Dell Pro Rugged Laptop 14 est assorti d&rsquo;une <strong data-start=\"836\" data-end=\"855\">garantie de 3 ans<\/strong>, offrant ainsi une valeur et une fiabilit&eacute; &agrave; long terme aux organisations qui adoptent l&rsquo;informatique mobile rugged.<\/p><h2 data-start=\"959\" data-end=\"1007\">Principales caract&eacute;ristiques du laptop Dell Pro Rugged Laptop 14<\/h2><ul data-start=\"1008\" data-end=\"2341\">\n<li data-start=\"1008\" data-end=\"1139\">\n<p data-start=\"1010\" data-end=\"1139\"><strong data-start=\"1010\" data-end=\"1033\">Ch&acirc;ssis Semi-Rugged<\/strong> &ndash; La structure renforc&eacute;e prot&egrave;ge les composants internes des chocs, des vibrations, de la poussi&egrave;re et des risques quotidiens sur le terrain.<\/p>\n<\/li>\n<li data-start=\"1140\" data-end=\"1274\">\n<p data-start=\"1142\" data-end=\"1274\"><strong data-start=\"1142\" data-end=\"1171\">&Eacute;cran lisible &agrave; la lumi&egrave;re du soleil<\/strong> &ndash; L&rsquo;&eacute;cran Full HD de 14&Prime;, avec touche gant&eacute;e en option, garantit la visibilit&eacute; dans des conditions d&rsquo;&eacute;clairage ext&eacute;rieur variables.<\/p>\n<\/li>\n<li data-start=\"1275\" data-end=\"1411\">\n<p data-start=\"1277\" data-end=\"1411\"><strong data-start=\"1277\" data-end=\"1303\">Performances r&eacute;actives<\/strong> &ndash; Les processeurs Intel&reg; Core&trade; Ultra g&egrave;rent les diagnostics, les rapports, les syst&egrave;mes ERP et les flux de travail multi-applications sur le terrain.<\/p>\n<\/li>\n<li data-start=\"1412\" data-end=\"1552\">\n<p data-start=\"1414\" data-end=\"1552\"><strong data-start=\"1414\" data-end=\"1443\">Productivit&eacute; grand format<\/strong> &ndash; Un &eacute;cran de 14&Prime; offre plus d&rsquo;espace de travail pour la saisie de donn&eacute;es, les sch&eacute;mas, la cartographie et les applications d&rsquo;inspection.<\/p>\n<\/li>\n<li data-start=\"1553\" data-end=\"1688\">\n<p data-start=\"1555\" data-end=\"1688\"><strong data-start=\"1555\" data-end=\"1586\">Configurations personnalisables<\/strong> &ndash; Des options flexibles pour la m&eacute;moire, le stockage et la connectivit&eacute; permettent aux informaticiens d&rsquo;adapter les syst&egrave;mes aux r&ocirc;les et aux budgets.<\/p>\n<\/li>\n<li data-start=\"1689\" data-end=\"1825\">\n<p data-start=\"1691\" data-end=\"1825\"><strong data-start=\"1691\" data-end=\"1716\">Connectivit&eacute; fiable<\/strong> &ndash; Wi-Fi 6E\/7, Bluetooth et haut d&eacute;bit mobile en option permettent aux &eacute;quipes de rester connect&eacute;es dans le cadre d&rsquo;op&eacute;rations distantes ou mobiles.<\/p>\n<\/li>\n<li data-start=\"1826\" data-end=\"1964\">\n<p data-start=\"1828\" data-end=\"1964\"><strong data-start=\"1828\" data-end=\"1858\">Ports et station d&rsquo;accueil haut d&eacute;bit<\/strong> &ndash; Les options USB-C\/Thunderbolt et de station d&rsquo;accueil robuste rationalisent les transitions entre l&rsquo;atelier, le v&eacute;hicule et le bureau.<\/p>\n<\/li>\n<li data-start=\"1965\" data-end=\"2092\">\n<p data-start=\"1967\" data-end=\"2092\"><strong data-start=\"1967\" data-end=\"2003\">S&eacute;curit&eacute; et gestion de l&rsquo;entreprise<\/strong> &ndash; L&rsquo;authentification moderne et les contr&ocirc;les BIOS permettent un d&eacute;ploiement prot&eacute;g&eacute; de la flotte &agrave; grande &eacute;chelle.<\/p>\n<\/li>\n<li data-start=\"2093\" data-end=\"2216\">\n<p data-start=\"2095\" data-end=\"2216\"><strong data-start=\"2095\" data-end=\"2117\">Conception facilitant l&rsquo;entretien<\/strong> &ndash; Les composants accessibles &agrave; l&rsquo;utilisateur simplifient l&rsquo;entretien, r&eacute;duisent les temps d&rsquo;arr&ecirc;t et prolongent le cycle de vie du produit.<\/p>\n<\/li>\n<li data-start=\"2217\" data-end=\"2341\">\n<p data-start=\"2219\" data-end=\"2341\"><strong data-start=\"2219\" data-end=\"2242\">&Eacute;cosyst&egrave;me d&rsquo;accessoires<\/strong> &ndash; Prend en charge les chargeurs, les supports, les stations d&rsquo;accueil pour v&eacute;hicules et les accessoires robustes optimis&eacute;s pour les lieux de travail mobiles.<\/p>\n<\/li>\n<\/ul><h2 data-start=\"2343\" data-end=\"2391\">Principaux avantages du laptop Dell Pro Rugged Laptop 14<\/h2><h3 data-start=\"2393\" data-end=\"2440\">Mobilit&eacute; rugueuse sans encombrement Fully Rugged<\/h3><p data-start=\"2441\" data-end=\"2567\">La construction Semi Rugged r&eacute;siste aux environnements de travail difficiles tout en restant plus l&eacute;g&egrave;re que les laptops traditionnels enti&egrave;rement rugged.<\/p><h3 data-start=\"2569\" data-end=\"2617\">Un espace de travail plus grand pour les t&acirc;ches exigeantes sur le terrain<\/h3><p data-start=\"2618\" data-end=\"2738\">Un &eacute;cran de 14&Prime; am&eacute;liore la productivit&eacute; des utilisateurs qui travaillent avec des sch&eacute;mas, des formulaires, des outils de cartographie et des donn&eacute;es d&rsquo;inspection complexes.<\/p><h3 data-start=\"2740\" data-end=\"2791\">Forte connectivit&eacute; dans des environnements mixtes<\/h3><p data-start=\"2792\" data-end=\"2930\">Le sans-fil haute performance et le haut d&eacute;bit mobile en option permettent d&rsquo;acc&eacute;der aux syst&egrave;mes op&eacute;rationnels depuis l&rsquo;entrep&ocirc;t, le v&eacute;hicule ou le terrain.<\/p><h3 data-start=\"2932\" data-end=\"2961\">Valeur pr&eacute;visible de la flotte<\/h3><p data-start=\"2962\" data-end=\"3093\">Des pi&egrave;ces r&eacute;parables, des configurations standardis&eacute;es et une garantie de 3 ans r&eacute;duisent le co&ucirc;t total de possession et simplifient la planification du cycle de vie.<\/p><h3 data-start=\"3095\" data-end=\"3132\">Pr&ecirc;t pour le d&eacute;ploiement en entreprise<\/h3><p data-start=\"3133\" data-end=\"3253\">Les outils de s&eacute;curit&eacute;, les contr&ocirc;les de gestion et la coh&eacute;rence du mat&eacute;riel facilitent le d&eacute;ploiement au sein des &eacute;quipes, des sites et des flux de travail.<\/p><h2 data-start=\"3255\" data-end=\"3273\">Cas d&rsquo;utilisation id&eacute;aux<\/h2><ul data-start=\"3274\" data-end=\"3822\">\n<li data-start=\"3274\" data-end=\"3385\">\n<p data-start=\"3276\" data-end=\"3385\"><strong data-start=\"3276\" data-end=\"3306\">S&eacute;curit&eacute; publique et gouvernement<\/strong> &ndash; Acc&egrave;s mobile aux donn&eacute;es, rapports, informatique embarqu&eacute;e et documentation s&eacute;curis&eacute;e.<\/p>\n<\/li>\n<li data-start=\"3386\" data-end=\"3495\">\n<p data-start=\"3388\" data-end=\"3495\"><strong data-start=\"3388\" data-end=\"3417\">Field Service &amp; Utilities<\/strong> &ndash; Diagnostics, carnets d&rsquo;entretien, travaux d&rsquo;inspection et mises &agrave; jour des ordres de service.<\/p>\n<\/li>\n<li data-start=\"3496\" data-end=\"3605\">\n<p data-start=\"3498\" data-end=\"3605\"><strong data-start=\"3498\" data-end=\"3526\">Entrep&ocirc;t et distribution<\/strong> &ndash; Contr&ocirc;le des d&eacute;p&ocirc;ts, syst&egrave;mes de routage, logiciels de codes-barres et terminaux op&eacute;rationnels.<\/p>\n<\/li>\n<li data-start=\"3606\" data-end=\"3717\">\n<p data-start=\"3608\" data-end=\"3717\"><strong data-start=\"3608\" data-end=\"3638\">Fabrication et industrie<\/strong> &ndash; Contr&ocirc;les de qualit&eacute;, syst&egrave;mes de maintenance, outils de production et flux de travail des actifs.<\/p>\n<\/li>\n<li data-start=\"3718\" data-end=\"3822\">\n<p data-start=\"3720\" data-end=\"3822\"><strong data-start=\"3720\" data-end=\"3745\">Transport et logistique<\/strong> &ndash; Routage, documentation sur les exp&eacute;ditions, formulaires num&eacute;riques et t&acirc;ches de gestion de flotte.<\/p>\n<\/li>\n<\/ul><h2 data-start=\"3824\" data-end=\"3880\">Comparaisons de produits pour le laptop Dell Pro Rugged Laptop 14<\/h2><ul data-start=\"3881\" data-end=\"4375\">\n<li data-start=\"3881\" data-end=\"4029\">\n<p data-start=\"3883\" data-end=\"4029\"><a href=\"https:\/\/micronordic.com\/product\/dell-pro-rugged-13-laptop\/\"><strong data-start=\"3883\" data-end=\"3912\">Dell Pro Rugged Laptop 13<\/strong><\/a> &ndash; Choisissez 13&Prime; pour une option Semi Rugged plus l&eacute;g&egrave;re ; choisissez <strong data-start=\"3967\" data-end=\"3989\">Dell Pro Rugged 14<\/strong> pour plus d&rsquo;espace d&rsquo;&eacute;cran et de visibilit&eacute;.<\/p>\n<\/li>\n<li data-start=\"4030\" data-end=\"4214\">\n<p data-start=\"4032\" data-end=\"4214\"><a href=\"https:\/\/micronordic.com\/product\/dell-rugged-extreme-5430-new\/\"><strong data-start=\"4032\" data-end=\"4061\">Dell Latitude 5430 Rugged<\/strong><\/a> &ndash; Choisissez le mod&egrave;le Latitude 5430 Rugged pour une prise en charge plus large de l&rsquo;&eacute;cosyst&egrave;me informatique ; choisissez le <strong data-start=\"4133\" data-end=\"4155\">mod&egrave;le Dell Pro Rugged 14<\/strong> pour une protection robuste &eacute;quilibr&eacute;e &agrave; un poids et un co&ucirc;t moindres.<\/p>\n<\/li>\n<li data-start=\"4215\" data-end=\"4375\">\n<p data-start=\"4217\" data-end=\"4375\"><a href=\"https:\/\/micronordic.com\/product\/panasonic-toughbook-fz-55\/\"><strong data-start=\"4217\" data-end=\"4243\">Panasonic Toughbook 55<\/strong><\/a> &ndash; Choisissez le Toughbook 55 pour une extension modulaire ; choisissez le <strong data-start=\"4296\" data-end=\"4318\">Dell Pro Rugged 14<\/strong> pour une durabilit&eacute; Semi-Rugged plus simple et plus &eacute;conomique.<\/p>\n<\/li>\n<\/ul>\n","protected":false},"excerpt":{"rendered":"<h3>Sp\u00e9cifications :<\/h3>\n<ul>\n<li><strong>\u00c9cran :<\/strong> 14\u2033 lisible \u00e0 l&rsquo;ext\u00e9rieur ; en option, \u00e9cran tactile adapt\u00e9 aux gants<\/li>\n<li><strong>Processeur :<\/strong> Intel\u00ae Core\u2122 Ultra series (configurable)<\/li>\n<li><strong>Graphique :<\/strong> GPU int\u00e9gr\u00e9 (en fonction du mod\u00e8le)<\/li>\n<li><strong>M\u00e9moire :<\/strong> 8 Go DDR5 (mod\u00e8le de base), extensible \u00e0 64 Go<\/li>\n<li><strong>Stockage :<\/strong> SSD PCIe NVMe de 256 Go (mod\u00e8le de base), extensible \u00e0 2 To<\/li>\n<li><strong>Connectivit\u00e9 :<\/strong> Wi-Fi 6E\/7, Bluetooth ; haut d\u00e9bit mobile et GNSS en option<\/li>\n<li><strong>Certifications rugged :<\/strong> Semi-Rugged ; protection renforc\u00e9e contre les chocs et l&rsquo;environnement<\/li>\n<li><strong>S\u00e9curit\u00e9 :<\/strong> TPM, protections BIOS, lecteur de carte \u00e0 puce\/d&#8217;empreintes digitales en option<\/li>\n<li><strong>Batterie :<\/strong> Longue dur\u00e9e d&rsquo;autonomie avec remplacement \u00e0 chaud<\/li>\n<li><strong>Dimensions et poids :<\/strong> Rugged Laptop 14\u2033 (varie selon la configuration)<\/li>\n<li><strong>Garantie :<\/strong> 3 ans de garantie (appareil neuf)<\/li>\n<\/ul>\n","protected":false},"author":24,"featured_media":99901,"template":"","meta":{"_acf_changed":false,"inline_featured_image":false},"product-condition":[5245],"product_brand":[8939],"product_cat":[5143,5139,5140],"product_tag":[],"class_list":{"0":"post-101914","1":"product","2":"type-product","3":"status-publish","4":"has-post-thumbnail","6":"product-condition-new-in-box","7":"product_brand-dell","8":"product_cat-all-rugged-laptops","9":"product_cat-new-in-box-rugged-hardware","10":"product_cat-dell-rugged","12":"first","13":"instock","14":"taxable","15":"shipping-taxable","16":"purchasable","17":"product-type-simple"},"acf":[],"_links":{"self":[{"href":"https:\/\/micronordic.com\/fr\/wp-json\/wp\/v2\/product\/101914","targetHints":{"allow":["GET"]}}],"collection":[{"href":"https:\/\/micronordic.com\/fr\/wp-json\/wp\/v2\/product"}],"about":[{"href":"https:\/\/micronordic.com\/fr\/wp-json\/wp\/v2\/types\/product"}],"author":[{"embeddable":true,"href":"https:\/\/micronordic.com\/fr\/wp-json\/wp\/v2\/users\/24"}],"version-history":[{"count":1,"href":"https:\/\/micronordic.com\/fr\/wp-json\/wp\/v2\/product\/101914\/revisions"}],"predecessor-version":[{"id":101991,"href":"https:\/\/micronordic.com\/fr\/wp-json\/wp\/v2\/product\/101914\/revisions\/101991"}],"wp:featuredmedia":[{"embeddable":true,"href":"https:\/\/micronordic.com\/fr\/wp-json\/wp\/v2\/media\/99901"}],"wp:attachment":[{"href":"https:\/\/micronordic.com\/fr\/wp-json\/wp\/v2\/media?parent=101914"}],"wp:term":[{"taxonomy":"product-condition","embeddable":true,"href":"https:\/\/micronordic.com\/fr\/wp-json\/wp\/v2\/product-condition?post=101914"},{"taxonomy":"product_brand","embeddable":true,"href":"https:\/\/micronordic.com\/fr\/wp-json\/wp\/v2\/product_brand?post=101914"},{"taxonomy":"product_cat","embeddable":true,"href":"https:\/\/micronordic.com\/fr\/wp-json\/wp\/v2\/product_cat?post=101914"},{"taxonomy":"product_tag","embeddable":true,"href":"https:\/\/micronordic.com\/fr\/wp-json\/wp\/v2\/product_tag?post=101914"}],"curies":[{"name":"wp","href":"https:\/\/api.w.org\/{rel}","templated":true}]}}