{"id":90710,"date":"2025-09-29T09:02:23","date_gmt":"2025-09-29T07:02:23","guid":{"rendered":"https:\/\/micronordic.com\/product\/getac-s510-g1-semi-rugged-laptop-uusi\/"},"modified":"2025-11-17T09:12:41","modified_gmt":"2025-11-17T08:12:41","slug":"product-getac-s510-g1-semi-rugged-laptop","status":"publish","type":"product","link":"https:\/\/micronordic.com\/fi\/product\/product-getac-s510-g1-semi-rugged-laptop\/","title":{"rendered":"Getac S510 G1 Semi-Rugged Laptop (UUSI)"},"content":{"rendered":"<?xml encoding=\"utf-8\" ?><h2 data-start=\"222\" data-end=\"258\">Getac S510 G1 Semi-Rugged Laptop<\/h2><p data-start=\"260\" data-end=\"851\">Getac S510 G1 Semi-Rugged Laptop, joka on suunniteltu toimimaan siell&auml;, miss&auml; tavalliset kuluttajalaitteet eiv&auml;t yksinkertaisesti pysty. Siin&auml; yhdistyv&auml;t yritystason tietojenk&auml;sittely ja todistettu kest&auml;vyys, joten se on ihanteellinen ammattilaisille, jotka ty&ouml;skentelev&auml;t ymp&auml;rist&ouml;iss&auml;, joissa vaaditaan sek&auml; suorituskyky&auml; ett&auml; kest&auml;vyytt&auml;. Rakennusty&ouml;maista ja teollisuuslaitoksista kentt&auml;huoltoon ja julkiseen turvallisuuteen, S510 G1 tarjoaa luotettavuutta nopeudesta, n&auml;yt&ouml;n laadusta tai joustavuudesta tinkim&auml;tt&auml;. Windows 11 Pro -k&auml;ytt&ouml;j&auml;rjestelm&auml;lle suunniteltu ja teko&auml;lyvalmiilla laitteistolla varustettu laite takaa tulevaisuuden suorituskyvyn monilla eri toimialoilla.    Uusilla tuotteilla on 3 vuoden valmistajan takuu.<\/p><h2 data-start=\"853\" data-end=\"910\">Getac S510 G1 Semi-Rugged Laptop -kannettavan t&auml;rkeimm&auml;t ominaisuudet<\/h2><ul data-start=\"912\" data-end=\"2210\">\n<li data-start=\"912\" data-end=\"1038\">\n<p data-start=\"914\" data-end=\"1038\">Semi Rugged kest&auml;vyys &ndash; MIL-STD-810H- ja IP53-sertifioitu, pudotustestattu 3 metrist&auml; ja toimintakykyinen -29 &deg;C:n ja 63 &deg;C:n v&auml;lill&auml;.<\/p>\n<\/li>\n<li data-start=\"1039\" data-end=\"1184\">\n<p data-start=\"1041\" data-end=\"1184\">15,6 tuuman auringonvalossa luettava n&auml;ytt&ouml; &ndash; 1 000 nitsin FHD-paneeli LumiBond&reg;-tekniikalla, joka takaa luettavuuden ulkona ja k&auml;sin kosketussy&ouml;t&ouml;n.<\/p>\n<\/li>\n<li data-start=\"1185\" data-end=\"1346\">\n<p data-start=\"1187\" data-end=\"1346\">Teko&auml;lyvalmis suorituskyky &ndash; Intel&reg; Core&trade; Ultra 5\/7 -suorittimet, joissa on integroitu AI Boost, valinnainen vPro&reg; ja NVIDIA&reg; Quadro RTX&trade; A500 -erillinen grafiikka.<\/p>\n<\/li>\n<li data-start=\"1347\" data-end=\"1439\">\n<p data-start=\"1349\" data-end=\"1439\">Hot-swap-kaksoisakut &ndash; Pidempi k&auml;ytt&ouml;aika ilman seisokkiaikaa akun vaihdon aikana.<\/p>\n<\/li>\n<li data-start=\"1440\" data-end=\"1603\">\n<p data-start=\"1442\" data-end=\"1603\">Joustava laajennus &ndash; Modulaarinen multimedialokero tukee toista SSD-asemaa, optista asemaa tai viivakoodinlukijaa; Thunderbolt&trade; 4 Type-C -portit mahdollistavat nopean tiedonsiirron.<\/p>\n<\/li>\n<li data-start=\"1604\" data-end=\"1738\">\n<p data-start=\"1606\" data-end=\"1738\">Nykyaikaiset yhteydet &ndash; Wi-Fi 7, Bluetooth 5.4, tuki kahdelle SIM-kortille (Nano + eSIM) ja valinnainen 4G\/5G LTE sek&auml; GPS maailmanlaajuiseen liikkuvuuteen.<\/p>\n<\/li>\n<li data-start=\"1739\" data-end=\"1888\">\n<p data-start=\"1741\" data-end=\"1888\">Kehittynyt tietoturva &ndash; TPM 2.0, Windows Hello -kasvojentunnistus, sormenj&auml;lkilukija, &auml;lykortti- ja RFID-vaihtoehdot sek&auml; itsesalaava SSD-tuki.<\/p>\n<\/li>\n<li data-start=\"1889\" data-end=\"1998\">\n<p data-start=\"1891\" data-end=\"1998\">Microsoft Copilot -n&auml;pp&auml;in &ndash; Erillinen n&auml;pp&auml;in, jolla p&auml;&auml;set nopeasti k&auml;siksi teko&auml;lyll&auml; toimiviin tuottavuusty&ouml;kaluihin ja yhteisty&ouml;h&ouml;n.<\/p>\n<\/li>\n<li data-start=\"1999\" data-end=\"2118\">\n<p data-start=\"2001\" data-end=\"2118\">Kest&auml;v&auml; kehitys suunnittelun avulla &ndash; Alusta on valmistettu yli 45 %:sti kierr&auml;tetyist&auml; materiaaleista, mik&auml; v&auml;hent&auml;&auml; ymp&auml;rist&ouml;vaikutuksia.<\/p>\n<\/li>\n<li data-start=\"2119\" data-end=\"2210\">\n<p data-start=\"2121\" data-end=\"2210\">Takuu sis&auml;ltyy &ndash; 3 vuoden rajoitettu vakiotakuu takaa mielenrauhan.<\/p>\n<\/li>\n<\/ul><h2 data-start=\"2212\" data-end=\"2269\">Getac S510 G1 Semi-Rugged Laptop -kannettavan t&auml;rkeimm&auml;t edut<\/h2><h3 data-start=\"2271\" data-end=\"2309\">Rugged suorituskyky ja liikkuvuus<\/h3><p data-start=\"2310\" data-end=\"2741\">Getac S510 G1 tarjoaa ihanteellisen tasapainon: se on ohuempi ja kevyempi kuin monet Fully Rugged laptops, mutta silti tarpeeksi vahva kest&auml;m&auml;&auml;n pudotukset, p&ouml;lyn, t&auml;rin&auml;n ja &auml;&auml;rimm&auml;iset l&auml;mp&ouml;tilat. Koska se on Semi-Rugged laite, se on suunniteltu organisaatioille, jotka tarvitsevat todellista rugged kest&auml;vyytt&auml; ilman t&auml;ysin rugged j&auml;rjestelmien tilaa. T&auml;m&auml; tasapaino tekee siit&auml; k&auml;yt&auml;nn&ouml;llisen valinnan kentt&auml;tiimeille, jotka tarvitsevat yht&auml; lailla kest&auml;vyytt&auml; ja liikkuvuutta.  <\/p><h3 data-start=\"2743\" data-end=\"2774\">Auringonvalossa luettava n&auml;ytt&ouml;<\/h3><p data-start=\"2775\" data-end=\"3184\">15,6 tuuman FHD-n&auml;yt&ouml;n ja 1 000 nitsin kirkkauden ansiosta S510 G1 tarjoaa erinomaisen n&auml;kyvyyden jopa suorassa auringonvalossa. LumiBond&reg;-tekniikka parantaa kontrastia ja tukee k&auml;sineill&auml; tapahtuvaa kosketinsy&ouml;tt&ouml;&auml;, joten ammattilaiset voivat jatkaa ty&ouml;skentely&auml; kaikissa olosuhteissa. Rakennus- ja julkisten palvelujen kaltaisilla aloilla, joilla ulkok&auml;ytt&ouml; on normaalia, t&auml;m&auml; n&auml;ytt&ouml; poistaa n&auml;yt&ouml;n huonosta n&auml;kyvyydest&auml; johtuvat k&auml;ytt&ouml;katkokset.  <\/p><h3 data-start=\"3186\" data-end=\"3212\">AI-valmis suorituskyky<\/h3><p data-start=\"3213\" data-end=\"3701\">Integroidulla teko&auml;lykiihdytyksell&auml; ja valinnaisella NVIDIA&reg; Quadro RTX&trade; -grafiikalla varustetuilla Intel&reg; Core&trade; Ultra -suorittimilla varustettu S510 G1 suoriutuu sek&auml; tavallisista liiketoimintasovelluksista ett&auml; vaativista ty&ouml;teht&auml;vist&auml;, kuten CAD-, GIS- ja data-analyysist&auml;. Jopa 64 Gt DDR5 RAM-muistia ja laajennettava SSD-tallennus on suunniteltu sujuvaan moniajoon ja skaalautuvuuteen. Erillinen Microsoft Copilot -n&auml;pp&auml;in tarjoaa v&auml;litt&ouml;m&auml;n p&auml;&auml;syn teko&auml;lyll&auml; toimiviin tuottavuusty&ouml;kaluihin, mik&auml; antaa tiimeille uudenlaisen tehokkuuden kent&auml;ll&auml;.  <\/p><h3 data-start=\"3703\" data-end=\"3722\">Koko p&auml;iv&auml;n teho<\/h3><p data-start=\"3723\" data-end=\"4062\">Kaksi kuumavaihdettavaa akkua mahdollistavat jatkuvan k&auml;yt&ouml;n kent&auml;ll&auml;. Ammattilaiset voivat vaihtaa tyhjentyneet akut sammuttamatta laitetta, jolloin toiminta jatkuu sujuvasti koko p&auml;iv&auml;n &ndash; my&ouml;s silloin, kun latausmahdollisuudet ovat rajalliset. Pitkiss&auml; ty&ouml;vuoroissa syrj&auml;isiss&auml; paikoissa t&auml;m&auml; ominaisuus takaa tasaisen k&auml;ytt&ouml;ajan ja keskeytym&auml;tt&ouml;m&auml;n tuottavuuden.  <\/p><h3 data-start=\"4064\" data-end=\"4099\">Yrityksille suunniteltu turvallisuus<\/h3><p data-start=\"4100\" data-end=\"4396\">Tietosuoja on etusijalla TPM 2.0:n, Windows Hellon, sormenj&auml;lkilukijoiden, &auml;lykortti- ja RFID-lukijavaihtoehtojen sek&auml; itsesalaavien SSD-levyjen tuen ansiosta. N&auml;m&auml; ominaisuudet varmistavat yritysten ja viranomaisten turvallisuusvaatimusten noudattamisen ja v&auml;hent&auml;v&auml;t samalla tietomurtojen riski&auml; kent&auml;ll&auml;. <\/p><h3 data-start=\"4398\" data-end=\"4425\">Liitett&auml;vyys miss&auml; tahansa<\/h3><p data-start=\"4426\" data-end=\"4793\">S510 G1 on varustettu Wi-Fi 7:ll&auml;, Bluetooth 5.4:ll&auml;, kaksois-SIM-kortilla (Nano + eSIM) ja valinnaisella 4G\/5G LTE:ll&auml; GPS:ll&auml;, joten se pit&auml;&auml; tiimit yhteydess&auml; toisiinsa riippumatta siit&auml;, ovatko ne toimistossa, matkalla vai ty&ouml;skentelev&auml;tk&ouml; he syrj&auml;isill&auml; alueilla. T&auml;m&auml; yhteyksien taso takaa reaaliaikaisen tiedonsaannin ja viestinn&auml;n erilaisissa ymp&auml;rist&ouml;iss&auml;, mik&auml; mahdollistaa saumattoman ty&ouml;nkulun my&ouml;s haastavissa olosuhteissa. <\/p><h3 data-start=\"4795\" data-end=\"4831\">Monipuolisuutta jokaiseen ty&ouml;nkulkuun<\/h3><p data-start=\"4832\" data-end=\"5231\">Modulaarinen multimedialokero tarjoaa vertaansa vailla olevaa monipuolisuutta, ja k&auml;ytt&auml;j&auml;t voivat lis&auml;t&auml; toisen SSD-aseman, optisen aseman tai jopa viivakoodinlukijan tarpeidensa mukaan. Yhdistettyn&auml; Thunderbolt&trade; 4 -portteihin S510 G1 mukautuu helposti erikoistuneisiin ty&ouml;nkulkuihin esimerkiksi rakennus-, logistiikka- ja yleishy&ouml;dyllisill&auml; aloilla. T&auml;m&auml; joustavuus tarkoittaa, ett&auml; yritykset voivat r&auml;&auml;t&auml;l&ouml;id&auml; laitteen vastaamaan kehittyvi&auml; toiminnallisia vaatimuksia.  <\/p><h3 data-start=\"5233\" data-end=\"5274\">Suunniteltu kest&auml;v&auml;&auml; toimintaa varten<\/h3><p data-start=\"5275\" data-end=\"5601\">S510 G1 on valmistettu yli 45-prosenttisesti kuluttajan j&auml;lkeisist&auml; kierr&auml;tysmateriaaleista, mik&auml; osoittaa Getacin sitoutumisen kest&auml;v&auml;&auml;n kehitykseen. Organisaatiot voivat investoida rugged teknologiaan tinkim&auml;tt&auml; ymp&auml;rist&ouml;tavoitteista, joten t&auml;m&auml; laptop on vastuullinen valinta nykyaikaisille yrityksille, joilla on yh&auml; enemm&auml;n paineita t&auml;ytt&auml;&auml; ESG-tavoitteet. <\/p><h3 data-start=\"5603\" data-end=\"5633\">Takuu ja luotettavuus<\/h3><p data-start=\"5634\" data-end=\"5855\">S510 G1:ll&auml; on kolmen vuoden rajoitettu takuu, ja se on suunniteltu pitk&auml;aikaiseen luotettavuuteen. Asiakkaat voivat luottaa johdonmukaiseen suorituskykyyn, vankkaan tukeen ja mielenrauhaan todistetulta rugged computing -valmistajalta. <\/p><h2 data-start=\"5857\" data-end=\"5918\">Ihanteelliset k&auml;ytt&ouml;tapaukset Getac S510 G1 Semi-Rugged Laptopille<\/h2><ul data-start=\"5920\" data-end=\"6548\">\n<li data-start=\"5920\" data-end=\"6048\">\n<p data-start=\"5922\" data-end=\"6048\"><strong data-start=\"5922\" data-end=\"5951\">Kentt&auml;huolto ja yleishy&ouml;dylliset palvelut &ndash;<\/strong> Luotettava tiedonsaanti, liitett&auml;vyys ja k&auml;ytt&ouml;aika et&auml;ty&ouml;t&auml; tekeville teknikoille.<\/p>\n<\/li>\n<li data-start=\"6049\" data-end=\"6178\">\n<p data-start=\"6051\" data-end=\"6178\"><strong data-start=\"6051\" data-end=\"6083\">Rakentaminen ja valmistus &ndash;<\/strong> Semi-Rugged kest&auml;vyys ja suuri ulkona luettava n&auml;ytt&ouml; ty&ouml;maap&auml;&auml;llik&ouml;ille ja insin&ouml;&ouml;reille.<\/p>\n<\/li>\n<li data-start=\"6179\" data-end=\"6306\">\n<p data-start=\"6181\" data-end=\"6306\"><strong data-start=\"6181\" data-end=\"6206\">Kuljetus ja logistiikka &ndash;<\/strong> Reaaliaikainen viestint&auml;, GPS-integraatio ja virransy&ouml;tt&ouml; koko p&auml;iv&auml;n kalusto- ja varastotoimintaan.<\/p>\n<\/li>\n<li data-start=\"6307\" data-end=\"6417\">\n<p data-start=\"6309\" data-end=\"6417\"><strong data-start=\"6309\" data-end=\"6336\">Julkinen turvallisuus ja puolustus &ndash;<\/strong> Luotettava suorituskyky ja kehittynyt tietoturva kriittisille sovelluksille.<\/p>\n<\/li>\n<li data-start=\"6418\" data-end=\"6548\">\n<p data-start=\"6420\" data-end=\"6548\"><strong data-start=\"6420\" data-end=\"6447\">Teollisuusymp&auml;rist&ouml;t &ndash;<\/strong> Rakennettu kest&auml;m&auml;&auml;n t&auml;rin&auml;&auml;, p&ouml;ly&auml; ja vaihtelevia l&auml;mp&ouml;tiloja tehtaissa tai raskaassa teollisuudessa.<\/p>\n<\/li>\n<\/ul><h2 data-start=\"6550\" data-end=\"6588\">Getac S510 G1 tuotevertailut<\/h2><p data-start=\"6590\" data-end=\"6857\">Getac S510 G1 Semi-Rugged Laptop on suunniteltu kest&auml;m&auml;&auml;n vaativia ymp&auml;rist&ouml;j&auml; ja pysym&auml;&auml;n samalla liikkuvampana kuin tilaa viev&auml;mm&auml;t Fully Rugged mallit. Vaihtoehtojaan vertailevien organisaatioiden kannattaa harkita my&ouml;s muita MicroNordicissa saatavilla olevia Getac-j&auml;rjestelmi&auml;: <\/p><ul data-start=\"6859\" data-end=\"7381\">\n<li data-start=\"6859\" data-end=\"7040\">\n<p data-start=\"6861\" data-end=\"7040\"><a href=\"https:\/\/micronordic.com\/product\/getac-s410-g5-semi-rugged-notebook\/\"><strong data-start=\"6861\" data-end=\"6947\">Getac S410 G5<\/strong> <\/a>Pienempi, kevyempi, Semi-Rugged laite, joka tarjoaa kest&auml;vyytt&auml; kohtalaisissa ymp&auml;rist&ouml;iss&auml;.<\/p>\n<\/li>\n<li data-start=\"7041\" data-end=\"7201\">\n<p data-start=\"7043\" data-end=\"7201\"><a href=\"https:\/\/micronordic.com\/product\/getac-b360-g2-fully-rugged-laptop\/\"><strong data-start=\"7043\" data-end=\"7130\">Getac B360 G2<\/strong><\/a> Fully Rugged lippulaivatason vaihtoehto, joka on rakennettu &auml;&auml;rimm&auml;isiin olosuhteisiin.<\/p>\n<\/li>\n<li data-start=\"7202\" data-end=\"7381\">\n<p data-start=\"7204\" data-end=\"7381\"><a href=\"https:\/\/micronordic.com\/product\/getac-v110-g7-touch-fully-rugged-notebook\/\"><strong data-start=\"7204\" data-end=\"7303\">Getac V110 G7<\/strong><\/a> Pienikokoinen, Fully Rugged 11,6 tuuman muunneltava laptop vaativaan kentt&auml;k&auml;ytt&ouml;&ouml;n.<\/p>\n<\/li>\n<\/ul>\n","protected":false},"excerpt":{"rendered":"<h3 data-start=\"2381\" data-end=\"2408\">Tekniset tiedot:<\/h3>\n<ul>\n<li data-start=\"2411\" data-end=\"2514\"><strong data-start=\"2411\" data-end=\"2423\">N\u00e4ytt\u00f6:<\/strong> 15,6\u2033 FHD (1920\u00d71080), 1 000 nitsin auringonvalossa luettava, LumiBond\u00ae ja valinnainen monikosketusn\u00e4ytt\u00f6.<\/li>\n<li><strong data-start=\"2517\" data-end=\"2531\">Prosessori:<\/strong> Ultra 5 \/ Ultra 7, valinnainen vPro\u00ae.<\/li>\n<li data-start=\"2583\" data-end=\"2660\"><strong data-start=\"2583\" data-end=\"2596\">Grafiikka:<\/strong> NVIDIA\u00ae Quadro RTX\u2122 A500: Integroitu Intel\u00ae grafiikka, valinnainen NVIDIA\u00ae Quadro RTX\u2122 A500<\/li>\n<li data-start=\"2663\" data-end=\"2698\"><strong data-start=\"2663\" data-end=\"2674\">Muisti: 8 Gt<\/strong>, p\u00e4ivitett\u00e4viss\u00e4 64 Gt DDR5 RAM-muistiin.<\/li>\n<li data-start=\"2701\" data-end=\"2784\"><strong data-start=\"2701\" data-end=\"2713\">Tallennustila: 256 Gt<\/strong>, p\u00e4ivitett\u00e4v\u00e4 2 TB NVMe SSD (laajennettavissa 3 TB:iin valinnaisella toisella SSD-levyll\u00e4).<\/li>\n<li data-start=\"2787\" data-end=\"2857\"><strong data-start=\"2787\" data-end=\"2804\">Liitett\u00e4vyys:<\/strong> Wi-Fi 7, Bluetooth 5.4, valinnainen 4G\/5G LTE ja GPS.<\/li>\n<li data-start=\"2860\" data-end=\"2958\"><strong data-start=\"2860\" data-end=\"2886\">Rugged sertifioinnit:<\/strong> MIL-STD-810H, IP53, 3 ft pudotuskest\u00e4vyys, k\u00e4ytt\u00f6aste -29 \u00b0C &#8211; 63 \u00b0C.<\/li>\n<li data-start=\"2961\" data-end=\"3056\"><strong data-start=\"2961\" data-end=\"2974\">Turvallisuus:<\/strong> TPM 2.0, sormenj\u00e4lkilukija, Windows Hello, valinnaiset \u00e4lykortti- ja RFID-lukijat.<\/li>\n<li data-start=\"3059\" data-end=\"3123\"><strong data-start=\"3059\" data-end=\"3071\">Akku:<\/strong> Kaksi akkua, jotka voidaan vaihtaa kesken\u00e4\u00e4n pidemp\u00e4\u00e4 k\u00e4ytt\u00f6aikaa varten.<\/li>\n<li data-start=\"3126\" data-end=\"3187\"><strong data-start=\"3126\" data-end=\"3150\">Mitat ja paino: 375 \u00d7<\/strong> 277 \u00d7 39 mm, noin 2,35 kg. <\/li>\n<li data-start=\"3190\" data-end=\"3230\"><strong data-start=\"3190\" data-end=\"3203\">Takuu: 3 vuoden<\/strong> rajoitettu takuu<\/li>\n<\/ul>\n","protected":false},"author":24,"featured_media":99794,"template":"","meta":{"_acf_changed":false,"inline_featured_image":false},"product-condition":[5252],"product_brand":[8958],"product_cat":[5128,5133,5126],"product_tag":[],"class_list":{"0":"post-90710","1":"product","2":"type-product","3":"status-publish","4":"has-post-thumbnail","6":"product-condition-new-in-box","7":"product_brand-getac","8":"product_cat-all-rugged-laptops","9":"product_cat-new-in-box-rugged-hardware","10":"product_cat-getac-rugged","12":"first","13":"instock","14":"taxable","15":"shipping-taxable","16":"purchasable","17":"product-type-simple"},"acf":[],"_links":{"self":[{"href":"https:\/\/micronordic.com\/fi\/wp-json\/wp\/v2\/product\/90710","targetHints":{"allow":["GET"]}}],"collection":[{"href":"https:\/\/micronordic.com\/fi\/wp-json\/wp\/v2\/product"}],"about":[{"href":"https:\/\/micronordic.com\/fi\/wp-json\/wp\/v2\/types\/product"}],"author":[{"embeddable":true,"href":"https:\/\/micronordic.com\/fi\/wp-json\/wp\/v2\/users\/24"}],"version-history":[{"count":1,"href":"https:\/\/micronordic.com\/fi\/wp-json\/wp\/v2\/product\/90710\/revisions"}],"predecessor-version":[{"id":97691,"href":"https:\/\/micronordic.com\/fi\/wp-json\/wp\/v2\/product\/90710\/revisions\/97691"}],"wp:featuredmedia":[{"embeddable":true,"href":"https:\/\/micronordic.com\/fi\/wp-json\/wp\/v2\/media\/99794"}],"wp:attachment":[{"href":"https:\/\/micronordic.com\/fi\/wp-json\/wp\/v2\/media?parent=90710"}],"wp:term":[{"taxonomy":"product-condition","embeddable":true,"href":"https:\/\/micronordic.com\/fi\/wp-json\/wp\/v2\/product-condition?post=90710"},{"taxonomy":"product_brand","embeddable":true,"href":"https:\/\/micronordic.com\/fi\/wp-json\/wp\/v2\/product_brand?post=90710"},{"taxonomy":"product_cat","embeddable":true,"href":"https:\/\/micronordic.com\/fi\/wp-json\/wp\/v2\/product_cat?post=90710"},{"taxonomy":"product_tag","embeddable":true,"href":"https:\/\/micronordic.com\/fi\/wp-json\/wp\/v2\/product_tag?post=90710"}],"curies":[{"name":"wp","href":"https:\/\/api.w.org\/{rel}","templated":true}]}}