{"id":47652,"date":"2024-08-02T13:29:58","date_gmt":"2024-08-02T11:29:58","guid":{"rendered":"https:\/\/micronordic.com\/product\/zebra-et65-rugged-enterprise-tablet-new\/"},"modified":"2025-11-24T12:12:50","modified_gmt":"2025-11-24T11:12:50","slug":"zebra-et65-rugged-enterprise-tablet","status":"publish","type":"product","link":"https:\/\/micronordic.com\/fi\/product\/zebra-et65-rugged-enterprise-tablet\/","title":{"rendered":"Zebra ET65 Rugged Tablet (UUSI)"},"content":{"rendered":"<?xml encoding=\"utf-8\" ?><h2 data-start=\"384\" data-end=\"423\">Zebra ET65 Rugged Enterprise Tablet<\/h2><p data-start=\"425\" data-end=\"981\"><strong data-start=\"429\" data-end=\"468\">Zebra ET65 Rugged Enterprise Tablet on<\/strong> suunniteltu kovimpiin ulko- ja teollisuusymp&auml;rist&ouml;ihin, ja se tarjoaa seuraavan tason kest&auml;vyytt&auml;, eritt&auml;in kirkkaan n&auml;ytt&ouml;tekniikan ja huippuluokan liitett&auml;vyyden. ET65 perustuu hyv&auml;ksi todettuun ET60-alustaan, ja se on optimoitu kentt&auml;toimintoihin 5G-first-suunnittelun, parannetun GPS-tarkkuuden ja ylivoimaisten rugged-sertifikaattien ansiosta. Se on ihanteellinen valinta organisaatioille, jotka tarvitsevat tehokkaan, mukautuvan tabletin, joka menestyy kriittisiss&auml; olosuhteissa, kuten julkisessa turvallisuudessa, yleishy&ouml;dyllisiss&auml; laitoksissa ja kuljetusalalla. Uusilla tuotteilla on 2 vuoden valmistajan takuu.<\/p><h2 data-start=\"983\" data-end=\"1032\">Zebra ET65 Rugged Tabletin t&auml;rkeimm&auml;t ominaisuudet<\/h2><ul data-start=\"1034\" data-end=\"2074\">\n<li data-start=\"1034\" data-end=\"1144\">\n<p data-start=\"1036\" data-end=\"1144\"><strong data-start=\"1036\" data-end=\"1059\">Eritt&auml;in rugged rakenne &ndash;<\/strong> MIL-STD-810H-sertifioitu, IP66\/IP68-luokiteltu ja pudotustestattu &auml;&auml;rimm&auml;ist&auml; kest&auml;vyytt&auml; varten.<\/p>\n<\/li>\n<li data-start=\"1145\" data-end=\"1255\">\n<p data-start=\"1147\" data-end=\"1255\"><strong data-start=\"1147\" data-end=\"1175\">12 tuuman eritt&auml;in kirkas n&auml;ytt&ouml; &ndash;<\/strong> 1 000+ nitsin auringonvalossa luettava kosketusn&auml;ytt&ouml;, jossa on tuki k&auml;sine- ja m&auml;rk&auml;kosketusn&auml;yt&ouml;lle.<\/p>\n<\/li>\n<li data-start=\"1256\" data-end=\"1354\">\n<p data-start=\"1258\" data-end=\"1354\"><strong data-start=\"1258\" data-end=\"1282\">Uuden sukupolven suorituskyky &ndash;<\/strong> Qualcomm&reg; 6490 -oktaydinprosessori, jossa on integroitu teko&auml;lykiihdytys.<\/p>\n<\/li>\n<li data-start=\"1355\" data-end=\"1468\">\n<p data-start=\"1357\" data-end=\"1468\"><strong data-start=\"1357\" data-end=\"1382\">5G-first-yhteydet &ndash;<\/strong> Sis&auml;&auml;nrakennettu 5G, Wi-Fi 6E, Bluetooth 5.2 ja parannettu GPS maailmanlaajuiseen kentt&auml;mobiiliin.<\/p>\n<\/li>\n<li data-start=\"1469\" data-end=\"1582\">\n<p data-start=\"1471\" data-end=\"1582\"><strong data-start=\"1471\" data-end=\"1496\">Monipuolinen muoto &ndash;<\/strong> Lis&auml;varusteena saatava rugged n&auml;pp&auml;imist&ouml; ja ajoneuvotelakka tekev&auml;t siit&auml; laptopin korvaajan.<\/p>\n<\/li>\n<li data-start=\"1583\" data-end=\"1681\">\n<p data-start=\"1585\" data-end=\"1681\"><strong data-start=\"1585\" data-end=\"1612\">Kuumavaihdettavat akut &ndash;<\/strong> vakio- ja laajennetut vaihtoehdot keskeytym&auml;t&ouml;nt&auml; monivuorok&auml;ytt&ouml;&auml; varten.<\/p>\n<\/li>\n<li data-start=\"1682\" data-end=\"1780\">\n<p data-start=\"1684\" data-end=\"1780\"><strong data-start=\"1684\" data-end=\"1717\">Yritystason tiedonkeruu &ndash;<\/strong> Integroitu 2D-viivakoodiskanneri ja korkean resoluution kamerat.<\/p>\n<\/li>\n<li data-start=\"1781\" data-end=\"1885\">\n<p data-start=\"1783\" data-end=\"1885\"><strong data-start=\"1783\" data-end=\"1811\">Zebra Mobility DNA -ty&ouml;kalut &ndash;<\/strong> Ohjelmistoekosysteemi laitteiden k&auml;ytt&ouml;&ouml;nottoa, liitett&auml;vyytt&auml; ja tietoturvaa varten.<\/p>\n<\/li>\n<li data-start=\"1886\" data-end=\"1994\">\n<p data-start=\"1888\" data-end=\"1994\"><strong data-start=\"1888\" data-end=\"1911\">Lis&auml;varusteiden ekosysteemi &ndash;<\/strong> saatavilla telakointiasemia, ajoneuvotelineit&auml; ja yritysten latausratkaisuja.<\/p>\n<\/li>\n<li data-start=\"1995\" data-end=\"2074\">\n<p data-start=\"1997\" data-end=\"2074\"><strong data-start=\"1997\" data-end=\"2018\">Takuu &ndash;<\/strong> Zebran 2 vuoden rajoitettu vakiotakuu.<\/p>\n<\/li>\n<\/ul><h2 data-start=\"2076\" data-end=\"2136\">Zebra ET65 Rugged Enterprise Tablet -tabletin t&auml;rkeimm&auml;t edut<\/h2><h3 data-start=\"2138\" data-end=\"2176\">Rugged suorituskyky yli rajojen<\/h3><p data-start=\"2177\" data-end=\"2473\">ET65 on tarkoituksenmukaisesti suunniteltu menestym&auml;&auml;n kovimmissakin ymp&auml;rist&ouml;iss&auml;. IP66\/IP68-luokituksen ansiosta se kest&auml;&auml; p&ouml;ly&auml;, rankkasadetta ja veteen upottamista. MIL-STD-810H-sertifiointi takaa kest&auml;vyyden t&auml;rin&auml;&auml;, iskuja ja &auml;&auml;rimm&auml;isi&auml; l&auml;mp&ouml;tiloja vastaan, joten se on luotettava laite etulinjan ty&ouml;ntekij&ouml;ille.<\/p><h3 data-start=\"2475\" data-end=\"2509\">Kirkas ja luettavissa kaikkialla<\/h3><p data-start=\"2510\" data-end=\"2756\">Sen 12 tuuman eritt&auml;in kirkas n&auml;ytt&ouml; takaa erinomaisen luettavuuden jopa suorassa auringonvalossa. K&auml;sine- ja m&auml;rk&auml;kosketustuki mahdollistaa keskeytym&auml;tt&ouml;m&auml;n k&auml;yt&ouml;n haastavissa s&auml;&auml;olosuhteissa, jolloin kentt&auml;ty&ouml;ntekij&auml;t voivat k&auml;ytt&auml;&auml; kriittisi&auml; tietoja ja sovelluksia ilman kompromisseja.<\/p><h3 data-start=\"2758\" data-end=\"2798\">Optimoitu ulkok&auml;ytt&ouml;&ouml;n<\/h3><p data-start=\"2799\" data-end=\"3092\">Toisin kuin ET60, ET65 on suunniteltu 5G-ensimm&auml;iseksi rugged tabletiksi. Kehittyneell&auml; GPS-toiminnolla se takaa eritt&auml;in tarkan paikannuksen, ja 5G ja Wi-Fi 6E tarjoavat eritt&auml;in nopean tiedonsiirron dataa vaativiin sovelluksiin, kuten suoraan videon suoratoistoon, GIS-kartoitukseen ja et&auml;tarkastuksiin.<\/p><h3 data-start=\"3094\" data-end=\"3128\">Yritystason suorituskyky<\/h3><p data-start=\"3129\" data-end=\"3368\">Qualcomm&reg; 6490 -suorittimella varustettu ET65 tarjoaa tehokkaan moniteht&auml;v&auml;- ja teko&auml;lyvalmiuden. Teollisen IoT-tiedonkeruusta CAD-visualisointiin ET65 tarjoaa sujuvaa toimintaa ja tulevaisuuden prosessointitehoa.<\/p><h3 data-start=\"3370\" data-end=\"3403\">Joustava laptopin vaihto<\/h3><p data-start=\"3404\" data-end=\"3669\">Lis&auml;varusteena saatava rugged n&auml;pp&auml;imist&ouml; ja ajoneuvon telakointiratkaisu tekev&auml;t ET65:st&auml; t&auml;ysin laptopin vaihtoehdon. T&auml;m&auml; monipuolisuus v&auml;hent&auml;&auml; useiden laitteiden tarvetta, joten tiimit voivat mukauttaa ET65:n erilaisiin ty&ouml;nkulkuihin toimistossa, ajoneuvossa tai kent&auml;ll&auml;.<\/p><h3 data-start=\"3671\" data-end=\"3699\">Laajennettu akkuvirta<\/h3><p data-start=\"3700\" data-end=\"3907\">Kuumavaihdettavat akkuvaihtoehdot takaavat jatkuvan k&auml;ytt&ouml;ajan jopa kaksivuoroty&ouml;ss&auml;. Ty&ouml;ntekij&auml;t voivat vaihtaa akut sekunneissa ilman sammuttamista, mik&auml; takaa maksimaalisen tuottavuuden kriittisiss&auml; toiminnoissa.<\/p><h3 data-start=\"3909\" data-end=\"3948\">Luotettava tiedonkeruu ja kuvantaminen<\/h3><p data-start=\"3949\" data-end=\"4192\">Integroidun 2D-viivakoodiskannerin ja korkean resoluution kameroiden ansiosta ET65 on ihanteellinen omaisuuden seurantaan, kunnon todentamiseen ja reaaliaikaiseen raportointiin. Skannaustekniikka on optimoitu tarkkuutta varten my&ouml;s haastavissa olosuhteissa.<\/p><h3 data-start=\"4194\" data-end=\"4227\">Turvallinen ja yritysvalmis<\/h3><p data-start=\"4228\" data-end=\"4463\">Zebra Mobility DNA:n avulla ET65 tarjoaa yritystason tietoturvan ja hallittavuuden. IT-tiimit saavat hallinnan StageNow&rsquo;n, Enterprise Home Screenin ja WorryFree WiFi:n kaltaisten ty&ouml;kalujen avulla, mik&auml; takaa optimoidun suorituskyvyn ja pienemm&auml;n TCO:n.<\/p><h3 data-start=\"4465\" data-end=\"4494\">Pitk&auml;aikainen luotettavuus<\/h3><p data-start=\"4495\" data-end=\"4700\">ET65:ll&auml; on kolmen vuoden rajoitettu takuu ja valinnaiset Zebran tukipalvelut. Organisaatiot voivat luottaa johdonmukaiseen suorituskykyyn ja laajennettuun elinkaaren hallintaan kriittisiss&auml; k&auml;ytt&ouml;&ouml;notoissa.<\/p><h2 data-start=\"4702\" data-end=\"4755\">Zebra ET65 Rugged Tabletin ihanteelliset k&auml;ytt&ouml;tapaukset<\/h2><ul data-start=\"4757\" data-end=\"5320\">\n<li data-start=\"4757\" data-end=\"4877\">\n<p data-start=\"4759\" data-end=\"4877\"><strong data-start=\"4759\" data-end=\"4786\">Julkinen turvallisuus ja puolustus &ndash;<\/strong> Turvalliset ja rugged viestint&auml;v&auml;lineet etulinjan poliiseille ja h&auml;t&auml;tilanteiden vastaajille.<\/p>\n<\/li>\n<li data-start=\"4878\" data-end=\"4995\">\n<p data-start=\"4880\" data-end=\"4995\"><strong data-start=\"4880\" data-end=\"4909\">Yleishy&ouml;dylliset palvelut ja kentt&auml;huolto &ndash;<\/strong> Luotettavuus vaikeissa s&auml;&auml;olosuhteissa ja syrj&auml;isill&auml; alueilla kehittyneiden GPS- ja 5G-yhteyksien ansiosta.<\/p>\n<\/li>\n<li data-start=\"4996\" data-end=\"5107\">\n<p data-start=\"4998\" data-end=\"5107\"><strong data-start=\"4998\" data-end=\"5028\">Kuljetus ja logistiikka &ndash;<\/strong> Ajoneuvoihin asennettavat ty&ouml;nkulut, reittien optimointi ja reaaliaikainen tietojen jakaminen.<\/p>\n<\/li>\n<li data-start=\"5108\" data-end=\"5213\">\n<p data-start=\"5110\" data-end=\"5213\"><strong data-start=\"5110\" data-end=\"5140\">Rakentaminen ja suunnittelu &ndash;<\/strong> Kest&auml;v&auml; suunnittelu ja suuri n&auml;ytt&ouml; tukevat projektinhallintaa paikan p&auml;&auml;ll&auml;.<\/p>\n<\/li>\n<li data-start=\"5214\" data-end=\"5320\">\n<p data-start=\"5216\" data-end=\"5320\"><strong data-start=\"5216\" data-end=\"5244\">Teollinen valmistus &ndash;<\/strong> Toimii moitteettomasti t&auml;rin&auml;n, p&ouml;lyn ja l&auml;mp&ouml;tilan vaihteluiden keskell&auml;.<\/p>\n<\/li>\n<\/ul><h2 data-start=\"145\" data-end=\"181\">Zebra ET65 tuotevertailut<\/h2><p data-start=\"183\" data-end=\"412\">Zebra ET65 perustuu ET60-alustaan ja tarjoaa vahvemman ulkok&auml;ytt&ouml;valmiuden, 5G-yhteyden ja IP68-sertifioinnin. Vaihtoehtoja arvioiville yrityksille Micro Nordicin valikoimissa on my&ouml;s muita rugged tabletteja:<\/p><ul data-start=\"414\" data-end=\"855\">\n<li data-start=\"414\" data-end=\"574\">\n<p data-start=\"416\" data-end=\"574\"><a href=\"https:\/\/micronordic.com\/product\/zebra-et60-rugged-enterprise-tablet\/\"><strong data-start=\"416\" data-end=\"455\">Zebra ET60 Rugged Enterprise Tablet<\/strong><\/a> Perusalusta, jossa on monipuolinen muoto ja rugged suorituskyky, ihanteellinen sis&auml;- ja ulkotilojen sekaty&ouml;prosesseihin.<\/p>\n<\/li>\n<li data-start=\"575\" data-end=\"698\">\n<p data-start=\"577\" data-end=\"698\"><a href=\"https:\/\/micronordic.com\/product\/getac-f110-touch-fully-rugged-tablet\/\"><strong data-start=\"577\" data-end=\"611\">Getac F110 Fully Rugged Tablet<\/strong><\/a> 11,6 tuuman Fully Rugged Windows-tabletti, joka on suunniteltu teollisuus- ja kentt&auml;toimintaan.<\/p>\n<\/li>\n<li data-start=\"699\" data-end=\"855\">\n<p data-start=\"701\" data-end=\"855\"><a href=\"https:\/\/micronordic.com\/product\/panasonic-toughpad-fz-m1-refurbished\/\"><strong data-start=\"701\" data-end=\"758\">Panasonic TOUGHBOOK FZ-M1 Rugged Tablet<\/strong><\/a> Pienikokoinen 7&Prime; rugged-tabletti, joka tarjoaa kannettavuutta ja edullisuutta erikoistuneisiin k&auml;ytt&ouml;tarkoituksiin.<\/p>\n<\/li>\n<\/ul>\n","protected":false},"excerpt":{"rendered":"<h3>Tekniset tiedot:<\/h3>\n<ul>\n<li><strong>N\u00e4ytt\u00f6:<\/strong> 1000+ nits, k\u00e4sine- ja m\u00e4rk\u00e4kosketustuki.<\/li>\n<li><strong>Prosessori:<\/strong> Qualcomm\u00ae 6490 -oktaydinprosessori, jossa on teko\u00e4lykiihdytin<\/li>\n<li><strong>Grafiikka:<\/strong> GPU: Integroitu Qualcomm Adreno GPU<\/li>\n<li><strong>Muisti:<\/strong> RAM-muisti: Enint\u00e4\u00e4n 8 GB<\/li>\n<li><strong>Varastointi:<\/strong> Laajennettavissa microSD-muistikortilla.<\/li>\n<li><strong>Liitett\u00e4vyys: 5G, Wi-Fi<\/strong> 6E, Bluetooth 5.2, GPS<\/li>\n<li><strong>Rugged sertifioinnit:<\/strong> MIL-STD-810H, IP66\/IP68, pudotuksenkest\u00e4vyys<\/li>\n<li><strong>Turvallisuus:<\/strong> Yhteensopivuus EMM:n kanssa: Androidin yritysturvallisuus, EMM-yhteensopivuus<\/li>\n<li><strong>Akku: Kuumavaihdettava<\/strong> vakioakku ja pidennetty akkuvaihtoehto<\/li>\n<li><strong>Mitat ja paino:<\/strong> paino: Noin 12\u2033 malli, ~1,3 kg.<\/li>\n<li><strong>Takuu:<\/strong> 2 vuoden rajoitettu vakiotakuu<\/li>\n<\/ul>\n","protected":false},"author":24,"featured_media":100163,"template":"","meta":{"_acf_changed":false,"inline_featured_image":false},"product-condition":[5252],"product_brand":[9009],"product_cat":[5129,5133,5134],"product_tag":[],"class_list":{"0":"post-47652","1":"product","2":"type-product","3":"status-publish","4":"has-post-thumbnail","6":"product-condition-new-in-box","7":"product_brand-zebra","8":"product_cat-all-rugged-tablets","9":"product_cat-new-in-box-rugged-hardware","10":"product_cat-zebra","12":"first","13":"instock","14":"taxable","15":"shipping-taxable","16":"purchasable","17":"product-type-simple"},"acf":[],"_links":{"self":[{"href":"https:\/\/micronordic.com\/fi\/wp-json\/wp\/v2\/product\/47652","targetHints":{"allow":["GET"]}}],"collection":[{"href":"https:\/\/micronordic.com\/fi\/wp-json\/wp\/v2\/product"}],"about":[{"href":"https:\/\/micronordic.com\/fi\/wp-json\/wp\/v2\/types\/product"}],"author":[{"embeddable":true,"href":"https:\/\/micronordic.com\/fi\/wp-json\/wp\/v2\/users\/24"}],"version-history":[{"count":4,"href":"https:\/\/micronordic.com\/fi\/wp-json\/wp\/v2\/product\/47652\/revisions"}],"predecessor-version":[{"id":99080,"href":"https:\/\/micronordic.com\/fi\/wp-json\/wp\/v2\/product\/47652\/revisions\/99080"}],"wp:featuredmedia":[{"embeddable":true,"href":"https:\/\/micronordic.com\/fi\/wp-json\/wp\/v2\/media\/100163"}],"wp:attachment":[{"href":"https:\/\/micronordic.com\/fi\/wp-json\/wp\/v2\/media?parent=47652"}],"wp:term":[{"taxonomy":"product-condition","embeddable":true,"href":"https:\/\/micronordic.com\/fi\/wp-json\/wp\/v2\/product-condition?post=47652"},{"taxonomy":"product_brand","embeddable":true,"href":"https:\/\/micronordic.com\/fi\/wp-json\/wp\/v2\/product_brand?post=47652"},{"taxonomy":"product_cat","embeddable":true,"href":"https:\/\/micronordic.com\/fi\/wp-json\/wp\/v2\/product_cat?post=47652"},{"taxonomy":"product_tag","embeddable":true,"href":"https:\/\/micronordic.com\/fi\/wp-json\/wp\/v2\/product_tag?post=47652"}],"curies":[{"name":"wp","href":"https:\/\/api.w.org\/{rel}","templated":true}]}}