{"id":47650,"date":"2024-08-02T13:58:55","date_gmt":"2024-08-02T11:58:55","guid":{"rendered":"https:\/\/micronordic.com\/product\/zebra-et60-rugged-enterprise-tablet-new\/"},"modified":"2025-11-17T10:25:16","modified_gmt":"2025-11-17T09:25:16","slug":"zebra-et60-rugged-enterprise-tablet","status":"publish","type":"product","link":"https:\/\/micronordic.com\/fi\/product\/zebra-et60-rugged-enterprise-tablet\/","title":{"rendered":"Zebra ET60 Rugged Tablet (UUSI)"},"content":{"rendered":"<?xml encoding=\"utf-8\" ?><h2 data-start=\"341\" data-end=\"380\">Zebra ET60 Rugged Enterprise Tablet<\/h2><p data-start=\"382\" data-end=\"886\"><strong data-start=\"386\" data-end=\"425\">Zebra ET60 Rugged Enterprise Tablet on<\/strong> t&auml;ysin rugged laite, joka on suunniteltu vaativimpiinkin ymp&auml;rist&ouml;ihin. ET60 on suunniteltu tarjoamaan luotettavaa suorituskyky&auml; logistiikan, valmistuksen, yleishy&ouml;dyllisten laitosten ja julkisen turvallisuuden kaltaisille toimialoille, ja se tarjoaa poikkeuksellisen kest&auml;vyyden, nopeat yhteydet ja joustavat kokoonpanot. Lis&auml;varusteena saatavien irrotettavien n&auml;pp&auml;imist&ouml;jen ja ajoneuvotelakan avulla se voidaan helposti muuntaa kannettavan tietokoneen korvaajaksi, mik&auml; tekee siit&auml; yhden Zebran t&auml;h&auml;n menness&auml; monipuolisimmista rugged tableteista.   Uusilla tuotteilla on 2 vuoden valmistajan takuu.<\/p><h2 data-start=\"888\" data-end=\"937\">Zebra ET60 Rugged Tabletin t&auml;rkeimm&auml;t ominaisuudet<\/h2><ul data-start=\"939\" data-end=\"1969\">\n<li data-start=\"939\" data-end=\"1044\">\n<p data-start=\"941\" data-end=\"1044\"><strong data-start=\"941\" data-end=\"964\">Fully Rugged design &ndash;<\/strong> MIL-STD-810H-sertifioitu, IP66-luokiteltu ja pudotustestattu &auml;&auml;rimm&auml;isen kest&auml;v&auml;ksi.<\/p>\n<\/li>\n<li data-start=\"1045\" data-end=\"1161\">\n<p data-start=\"1047\" data-end=\"1161\"><strong data-start=\"1047\" data-end=\"1079\">12 tuuman n&auml;ytt&ouml;, joka on luettavissa ulkona &ndash;<\/strong> eritt&auml;in kirkas kosketusn&auml;ytt&ouml;, jossa on k&auml;sine- ja m&auml;rk&auml;kosketustuki kaikissa olosuhteissa.<\/p>\n<\/li>\n<li data-start=\"1162\" data-end=\"1257\">\n<p data-start=\"1164\" data-end=\"1257\"><strong data-start=\"1164\" data-end=\"1187\">Tehokas prosessointi &ndash;<\/strong> Qualcomm&reg; 6490 -oktaydinprosessori, jossa on kehittyneet teko&auml;lyominaisuudet.<\/p>\n<\/li>\n<li data-start=\"1258\" data-end=\"1382\">\n<p data-start=\"1260\" data-end=\"1382\"><strong data-start=\"1260\" data-end=\"1284\">Joustava muoto &ndash;<\/strong> Muunneltava muotoilu, jossa on valinnainen rugged n&auml;pp&auml;imist&ouml; ja ajoneuvotelakka laptop-tyylisi&auml; ty&ouml;nkulkuja varten.<\/p>\n<\/li>\n<li data-start=\"1383\" data-end=\"1488\">\n<p data-start=\"1385\" data-end=\"1488\"><strong data-start=\"1385\" data-end=\"1418\">Yritysluokan liitett&auml;vyys &ndash;<\/strong> Wi-Fi 6E, Bluetooth 5.2, GPS ja valinnainen 5G kentt&auml;mobiiliytt&auml; varten.<\/p>\n<\/li>\n<li data-start=\"1489\" data-end=\"1577\">\n<p data-start=\"1491\" data-end=\"1577\"><strong data-start=\"1491\" data-end=\"1515\">Pitk&auml;kestoinen akku &ndash;<\/strong> Suuren kapasiteetin akkuvaihtoehdot, joissa on hot-swap-tuki.<\/p>\n<\/li>\n<li data-start=\"1578\" data-end=\"1668\">\n<p data-start=\"1580\" data-end=\"1668\"><strong data-start=\"1580\" data-end=\"1605\">Kehittynyt tiedonkeruu &ndash;<\/strong> Integroitu 2D-viivakoodiskanneri ja korkean resoluution kamerat.<\/p>\n<\/li>\n<li data-start=\"1669\" data-end=\"1779\">\n<p data-start=\"1671\" data-end=\"1779\"><strong data-start=\"1671\" data-end=\"1699\">Zebra Mobility DNA -ty&ouml;kalut &ndash;<\/strong> esiladattu ohjelmistopaketti k&auml;ytt&ouml;&ouml;nottoa, hallintaa ja turvallista toimintaa varten.<\/p>\n<\/li>\n<li data-start=\"1780\" data-end=\"1889\">\n<p data-start=\"1782\" data-end=\"1889\"><strong data-start=\"1782\" data-end=\"1805\">Modulaariset lis&auml;varusteet &ndash;<\/strong> Tukevat telakointia, kiinnikkeit&auml;, laajennusmoduuleja ja yritysten latausratkaisuja.<\/p>\n<\/li>\n<li data-start=\"1890\" data-end=\"1969\">\n<p data-start=\"1892\" data-end=\"1969\"><strong data-start=\"1892\" data-end=\"1913\">Takuu sis&auml;ltyy &ndash;<\/strong> Zebran 2 vuoden rajoitettu vakiotakuu.<\/p>\n<\/li>\n<\/ul><h2 data-start=\"1971\" data-end=\"2031\">Zebra ET60 Rugged Enterprise Tablet -tabletin t&auml;rkeimm&auml;t edut<\/h2><h3 data-start=\"2033\" data-end=\"2080\">Rugged luotettavuus vaativiin ymp&auml;rist&ouml;ihin<\/h3><p data-start=\"2081\" data-end=\"2368\">ET60 on suunniteltu &auml;&auml;riolosuhteisiin, ja sen MIL-STD-810H-sertifiointi ja IP66-tiivistys suojaavat p&ouml;lylt&auml;, vedelt&auml;, t&auml;rin&auml;lt&auml; ja &auml;&auml;rimm&auml;isilt&auml; l&auml;mp&ouml;tiloilta. ET60 takaa keskeytym&auml;tt&ouml;m&auml;n suorituskyvyn varastoissa ja ulkotiloissa teht&auml;viss&auml; kentt&auml;t&ouml;iss&auml;, joissa kuluttajatabletit eiv&auml;t onnistuisi. <\/p><h3 data-start=\"2370\" data-end=\"2403\">Ylivoimainen n&auml;kyvyys n&auml;yt&ouml;ss&auml;<\/h3><p data-start=\"2404\" data-end=\"2697\">ET60:n suurella 12 tuuman eritt&auml;in kirkkaalla n&auml;yt&ouml;ll&auml; on erinomainen luettavuus sis&auml;ll&auml; ja ulkona. N&auml;ytt&ouml; tukee k&auml;sine- ja m&auml;rk&auml;kosketusn&auml;ytt&ouml;&auml;, joten sit&auml; on helppo k&auml;ytt&auml;&auml; sateessa, lumessa tai p&ouml;lyisiss&auml; ymp&auml;rist&ouml;iss&auml;. T&auml;m&auml; n&auml;kyvyys on t&auml;rke&auml;&auml; ty&ouml;ntekij&ouml;ille, jotka tarvitsevat reaaliaikaisia tietoja kent&auml;ll&auml;.  <\/p><h3 data-start=\"2699\" data-end=\"2732\">Korkean suorituskyvyn prosessointi<\/h3><p data-start=\"2733\" data-end=\"3031\">Qualcomm&reg; 6490 -oktaydinsuorittimella varustettu ET60 tarjoaa yritystason suorituskyky&auml; vaativiin ty&ouml;teht&auml;viin, kuten GIS-kartoitukseen, logistiikan seurantaan ja monimutkaisiin kentt&auml;palvelusovelluksiin. Sen teko&auml;lyvalmis arkkitehtuuri takaa tulevaisuuden mukautuvuuden kehittyviin yritysratkaisuihin. <\/p><h3 data-start=\"3033\" data-end=\"3060\">Monipuolinen muototekij&auml;<\/h3><p data-start=\"3061\" data-end=\"3317\">ET60 on enemm&auml;n kuin pelkk&auml; tabletti. Lis&auml;varusteena saatavan rugged n&auml;pp&auml;imist&ouml;n ja ajoneuvotelakan avulla se voi toimia rugged laptopin korvaajana. T&auml;m&auml;n monipuolisuuden ansiosta organisaatiot voivat v&auml;hent&auml;&auml; laitekantaa yhdist&auml;m&auml;ll&auml; laptopit ja tabletit yhdelle alustalle.  <\/p><h3 data-start=\"3319\" data-end=\"3357\">Yritysyhteydet miss&auml; tahansa<\/h3><p data-start=\"3358\" data-end=\"3603\">ET60 tukee Wi-Fi 6E:t&auml;, Bluetooth 5.2:ta, GPS:&auml;&auml; ja valinnaista 5G:t&auml;, joten se pit&auml;&auml; tiimit yhteydess&auml; joka tilanteessa. Olipa kyseess&auml; tehdas, liikkuva ajoneuvo tai syrj&auml;iset kentt&auml;toiminnot, luotettava nopea viestint&auml; takaa jatkuvan tuottavuuden. <\/p><h3 data-start=\"3605\" data-end=\"3641\">Laajennettu teho pitki&auml; ty&ouml;vuoroja varten<\/h3><p data-start=\"3642\" data-end=\"3883\">ET60 on suunniteltu koko p&auml;iv&auml;n k&auml;ytt&ouml;&ouml;n, ja siin&auml; on suurikapasiteettiset akut, joissa on hot-swap-tuki, joten ty&ouml;ntekij&auml;t voivat vaihtaa akut tien p&auml;&auml;ll&auml; keskeytt&auml;m&auml;tt&auml; ty&ouml;nkulkuja. N&auml;in se soveltuu erityisen hyvin pitkiin ty&ouml;vuoroihin ja 24\/7-toimintaan. <\/p><h3 data-start=\"3885\" data-end=\"3920\">Kehittynyt skannaus ja kuvantaminen<\/h3><p data-start=\"3921\" data-end=\"4149\">Integroidun 2D-skannerin ja korkearesoluutioisten kameroiden ansiosta ET60 mahdollistaa nopean ja tarkan tiedonkeruun. Logistiikan viivakoodiskannauksesta kentt&auml;huollon kuvadokumentointiin se parantaa tehokkuutta ja v&auml;hent&auml;&auml; virheit&auml;. <\/p><h3 data-start=\"4151\" data-end=\"4179\">Liikkuvuus DNA-ekosysteemi<\/h3><p data-start=\"4180\" data-end=\"4421\">ET60 on esiasennettu Zebran Mobility DNA -ohjelmistopaketilla, joten se tarjoaa t&auml;ydellisen yritysratkaisun. K&auml;ytt&ouml;&ouml;noton, tietoturvan, yhteyksien optimoinnin ja k&auml;ytt&auml;j&auml;hallinnan ty&ouml;kalut antavat IT-tiimeille hallinnan ja parantavat samalla ty&ouml;ntekij&ouml;iden tuottavuutta. <\/p><h3 data-start=\"4423\" data-end=\"4467\">Takana Zebran takuu ja tuki<\/h3><p data-start=\"4468\" data-end=\"4695\">ET60:ll&auml; on kolmen vuoden rajoitettu takuu, joka takaa pitk&auml;aikaisen luotettavuuden. Zebran yritystukipalvelut pident&auml;v&auml;t elinkaaren hallintaa entisest&auml;&auml;n, mik&auml; antaa organisaatioille mielenrauhaa ja pienent&auml;&auml; omistuksen kokonaiskustannuksia. <\/p><h2 data-start=\"4697\" data-end=\"4750\">Zebra ET60 Rugged Tabletin ihanteelliset k&auml;ytt&ouml;tapaukset<\/h2><ul data-start=\"4752\" data-end=\"5297\">\n<li data-start=\"4752\" data-end=\"4865\">\n<p data-start=\"4754\" data-end=\"4865\"><strong data-start=\"4754\" data-end=\"4781\">Logistiikka ja varastointi &ndash;<\/strong> Reaaliaikainen varastonseuranta, viivakoodin skannaus ja trukkiin asennettavat ty&ouml;nkulut.<\/p>\n<\/li>\n<li data-start=\"4866\" data-end=\"4975\">\n<p data-start=\"4868\" data-end=\"4975\"><strong data-start=\"4868\" data-end=\"4897\">Kentt&auml;huolto ja yleishy&ouml;dylliset palvelut &ndash;<\/strong> Kest&auml;v&auml; ja liitetty laite tarkastuksia, raportointia ja huoltoa varten.<\/p>\n<\/li>\n<li data-start=\"4976\" data-end=\"5085\">\n<p data-start=\"4978\" data-end=\"5085\"><strong data-start=\"4978\" data-end=\"4995\">Valmistus &ndash;<\/strong> Luotettava tuotantoymp&auml;rist&ouml;iss&auml;, joissa on p&ouml;ly&auml;, t&auml;rin&auml;&auml; ja l&auml;mp&ouml;tilahaasteita.<\/p>\n<\/li>\n<li data-start=\"5086\" data-end=\"5189\">\n<p data-start=\"5088\" data-end=\"5189\"><strong data-start=\"5088\" data-end=\"5115\">Julkinen turvallisuus ja puolustus &ndash;<\/strong> Turvallinen viestint&auml; ja rugged suorituskyky etulinjan operaatioihin.<\/p>\n<\/li>\n<li data-start=\"5190\" data-end=\"5297\">\n<p data-start=\"5192\" data-end=\"5297\"><strong data-start=\"5192\" data-end=\"5224\">Kuljetusten ja kaluston hallinta &ndash;<\/strong> telakointiratkaisut ja 5G-yhteydet mahdollistavat liikkuvat komentokeskukset.<\/p>\n<\/li>\n<\/ul><h2 data-start=\"139\" data-end=\"175\">Zebra ET60 tuotevertailut<\/h2><p data-start=\"177\" data-end=\"374\">Zebra ET60 tarjoaa vertaansa vailla olevaa monipuolisuutta kuromalla umpeen rugged tablettien ja kannettavien tietokoneiden v&auml;lisen kuilun. Vaihtoehtoja vertaileville yrityksille MicroNordicin valikoimissa on my&ouml;s muita rugged laitteita: <\/p><ul data-start=\"376\" data-end=\"778\">\n<li data-start=\"376\" data-end=\"501\">\n<p data-start=\"378\" data-end=\"501\"><a href=\"https:\/\/micronordic.com\/product\/zebra-et65-rugged-enterprise-tablet\/\"><strong data-start=\"378\" data-end=\"417\">Zebra ET65 Kest&auml;v&auml; Rugged Tablet<\/strong><\/a> &ndash; L&auml;heisesti sukua oleva malli, jossa on kehittyneet ulkoiluominaisuudet ja 5G-first-suunnittelu.<\/p>\n<\/li>\n<li data-start=\"502\" data-end=\"634\">\n<p data-start=\"504\" data-end=\"634\"><a href=\"https:\/\/micronordic.com\/product\/getac-f110-touch-fully-rugged-tablet\/\"><strong data-start=\"504\" data-end=\"538\">Getac F110 Fully Rugged Tablet<\/strong><\/a> 11,6 tuuman Fully Rugged Windows-tabletti, joka on suunniteltu vaativiin teollisuus- ja kentt&auml;sovelluksiin.<\/p>\n<\/li>\n<li data-start=\"635\" data-end=\"778\">\n<p data-start=\"637\" data-end=\"778\"><a href=\"https:\/\/micronordic.com\/product\/panasonic-toughpad-fz-m1-refurbished\/\"><strong data-start=\"637\" data-end=\"694\">Panasonic TOUGHBOOK FZ-M1 Rugged Tablet (kunnostettu)<\/strong><\/a> &ndash; Pienempi 7&Prime; rugged-tabletti, joka tarjoaa siirrett&auml;vyytt&auml; erikoistuneisiin ty&ouml;nkulkuihin.<\/p>\n<\/li>\n<\/ul>\n","protected":false},"excerpt":{"rendered":"<h3>Tekniset tiedot:<\/h3>\n<ul>\n<li><strong>N\u00e4ytt\u00f6:<\/strong> 12\u2033 eritt\u00e4in kirkas kosketusn\u00e4ytt\u00f6, luettavissa auringonvalossa, k\u00e4sine- ja m\u00e4rk\u00e4kosketustuki.<\/li>\n<li><strong>Prosessori:<\/strong> Qualcomm\u00ae 6490 -oktaydinprosessori, jossa on teko\u00e4lykiihdytin<\/li>\n<li><strong>Grafiikka:<\/strong> GPU: Integroitu Qualcomm Adreno GPU<\/li>\n<li><strong>Muisti:<\/strong> RAM-muisti: Enint\u00e4\u00e4n 8 GB<\/li>\n<li><strong>Varastointi:<\/strong> Laajennettavissa microSD-muistikortilla.<\/li>\n<li><strong>Liitett\u00e4vyys:<\/strong> Wi-Fi 6E, Bluetooth 5.2, GPS, valinnainen 5G.<\/li>\n<li><strong>Rugged sertifioinnit:<\/strong> MIL-STD-810H, IP66, pudotuskest\u00e4vyys: MIL-STD-810H, IP66, pudotuskest\u00e4v\u00e4<\/li>\n<li><strong>Turvallisuus:<\/strong> Yhteensopivuus EMM:n kanssa: Androidin yritysturvallisuus, EMM-yhteensopivuus<\/li>\n<li><strong>Akku: Kuumavaihdettava<\/strong> vakioakku ja pidennetty akkuvaihtoehto<\/li>\n<li><strong>Mitat ja paino:<\/strong> paino: Noin 12\u2033 malli, ~1,3 kg. <\/li>\n<li><strong>Takuu:<\/strong> 2 vuoden rajoitettu vakiotakuu<\/li>\n<\/ul>\n","protected":false},"author":24,"featured_media":100163,"template":"","meta":{"_acf_changed":false,"inline_featured_image":false},"product-condition":[5252],"product_brand":[9009],"product_cat":[5129,5133,5134],"product_tag":[],"class_list":{"0":"post-47650","1":"product","2":"type-product","3":"status-publish","4":"has-post-thumbnail","6":"product-condition-new-in-box","7":"product_brand-zebra","8":"product_cat-all-rugged-tablets","9":"product_cat-new-in-box-rugged-hardware","10":"product_cat-zebra","12":"first","13":"instock","14":"taxable","15":"shipping-taxable","16":"purchasable","17":"product-type-simple"},"acf":[],"_links":{"self":[{"href":"https:\/\/micronordic.com\/fi\/wp-json\/wp\/v2\/product\/47650","targetHints":{"allow":["GET"]}}],"collection":[{"href":"https:\/\/micronordic.com\/fi\/wp-json\/wp\/v2\/product"}],"about":[{"href":"https:\/\/micronordic.com\/fi\/wp-json\/wp\/v2\/types\/product"}],"author":[{"embeddable":true,"href":"https:\/\/micronordic.com\/fi\/wp-json\/wp\/v2\/users\/24"}],"version-history":[{"count":2,"href":"https:\/\/micronordic.com\/fi\/wp-json\/wp\/v2\/product\/47650\/revisions"}],"predecessor-version":[{"id":97786,"href":"https:\/\/micronordic.com\/fi\/wp-json\/wp\/v2\/product\/47650\/revisions\/97786"}],"wp:featuredmedia":[{"embeddable":true,"href":"https:\/\/micronordic.com\/fi\/wp-json\/wp\/v2\/media\/100163"}],"wp:attachment":[{"href":"https:\/\/micronordic.com\/fi\/wp-json\/wp\/v2\/media?parent=47650"}],"wp:term":[{"taxonomy":"product-condition","embeddable":true,"href":"https:\/\/micronordic.com\/fi\/wp-json\/wp\/v2\/product-condition?post=47650"},{"taxonomy":"product_brand","embeddable":true,"href":"https:\/\/micronordic.com\/fi\/wp-json\/wp\/v2\/product_brand?post=47650"},{"taxonomy":"product_cat","embeddable":true,"href":"https:\/\/micronordic.com\/fi\/wp-json\/wp\/v2\/product_cat?post=47650"},{"taxonomy":"product_tag","embeddable":true,"href":"https:\/\/micronordic.com\/fi\/wp-json\/wp\/v2\/product_tag?post=47650"}],"curies":[{"name":"wp","href":"https:\/\/api.w.org\/{rel}","templated":true}]}}