{"id":47648,"date":"2024-08-02T13:58:55","date_gmt":"2024-08-02T11:58:55","guid":{"rendered":"https:\/\/micronordic.com\/product\/zebra-et45-rugged-enterprise-tablet-new\/"},"modified":"2025-11-17T10:21:36","modified_gmt":"2025-11-17T09:21:36","slug":"zebra-et45-rugged-enterprise-tablet","status":"publish","type":"product","link":"https:\/\/micronordic.com\/fi\/product\/zebra-et45-rugged-enterprise-tablet\/","title":{"rendered":"Zebra ET45 Rugged Tablet (UUSI)"},"content":{"rendered":"<?xml encoding=\"utf-8\" ?><h2 data-start=\"217\" data-end=\"256\">Zebra ET45 Rugged Enterprise Tablet<\/h2><p data-start=\"258\" data-end=\"838\"><strong data-start=\"262\" data-end=\"301\">Zebra ET45 Rugged Enterprise Tablet on<\/strong> suunniteltu yrityksille, jotka tarvitsevat mobiililaitteen, joka on tarpeeksi kest&auml;v&auml; haastaviin ymp&auml;rist&ouml;ihin ja tarjoaa samalla koko p&auml;iv&auml;n suorituskyvyn, liitett&auml;vyyden ja yritysluokan ominaisuudet. ET45 perustuu ET40:n perustalle, ja se lis&auml;&auml; siihen laajennetut mobiililaajakaistavaihtoehdot, mik&auml; tekee siit&auml; ihanteellisen ratkaisun tiimeille, jotka ty&ouml;skentelev&auml;t perinteisen Wi-Fi-alueen ulkopuolella. Rugged rakenteensa, kuumavaihdettavien akkujensa ja kehittyneiden tiedonkeruuominaisuuksiensa ansiosta ET45 takaa tuottavuuden ja luotettavuuden v&auml;hitt&auml;iskaupassa, logistiikassa, kentt&auml;huollossa ja muualla. Uusilla tuotteilla on 2 vuoden valmistajan takuu.<\/p><h2 data-start=\"840\" data-end=\"889\">Zebra ET45 Rugged Tabletin t&auml;rkeimm&auml;t ominaisuudet<\/h2><ul data-start=\"891\" data-end=\"1892\">\n<li data-start=\"891\" data-end=\"1006\">\n<p data-start=\"893\" data-end=\"1006\"><strong data-start=\"893\" data-end=\"910\">Rugged design &ndash;<\/strong> Pudotustestattu 1,2 metrin korkeuteen betoniin ja IP65-sertifioitu p&ouml;lyn- ja vedenkest&auml;vyyden osalta.<\/p>\n<\/li>\n<li data-start=\"1007\" data-end=\"1114\">\n<p data-start=\"1009\" data-end=\"1114\"><strong data-start=\"1009\" data-end=\"1044\">10,1 tuuman auringonvalossa luettava n&auml;ytt&ouml; &ndash; Korkearesoluutioinen<\/strong> FHD-kosketusn&auml;ytt&ouml;, jossa on k&auml;sine- ja m&auml;rk&auml;kosketustuki.<\/p>\n<\/li>\n<li data-start=\"1115\" data-end=\"1218\">\n<p data-start=\"1117\" data-end=\"1218\"><strong data-start=\"1117\" data-end=\"1149\">Yritystason suorituskyky &ndash;<\/strong> Octa-core Qualcomm Snapdragon -suoritin sujuvaan moniajoon.<\/p>\n<\/li>\n<li data-start=\"1219\" data-end=\"1311\">\n<p data-start=\"1221\" data-end=\"1311\"><strong data-start=\"1221\" data-end=\"1247\">Mobiililaajakaistavalmius &ndash;<\/strong> Wi-Fi 6, Bluetooth 5.0 ja valinnainen 5G tai 4G LTE GPS:n kanssa.<\/p>\n<\/li>\n<li data-start=\"1312\" data-end=\"1406\">\n<p data-start=\"1314\" data-end=\"1406\"><strong data-start=\"1314\" data-end=\"1339\">Kehittynyt tiedonkeruu &ndash;<\/strong> Integroitu 2D-viivakoodiskanneri ja korkearesoluutioinen takakamera.<\/p>\n<\/li>\n<li data-start=\"1407\" data-end=\"1499\">\n<p data-start=\"1409\" data-end=\"1499\"><strong data-start=\"1409\" data-end=\"1430\">Pitk&auml; akun k&auml;ytt&ouml;ik&auml; &ndash;<\/strong> vakio- ja pidennetty akkuvaihtoehto, jossa on hot-swap-malli.<\/p>\n<\/li>\n<li data-start=\"1500\" data-end=\"1598\">\n<p data-start=\"1502\" data-end=\"1598\"><strong data-start=\"1502\" data-end=\"1531\">Kevyt ja ergonominen &ndash;<\/strong> Ohut ja kannettava muoto on suunniteltu pitk&auml;kestoiseen p&auml;ivitt&auml;iseen k&auml;ytt&ouml;&ouml;n.<\/p>\n<\/li>\n<li data-start=\"1599\" data-end=\"1700\">\n<p data-start=\"1601\" data-end=\"1700\"><strong data-start=\"1601\" data-end=\"1629\">Zebra Mobility DNA -ty&ouml;kalut &ndash;<\/strong> Sis&auml;&auml;nrakennettu ohjelmistoekosysteemi k&auml;ytt&ouml;&ouml;nottoa, turvallisuutta ja tuottavuutta varten.<\/p>\n<\/li>\n<li data-start=\"1701\" data-end=\"1803\">\n<p data-start=\"1703\" data-end=\"1803\"><strong data-start=\"1703\" data-end=\"1727\">Yritystarvikkeet &ndash;<\/strong> Yhteensopiva telakoiden, kiinnikkeiden ja yritystason latausratkaisujen kanssa.<\/p>\n<\/li>\n<li data-start=\"1804\" data-end=\"1892\">\n<p data-start=\"1806\" data-end=\"1892\"><strong data-start=\"1806\" data-end=\"1827\">Takuu &ndash;<\/strong> 2 vuoden rajoitettu vakiotakuu Zebran tukivaihtoehdoilla.<\/p>\n<\/li>\n<\/ul><h2 data-start=\"1894\" data-end=\"1954\">Zebra ET45 Rugged Enterprise Tablet -tabletin t&auml;rkeimm&auml;t edut<\/h2><h3 data-start=\"1956\" data-end=\"1993\">Rugged luotettavuus kent&auml;ll&auml;<\/h3><p data-start=\"1994\" data-end=\"2253\">Zebra ET45 on suunniteltu kest&auml;m&auml;&auml;n kovia olosuhteita, ja se on pudotuskest&auml;v&auml; ja IP65-luokituksen mukainen, mik&auml; suojaa sit&auml; p&ouml;lylt&auml; ja vedelt&auml;. Se takaa luotettavan suorituskyvyn varastossa, tien p&auml;&auml;ll&auml; tai ulkona, miss&auml; kuluttaja-Tablet-tietokoneet pett&auml;isiv&auml;t nopeasti, olipa kyse sitten varastosta, tien p&auml;&auml;ll&auml; tai ulkona. <\/p><h3 data-start=\"2255\" data-end=\"2286\">Selke&auml; n&auml;kyvyys kaikkialla<\/h3><p data-start=\"2287\" data-end=\"2512\">ET45 on varustettu 10,1 tuuman FHD-n&auml;yt&ouml;ll&auml;, ja sen luettavuus on erinomainen sek&auml; sis&auml;ll&auml; ett&auml; ulkona. K&auml;sine- ja m&auml;rk&auml;kosketustuen ansiosta ty&ouml;ntekij&auml;t voivat k&auml;ytt&auml;&auml; laitetta kaikissa s&auml;&auml;olosuhteissa, mik&auml; tekee siit&auml; ihanteellisen kentt&auml;k&auml;ytt&ouml;&ouml;n. <\/p><h3 data-start=\"2514\" data-end=\"2551\">Optimoitu liikkuville ty&ouml;ntekij&ouml;ille<\/h3><p data-start=\"2552\" data-end=\"2806\">Toisin kuin ET40, ET45 on varustettu valinnaisella 5G- tai 4G LTE -yhteydell&auml;. T&auml;m&auml; varmistaa, ett&auml; tiimit voivat pysy&auml; yhteydess&auml; reaaliajassa silloinkin, kun Wi-Fi-yhteys ei ole k&auml;ytett&auml;viss&auml;, mik&auml; tekee siit&auml; erinomaisen valinnan kuljetus-, logistiikka- ja kentt&auml;huoltosovelluksiin. <\/p><h3 data-start=\"2808\" data-end=\"2836\">Tehokas tiedonkeruu<\/h3><p data-start=\"2837\" data-end=\"3123\">Integroitu 2D-viivakoodiskanneri ja korkean resoluution kamera tehostavat ty&ouml;nkulkuja, kuten varastonhallintaa, toimitustodistusta ja omaisuuden seurantaa. Zebran skannaustekniikka toimii luotettavasti my&ouml;s vaurioituneilla tai huonosti tulostetuilla viivakoodeilla, mik&auml; v&auml;hent&auml;&auml; virheit&auml; ja parantaa tehokkuutta. <\/p><h3 data-start=\"3125\" data-end=\"3149\">Pitk&auml;kestoinen teho<\/h3><p data-start=\"3150\" data-end=\"3371\">Kuumavaihdettavat vakio- ja laajennetut akkuvaihtoehdot takaavat keskeytym&auml;tt&ouml;m&auml;t ty&ouml;vuorot. Ty&ouml;ntekij&auml;t voivat vaihtaa akut liikkeell&auml; sammuttamatta laitetta, mik&auml; mahdollistaa jatkuvan toiminnan pitkien kentt&auml;p&auml;ivien ajan. <\/p><h3 data-start=\"3373\" data-end=\"3414\">Yritysvalmis ohjelmistoekosysteemi<\/h3><p data-start=\"3415\" data-end=\"3706\">Zebra Mobility DNA:n ansiosta ET45 tarjoaa muutakin kuin laitteiston. Yritykset saavat k&auml;ytt&ouml;&ouml;ns&auml; ty&ouml;kalut, jotka parantavat liitett&auml;vyytt&auml; (WorryFree WiFi), virtaviivaistavat laitteiden k&auml;ytt&ouml;&ouml;nottoa (StageNow) ja parantavat turvallisuutta ja k&auml;ytt&auml;jien hallintaa (Enterprise Home Screen). T&auml;m&auml; ekosysteemi maksimoi investoinnin tuoton.  <\/p><h3 data-start=\"3708\" data-end=\"3745\">Mukava, kevyt muotoilu<\/h3><p data-start=\"3746\" data-end=\"3960\">Kest&auml;vist&auml; sertifioinneista huolimatta ET45 s&auml;ilytt&auml;&auml; ohuen ja ergonomisen muotoilunsa, mik&auml; v&auml;hent&auml;&auml; v&auml;symyst&auml; pitk&auml;aikaisessa k&auml;yt&ouml;ss&auml;. Sit&auml; voidaan kantaa tai asentaa mukavasti, ja se tukee monenlaisia toimintatilanteita. <\/p><h3 data-start=\"3962\" data-end=\"3997\">Luotettava tuki ja takuu<\/h3><p data-start=\"3998\" data-end=\"4207\">ET45:ll&auml; on kolmen vuoden rajoitettu takuu, joten se on rakennettu pitk&auml;aikaiseen luotettavuuteen. Zebra tarjoaa my&ouml;s valinnaisia tukipalveluja, jotka pident&auml;v&auml;t elinkaaren hallintaa entisest&auml;&auml;n ja pienent&auml;v&auml;t omistuksen kokonaiskustannuksia. <\/p><h2 data-start=\"4209\" data-end=\"4262\">Zebra ET45 Rugged Tabletin ihanteelliset k&auml;ytt&ouml;tapaukset<\/h2><ul data-start=\"4264\" data-end=\"4800\">\n<li data-start=\"4264\" data-end=\"4359\">\n<p data-start=\"4266\" data-end=\"4359\"><strong data-start=\"4266\" data-end=\"4290\">V&auml;hitt&auml;iskauppa ja vieraanvaraisuus &ndash;<\/strong> Mobiilikassat, reaaliaikaiset varastotarkastukset ja asiakkaiden sitouttaminen.<\/p>\n<\/li>\n<li data-start=\"4360\" data-end=\"4469\">\n<p data-start=\"4362\" data-end=\"4469\"><strong data-start=\"4362\" data-end=\"4392\">Kuljetus ja logistiikka &ndash;<\/strong> Kalustonhallinta, toimitustodistukset ja GPS-pohjainen reittioptimointi.<\/p>\n<\/li>\n<li data-start=\"4470\" data-end=\"4583\">\n<p data-start=\"4472\" data-end=\"4583\"><strong data-start=\"4472\" data-end=\"4501\">Kentt&auml;huolto ja yleishy&ouml;dylliset palvelut &ndash;<\/strong> Luotettava yhteys ja rugged suorituskyky tarkastuksia ja huoltoa varten.<\/p>\n<\/li>\n<li data-start=\"4584\" data-end=\"4685\">\n<p data-start=\"4586\" data-end=\"4685\"><strong data-start=\"4586\" data-end=\"4616\">Varastointi ja jakelu &ndash;<\/strong> Viivakoodin skannaus, tilausten poiminta ja tehokas varastonhallinta.<\/p>\n<\/li>\n<li data-start=\"4686\" data-end=\"4800\">\n<p data-start=\"4688\" data-end=\"4800\"><strong data-start=\"4688\" data-end=\"4718\">Julkinen turvallisuus ja julkishallinto &ndash;<\/strong> Kannettava, turvallinen ja rugged etulinjan ty&ouml;ntekij&ouml;ille vaativissa ymp&auml;rist&ouml;iss&auml;.<\/p>\n<\/li>\n<\/ul><h2 data-start=\"4802\" data-end=\"4837\">Zebra ET45 tuotevertailut<\/h2><p data-start=\"4839\" data-end=\"5036\">Zebra ET45 laajentaa ET40:n ominaisuuksia lis&auml;&auml;m&auml;ll&auml; mobiililaajakaistan kentt&auml;toimintoja varten. Vaihtoehtoja arvioiville yrityksille MicroNordicilta on saatavana my&ouml;s muita rugged tabletteja: <\/p><ul data-start=\"5038\" data-end=\"5718\">\n<li data-start=\"5038\" data-end=\"5251\">\n<p data-start=\"5040\" data-end=\"5251\"><a href=\"https:\/\/micronordic.com\/product\/zebra-et40-rugged-enterprise-tablet\/\"><strong data-start=\"5040\" data-end=\"5151\">Zebra ET40 Rugged Enterprise Tablet<\/strong> <\/a>Kustannustehokas yritystietokone, jossa on Wi-Fi-yhteys ja joka on ihanteellinen sis&auml;tiloihin keskittyviin ty&ouml;nkulkuihin.<\/p>\n<\/li>\n<li data-start=\"5252\" data-end=\"5474\">\n<p data-start=\"5254\" data-end=\"5474\"><a href=\"https:\/\/micronordic.com\/product\/getac-f110-touch-fully-rugged-tablet\/\"><strong data-start=\"5254\" data-end=\"5361\">Getac F110 Fully Rugged Tablet<\/strong><\/a> Fully Rugged 11,6 tuuman tablet, joka on suunniteltu ammattilaisille, jotka tarvitsevat suuremman n&auml;yt&ouml;n ja maksimaalisen kest&auml;vyyden.<\/p>\n<\/li>\n<li data-start=\"5475\" data-end=\"5718\">\n<p data-start=\"5477\" data-end=\"5718\"><a href=\"https:\/\/micronordic.com\/product\/panasonic-toughpad-fz-m1-refurbished\/\"><strong data-start=\"5477\" data-end=\"5606\">Panasonic Toughpad FZ-M1 rugged Tablet<\/strong><\/a> Pienikokoinen 7&Prime; rugged, kunnostetussa kunnossa oleva tabletti, joka on ihanteellinen kentt&auml;k&auml;ytt&ouml;&ouml;n ja erikoissovelluksiin.<\/p>\n<\/li>\n<\/ul>\n","protected":false},"excerpt":{"rendered":"<h3>Tekniset tiedot:<\/h3>\n<ul>\n<li><strong>N\u00e4ytt\u00f6:<\/strong> (1920\u00d71200), auringonvalossa luettava kosketusn\u00e4ytt\u00f6, jossa on k\u00e4sine- ja m\u00e4rk\u00e4kosketustuki.<\/li>\n<li><strong>Prosessori:<\/strong> Snapdragon-prosessori: Octa-core Qualcomm Snapdragon<\/li>\n<li><strong>Grafiikka:<\/strong> GPU: Integroitu Qualcomm Adreno GPU<\/li>\n<li><strong>Muisti:<\/strong> RAM-vaihtoehdot: 4 GB &#8211; 8 GB<\/li>\n<li><strong>Varastointi:<\/strong> Laajennettavissa microSD-muistikortilla.<\/li>\n<li><strong>Liitett\u00e4vyys:<\/strong> 4G\/5G LTE ja GPS.<\/li>\n<li><strong>Rugged sertifioinnit:<\/strong> IP65-sertifioitu, 4 ft pudotuskest\u00e4vyys: MIL-STD-810H-testattu, IP65-sertifioitu, 4 ft pudotuskest\u00e4vyys<\/li>\n<li><strong>Turvallisuus:<\/strong> Android Enterprise -turva, valinnainen tuki yrityksen liikkuvuuden hallinnalle<\/li>\n<li><strong>Akku: vakio-<\/strong> ja laajennettu akku, vaihdettavissa kuumavaihdolla<\/li>\n<li><strong>Mitat ja paino:<\/strong> paino: Noin 10,1\u2033 malli, ~1,04 kg. <\/li>\n<li><strong>Takuu:<\/strong> 2 vuoden rajoitettu vakiotakuu<\/li>\n<\/ul>\n","protected":false},"author":24,"featured_media":100133,"template":"","meta":{"_acf_changed":false,"inline_featured_image":false},"product-condition":[5252],"product_brand":[9009],"product_cat":[5129,5133,5134],"product_tag":[],"class_list":{"0":"post-47648","1":"product","2":"type-product","3":"status-publish","4":"has-post-thumbnail","6":"product-condition-new-in-box","7":"product_brand-zebra","8":"product_cat-all-rugged-tablets","9":"product_cat-new-in-box-rugged-hardware","10":"product_cat-zebra","12":"first","13":"instock","14":"taxable","15":"shipping-taxable","16":"purchasable","17":"product-type-simple"},"acf":[],"_links":{"self":[{"href":"https:\/\/micronordic.com\/fi\/wp-json\/wp\/v2\/product\/47648","targetHints":{"allow":["GET"]}}],"collection":[{"href":"https:\/\/micronordic.com\/fi\/wp-json\/wp\/v2\/product"}],"about":[{"href":"https:\/\/micronordic.com\/fi\/wp-json\/wp\/v2\/types\/product"}],"author":[{"embeddable":true,"href":"https:\/\/micronordic.com\/fi\/wp-json\/wp\/v2\/users\/24"}],"version-history":[{"count":3,"href":"https:\/\/micronordic.com\/fi\/wp-json\/wp\/v2\/product\/47648\/revisions"}],"predecessor-version":[{"id":97773,"href":"https:\/\/micronordic.com\/fi\/wp-json\/wp\/v2\/product\/47648\/revisions\/97773"}],"wp:featuredmedia":[{"embeddable":true,"href":"https:\/\/micronordic.com\/fi\/wp-json\/wp\/v2\/media\/100133"}],"wp:attachment":[{"href":"https:\/\/micronordic.com\/fi\/wp-json\/wp\/v2\/media?parent=47648"}],"wp:term":[{"taxonomy":"product-condition","embeddable":true,"href":"https:\/\/micronordic.com\/fi\/wp-json\/wp\/v2\/product-condition?post=47648"},{"taxonomy":"product_brand","embeddable":true,"href":"https:\/\/micronordic.com\/fi\/wp-json\/wp\/v2\/product_brand?post=47648"},{"taxonomy":"product_cat","embeddable":true,"href":"https:\/\/micronordic.com\/fi\/wp-json\/wp\/v2\/product_cat?post=47648"},{"taxonomy":"product_tag","embeddable":true,"href":"https:\/\/micronordic.com\/fi\/wp-json\/wp\/v2\/product_tag?post=47648"}],"curies":[{"name":"wp","href":"https:\/\/api.w.org\/{rel}","templated":true}]}}