{"id":47646,"date":"2024-08-02T13:58:55","date_gmt":"2024-08-02T11:58:55","guid":{"rendered":"https:\/\/micronordic.com\/product\/zebra-et40-rugged-enterprise-tablet-new\/"},"modified":"2025-11-24T12:14:32","modified_gmt":"2025-11-24T11:14:32","slug":"zebra-et40-rugged-enterprise-tablet","status":"publish","type":"product","link":"https:\/\/micronordic.com\/fi\/product\/zebra-et40-rugged-enterprise-tablet\/","title":{"rendered":"Zebra ET40 Rugged Tablet (UUSI)"},"content":{"rendered":"<?xml encoding=\"utf-8\" ?><h2 data-start=\"283\" data-end=\"322\">Zebra ET40 Rugged Enterprise Tablet<\/h2><p data-start=\"324\" data-end=\"841\"><strong data-start=\"328\" data-end=\"367\">Zebra ET40 Rugged Enterprise Tablet on<\/strong> suunniteltu yrityksille, jotka vaativat enemm&auml;n kuin mit&auml; kuluttajaluokan laitteet voivat tarjota. ET40 yhdist&auml;&auml; kevyen muotoilutekij&auml;n ja yritystason kest&auml;vyyden, ja se tarjoaa kustannustehokkaan ratkaisun esimerkiksi v&auml;hitt&auml;iskaupan, majoitus- ja ravitsemistoiminnan, kuljetuksen, logistiikan ja kentt&auml;palveluiden aloille. Rugged sertifikaattien, kehittyneen tiedonkeruun ja pitk&auml;aikaisen suorituskyvyn ansiosta ET40 takaa luotettavan toiminnan niin myym&auml;l&auml;ss&auml;, varastossa kuin kent&auml;ll&auml;kin. Uusilla tuotteilla on 2 vuoden valmistajan takuu.<\/p><h2 data-start=\"843\" data-end=\"892\">Zebra ET40 Rugged Tabletin t&auml;rkeimm&auml;t ominaisuudet<\/h2><ul data-start=\"894\" data-end=\"1953\">\n<li data-start=\"894\" data-end=\"1009\">\n<p data-start=\"896\" data-end=\"1009\"><strong data-start=\"896\" data-end=\"913\">Rugged rakenne &ndash;<\/strong> Pudotustestattu 1,2 metrin (4 ft) korkeuteen betoniin ja IP65-sertifioitu p&ouml;lylt&auml; ja vedelt&auml; suojaamiseksi.<\/p>\n<\/li>\n<li data-start=\"1010\" data-end=\"1120\">\n<p data-start=\"1012\" data-end=\"1120\"><strong data-start=\"1012\" data-end=\"1039\">Hyvin n&auml;kyv&auml; n&auml;ytt&ouml; &ndash;<\/strong> 10,1 tuuman FHD-kosketusn&auml;ytt&ouml;, joka on luettavissa p&auml;iv&auml;nvalossa ja tukee hansikkaiden\/m&auml;rk&auml;kosketusta.<\/p>\n<\/li>\n<li data-start=\"1121\" data-end=\"1244\">\n<p data-start=\"1123\" data-end=\"1244\"><strong data-start=\"1123\" data-end=\"1155\">Yritysluokan suorituskyky &ndash;<\/strong> Oktaydinprosessori, joka tarjoaa sulavaa moniajoa ja sovellusten k&auml;sittely&auml;.<\/p>\n<\/li>\n<li data-start=\"1245\" data-end=\"1344\">\n<p data-start=\"1247\" data-end=\"1344\"><strong data-start=\"1247\" data-end=\"1273\">Monipuolinen liitett&auml;vyys &ndash;<\/strong> Wi-Fi 6, Bluetooth 5.0 ja valinnainen 4G LTE mobiilik&auml;ytt&ouml;&ouml;n.<\/p>\n<\/li>\n<li data-start=\"1345\" data-end=\"1436\">\n<p data-start=\"1347\" data-end=\"1436\"><strong data-start=\"1347\" data-end=\"1369\">Tiedonkeruuvalmius &ndash;<\/strong> Integroitu 2D-viivakoodiskanneri ja korkearesoluutioinen takakamera.<\/p>\n<\/li>\n<li data-start=\"1437\" data-end=\"1535\">\n<p data-start=\"1439\" data-end=\"1535\"><strong data-start=\"1439\" data-end=\"1462\">Akun joustavuus &ndash;<\/strong> Pitk&auml;kestoinen akku, jossa on hot-swap-ominaisuus keskeytym&auml;t&ouml;nt&auml; k&auml;ytt&ouml;&auml; varten.<\/p>\n<\/li>\n<li data-start=\"1536\" data-end=\"1649\">\n<p data-start=\"1538\" data-end=\"1649\"><strong data-start=\"1538\" data-end=\"1560\">Mobility DNA suite &ndash;<\/strong> Sis&auml;lt&auml;&auml; Zebran yritysohjelmistoty&ouml;kalut laitteiden k&auml;ytt&ouml;&ouml;nottoa, hallintaa ja suojausta varten.<\/p>\n<\/li>\n<li data-start=\"1650\" data-end=\"1740\">\n<p data-start=\"1652\" data-end=\"1740\"><strong data-start=\"1652\" data-end=\"1681\">Kevyt ja ergonominen &ndash;<\/strong> Ohut muoto on suunniteltu mukavaan koko p&auml;iv&auml;n k&auml;ytt&ouml;&ouml;n.<\/p>\n<\/li>\n<li data-start=\"1741\" data-end=\"1852\">\n<p data-start=\"1743\" data-end=\"1852\"><strong data-start=\"1743\" data-end=\"1773\">Yritysvalmiit lis&auml;varusteet &ndash;<\/strong> Tukee telakointia, ajoneuvokiinnityksi&auml; ja yritystason latausratkaisuja.<\/p>\n<\/li>\n<li data-start=\"1853\" data-end=\"1953\">\n<p data-start=\"1855\" data-end=\"1953\"><strong data-start=\"1855\" data-end=\"1876\">Takuu sis&auml;ltyy &ndash;<\/strong> 2 vuoden rajoitettu vakiotakuu Zebran huolto- ja tukivaihtoehdoilla.<\/p>\n<\/li>\n<\/ul><h2 data-start=\"1955\" data-end=\"2015\">Zebra ET40 Rugged Enterprise Tablet -tabletin t&auml;rkeimm&auml;t edut<\/h2><h3 data-start=\"2017\" data-end=\"2064\">Rugged kest&auml;vyys ja kevyt rakenne<\/h3><p data-start=\"2065\" data-end=\"2263\">ET40 on suunniteltu kest&auml;m&auml;&auml;n putoamisia, p&ouml;ly&auml; ja vesialtistusta, mutta se on silti kevyt ja helppo kuljettaa. Vain hieman yli 1 kg:n paino tarjoaa kannettavuutta tinkim&auml;tt&auml; rugged luotettavuudesta.<\/p><h3 data-start=\"2265\" data-end=\"2295\">Ulkona luettava n&auml;ytt&ouml;<\/h3><p data-start=\"2296\" data-end=\"2525\">10,1 tuuman FHD-n&auml;ytt&ouml; tarjoaa kristallinkirkkaan n&auml;kyvyyden sek&auml; sis&auml;- ett&auml; ulkotiloissa. K&auml;sine- ja m&auml;rk&auml;kosketustuen ansiosta ty&ouml;ntekij&auml;t voivat olla vuorovaikutuksessa laitteen kanssa olosuhteista riippumatta, mik&auml; takaa keskeytym&auml;tt&ouml;m&auml;t ty&ouml;nkulut.<\/p><h3 data-start=\"2527\" data-end=\"2578\">Tehokas k&auml;sittely liiketoimintasovelluksia varten<\/h3><p data-start=\"2579\" data-end=\"2829\">Kehittyneell&auml; kahdeksanytimisell&auml; prosessorilla varustettu ET40 k&auml;sittelee yrityssovelluksia helposti. Suorituskyky pysyy tasaisena ja reagoivana riippumatta siit&auml;, onko k&auml;yt&ouml;ss&auml; POS-ohjelmisto v&auml;hitt&auml;iskaupassa, aikataulutusj&auml;rjestelm&auml;t vieraanvaraisuudessa tai omaisuuden seuranta logistiikassa.<\/p><h3 data-start=\"2831\" data-end=\"2860\">Jatkuva liitett&auml;vyys<\/h3><p data-start=\"2861\" data-end=\"3123\">ET40 tukee Wi-Fi 6:ta ja Bluetooth 5.0:ta nopeaa viestint&auml;&auml; varten. Kent&auml;ll&auml; toimiville tiimeille valinnainen 4G LTE takaa keskeytym&auml;tt&ouml;m&auml;n p&auml;&auml;syn kriittisiin tietoihin ja pilvipohjaisiin sovelluksiin. T&auml;m&auml; yhteys mahdollistaa reaaliaikaisen yhteisty&ouml;n ja p&auml;&auml;t&ouml;ksenteon.<\/p><h3 data-start=\"3125\" data-end=\"3152\">Kehittynyt tiedonkeruu<\/h3><p data-start=\"3153\" data-end=\"3397\">Sis&auml;&auml;nrakennetun 2D-viivakoodiskannerin ja korkean resoluution kameran ansiosta ET40 tehostaa ty&ouml;nkulkuja, kuten varastonhallintaa, pakettien seurantaa ja asiakirjojen tallentamista. Jopa vaurioituneet tai huonosti tulostetut viivakoodit voidaan lukea nopeasti ja tarkasti.<\/p><h3 data-start=\"3399\" data-end=\"3426\">Pidennetty akun k&auml;ytt&ouml;ik&auml;<\/h3><p data-start=\"3427\" data-end=\"3642\">Pitkiin ty&ouml;vuoroihin suunniteltu ET40:n suurikapasiteettinen akku kest&auml;&auml; koko p&auml;iv&auml;n. Hot-swappable-ominaisuus takaa, ett&auml; akut voidaan vaihtaa matkan aikana ilman, ett&auml; laitteen virta katkeaa.<\/p><h3 data-start=\"3644\" data-end=\"3679\">Yritysohjelmistojen ekosysteemi<\/h3><p data-start=\"3680\" data-end=\"3939\">Zebra Mobility DNA -paketti parantaa ET40-laitetta ty&ouml;kaluilla, jotka mahdollistavat turvallisen laiteasennuksen, optimoidun Wi-Fi-yhteyden ja paremman k&auml;ytt&auml;j&auml;n tuottavuuden. Ominaisuudet, kuten Enterprise Home Screen ja StageNow, yksinkertaistavat k&auml;ytt&ouml;&ouml;nottoa ja hallintaa suurissa laitekannoissa.<\/p><h3 data-start=\"3941\" data-end=\"3976\">Luotettava takuu ja tuki<\/h3><p data-start=\"3977\" data-end=\"4189\">ET40:ll&auml; on kolmen vuoden rajoitettu vakiotakuu, joka takaa yrityksille mielenrauhan. Zebran palvelutarjoukset laajentavat laitteen elinkaaren hallintaa entisest&auml;&auml;n ja varmistavat maksimaalisen ROI:n ja minimaalisen seisokkiajan.<\/p><h2 data-start=\"4191\" data-end=\"4244\">Ihanteelliset k&auml;ytt&ouml;tapaukset Zebra ET40 Rugged Tabletille<\/h2><ul data-start=\"4246\" data-end=\"4780\">\n<li data-start=\"4246\" data-end=\"4350\">\n<p data-start=\"4248\" data-end=\"4350\"><strong data-start=\"4248\" data-end=\"4272\">V&auml;hitt&auml;iskauppa ja vieraanvaraisuus &ndash;<\/strong> Mobiili kassakone, varastonhallinta ja asiakaspalvelu myym&auml;l&auml;ss&auml;.<\/p>\n<\/li>\n<li data-start=\"4351\" data-end=\"4452\">\n<p data-start=\"4353\" data-end=\"4452\"><strong data-start=\"4353\" data-end=\"4383\">Kuljetus ja logistiikka &ndash;<\/strong> Reaaliaikainen seuranta, viivakoodin skannaus ja toimituksen vahvistus.<\/p>\n<\/li>\n<li data-start=\"4453\" data-end=\"4567\">\n<p data-start=\"4455\" data-end=\"4567\"><strong data-start=\"4455\" data-end=\"4484\">Kentt&auml;huolto ja yleishy&ouml;dylliset palvelut &ndash;<\/strong> Luotettava suorituskyky tarkastuksissa, kunnossapidossa ja raportoinnissa kent&auml;ll&auml;.<\/p>\n<\/li>\n<li data-start=\"4568\" data-end=\"4667\">\n<p data-start=\"4570\" data-end=\"4667\"><strong data-start=\"4570\" data-end=\"4585\">Varastointi &ndash;<\/strong> Tehokas poiminta, pakkaus ja varastonhallinta skannauksen ja liitett&auml;vyyden avulla.<\/p>\n<\/li>\n<li data-start=\"4668\" data-end=\"4780\">\n<p data-start=\"4670\" data-end=\"4780\"><strong data-start=\"4670\" data-end=\"4687\">Julkinen sektori &ndash;<\/strong> Kest&auml;v&auml;, kannettava laite etulinjan ty&ouml;ntekij&ouml;ille, jotka tarvitsevat turvallisia ja yhdistettyj&auml; ty&ouml;nkulkuja.<\/p>\n<\/li>\n<\/ul><h2 data-start=\"281\" data-end=\"317\">Zebra ET40 tuotevertailut<\/h2><p data-start=\"319\" data-end=\"549\">Zebra ET40 Rugged Tablet on suunniteltu kustannustehokkaaksi, rugged yritystabletiksi, jossa kest&auml;vyys, siirrett&auml;vyys ja suorituskyky ovat tasapainossa. Vaihtoehtoja arvioiville organisaatioille Micro <strong>Nordic tarjo<\/strong> aa <strong>my&ouml;s<\/strong> muita rugged ratkaisuja:<\/p><ul data-start=\"551\" data-end=\"927\">\n<li data-start=\"551\" data-end=\"672\">\n<p data-start=\"553\" data-end=\"672\"><a href=\"https:\/\/micronordic.com\/product\/zebra-et45-rugged-enterprise-tablet\/\"><strong data-start=\"553\" data-end=\"581\">Zebra ET45 Rugged Tablet<\/strong> <\/a>&ndash; Samanlainen rakenne kuin ET40, mutta laajennettu liitett&auml;vyys ja kentt&auml;k&auml;ytt&ouml;&ouml;n suunnatut ominaisuudet.<\/p>\n<\/li>\n<li data-start=\"673\" data-end=\"802\">\n<p data-start=\"675\" data-end=\"802\"><a href=\"https:\/\/micronordic.com\/product\/panasonic-toughpad-fz-m1-refurbished\/\"><strong data-start=\"675\" data-end=\"718\">Panasonic TOUGHBOOK FZ-M1 Rugged Tablet<\/strong><\/a> T&auml;ysin rugged 7&Prime;-tabletti, joka on suunniteltu &auml;&auml;rimm&auml;iseen kannettavuuteen ja vaativaan kentt&auml;k&auml;ytt&ouml;&ouml;n.<\/p>\n<\/li>\n<li data-start=\"803\" data-end=\"927\">\n<p data-start=\"805\" data-end=\"927\"><strong data-start=\"805\" data-end=\"839\"><a href=\"https:\/\/micronordic.com\/product\/getac-f110-touch-fully-rugged-tablet\/\">Getac F110 Fully Rugged Tablet <\/a><\/strong>Suurempi 11,6 tuuman rugged tablet, joka on suunniteltu k&auml;ytt&auml;jille, jotka tarvitsevat lis&auml;&auml; n&auml;ytt&ouml;tilaa.<\/p>\n<\/li>\n<\/ul><p>&nbsp;<\/p>\n","protected":false},"excerpt":{"rendered":"<h3>Tekniset tiedot:<\/h3>\n<ul>\n<li><strong>N\u00e4ytt\u00f6:<\/strong> (1920\u00d71200), auringonvalossa luettava kosketusn\u00e4ytt\u00f6, jossa on k\u00e4sine- ja m\u00e4rk\u00e4kosketustuki.<\/li>\n<li><strong>Prosessori:<\/strong> Snapdragon-prosessori: Octa-core Qualcomm Snapdragon<\/li>\n<li><strong>Grafiikka:<\/strong> GPU: Integroitu Qualcomm Adreno GPU<\/li>\n<li><strong>Muisti:<\/strong> RAM-vaihtoehdot: 4 GB &#8211; 8 GB<\/li>\n<li><strong>Varastointi:<\/strong> Laajennettavissa microSD-muistikortilla.<\/li>\n<li><strong>Liitett\u00e4vyys:<\/strong> 4G LTE (valinnainen): Wi-Fi 6, Bluetooth 5.0, valinnainen 4G LTE<\/li>\n<li><strong>Rugged sertifioinnit:<\/strong> IP65-sertifioitu, 4 ft pudotuskest\u00e4vyys: MIL-STD-810H-testattu, IP65-sertifioitu, 4 ft pudotuskest\u00e4vyys<\/li>\n<li><strong>Turvallisuus:<\/strong> Android Enterprise -turva, valinnainen tuki yrityksen liikkuvuuden hallinnalle<\/li>\n<li><strong>Akku: Vakiovaihtoehto<\/strong> tai laajennettu akku, vaihdettavissa kuumavaihdolla<\/li>\n<li><strong>Mitat ja paino: 10.1\u2033<\/strong> malli n. 1.04 kg.<\/li>\n<li><strong>Takuu:<\/strong> 2 vuoden rajoitettu vakiotakuu<\/li>\n<\/ul>\n","protected":false},"author":24,"featured_media":100148,"template":"","meta":{"_acf_changed":false,"inline_featured_image":false},"product-condition":[5252],"product_brand":[9009],"product_cat":[5129,5133,5134],"product_tag":[],"class_list":{"0":"post-47646","1":"product","2":"type-product","3":"status-publish","4":"has-post-thumbnail","6":"product-condition-new-in-box","7":"product_brand-zebra","8":"product_cat-all-rugged-tablets","9":"product_cat-new-in-box-rugged-hardware","10":"product_cat-zebra","12":"first","13":"instock","14":"taxable","15":"shipping-taxable","16":"purchasable","17":"product-type-simple"},"acf":[],"_links":{"self":[{"href":"https:\/\/micronordic.com\/fi\/wp-json\/wp\/v2\/product\/47646","targetHints":{"allow":["GET"]}}],"collection":[{"href":"https:\/\/micronordic.com\/fi\/wp-json\/wp\/v2\/product"}],"about":[{"href":"https:\/\/micronordic.com\/fi\/wp-json\/wp\/v2\/types\/product"}],"author":[{"embeddable":true,"href":"https:\/\/micronordic.com\/fi\/wp-json\/wp\/v2\/users\/24"}],"version-history":[{"count":4,"href":"https:\/\/micronordic.com\/fi\/wp-json\/wp\/v2\/product\/47646\/revisions"}],"predecessor-version":[{"id":99085,"href":"https:\/\/micronordic.com\/fi\/wp-json\/wp\/v2\/product\/47646\/revisions\/99085"}],"wp:featuredmedia":[{"embeddable":true,"href":"https:\/\/micronordic.com\/fi\/wp-json\/wp\/v2\/media\/100148"}],"wp:attachment":[{"href":"https:\/\/micronordic.com\/fi\/wp-json\/wp\/v2\/media?parent=47646"}],"wp:term":[{"taxonomy":"product-condition","embeddable":true,"href":"https:\/\/micronordic.com\/fi\/wp-json\/wp\/v2\/product-condition?post=47646"},{"taxonomy":"product_brand","embeddable":true,"href":"https:\/\/micronordic.com\/fi\/wp-json\/wp\/v2\/product_brand?post=47646"},{"taxonomy":"product_cat","embeddable":true,"href":"https:\/\/micronordic.com\/fi\/wp-json\/wp\/v2\/product_cat?post=47646"},{"taxonomy":"product_tag","embeddable":true,"href":"https:\/\/micronordic.com\/fi\/wp-json\/wp\/v2\/product_tag?post=47646"}],"curies":[{"name":"wp","href":"https:\/\/api.w.org\/{rel}","templated":true}]}}