{"id":47644,"date":"2024-08-01T20:13:44","date_gmt":"2024-08-01T18:13:44","guid":{"rendered":"https:\/\/micronordic.com\/product\/zebra-tc58e-handheld-mobile-computer-new\/"},"modified":"2025-11-17T10:42:28","modified_gmt":"2025-11-17T09:42:28","slug":"zebra-tc58e-handheld-mobile-computer","status":"publish","type":"product","link":"https:\/\/micronordic.com\/fi\/product\/zebra-tc58e-handheld-mobile-computer\/","title":{"rendered":"Zebra TC58e Handheld Mobile Computer (UUSI)"},"content":{"rendered":"<?xml encoding=\"utf-8\" ?><h2 data-start=\"289\" data-end=\"327\">Zebra TC58e Rugged kannettava tietokone<\/h2><p data-start=\"329\" data-end=\"787\"><strong data-start=\"333\" data-end=\"371\">Zebra TC58e Handheld Mobile Computer tarjoaa<\/strong> uusimman sukupolven yritysliikkuvuuden kompaktissa k&auml;mmenmallissa. Vaativille toimialoille, kuten logistiikkaan, v&auml;hitt&auml;iskauppaan, kuljetukseen ja kentt&auml;palveluihin, suunniteltu TC58e yhdist&auml;&auml; rugged kest&auml;vyyden, 5G-ensimm&auml;isen liitett&auml;vyyden, edistyksellisen tiedonkeruun ja pitk&auml;n akunkeston. K&auml;ytettiinp&auml; sit&auml; sitten sis&auml;ll&auml; tai ulkona, se tarjoaa ty&ouml;ntekij&ouml;ille luotettavan, tehokkaan ja turvallisen ty&ouml;kalun kriittisiin ty&ouml;nkulkuihin.   Uusilla tuotteilla on 2 vuoden valmistajan takuu.<\/p><h2 data-start=\"789\" data-end=\"825\">Zebra TC58e:n t&auml;rkeimm&auml;t ominaisuudet<\/h2><ul data-start=\"827\" data-end=\"1768\">\n<li data-start=\"827\" data-end=\"949\">\n<p data-start=\"829\" data-end=\"949\"><strong data-start=\"829\" data-end=\"846\">Rugged design &ndash;<\/strong> IP65\/IP68-luokitus p&ouml;lyn- ja vedenkest&auml;vyydelle ja pudotustestattu kest&auml;vyyden varmistamiseksi vaikeissa olosuhteissa.<\/p>\n<\/li>\n<li data-start=\"950\" data-end=\"1055\">\n<p data-start=\"952\" data-end=\"1055\"><strong data-start=\"952\" data-end=\"975\">Kirkas 6,0 tuuman n&auml;ytt&ouml; &ndash; Full<\/strong> HD+ -kosketusn&auml;ytt&ouml;, jossa on 600 nitsin kirkkaus ja tuki k&auml;sine- ja m&auml;rk&auml;kosketusn&auml;yt&ouml;lle.<\/p>\n<\/li>\n<li data-start=\"1056\" data-end=\"1149\">\n<p data-start=\"1058\" data-end=\"1149\"><strong data-start=\"1058\" data-end=\"1079\">Nykyaikainen prosessointi &ndash;<\/strong> Qualcomm&reg;-oktaydinj&auml;rjestelm&auml; takaa nopean ja tehokkaan suorituskyvyn.<\/p>\n<\/li>\n<li data-start=\"1150\" data-end=\"1231\">\n<p data-start=\"1152\" data-end=\"1231\"><strong data-start=\"1152\" data-end=\"1179\">Yritysyhteydet &ndash;<\/strong> 5G, Wi-Fi 6E, Bluetooth, GPS ja eSIM-vaihtoehdot.<\/p>\n<\/li>\n<li data-start=\"1232\" data-end=\"1333\">\n<p data-start=\"1234\" data-end=\"1333\"><strong data-start=\"1234\" data-end=\"1250\">Tiedonkeruu &ndash;<\/strong> Integroitu 2D-viivakoodiskanneri (SE4720) sek&auml; 16 MP:n taka- ja 8 MP:n etukamera.<\/p>\n<\/li>\n<li data-start=\"1334\" data-end=\"1428\">\n<p data-start=\"1336\" data-end=\"1428\"><strong data-start=\"1336\" data-end=\"1362\">L&auml;mpim&auml;sti vaihdettava akku &ndash;<\/strong> 4680 mAh:n akku tukee jatkuvia ty&ouml;vuoroja ilman k&auml;ytt&ouml;katkoksia.<\/p>\n<\/li>\n<li data-start=\"1429\" data-end=\"1500\">\n<p data-start=\"1431\" data-end=\"1500\"><strong data-start=\"1431\" data-end=\"1453\">Kevyt rakenne &ndash;<\/strong> Paino noin 282 g helpottaa p&auml;ivitt&auml;ist&auml; k&auml;ytt&ouml;&auml;. <\/p>\n<\/li>\n<li data-start=\"1501\" data-end=\"1595\">\n<p data-start=\"1503\" data-end=\"1595\"><strong data-start=\"1503\" data-end=\"1524\">Sis&auml;&auml;nrakennettu tietoturva &ndash;<\/strong> Android Enterprise -valmius, jossa on yritystason tietoturvaominaisuudet.<\/p>\n<\/li>\n<li data-start=\"1596\" data-end=\"1697\">\n<p data-start=\"1598\" data-end=\"1697\"><strong data-start=\"1598\" data-end=\"1620\">Mobility DNA -ty&ouml;kalut &ndash;<\/strong> Zebran sovellusten ekosysteemi, joka yksinkertaistaa asennusta, k&auml;ytt&ouml;&ouml;nottoa ja hallintaa.<\/p>\n<\/li>\n<li data-start=\"1698\" data-end=\"1768\">\n<p data-start=\"1700\" data-end=\"1768\"><strong data-start=\"1700\" data-end=\"1712\">Takuu &ndash;<\/strong> Valmistajan my&ouml;nt&auml;m&auml; 2 vuoden rajoitettu vakiotakuu.<\/p>\n<\/li>\n<\/ul><h2 data-start=\"1770\" data-end=\"1829\">Zebra TC58e rugged Mobile Computerin t&auml;rkeimm&auml;t edut<\/h2><h3 data-start=\"1831\" data-end=\"1873\">Rugged luotettavuus kompaktissa muodossa<\/h3><p data-start=\"1874\" data-end=\"2063\">Kevyest&auml; ja ohuesta rakenteestaan huolimatta TC58e on Fully Rugged. IP65\/IP68-luokituksen ja putoamisenkest&auml;vyyden ansiosta se menestyy vaativissa ymp&auml;rist&ouml;iss&auml;, joissa kuluttaja&auml;lypuhelimet eiv&auml;t p&auml;rj&auml;&auml;. <\/p><h3 data-start=\"2065\" data-end=\"2096\">Selke&auml; n&auml;kyvyys kaikkialla<\/h3><p data-start=\"2097\" data-end=\"2301\">6,0 tuuman n&auml;ytt&ouml; tarjoaa erinomaisen kirkkauden 600 nitsin tarkkuudella, mik&auml; takaa k&auml;ytett&auml;vyyden sis&auml;ll&auml; ja ulkona. K&auml;sine- ja m&auml;rk&auml;kosketustuen ansiosta ty&ouml;ntekij&auml;t voivat pysy&auml; tuottavina sateessa, p&ouml;lyss&auml; tai kylmiss&auml; s&auml;&auml;olosuhteissa. <\/p><h3 data-start=\"2303\" data-end=\"2332\">Nopea liitett&auml;vyys<\/h3><p data-start=\"2333\" data-end=\"2573\">TC58e on suunniteltu 5G-ensimm&auml;iseksi mobiilitietokoneeksi, ja se mahdollistaa eritt&auml;in nopean tiedonsiirron, videon suoratoiston ja reaaliaikaisen sovellusk&auml;yt&ouml;n. Yhdess&auml; Wi-Fi 6E:n ja Bluetooth 5.0:n kanssa se takaa vakaat ja joustavat yhteydet kaikissa ty&ouml;nkuluissa. <\/p><h3 data-start=\"2575\" data-end=\"2602\">Kehittynyt tiedonkeruu<\/h3><p data-start=\"2603\" data-end=\"2838\">Integroitu SE4720-viivakoodinlukija k&auml;sittelee jopa vaurioituneet tai huonosti tulostetut viivakoodit nopeasti ja tarkasti. Yhdistettyn&auml; korkearesoluutioisiin kameroihin TC58e on ihanteellinen toimitustodistuksiin, omaisuusdokumentointiin ja v&auml;hitt&auml;iskaupan ty&ouml;nkulkuihin. <\/p><h3 data-start=\"2840\" data-end=\"2878\">Jatkuvan k&auml;yt&ouml;n akku<\/h3><p data-start=\"2879\" data-end=\"3058\">L&auml;mpim&auml;sti vaihdettavan 4680 mAh:n akun ansiosta ty&ouml;ntekij&auml;t voivat pit&auml;&auml; laitteet k&auml;ynniss&auml; pitki&auml; ty&ouml;vuoroja. Akut voidaan vaihtaa ilman virran katkaisua, mik&auml; takaa keskeytym&auml;tt&ouml;m&auml;n ty&ouml;nkulun. <\/p><h3 data-start=\"3060\" data-end=\"3099\">Yritysten turvallisuus ja ekosysteemi<\/h3><p data-start=\"3100\" data-end=\"3326\">TC58e k&auml;ytt&auml;&auml; Androidia ja Zebran Mobility DNA -ty&ouml;kaluja, ja siin&auml; yhdistyv&auml;t laitteisto ja ohjelmisto todelliseksi yritysvalmiiksi ratkaisuksi. IT-tiimit voivat virtaviivaistaa k&auml;ytt&ouml;&ouml;nottoa, valvoa k&auml;yt&auml;nt&ouml;j&auml; ja optimoida laitteiden yhteydet. <\/p><h3 data-start=\"3328\" data-end=\"3361\">Monipuolinen eri toimialoilla<\/h3><p data-start=\"3362\" data-end=\"3579\">TC58e mukautuu saumattomasti myym&auml;l&auml;n lattialta jakeluautoon. Sen kest&auml;vyyden, skannauksen, liitett&auml;vyyden ja siirrett&auml;vyyden yhdistelm&auml; tekee siit&auml; sopivan niin logistiikkaan, kentt&auml;palveluihin kuin v&auml;hitt&auml;iskauppaankin. <\/p><h2 data-start=\"3581\" data-end=\"3621\">Zebra TC58e:n ihanteelliset k&auml;ytt&ouml;tapaukset<\/h2><ul data-start=\"3623\" data-end=\"4131\">\n<li data-start=\"3623\" data-end=\"3721\">\n<p data-start=\"3625\" data-end=\"3721\"><strong data-start=\"3625\" data-end=\"3649\">V&auml;hitt&auml;iskauppa ja vieraanvaraisuus &ndash;<\/strong> Mobiilikassat, varastotarkastukset ja asiakkaiden sitouttaminen myym&auml;l&auml;ss&auml;.<\/p>\n<\/li>\n<li data-start=\"3722\" data-end=\"3827\">\n<p data-start=\"3724\" data-end=\"3827\"><strong data-start=\"3724\" data-end=\"3754\">Kuljetus ja logistiikka &ndash;<\/strong> Toimitustodistukset, reaaliaikainen reitinhallinta ja pakettien seuranta.<\/p>\n<\/li>\n<li data-start=\"3828\" data-end=\"3927\">\n<p data-start=\"3830\" data-end=\"3927\"><strong data-start=\"3830\" data-end=\"3859\">Kentt&auml;huolto ja yleishy&ouml;dylliset palvelut &ndash;<\/strong> Tarkastukset, korjaukset ja tietojen tallentaminen ulkoymp&auml;rist&ouml;iss&auml;.<\/p>\n<\/li>\n<li data-start=\"3928\" data-end=\"4022\">\n<p data-start=\"3930\" data-end=\"4022\"><strong data-start=\"3930\" data-end=\"3945\">Varastointi &ndash;<\/strong> Poiminta, skannaus ja varastonhallinta rugged teollisuusolosuhteissa.<\/p>\n<\/li>\n<li data-start=\"4023\" data-end=\"4131\">\n<p data-start=\"4025\" data-end=\"4131\"><strong data-start=\"4025\" data-end=\"4055\">Julkinen turvallisuus ja julkishallinto &ndash;<\/strong> Luotettava ja turvallinen viestint&auml; ja dokumentointi etulinjan ty&ouml;ntekij&ouml;ille.<\/p>\n<\/li>\n<\/ul><h2 data-start=\"4133\" data-end=\"4169\">Zebra TC58e Tuotevertailut<\/h2><p data-start=\"224\" data-end=\"448\">Zebra TC58e edustaa uusinta sukupolvea rugged kannettavia tietokoneita, jotka on optimoitu 5G-yhteyksi&auml; ja kehittyneit&auml; ty&ouml;nkulkuja varten. Vaihtoehtoja harkitseville organisaatioille Micro Nordicilta on saatavilla my&ouml;s muita rugged laitteita, kuten esim: <\/p><ul data-start=\"450\" data-end=\"871\">\n<li data-start=\"450\" data-end=\"588\">\n<p data-start=\"452\" data-end=\"588\"><a href=\"https:\/\/micronordic.com\/product\/zebra-tc53e-handheld-mobile-computer\/\"><strong data-start=\"452\" data-end=\"490\">Zebra TC53e Handheld Mobile Computer<\/strong> <\/a>&ndash; Saman alustan pelkk&auml; Wi-Fi-vaihtoehto, joka on ihanteellinen silloin, kun matkapuhelinyhteytt&auml; ei tarvita.<\/p>\n<\/li>\n<li data-start=\"589\" data-end=\"733\">\n<p data-start=\"591\" data-end=\"733\"><a href=\"https:\/\/micronordic.com\/product\/zebra-tc77-mobile-handheld-computer-refurbished\/\"><strong data-start=\"591\" data-end=\"635\">Zebra TC77 Handheld Mobile Computer<\/strong><\/a>Perinteinen rugged laite, joka on saatavana kunnostettuna ja joka tarjoaa kovaa kest&auml;vyytt&auml; alhaisemmilla kustannuksilla.<\/p>\n<\/li>\n<li data-start=\"734\" data-end=\"871\">\n<p data-start=\"736\" data-end=\"871\"><a href=\"https:\/\/micronordic.com\/product\/zebra-et65-rugged-enterprise-tablet\/\"><strong data-start=\"736\" data-end=\"775\">Zebra ET65 Rugged Tablet<\/strong><\/a> Suurempi 12 tuuman rugged tablet, jossa on 5G-yhteys enemm&auml;n n&auml;ytt&ouml;tilaa vaativiin ty&ouml;nkulkuihin.<\/p>\n<\/li>\n<\/ul>\n","protected":false},"excerpt":{"rendered":"<h3>Tekniset tiedot:<\/h3>\n<ul>\n<li><strong>N\u00e4ytt\u00f6:<\/strong> (2160\u00d71080), 600 nitsin kirkkaus, k\u00e4sine- ja m\u00e4rk\u00e4kosketustuki.<\/li>\n<li><strong>Prosessori:<\/strong> 2,4 GHz:iin asti.<\/li>\n<li><strong>Muisti ja tallennus:<\/strong> Flash-muisti: 6 Gt RAM, 64 Gt flash-muisti<\/li>\n<li><strong>Liitett\u00e4vyys: 5G, Wi-Fi<\/strong> 6E, Bluetooth 5.0, GPS, eSIM<\/li>\n<li><strong>Tiedonkeruu ja kamerat: 2D-kuvantaminen<\/strong> (SE4720), 16 MP:n takakamera, 8 MP:n etukamera.<\/li>\n<li><strong>Akku: 4680<\/strong> mAh l\u00e4mpim\u00e4sti vaihdettava akku<\/li>\n<li><strong>Rugged Sertifikaatit:<\/strong> IP65\/IP68-luokiteltu, pudotuskest\u00e4v\u00e4<\/li>\n<li><strong>Turvallisuus:<\/strong> Android Enterprise -ominaisuudet, NFC, yritystason salaus.<\/li>\n<li><strong>Mitat ja paino:<\/strong> Paino: Noin 282 g <\/li>\n<li><strong>Takuu: 2 vuoden<\/strong> valmistajan rajoitettu vakiotakuu<\/li>\n<\/ul>\n","protected":false},"author":24,"featured_media":100284,"template":"","meta":{"_acf_changed":false,"inline_featured_image":false},"product-condition":[5252],"product_brand":[9009],"product_cat":[5134,5130,5133],"product_tag":[],"class_list":{"0":"post-47644","1":"product","2":"type-product","3":"status-publish","4":"has-post-thumbnail","6":"product-condition-new-in-box","7":"product_brand-zebra","8":"product_cat-zebra","9":"product_cat-all-barcode-scanners","10":"product_cat-new-in-box-rugged-hardware","12":"first","13":"instock","14":"taxable","15":"shipping-taxable","16":"purchasable","17":"product-type-simple"},"acf":[],"_links":{"self":[{"href":"https:\/\/micronordic.com\/fi\/wp-json\/wp\/v2\/product\/47644","targetHints":{"allow":["GET"]}}],"collection":[{"href":"https:\/\/micronordic.com\/fi\/wp-json\/wp\/v2\/product"}],"about":[{"href":"https:\/\/micronordic.com\/fi\/wp-json\/wp\/v2\/types\/product"}],"author":[{"embeddable":true,"href":"https:\/\/micronordic.com\/fi\/wp-json\/wp\/v2\/users\/24"}],"version-history":[{"count":3,"href":"https:\/\/micronordic.com\/fi\/wp-json\/wp\/v2\/product\/47644\/revisions"}],"predecessor-version":[{"id":97839,"href":"https:\/\/micronordic.com\/fi\/wp-json\/wp\/v2\/product\/47644\/revisions\/97839"}],"wp:featuredmedia":[{"embeddable":true,"href":"https:\/\/micronordic.com\/fi\/wp-json\/wp\/v2\/media\/100284"}],"wp:attachment":[{"href":"https:\/\/micronordic.com\/fi\/wp-json\/wp\/v2\/media?parent=47644"}],"wp:term":[{"taxonomy":"product-condition","embeddable":true,"href":"https:\/\/micronordic.com\/fi\/wp-json\/wp\/v2\/product-condition?post=47644"},{"taxonomy":"product_brand","embeddable":true,"href":"https:\/\/micronordic.com\/fi\/wp-json\/wp\/v2\/product_brand?post=47644"},{"taxonomy":"product_cat","embeddable":true,"href":"https:\/\/micronordic.com\/fi\/wp-json\/wp\/v2\/product_cat?post=47644"},{"taxonomy":"product_tag","embeddable":true,"href":"https:\/\/micronordic.com\/fi\/wp-json\/wp\/v2\/product_tag?post=47644"}],"curies":[{"name":"wp","href":"https:\/\/api.w.org\/{rel}","templated":true}]}}