{"id":47640,"date":"2024-08-01T20:13:22","date_gmt":"2024-08-01T18:13:22","guid":{"rendered":"https:\/\/micronordic.com\/product\/zebra-tc58-handheld-mobile-computer-new\/"},"modified":"2025-11-17T11:03:04","modified_gmt":"2025-11-17T10:03:04","slug":"zebra-tc58-handheld-mobile-computer","status":"publish","type":"product","link":"https:\/\/micronordic.com\/fi\/product\/zebra-tc58-handheld-mobile-computer\/","title":{"rendered":"Zebra TC58 Handheld Mobile Computer (UUSI)"},"content":{"rendered":"<?xml encoding=\"utf-8\" ?><h2 data-start=\"423\" data-end=\"460\">Zebra TC58 Handheld Mobile Computer<\/h2><p data-start=\"462\" data-end=\"935\"><strong data-start=\"466\" data-end=\"503\">Zebra TC58 Handheld Mobile Computer on<\/strong> seuraavan sukupolven yrityslaite, joka on suunniteltu organisaatioille, jotka tarvitsevat tehokkaan, rugged ja verkottuneen k&auml;mmenlaiteratkaisun. Zebran TC5X-sarjan menestyksen pohjalta TC58 tarjoaa edistyksellisen 5G-yhteyden, kirkkaan 6,0&Prime; n&auml;yt&ouml;n, integroidun skannauksen ja pitk&auml;kestoisen akun. Olipa kyseess&auml; logistiikka, v&auml;hitt&auml;iskauppa, kentt&auml;huolto tai julkinen turvallisuus, TC58 takaa luotettavan suorituskyvyn vaativissa ty&ouml;nkuluissa.   Uusilla tuotteilla on 2 vuoden valmistajan takuu.<\/p><h2 data-start=\"937\" data-end=\"972\">Zebra TC58:n t&auml;rkeimm&auml;t ominaisuudet<\/h2><ul data-start=\"974\" data-end=\"1884\">\n<li data-start=\"974\" data-end=\"1084\">\n<p data-start=\"976\" data-end=\"1084\"><strong data-start=\"976\" data-end=\"997\">Rugged kest&auml;vyys &ndash;<\/strong> IP65\/IP68-sertifioitu, pudotustestattu ja rakennettu kest&auml;m&auml;&auml;n haastavia ymp&auml;rist&ouml;j&auml;.<\/p>\n<\/li>\n<li data-start=\"1085\" data-end=\"1195\">\n<p data-start=\"1087\" data-end=\"1195\"><strong data-start=\"1087\" data-end=\"1108\">6,0 tuuman FHD+-n&auml;ytt&ouml; &ndash; 600 nitsin<\/strong> kirkkaus, kintaalla ja m&auml;r&auml;ll&auml; kosketuksella toimiminen sek&auml; Gorilla Glass -suojaus.<\/p>\n<\/li>\n<li data-start=\"1196\" data-end=\"1298\">\n<p data-start=\"1198\" data-end=\"1298\"><strong data-start=\"1198\" data-end=\"1218\">Suoritusteho &ndash;<\/strong> Qualcomm&reg; 6490 -oktaydinprosessori, jossa on teko&auml;lykiihdytys vaativia sovelluksia varten.<\/p>\n<\/li>\n<li data-start=\"1299\" data-end=\"1389\">\n<p data-start=\"1301\" data-end=\"1389\"><strong data-start=\"1301\" data-end=\"1317\">Liitett&auml;vyys &ndash;<\/strong> 5G, Wi-Fi 6E, Bluetooth 5.2, GPS ja eSIM yrityksen liikkuvuutta varten.<\/p>\n<\/li>\n<li data-start=\"1390\" data-end=\"1478\">\n<p data-start=\"1392\" data-end=\"1478\"><strong data-start=\"1392\" data-end=\"1408\">Tiedonkeruu &ndash;<\/strong> SE4720 2D-viivakoodiskanneri sek&auml; 16 MP:n taka- ja 8 MP:n etukamera.<\/p>\n<\/li>\n<li data-start=\"1479\" data-end=\"1554\">\n<p data-start=\"1481\" data-end=\"1554\"><strong data-start=\"1481\" data-end=\"1492\">Akku &ndash;<\/strong> 4680 mAh:n l&auml;mpim&auml;sti vaihdettava akku keskeytym&auml;tt&ouml;mi&auml; ty&ouml;vuoroja varten.<\/p>\n<\/li>\n<li data-start=\"1555\" data-end=\"1639\">\n<p data-start=\"1557\" data-end=\"1639\"><strong data-start=\"1557\" data-end=\"1580\">Yritysk&auml;ytt&ouml;j&auml;rjestelm&auml; &ndash;<\/strong> Android 13 laajennetulla tietoturva- ja p&auml;ivitystuella.<\/p>\n<\/li>\n<li data-start=\"1640\" data-end=\"1720\">\n<p data-start=\"1642\" data-end=\"1720\"><strong data-start=\"1642\" data-end=\"1663\">Kevyt rakenne &ndash;<\/strong> Ohut ja kannettava muotoilu, joka painaa vain noin 282 g.<\/p>\n<\/li>\n<li data-start=\"1721\" data-end=\"1820\">\n<p data-start=\"1723\" data-end=\"1820\"><strong data-start=\"1723\" data-end=\"1745\">Mobility DNA -ty&ouml;kalut &ndash;<\/strong> Zebran ohjelmistopaketti nopeaa k&auml;ytt&ouml;&ouml;nottoa ja optimoitua liitett&auml;vyytt&auml; varten.<\/p>\n<\/li>\n<li data-start=\"1821\" data-end=\"1884\">\n<p data-start=\"1823\" data-end=\"1884\"><strong data-start=\"1823\" data-end=\"1835\">Takuu &ndash;<\/strong> Zebran 2 vuoden rajoitettu vakiotakuu.<\/p>\n<\/li>\n<\/ul><h2 data-start=\"1886\" data-end=\"1944\">Zebra TC58 rugged Handheld Mobile Computerin t&auml;rkeimm&auml;t edut<\/h2><h3 data-start=\"1946\" data-end=\"1986\">Rugged muotoilu ammattik&auml;ytt&ouml;&ouml;n<\/h3><p data-start=\"1987\" data-end=\"2207\">TC58 on suunniteltu menestym&auml;&auml;n vaativissa ty&ouml;ymp&auml;rist&ouml;iss&auml;, joissa kuluttaja&auml;lypuhelimet eiv&auml;t p&auml;rj&auml;&auml;. IP65\/IP68-sertifioinnin ja pudotuskest&auml;vyyden ansiosta se on luotettava v&auml;hitt&auml;ismyym&auml;l&ouml;iss&auml;, varastoissa tai ulkoymp&auml;rist&ouml;iss&auml;. <\/p><h3 data-start=\"2209\" data-end=\"2245\">Ylivoimainen n&auml;ytt&ouml; ja k&auml;ytett&auml;vyys<\/h3><p data-start=\"2246\" data-end=\"2466\">Sen 6,0 tuuman FHD+-n&auml;ytt&ouml;, jossa on 600 nitsin kirkkaus, takaa n&auml;kyvyyden sek&auml; sis&auml;ll&auml; ett&auml; ulkona. Tuki k&auml;sine- ja m&auml;rk&auml;kosketusn&auml;yt&ouml;lle tarkoittaa, ett&auml; ty&ouml;ntekij&auml;t pysyv&auml;t tuottavina kaikissa olosuhteissa pakkasista sateisiin rakennusty&ouml;maihin. <\/p><h3 data-start=\"2468\" data-end=\"2503\">Yritysluokan liitett&auml;vyys<\/h3><p data-start=\"2504\" data-end=\"2750\">TC58 on rakennettu 5G-first-mobiilitietokoneeksi, joka tarjoaa nopean tiedonsiirron, vakaan videoviestinn&auml;n ja reaaliaikaisen p&auml;&auml;syn pilvisovelluksiin. Wi-Fi 6E ja Bluetooth 5.2 laajentavat edelleen liit&auml;nt&auml;vaihtoehtoja kaikkiin yrityskohtauksiin. <\/p><h3 data-start=\"2752\" data-end=\"2799\">Tehokas suorituskyky nykyaikaisiin ty&ouml;nkulkuihin<\/h3><p data-start=\"2800\" data-end=\"3033\">Qualcomm&reg; 6490 -oktaydinsuorittimella varustettu TC58 tukee moniajoa, teko&auml;lypohjaisia sovelluksia ja grafiikkavaltaisia ty&ouml;teht&auml;vi&auml;. T&auml;m&auml; tekee siit&auml; tulevaisuudenkest&auml;v&auml;n investoinnin yrityksille, jotka etsiv&auml;t skaalautuvia mobiiliratkaisuja. <\/p><h3 data-start=\"3035\" data-end=\"3062\">Kehittynyt tiedonkeruu<\/h3><p data-start=\"3063\" data-end=\"3282\">SE4720-viivakoodiskanneri takaa nopean ja tarkan skannauksen my&ouml;s huonosti painetuille tai vaurioituneille viivakoodeille. Korkean resoluution 16 MP:n ja 8 MP:n kameroiden avulla ty&ouml;ntekij&auml;t voivat dokumentoida toimitukset, omaisuuser&auml;t ja tarkastukset helposti. <\/p><h3 data-start=\"3284\" data-end=\"3308\">Pitk&auml;kestoinen teho<\/h3><p data-start=\"3309\" data-end=\"3494\">TC58:ssa on l&auml;mpim&auml;sti vaihdettava 4680 mAh:n akku, joka tukee jatkuvaa toimintaa pitkien ty&ouml;vuorojen ajan. Akut voidaan vaihtaa kesken ty&ouml;vuoron ilman virran katkaisua, mik&auml; minimoi seisokkiajan. <\/p><h3 data-start=\"3496\" data-end=\"3527\">Turvallinen ja helppo hallita<\/h3><p data-start=\"3528\" data-end=\"3752\">Android Enterprise yhdistettyn&auml; Zebran Mobility DNA -ty&ouml;kaluihin yksinkertaistaa k&auml;ytt&ouml;&ouml;nottoa, turvaa yritystietoja ja parantaa ty&ouml;voiman tuottavuutta. IT-osastot saavat t&auml;yden n&auml;kyvyyden ja hallinnan laitteisiin eri toimipisteiss&auml;. <\/p><h3 data-start=\"3754\" data-end=\"3785\">Ergonominen ja kevyt<\/h3><p data-start=\"3786\" data-end=\"3961\">TC58 painaa noin 282 g, joten se on kannettava ja mukava k&auml;ytt&auml;&auml; pitki&auml; aikoja. Sen ohut profiili tekee siit&auml; helpon kuljettaa, mutta se on silti t&auml;ysin rugged sertifioitu. <\/p><h2 data-start=\"3963\" data-end=\"4002\">Zebra TC58:n ihanteelliset k&auml;ytt&ouml;tapaukset<\/h2><ul data-start=\"4004\" data-end=\"4442\">\n<li data-start=\"4004\" data-end=\"4089\">\n<p data-start=\"4006\" data-end=\"4089\"><strong data-start=\"4006\" data-end=\"4030\">V&auml;hitt&auml;iskauppa ja vieraanvaraisuus &ndash;<\/strong> Mobiili kassakone, varastotarkastukset ja asiakaspalvelu.<\/p>\n<\/li>\n<li data-start=\"4090\" data-end=\"4185\">\n<p data-start=\"4092\" data-end=\"4185\"><strong data-start=\"4092\" data-end=\"4122\">Kuljetus ja logistiikka &ndash;<\/strong> Pakettien seuranta, toimitustodistukset ja kalustonhallinta.<\/p>\n<\/li>\n<li data-start=\"4186\" data-end=\"4276\">\n<p data-start=\"4188\" data-end=\"4276\"><strong data-start=\"4188\" data-end=\"4217\">Kentt&auml;huolto ja apuohjelmat &ndash;<\/strong> Paikan p&auml;&auml;ll&auml; teht&auml;v&auml;t korjaukset, tarkastukset ja tietojen et&auml;kuvaus.<\/p>\n<\/li>\n<li data-start=\"4277\" data-end=\"4348\">\n<p data-start=\"4279\" data-end=\"4348\"><strong data-start=\"4279\" data-end=\"4294\">Varastointi &ndash;<\/strong> Suurten m&auml;&auml;rien skannaus, ker&auml;ily ja varastonhallinta.<\/p>\n<\/li>\n<li data-start=\"4349\" data-end=\"4442\">\n<p data-start=\"4351\" data-end=\"4442\"><strong data-start=\"4351\" data-end=\"4381\">Julkinen turvallisuus ja julkishallinto &ndash;<\/strong> Luotettavaa ja turvallista mobiilia tietotekniikkaa etulinjan ty&ouml;ntekij&ouml;ille.<\/p>\n<\/li>\n<\/ul><h2 data-start=\"4444\" data-end=\"4479\">Zebra TC58 tuotevertailut<\/h2><p data-start=\"4481\" data-end=\"4665\">Zebra TC58 on suunniteltu yrityksille, jotka tarvitsevat rugged suorituskyky&auml; ja 5G-yhteyksi&auml;. Laitteita vertaileville organisaatioille Micro Nordicissa on saatavilla my&ouml;s muita relevantteja vaihtoehtoja, kuten esim: <\/p><ul data-start=\"4667\" data-end=\"5316\">\n<li data-start=\"4667\" data-end=\"4893\">\n<p data-start=\"4669\" data-end=\"4893\"><strong data-start=\"4669\" data-end=\"4780\"><a class=\"decorated-link cursor-pointer\" href=\"https:\/\/micronordic.com\/product\/zebra-tc58e-handheld-mobile-computer\/\" target=\"_new\" rel=\"noopener\" data-start=\"4671\" data-end=\"4778\">Zebra TC58e Handheld Mobile Computer<\/a><\/strong> &ndash; TC58-alustan uusin parannettu versio, jossa on teko&auml;lyyn soveltuva suorituskyky ja laajennetut yritysominaisuudet.<\/p>\n<\/li>\n<li data-start=\"4894\" data-end=\"5087\">\n<p data-start=\"4896\" data-end=\"5087\"><a href=\"https:\/\/micronordic.com\/product\/zebra-tc53e-handheld-mobile-computer\/\"><strong data-start=\"4896\" data-end=\"5005\">Zebra TC53e Handheld Mobile Computer<\/strong> <\/a>&ndash; Saman sukupolven Wi-Fi-versio, joka on optimoitu sis&auml;tiloissa tapahtuviin ty&ouml;nkulkuihin.<\/p>\n<\/li>\n<li data-start=\"5088\" data-end=\"5316\">\n<p data-start=\"5090\" data-end=\"5316\"><strong data-start=\"5090\" data-end=\"5218\"><a class=\"decorated-link cursor-pointer\" href=\"https:\/\/micronordic.com\/product\/zebra-tc77-mobile-handheld-computer-refurbished\/\" target=\"_new\" rel=\"noopener\" data-start=\"5092\" data-end=\"5216\">Zebra TC77 Handheld Mobile Computer<\/a><\/strong> Perinteinen rugged kannettava tietokone, joka on saatavana kunnostettuna ja joka tarjoaa kest&auml;v&auml;&auml; suorituskyky&auml; edullisemmin kustannuksin.<\/p>\n<\/li>\n<\/ul>\n","protected":false},"excerpt":{"rendered":"<h3>Tekniset tiedot:<\/h3>\n<ul>\n<li><strong>N\u00e4ytt\u00f6:<\/strong> (2160\u00d71080), 600 nitsin kirkkaus, Gorilla Glass, k\u00e4sine- ja m\u00e4rk\u00e4kosketustuki.<\/li>\n<li><strong>Prosessori:<\/strong> Qualcomm\u00ae 6490 -oktaydinprosessori, jossa on teko\u00e4lykiihdytin<\/li>\n<li><strong>Muisti ja tallennus:<\/strong> Flash-muisti: 6 Gt RAM, 64 Gt flash-muisti<\/li>\n<li><strong>Liitett\u00e4vyys: 5G, Wi-Fi<\/strong> 6E, Bluetooth 5.2, GPS, eSIM<\/li>\n<li><strong>Tiedonkeruu ja kamerat:<\/strong> kamerat: SE4720 2D-skanneri, 16 MP takakamera, 8 MP etukamera.<\/li>\n<li><strong>Akku: 4680<\/strong> mAh l\u00e4mpim\u00e4sti vaihdettava akku<\/li>\n<li><strong>Rugged Sertifikaatit:<\/strong> IP65\/IP68-luokiteltu, pudotuskest\u00e4v\u00e4<\/li>\n<li><strong>Turvallisuus:<\/strong> Android Enterprise, yritystason salaus, NFC.<\/li>\n<li><strong>Mitat ja paino:<\/strong> Paino: Noin 282 g <\/li>\n<li><strong><strong>Takuu: <\/strong><\/strong>2 vuoden rajoitettu valmistajan vakiotakuu<\/li>\n<\/ul>\n","protected":false},"author":24,"featured_media":100284,"template":"","meta":{"_acf_changed":false,"inline_featured_image":false},"product-condition":[5252],"product_brand":[9009],"product_cat":[5134,5130,5133],"product_tag":[],"class_list":{"0":"post-47640","1":"product","2":"type-product","3":"status-publish","4":"has-post-thumbnail","6":"product-condition-new-in-box","7":"product_brand-zebra","8":"product_cat-zebra","9":"product_cat-all-barcode-scanners","10":"product_cat-new-in-box-rugged-hardware","12":"first","13":"instock","14":"taxable","15":"shipping-taxable","16":"purchasable","17":"product-type-simple"},"acf":[],"_links":{"self":[{"href":"https:\/\/micronordic.com\/fi\/wp-json\/wp\/v2\/product\/47640","targetHints":{"allow":["GET"]}}],"collection":[{"href":"https:\/\/micronordic.com\/fi\/wp-json\/wp\/v2\/product"}],"about":[{"href":"https:\/\/micronordic.com\/fi\/wp-json\/wp\/v2\/types\/product"}],"author":[{"embeddable":true,"href":"https:\/\/micronordic.com\/fi\/wp-json\/wp\/v2\/users\/24"}],"version-history":[{"count":3,"href":"https:\/\/micronordic.com\/fi\/wp-json\/wp\/v2\/product\/47640\/revisions"}],"predecessor-version":[{"id":97877,"href":"https:\/\/micronordic.com\/fi\/wp-json\/wp\/v2\/product\/47640\/revisions\/97877"}],"wp:featuredmedia":[{"embeddable":true,"href":"https:\/\/micronordic.com\/fi\/wp-json\/wp\/v2\/media\/100284"}],"wp:attachment":[{"href":"https:\/\/micronordic.com\/fi\/wp-json\/wp\/v2\/media?parent=47640"}],"wp:term":[{"taxonomy":"product-condition","embeddable":true,"href":"https:\/\/micronordic.com\/fi\/wp-json\/wp\/v2\/product-condition?post=47640"},{"taxonomy":"product_brand","embeddable":true,"href":"https:\/\/micronordic.com\/fi\/wp-json\/wp\/v2\/product_brand?post=47640"},{"taxonomy":"product_cat","embeddable":true,"href":"https:\/\/micronordic.com\/fi\/wp-json\/wp\/v2\/product_cat?post=47640"},{"taxonomy":"product_tag","embeddable":true,"href":"https:\/\/micronordic.com\/fi\/wp-json\/wp\/v2\/product_tag?post=47640"}],"curies":[{"name":"wp","href":"https:\/\/api.w.org\/{rel}","templated":true}]}}