{"id":47638,"date":"2024-08-01T20:13:06","date_gmt":"2024-08-01T18:13:06","guid":{"rendered":"https:\/\/micronordic.com\/product\/zebra-tc53-handheld-mobile-computer-new\/"},"modified":"2025-11-17T11:16:52","modified_gmt":"2025-11-17T10:16:52","slug":"zebra-tc53-handheld-mobile-computer","status":"publish","type":"product","link":"https:\/\/micronordic.com\/fi\/product\/zebra-tc53-handheld-mobile-computer\/","title":{"rendered":"Zebra TC53 Handheld Mobile Computer (UUSI)"},"content":{"rendered":"<?xml encoding=\"utf-8\" ?><h2 data-start=\"306\" data-end=\"343\">Zebra TC53 rugged Handheld Mobile Computer<\/h2><p data-start=\"345\" data-end=\"824\"><strong data-start=\"349\" data-end=\"386\">Zebra TC53 Handheld Mobile Computer on<\/strong> edistyksellinen yritysk&auml;mmentietokone, joka on suunniteltu organisaatioille, jotka tarvitsevat suorituskyky&auml;, liitett&auml;vyytt&auml; ja rugged kest&auml;vyytt&auml; ohuessa, modernissa laitteessa. TC5X-sarjaan kuuluvassa TC53:ssa yhdistyv&auml;t Zebran rugged muotoilu ja Wi&#8209;Fi&#8209;first-l&auml;hestymistapa, mik&auml; tekee siit&auml; t&auml;ydellisen ratkaisun p&auml;&auml;asiassa sis&auml;tiloissa toimiville yrityksille. TC53 tarjoaa tehokkuutta, n&auml;kyvyytt&auml; ja pitk&auml;aikaista luotettavuutta, olipa kyseess&auml; sitten v&auml;hitt&auml;iskauppa, varastointi tai vieraanvaraisuus.  <\/p><p class=\"p1\">Uusilla tuotteilla on 2 vuoden valmistajan takuu.<\/p><h2 data-start=\"826\" data-end=\"861\">Zebra TC53:n t&auml;rkeimm&auml;t ominaisuudet:<\/h2><ul data-start=\"863\" data-end=\"1798\">\n<li data-start=\"863\" data-end=\"982\">\n<p data-start=\"865\" data-end=\"982\"><strong data-start=\"865\" data-end=\"886\">Rugged kest&auml;vyys &ndash;<\/strong> IP65\/IP68-sertifioitu ja pudotustestattu, mik&auml; takaa tasaisen suorituskyvyn vaativissa ymp&auml;rist&ouml;iss&auml;.<\/p>\n<\/li>\n<li data-start=\"983\" data-end=\"1090\">\n<p data-start=\"985\" data-end=\"1090\"><strong data-start=\"985\" data-end=\"1006\">6,0 tuuman FHD+-n&auml;ytt&ouml; &ndash; 600 nitsin<\/strong> kirkkaus, tuki k&auml;sine- ja m&auml;rk&auml;kosketusn&auml;yt&ouml;lle sek&auml; Gorilla Glass -suojaus.<\/p>\n<\/li>\n<li data-start=\"1091\" data-end=\"1206\">\n<p data-start=\"1093\" data-end=\"1206\"><strong data-start=\"1093\" data-end=\"1118\">Nopea prosessointi &ndash;<\/strong> Qualcomm&reg; 6490 -oktaydinprosessori, jossa on teko&auml;lykiihdytys vaativiin sovelluksiin.<\/p>\n<\/li>\n<li data-start=\"1207\" data-end=\"1288\">\n<p data-start=\"1209\" data-end=\"1288\"><strong data-start=\"1209\" data-end=\"1236\">Yritysyhteydet &ndash;<\/strong> Wi-Fi 6E, Bluetooth 5.2, GPS ja eSIM-vaihtoehdot.<\/p>\n<\/li>\n<li data-start=\"1289\" data-end=\"1379\">\n<p data-start=\"1291\" data-end=\"1379\"><strong data-start=\"1291\" data-end=\"1307\">Tiedonkeruu &ndash;<\/strong> Integroitu SE4720 2D-skanneri, 16 MP:n takakamera, 8 MP:n etukamera.<\/p>\n<\/li>\n<li data-start=\"1380\" data-end=\"1450\">\n<p data-start=\"1382\" data-end=\"1450\"><strong data-start=\"1382\" data-end=\"1393\">Akku &ndash;<\/strong> 4680 mAh:n l&auml;mpim&auml;sti vaihdettava akku koko p&auml;iv&auml;n k&auml;ytt&ouml;aikaa varten.<\/p>\n<\/li>\n<li data-start=\"1451\" data-end=\"1531\">\n<p data-start=\"1453\" data-end=\"1531\"><strong data-start=\"1453\" data-end=\"1475\">Kevyt muotoilu &ndash;<\/strong> Ohut, ergonominen muotoilu, joka painaa noin 282 g. <\/p>\n<\/li>\n<li data-start=\"1532\" data-end=\"1619\">\n<p data-start=\"1534\" data-end=\"1619\"><strong data-start=\"1534\" data-end=\"1562\">Android Enterprise ready &ndash;<\/strong> Yritysluokan k&auml;ytt&ouml;j&auml;rjestelm&auml;tuki ja pidennetty elinkaari.<\/p>\n<\/li>\n<li data-start=\"1620\" data-end=\"1730\">\n<p data-start=\"1622\" data-end=\"1730\"><strong data-start=\"1622\" data-end=\"1644\">Mobility DNA -ty&ouml;kalut &ndash;<\/strong> Zebran ohjelmistopaketti k&auml;ytt&ouml;&ouml;nottoa, hallintaa ja yhteyksien optimointia varten.<\/p>\n<\/li>\n<li data-start=\"1731\" data-end=\"1798\">\n<p data-start=\"1733\" data-end=\"1798\"><strong data-start=\"1733\" data-end=\"1745\">Takuu &ndash;<\/strong> Zebran 2 vuoden rajoitettu valmistajan takuu.<\/p>\n<\/li>\n<\/ul><h2 data-start=\"1800\" data-end=\"1858\">Zebra TC53 rugged Mobile Computerin t&auml;rkeimm&auml;t edut<\/h2><h3 data-start=\"1860\" data-end=\"1906\">Luotettava kest&auml;vyys p&auml;ivitt&auml;iseen toimintaan<\/h3><p data-start=\"1907\" data-end=\"2066\">TC53 tarjoaa IP65\/IP68-tiiviyden ja pudotuskest&auml;vyyden, mik&auml; varmistaa, ett&auml; se kest&auml;&auml; kiireiset ty&ouml;nkulut varastoissa, v&auml;hitt&auml;iskaupassa ja sis&auml;tiloissa.<\/p><h3 data-start=\"2068\" data-end=\"2103\">Kirkas ja toimiva n&auml;ytt&ouml;<\/h3><p data-start=\"2104\" data-end=\"2277\">Sen 6,0 tuuman FHD+-n&auml;ytt&ouml;, jossa on k&auml;sine- ja m&auml;rk&auml;kosketustuki, takaa tuottavuuden kaikissa olosuhteissa. Kest&auml;v&auml; Gorilla Glass -lasi suojaa naarmuilta ja iskuilta. <\/p><h3 data-start=\"2279\" data-end=\"2319\">Wi-Fi First for Indoor Performance<\/h3><p data-start=\"2320\" data-end=\"2510\">Toisin kuin TC58, TC53 on optimoitu Wi-Fi-first-ymp&auml;rist&ouml;ihin, joten se on oikea valinta yrityksille, jotka tarvitsevat yritystason langattomia verkkoja rakennusten tai varastojen sis&auml;ll&auml;.<\/p><h3 data-start=\"2512\" data-end=\"2549\">Sujuva ja tehokas k&auml;sittely<\/h3><p data-start=\"2550\" data-end=\"2743\">Qualcomm&reg; 6490 -oktaydinsuorittimen ansiosta TC53 tarjoaa nopeutta ja tehokkuutta, jota tarvitaan moniteht&auml;v&auml;ss&auml; ja teko&auml;lypohjaisissa sovelluksissa, kuten varastonhallinnassa ja ennakoivassa analytiikassa.<\/p><h3 data-start=\"2745\" data-end=\"2772\">Saumaton tiedonkeruu<\/h3><p data-start=\"2773\" data-end=\"2937\">Zebran SE4720-viivakoodiskannerilla ja korkean resoluution kameroilla varustetun TC53:n avulla k&auml;ytt&auml;j&auml;t voivat tallentaa viivakoodit, asiakirjat ja kuvat nopeasti ja tarkasti.<\/p><h3 data-start=\"2939\" data-end=\"2969\">Vuoroja varten rakennettu akku<\/h3><p data-start=\"2970\" data-end=\"3150\">L&auml;mpim&auml;sti vaihdettava 4680 mAh:n akku takaa jatkuvan toiminnan pitkien ty&ouml;vuorojen ajan. Ty&ouml;ntekij&auml;t voivat vaihtaa akut ilman virran katkaisua, mik&auml; yll&auml;pit&auml;&auml; k&auml;ytt&ouml;aikaa kaikissa ty&ouml;nkuluissa. <\/p><h3 data-start=\"3152\" data-end=\"3191\">Yritysten turvallisuus ja ekosysteemi<\/h3><p data-start=\"3192\" data-end=\"3354\">Android Enterprise -k&auml;ytt&ouml;j&auml;rjestelm&auml;ll&auml; varustettu ja Zebran Mobility DNA -ty&ouml;kaluilla parannettu TC53 yhdist&auml;&auml; turvallisuuden, hallittavuuden ja tuottavuuden yhdess&auml; virtaviivaisessa paketissa.<\/p><h3 data-start=\"3356\" data-end=\"3382\">Suunniteltu mukavuutta varten<\/h3><p data-start=\"3383\" data-end=\"3498\">Vain 282 g painava TC53 on kevyt ja kannettava, mik&auml; v&auml;hent&auml;&auml; k&auml;ytt&auml;j&auml;n v&auml;symyst&auml; ja s&auml;ilytt&auml;&auml; samalla rugged sertifioinnit.<\/p><h2 data-start=\"3500\" data-end=\"3539\">Zebra TC53:n ihanteelliset k&auml;ytt&ouml;tapaukset<\/h2><ul data-start=\"3541\" data-end=\"3985\">\n<li data-start=\"3541\" data-end=\"3632\">\n<p data-start=\"3543\" data-end=\"3632\"><strong data-start=\"3543\" data-end=\"3567\">V&auml;hitt&auml;iskauppa ja vieraanvaraisuus &ndash;<\/strong> kassat, varastonhallinta ja asiakkaiden sitouttaminen myym&auml;l&auml;ss&auml;.<\/p>\n<\/li>\n<li data-start=\"3633\" data-end=\"3718\">\n<p data-start=\"3635\" data-end=\"3718\"><strong data-start=\"3635\" data-end=\"3662\">Varastointi ja logistiikka &ndash;<\/strong> Varastonhallinta, skannaus ja tilausten t&auml;ytt&auml;minen.<\/p>\n<\/li>\n<li data-start=\"3719\" data-end=\"3810\">\n<p data-start=\"3721\" data-end=\"3810\"><strong data-start=\"3721\" data-end=\"3738\">Tuotantotekniikka &ndash;<\/strong> Myym&auml;l&auml;sovellukset, jotka edellytt&auml;v&auml;t kest&auml;vyytt&auml; ja nopeaa tiedonkeruuta.<\/p>\n<\/li>\n<li data-start=\"3811\" data-end=\"3906\">\n<p data-start=\"3813\" data-end=\"3906\"><strong data-start=\"3813\" data-end=\"3835\">Terveydenhuollon tuki &ndash;<\/strong> Potilaiden seuranta, laitteiden hallinta ja turvallinen p&auml;&auml;sy tietoihin.<\/p>\n<\/li>\n<li data-start=\"3907\" data-end=\"3985\">\n<p data-start=\"3909\" data-end=\"3985\"><strong data-start=\"3909\" data-end=\"3926\">Kentt&auml;huolto &ndash;<\/strong> Rugged k&auml;mmentietokoneet Wi-Fi-rikkaissa ymp&auml;rist&ouml;iss&auml;.<\/p>\n<\/li>\n<\/ul><h2 data-start=\"3987\" data-end=\"4022\">Zebra TC53 Tuotevertailut<\/h2><p data-start=\"177\" data-end=\"365\">Zebra TC53 on optimoitu Wi-Fi-first-ymp&auml;rist&ouml;ihin s&auml;ilytt&auml;en samalla rugged luotettavuuden. Vaihtoehtoja harkitseville organisaatioille Micro Nordicin muita relevantteja tuotteita ovat mm. seuraavat: <\/p><ul data-start=\"367\" data-end=\"789\">\n<li data-start=\"367\" data-end=\"497\">\n<p data-start=\"369\" data-end=\"497\"><a href=\"https:\/\/micronordic.com\/product\/zebra-tc58-handheld-mobile-computer\/\"><strong data-start=\"369\" data-end=\"406\">Zebra TC58 Handheld Mobile Computer<\/strong> <\/a>&ndash; 5G:ll&auml; varustettu matkapuhelinverkkoyhteydell&auml; varustettu versio yrityksille, jotka tarvitsevat kehittynytt&auml; ulkoliikennett&auml;.<\/p>\n<\/li>\n<li data-start=\"498\" data-end=\"653\">\n<p data-start=\"500\" data-end=\"653\"><a href=\"https:\/\/micronordic.com\/product\/zebra-tc52-mobile-handheld-computer-refurbished\/\"><strong data-start=\"500\" data-end=\"540\">Zebra TC52 Handheld Mobile Computer<\/strong><\/a>&ndash; Perinteinen malli, joka on saatavana kunnostettuna, ihanteellinen kustannustehokkaisiin toimintoihin, joissa tarvitaan edelleen rugged kest&auml;vyytt&auml;.<\/p>\n<\/li>\n<li data-start=\"654\" data-end=\"789\">\n<p data-start=\"656\" data-end=\"789\"><a href=\"https:\/\/micronordic.com\/product\/zebra-tc22-handheld-mobile-computer\/\"><strong data-start=\"656\" data-end=\"693\">Zebra TC22 Handheld Mobile Computer<\/strong><\/a>&ndash; Pienikokoinen, budjettiyst&auml;v&auml;llinen vaihtoehto organisaatioille, jotka tarvitsevat pienemm&auml;n rugged kannettavan tietokoneen.<\/p>\n<\/li>\n<\/ul>\n","protected":false},"excerpt":{"rendered":"<h3>Tekniset tiedot:<\/h3>\n<ul>\n<li><strong>N\u00e4ytt\u00f6:<\/strong> (2160\u00d71080), 600 nitsin kirkkaus, Gorilla Glass, k\u00e4sine- ja m\u00e4rk\u00e4kosketustuki.<\/li>\n<li><strong>Prosessori:<\/strong> Qualcomm\u00ae 6490 -oktaydinprosessori, jossa on teko\u00e4lykiihdytin<\/li>\n<li><strong>Muisti ja tallennus:<\/strong> Flash-muisti: 6 Gt RAM, 64 Gt flash-muisti<\/li>\n<li><strong>Liitett\u00e4vyys:<\/strong> Wi-Fi 6E, Bluetooth 5.2, GPS, eSIM.<\/li>\n<li><strong>Tiedonkeruu ja kamerat:<\/strong> kamerat: SE4720 2D-skanneri, 16 MP takakamera, 8 MP etukamera.<\/li>\n<li><strong>Akku: 4680<\/strong> mAh l\u00e4mpim\u00e4sti vaihdettava akku<\/li>\n<li><strong>Rugged Sertifikaatit:<\/strong> IP65\/IP68, pudotuskest\u00e4v\u00e4<\/li>\n<li><strong>Turvallisuus:<\/strong> Android Enterprise -ominaisuudet, yritystason salaus, NFC.<\/li>\n<li><strong>Mitat ja paino:<\/strong> Paino: Noin 282 g <\/li>\n<li><strong><strong>Takuu: <\/strong><\/strong>2 vuoden valmistajan rajoitettu vakiotakuu<\/li>\n<\/ul>\n","protected":false},"author":24,"featured_media":100254,"template":"","meta":{"_acf_changed":false,"inline_featured_image":false},"product-condition":[5252],"product_brand":[9009],"product_cat":[5134,5130,5133],"product_tag":[],"class_list":{"0":"post-47638","1":"product","2":"type-product","3":"status-publish","4":"has-post-thumbnail","6":"product-condition-new-in-box","7":"product_brand-zebra","8":"product_cat-zebra","9":"product_cat-all-barcode-scanners","10":"product_cat-new-in-box-rugged-hardware","12":"first","13":"instock","14":"taxable","15":"shipping-taxable","16":"purchasable","17":"product-type-simple"},"acf":[],"_links":{"self":[{"href":"https:\/\/micronordic.com\/fi\/wp-json\/wp\/v2\/product\/47638","targetHints":{"allow":["GET"]}}],"collection":[{"href":"https:\/\/micronordic.com\/fi\/wp-json\/wp\/v2\/product"}],"about":[{"href":"https:\/\/micronordic.com\/fi\/wp-json\/wp\/v2\/types\/product"}],"author":[{"embeddable":true,"href":"https:\/\/micronordic.com\/fi\/wp-json\/wp\/v2\/users\/24"}],"version-history":[{"count":2,"href":"https:\/\/micronordic.com\/fi\/wp-json\/wp\/v2\/product\/47638\/revisions"}],"predecessor-version":[{"id":97883,"href":"https:\/\/micronordic.com\/fi\/wp-json\/wp\/v2\/product\/47638\/revisions\/97883"}],"wp:featuredmedia":[{"embeddable":true,"href":"https:\/\/micronordic.com\/fi\/wp-json\/wp\/v2\/media\/100254"}],"wp:attachment":[{"href":"https:\/\/micronordic.com\/fi\/wp-json\/wp\/v2\/media?parent=47638"}],"wp:term":[{"taxonomy":"product-condition","embeddable":true,"href":"https:\/\/micronordic.com\/fi\/wp-json\/wp\/v2\/product-condition?post=47638"},{"taxonomy":"product_brand","embeddable":true,"href":"https:\/\/micronordic.com\/fi\/wp-json\/wp\/v2\/product_brand?post=47638"},{"taxonomy":"product_cat","embeddable":true,"href":"https:\/\/micronordic.com\/fi\/wp-json\/wp\/v2\/product_cat?post=47638"},{"taxonomy":"product_tag","embeddable":true,"href":"https:\/\/micronordic.com\/fi\/wp-json\/wp\/v2\/product_tag?post=47638"}],"curies":[{"name":"wp","href":"https:\/\/api.w.org\/{rel}","templated":true}]}}