{"id":47636,"date":"2024-08-01T16:13:29","date_gmt":"2024-08-01T14:13:29","guid":{"rendered":"https:\/\/micronordic.com\/product\/zebra-tc27-handheld-mobile-computer-new\/"},"modified":"2025-11-24T12:04:13","modified_gmt":"2025-11-24T11:04:13","slug":"zebra-tc27-handheld-mobile-computer","status":"publish","type":"product","link":"https:\/\/micronordic.com\/fi\/product\/zebra-tc27-handheld-mobile-computer\/","title":{"rendered":"Zebra TC27 Handheld Mobile Computer (UUSI)"},"content":{"rendered":"<?xml encoding=\"utf-8\" ?><h2 data-start=\"242\" data-end=\"279\">Zebra TC27 rugged Handheld Mobile Computer<\/h2><p data-start=\"281\" data-end=\"816\"><strong data-start=\"285\" data-end=\"322\">Zebra TC27 Rugged Handheld Mobile Computer on<\/strong>kompakti ja edullinen yritysk&auml;mmenlaite, joka on suunniteltu yrityksille, jotka tarvitsevat rugged luotettavuutta ja t&auml;ydet matkapuhelinyhteydet. TC27 perustuu samalle alustalle kuin TC22, mutta siin&auml; on 4G\/5G-ominaisuudet, joten se soveltuu sek&auml; sis&auml;- ett&auml; ulkotiloissa k&auml;ytett&auml;viin ty&ouml;nkulkuihin. Kevyen rakenteen, yritysluokan tiedonkeruun ja joustavien akkuvaihtoehtojen ansiosta TC27 tarjoaa organisaatioiden tarvitsemaa kest&auml;vyytt&auml; ja suorituskyky&auml; &ndash; hintaluokassa, joka mahdollistaa laajamittaiset k&auml;ytt&ouml;&ouml;notot.<\/p><p class=\"p1\">Uusilla tuotteilla on 2 vuoden valmistajan takuu.<\/p><h2 data-start=\"818\" data-end=\"853\">Zebra TC27:n t&auml;rkeimm&auml;t ominaisuudet<\/h2><ul data-start=\"855\" data-end=\"1708\">\n<li data-start=\"855\" data-end=\"953\">\n<p data-start=\"857\" data-end=\"953\"><strong data-start=\"857\" data-end=\"878\">Rugged kest&auml;vyys &ndash;<\/strong> IP65\/IP68-sertifioitu ja pudotuskest&auml;v&auml;, Gorilla Glass -suoja.<\/p>\n<\/li>\n<li data-start=\"954\" data-end=\"1041\">\n<p data-start=\"956\" data-end=\"1041\"><strong data-start=\"956\" data-end=\"977\">6,0&Prime; FHD+-n&auml;ytt&ouml; &ndash; Korkean resoluution<\/strong> n&auml;ytt&ouml;, jossa on kintaalla ja m&auml;r&auml;ll&auml; kosketuksella toimiva n&auml;ytt&ouml;.<\/p>\n<\/li>\n<li data-start=\"1042\" data-end=\"1134\">\n<p data-start=\"1044\" data-end=\"1134\"><strong data-start=\"1044\" data-end=\"1066\">Tehokas prosessori &ndash;<\/strong> Qualcomm Snapdragon -kuusiydinsuoritin takaa luotettavan suorituskyvyn.<\/p>\n<\/li>\n<li data-start=\"1135\" data-end=\"1202\">\n<p data-start=\"1137\" data-end=\"1202\"><strong data-start=\"1137\" data-end=\"1153\">Liitett&auml;vyys &ndash;<\/strong> 5G\/4G LTE, Wi-Fi 6E, Bluetooth 5.2 ja GPS.<\/p>\n<\/li>\n<li data-start=\"1203\" data-end=\"1296\">\n<p data-start=\"1205\" data-end=\"1296\"><strong data-start=\"1205\" data-end=\"1221\">Tiedonkeruu &ndash;<\/strong> Valittavana on SE4710- (vakio) tai SE55-viivakoodiskanneri (laajennettu valikoima).<\/p>\n<\/li>\n<li data-start=\"1297\" data-end=\"1386\">\n<p data-start=\"1299\" data-end=\"1386\"><strong data-start=\"1299\" data-end=\"1322\">Akun joustavuus &ndash;<\/strong> irrotettava 3 800 mAh:n vakioakku tai 5 200 mAh:n laajennettu akku.<\/p>\n<\/li>\n<li data-start=\"1387\" data-end=\"1460\">\n<p data-start=\"1389\" data-end=\"1460\"><strong data-start=\"1389\" data-end=\"1416\">Kevyt muotoilu &ndash;<\/strong> Noin 236 g ja ohut 12,5 mm:n muotoilu.<\/p>\n<\/li>\n<li data-start=\"1461\" data-end=\"1534\">\n<p data-start=\"1463\" data-end=\"1534\"><strong data-start=\"1463\" data-end=\"1491\">Android Enterprise ready &ndash;<\/strong> turvallinen k&auml;ytt&ouml;j&auml;rjestelm&auml;, jossa on tuki tuleville p&auml;ivityksille.<\/p>\n<\/li>\n<li data-start=\"1535\" data-end=\"1640\">\n<p data-start=\"1537\" data-end=\"1640\"><strong data-start=\"1537\" data-end=\"1565\">Zebra Mobility DNA -ty&ouml;kalut &ndash;<\/strong> Sovellussarja k&auml;ytt&ouml;&ouml;noton, turvallisuuden ja yhteyksien optimointiin.<\/p>\n<\/li>\n<li data-start=\"1641\" data-end=\"1708\">\n<p data-start=\"1643\" data-end=\"1708\"><strong data-start=\"1643\" data-end=\"1655\">Takuu &ndash;<\/strong> Zebran 2 vuoden rajoitettu valmistajan takuu.<\/p>\n<\/li>\n<\/ul><h2 data-start=\"1710\" data-end=\"1768\">Zebra TC27 rugged Mobile Computerin t&auml;rkeimm&auml;t edut<\/h2><h3 data-start=\"1770\" data-end=\"1801\">Rugged ja kustannustehokas<\/h3><p data-start=\"1802\" data-end=\"1988\">TC27 tarjoaa yhdistelm&auml;n rugged rakennetta ja edullisuutta, joten se on k&auml;yt&auml;nn&ouml;llinen valinta organisaatioille, jotka tarvitsevat kest&auml;vyytt&auml; mittakaavassa investoimatta kalliisiin laitteisiin.<\/p><h3 data-start=\"1990\" data-end=\"2017\">Liitett&auml;vyys miss&auml; tahansa<\/h3><p data-start=\"2018\" data-end=\"2222\">Toisin kuin TC22, TC27 sis&auml;lt&auml;&auml; t&auml;ydet 4G\/5G-mobiiliyhteydet ja GPS:n. T&auml;m&auml;n ansiosta se sopii liikkuville ty&ouml;ntekij&ouml;ille, kentt&auml;huoltoteknikoille ja logistiikkatiimeille, jotka toimivat Wi-Fi-verkon peiton ulkopuolella.<\/p><h3 data-start=\"2224\" data-end=\"2263\">Kirkas n&auml;ytt&ouml; kaikkiin olosuhteisiin<\/h3><p data-start=\"2264\" data-end=\"2448\">6,0 tuuman FHD+-n&auml;ytt&ouml; takaa erinomaisen kirkkauden sek&auml; sis&auml;- ett&auml; ulkotiloissa. K&auml;sine- ja m&auml;rk&auml;kosketustuen ansiosta laitetta voi k&auml;ytt&auml;&auml; luottavaisesti kaikissa ty&ouml;ymp&auml;rist&ouml;iss&auml;.<\/p><h3 data-start=\"2450\" data-end=\"2477\">Luotettava tiedonkeruu<\/h3><p data-start=\"2478\" data-end=\"2688\">SE4710- tai SE55-skannausmoottoreiden kanssa TC27 tarjoaa nopean ja tarkan viivakoodin tallentamisen my&ouml;s haastavissa olosuhteissa. Yhdess&auml; integroitujen kameroiden kanssa se tukee joustavia tiedonkeruutarpeita.<\/p><h3 data-start=\"2690\" data-end=\"2714\">Pitk&auml;kestoinen teho<\/h3><p data-start=\"2715\" data-end=\"2881\">Irrotettavan akkuj&auml;rjestelm&auml;n ansiosta yritykset voivat valita joustavasti vakio- ja laajennettujen akkujen v&auml;lill&auml;. Ty&ouml;ntekij&auml;t voivat vaihtaa akut kesken ty&ouml;vuoron ilman seisokkiaikaa.<\/p><h3 data-start=\"2883\" data-end=\"2914\">Kevyt ja ergonominen<\/h3><p data-start=\"2915\" data-end=\"3054\">Vain hieman yli 230 g painava TC27 on ohut, ergonominen ja mukava kantaa pitkien ty&ouml;vuorojen aikana, mik&auml; v&auml;hent&auml;&auml; etulinjan henkil&ouml;st&ouml;n v&auml;symyst&auml;.<\/p><h3 data-start=\"3056\" data-end=\"3096\">Yritysten turvallisuus ja hallinta<\/h3><p data-start=\"3097\" data-end=\"3240\">Android Enterprise yhdistettyn&auml; Zebran Mobility DNA -ty&ouml;kaluihin takaa turvallisuuden, helpon k&auml;ytt&ouml;&ouml;noton ja yksinkertaistetun laitehallinnan kaikissa toiminnoissa.<\/p><h2 data-start=\"3242\" data-end=\"3281\">Zebra TC27:n ihanteelliset k&auml;ytt&ouml;tapaukset<\/h2><ul data-start=\"3283\" data-end=\"3825\">\n<li data-start=\"3283\" data-end=\"3392\">\n<p data-start=\"3285\" data-end=\"3392\"><strong data-start=\"3285\" data-end=\"3314\">Kentt&auml;huolto ja yleishy&ouml;dylliset palvelut &ndash;<\/strong> Luotettava 5G-yhteys paikan p&auml;&auml;ll&auml; teht&auml;vi&auml; tarkastuksia, korjauksia ja raportointia varten.<\/p>\n<\/li>\n<li data-start=\"3393\" data-end=\"3498\">\n<p data-start=\"3395\" data-end=\"3498\"><strong data-start=\"3395\" data-end=\"3425\">Kuljetus ja logistiikka &ndash;<\/strong> Reaaliaikainen reitinhallinta, toimitustodistukset ja laivastotoiminnot.<\/p>\n<\/li>\n<li data-start=\"3499\" data-end=\"3627\">\n<p data-start=\"3501\" data-end=\"3627\"><strong data-start=\"3501\" data-end=\"3525\">V&auml;hitt&auml;iskauppa ja vieraanvaraisuus &ndash;<\/strong> Mobiilikassat, inventaarion tarkastukset ja asiakaspalvelu ymp&auml;rist&ouml;iss&auml;, joissa on erilaisia yhteystarpeita.<\/p>\n<\/li>\n<li data-start=\"3628\" data-end=\"3722\">\n<p data-start=\"3630\" data-end=\"3722\"><strong data-start=\"3630\" data-end=\"3645\">Varastointi &ndash;<\/strong> Poiminta, skannaus ja kiertolaskenta, joissa matkapuhelintuki on arvokas.<\/p>\n<\/li>\n<li data-start=\"3723\" data-end=\"3825\">\n<p data-start=\"3725\" data-end=\"3825\"><strong data-start=\"3725\" data-end=\"3755\">Julkinen turvallisuus ja julkishallinto &ndash;<\/strong> Turvallinen viestint&auml; ja tiedonkeruu liikkuvissa kentt&auml;toiminnoissa.<\/p>\n<\/li>\n<\/ul><h2 data-start=\"3827\" data-end=\"3862\">Zebra TC27 tuotevertailut<\/h2><p data-start=\"152\" data-end=\"360\">Zebra TC27 on TC22:n matkapuhelinyhteyksi&auml; hy&ouml;dynt&auml;v&auml; kumppani, joka tarjoaa t&auml;yden liikkuvuuden Wi-Fi- ja 5G-verkoissa. Vaihtoehtoja harkitseville yrityksille Micro Nordicissa on saatavilla muun muassa seuraavia laitteita:<\/p><ul data-start=\"362\" data-end=\"758\">\n<li data-start=\"362\" data-end=\"474\">\n<p data-start=\"364\" data-end=\"474\"><a href=\"https:\/\/micronordic.com\/product\/zebra-tc22-handheld-mobile-computer\/\"><strong data-start=\"364\" data-end=\"401\">Zebra TC22 Handheld Mobile Computer<\/strong><\/a>&ndash; Alustan Wi-Fi-verkkovaihtoehto, joka soveltuu sis&auml;tiloissa tapahtuviin ty&ouml;nkulkuihin.<\/p>\n<\/li>\n<li data-start=\"475\" data-end=\"606\">\n<p data-start=\"477\" data-end=\"606\"><a href=\"https:\/\/micronordic.com\/product\/zebra-tc58-handheld-mobile-computer\/\"><strong data-start=\"477\" data-end=\"514\">Zebra TC58 Handheld Mobile Computer<\/strong><\/a>&ndash; Korkealuokkainen rugged kannettava tietokone, jossa on tehokkaampi prosessointi ja kehittyneet yritysominaisuudet.<\/p>\n<\/li>\n<li data-start=\"607\" data-end=\"758\">\n<p data-start=\"609\" data-end=\"758\"><a href=\"https:\/\/micronordic.com\/product\/zebra-tc52-mobile-handheld-computer-refurbished\/\"><strong data-start=\"609\" data-end=\"649\">Zebra TC52 Handheld Mobile Computer<\/strong> <\/a>&ndash; Perinteinen malli, joka on saatavana kunnostettuna ja joka on kustannustietoinen vaihtoehto rugged k&auml;mmenmikrotietokoneisiin.<\/p>\n<\/li>\n<\/ul>\n","protected":false},"excerpt":{"rendered":"<h3>Tekniset tiedot:<\/h3>\n<ul>\n<li><strong>N\u00e4ytt\u00f6:<\/strong> (1080\u00d72160), k\u00e4sine- ja m\u00e4rk\u00e4kosketustuki: 6,0\u2033 FHD+ (1080\u00d72160), k\u00e4sine- ja m\u00e4rk\u00e4kosketustuki<\/li>\n<li><strong>Prosessori:<\/strong> Qualcomm Snapdragon kuusiytiminen j\u00e4rjestelm\u00e4alusta.<\/li>\n<li><strong>Muisti ja tallennus:<\/strong> Flash-muisti: 6 Gt RAM, 64 Gt flash-muisti<\/li>\n<li><strong>Liitett\u00e4vyys: 5G\/4G<\/strong> LTE, Wi-Fi 6E, Bluetooth 5.2, GPS.<\/li>\n<li><strong>Tiedonkeruu ja kamerat:<\/strong> SE4710- tai SE55-skanneri, 16 MP takakamera, 5 MP etukamera.<\/li>\n<li><strong>Akku: 3 800<\/strong> mAh vakioakku tai 5 200 mAh laajennettu akku, irrotettava.<\/li>\n<li><strong>Rugged Sertifikaatit:<\/strong> IP65 \/ IP68, pudotustestattu<\/li>\n<li><strong>Turvallisuus:<\/strong> Android Enterprise, NFC, yritystason salaus.<\/li>\n<li><strong>Mitat ja paino: ~165<\/strong> \u00d7 76 \u00d7 12,5 mm, noin 236 g.<\/li>\n<li><strong><strong>Takuu: <\/strong><\/strong>2 vuoden valmistajan rajoitettu vakiotakuu<\/li>\n<\/ul>\n","protected":false},"author":24,"featured_media":100239,"template":"","meta":{"_acf_changed":false,"inline_featured_image":false},"product-condition":[5252],"product_brand":[9009],"product_cat":[5134,5130,5133],"product_tag":[],"class_list":{"0":"post-47636","1":"product","2":"type-product","3":"status-publish","4":"has-post-thumbnail","6":"product-condition-new-in-box","7":"product_brand-zebra","8":"product_cat-zebra","9":"product_cat-all-barcode-scanners","10":"product_cat-new-in-box-rugged-hardware","12":"first","13":"instock","14":"taxable","15":"shipping-taxable","16":"purchasable","17":"product-type-simple"},"acf":[],"_links":{"self":[{"href":"https:\/\/micronordic.com\/fi\/wp-json\/wp\/v2\/product\/47636","targetHints":{"allow":["GET"]}}],"collection":[{"href":"https:\/\/micronordic.com\/fi\/wp-json\/wp\/v2\/product"}],"about":[{"href":"https:\/\/micronordic.com\/fi\/wp-json\/wp\/v2\/types\/product"}],"author":[{"embeddable":true,"href":"https:\/\/micronordic.com\/fi\/wp-json\/wp\/v2\/users\/24"}],"version-history":[{"count":5,"href":"https:\/\/micronordic.com\/fi\/wp-json\/wp\/v2\/product\/47636\/revisions"}],"predecessor-version":[{"id":99067,"href":"https:\/\/micronordic.com\/fi\/wp-json\/wp\/v2\/product\/47636\/revisions\/99067"}],"wp:featuredmedia":[{"embeddable":true,"href":"https:\/\/micronordic.com\/fi\/wp-json\/wp\/v2\/media\/100239"}],"wp:attachment":[{"href":"https:\/\/micronordic.com\/fi\/wp-json\/wp\/v2\/media?parent=47636"}],"wp:term":[{"taxonomy":"product-condition","embeddable":true,"href":"https:\/\/micronordic.com\/fi\/wp-json\/wp\/v2\/product-condition?post=47636"},{"taxonomy":"product_brand","embeddable":true,"href":"https:\/\/micronordic.com\/fi\/wp-json\/wp\/v2\/product_brand?post=47636"},{"taxonomy":"product_cat","embeddable":true,"href":"https:\/\/micronordic.com\/fi\/wp-json\/wp\/v2\/product_cat?post=47636"},{"taxonomy":"product_tag","embeddable":true,"href":"https:\/\/micronordic.com\/fi\/wp-json\/wp\/v2\/product_tag?post=47636"}],"curies":[{"name":"wp","href":"https:\/\/api.w.org\/{rel}","templated":true}]}}