{"id":47634,"date":"2024-08-01T20:12:43","date_gmt":"2024-08-01T18:12:43","guid":{"rendered":"https:\/\/micronordic.com\/product\/zebra-tc22-handheld-mobile-computer-new\/"},"modified":"2025-11-17T11:21:43","modified_gmt":"2025-11-17T10:21:43","slug":"zebra-tc22-handheld-mobile-computer","status":"publish","type":"product","link":"https:\/\/micronordic.com\/fi\/product\/zebra-tc22-handheld-mobile-computer\/","title":{"rendered":"Zebra TC22 Handheld Mobile Computer (UUSI)"},"content":{"rendered":"<?xml encoding=\"utf-8\" ?><h2 data-start=\"315\" data-end=\"352\">Zebra TC22 rugged Handheld Mobile Computer<\/h2><p data-start=\"354\" data-end=\"781\"><strong data-start=\"358\" data-end=\"395\">Zebra TC22 Handheld Mobile Computer on<\/strong> suunniteltu tarjoamaan yrityksille kohtuuhintainen mutta tehokas rugged yritysk&auml;mmenlaite. Kompaktissa, kevyess&auml; ja helppok&auml;ytt&ouml;isess&auml; laitteessa yhdistyv&auml;t rugged kest&auml;vyys ja nykyaikaiset suorituskykyominaisuudet. Wi-Fi-first-ymp&auml;rist&ouml;ihin optimoitu TC22 on &auml;lyk&auml;s valinta v&auml;hitt&auml;iskaupan, varastoinnin, vieraanvaraisuuden ja kevyen kentt&auml;huollon sovelluksiin, joissa liikkuvuus ja kustannustehokkuus ovat t&auml;rkeit&auml;.  <\/p><p class=\"p1\">Uusilla tuotteilla on 2 vuoden valmistajan takuu.<\/p><h2 data-start=\"783\" data-end=\"818\">Zebra TC22:n t&auml;rkeimm&auml;t ominaisuudet<\/h2><ul data-start=\"820\" data-end=\"1708\">\n<li data-start=\"820\" data-end=\"912\">\n<p data-start=\"822\" data-end=\"912\"><strong data-start=\"822\" data-end=\"838\">Rugged rakenne &ndash;<\/strong> IP65\/IP68-sertifioitu ja pudotuskest&auml;v&auml; Gorilla Glass -suojalla.<\/p>\n<\/li>\n<li data-start=\"913\" data-end=\"997\">\n<p data-start=\"915\" data-end=\"997\"><strong data-start=\"915\" data-end=\"936\">6,0 tuuman FHD+-n&auml;ytt&ouml; &ndash; Korkean resoluution<\/strong> n&auml;ytt&ouml;, jossa on k&auml;sine- ja m&auml;rk&auml;kosketustuki.<\/p>\n<\/li>\n<li data-start=\"998\" data-end=\"1087\">\n<p data-start=\"1000\" data-end=\"1087\"><strong data-start=\"1000\" data-end=\"1023\">Tehokas prosessori &ndash;<\/strong> Qualcomm Snapdragon -kuusiydinsuoritin takaa sujuvan toiminnan.<\/p>\n<\/li>\n<li data-start=\"1088\" data-end=\"1173\">\n<p data-start=\"1090\" data-end=\"1173\"><strong data-start=\"1090\" data-end=\"1106\">Liitett&auml;vyys &ndash;<\/strong> Wi-Fi 6E ja Bluetooth 5.2 luotettavaan yritysverkkoon.<\/p>\n<\/li>\n<li data-start=\"1174\" data-end=\"1277\">\n<p data-start=\"1176\" data-end=\"1277\"><strong data-start=\"1176\" data-end=\"1192\">Tiedonkeruu &ndash;<\/strong> Integroidut skannerivaihtoehdot, mukaan lukien SE4710 (vakio) tai SE55 (laajennettu valikoima).<\/p>\n<\/li>\n<li data-start=\"1278\" data-end=\"1363\">\n<p data-start=\"1280\" data-end=\"1363\"><strong data-start=\"1280\" data-end=\"1299\">Akkuvaihtoehdot &ndash;<\/strong> Irrotettava 3 800 mAh:n vakioakku tai 5 200 mAh:n laajennettu akku.<\/p>\n<\/li>\n<li data-start=\"1364\" data-end=\"1447\">\n<p data-start=\"1366\" data-end=\"1447\"><strong data-start=\"1366\" data-end=\"1388\">Kevyt muotoilu &ndash;<\/strong> Ohut profiili, joka painaa vain hieman yli 230 g, mahdollistaa pitk&auml;t ty&ouml;vuorot.<\/p>\n<\/li>\n<li data-start=\"1448\" data-end=\"1526\">\n<p data-start=\"1450\" data-end=\"1526\"><strong data-start=\"1450\" data-end=\"1478\">Android Enterprise ready &ndash;<\/strong> turvallinen k&auml;ytt&ouml;j&auml;rjestelm&auml;, joka tukee tulevia p&auml;ivityksi&auml;.<\/p>\n<\/li>\n<li data-start=\"1527\" data-end=\"1639\">\n<p data-start=\"1529\" data-end=\"1639\"><strong data-start=\"1529\" data-end=\"1551\">Mobility DNA -ty&ouml;kalut &ndash;<\/strong> Zebran ohjelmistoekosysteemi k&auml;ytt&ouml;&ouml;nottoa, hallintaa ja yhteyksien optimointia varten.<\/p>\n<\/li>\n<li data-start=\"1640\" data-end=\"1708\">\n<p data-start=\"1642\" data-end=\"1708\"><strong data-start=\"1642\" data-end=\"1654\">Takuu &ndash;<\/strong> Zebran 2 vuoden rajoitettu valmistajan takuu.<\/p>\n<\/li>\n<\/ul><h2 data-start=\"1710\" data-end=\"1768\">Zebra TC22 rugged Mobile Computerin t&auml;rkeimm&auml;t edut<\/h2><h3 data-start=\"1770\" data-end=\"1797\">Rugged mutta edullinen<\/h3><p data-start=\"1798\" data-end=\"2022\">TC22 tarjoaa Zebralta tutun rugged kest&auml;vyyden, mutta edullisemmin kustannuksin. N&auml;in se soveltuu laajamittaisiin k&auml;ytt&ouml;&ouml;nottoihin, joissa hinta on t&auml;rke&auml; tekij&auml;, tinkim&auml;tt&auml; kuitenkaan keskeisist&auml; rugged ominaisuuksista. <\/p><h3 data-start=\"2024\" data-end=\"2058\">Selke&auml; n&auml;ytt&ouml; p&auml;ivitt&auml;ist&auml; ty&ouml;t&auml; varten<\/h3><p data-start=\"2059\" data-end=\"2236\">Sen 6,0 tuuman n&auml;ytt&ouml;, jossa on k&auml;sine- ja m&auml;rk&auml;kosketusominaisuudet, takaa k&auml;ytett&auml;vyyden kaikissa olosuhteissa. Henkil&ouml;kunta voi tarkastella sovelluksia ja olla vuorovaikutuksessa niiden kanssa helposti myym&auml;l&auml;tiloissa ja varastoissa. <\/p><h3 data-start=\"2238\" data-end=\"2274\">Suorituskyky jokap&auml;iv&auml;isiss&auml; teht&auml;viss&auml;<\/h3><p data-start=\"2275\" data-end=\"2450\">Qualcomm-prosessori tukee varastotarkastuksia, POS-sovelluksia ja teht&auml;vien hallintaa sujuvalla suorituskyvyll&auml;. Se on suunniteltu ty&ouml;nkulkuja varten, joissa tehokkuus on kriittist&auml;. <\/p><h3 data-start=\"2452\" data-end=\"2479\">Luotettava tiedonkeruu<\/h3><p data-start=\"2480\" data-end=\"2658\">Koska TC22:lla on valittavana SE4710- ja SE55-skannausmoottori, se pystyy k&auml;sittelem&auml;&auml;n kaikkea l&auml;helt&auml; teht&auml;vist&auml; viivakoodien skannauksista pitk&auml;n kantaman teht&auml;viin, joten se soveltuu joustavasti erilaisiin k&auml;ytt&ouml;tarkoituksiin.<\/p><h3 data-start=\"2660\" data-end=\"2690\">Joustavat akkuvaihtoehdot<\/h3><p data-start=\"2691\" data-end=\"2884\">Yritykset voivat valita vakio- ja laajennetun akun ty&ouml;vuoron pituuden ja k&auml;ytt&ouml;intensiteetin mukaan. Irrotettavan rakenteen ansiosta akut voidaan vaihtaa muutamassa sekunnissa ilman seisokkiaikaa. <\/p><h3 data-start=\"2886\" data-end=\"2919\">Kevyt ja mukava<\/h3><p data-start=\"2920\" data-end=\"3073\">Vain hieman yli 230 grammaa painava TC22 on suunniteltu mukavaksi pitkien ty&ouml;vuorojen aikana. Sen ohut ja ergonominen muotoilu v&auml;hent&auml;&auml; v&auml;symyst&auml; ja tekee siit&auml; helpon kantaa koko p&auml;iv&auml;n. <\/p><h3 data-start=\"3075\" data-end=\"3106\">Yritysvalmis turvallisuus<\/h3><p data-start=\"3107\" data-end=\"3274\">Android Enterprise -tuen ja Zebran Mobility DNA -ty&ouml;kalujen ansiosta TC22 takaa tietosuojan, yksinkertaistetun k&auml;ytt&ouml;&ouml;noton ja helpon laitehallinnan koko laivastossa.<\/p><h2 data-start=\"3276\" data-end=\"3315\">Zebra TC22:n ihanteelliset k&auml;ytt&ouml;tapaukset<\/h2><ul data-start=\"3317\" data-end=\"3720\">\n<li data-start=\"3317\" data-end=\"3413\">\n<p data-start=\"3319\" data-end=\"3413\"><strong data-start=\"3319\" data-end=\"3343\">V&auml;hitt&auml;iskauppa ja vieraanvaraisuus &ndash;<\/strong> Mobiilikassat, hintatarkistukset, asiakaspalvelu ja tilausten hallinta.<\/p>\n<\/li>\n<li data-start=\"3414\" data-end=\"3531\">\n<p data-start=\"3416\" data-end=\"3531\"><strong data-start=\"3416\" data-end=\"3443\">Varastointi ja logistiikka &ndash;<\/strong> Poiminta, varastonhallinta ja kiertolaskenta kevyiss&auml; varastoymp&auml;rist&ouml;iss&auml;.<\/p>\n<\/li>\n<li data-start=\"3532\" data-end=\"3616\">\n<p data-start=\"3534\" data-end=\"3616\"><strong data-start=\"3534\" data-end=\"3558\">Vieraanvaraisuus ja tapahtumat &ndash;<\/strong> Vieraiden sis&auml;&auml;nkirjautuminen, lippujen skannaus ja mobiilitilaukset.<\/p>\n<\/li>\n<li data-start=\"3617\" data-end=\"3720\">\n<p data-start=\"3619\" data-end=\"3720\"><strong data-start=\"3619\" data-end=\"3649\">Kentt&auml;huolto (kevyt k&auml;ytt&ouml;) &ndash; Paikan p&auml;&auml;ll&auml;<\/strong> suoritettavat teht&auml;v&auml;t Wi-Fi-rikkaissa ymp&auml;rist&ouml;iss&auml;, joissa siirrett&auml;vyys on avainasemassa.<\/p>\n<\/li>\n<\/ul><h2 data-start=\"3722\" data-end=\"3757\">Zebra TC22 tuotevertailut<\/h2><p data-start=\"138\" data-end=\"297\">Zebra TC22 tarjoaa kustannustehokkaan rugged ratkaisun Wi-Fi-ymp&auml;rist&ouml;ihin keskittyville yrityksille. Muita Micro Nordicin saatavilla olevia vaihtoehtoja ovat mm: <\/p><ul data-start=\"299\" data-end=\"692\">\n<li data-start=\"299\" data-end=\"420\">\n<p data-start=\"301\" data-end=\"420\"><a href=\"https:\/\/micronordic.com\/product\/zebra-tc58-handheld-mobile-computer\/\"><strong data-start=\"301\" data-end=\"338\">Zebra TC58 Handheld Mobile Computer<\/strong><\/a>&ndash; Korkealuokkainen 5G-valmiusversio, jossa on kehittyneit&auml; ominaisuuksia vaativiin ty&ouml;nkulkuihin.<\/p>\n<\/li>\n<li data-start=\"421\" data-end=\"538\">\n<p data-start=\"423\" data-end=\"538\"><a href=\"https:\/\/micronordic.com\/product\/zebra-tc53-handheld-mobile-computer\/\"><strong data-start=\"423\" data-end=\"460\">Zebra TC53 Handheld Mobile Computer<\/strong><\/a> &ndash; Wi-Fi-tekniikkaa k&auml;ytt&auml;v&auml; laite, jossa on vahvempi suorituskyky ja kehittyneet ominaisuudet.<\/p>\n<\/li>\n<li data-start=\"539\" data-end=\"692\">\n<p data-start=\"541\" data-end=\"692\"><a href=\"https:\/\/micronordic.com\/product\/zebra-tc52-mobile-handheld-computer-refurbished\/\"><strong data-start=\"541\" data-end=\"581\">Zebra TC52 Handheld Mobile Computer<\/strong><\/a>&ndash; Perinteinen malli, joka on saatavana kunnostettuna, ihanteellinen kustannustietoisille yrityksille, jotka tarvitsevat todistetusti rugged liikkuvuutta.<\/p>\n<\/li>\n<\/ul>\n","protected":false},"excerpt":{"rendered":"<h3>Tekniset tiedot:<\/h3>\n<ul>\n<li><strong>N\u00e4ytt\u00f6:<\/strong> (1080\u00d72160), k\u00e4sine- ja m\u00e4rk\u00e4kosketustuki: 6,0\u2033 FHD+ (1080\u00d72160), k\u00e4sine- ja m\u00e4rk\u00e4kosketustuki<\/li>\n<li><strong>Prosessori:<\/strong> Qualcomm Snapdragon kuusiytiminen j\u00e4rjestelm\u00e4alusta.<\/li>\n<li><strong>Muisti ja tallennus:<\/strong> Flash-muisti: 6 Gt RAM, 64 Gt flash-muisti<\/li>\n<li><strong>Liitett\u00e4vyys:<\/strong> 5.2<\/li>\n<li><strong>Tiedonkeruu ja kamerat:<\/strong> SE4710- tai SE55-skanneri, 16 MP takakamera, 5 MP etukamera.<\/li>\n<li><strong>Akku: 3 800<\/strong> mAh vakioakku tai 5 200 mAh laajennettu akku, irrotettava.<\/li>\n<li><strong>Rugged Sertifikaatit:<\/strong> IP65 \/ IP68, pudotustestattu<\/li>\n<li><strong>Turvallisuus:<\/strong> Android Enterprise -ominaisuudet, NFC, yritystason salaus.<\/li>\n<li><strong>Mitat ja paino: ~165<\/strong> \u00d7 76 \u00d7 12,5 mm, noin 236 g. <\/li>\n<li><strong><strong>Takuu: <\/strong><\/strong>2 vuoden valmistajan rajoitettu vakiotakuu<\/li>\n<\/ul>\n","protected":false},"author":24,"featured_media":100239,"template":"","meta":{"_acf_changed":false,"inline_featured_image":false},"product-condition":[5252],"product_brand":[9009],"product_cat":[5134,5130,5133],"product_tag":[],"class_list":{"0":"post-47634","1":"product","2":"type-product","3":"status-publish","4":"has-post-thumbnail","6":"product-condition-new-in-box","7":"product_brand-zebra","8":"product_cat-zebra","9":"product_cat-all-barcode-scanners","10":"product_cat-new-in-box-rugged-hardware","12":"first","13":"instock","14":"taxable","15":"shipping-taxable","16":"purchasable","17":"product-type-variable"},"acf":[],"_links":{"self":[{"href":"https:\/\/micronordic.com\/fi\/wp-json\/wp\/v2\/product\/47634","targetHints":{"allow":["GET"]}}],"collection":[{"href":"https:\/\/micronordic.com\/fi\/wp-json\/wp\/v2\/product"}],"about":[{"href":"https:\/\/micronordic.com\/fi\/wp-json\/wp\/v2\/types\/product"}],"author":[{"embeddable":true,"href":"https:\/\/micronordic.com\/fi\/wp-json\/wp\/v2\/users\/24"}],"version-history":[{"count":2,"href":"https:\/\/micronordic.com\/fi\/wp-json\/wp\/v2\/product\/47634\/revisions"}],"predecessor-version":[{"id":97899,"href":"https:\/\/micronordic.com\/fi\/wp-json\/wp\/v2\/product\/47634\/revisions\/97899"}],"wp:featuredmedia":[{"embeddable":true,"href":"https:\/\/micronordic.com\/fi\/wp-json\/wp\/v2\/media\/100239"}],"wp:attachment":[{"href":"https:\/\/micronordic.com\/fi\/wp-json\/wp\/v2\/media?parent=47634"}],"wp:term":[{"taxonomy":"product-condition","embeddable":true,"href":"https:\/\/micronordic.com\/fi\/wp-json\/wp\/v2\/product-condition?post=47634"},{"taxonomy":"product_brand","embeddable":true,"href":"https:\/\/micronordic.com\/fi\/wp-json\/wp\/v2\/product_brand?post=47634"},{"taxonomy":"product_cat","embeddable":true,"href":"https:\/\/micronordic.com\/fi\/wp-json\/wp\/v2\/product_cat?post=47634"},{"taxonomy":"product_tag","embeddable":true,"href":"https:\/\/micronordic.com\/fi\/wp-json\/wp\/v2\/product_tag?post=47634"}],"curies":[{"name":"wp","href":"https:\/\/api.w.org\/{rel}","templated":true}]}}