{"id":47632,"date":"2024-06-25T20:47:43","date_gmt":"2024-06-25T18:47:43","guid":{"rendered":"https:\/\/micronordic.com\/product\/getac-x600-fully-rugged-mobile-workstation-new\/"},"modified":"2025-11-21T11:39:01","modified_gmt":"2025-11-21T10:39:01","slug":"getac-x600-fully-rugged-mobile-workstation","status":"publish","type":"product","link":"https:\/\/micronordic.com\/fi\/product\/getac-x600-fully-rugged-mobile-workstation\/","title":{"rendered":"Getac X600 Fully Rugged Mobile ty\u00f6asema (UUSI)"},"content":{"rendered":"<?xml encoding=\"utf-8\" ?><h2 data-start=\"435\" data-end=\"481\">Getac X600 Fully Rugged Mobile Workstation<\/h2><p data-start=\"483\" data-end=\"1092\"><strong data-start=\"487\" data-end=\"533\">Getac X600 Fully Rugged Mobile Workstation on<\/strong> suunniteltu ammattilaisille, jotka tarvitsevat ty&ouml;asemaluokan suorituskyky&auml; ymp&auml;rist&ouml;iss&auml;, joissa tavalliset laptopit eiv&auml;t selvi&auml;. Toisin kuin tavalliset rugged kannettavat tietokoneet, X600 on suunniteltu <strong data-start=\"723\" data-end=\"745\">liikkuvaksi ty&ouml;asemaksi,<\/strong> joka <strong data-start=\"723\" data-end=\"745\">tarjoaa<\/strong> p&ouml;yt&auml;ty&ouml;aseman tehon ja t&auml;ysin rugged laitteen liikkuvuuden ja kest&auml;vyyden. X600 on rakennettu kest&auml;m&auml;&auml;n &auml;&auml;rimm&auml;isi&auml; olosuhteita, ja se on varustettu huippuluokan prosessoreilla, grafiikalla ja laajennusvaihtoehdoilla, joten se on ehdoton valinta esimerkiksi puolustus-, insin&ouml;&ouml;ri-, &ouml;ljy- ja kaasualan sek&auml; kriittisten kentt&auml;toimintojen aloille. Uusilla tuotteilla on 3 vuoden valmistajan takuu.<\/p><h2 data-start=\"1094\" data-end=\"1129\">Getac X600:n t&auml;rkeimm&auml;t ominaisuudet<\/h2><ul data-start=\"1131\" data-end=\"2262\">\n<li data-start=\"1131\" data-end=\"1272\">\n<p data-start=\"1133\" data-end=\"1272\"><strong data-start=\"1133\" data-end=\"1163\">Fully Rugged sertifiointi &ndash;<\/strong> MIL-STD-810H-, MIL-STD-461G- ja IP66-luokitus; kest&auml;&auml; putoamisia 4 ft:n korkeudesta, p&ouml;ly&auml;, t&auml;rin&auml;&auml; ja veden sis&auml;&auml;np&auml;&auml;sy&auml;.<\/p>\n<\/li>\n<li data-start=\"1273\" data-end=\"1427\">\n<p data-start=\"1275\" data-end=\"1427\"><strong data-start=\"1275\" data-end=\"1298\">Suuri 15,6 tuuman n&auml;ytt&ouml; &ndash; Full<\/strong> HD -n&auml;ytt&ouml;, joka on luettavissa auringonvalossa ja jonka kirkkaus on 1 000 nitti&auml; ja LumiBond&reg; 2.0 -tekniikka mahdollistaa k&auml;yt&ouml;n k&auml;sineill&auml; ja m&auml;r&auml;ll&auml; kosketuksella.<\/p>\n<\/li>\n<li data-start=\"1428\" data-end=\"1576\">\n<p data-start=\"1430\" data-end=\"1576\"><strong data-start=\"1430\" data-end=\"1462\">Ty&ouml;asemaluokan prosessointi &ndash;<\/strong> Intel&reg; 11th Gen Core&trade; i5\/i7- tai Xeon&reg;-prosessorit, valinnainen NVIDIA&reg; RTX A2000 -grafiikka ja ECC-muistituki.<\/p>\n<\/li>\n<li data-start=\"1577\" data-end=\"1746\">\n<p data-start=\"1579\" data-end=\"1746\"><strong data-start=\"1579\" data-end=\"1607\">Laajennettavuus yritykselle &ndash;<\/strong> Kaksi akkua, jotka voidaan vaihtaa tarvittaessa, jopa 128 Gt DDR4 RAM-muistia, PCI\/PCIe-laajennuspaikat (Pro-mallit) ja useita tallennusvaihtoehtoja (RAID 0\/1\/5).<\/p>\n<\/li>\n<li data-start=\"1747\" data-end=\"1878\">\n<p data-start=\"1749\" data-end=\"1878\"><strong data-start=\"1749\" data-end=\"1770\">Runsas liitett&auml;vyys &ndash;<\/strong> Wi-Fi 6, Bluetooth 5.2, valinnainen 4G LTE\/5G ja kehittynyt I\/O, mukaan lukien Thunderbolt&trade; 4 ja perinteiset portit.<\/p>\n<\/li>\n<li data-start=\"1879\" data-end=\"2014\">\n<p data-start=\"1881\" data-end=\"2014\"><strong data-start=\"1881\" data-end=\"1903\">Kentt&auml;k&auml;ytt&ouml;&ouml;n soveltuva rakenne &ndash;<\/strong> Toimii l&auml;mp&ouml;tiloissa -29 &deg;C:sta 63 &deg;C:seen, k&auml;sineyst&auml;v&auml;llinen n&auml;pp&auml;imist&ouml; ja mukautettavat I\/O-portit.<\/p>\n<\/li>\n<li data-start=\"2015\" data-end=\"2155\">\n<p data-start=\"2017\" data-end=\"2155\"><strong data-start=\"2017\" data-end=\"2040\">Yritysturvallisuus &ndash;<\/strong> TPM 2.0, &auml;lykortinlukija, Windows Hello -kasvontunnistus, sormenj&auml;lkilukija ja itsesalaavat asemat.<\/p>\n<\/li>\n<li data-start=\"2156\" data-end=\"2262\">\n<p data-start=\"2158\" data-end=\"2262\"><strong data-start=\"2158\" data-end=\"2183\">Pitk&auml;aikainen luotettavuus &ndash;<\/strong> 3 vuoden takuu puskurista puskuriin, mukaan lukien tapaturmaiset vahingot.<\/p>\n<\/li>\n<\/ul><h2 data-start=\"2264\" data-end=\"2331\">Getac X600 Fully Rugged Mobile Workstationin t&auml;rkeimm&auml;t edut<\/h2><h3 data-start=\"2333\" data-end=\"2375\">Ty&ouml;asemaluokan teho kent&auml;ll&auml;<\/h3><p data-start=\"2376\" data-end=\"2902\">Toisin kuin S410:n tai S510:n kaltaiset rugged laptopit, X600 on luokiteltu <strong data-start=\"2452\" data-end=\"2474\">liikkuvaksi ty&ouml;asemaksi.<\/strong> T&auml;m&auml; tarkoittaa, ett&auml; se tarjoaa saman prosessointitehon ja laajennettavuuden, jota voit odottaa p&ouml;yt&auml;ty&ouml;asemalta &ndash; Intel Xeon -prosessorit, ammattik&auml;ytt&ouml;&ouml;n tarkoitetut NVIDIA RTX -grafiikat, ECC-muisti ja monilevyinen tallennustila &ndash; kannettavassa, Fully Rugged muodossa. Insin&ouml;&ouml;reille, analyytikoille ja puolustusalan toimijoille t&auml;m&auml; tarkoittaa saumatonta CAD- ja 3D-mallinnusta, GIS-kartoitusta ja teht&auml;v&auml;kriittist&auml; data-analyysia kaikkialla, miss&auml; ty&ouml; vaatii.<\/p><h3 data-start=\"2904\" data-end=\"2934\">Fully Rugged luotettavuus<\/h3><p data-start=\"2935\" data-end=\"3259\">X600 on sertifioitu MIL-STD-810H-, MIL-STD-461G- ja IP66-standardien mukaisesti. Se kest&auml;&auml; pudotuksia, t&auml;rin&auml;&auml;, vett&auml; ja p&ouml;ly&auml; ja pysyy toiminnassa &auml;&auml;rimm&auml;isiss&auml; l&auml;mp&ouml;tiloissa -29 &deg;C:sta 63 &deg;C:een. T&auml;m&auml; takaa keskeytym&auml;tt&ouml;m&auml;n toiminnan vaikeissa olosuhteissa, kuten aavikoilla, offshore-lautoilla tai sotilask&auml;yt&ouml;ss&auml;.<\/p><h3 data-start=\"3261\" data-end=\"3297\">Kehittynyt n&auml;ytt&ouml; kentt&auml;k&auml;ytt&ouml;&ouml;n<\/h3><p data-start=\"3298\" data-end=\"3558\">15,6 tuuman FHD-n&auml;ytt&ouml;, jonka kirkkaus on 1 000 nitti&auml;, takaa n&auml;kyvyyden jopa suorassa auringonvalossa. LumiBond&reg; 2.0 -tekniikka parantaa selkeytt&auml; ja mahdollistaa kosketusn&auml;yt&ouml;n k&auml;yt&ouml;n k&auml;sineill&auml; tai m&auml;riss&auml; olosuhteissa, mik&auml; tukee tuottavuutta kaikissa ymp&auml;rist&ouml;iss&auml;.<\/p><h3 data-start=\"3560\" data-end=\"3593\">Skaalautuva muisti ja tallennus<\/h3><p data-start=\"3594\" data-end=\"3864\">Jopa 128 Gt DDR4 RAM-muistia ja useita SSD-paikkoja, mukaan lukien RAID-kokoonpanot, mahdollistavat sen, ett&auml; X600 pystyy k&auml;sittelem&auml;&auml;n tietointensiivisi&auml; sovelluksia helposti. Pro-mallien valinnaiset PCI\/PCIe-paikat laajentavat toiminnallisuutta entisest&auml;&auml;n, joten se soveltuu hyvin erikoistuneisiin ty&ouml;nkulkuihin.<\/p><h3 data-start=\"3866\" data-end=\"3891\">Kuumavaihdettava virta<\/h3><p data-start=\"3892\" data-end=\"4095\">X600:ssa on kaksi akkua, jotka voidaan vaihtaa kesken&auml;&auml;n, mik&auml; mahdollistaa jatkuvan k&auml;yt&ouml;n ilman virran katkaisua. T&auml;m&auml; rakenne tukee koko p&auml;iv&auml;n kest&auml;v&auml;&auml; toimintaa kent&auml;ll&auml;, vaikka latausmahdollisuudet olisivat rajalliset.<\/p><h3 data-start=\"4097\" data-end=\"4131\">Sis&auml;&auml;nrakennettu yritysturvallisuus<\/h3><p data-start=\"4132\" data-end=\"4409\">Suojausominaisuuksiin kuuluvat TPM 2.0, Windows Hello -kasvojentunnistus, sormenj&auml;lkilukitus ja &auml;lykorttituki. Yhdess&auml; valinnaisten itsesalaavien asemien kanssa X600 varmistaa tietojen eheyden arkaluonteisilla aloilla, kuten puolustus- ja energialaitoksissa sek&auml; kriittisess&auml; infrastruktuurissa.<\/p><h3 data-start=\"4411\" data-end=\"4447\">Yhteydet miss&auml; tahansa ty&ouml;skenteletkin<\/h3><p data-start=\"4448\" data-end=\"4676\">Wi-Fi 6:n, Bluetooth 5.2:n, valinnaisen 4G LTE\/5G:n ja Thunderbolt&trade; 4:n ansiosta X600 tarjoaa nopean ja turvallisen yhteyden. Nykyaikaisten ja vanhojen I\/O-porttien yhdistelm&auml; takaa yhteensopivuuden nykyisten laitteiden ja tulevien teknologioiden kanssa.<\/p><h2 data-start=\"4678\" data-end=\"4717\">Getac X600:n ihanteelliset k&auml;ytt&ouml;tapaukset<\/h2><ul data-start=\"4719\" data-end=\"5346\">\n<li data-start=\"4719\" data-end=\"4848\">\n<p data-start=\"4721\" data-end=\"4848\"><strong data-start=\"4721\" data-end=\"4743\">Puolustus ja armeija &ndash;<\/strong> Turvallinen teht&auml;v&auml;kriittinen tietojenk&auml;sittely, GIS-kartoitus ja taktiset operaatiot &auml;&auml;riolosuhteissa.<\/p>\n<\/li>\n<li data-start=\"4849\" data-end=\"4968\">\n<p data-start=\"4851\" data-end=\"4968\"><strong data-start=\"4851\" data-end=\"4879\">Suunnittelu ja CAD-suunnittelu &ndash;<\/strong> Ty&ouml;asemaluokan prosessointi 3D-mallinnusta, simulointia ja suunnittelun tarkastelua varten paikan p&auml;&auml;ll&auml;.<\/p>\n<\/li>\n<li data-start=\"4969\" data-end=\"5094\">\n<p data-start=\"4971\" data-end=\"5094\"><strong data-start=\"4971\" data-end=\"4996\">&Ouml;ljyn ja kaasun etsint&auml; &ndash;<\/strong> Kentt&auml;pohjainen analyysi ja reaaliaikainen p&auml;&auml;t&ouml;ksenteko rugged offshore- ja onshore-olosuhteissa.<\/p>\n<\/li>\n<li data-start=\"5095\" data-end=\"5214\">\n<p data-start=\"5097\" data-end=\"5214\"><strong data-start=\"5097\" data-end=\"5119\">Yleishy&ouml;dylliset palvelut ja energia &ndash;<\/strong> Infrastruktuurin tarkastus, omaisuuden hallinta ja tietointensiiviset sovellukset kent&auml;ll&auml;.<\/p>\n<\/li>\n<li data-start=\"5215\" data-end=\"5346\">\n<p data-start=\"5217\" data-end=\"5346\"><strong data-start=\"5217\" data-end=\"5255\">Julkinen turvallisuus ja h&auml;t&auml;tilanteiden hallinta &ndash;<\/strong> Luotettava mobiili ty&ouml;aseman teho kriisikoordinointiin, kartoitukseen ja viestint&auml;&auml;n.<\/p>\n<\/li>\n<\/ul><h2 data-start=\"5348\" data-end=\"5383\">Getac X600 tuotevertailut<\/h2><p data-start=\"172\" data-end=\"370\">Getac X600 erottuu edukseen Fully Rugged Mobile ty&ouml;asemana, joka tarjoaa enemm&auml;n tehoa ja laajennettavuutta kuin tavalliset rugged laptops. Vaihtoehtoja arvioiville yrityksille MicroNordic tarjoaa my&ouml;s:<\/p><ul data-start=\"372\" data-end=\"863\">\n<li data-start=\"372\" data-end=\"623\">\n<p data-start=\"374\" data-end=\"623\"><strong data-start=\"374\" data-end=\"424\">Getac X600 Pro Fully Rugged Mobile Workstation &ndash;<\/strong> T&auml;m&auml; tuote voidaan konfiguroida Pro-malliin. Valitse malli sivun yl&auml;osasta. PRO-versio lis&auml;&auml; PCI\/PCIe-laajennuspaikat, kehittyneet liitett&auml;vyydet ja parannetun tallennuksen skaalautuvuuden.<\/p>\n<\/li>\n<li data-start=\"624\" data-end=\"737\">\n<p data-start=\"626\" data-end=\"737\"><a href=\"https:\/\/micronordic.com\/product\/getac-b360-g2-fully-rugged-laptop\/\"><strong data-start=\"626\" data-end=\"654\">Getac B360 Rugged Laptop<\/strong><\/a> T&auml;ysin rugged 13,3 tuuman laptop, joka on suunniteltu kentt&auml;k&auml;ytt&ouml;&ouml;n &auml;&auml;riolosuhteissa.<\/p>\n<\/li>\n<li data-start=\"738\" data-end=\"863\">\n<p data-start=\"740\" data-end=\"863\"><a href=\"https:\/\/micronordic.com\/product\/panasonic-toughbook-fz-55\/\"><strong data-start=\"740\" data-end=\"766\">Panasonic TOUGHBOOK 55<\/strong><\/a> Semi-Rugged modulaarinen laptop, joka tarjoaa kevyemm&auml;n liikkuvuuden mutta v&auml;hemm&auml;n tehoa X600:een verrattuna.<\/p>\n<\/li>\n<\/ul>\n","protected":false},"excerpt":{"rendered":"<h3>Tekniset tiedot:<\/h3>\n<ul>\n<li><strong>N\u00e4ytt\u00f6:<\/strong> LumiBond\u00ae 2.0, k\u00e4sine-\/m\u00e4rk\u00e4kosketustuki.<\/li>\n<li><strong>Prosessori:<\/strong> Intel\u00ae 11. sukupolven Core\u2122 i5\/i7 tai Xeon\u00ae.<\/li>\n<li><strong>Grafiikka:<\/strong> UHD tai valinnainen NVIDIA\u00ae RTX A2000.<\/li>\n<li><strong>Muisti: 16 Gt<\/strong> DDR4 (perusmalli), p\u00e4ivitett\u00e4viss\u00e4 64 Gt:iin.<\/li>\n<li><strong>Varastointi: <\/strong>(perusmalli), p\u00e4ivitett\u00e4viss\u00e4 1 TB:iin.<\/li>\n<li><strong>Liitett\u00e4vyys:<\/strong> 4G LTE\/5G, Thunderbolt\u2122 4.<\/li>\n<li><strong>Rugged Sertifikaatit:<\/strong> MIL-STD-810H, MIL-STD-461G, IP66, pudotuskest\u00e4vyys jopa 4 jalkaan asti.<\/li>\n<li><strong>Turvallisuus:<\/strong> TPM 2.0, sormenj\u00e4lkilukija, Windows Hello, \u00e4lykortti, itsesalaavat SSD-levyt.<\/li>\n<li><strong>Akku:<\/strong> Jatkuvaa toimintaa varten kaksi akkua, jotka voidaan vaihtaa kuumavaihdolla<\/li>\n<li><strong>Mitat ja paino: ~39,<\/strong> 4 \u00d7 29,1 \u00d7 5,1 cm, noin 5,2 kg.<\/li>\n<li><strong>Takuu: 3 vuoden<\/strong> takuu puskurista puskuriin.<\/li>\n<\/ul>\n","protected":false},"author":24,"featured_media":99749,"template":"","meta":{"_acf_changed":false,"inline_featured_image":false},"product-condition":[5252],"product_brand":[8958],"product_cat":[5126,5128,5133],"product_tag":[],"class_list":{"0":"post-47632","1":"product","2":"type-product","3":"status-publish","4":"has-post-thumbnail","6":"product-condition-new-in-box","7":"product_brand-getac","8":"product_cat-getac-rugged","9":"product_cat-all-rugged-laptops","10":"product_cat-new-in-box-rugged-hardware","12":"first","13":"instock","14":"taxable","15":"shipping-taxable","16":"purchasable","17":"product-type-simple"},"acf":[],"_links":{"self":[{"href":"https:\/\/micronordic.com\/fi\/wp-json\/wp\/v2\/product\/47632","targetHints":{"allow":["GET"]}}],"collection":[{"href":"https:\/\/micronordic.com\/fi\/wp-json\/wp\/v2\/product"}],"about":[{"href":"https:\/\/micronordic.com\/fi\/wp-json\/wp\/v2\/types\/product"}],"author":[{"embeddable":true,"href":"https:\/\/micronordic.com\/fi\/wp-json\/wp\/v2\/users\/24"}],"version-history":[{"count":5,"href":"https:\/\/micronordic.com\/fi\/wp-json\/wp\/v2\/product\/47632\/revisions"}],"predecessor-version":[{"id":98832,"href":"https:\/\/micronordic.com\/fi\/wp-json\/wp\/v2\/product\/47632\/revisions\/98832"}],"wp:featuredmedia":[{"embeddable":true,"href":"https:\/\/micronordic.com\/fi\/wp-json\/wp\/v2\/media\/99749"}],"wp:attachment":[{"href":"https:\/\/micronordic.com\/fi\/wp-json\/wp\/v2\/media?parent=47632"}],"wp:term":[{"taxonomy":"product-condition","embeddable":true,"href":"https:\/\/micronordic.com\/fi\/wp-json\/wp\/v2\/product-condition?post=47632"},{"taxonomy":"product_brand","embeddable":true,"href":"https:\/\/micronordic.com\/fi\/wp-json\/wp\/v2\/product_brand?post=47632"},{"taxonomy":"product_cat","embeddable":true,"href":"https:\/\/micronordic.com\/fi\/wp-json\/wp\/v2\/product_cat?post=47632"},{"taxonomy":"product_tag","embeddable":true,"href":"https:\/\/micronordic.com\/fi\/wp-json\/wp\/v2\/product_tag?post=47632"}],"curies":[{"name":"wp","href":"https:\/\/api.w.org\/{rel}","templated":true}]}}