{"id":47628,"date":"2024-06-21T17:13:53","date_gmt":"2024-06-21T15:13:53","guid":{"rendered":"https:\/\/micronordic.com\/product\/getac-b360-g2-fully-rugged-laptop-13-3-fhd-new\/"},"modified":"2025-11-17T12:13:16","modified_gmt":"2025-11-17T11:13:16","slug":"getac-b360-g2-fully-rugged-laptop","status":"publish","type":"product","link":"https:\/\/micronordic.com\/fi\/product\/getac-b360-g2-fully-rugged-laptop\/","title":{"rendered":"Getac B360 G2 Fully Rugged Laptop (UUSI)"},"content":{"rendered":"<?xml encoding=\"utf-8\" ?><h2 data-start=\"252\" data-end=\"289\">Getac B360 G2 Fully Rugged Laptop<\/h2><p data-start=\"291\" data-end=\"636\"><strong>Getac B360 G2<\/strong> Fully Rugged Laptop <strong>, joka on<\/strong> suunniteltu ammattilaisille, jotka ty&ouml;skentelev&auml;t &auml;&auml;rimm&auml;isiss&auml; olosuhteissa ja vaativat tinkim&auml;t&ouml;nt&auml; luotettavuutta. Kompaktissa mutta tehokkaassa koneessa yhdistyv&auml;t sotilasluokan kest&auml;vyys ja yritysluokan suorituskyky, mik&auml; tekee siit&auml; luotettavan ratkaisun puolustus-, turvallisuus-, energia- ja kentt&auml;huoltoteollisuudelle.  Uusilla tuotteilla on 3 vuoden valmistajan takuu.<\/p><h2 data-start=\"638\" data-end=\"655\">T&auml;rkeimm&auml;t ominaisuudet<\/h2><ul data-start=\"657\" data-end=\"1536\">\n<li data-start=\"657\" data-end=\"758\">\n<p data-start=\"659\" data-end=\"758\"><strong>Fully Rugged design &ndash;<\/strong> Sertifioitu MIL-STD-810H, MIL-STD-461G ja IP66, pudotuskest&auml;vyys 6 jalkaa.<\/p>\n<\/li>\n<li data-start=\"759\" data-end=\"860\">\n<p data-start=\"761\" data-end=\"860\"><strong>13,3 tuuman FHD-aurinkokuvakest&auml;v&auml; n&auml;ytt&ouml; &ndash; 1400<\/strong> nitsin kirkkaus LumiBond&reg;-kosketusn&auml;ytt&ouml;tekniikalla.<\/p>\n<\/li>\n<li data-start=\"861\" data-end=\"950\">\n<p data-start=\"863\" data-end=\"950\"><strong>Korkea suorituskyky &ndash;<\/strong> 12. sukupolven Intel&reg; Core&trade; i5\/i7 -prosessorit ja valinnainen Intel&reg; vPro&reg;.<\/p>\n<\/li>\n<li data-start=\"951\" data-end=\"1051\">\n<p data-start=\"953\" data-end=\"1051\"><strong>Grafiikkavaihtoehdot &ndash;<\/strong> Integroitu Intel&reg; Iris&reg; Xe tai valinnainen erillisn&auml;yt&ouml;nohjain NVIDIA&reg; GeForce GTX.<\/p>\n<\/li>\n<li data-start=\"1052\" data-end=\"1149\">\n<p data-start=\"1054\" data-end=\"1149\"><strong>Kuumavaihdettavat kaksoisakut &ndash;<\/strong> Jatkuva k&auml;ytt&ouml; kent&auml;ll&auml; lis&auml;varusteena saatavien suurikapasiteettisten akkujen avulla.<\/p>\n<\/li>\n<li data-start=\"1150\" data-end=\"1233\">\n<p data-start=\"1152\" data-end=\"1233\"><strong>Yritysyhteydet &ndash;<\/strong> Wi-Fi 6E, Bluetooth 5.3, valinnainen 4G LTE\/5G ja GPS.<\/p>\n<\/li>\n<li data-start=\"1234\" data-end=\"1338\">\n<p data-start=\"1236\" data-end=\"1338\"><strong>Suojausominaisuudet &ndash;<\/strong> TPM 2.0, Windows Hello, sormenj&auml;lkilukija, &auml;lykortti- ja RFID-lukijatuki.<\/p>\n<\/li>\n<li data-start=\"1339\" data-end=\"1446\">\n<p data-start=\"1341\" data-end=\"1446\"><strong>Monipuolinen laajennusmahdollisuus &ndash;<\/strong> Valinnainen medialokero lis&auml;tallennustilaa, optista asemaa tai I\/O-kustomointia varten.<\/p>\n<\/li>\n<li data-start=\"1447\" data-end=\"1536\">\n<p data-start=\"1449\" data-end=\"1536\"><strong>Pitk&auml; elinkaari &ndash;<\/strong> Getacin 3 vuoden puskurista puskuriin -takuu takaa luotettavuuden.<\/p>\n<\/li>\n<\/ul><h2 data-start=\"1538\" data-end=\"1555\">T&auml;rkeimm&auml;t edut<\/h2><h3 data-start=\"1557\" data-end=\"1580\">Rugged kest&auml;vyys<\/h3><p data-start=\"1581\" data-end=\"1884\">B360 G2 on rakennettu alusta alkaen kaikkein vaativimpiin olosuhteisiin. Sill&auml; on MIL-STD-810H- ja MIL-STD-461G-sertifioinnit, IP66-tiivistys p&ouml;ly&auml; ja vett&auml; vastaan sek&auml; pudotuskest&auml;vyys jopa 6 metrist&auml;. Se toimii &auml;&auml;rimm&auml;isiss&auml; l&auml;mp&ouml;tiloissa, joten se on luotettava kentt&auml;kumppani miss&auml; tahansa ymp&auml;rist&ouml;ss&auml;.  <\/p><h3 data-start=\"1886\" data-end=\"1920\">Kirkas ulkok&auml;ytt&ouml;&ouml;n soveltuva n&auml;ytt&ouml;<\/h3><p data-start=\"1921\" data-end=\"2149\">13,3 tuuman FHD-n&auml;ytt&ouml; tarjoaa 1400 nitsin kirkkauden, mik&auml; takaa erinomaisen luettavuuden jopa suorassa auringonvalossa. LumiBond&reg;-tekniikka parantaa kontrastia ja v&auml;rintoistoa ja tukee samalla kosketinsy&ouml;tt&ouml;&auml; k&auml;sineill&auml;, kynill&auml; tai sateella. <\/p><h3 data-start=\"2151\" data-end=\"2185\">Yritysluokan suorituskyky<\/h3><p data-start=\"2186\" data-end=\"2423\">Intel&reg; 12. sukupolven Core&trade;-suorittimilla ja jopa 64 Gt DDR5-muistilla varustettu B360 G2 selviytyy vaativista ty&ouml;teht&auml;vist&auml; helposti. Valinnainen erillinen NVIDIA&reg;-grafiikka lis&auml;&auml; suorituskyky&auml; CAD-, GIS- ja 3D-render&ouml;intisovellusten kaltaisissa sovelluksissa. <\/p><h3 data-start=\"2425\" data-end=\"2444\">Koko p&auml;iv&auml;n teho<\/h3><p data-start=\"2445\" data-end=\"2634\">Kaksi kuumavaihdettavaa akkua mahdollistavat keskeytym&auml;tt&ouml;m&auml;n toiminnan. Kentt&auml;ammattilaiset voivat vaihtaa tyhjentyneet akut ilman virran katkaisua, jolloin kriittiset teht&auml;v&auml;t jatkuvat saumattomasti. <\/p><h3 data-start=\"2636\" data-end=\"2673\">Liitett&auml;vyys ilman kompromisseja<\/h3><p data-start=\"2674\" data-end=\"2928\">Wi-Fi 6E ja Bluetooth 5.3 tarjoavat nopean ja vakaan langattoman viestinn&auml;n, ja valinnaiset 4G LTE- tai 5G-moduulit, joissa on oma GPS, pit&auml;v&auml;t tiimit yhteydess&auml; maailmanlaajuisesti. T&auml;m&auml; monipuolisuus takaa luotettavan viestinn&auml;n sis&auml;ll&auml;, ulkona ja syrj&auml;isiss&auml; paikoissa. <\/p><h3 data-start=\"2930\" data-end=\"2962\">Kriittisten tietojen turvallisuus<\/h3><p data-start=\"2963\" data-end=\"3167\">Yrityksen turvallisuus on B360 G2:n ydin. TPM 2.0, sormenj&auml;lkilukijat, &auml;lykortinlukijat ja valinnainen RFID-todennus varmistavat, ett&auml; j&auml;rjestelm&auml; on hallituksen ja yritysten turvallisuusstandardien mukainen. <\/p><h3 data-start=\"3169\" data-end=\"3195\">Modulaarinen ja joustava<\/h3><p data-start=\"3196\" data-end=\"3412\">Lis&auml;varusteena saatavan medialokeron laajennuksen avulla k&auml;ytt&auml;j&auml;t voivat m&auml;&auml;ritt&auml;&auml; B360 G2:een toisen SSD-aseman, optisen aseman tai ylim&auml;&auml;r&auml;isen I\/O-aseman. T&auml;m&auml;n mukautuvuuden ansiosta se soveltuu eri toimialoille, joilla on ainutlaatuisia ty&ouml;nkulun vaatimuksia. <\/p><h2 data-start=\"3414\" data-end=\"3434\">Ihanteelliset k&auml;ytt&ouml;tapaukset<\/h2><ul data-start=\"3436\" data-end=\"3951\">\n<li data-start=\"3436\" data-end=\"3562\">\n<p data-start=\"3438\" data-end=\"3562\"><strong data-start=\"3438\" data-end=\"3460\">Puolustus ja armeija &ndash;<\/strong> Luotettavaa tietotekniikkaa, kehittynytt&auml; tietoturvaa ja rugged kest&auml;vyytt&auml; kriittisiin teht&auml;viin.<\/p>\n<\/li>\n<li data-start=\"3563\" data-end=\"3657\">\n<p data-start=\"3565\" data-end=\"3657\"><strong data-start=\"3565\" data-end=\"3582\">Julkinen turvallisuus &ndash;<\/strong> turvalliset, yhdistetyt toiminnot poliisi-, palo- ja pelastuspalveluille.<\/p>\n<\/li>\n<li data-start=\"3658\" data-end=\"3757\">\n<p data-start=\"3660\" data-end=\"3757\"><strong data-start=\"3660\" data-end=\"3689\">Kentt&auml;huolto ja yleishy&ouml;dylliset palvelut &ndash;<\/strong> Luotettava virransy&ouml;tt&ouml; ja yhteydet koko p&auml;iv&auml;n et&auml;teknikoiden k&auml;ytt&ouml;&ouml;n.<\/p>\n<\/li>\n<li data-start=\"3758\" data-end=\"3853\">\n<p data-start=\"3760\" data-end=\"3853\"><strong data-start=\"3760\" data-end=\"3787\">Teollisuusymp&auml;rist&ouml;t &ndash;<\/strong> Rakennettu kest&auml;m&auml;&auml;n t&auml;rin&auml;&auml;, p&ouml;ly&auml; ja &auml;&auml;rimm&auml;isi&auml; l&auml;mp&ouml;tiloja.<\/p>\n<\/li>\n<li data-start=\"3854\" data-end=\"3951\">\n<p data-start=\"3856\" data-end=\"3951\"><strong data-start=\"3856\" data-end=\"3886\">Rakentaminen ja tekniikka &ndash;<\/strong> Suuren kirkkauden n&auml;ytt&ouml; ja kest&auml;vyys ulkotiloissa.<\/p>\n<\/li>\n<\/ul><h2 data-start=\"3953\" data-end=\"3977\">Tuotevertailut<\/h2><p data-start=\"3979\" data-end=\"4137\">Getac B360 G2 tarjoaa ainutlaatuisen tasapainon kannettavuuden, kest&auml;vyyden ja suorituskyvyn v&auml;lill&auml;. Vaihtoehtoja arvioiville organisaatioille MicroNordic tarjoaa my&ouml;s: <\/p><ul data-start=\"4139\" data-end=\"4576\">\n<li data-start=\"4139\" data-end=\"4276\">\n<p data-start=\"4141\" data-end=\"4276\"><a href=\"https:\/\/micronordic.com\/product\/getac-x600-fully-rugged-mobile-workstation\/\"><strong data-start=\"4141\" data-end=\"4187\">Getac X600 Fully Rugged Mobile<\/strong><\/a> &ndash; Suurempi ja tehokkaampi vaihtoehto, jossa on ty&ouml;asemaluokan suorituskyky ja laajennettavuus.<\/p>\n<\/li>\n<li data-start=\"4277\" data-end=\"4425\">\n<p data-start=\"4279\" data-end=\"4425\"><a href=\"https:\/\/micronordic.com\/product\/product-getac-s510-g1-semi-rugged-laptop\/\"><strong data-start=\"4279\" data-end=\"4312\">Getac S510 Semi-Rugged Laptop<\/strong><\/a> &ndash; Ohuempi ja kevyempi malli v&auml;hemm&auml;n &auml;&auml;rimm&auml;isiin olosuhteisiin, joka tarjoaa rugged luotettavuuden ja paremman liikkuvuuden.<\/p>\n<\/li>\n<li data-start=\"4426\" data-end=\"4576\">\n<p data-start=\"4428\" data-end=\"4576\"><a href=\"https:\/\/micronordic.com\/product\/panasonic-toughbook-fz-55\/\"><strong data-start=\"4428\" data-end=\"4473\">Panasonic TOUGHBOOK 55 MK1-3 Semi-Rugged Laptop<\/strong><\/a> Modulaarinen Semi Rugged laptop, jossa on monipuoliset laajennusmahdollisuudet ja joka on ihanteellinen kentt&auml;- ja toimistot&ouml;iden sekoittamiseen.<\/p>\n<\/li>\n<\/ul>\n","protected":false},"excerpt":{"rendered":"<h3>Tekniset tiedot:<\/h3>\n<ul>\n<li><strong>N\u00e4ytt\u00f6:<\/strong> 1400 nitsin auringonvalossa luettava LumiBond\u00ae-kosketusn\u00e4ytt\u00f6.<\/li>\n<li><strong>Suoritin: 12.<\/strong> sukupolven Intel\u00ae Core\u2122 i5\/i7 ja valinnainen vPro\u00ae -prosessori.<\/li>\n<li><strong>Grafiikka:<\/strong> Integroitu Intel\u00ae Iris\u00ae Xe, valinnainen NVIDIA\u00ae GeForce GTX<\/li>\n<li><strong>Muisti: 8 Gt DDR4<\/strong> (perusmalli), p\u00e4ivitett\u00e4viss\u00e4 64 Gt DDR5 RAM-muistiin.<\/li>\n<li><strong>Tallennustila: 256 Gt<\/strong> (perusmalli), p\u00e4ivitett\u00e4viss\u00e4 2 TB PCIe SSD-levyksi.<\/li>\n<li><strong>Liitett\u00e4vyys:<\/strong> Wi-Fi 6E, Bluetooth 5.3, valinnainen 4G LTE\/5G ja GPS.<\/li>\n<li><strong>Rugged Sertifikaatit:<\/strong> MIL-STD-810H, MIL-STD-461G, IP66, 6 ft pudotuskest\u00e4vyys.<\/li>\n<li><strong>Turvallisuus:<\/strong> TPM 2.0, sormenj\u00e4lkilukija, \u00e4lykortinlukija, RFID, Windows Hello.<\/li>\n<li><strong>Akku:<\/strong> Valinnaiset suurikapasiteettiset akut.<\/li>\n<li><strong>Mitat ja paino:<\/strong> 342 \u00d7 281 \u00d7 34,9 mm, 2,32 kg. <\/li>\n<li><strong>Takuu: 3 vuotta<\/strong> puskurista puskuriin.<\/li>\n<\/ul>\n","protected":false},"author":24,"featured_media":58461,"template":"","meta":{"_acf_changed":false,"inline_featured_image":false},"product-condition":[5252],"product_brand":[8958],"product_cat":[5126,5128,5133],"product_tag":[4910],"class_list":{"0":"post-47628","1":"product","2":"type-product","3":"status-publish","4":"has-post-thumbnail","6":"product-condition-new-in-box","7":"product_brand-getac","8":"product_cat-getac-rugged","9":"product_cat-all-rugged-laptops","10":"product_cat-new-in-box-rugged-hardware","11":"product_tag-windows-11-pro-fi","13":"first","14":"instock","15":"taxable","16":"shipping-taxable","17":"purchasable","18":"product-type-simple"},"acf":[],"_links":{"self":[{"href":"https:\/\/micronordic.com\/fi\/wp-json\/wp\/v2\/product\/47628","targetHints":{"allow":["GET"]}}],"collection":[{"href":"https:\/\/micronordic.com\/fi\/wp-json\/wp\/v2\/product"}],"about":[{"href":"https:\/\/micronordic.com\/fi\/wp-json\/wp\/v2\/types\/product"}],"author":[{"embeddable":true,"href":"https:\/\/micronordic.com\/fi\/wp-json\/wp\/v2\/users\/24"}],"version-history":[{"count":2,"href":"https:\/\/micronordic.com\/fi\/wp-json\/wp\/v2\/product\/47628\/revisions"}],"predecessor-version":[{"id":98079,"href":"https:\/\/micronordic.com\/fi\/wp-json\/wp\/v2\/product\/47628\/revisions\/98079"}],"wp:featuredmedia":[{"embeddable":true,"href":"https:\/\/micronordic.com\/fi\/wp-json\/wp\/v2\/media\/58461"}],"wp:attachment":[{"href":"https:\/\/micronordic.com\/fi\/wp-json\/wp\/v2\/media?parent=47628"}],"wp:term":[{"taxonomy":"product-condition","embeddable":true,"href":"https:\/\/micronordic.com\/fi\/wp-json\/wp\/v2\/product-condition?post=47628"},{"taxonomy":"product_brand","embeddable":true,"href":"https:\/\/micronordic.com\/fi\/wp-json\/wp\/v2\/product_brand?post=47628"},{"taxonomy":"product_cat","embeddable":true,"href":"https:\/\/micronordic.com\/fi\/wp-json\/wp\/v2\/product_cat?post=47628"},{"taxonomy":"product_tag","embeddable":true,"href":"https:\/\/micronordic.com\/fi\/wp-json\/wp\/v2\/product_tag?post=47628"}],"curies":[{"name":"wp","href":"https:\/\/api.w.org\/{rel}","templated":true}]}}