{"id":47626,"date":"2023-10-10T19:24:14","date_gmt":"2023-10-10T17:24:14","guid":{"rendered":"https:\/\/micronordic.com\/product\/dell-latitude-13-rugged-extreme-7330-kannettava-tietokone-uusi\/"},"modified":"2025-11-17T11:43:14","modified_gmt":"2025-11-17T10:43:14","slug":"dell-latitude-7330-rugged-extreme","status":"publish","type":"product","link":"https:\/\/micronordic.com\/fi\/product\/dell-latitude-7330-rugged-extreme\/","title":{"rendered":"Dell Latitude 7330 Rugged Extreme Laptop (UUSI)"},"content":{"rendered":"<?xml encoding=\"utf-8\" ?><h2 data-start=\"194\" data-end=\"238\">Dell Latitude 7330 Rugged Extreme Laptop<\/h2><p data-start=\"240\" data-end=\"734\">Dell Latitude 7330 Rugged Extreme on 13,3 tuuman Fully Rugged laptop, joka on suunniteltu ammattilaisille, jotka ty&ouml;skentelev&auml;t vaikeimmissa olosuhteissa. Siin&auml; yhdistyv&auml;t sotilasluokan kest&auml;vyys ja yritystason suorituskyky, ja se tarjoaa puolustuksen, julkisen turvallisuuden, kentt&auml;huollon ja teollisuuden ty&ouml;nkulkujen edellytt&auml;m&auml;n tehon, liitett&auml;vyyden ja luotettavuuden. Kevyen rakenteensa ja monipuolisten kokoonpanovaihtoehtojensa ansiosta Latitude 7330 on yksi luokkansa liikkuvimmista Fully Rugged laptopista.  <\/p><p class=\"p1\">Uusilla tuotteilla on 3 vuoden valmistajan takuu.<\/p><h2 data-start=\"736\" data-end=\"794\">Dell Latitude 7330 Rugged Extreme -mallin t&auml;rkeimm&auml;t ominaisuudet<\/h2><ul data-start=\"796\" data-end=\"1593\">\n<li data-start=\"796\" data-end=\"886\">\n<p data-start=\"798\" data-end=\"886\"><strong>Fully Rugged design &ndash;<\/strong> MIL-STD-810H-sertifioitu, IP65-luokiteltu ja pudotustestattu 6 jalasta.<\/p>\n<\/li>\n<li data-start=\"887\" data-end=\"983\">\n<p data-start=\"889\" data-end=\"983\"><strong>13,3 tuuman FHD-n&auml;ytt&ouml;, joka on luettavissa auringonvalossa &ndash; 1400<\/strong> nitsin kirkkaus sek&auml; tuki k&auml;sine- ja m&auml;rk&auml;kosketusn&auml;yt&ouml;lle.<\/p>\n<\/li>\n<li data-start=\"984\" data-end=\"1076\">\n<p data-start=\"986\" data-end=\"1076\"><strong>Suorituskykyvaihtoehdot &ndash;<\/strong> 11. sukupolven Intel&reg; Core&trade; i5\/i7 -prosessorit ja valinnainen Intel&reg; vPro&reg;.<\/p>\n<\/li>\n<li data-start=\"1077\" data-end=\"1145\">\n<p data-start=\"1079\" data-end=\"1145\"><strong>Muisti ja tallennus &ndash;<\/strong> M&auml;&auml;ritett&auml;viss&auml; jopa 32 Gt DDR4 RAM-muistia ja jopa 2 TB PCIe SSD.<\/p>\n<\/li>\n<li data-start=\"1146\" data-end=\"1236\">\n<p data-start=\"1148\" data-end=\"1236\"><strong>Liitett&auml;vyys &ndash;<\/strong> Wi-Fi 6E, Bluetooth 5.2, valinnainen 4G LTE\/5G, GPS ja perinteiset I\/O-portit.<\/p>\n<\/li>\n<li data-start=\"1237\" data-end=\"1331\">\n<p data-start=\"1239\" data-end=\"1331\"><strong>Tietoturva &ndash;<\/strong> TPM 2.0, sormenj&auml;lkilukija, Windows Hello, &auml;lykortti- ja RFID-lukijatuki.<\/p>\n<\/li>\n<li data-start=\"1332\" data-end=\"1427\">\n<p data-start=\"1334\" data-end=\"1427\"><strong>Hot-swap-akut &ndash;<\/strong> Valinnainen kaksi hot-swap-akkua, joissa on ExpressCharge-tuki.<\/p>\n<\/li>\n<li data-start=\"1428\" data-end=\"1523\">\n<p data-start=\"1430\" data-end=\"1523\"><strong>Kevyt ja kannettava &ndash;<\/strong> Alkaen 1,97 kg, mik&auml; tekee siit&auml; yhden luokkansa kevyimmist&auml;.<\/p>\n<\/li>\n<li data-start=\"1524\" data-end=\"1593\">\n<p data-start=\"1526\" data-end=\"1593\"><strong>Takuu &ndash;<\/strong> Dell ProSupport tukee jopa 3 vuoden takuulla.<\/p>\n<\/li>\n<\/ul><h2 data-start=\"1595\" data-end=\"1642\">Miksi valita Rugged Laptop Latitude 7330?<\/h2><h3 data-start=\"1644\" data-end=\"1667\">Rugged kest&auml;vyys<\/h3><p data-start=\"1668\" data-end=\"1921\">Latitude 7330 Rugged Extreme on suunniteltu selviytym&auml;&auml;n kovimmissakin olosuhteissa. MIL-STD-810H-sertifioinnilla, IP65-tiivistyksell&auml; ja putoamisenkest&auml;vyydell&auml;, joka kest&auml;&auml; p&ouml;ly&auml;, vett&auml;, iskuja, t&auml;rin&auml;&auml; ja &auml;&auml;rimm&auml;isi&auml; l&auml;mp&ouml;tiloja, se on suunniteltu kest&auml;m&auml;&auml;n p&ouml;ly&auml;, vett&auml;, iskuja, t&auml;rin&auml;&auml; ja &auml;&auml;rimm&auml;isi&auml; l&auml;mp&ouml;tiloja. <\/p><h3 data-start=\"1923\" data-end=\"1950\">Ulkona k&auml;ytett&auml;v&auml; n&auml;ytt&ouml;<\/h3><p data-start=\"1951\" data-end=\"2178\">13,3 tuuman FHD-n&auml;ytt&ouml; tarjoaa 1400 nitsin kirkkauden, mik&auml; takaa parhaan luettavuuden suorassa auringonvalossa. Kosketussy&ouml;tt&ouml; pysyy luotettavana sateella, k&auml;sineill&auml; tai kyn&auml;&auml; k&auml;ytett&auml;ess&auml;, joten se soveltuu erinomaisesti ulko- ja kentt&auml;ty&ouml;h&ouml;n. <\/p><h3 data-start=\"2180\" data-end=\"2214\">Yritysluokan suorituskyky<\/h3><p data-start=\"2215\" data-end=\"2454\">Intel&reg; 11th Gen Core&trade; -suorittimilla, joissa on valinnainen vPro&reg; ja jopa 32 Gt RAM-muistia, varustettu Latitude 7330 takaa saumattoman moniajon. PCIe SSD -tallennustila tarjoaa nopeat k&auml;ynnistymisajat ja nopean tiedonsaannin, mik&auml; on ihanteellista tietointensiivisille sovelluksille. <\/p><h3 data-start=\"2456\" data-end=\"2483\">Liitett&auml;vyys miss&auml; tahansa<\/h3><p data-start=\"2484\" data-end=\"2738\">Latitude 7330:ss&auml; on Wi-Fi 6E, Bluetooth 5.2 ja valinnainen 4G LTE tai 5G, joten se takaa johdonmukaisen viestinn&auml;n. Sis&auml;&auml;nrakennettu GPS mahdollistaa tarkan sijainninseurannan kentt&auml;toimintoja varten, ja useat I\/O-vaihtoehdot takaavat yhteensopivuuden vanhojen j&auml;rjestelmien kanssa. <\/p><h3 data-start=\"2740\" data-end=\"2759\">Koko p&auml;iv&auml;n teho<\/h3><p data-start=\"2760\" data-end=\"2976\">Kahden akun hot-swap-tuki tarkoittaa, ett&auml; Latitude 7330 voi toimia jatkuvasti ilman sammutuksia. Dellin ExpressCharge-tekniikka mahdollistaa lis&auml;ksi nopean latauksen, jolloin toiminta pysyy k&auml;ynniss&auml; minimaalisella seisokkiajalla. <\/p><h3 data-start=\"2978\" data-end=\"3004\">Turvallinen ja yhteensopiva<\/h3><p data-start=\"3005\" data-end=\"3234\">TPM 2.0:n, sormenj&auml;lkilukijoiden, &auml;lykortinlukijoiden ja RFID-todennuksen ansiosta Latitude 7330 tarjoaa useita tietoturvatasoja. N&auml;m&auml; ominaisuudet auttavat organisaatioita t&auml;ytt&auml;m&auml;&auml;n tiukat yritys- ja viranomaisvaatimusten noudattamista koskevat standardit. <\/p><h3 data-start=\"3236\" data-end=\"3269\">Kevyt ja rugged liikkuvuus<\/h3><p data-start=\"3270\" data-end=\"3482\">Latitude 7330 Rugged Extreme on alle 2 kg painollaan yksi kevyimmist&auml; saatavilla olevista Fully Rugged laptopista. T&auml;m&auml; kannettavuus tekee siit&auml; erityisen arvokkaan liikkuville ammattilaisille, jotka tarvitsevat kest&auml;vyytt&auml; ilman tilaa. <\/p><h2 data-start=\"3484\" data-end=\"3527\">Dell Latitude 7330:n ihanteelliset k&auml;ytt&ouml;tapaukset<\/h2><ul data-start=\"3529\" data-end=\"4018\">\n<li data-start=\"3529\" data-end=\"3623\">\n<p data-start=\"3531\" data-end=\"3623\"><strong data-start=\"3531\" data-end=\"3553\">Puolustus ja armeija &ndash;<\/strong> Kevyt ja Fully Rugged ratkaisu turvalliseen kentt&auml;toimintaan.<\/p>\n<\/li>\n<li data-start=\"3624\" data-end=\"3726\">\n<p data-start=\"3626\" data-end=\"3726\"><strong data-start=\"3626\" data-end=\"3643\">Julkinen turvallisuus &ndash;<\/strong> Luotettava yhteys ja kest&auml;vyys poliisi-, palo- ja pelastuspalveluille.<\/p>\n<\/li>\n<li data-start=\"3727\" data-end=\"3822\">\n<p data-start=\"3729\" data-end=\"3822\"><strong data-start=\"3729\" data-end=\"3758\">Kentt&auml;huolto ja yleishy&ouml;dylliset palvelut &ndash;<\/strong> Rugged liikkuvuus, pitk&auml; k&auml;ytt&ouml;aika ja modulaarinen liitett&auml;vyys.<\/p>\n<\/li>\n<li data-start=\"3823\" data-end=\"3916\">\n<p data-start=\"3825\" data-end=\"3916\"><strong data-start=\"3825\" data-end=\"3852\">Teollisuusymp&auml;rist&ouml;t &ndash;<\/strong> Rakennettu kest&auml;m&auml;&auml;n p&ouml;ly&auml;, t&auml;rin&auml;&auml; ja &auml;&auml;rimm&auml;isi&auml; olosuhteita.<\/p>\n<\/li>\n<li data-start=\"3917\" data-end=\"4018\">\n<p data-start=\"3919\" data-end=\"4018\"><strong data-start=\"3919\" data-end=\"3949\">Rakentaminen ja tekniikka &ndash;<\/strong> Auringonvalossa luettava n&auml;ytt&ouml; ja rugged rakenne ulkoprojekteja varten.<\/p>\n<\/li>\n<\/ul><h2 data-start=\"4020\" data-end=\"4077\">Tuotevertailut: Dell Latitude 7330 Vaihtoehdot<\/h2><p data-start=\"3971\" data-end=\"4165\">Dell Latitude 7330 Rugged Extreme Laptop on suunniteltu k&auml;ytt&auml;jille, jotka tarvitsevat kevyen, Fully Rugged laptopin, jossa on yritystason suorituskyky. Muita Micro Nordicilta saatavilla olevia rugged laitteita ovat mm: <\/p><ul data-start=\"4167\" data-end=\"4549\">\n<li data-start=\"4167\" data-end=\"4288\">\n<p data-start=\"4169\" data-end=\"4288\"><a href=\"https:\/\/micronordic.com\/product\/dell-rugged-extreme-5430-new\/\"><strong data-start=\"4169\" data-end=\"4205\">Dell Latitude 5430 Rugged Laptop<\/strong><\/a> Semi-Rugged malli, joka tarjoaa kevyemp&auml;&auml; kest&auml;vyytt&auml; v&auml;hemm&auml;n &auml;&auml;rimm&auml;isiin ymp&auml;rist&ouml;ihin.<\/p>\n<\/li>\n<li data-start=\"4289\" data-end=\"4421\">\n<p data-start=\"4291\" data-end=\"4421\"><a href=\"https:\/\/micronordic.com\/product\/getac-b360-g2-fully-rugged-laptop\/\"><strong data-start=\"4291\" data-end=\"4328\">Getac B360 G2 Fully Rugged Laptop<\/strong><\/a> &ndash; Fully Rugged 13,3 tuuman vaihtoehto, jossa on lis&auml;varusteena NVIDIA&reg;-grafiikkapiiri ja virransy&ouml;tt&ouml; kuumavaihdettavana.<\/p>\n<\/li>\n<li data-start=\"4422\" data-end=\"4549\">\n<p data-start=\"4424\" data-end=\"4549\"><a href=\"https:\/\/micronordic.com\/product\/panasonic-toughbook-fz-55\/\"><strong data-start=\"4424\" data-end=\"4469\">Panasonic TOUGHBOOK 55 MK1-3 Semi-Rugged Laptop<\/strong><\/a> Modulaarinen Semi Rugged laptop, joka on ihanteellinen joustaviin kent&auml;lt&auml; toimistoon suuntautuviin ty&ouml;nkulkuihin.<\/p>\n<\/li>\n<\/ul>\n","protected":false},"excerpt":{"rendered":"<h3>Tekniset tiedot:<\/h3>\n<ul>\n<li><strong>N\u00e4ytt\u00f6:<\/strong> 1400 nitsin auringonvalossa luettava kosketusn\u00e4ytt\u00f6.<\/li>\n<li><strong>Prosessori: 11.<\/strong> sukupolven Intel\u00ae Core\u2122 i5\/i7 ja valinnainen vPro\u00ae -prosessori.<\/li>\n<li><strong>Grafiikka:<\/strong> Xe grafiikka: Integroitu Intel\u00ae Iris\u00ae Xe grafiikka<\/li>\n<li><strong>Muisti: 8 Gt<\/strong> (perusmalli), p\u00e4ivitett\u00e4viss\u00e4 32 Gt DDR4 RAM-muistiin.<\/li>\n<li><strong>Tallennustila: 256 Gt<\/strong> (perusmalli), p\u00e4ivitett\u00e4v\u00e4 2 TB PCIe SSD -levy<\/li>\n<li><strong>Liitett\u00e4vyys:<\/strong> Wi-Fi 6E, Bluetooth 5.2, valinnainen 4G LTE\/5G ja GPS.<\/li>\n<li><strong>Rugged Sertifikaatit:<\/strong> MIL-STD-810H, IP65, 6 ft pudotuskest\u00e4vyys: MIL-STD-810H, IP65, 6 ft pudotuskest\u00e4vyys<\/li>\n<li><strong>Turvallisuus:<\/strong> TPM 2.0, sormenj\u00e4lkilukija, \u00e4lykortti- ja RFID-tuki, Windows Hello.<\/li>\n<li><strong>Akku:<\/strong> ExpressCharge-tuella varustetut kaksi akkua.<\/li>\n<li><strong>Mitat ja paino:<\/strong> Paino: Noin 330 \u00d7 220 \u00d7 32 mm, alkaen 1,97 kg. <\/li>\n<li><strong><strong>Takuu: <\/strong><\/strong>Dell ProSupport: 3 vuotta<\/li>\n<\/ul>\n","protected":false},"author":24,"featured_media":99930,"template":"","meta":{"_acf_changed":false,"inline_featured_image":false},"product-condition":[5252],"product_brand":[8945],"product_cat":[5125,5128,5133],"product_tag":[],"class_list":{"0":"post-47626","1":"product","2":"type-product","3":"status-publish","4":"has-post-thumbnail","6":"product-condition-new-in-box","7":"product_brand-dell","8":"product_cat-dell-rugged","9":"product_cat-all-rugged-laptops","10":"product_cat-new-in-box-rugged-hardware","12":"first","13":"instock","14":"taxable","15":"shipping-taxable","16":"purchasable","17":"product-type-simple"},"acf":[],"_links":{"self":[{"href":"https:\/\/micronordic.com\/fi\/wp-json\/wp\/v2\/product\/47626","targetHints":{"allow":["GET"]}}],"collection":[{"href":"https:\/\/micronordic.com\/fi\/wp-json\/wp\/v2\/product"}],"about":[{"href":"https:\/\/micronordic.com\/fi\/wp-json\/wp\/v2\/types\/product"}],"author":[{"embeddable":true,"href":"https:\/\/micronordic.com\/fi\/wp-json\/wp\/v2\/users\/24"}],"version-history":[{"count":3,"href":"https:\/\/micronordic.com\/fi\/wp-json\/wp\/v2\/product\/47626\/revisions"}],"predecessor-version":[{"id":97931,"href":"https:\/\/micronordic.com\/fi\/wp-json\/wp\/v2\/product\/47626\/revisions\/97931"}],"wp:featuredmedia":[{"embeddable":true,"href":"https:\/\/micronordic.com\/fi\/wp-json\/wp\/v2\/media\/99930"}],"wp:attachment":[{"href":"https:\/\/micronordic.com\/fi\/wp-json\/wp\/v2\/media?parent=47626"}],"wp:term":[{"taxonomy":"product-condition","embeddable":true,"href":"https:\/\/micronordic.com\/fi\/wp-json\/wp\/v2\/product-condition?post=47626"},{"taxonomy":"product_brand","embeddable":true,"href":"https:\/\/micronordic.com\/fi\/wp-json\/wp\/v2\/product_brand?post=47626"},{"taxonomy":"product_cat","embeddable":true,"href":"https:\/\/micronordic.com\/fi\/wp-json\/wp\/v2\/product_cat?post=47626"},{"taxonomy":"product_tag","embeddable":true,"href":"https:\/\/micronordic.com\/fi\/wp-json\/wp\/v2\/product_tag?post=47626"}],"curies":[{"name":"wp","href":"https:\/\/api.w.org\/{rel}","templated":true}]}}