{"id":47624,"date":"2023-10-10T18:37:26","date_gmt":"2023-10-10T16:37:26","guid":{"rendered":"https:\/\/micronordic.com\/product\/dell-latitude-12-rugged-extreme-7230-tabletti-uusi\/"},"modified":"2025-11-17T11:48:04","modified_gmt":"2025-11-17T10:48:04","slug":"dell-latitude-rugged-extreme-7230-tablet","status":"publish","type":"product","link":"https:\/\/micronordic.com\/fi\/product\/dell-latitude-rugged-extreme-7230-tablet\/","title":{"rendered":"Dell Latitude 7230 Rugged Extreme Tablet (UUSI)"},"content":{"rendered":"<?xml encoding=\"utf-8\" ?><h2 data-start=\"308\" data-end=\"353\">Dell Latitude 7230 Rugged Extreme Tablet<\/h2><p data-start=\"355\" data-end=\"863\"><strong data-start=\"359\" data-end=\"403\">Dell Latitude 7230 Rugged Extreme Tablet on<\/strong> suunniteltu ammattilaisille, jotka tarvitsevat luotettavaa laskentatehoa vaikeimmissakin ymp&auml;rist&ouml;iss&auml;. T&auml;m&auml; Fully Rugged tabletti, jossa yhdistyv&auml;t &auml;&auml;rimm&auml;inen kest&auml;vyys, yritystason suorituskyky ja kevyt liikkuvuus, on suunniteltu aloille, joilla tavalliset kuluttajalaitteet eiv&auml;t p&auml;rj&auml;&auml;. Puolustusoperaatioista ja ensivastetoiminnasta aina yleishy&ouml;dyllisiin laitoksiin, &ouml;ljy- ja kaasualan yrityksiin ja kentt&auml;huoltoon &ndash; Latitude 7230 varmistaa, ett&auml; tiimit pysyv&auml;t yhteydess&auml;, tuottavina ja turvallisina kaikissa tilanteissa.   Uusilla tuotteilla on 3 vuoden valmistajan takuu.<\/p><h2 data-start=\"865\" data-end=\"917\">Latitude 7230 &ndash; rugged tabletin t&auml;rkeimm&auml;t ominaisuudet<\/h2><ul data-start=\"919\" data-end=\"1945\">\n<li data-start=\"919\" data-end=\"1027\">\n<p data-start=\"921\" data-end=\"1027\"><strong data-start=\"921\" data-end=\"942\">Rugged kest&auml;vyys &ndash;<\/strong> MIL-STD-810H- ja IP65-sertifioitu, kest&auml;&auml; pudotuksia, p&ouml;ly&auml;, t&auml;rin&auml;&auml; ja vett&auml;.<\/p>\n<\/li>\n<li data-start=\"1028\" data-end=\"1145\">\n<p data-start=\"1030\" data-end=\"1145\"><strong data-start=\"1030\" data-end=\"1065\">12,0 tuuman auringonvalossa luettava n&auml;ytt&ouml; &ndash; Full<\/strong> HD (1920&times;1200) -paneeli, jossa on 1200 nitsin kirkkaus, k&auml;sine- ja kyn&auml;tuki.<\/p>\n<\/li>\n<li data-start=\"1146\" data-end=\"1259\">\n<p data-start=\"1148\" data-end=\"1259\"><strong data-start=\"1148\" data-end=\"1172\">Tehokas suorituskyky &ndash;<\/strong> 12. sukupolven Intel&reg; Core&trade; i3\/i5\/i7 -prosessorit, valinnainen vPro&reg; kehittyneeseen hallintaan.<\/p>\n<\/li>\n<li data-start=\"1260\" data-end=\"1344\">\n<p data-start=\"1262\" data-end=\"1344\"><strong data-start=\"1262\" data-end=\"1274\">Grafiikka &ndash;<\/strong> Integroitu Intel&reg; Iris Xe -grafiikka (saatavana i5\/i7-malleihin).<\/p>\n<\/li>\n<li data-start=\"1345\" data-end=\"1408\">\n<p data-start=\"1347\" data-end=\"1408\"><strong data-start=\"1347\" data-end=\"1357\">Muisti &ndash;<\/strong> M&auml;&auml;ritett&auml;viss&auml; 8 Gt:sta 32 Gt:iin LPDDR5 RAM-muistia.<\/p>\n<\/li>\n<li data-start=\"1409\" data-end=\"1483\">\n<p data-start=\"1411\" data-end=\"1483\"><strong data-start=\"1411\" data-end=\"1422\">Tallennus &ndash;<\/strong> NVMe PCIe SSD &ndash; jopa 2 TB nopeaa ja luotettavaa tiedonsiirtoa varten.<\/p>\n<\/li>\n<li data-start=\"1484\" data-end=\"1589\">\n<p data-start=\"1486\" data-end=\"1589\"><strong data-start=\"1486\" data-end=\"1502\">Liitett&auml;vyys &ndash;<\/strong> Wi-Fi 6E, Bluetooth 5.2, valinnainen 4G\/5G LTE eSIM:ll&auml; ja GPS maailmanlaajuista liikkuvuutta varten.<\/p>\n<\/li>\n<li data-start=\"1590\" data-end=\"1667\">\n<p data-start=\"1592\" data-end=\"1667\"><strong data-start=\"1592\" data-end=\"1624\">Kuumavaihdettavat kaksoisakut &ndash;<\/strong> Jatkuva toiminta ilman seisokkiaikaa.<\/p>\n<\/li>\n<li data-start=\"1668\" data-end=\"1780\">\n<p data-start=\"1670\" data-end=\"1780\"><strong data-start=\"1670\" data-end=\"1693\">Yritysturvallisuus &ndash;<\/strong> TPM 2.0, Windows Hello, sormenj&auml;lkilukija, valinnaiset &auml;lykortti- ja RFID-lukijat.<\/p>\n<\/li>\n<li data-start=\"1781\" data-end=\"1863\">\n<p data-start=\"1783\" data-end=\"1863\"><strong data-start=\"1783\" data-end=\"1798\">Kannettavuus &ndash;<\/strong> Kevyt rakenne (n. 1,3 kg), joka on optimoitu kentt&auml;k&auml;ytt&ouml;&ouml;n.<\/p>\n<\/li>\n<li data-start=\"1864\" data-end=\"1945\">\n<p data-start=\"1866\" data-end=\"1945\"><strong data-start=\"1866\" data-end=\"1878\">Takuu &ndash;<\/strong> 3 vuoden rajoitettu vakiotakuu Dell ProSupport -vaihtoehdoilla.<\/p>\n<\/li>\n<\/ul><h2 data-start=\"1947\" data-end=\"1990\">Dell Latitude 7230:n t&auml;rkeimm&auml;t edut<\/h2><h3 data-start=\"1992\" data-end=\"2025\">Liikkuvuus ilman kompromisseja<\/h3><p data-start=\"2026\" data-end=\"2407\">Toisin kuin tilaa viev&auml;mm&auml;t rugged laptopit, Latitude 7230 tarjoaa kompaktin muotoilun tinkim&auml;tt&auml; kest&auml;vyydest&auml;. Reilun 1,3 kilon painoinen kannettava on helppo kantaa pitkien kentt&auml;vuorojen aikana, mutta sen kest&auml;v&auml; runko on testattu kest&auml;m&auml;&auml;n pudotuksia, p&ouml;ly&auml;, vett&auml; ja &auml;&auml;rimm&auml;isi&auml; l&auml;mp&ouml;tiloja. T&auml;m&auml; tasapaino tekee siit&auml; t&auml;ydellisen ratkaisun ryhmille, jotka tarvitsevat yht&auml; lailla liikkuvuutta ja kest&auml;vyytt&auml;.  <\/p><h3 data-start=\"2409\" data-end=\"2440\">Auringonvalossa luettava n&auml;ytt&ouml;<\/h3><p data-start=\"2441\" data-end=\"2722\">12,0&Prime; FHD-n&auml;ytt&ouml; tarjoaa erinomaisen n&auml;kyvyyden jopa 1200 nitsin kirkkaudella, mik&auml; takaa k&auml;ytett&auml;vyyden jopa suorassa auringonvalossa. K&auml;sine- ja kyn&auml;sy&ouml;t&ouml;n ansiosta ammattilaiset voivat jatkaa ty&ouml;skentely&auml; m&auml;riss&auml;, p&ouml;lyisiss&auml; tai kylmiss&auml; ymp&auml;rist&ouml;iss&auml; menett&auml;m&auml;tt&auml; laitteen hallintaa. <\/p><h3 data-start=\"2724\" data-end=\"2760\">Luotettava teho pitkiin ty&ouml;vuoroihin<\/h3><p data-start=\"2761\" data-end=\"3059\">Kuumavaihdettavat kaksoisakut takaavat koko p&auml;iv&auml;n tuottavuuden. Et&auml;isill&auml; alueilla ty&ouml;skentelev&auml;t ty&ouml;ntekij&auml;t voivat vaihtaa tyhjentyneet akut tien p&auml;&auml;ll&auml; ilman, ett&auml; tabletin virta katkeaa tai ty&ouml;nkulut keskeytyv&auml;t. T&auml;m&auml; ominaisuus on ratkaisevan t&auml;rke&auml; yleishy&ouml;dyllisten laitosten, puolustuksen tai pelastuspalvelujen tiimeille, joissa k&auml;ytt&ouml;katkokset eiv&auml;t ole vaihtoehto.  <\/p><h3 data-start=\"3061\" data-end=\"3092\">Yritysluokan turvallisuus<\/h3><p data-start=\"3093\" data-end=\"3380\">Tietosuoja on etusijalla integroidun TPM 2.0:n, Windows Hello -kasvojentunnistuksen, sormenj&auml;lkitunnistuksen ja valinnaisten &auml;lykortti- tai RFID-lukijoiden ansiosta. N&auml;m&auml; tietoturvaominaisuudet ovat alan tiukkojen standardien mukaisia, joten arkaluonteiset tiedot ovat suojattuja korkean panostuksen ymp&auml;rist&ouml;iss&auml;. <\/p><h3 data-start=\"3382\" data-end=\"3404\">Aina yhteydess&auml;<\/h3><p data-start=\"3405\" data-end=\"3720\">Latitude 7230 on suunniteltu luotettavaa viestint&auml;&auml; ja reaaliaikaista tiedonsaantia varten. Wi-Fi 6E:n, Bluetooth 5.2:n ja valinnaisen 5G LTE:n ja GPS:n ansiosta se pit&auml;&auml; tiimit yhteydess&auml; toisiinsa riippumatta siit&auml;, ovatko ne sis&auml;ll&auml;, ulkona vai liikkeell&auml;. T&auml;m&auml; takaa tehokkuuden toimialoilla, joilla ajoitus ja tarkat tiedot ovat kriittisi&auml;.  <\/p><h3 data-start=\"3722\" data-end=\"3753\">Helppo ottaa k&auml;ytt&ouml;&ouml;n ja hallita<\/h3><p data-start=\"3754\" data-end=\"4012\">IT-osastoille 7230 sis&auml;lt&auml;&auml; Dellin yritystason hallittavuuden valinnaisilla vPro&reg;-prosessoreilla. Laitteet voidaan ottaa k&auml;ytt&ouml;&ouml;n, hallita ja p&auml;ivitt&auml;&auml; et&auml;n&auml;, mik&auml; v&auml;hent&auml;&auml; IT-alan yleiskustannuksia ja varmistaa saumattoman integroinnin yrityksen nykyiseen infrastruktuuriin. <\/p><h3 data-start=\"4014\" data-end=\"4050\">Rugged ekosysteemin yhteensopivuus<\/h3><p data-start=\"4051\" data-end=\"4322\">Latitude 7230 toimii saumattomasti Dellin rugged ekosysteemin, kuten telakoiden, n&auml;pp&auml;imist&ouml;jen ja ajoneuvotelineiden, kanssa. T&auml;m&auml;n mukautuvuuden ansiosta yritykset voivat konfiguroida laitteen kentt&auml;teknikkoja, h&auml;lytysajoneuvoja tai teollisuusty&ouml;asemia varten tarpeidensa mukaan. <\/p><h2 data-start=\"4324\" data-end=\"4367\">Dell Latitude 7230:n ihanteelliset k&auml;ytt&ouml;tapaukset<\/h2><ul data-start=\"4369\" data-end=\"5027\">\n<li data-start=\"4369\" data-end=\"4497\">\n<p data-start=\"4371\" data-end=\"4497\"><strong data-start=\"4371\" data-end=\"4400\">Julkinen turvallisuus ja puolustus &ndash;<\/strong> turvalliset, kentt&auml;k&auml;ytt&ouml;&ouml;n soveltuvat tietokoneet ensivastetoimijoille, lainvalvontaviranomaisille ja puolustusoperaatioille.<\/p>\n<\/li>\n<li data-start=\"4498\" data-end=\"4633\">\n<p data-start=\"4500\" data-end=\"4633\"><strong data-start=\"4500\" data-end=\"4531\">Yleishy&ouml;dylliset laitokset ja kentt&auml;huolto &ndash;<\/strong> Luotettava mobiiliyhteys putkistoja, s&auml;hk&ouml;verkkoja tai infrastruktuuria tarkastaville teknikoille.<\/p>\n<\/li>\n<li data-start=\"4634\" data-end=\"4768\">\n<p data-start=\"4636\" data-end=\"4768\"><strong data-start=\"4636\" data-end=\"4660\">&Ouml;ljy, kaasu ja kaivostoiminta &ndash; Kest&auml;&auml;<\/strong> &auml;&auml;rimm&auml;isi&auml; olosuhteita syrj&auml;isiss&auml; ymp&auml;rist&ouml;iss&auml;, joissa kest&auml;vyys ja liitett&auml;vyys ovat olennaisia.<\/p>\n<\/li>\n<li data-start=\"4769\" data-end=\"4903\">\n<p data-start=\"4771\" data-end=\"4903\"><strong data-start=\"4771\" data-end=\"4803\">Kuljetus ja logistiikka &ndash;<\/strong> Reaaliaikainen viestint&auml;, varastonseuranta ja navigointi ajoneuvo- ja varastotoimintaa varten.<\/p>\n<\/li>\n<li data-start=\"4904\" data-end=\"5027\">\n<p data-start=\"4906\" data-end=\"5027\"><strong data-start=\"4906\" data-end=\"4938\">Teollisuus ja teollisuus &ndash;<\/strong> Suunniteltu kest&auml;m&auml;&auml;n t&auml;rin&auml;&auml;, p&ouml;ly&auml; ja &auml;&auml;rimm&auml;isi&auml; l&auml;mp&ouml;tiloja kiireisiss&auml; tehdasalueilla.<\/p>\n<\/li>\n<\/ul><h2 data-start=\"5029\" data-end=\"5086\">Tuotevertailut: Dell Latitude 7230 Vaihtoehdot<\/h2><p data-start=\"5088\" data-end=\"5190\">Micro Nordic tarjoaa my&ouml;s muita sopivia vaihtoehtoja yrityksille, jotka harkitsevat rugged tabletteja:<\/p><ul data-start=\"5192\" data-end=\"5604\">\n<li data-start=\"5192\" data-end=\"5320\">\n<p data-start=\"5194\" data-end=\"5320\"><a href=\"https:\/\/micronordic.com\/product\/getac-ux10-g3-fully-rugged-tablet\/\"><strong data-start=\"5194\" data-end=\"5231\">Getac UX10 G3 Fully Rugged Tablet<\/strong> <\/a>Pienikokoinen 10,1 tuuman tabletti, joka tarjoaa kevyen siirrett&auml;vyyden ja t&auml;ysin rugged suojan.<\/p>\n<\/li>\n<li data-start=\"5321\" data-end=\"5469\">\n<p data-start=\"5323\" data-end=\"5469\"><a href=\"https:\/\/micronordic.com\/product\/panasonic-toughpad-fz-m1-refurbished\/\"><strong data-start=\"5323\" data-end=\"5380\">Panasonic TOUGHBOOK FZ-M1 Rugged Tablet<\/strong> <\/a>T&auml;ysin rugged 7&Prime; tabletti, joka on suunniteltu &auml;&auml;rimm&auml;isen kannettavaksi ja kustannustietoisille ostajille.<\/p>\n<\/li>\n<li data-start=\"5470\" data-end=\"5604\">\n<p data-start=\"5472\" data-end=\"5604\"><a href=\"https:\/\/micronordic.com\/product\/zebra-et65-rugged-enterprise-tablet\/\"><strong data-start=\"5472\" data-end=\"5511\">Zebra ET65 Rugged Enterprise Tablet<\/strong> <\/a>12&Prime; Android-pohjainen rugged-tabletti, joka on suunniteltu 5G-ensimm&auml;ist&auml; liitett&auml;vyytt&auml; ja ulkotilojen ty&ouml;nkulkuja varten.<\/p>\n<\/li>\n<\/ul>\n","protected":false},"excerpt":{"rendered":"<h3>Tekniset tiedot:<\/h3>\n<ul>\n<li><strong>N\u00e4ytt\u00f6:<\/strong> (1920\u00d71200), 1200 nitsin kirkkaus, k\u00e4sine- ja kyn\u00e4sy\u00f6tt\u00f6.<\/li>\n<li><strong>Prosessori:<\/strong> 12. sukupolven Intel\u00ae Core\u2122 i3 \/ i5 \/ i7, valinnainen vPro\u00ae<\/li>\n<li><strong>Grafiikka:<\/strong> Intel\u00ae Iris Xe -grafiikka (i5\/i7-mallit)<\/li>\n<li><strong>Muisti: 8 Gt<\/strong> RAM-muistia (perusmalli), p\u00e4ivitett\u00e4viss\u00e4 32 Gt LPDDR5 RAM-muistiin.<\/li>\n<li><strong>Tallennustila: 256 NVMe<\/strong> PCIe SSD (perusmalli), p\u00e4ivitett\u00e4viss\u00e4 2 TB:iin.<\/li>\n<li><strong>Liitett\u00e4vyys:<\/strong> Wi-Fi 6E, Bluetooth 5.2, valinnainen 4G\/5G LTE GPS:ll\u00e4.<\/li>\n<li><strong>Rugged sertifioinnit:<\/strong> MIL-STD-810H, IP65, pudotustestattu, l\u00e4mp\u00f6tila-alue testattu.<\/li>\n<li><strong>Arvopaperi:<\/strong> TPM 2.0, Windows Hello, sormenj\u00e4lkitunnistin, valinnainen \u00e4lykortti ja RFID<\/li>\n<li><strong>Akku:<\/strong> Kaksi akkua, jotka voidaan vaihtaa kesken\u00e4\u00e4n pidemp\u00e4\u00e4 k\u00e4ytt\u00f6aikaa varten.<\/li>\n<li><strong>Mitat ja paino:<\/strong> Paino: Noin 1,3 kg <\/li>\n<li><strong>Takuu: 3 vuoden<\/strong> rajoitettu takuu valinnaisella ProSupport-tuella.<\/li>\n<\/ul>\n","protected":false},"author":24,"featured_media":100043,"template":"","meta":{"_acf_changed":false,"inline_featured_image":false},"product-condition":[5252],"product_brand":[8945],"product_cat":[5125,5129,5133],"product_tag":[],"class_list":{"0":"post-47624","1":"product","2":"type-product","3":"status-publish","4":"has-post-thumbnail","6":"product-condition-new-in-box","7":"product_brand-dell","8":"product_cat-dell-rugged","9":"product_cat-all-rugged-tablets","10":"product_cat-new-in-box-rugged-hardware","12":"first","13":"instock","14":"taxable","15":"shipping-taxable","16":"purchasable","17":"product-type-simple"},"acf":[],"_links":{"self":[{"href":"https:\/\/micronordic.com\/fi\/wp-json\/wp\/v2\/product\/47624","targetHints":{"allow":["GET"]}}],"collection":[{"href":"https:\/\/micronordic.com\/fi\/wp-json\/wp\/v2\/product"}],"about":[{"href":"https:\/\/micronordic.com\/fi\/wp-json\/wp\/v2\/types\/product"}],"author":[{"embeddable":true,"href":"https:\/\/micronordic.com\/fi\/wp-json\/wp\/v2\/users\/24"}],"version-history":[{"count":2,"href":"https:\/\/micronordic.com\/fi\/wp-json\/wp\/v2\/product\/47624\/revisions"}],"predecessor-version":[{"id":97942,"href":"https:\/\/micronordic.com\/fi\/wp-json\/wp\/v2\/product\/47624\/revisions\/97942"}],"wp:featuredmedia":[{"embeddable":true,"href":"https:\/\/micronordic.com\/fi\/wp-json\/wp\/v2\/media\/100043"}],"wp:attachment":[{"href":"https:\/\/micronordic.com\/fi\/wp-json\/wp\/v2\/media?parent=47624"}],"wp:term":[{"taxonomy":"product-condition","embeddable":true,"href":"https:\/\/micronordic.com\/fi\/wp-json\/wp\/v2\/product-condition?post=47624"},{"taxonomy":"product_brand","embeddable":true,"href":"https:\/\/micronordic.com\/fi\/wp-json\/wp\/v2\/product_brand?post=47624"},{"taxonomy":"product_cat","embeddable":true,"href":"https:\/\/micronordic.com\/fi\/wp-json\/wp\/v2\/product_cat?post=47624"},{"taxonomy":"product_tag","embeddable":true,"href":"https:\/\/micronordic.com\/fi\/wp-json\/wp\/v2\/product_tag?post=47624"}],"curies":[{"name":"wp","href":"https:\/\/api.w.org\/{rel}","templated":true}]}}