{"id":47622,"date":"2023-03-01T09:30:14","date_gmt":"2023-03-01T08:30:14","guid":{"rendered":"https:\/\/micronordic.com\/product\/honeywell-ck65-mobile-handheld-computer-kunnostettu\/"},"modified":"2025-11-17T12:10:11","modified_gmt":"2025-11-17T11:10:11","slug":"honeywell-ck65-mobile-handheld-computer-refurbished","status":"publish","type":"product","link":"https:\/\/micronordic.com\/fi\/product\/honeywell-ck65-mobile-handheld-computer-refurbished\/","title":{"rendered":"Honeywell CK65 Handheld Mobile Computer (EX-DEMO)"},"content":{"rendered":"<?xml encoding=\"utf-8\" ?><h2 data-start=\"573\" data-end=\"617\">Honeywell CK65 Handheld Mobile Computer<\/h2><p data-start=\"619\" data-end=\"1092\"><strong data-start=\"623\" data-end=\"666\">Honeywell CK65 Handheld Mobile Computer on<\/strong> suunniteltu maksimoimaan ty&ouml;voiman tuottavuus ja laitteen pitk&auml;ik&auml;isyys vaativissa teollisuusymp&auml;rist&ouml;iss&auml;. CK65 tarjoaa kehittynytt&auml; tiedonkeruuta, rugged kest&auml;vyytt&auml; ja joustavaa liitett&auml;vyytt&auml;, joten se sopii erinomaisesti varastoihin, tuotantolaitoksiin, logistiikkakeskuksiin ja jakelukeskuksiin. <\/p><p>Saatavana sek&auml; <strong data-start=\"964\" data-end=\"975\">EX-DEMO- ett&auml;<\/strong> <strong data-start=\"980\" data-end=\"994\">NEW IN BOX<\/strong>-versiona <strong data-start=\"980\" data-end=\"994\">,<\/strong> ja se antaa yrityksille mahdollisuuden valita kustannustehokkuuden ja upouuden, tehtaalla sinet&ouml;idyn laitteiston v&auml;lill&auml;. Ex-Demo -yksik&ouml;iss&auml; on <strong>12 kuukauden takuu,<\/strong> kun taas <strong data-start=\"52\" data-end=\"83\">tehdasuusien rugged skannerit toimitetaan<\/strong> <strong data-start=\"104\" data-end=\"132\">vakiotakuulla 2 vuotta, mik&auml; takaa luotettavan<\/strong> mielenrauhan. <\/p><h2 data-start=\"1094\" data-end=\"1133\">Honeywell CK65:n t&auml;rkeimm&auml;t ominaisuudet<\/h2><ul data-start=\"1135\" data-end=\"2270\">\n<li data-start=\"1135\" data-end=\"1277\">\n<p data-start=\"1137\" data-end=\"1277\"><strong data-start=\"1137\" data-end=\"1158\">Rugged kest&auml;vyys &ndash;<\/strong> MIL-STD-810G-sertifioitu IP65- ja IP68-luokituksilla; pudotuskest&auml;vyys 3 metrin korkeuteen ja jopa 3 000 kertaa testattu.<\/p>\n<\/li>\n<li data-start=\"1278\" data-end=\"1362\">\n<p data-start=\"1280\" data-end=\"1362\"><strong data-start=\"1280\" data-end=\"1291\">N&auml;ytt&ouml; &ndash;<\/strong> 4 tuuman WVGA-monikosketusn&auml;ytt&ouml;, auringonvalossa luettava ja k&auml;sineyst&auml;v&auml;llinen.<\/p>\n<\/li>\n<li data-start=\"1363\" data-end=\"1466\">\n<p data-start=\"1365\" data-end=\"1466\"><strong data-start=\"1365\" data-end=\"1385\">Suoritusteho &ndash;<\/strong> Qualcomm&reg; SD660 -oktaydinprosessori, 2,2 GHz, pitk&auml;aikainen Android-tuki.<\/p>\n<\/li>\n<li data-start=\"1467\" data-end=\"1577\">\n<p data-start=\"1469\" data-end=\"1577\"><strong data-start=\"1469\" data-end=\"1489\">K&auml;ytt&ouml;j&auml;rjestelm&auml; &ndash;<\/strong> Android 9, p&auml;ivitett&auml;viss&auml; Android 13 -k&auml;ytt&ouml;j&auml;rjestelm&auml;&auml;n Honeywellin Mobility Edge&trade; -alustalla.<\/p>\n<\/li>\n<li data-start=\"1578\" data-end=\"1619\">\n<p data-start=\"1580\" data-end=\"1619\"><strong data-start=\"1580\" data-end=\"1590\">Muisti &ndash;<\/strong> 3 Gt \/ 4 Gt RAM-muistia.<\/p>\n<\/li>\n<li data-start=\"1620\" data-end=\"1702\">\n<p data-start=\"1622\" data-end=\"1702\"><strong data-start=\"1622\" data-end=\"1633\">Tallennustila &ndash;<\/strong> 32 Gt \/ 64 Gt flash-tallennustila ja microSD-muistikortin laajennus 512 Gt:iin asti.<\/p>\n<\/li>\n<li data-start=\"1703\" data-end=\"1805\">\n<p data-start=\"1705\" data-end=\"1805\"><strong data-start=\"1705\" data-end=\"1725\">Skannausvaihtoehdot &ndash;<\/strong> Valittavana on N6703, N6803FR, EX20 l&auml;hi-\/kaukokuvauslaite 1D\/2D-viivakoodien skannaukseen.<\/p>\n<\/li>\n<li data-start=\"1806\" data-end=\"1885\">\n<p data-start=\"1808\" data-end=\"1885\"><strong data-start=\"1808\" data-end=\"1824\">Liitett&auml;vyys &ndash;<\/strong> Wi-Fi 802.11 a\/b\/g\/n\/ac, Bluetooth 5.0, valinnainen 4G LTE.<\/p>\n<\/li>\n<li data-start=\"1886\" data-end=\"1962\">\n<p data-start=\"1888\" data-end=\"1962\"><strong data-start=\"1888\" data-end=\"1899\">Akku &ndash;<\/strong> &Auml;lyk&auml;s 7 000 mAh:n Li-Ion-akku, jonka k&auml;ytt&ouml;aika on jopa 28 tuntia.<\/p>\n<\/li>\n<li data-start=\"1963\" data-end=\"2072\">\n<p data-start=\"1965\" data-end=\"2072\"><strong data-start=\"1965\" data-end=\"1977\">Tietoturva &ndash;<\/strong> integroitu Honeywellin yritystason tietoturvaan ja korjauksiin Mobility Edge&trade;:n kautta.<\/p>\n<\/li>\n<li data-start=\"2073\" data-end=\"2162\">\n<p data-start=\"2075\" data-end=\"2162\"><strong data-start=\"2075\" data-end=\"2090\">Muotoilutekij&auml; &ndash;<\/strong> Ergonominen pistoolikahvavaihtoehto on saatavana laajoja skannausteht&auml;vi&auml; varten.<\/p>\n<\/li>\n<li data-start=\"2163\" data-end=\"2270\">\n<p data-start=\"2165\" data-end=\"2270\"><strong data-start=\"2165\" data-end=\"2181\">Saatavuus &ndash;<\/strong> Tarjolla <strong data-start=\"2195\" data-end=\"2206\">EX-DEMO<\/strong> (kevyesti k&auml;ytetyt esittelykappaleet) tai UUSI <strong data-start=\"2236\" data-end=\"2250\">LAATIKOSSA (tehdassinet&ouml;ity<\/strong> ).<\/p>\n<\/li>\n<\/ul><h2 data-start=\"2272\" data-end=\"2311\">Honeywell CK65:n t&auml;rkeimm&auml;t edut<\/h2><h3 data-start=\"2313\" data-end=\"2337\">Rugged luotettavuus<\/h3><p data-start=\"2338\" data-end=\"2554\">IP65\/IP68-luokitusten ja jopa 3 metrin pudotuskest&auml;vyyden ansiosta CK65 kest&auml;&auml; vaativimmatkin olosuhteet. Sen rugged rakenne takaa tasaisen suorituskyvyn kylm&auml;varastoissa, p&ouml;lyisiss&auml; varastoissa ja vilkkailla tehdasalueilla. <\/p><h3 data-start=\"2556\" data-end=\"2590\">Tulevaisuuden kest&auml;v&auml; Android-tuki<\/h3><p data-start=\"2591\" data-end=\"2799\">CK65 on osa Honeywellin Mobility Edge&trade; -alustaa, joka tarjoaa taatut Android-p&auml;ivitykset versioon 13 asti. T&auml;m&auml; suojaa investointisi ja varmistaa yhteensopivuuden tulevien yrityssovellusten kanssa. <\/p><h3 data-start=\"2801\" data-end=\"2828\">Pidennetty akun k&auml;ytt&ouml;ik&auml;<\/h3><p data-start=\"2829\" data-end=\"2990\">Tehokas 7 000 mAh:n akku tarjoaa jopa 28 tunnin k&auml;ytt&ouml;ajan, mik&auml; mahdollistaa todellisen monivuoroty&ouml;skentelyn. Kuumavaihdettavat akkuvaihtoehdot v&auml;hent&auml;v&auml;t seisokkiaikoja entisest&auml;&auml;n. <\/p><h3 data-start=\"2992\" data-end=\"3023\">Korkean suorituskyvyn skannaus<\/h3><p data-start=\"3024\" data-end=\"3183\">Useiden skannausmoottorivaihtoehtojen ansiosta CK65 pystyy lukemaan viivakoodeja haastavissa olosuhteissa, kuten vaurioituneissa etiketeiss&auml; tai suurten varastojen pitk&auml;n kantaman skannauksessa.<\/p><h3 data-start=\"3185\" data-end=\"3219\">Joustavat hankintavaihtoehdot<\/h3><p data-start=\"3220\" data-end=\"3489\">Yritykset voivat valita kustannustehokkaista <strong data-start=\"3266\" data-end=\"3283\">EX-DEMO-yksik&ouml;ist&auml;,<\/strong> jotka ovat kevyesti k&auml;siteltyj&auml; esittelylaitteita, ja NEW IN <strong data-start=\"3329\" data-end=\"3349\">BOX -yksik&ouml;ist&auml;, jotka ovat<\/strong> tehtaalla sinet&ouml;ityj&auml; ja k&auml;ytt&auml;m&auml;tt&ouml;mi&auml;. N&auml;in yritykset voivat sovittaa budjetin toiminnallisiin tarpeisiin laadusta tinkim&auml;tt&auml;. <\/p><h2 data-start=\"3491\" data-end=\"3530\">Honeywell CK65:n ihanteelliset k&auml;ytt&ouml;tapaukset<\/h2><ul data-start=\"3532\" data-end=\"4016\">\n<li data-start=\"3532\" data-end=\"3641\">\n<p data-start=\"3534\" data-end=\"3641\"><strong data-start=\"3534\" data-end=\"3566\">Varastointi ja jakelu &ndash;<\/strong> Luotettava skannaus ja tiedonsaanti vaativissa logistiikkaymp&auml;rist&ouml;iss&auml;.<\/p>\n<\/li>\n<li data-start=\"3642\" data-end=\"3728\">\n<p data-start=\"3644\" data-end=\"3728\"><strong data-start=\"3644\" data-end=\"3661\">Valmistus &ndash;<\/strong> Rakennettu kest&auml;m&auml;&auml;n t&auml;rin&auml;&auml;, p&ouml;ly&auml; ja teollisuusolosuhteita.<\/p>\n<\/li>\n<li data-start=\"3729\" data-end=\"3828\">\n<p data-start=\"3731\" data-end=\"3828\"><strong data-start=\"3731\" data-end=\"3772\">Kylm&auml;varasto- ja pakastinymp&auml;rist&ouml;t &ndash;<\/strong> Rugged rakenne tukee laajempia l&auml;mp&ouml;tila-alueita.<\/p>\n<\/li>\n<li data-start=\"3829\" data-end=\"3930\">\n<p data-start=\"3831\" data-end=\"3930\"><strong data-start=\"3831\" data-end=\"3862\">Kentt&auml;huolto ja logistiikka &ndash;<\/strong> Langaton yhteys ja pitk&auml; akun kesto liikkuville ty&ouml;ntekij&ouml;ille.<\/p>\n<\/li>\n<li data-start=\"3931\" data-end=\"4016\">\n<p data-start=\"3933\" data-end=\"4016\"><strong data-start=\"3933\" data-end=\"3963\">V&auml;hitt&auml;iskaupan takahuonetoiminnot &ndash;<\/strong> Tehokas viivakoodin skannaus ja varastonhallinta.<\/p>\n<\/li>\n<\/ul><h2 data-start=\"4018\" data-end=\"4071\">Tuotevertailut: Honeywell CK65 Vaihtoehdot<\/h2><p data-start=\"4073\" data-end=\"4177\">Muita Micro Nordicin tarjoamia tuotteita, jotka soveltuvat rugged kannettaviin laitteisiin, ovat mm. seuraavat:<\/p><ul data-start=\"4179\" data-end=\"4552\">\n<li data-start=\"4179\" data-end=\"4302\">\n<p data-start=\"4181\" data-end=\"4302\"><a href=\"https:\/\/micronordic.com\/product\/zebra-tc58-handheld-mobile-computer\/\"><strong data-start=\"4181\" data-end=\"4218\">Zebra TC58 Handheld Mobile Computer<\/strong><\/a> &ndash; Seuraavan sukupolven Android-k&auml;mmenlaite, jossa on 5G-yhteys kehittyneisiin ty&ouml;nkulkuihin.<\/p>\n<\/li>\n<li data-start=\"4303\" data-end=\"4434\">\n<p data-start=\"4305\" data-end=\"4434\"><a href=\"https:\/\/micronordic.com\/product\/honeywell-dolphin-ct40-mobile-handheld-computer\/\"><strong>Honeywell Dolphin CT40<\/strong><\/a> Monipuolinen rugged kannettava tietokone, jossa on Android-tuki ja kehittynyt tietoturva yrityksen liikkuvuutta varten.<\/p>\n<\/li>\n<li data-start=\"4435\" data-end=\"4552\">\n<p data-start=\"4437\" data-end=\"4552\"><a href=\"https:\/\/micronordic.com\/product\/zebra-mc9300-mobile-handheld-computer-refurbished\/\"><strong data-start=\"4437\" data-end=\"4478\">Zebra MC9300 rugged Handheld Mobile Computer<\/strong> <\/a>&ndash; Suurempi, eritt&auml;in rugged laite, joka on suunniteltu raskaaseen teollisuusk&auml;ytt&ouml;&ouml;n.<\/p>\n<\/li>\n<\/ul>\n","protected":false},"excerpt":{"rendered":"<p>VALITSE ALLA OLEVA VAIHTOEHTO! Soita meille, jos tarvitset apua oikean tuotevaihtoehdon l\u00f6yt\u00e4misess\u00e4. <\/p>\n<h3>Tekniset tiedot:<\/h3>\n<ul>\n<li><strong>N\u00e4ytt\u00f6:<\/strong> 4\u2033 WVGA (480\u00d7800), auringonvalossa luettava, k\u00e4sineyst\u00e4v\u00e4llinen kosketusn\u00e4ytt\u00f6.<\/li>\n<li><strong>Prosessori:<\/strong> Qualcomm\u00ae SD660, 2,2 GHz<\/li>\n<li><strong>Grafiikka:<\/strong> Adreno\u2122 512 GPU: Integroitu Adreno\u2122 512 GPU<\/li>\n<li><strong>Muisti:<\/strong> RAM-MUISTI: 3 GB \/ 4 GB<\/li>\n<li><strong>Varastointi:<\/strong> Gt \/ 64 Gt flash, microSD jopa 512 Gt:iin asti<\/li>\n<li><strong>Liitett\u00e4vyys:<\/strong> Wi-Fi 802.11 a\/b\/g\/n\/ac, Bluetooth 5.0, valinnainen 4G LTE.<\/li>\n<li><strong>Rugged sertifioinnit:<\/strong> 3 m pudotuskest\u00e4vyys, 3 000 pudotusta.<\/li>\n<li><strong>Skannausvaihtoehdot:<\/strong> N6703, N6803FR, EX20 1D\/2D-kuvauslaitteita: N6703, N6803FR, EX20 1D\/2D-kuvauslaitteita<\/li>\n<li><strong>Akku: 7000<\/strong> mAh Li-Ion, jopa 28 tuntia k\u00e4ytt\u00f6aikaa.<\/li>\n<li><strong>Mitat ja paino: 22,2<\/strong> \u00d7 8,3 \u00d7 4,2 cm, noin 584 g. <\/li>\n<li><strong><strong><strong>Takuu: <\/strong><\/strong><\/strong>Takuu: Saatavana EX-DEMO 12 kuukauden takuulla tai NEW IN BOX 2 vuoden takuulla.<\/li>\n<\/ul>\n<p><strong>Valitse oikea malli alla, ennen kuin lis\u00e4\u00e4t sen ostoskoriin.<\/strong><\/p>\n","protected":false},"author":24,"featured_media":100562,"template":"","meta":{"_acf_changed":false,"inline_featured_image":false},"product-condition":[5267],"product_brand":[8973],"product_cat":[5127,5130,5131],"product_tag":[],"class_list":{"0":"post-47622","1":"product","2":"type-product","3":"status-publish","4":"has-post-thumbnail","6":"product-condition-ex-demo","7":"product_brand-honeywell-intermec","8":"product_cat-honeywell-intermec","9":"product_cat-all-barcode-scanners","10":"product_cat-refurbished-rugged-hardware","11":"pa_model-part-number-ck65-l0n-amn210e","12":"pa_model-part-number-ck65-l0n-asn210e","13":"pa_model-part-number-ck65-l0n-b8c214e","14":"pa_model-part-number-ck65-l0n-bsc210e","15":"pa_model-part-number-ck65-l0n-cmn210e","16":"pa_model-part-number-ck65-l0n-dmc210e","17":"pa_model-part-number-ck65-l0n-e8c214e","19":"first","20":"instock","21":"taxable","22":"shipping-taxable","23":"purchasable","24":"product-type-variable","25":"has-default-attributes"},"acf":[],"_links":{"self":[{"href":"https:\/\/micronordic.com\/fi\/wp-json\/wp\/v2\/product\/47622","targetHints":{"allow":["GET"]}}],"collection":[{"href":"https:\/\/micronordic.com\/fi\/wp-json\/wp\/v2\/product"}],"about":[{"href":"https:\/\/micronordic.com\/fi\/wp-json\/wp\/v2\/types\/product"}],"author":[{"embeddable":true,"href":"https:\/\/micronordic.com\/fi\/wp-json\/wp\/v2\/users\/24"}],"version-history":[{"count":3,"href":"https:\/\/micronordic.com\/fi\/wp-json\/wp\/v2\/product\/47622\/revisions"}],"predecessor-version":[{"id":98075,"href":"https:\/\/micronordic.com\/fi\/wp-json\/wp\/v2\/product\/47622\/revisions\/98075"}],"wp:featuredmedia":[{"embeddable":true,"href":"https:\/\/micronordic.com\/fi\/wp-json\/wp\/v2\/media\/100562"}],"wp:attachment":[{"href":"https:\/\/micronordic.com\/fi\/wp-json\/wp\/v2\/media?parent=47622"}],"wp:term":[{"taxonomy":"product-condition","embeddable":true,"href":"https:\/\/micronordic.com\/fi\/wp-json\/wp\/v2\/product-condition?post=47622"},{"taxonomy":"product_brand","embeddable":true,"href":"https:\/\/micronordic.com\/fi\/wp-json\/wp\/v2\/product_brand?post=47622"},{"taxonomy":"product_cat","embeddable":true,"href":"https:\/\/micronordic.com\/fi\/wp-json\/wp\/v2\/product_cat?post=47622"},{"taxonomy":"product_tag","embeddable":true,"href":"https:\/\/micronordic.com\/fi\/wp-json\/wp\/v2\/product_tag?post=47622"}],"curies":[{"name":"wp","href":"https:\/\/api.w.org\/{rel}","templated":true}]}}